{"id":3651,"date":"2023-01-12T23:55:15","date_gmt":"2023-01-12T20:55:15","guid":{"rendered":"https:\/\/rocketplay-new.com\/live-dealer\/roulette\/"},"modified":"2025-11-25T23:27:23","modified_gmt":"2025-11-25T20:27:23","slug":"roulette","status":"publish","type":"page","link":"https:\/\/rocketplay-new.com\/ga\/live-dealer\/roulette\/","title":{"rendered":"Roulette d\u00e9ile\u00e1la\u00ed beo Ag Rocket Play Review"},"content":{"rendered":"<p>Is \u00e9 an bunt\u00e1iste r\u00edth\u00e1bhachtach de Live Dealer Roulette an cumas a fh\u00e1il amach conas a imirt fionnuar agus t\u00fas a dh\u00e9anamh airgead go tapa. I bhformh\u00f3r na gc\u00e1sanna, t\u00e1 spraoi agus suimi\u00fail ag imirt le d\u00e9ile\u00e1la\u00ed beo. Is bre\u00e1 le himreoir\u00ed spraoi a bheith acu agus ceisteanna a chur a bhfuil an fhoireann s\u00e1sta a fhreagairt. D\u00e9an iarracht t\u00fas a chur leis, agus t\u00e1 t\u00fa cinnte go mbainfidh t\u00fa taitneamh as.<\/p>\n<p><span style=\"font-weight: 400;\">\u00a0<div class=\"go-btn-container\"><div class=\"tosh-btn\"><a href=\"\/go-casino\/\" target=\"_blank\" rel=\"noopener\">IMIR ANOIS<\/a><\/div><\/div> <\/span><\/p>\n<h2>CONAS ROULETTE D\u00e9ile\u00e1la\u00ed BEO A Seinn AR L\u00cdNE<\/h2>\n<p>Chun Roulette Beo Dealer a thos\u00fa is f\u00e9idir le casinos ar l\u00edne spraoi a bheith agat tar \u00e9is cuntas pearsanta a chruth\u00fa:<\/p>\n<ol>\n<li>L\u00edon isteach faisn\u00e9is phearsanta agus pr\u00f3if\u00edl \u00e1 cruth\u00fa ar an bpr\u00edomhleathanach. Cuimhnigh gur f\u00e9idir na sonra\u00ed a iontr\u00e1ladh a \u00fas\u00e1id n\u00edos d\u00e9ana\u00ed don n\u00f3s imeachta f\u00edoraithe cuntais.<\/li>\n<li>Tar \u00e9is sin, taisce ar bhealach ar bith \u00e1isi\u00fail duit. Is f\u00e9idir leat c\u00f3rais \u00edoca\u00edochta clasaiceacha n\u00f3 bainc\u00e9ireacht agus cryptocurrencies a \u00fas\u00e1id chun d\u2019iarmh\u00e9id a mh\u00e9ad\u00fa go tapa.<\/li>\n<li>T\u00e9igh chuig catal\u00f3g na gcluich\u00ed agus roghnaigh roghanna beo. Suigh s\u00edos ag an mbord agus a fh\u00e1il r\u00e9idh le haghaidh an dra\u00edocht a bhuaigh.<\/li>\n<\/ol>\n<p>Ba cheart duit dul tr\u00edd an n\u00f3s imeachta breise chun do chuntas a fh\u00edor\u00fa. Cabhr\u00f3idh s\u00e9 seo leat do uasteorainneacha geallt\u00f3ireachta a mh\u00e9ad\u00fa agus \u00fas\u00e1id a bhaint as taisc\u00ed agus aistarraingt\u00ed \u00f3 do chuntas gan aon fhadhbanna. D\u00e9an iarracht leas a bhaint as na bunt\u00e1ist\u00ed uile a bhaineann le cearrbhachas ar l\u00edne.<\/p>\n<p><img loading=\"lazy\" decoding=\"async\" class=\"aligncenter wp-image-4836\" src=\"https:\/\/rocketplay-new.com\/wp-content\/uploads\/2024\/02\/6666.png\" alt=\"Roulette live dealer Rocket Play\" width=\"800\" height=\"455\" srcset=\"https:\/\/rocketplay-new.com\/wp-content\/uploads\/2024\/02\/6666.png 1442w, https:\/\/rocketplay-new.com\/wp-content\/uploads\/2024\/02\/6666-300x171.png 300w, https:\/\/rocketplay-new.com\/wp-content\/uploads\/2024\/02\/6666-1024x583.png 1024w, https:\/\/rocketplay-new.com\/wp-content\/uploads\/2024\/02\/6666-768x437.png 768w\" sizes=\"auto, (max-width: 800px) 100vw, 800px\" \/><\/p>\n<h2>ATHRUITHE DE R\u00d3L\u00c9IR\u00cd BEO<\/h2>\n<p>Is \u00e9 an ch\u00e9ad rud a imirt Roulette ar l\u00edne Beo Dealer a imirt ar an leagan clasaiceach gan rialacha breise. Cabhr\u00f3idh s\u00e9 seo leat an cluiche a thuiscint agus na ch\u00e9ad geallta a dh\u00e9anamh. Tar \u00e9is sin, is f\u00e9idir leat dul ar aghaidh go dt\u00ed \u00e9ags\u00falachta\u00ed n\u00edos casta agus teaglaim spreag\u00fail. Bain triail as na h\u00e9ags\u00falachta\u00ed \u00e9ags\u00fala ar an bpr\u00edomhleathanach cuardaigh.<\/p>\n<p><span style=\"font-weight: 400;\">\u00a0<div class=\"go-btn-container\"><div class=\"tosh-btn\"><a href=\"\/go-casino\/\" target=\"_blank\" rel=\"noopener\">IMIR ANOIS<\/a><\/div><\/div> <\/span><\/p>\n<h2>CONAS A DH\u00c9ANAMH ROULETTE D\u00e9ile\u00e1la\u00ed BEO I gC\u00d3MHAIREACHT LE CLUICH\u00cd EILE<\/h2>\n<p>Don chuid is m\u00f3, is deis uath\u00fail \u00e9 Live Dealer Roulette Australia spraoi a bheith agat le haghaidh gach bua. N\u00ed hamh\u00e1in go mbuaileann t\u00fa agus go m\u00e9ada\u00edonn t\u00fa d\u2019iarmh\u00e9id, ach faigheann t\u00fa brag\u00e1il freisin faoi do chuid buaite le h\u00fas\u00e1ideoir\u00ed eile. Feiceann gach duine i seisi\u00fan gn\u00edomhach an chluiche do chuid \u00e9achta\u00ed, rud a chialla\u00edonn go bhfuil s\u00e9 i bhfad n\u00edos m\u00f3 spraoi agus suimi\u00fail a imirt.<\/p>\n<h2>CINE\u00c1LACHA Geallta Roulette BEO AR L\u00cdNE<\/h2>\n<p>N\u00edos minice n\u00e1 a mhalairt, stopann \u00fas\u00e1ideoir\u00ed ag geallta rialta. Ach is f\u00e9idir le saineolaithe leideanna Live Dealer Roulette a thabhairt:<\/p>\n<ul>\n<li>d\u00e9an iarracht an t-iarmh\u00e9id a roinnt agus gan n\u00edos m\u00f3 n\u00e1 an ch\u00e9ad\u00fa cuid den chaipiteal a \u00fas\u00e1id ag an am;<\/li>\n<li>oibri\u00fa le do mhoth\u00fach\u00e1in agus d\u00e9an iarracht gan ach na geallta a theasta\u00edonn uait a dh\u00e9anamh faoi l\u00e1thair;<\/li>\n<li>bain \u00fas\u00e1id as an modh taispe\u00e1na agus bain triail as strait\u00e9is\u00ed \u00e9ags\u00fala.<\/li>\n<\/ul>\n<p>Cabhr\u00f3idh s\u00e9 seo go l\u00e9ir leat do thortha\u00ed a fheabhs\u00fa le linn an chluiche agus taitneamh a bhaint as am iontach. Bain triail as anois, agus t\u00e1 t\u00fa cinnte a bhuachan sa deireadh.<\/p>\n<p><img loading=\"lazy\" decoding=\"async\" class=\"aligncenter wp-image-4846\" src=\"https:\/\/rocketplay-new.com\/wp-content\/uploads\/2024\/02\/2223232-1.png\" alt=\"Roulette live dealer Rocket Play 2\" width=\"800\" height=\"448\" srcset=\"https:\/\/rocketplay-new.com\/wp-content\/uploads\/2024\/02\/2223232-1.png 1183w, https:\/\/rocketplay-new.com\/wp-content\/uploads\/2024\/02\/2223232-1-300x168.png 300w, https:\/\/rocketplay-new.com\/wp-content\/uploads\/2024\/02\/2223232-1-1024x573.png 1024w, https:\/\/rocketplay-new.com\/wp-content\/uploads\/2024\/02\/2223232-1-768x430.png 768w\" sizes=\"auto, (max-width: 800px) 100vw, 800px\" \/><\/p>\n<h2>CC<\/h2>\n<p>Go h\u00e1irithe d\u00e1r n-\u00fas\u00e1ideoir\u00ed, t\u00e1 bonn beag faisn\u00e9ise cabhrach bailithe againn. F\u00e9ach ar na freagra\u00ed ar cheisteanna coitianta \u00f3 thosaitheoir\u00ed ionas nach nd\u00e9anann t\u00fa bot\u00fain clasaiceacha agus an t-uasmh\u00e9id a thuilleamh go tapa.<\/p>\n<h3>CAD IAD NA BUNT\u00c1IST\u00cd A BHAINEANN AG SIAR LE D\u00cdOL\u00d3IR BEO?<\/h3>\n<p>Is \u00e9 an bunt\u00e1iste is m\u00f3 a bhaineann le Beo Dealer Roulette n\u00e1 an cumas \u00e9 a fh\u00e1il go tapa agus t\u00fas a chur le f\u00edor-airgead a thuilleamh. Is f\u00e9idir le tosaitheoir\u00ed fi\u00fa na teaglama\u00ed cearta d\u00e1 gcuid gn\u00edomhartha a oibri\u00fa amach le cabhair \u00f3 rialacha simpl\u00ed agus oili\u00faint leis an d\u00e9ile\u00e1la\u00ed. Is minic a bh\u00edonn an ch\u00e9ad geall \u00e9asca a dh\u00e9anamh, ach is deacair an ceann a ligfidh duit milli\u00fan a thuilleamh.<\/p>\n<h3>AN BHFUIL S\u00c9 FH\u00c1THAR TOS\u00da AG SIOMAIR LE BHUIS\u00c9AD \u00cdOSTA?<\/h3>\n<p>Sea, fi\u00fa le beag\u00e1n airgid, is f\u00e9idir leat a bhuachan go tapa. T\u00e1 s\u00e9 ar fad a bhu\u00edochas leis an gcumas aon geall a dh\u00fabailt, rud a fh\u00e1gann go dtiocfaidh f\u00e1s tapa caipitil. Beidh t\u00fa in ann strait\u00e9is a roghn\u00fa a oireann duit f\u00e9in agus n\u00edos m\u00f3 airgid a fh\u00e1il go tapa.<\/p>\n<h3>AN F\u00c9IDIR LIOM TACTIC\u00cd NEAMHGHN\u00c1THACHA A \u00daS\u00c1ID?<\/h3>\n<p>Is f\u00e9idir le haon imreoir strait\u00e9is\u00ed uath\u00fala a \u00fas\u00e1id i Live Dealer Roulette ar l\u00edne chun n\u00edos m\u00f3 airgid a fh\u00e1il. Ag an am c\u00e9anna, n\u00edor ch\u00f3ir iad a bheith bunaithe ar cheating, mar sin imirt go c\u00faramach agus i gceart. Is f\u00e9idir leat tactics pearsanta a fhorbairt i m\u00f3d taispe\u00e1na speisialta gan d\u00e9ile\u00e1la\u00ed, a ligfidh duit foghlaim agus, sa todhcha\u00ed, a thuilleamh.<\/p>\n","protected":false},"excerpt":{"rendered":"<p>Is \u00e9 an bunt\u00e1iste r\u00edth\u00e1bhachtach de Live Dealer Roulette an cumas a fh\u00e1il amach conas a imirt fionnuar agus t\u00fas a dh\u00e9anamh airgead go tapa. I bhformh\u00f3r na gc\u00e1sanna, t\u00e1 spraoi agus suimi\u00fail ag imirt le d\u00e9ile\u00e1la\u00ed beo. Is bre\u00e1 le himreoir\u00ed spraoi a bheith acu agus ceisteanna a chur a bhfuil an fhoireann s\u00e1sta&#8230;<\/p>\n","protected":false},"author":1,"featured_media":0,"parent":3436,"menu_order":0,"comment_status":"closed","ping_status":"closed","template":"","meta":{"_acf_changed":false,"_kad_post_transparent":"default","_kad_post_title":"default","_kad_post_layout":"default","_kad_post_sidebar_id":"","_kad_post_content_style":"default","_kad_post_vertical_padding":"default","_kad_post_feature":"","_kad_post_feature_position":"","_kad_post_header":false,"_kad_post_footer":false,"footnotes":""},"class_list":["post-3651","page","type-page","status-publish","hentry"],"acf":[],"rttpg_featured_image_url":null,"rttpg_author":{"display_name":"John","author_link":"https:\/\/rocketplay-new.com\/ga\/author\/pemvas95n89x\/"},"rttpg_comment":0,"rttpg_category":null,"rttpg_excerpt":"Is \u00e9 an bunt\u00e1iste r\u00edth\u00e1bhachtach de Live Dealer Roulette an cumas a fh\u00e1il amach conas a imirt fionnuar agus t\u00fas a dh\u00e9anamh airgead go tapa. I bhformh\u00f3r na gc\u00e1sanna, t\u00e1 spraoi agus suimi\u00fail ag imirt le d\u00e9ile\u00e1la\u00ed beo. Is bre\u00e1 le himreoir\u00ed spraoi a bheith acu agus ceisteanna a chur a bhfuil an fhoireann s\u00e1sta...","_links":{"self":[{"href":"https:\/\/rocketplay-new.com\/ga\/wp-json\/wp\/v2\/pages\/3651","targetHints":{"allow":["GET"]}}],"collection":[{"href":"https:\/\/rocketplay-new.com\/ga\/wp-json\/wp\/v2\/pages"}],"about":[{"href":"https:\/\/rocketplay-new.com\/ga\/wp-json\/wp\/v2\/types\/page"}],"author":[{"embeddable":true,"href":"https:\/\/rocketplay-new.com\/ga\/wp-json\/wp\/v2\/users\/1"}],"replies":[{"embeddable":true,"href":"https:\/\/rocketplay-new.com\/ga\/wp-json\/wp\/v2\/comments?post=3651"}],"version-history":[{"count":4,"href":"https:\/\/rocketplay-new.com\/ga\/wp-json\/wp\/v2\/pages\/3651\/revisions"}],"predecessor-version":[{"id":5818,"href":"https:\/\/rocketplay-new.com\/ga\/wp-json\/wp\/v2\/pages\/3651\/revisions\/5818"}],"up":[{"embeddable":true,"href":"https:\/\/rocketplay-new.com\/ga\/wp-json\/wp\/v2\/pages\/3436"}],"wp:attachment":[{"href":"https:\/\/rocketplay-new.com\/ga\/wp-json\/wp\/v2\/media?parent=3651"}],"curies":[{"name":"wp","href":"https:\/\/api.w.org\/{rel}","templated":true}]}}