{"id":3598,"date":"2023-01-12T22:24:23","date_gmt":"2023-01-12T19:24:23","guid":{"rendered":"https:\/\/rocketplay-new.com\/live-dealer\/baccarat\/"},"modified":"2025-04-02T22:14:19","modified_gmt":"2025-04-02T19:14:19","slug":"baccarat","status":"publish","type":"page","link":"https:\/\/rocketplay-new.com\/ga\/live-dealer\/baccarat\/","title":{"rendered":"D\u00e9ile\u00e1la\u00ed Beo Baccarat Ag Rocket Play Review"},"content":{"rendered":"<p>Is f\u00e9idir le gach imreoir triail a bhaint as Live Dealer Baccarat toisc go bhfuil s\u00e9 spraoi agus brab\u00fasach. A bhu\u00edochas leis an gcothroma\u00edocht foirfe, is f\u00e9idir leat triail a bhaint as na tactics go l\u00e9ir gan m\u00f3r\u00e1n airgid a chaitheamh. Bain triail as an cluiche, agus beidh t\u00fa s\u00e1sta leis na scileanna agus airgead at\u00e1 faighte agat.<\/p>\n<p><span style=\"font-weight: 400;\"><div class=\"go-btn-container\"><div class=\"tosh-btn\"><a href=\"\/go-casino\/\" target=\"_blank\" rel=\"noopener\">IMIR ANOIS<\/a><\/div><\/div> <\/span><\/p>\n<h2>TREOIR UM CHEARDL\u00daN\u00da BACCARAT BEO<\/h2>\n<p>Ceann de na bunt\u00e1ist\u00ed suntasacha a bhaineann le Baccarat Live Dealer ar l\u00edne n\u00e1 gur f\u00e9idir le tosaitheoir\u00ed fi\u00fa iarracht a dh\u00e9anamh imirt agus buachan. Tabharfaidh fi\u00fa buis\u00e9ad beag deis duit do scileanna a fheabhs\u00fa agus iarracht a dh\u00e9anamh ar strait\u00e9is\u00ed \u00e9ags\u00fala nach bhfuil ar f\u00e1il i gcluich\u00ed eile. Beidh t\u00fa in ann \u00fas\u00e1id a bhaint as tactics nua-aimseartha \u00fas\u00e1ideoir\u00ed eile chun do thortha\u00ed a fheabhs\u00fa.<\/p>\n<p><img loading=\"lazy\" decoding=\"async\" class=\"aligncenter wp-image-4894\" src=\"https:\/\/rocketplay-new.com\/wp-content\/uploads\/2024\/02\/7777.png\" alt=\"Live Dealer Baccarat Rocket Play\" width=\"800\" height=\"451\" srcset=\"https:\/\/rocketplay-new.com\/wp-content\/uploads\/2024\/02\/7777.png 1443w, https:\/\/rocketplay-new.com\/wp-content\/uploads\/2024\/02\/7777-300x169.png 300w, https:\/\/rocketplay-new.com\/wp-content\/uploads\/2024\/02\/7777-1024x577.png 1024w, https:\/\/rocketplay-new.com\/wp-content\/uploads\/2024\/02\/7777-768x433.png 768w\" sizes=\"auto, (max-width: 800px) 100vw, 800px\" \/><\/p>\n<p>Is minic a bhreathna\u00edonn t\u00fas an chluiche mar seo:<\/p>\n<ol>\n<li>T\u00e9ann t\u00fa chuig l\u00e1ithre\u00e1n gr\u00e9as\u00e1in oifigi\u00fail an cheasa\u00edneo agus comhl\u00e1na\u00edonn t\u00fa an cl\u00e1r\u00fa, ag sonr\u00fa sonra\u00ed pearsanta le haghaidh tuilleadh f\u00edoraithe.<\/li>\n<li>Ina dhiaidh sin, d\u00e9anann t\u00fa do chuntas a athl\u00e1n\u00fa go h\u00e1isi\u00fail agus t\u00e9igh chuig an gcatal\u00f3g siamsa\u00edochta. Roghnaigh an t\u00e1bla go c\u00faramach toisc go bhfuil siad difri\u00fail, n\u00ed hamh\u00e1in sa d\u00e9ile\u00e1la\u00ed ach freisin sna teorainneacha geallt\u00f3ireachta agus an l\u00edon uasta \u00fas\u00e1ideoir\u00ed.<\/li>\n<li>Cuir geall ar thoradh ar leith agus faigh luach do chuid airgid. Tabhair aird ar na c\u00e1rta\u00ed as a dtagann t\u00fa mar braitheann an duais deiridh air.<\/li>\n<\/ol>\n<p>N\u00e1 d\u00e9an dearmad d\u2019aitheantas a fh\u00edor\u00fa ionas nach mbeidh aon fadhbanna leis an tarraingt siar n\u00f3 leis an \u00e9arlais amach anseo.<\/p>\n<p><span style=\"font-weight: 400;\"><div class=\"go-btn-container\"><div class=\"tosh-btn\"><a href=\"\/go-casino\/\" target=\"_blank\" rel=\"noopener\">IMIR ANOIS<\/a><\/div><\/div> <\/span><\/p>\n<h2>NA ATHRUITHE BACCARAIT BEO DIFRI\u00daLA<\/h2>\n<p>Ar an l\u00e1ithre\u00e1n gr\u00e9as\u00e1in oifigi\u00fail, cuirtear casino ar l\u00edne Live Dealer Baccarat Astr\u00e1il i l\u00e1thair i roinnt leaganacha ionas gur f\u00e9idir leat an ceann is oiri\u00fana\u00ed a roghn\u00fa. D\u00e9an iarracht gameplay iontach agus cothroma\u00edocht a chomhcheangal i dt\u00e9arma\u00ed c\u00e1rta\u00ed ag titim. Tabharfaidh s\u00e9 seo deis duit do chluiche a thos\u00fa ar bhealach n\u00edos \u00e9ifeachta\u00ed agus n\u00edos m\u00f3 airgid a thuilleamh.<\/p>\n<p>Is f\u00e9idir leat triail a bhaint as leaganacha neamhghn\u00e1cha baccarat freisin chun do thortha\u00ed a fheabhs\u00fa. Ina measc seo t\u00e1 iad si\u00fad a bhfuil \u00edosmh\u00e9id c\u00e1rta\u00ed acu n\u00f3 buaiteanna a iolr\u00fa. Is f\u00e9idir leat b\u00f3nais a \u00fas\u00e1id freisin chun do sc\u00f3ir a fheabhs\u00fa le linn buaite.<\/p>\n<h2>LEIDEANNA MAIDIR LE D\u00e9ile\u00e1la\u00ed BEO Imeartha BACCARAT<\/h2>\n<p>T\u00e1 roinnt molta\u00ed r\u00edth\u00e1bhachtacha ann don Baccarat Dealer Beo ar l\u00edne is fearr a mbainfidh t\u00fa taitneamh as:<\/p>\n<ul>\n<li>faire ar do mhoth\u00fach\u00e1in agus n\u00e1 cuir geallta cont\u00fairteacha;<\/li>\n<li>aird n\u00edos m\u00f3 a thabhairt ar do chaipiteal ionas nach gcaillfidh t\u00fa an t-airgead go l\u00e9ir;<\/li>\n<li>lean an strait\u00e9is roghnaithe ionas nach mbeidh t\u00fa i do fhear caillte na himeartha.<\/li>\n<\/ul>\n<p>Caithfidh t\u00fa caitheamh le do chuid airgid chomh freagrach agus is f\u00e9idir agus \u00e9 a bhainisti\u00fa go h\u00e9ifeachtach. Is sa ch\u00e1s seo amh\u00e1in a bheidh t\u00fa in ann tortha\u00ed suntasacha a bhaint amach san am is giorra agus is f\u00e9idir agus do chuid buaite a ghlacadh. N\u00e1 d\u00e9an dearmad faoin modh taispe\u00e1na, a r\u00e1tha\u00edtear go mbainfidh t\u00fa le do thoil.<\/p>\n<p><img loading=\"lazy\" decoding=\"async\" class=\"aligncenter wp-image-4903\" src=\"https:\/\/rocketplay-new.com\/wp-content\/uploads\/2024\/02\/77777777777777.png\" alt=\"Live Dealer Baccarat Rocket Play 2\" width=\"800\" height=\"456\" srcset=\"https:\/\/rocketplay-new.com\/wp-content\/uploads\/2024\/02\/77777777777777.png 1193w, https:\/\/rocketplay-new.com\/wp-content\/uploads\/2024\/02\/77777777777777-300x171.png 300w, https:\/\/rocketplay-new.com\/wp-content\/uploads\/2024\/02\/77777777777777-1024x584.png 1024w, https:\/\/rocketplay-new.com\/wp-content\/uploads\/2024\/02\/77777777777777-768x438.png 768w\" sizes=\"auto, (max-width: 800px) 100vw, 800px\" \/><\/p>\n<h2>CC<\/h2>\n<p>Anseo, t\u00e1 bunachar sonra\u00ed beag curtha le ch\u00e9ile ag \u00e1r saineolaithe is fearr chun cabhr\u00fa le daoine nua a bheith ar an eolas faoi gach gn\u00e9 spreag\u00fail den chearrbhachas. D\u00e9an iarracht na freagra\u00ed ar cheisteanna coitianta a l\u00e9amh le tos\u00fa ag imirt go h\u00e9ifeachtach.<\/p>\n<h3>CAD IAD NA BUNT\u00c1IST\u00cd A BHEIDH AG SIAR LE D\u00cdOL\u00d3IR BEO I mBACARAT?<\/h3>\n<p>Is \u00e9 an bunt\u00e1iste r\u00edth\u00e1bhachtach a bhaineann le Live Dealer Baccarat n\u00e1 an \u00farnuacht lean\u00fanach agus an cumas cumars\u00e1id a dh\u00e9anamh leis an d\u00e9ile\u00e1la\u00ed. T\u00e1 seomra comhr\u00e1 beo ann freisin inar f\u00e9idir le h\u00fas\u00e1ideoir\u00ed ceisteanna a chur n\u00f3 tuairim\u00ed a mhalart\u00fa. Is bealach iontach \u00e9 chun am maith a bheith agat agus taitneamh a bhaint as cearrbhachas.<\/p>\n<h3>AN BHFUIL S\u00c9 FH\u00c1THAR TOS\u00da AG SIOMAIR LE BHUIS\u00c9AD \u00cdOSTA?<\/h3>\n<p>Fi\u00fa amh\u00e1in le beag\u00e1n airgid, is f\u00e9idir le tosaitheoir\u00ed a gcaipiteal a mh\u00e9ad\u00fa agus foghlaim go tapa conas teaglaim c\u00e1rta\u00ed a chur i gceart. Is leor na meicnic bhun\u00fasacha a thuiscint agus tactics nua a thriail le do l\u00e1mha f\u00e9in. A bhu\u00ed leis seo, n\u00ed bheidh aon stad \u00f3 bhaint amach na spriocanna.<\/p>\n<h3>C\u00c9 NA TACTICS IS F\u00c9IDIR A \u00daS\u00c1ID?<\/h3>\n<p>T\u00e1 gach strait\u00e9is f\u00e9ideartha ar f\u00e1il sa chluiche nach s\u00e1ra\u00edonn na rialacha. Sin \u00e9 an f\u00e1th go bhfuil s\u00e9 molta a l\u00e9amh go c\u00faramach an t-alt ioml\u00e1n s\u00e1ruithe agus rialach\u00e1in uath\u00fala a thugann an Casino. Sa ch\u00e1s seo, n\u00ed bheidh aon fhadhb agat ag lean\u00faint na rialacha go l\u00e9ir, agus beidh t\u00fa in ann do chuid tactics a fhorbairt go dt\u00ed an teorainn.<\/p>\n","protected":false},"excerpt":{"rendered":"<p>Is f\u00e9idir le gach imreoir triail a bhaint as Live Dealer Baccarat toisc go bhfuil s\u00e9 spraoi agus brab\u00fasach. A bhu\u00edochas leis an gcothroma\u00edocht foirfe, is f\u00e9idir leat triail a bhaint as na tactics go l\u00e9ir gan m\u00f3r\u00e1n airgid a chaitheamh. Bain triail as an cluiche, agus beidh t\u00fa s\u00e1sta leis na scileanna agus airgead&#8230;<\/p>\n","protected":false},"author":1,"featured_media":0,"parent":3436,"menu_order":0,"comment_status":"closed","ping_status":"closed","template":"","meta":{"_acf_changed":false,"_kad_post_transparent":"default","_kad_post_title":"default","_kad_post_layout":"default","_kad_post_sidebar_id":"","_kad_post_content_style":"default","_kad_post_vertical_padding":"default","_kad_post_feature":"","_kad_post_feature_position":"","_kad_post_header":false,"_kad_post_footer":false,"footnotes":""},"class_list":["post-3598","page","type-page","status-publish","hentry"],"acf":[],"rttpg_featured_image_url":null,"rttpg_author":{"display_name":"John","author_link":"https:\/\/rocketplay-new.com\/ga\/author\/pemvas95n89x\/"},"rttpg_comment":0,"rttpg_category":null,"rttpg_excerpt":"Is f\u00e9idir le gach imreoir triail a bhaint as Live Dealer Baccarat toisc go bhfuil s\u00e9 spraoi agus brab\u00fasach. A bhu\u00edochas leis an gcothroma\u00edocht foirfe, is f\u00e9idir leat triail a bhaint as na tactics go l\u00e9ir gan m\u00f3r\u00e1n airgid a chaitheamh. Bain triail as an cluiche, agus beidh t\u00fa s\u00e1sta leis na scileanna agus airgead...","_links":{"self":[{"href":"https:\/\/rocketplay-new.com\/ga\/wp-json\/wp\/v2\/pages\/3598","targetHints":{"allow":["GET"]}}],"collection":[{"href":"https:\/\/rocketplay-new.com\/ga\/wp-json\/wp\/v2\/pages"}],"about":[{"href":"https:\/\/rocketplay-new.com\/ga\/wp-json\/wp\/v2\/types\/page"}],"author":[{"embeddable":true,"href":"https:\/\/rocketplay-new.com\/ga\/wp-json\/wp\/v2\/users\/1"}],"replies":[{"embeddable":true,"href":"https:\/\/rocketplay-new.com\/ga\/wp-json\/wp\/v2\/comments?post=3598"}],"version-history":[{"count":4,"href":"https:\/\/rocketplay-new.com\/ga\/wp-json\/wp\/v2\/pages\/3598\/revisions"}],"predecessor-version":[{"id":5792,"href":"https:\/\/rocketplay-new.com\/ga\/wp-json\/wp\/v2\/pages\/3598\/revisions\/5792"}],"up":[{"embeddable":true,"href":"https:\/\/rocketplay-new.com\/ga\/wp-json\/wp\/v2\/pages\/3436"}],"wp:attachment":[{"href":"https:\/\/rocketplay-new.com\/ga\/wp-json\/wp\/v2\/media?parent=3598"}],"curies":[{"name":"wp","href":"https:\/\/api.w.org\/{rel}","templated":true}]}}