{"id":3543,"date":"2023-01-12T14:36:58","date_gmt":"2023-01-12T11:36:58","guid":{"rendered":"https:\/\/rocketplay-new.com\/live-dealer\/poker\/"},"modified":"2025-04-03T20:11:12","modified_gmt":"2025-04-03T17:11:12","slug":"poker","status":"publish","type":"page","link":"https:\/\/rocketplay-new.com\/ga\/live-dealer\/poker\/","title":{"rendered":"Beo-D\u00e9ile\u00e1la\u00ed-Poker i Roic\u00e9ad Imirt i T\u00e1st\u00e1il"},"content":{"rendered":"<p>Is f\u00e9idir le haon \u00fas\u00e1ideoir at\u00e1 cl\u00e1raithe ag an gceasa\u00edneo tos\u00fa ag spraoi ag an d\u00e9ile\u00e1la\u00ed beo Poker. Is caitheamh aimsire spra\u00ed\u00fail \u00e9 seo ar f\u00e9idir le gach duine \u00edoc as. Beidh deis agat freisin suim mh\u00f3r a bhuachan a bhu\u00edochas leis an oili\u00faint a fuarthas i m\u00f3d taispe\u00e1na. Bain triail as do l\u00e1mh ceart anois, agus beidh muid ag insint duit faoi na bunt\u00e1ist\u00ed a bhaineann le imirt ag an Casino.<\/p>\n<p><span style=\"font-weight: 400;\"><div class=\"go-btn-container\"><div class=\"tosh-btn\"><a href=\"\/go-casino\/\" target=\"_blank\" rel=\"noopener\">\u049a\u0410\u0417\u0406\u0420 \u041e\u0419\u041d\u0410\u0423<\/a><\/div><\/div><\/span><\/p>\n<h2>NA CLUICH\u00cd P\u00d3cair is Fearr BEO<\/h2>\n<p>Is \u00e9 an bealach is fearr chun l\u00e1ithre\u00e1in poker d\u00e9ile\u00e1la\u00ed beo a imirt sa Casino oifigi\u00fail. Tabharfaidh s\u00e9 seo deis duit do chuid buaite a r\u00e1th\u00fa agus gan a bheith gafa ag cheaters. Bain triail as \u00e9ags\u00falachta\u00ed cluiche \u00e9ags\u00fala, lena n-\u00e1ir\u00edtear roulette, blackjack, agus baccarat.<\/p>\n<h2>CAD \u00c9 POKER?<\/h2>\n<p>Is cluiche c\u00e1rta\u00ed \u00e9 poker a bhfuil deis ann airgead a ghealladh agus a bhuachan. I nd\u00e9ile\u00e1la\u00ed beo Poker ar l\u00edne, n\u00ed m\u00f3r duit do ch\u00e1rta\u00ed agus c\u00e1rta\u00ed an d\u00e9ile\u00e1la\u00ed a chomhcheangal. D\u00e9an iarracht go leor \u00fas\u00e1ideoir\u00ed a bhualadh agus na duaiseanna go l\u00e9ir a ghlacadh go pearsanta.<\/p>\n<p><img loading=\"lazy\" decoding=\"async\" class=\"aligncenter wp-image-4856\" src=\"https:\/\/rocketplay-new.com\/wp-content\/uploads\/2024\/02\/beautiful-girl-dealer-table-game-poker-dealer-deals-cards-he-is-looking-camera.jpg\" alt=\"Live Dealer Poker Rocket Play\" width=\"800\" height=\"534\" srcset=\"https:\/\/rocketplay-new.com\/wp-content\/uploads\/2024\/02\/beautiful-girl-dealer-table-game-poker-dealer-deals-cards-he-is-looking-camera.jpg 1000w, https:\/\/rocketplay-new.com\/wp-content\/uploads\/2024\/02\/beautiful-girl-dealer-table-game-poker-dealer-deals-cards-he-is-looking-camera-300x200.jpg 300w, https:\/\/rocketplay-new.com\/wp-content\/uploads\/2024\/02\/beautiful-girl-dealer-table-game-poker-dealer-deals-cards-he-is-looking-camera-768x512.jpg 768w\" sizes=\"auto, (max-width: 800px) 100vw, 800px\" \/><\/p>\n<h2>CONAS P\u00d3IC\u00c9AR BEO AR L\u00cdNE A BHAINT AMACH<\/h2>\n<p>Is \u00ed an strait\u00e9is is simpl\u00ed le h\u00fas\u00e1id n\u00e1 laghd\u00fa riosca. D\u00e9an iarracht an geall \u00edosta a chur go rialta agus c\u00e1rta\u00ed a thabhairt suas go minic. Sa ch\u00e1s seo, n\u00ed bheidh ort airgead a chailleadh, agus beidh t\u00fa in ann an n\u00f3im\u00e9ad ceart a roghn\u00fa le haghaidh bua dochreidte. B\u00ed cinnte \u00fas\u00e1id a bhaint as gach bunt\u00e1iste is f\u00e9idir a bhuachan, a mbainfidh t\u00fa taitneamh as.<\/p>\n<p><span style=\"font-weight: 400;\"><div class=\"go-btn-container\"><div class=\"tosh-btn\"><a href=\"\/go-casino\/\" target=\"_blank\" rel=\"noopener\">\u049a\u0410\u0417\u0406\u0420 \u041e\u0419\u041d\u0410\u0423<\/a><\/div><\/div><\/span><\/p>\n<h2>B\u00d3NAS B\u00d3NAS POKER D\u00e9ile\u00e1la\u00ed BEO<\/h2>\n<p>I bhformh\u00f3r na gc\u00e1sanna, is f\u00e9idir le h\u00fas\u00e1ideoir\u00ed go leor b\u00f3nais den scoth a fh\u00e1il go tapa agus go h\u00e9ifeachtach ag an Poker d\u00e9ile\u00e1la\u00ed beo is fearr. Gach a bhu\u00edochas sin do riarach\u00e1n an Casino ar l\u00edne, at\u00e1 ag iarraidh feabhas a chur ar an taith\u00ed cluich\u00edochta gach \u00fas\u00e1ideoir. D\u00e9an iarracht do bhronntanas a phiocadh suas, agus beidh t\u00fa ar an leathanach tionscnaimh oifigi\u00fala agus tairiscint\u00ed speisialta.<\/p>\n<p>I measc na roghanna is coitianta t\u00e1:<\/p>\n<ul>\n<li>ais Airgead Tirim. Seo deis cuid den airgead a chaitear a fh\u00e1il ar ais a bhu\u00edochas do chur chun cinn speisialta. Beidh ort iad a bhuachan ar ais chun iad a bhaili\u00fa n\u00f3 lean\u00faint ar aghaidh le geallt\u00f3ireacht ar shu\u00edomh Gr\u00e9as\u00e1in an cheasa\u00edneo;<\/li>\n<li>m\u00e9ad\u00fa ar an \u00e9arlais. Rogha iontach do thosaitheoir\u00ed, a mh\u00e9ad\u00f3idh do infheist\u00edocht ar\u00eds agus ar\u00eds eile. N\u00ed m\u00f3r m\u00e9id an bh\u00f3nais a gheofar a chaitheamh sa chluiche, mar sin d\u00e9an r\u00e9idh le spraoi a bheith agat;<\/li>\n<li>geall saor. Seo deis iontach chun do thortha\u00ed a fheabhs\u00fa agus do luck a thriail. Seinn geall amh\u00e1in saor in aisce, agus i gc\u00e1s a bhuaigh, a ghlacadh go l\u00e9ir an t-airgead.<\/li>\n<\/ul>\n<p>D\u00e9an iarracht a thuilleamh ar\u00eds agus ar\u00eds eile agus do chuid airgid a bhainisti\u00fa i gceart. Cabhr\u00f3idh s\u00e9 seo le feabhas a chur ar an staid sa chluiche agus a thuilleamh ar\u00eds agus ar\u00eds eile n\u00edos m\u00f3 duit f\u00e9in.<\/p>\n<p><img loading=\"lazy\" decoding=\"async\" class=\"aligncenter wp-image-4865\" src=\"https:\/\/rocketplay-new.com\/wp-content\/uploads\/2024\/02\/friends-having-fun-while-playing-poker.jpg\" alt=\"Live Dealer Poker Rocket Play 2\" width=\"800\" height=\"534\" srcset=\"https:\/\/rocketplay-new.com\/wp-content\/uploads\/2024\/02\/friends-having-fun-while-playing-poker.jpg 1000w, https:\/\/rocketplay-new.com\/wp-content\/uploads\/2024\/02\/friends-having-fun-while-playing-poker-300x200.jpg 300w, https:\/\/rocketplay-new.com\/wp-content\/uploads\/2024\/02\/friends-having-fun-while-playing-poker-768x513.jpg 768w\" sizes=\"auto, (max-width: 800px) 100vw, 800px\" \/><\/p>\n<h2>Ceisteanna Coitianta POKER D\u00e9ile\u00e1la\u00ed BEO<\/h2>\n<p>Molaimid duit na freagra\u00ed coitianta ar cheisteanna \u00f3 thosaitheoir\u00ed a l\u00e9amh. Tabharfaidh s\u00e9 seo deis duit gan am a chur am\u00fa ar oili\u00faint agus tos\u00fa ag tuilleamh go gn\u00edomhach l\u00e1ithreach. D\u00e9an iarracht eolas cabhrach nua a fhoghlaim.<\/p>\n<h3>C\u00c1 F\u00c9IDIR LIOM A FH\u00c1IL AR DH\u00cdOL\u00d3IR MAITH?<\/h3>\n<p>Molaimid duit triail a bhaint as t\u00e1bla\u00ed \u00e9ags\u00fala i Poker d\u00e9ile\u00e1la\u00ed beo, gach ceann acu lena d\u00e9ile\u00e1la\u00ed. Bu\u00edochas leis seo, beidh t\u00fa in ann tos\u00fa ar airgead tirim isteach i bhfad n\u00edos \u00e9ifeachta\u00ed mar go mbainfidh t\u00fa n\u00edos m\u00f3 taitneamh as an gcluiche f\u00e9in. Beidh t\u00fa in ann st\u00edleanna c\u00f3isireachta \u00e9ags\u00fala a fhoghlaim freisin, rud a thugann roinnt bunt\u00e1ist\u00ed duit le himeacht an fhada.<\/p>\n<h3>C\u00c9 MH\u00c9AD AIRGEAD A TH\u00d3GANN T\u00da A FH\u00c1IL CHUN AN CLUICHE A IOMHAR?<\/h3>\n<p>Molann saineolaithe go bhfuil dollar 15-20 ar a laghad agat chun c\u00fapla geallta \u00edosta a dh\u00e9anamh agus bunbhr\u00ed na siamsa\u00edochta a thuiscint. D\u00e9anfaidh s\u00e9 seo i bhfad n\u00edos \u00e9asca duit foghlaim conas spraoi a bheith agat agus spraoi a bheith agat. F\u00e9adfaidh t\u00fa d\u2019ioncam a mh\u00e9ad\u00fa freisin m\u00e1 bhainist\u00edonn t\u00fa do chaipiteal i gceart agus m\u00e1 dh\u00e9anann t\u00fa na geallta ceart.<\/p>\n<h3>AN F\u00c9IDIR LIOM TACTIC\u00cd NEAMHGHN\u00c1THACHA A \u00daS\u00c1ID?<\/h3>\n<p>T\u00e1 s\u00e9 de cheart ag gach \u00fas\u00e1ideoir cl\u00e1raithe a strait\u00e9is a fhorbairt, a chead\u00f3idh sa deireadh tuilleamh ar\u00eds agus ar\u00eds eile n\u00edos m\u00f3 n\u00e1 mar is gn\u00e1ch. Is \u00e9 an rud is m\u00f3 n\u00e1 foghlaim conas an modh taispe\u00e1na a \u00fas\u00e1id, rud a thugann an ceart chun bot\u00fain a dh\u00e9anamh agus nach dt\u00f3gann s\u00e9 an \u00e9arlais i gc\u00e1s caillteanais. Bain triail as leaganacha \u00e9ags\u00fala den chluiche, agus t\u00e1 t\u00fa cinnte go bhfaighidh t\u00fa an ceann foirfe duit f\u00e9in.<\/p>\n","protected":false},"excerpt":{"rendered":"<p>Is f\u00e9idir le haon \u00fas\u00e1ideoir at\u00e1 cl\u00e1raithe ag an gceasa\u00edneo tos\u00fa ag spraoi ag an d\u00e9ile\u00e1la\u00ed beo Poker. Is caitheamh aimsire spra\u00ed\u00fail \u00e9 seo ar f\u00e9idir le gach duine \u00edoc as. Beidh deis agat freisin suim mh\u00f3r a bhuachan a bhu\u00edochas leis an oili\u00faint a fuarthas i m\u00f3d taispe\u00e1na. Bain triail as do l\u00e1mh ceart&#8230;<\/p>\n","protected":false},"author":1,"featured_media":0,"parent":3436,"menu_order":0,"comment_status":"closed","ping_status":"closed","template":"","meta":{"_acf_changed":false,"_kad_post_transparent":"default","_kad_post_title":"default","_kad_post_layout":"default","_kad_post_sidebar_id":"","_kad_post_content_style":"default","_kad_post_vertical_padding":"default","_kad_post_feature":"","_kad_post_feature_position":"","_kad_post_header":false,"_kad_post_footer":false,"footnotes":""},"class_list":["post-3543","page","type-page","status-publish","hentry"],"acf":[],"rttpg_featured_image_url":null,"rttpg_author":{"display_name":"John","author_link":"https:\/\/rocketplay-new.com\/ga\/author\/pemvas95n89x\/"},"rttpg_comment":0,"rttpg_category":null,"rttpg_excerpt":"Is f\u00e9idir le haon \u00fas\u00e1ideoir at\u00e1 cl\u00e1raithe ag an gceasa\u00edneo tos\u00fa ag spraoi ag an d\u00e9ile\u00e1la\u00ed beo Poker. Is caitheamh aimsire spra\u00ed\u00fail \u00e9 seo ar f\u00e9idir le gach duine \u00edoc as. Beidh deis agat freisin suim mh\u00f3r a bhuachan a bhu\u00edochas leis an oili\u00faint a fuarthas i m\u00f3d taispe\u00e1na. Bain triail as do l\u00e1mh ceart...","_links":{"self":[{"href":"https:\/\/rocketplay-new.com\/ga\/wp-json\/wp\/v2\/pages\/3543","targetHints":{"allow":["GET"]}}],"collection":[{"href":"https:\/\/rocketplay-new.com\/ga\/wp-json\/wp\/v2\/pages"}],"about":[{"href":"https:\/\/rocketplay-new.com\/ga\/wp-json\/wp\/v2\/types\/page"}],"author":[{"embeddable":true,"href":"https:\/\/rocketplay-new.com\/ga\/wp-json\/wp\/v2\/users\/1"}],"replies":[{"embeddable":true,"href":"https:\/\/rocketplay-new.com\/ga\/wp-json\/wp\/v2\/comments?post=3543"}],"version-history":[{"count":3,"href":"https:\/\/rocketplay-new.com\/ga\/wp-json\/wp\/v2\/pages\/3543\/revisions"}],"predecessor-version":[{"id":5810,"href":"https:\/\/rocketplay-new.com\/ga\/wp-json\/wp\/v2\/pages\/3543\/revisions\/5810"}],"up":[{"embeddable":true,"href":"https:\/\/rocketplay-new.com\/ga\/wp-json\/wp\/v2\/pages\/3436"}],"wp:attachment":[{"href":"https:\/\/rocketplay-new.com\/ga\/wp-json\/wp\/v2\/media?parent=3543"}],"curies":[{"name":"wp","href":"https:\/\/api.w.org\/{rel}","templated":true}]}}