{"id":3489,"date":"2023-01-11T01:02:46","date_gmt":"2023-01-10T22:02:46","guid":{"rendered":"https:\/\/rocketplay-new.com\/live-dealer\/blackjack\/"},"modified":"2025-04-03T19:58:55","modified_gmt":"2025-04-03T16:58:55","slug":"blackjack","status":"publish","type":"page","link":"https:\/\/rocketplay-new.com\/ga\/live-dealer\/blackjack\/","title":{"rendered":"Blackjack Dealer Beo Ag Athbhreithni\u00fa Rocket Play"},"content":{"rendered":"<p>Is \u00e9 an bunt\u00e1iste bun\u00fasach a bhaineann le D\u00e9ile\u00e1la\u00ed Blackjack Beo n\u00e1 an tairseach iontr\u00e1la \u00edseal agus b\u00f3nais den scoth d\u2019imreoir\u00ed. Is f\u00e9idir le duine ar bith dul go dt\u00ed an rann\u00f3g catal\u00f3g agus an rogha ceart blackjack a roghn\u00fa. Is f\u00e9idir leat freisin an t-uasmh\u00e9id airgid a bhuachan i gceann c\u00fapla n\u00f3im\u00e9ad mar go nd\u00e9ile\u00e1iltear leis na c\u00e1rta\u00ed go cothrom. \u00c9ir\u00edonn an cluiche n\u00edos taitneamha\u00ed le d\u00e9ile\u00e1la\u00ed.<\/p>\n<p><span style=\"font-weight: 400;\"><div class=\"go-btn-container\"><div class=\"tosh-btn\"><a href=\"\/go-casino\/\" target=\"_blank\" rel=\"noopener\">IMIR ANOIS<\/a><\/div><\/div> <\/span><\/p>\n<h2>C\u00c9N F\u00c1TH AR CH\u00d3IR DUIT D\u00c9ANAMH BEO DEALER DUBH<\/h2>\n<p>Is \u00e9 an freagra is fearr ar an gceist seo n\u00e1 D\u00e9ile\u00e1la\u00ed Beo ar l\u00edne Blackjack. T\u00e1 s\u00e9 spraoi agus spreag\u00fail mar \u00e9ir\u00edonn an cluiche rialta leadr\u00e1nach go tapa. Is f\u00e9idir leat cumars\u00e1id a dh\u00e9anamh go deas leis an d\u00e9ile\u00e1la\u00ed agus le himreoir\u00ed eile ar an bhfreastala\u00ed. D\u00e9anann s\u00e9 seo an ceasa\u00edneo n\u00edos spreag\u00fala agus cuireann s\u00e9 siamsa\u00edocht n\u00edos fearr ort.<\/p>\n<p>Ina theannta sin, is f\u00e9idir leis an d\u00e9ile\u00e1la\u00ed rud \u00e9igin a insint duit n\u00f3 ceist a fhreagairt. D\u00e9anann s\u00e9 seo cuma n\u00edos dinimici\u00fala ar an gcluiche, agus is f\u00e9idir leat geallta n\u00edos airde a dh\u00e9anamh. T\u00e1 deis agat freisin an t\u00e1bla ceart a roghn\u00fa, rud a chabhr\u00f3idh leat siamsa\u00edocht a thos\u00fa ar bhealach n\u00edos \u00e9ifeachta\u00ed. T\u00e1 s\u00e9 n\u00edos fearr f\u00f3s imirt le daoine a bhfuil an buis\u00e9ad c\u00e9anna acu leatsa.<\/p>\n<p><img loading=\"lazy\" decoding=\"async\" class=\"aligncenter wp-image-4875\" src=\"https:\/\/rocketplay-new.com\/wp-content\/uploads\/2024\/02\/666666.png\" alt=\"Live Dealer Blackjack Rocket Play\" width=\"800\" height=\"440\" srcset=\"https:\/\/rocketplay-new.com\/wp-content\/uploads\/2024\/02\/666666.png 1455w, https:\/\/rocketplay-new.com\/wp-content\/uploads\/2024\/02\/666666-300x165.png 300w, https:\/\/rocketplay-new.com\/wp-content\/uploads\/2024\/02\/666666-1024x564.png 1024w, https:\/\/rocketplay-new.com\/wp-content\/uploads\/2024\/02\/666666-768x423.png 768w\" sizes=\"auto, (max-width: 800px) 100vw, 800px\" \/><\/p>\n<h2>CINE\u00c1LACHA RIALACHA DEALER DUBH<\/h2>\n<p>Is \u00e9 an bun\u00fas at\u00e1 ag Live Dealer Blackjack Australia n\u00e1 an g\u00e1 at\u00e1 le caitheamh le gach \u00fas\u00e1ideoir ag an mbord agus leis an d\u00e9ile\u00e1la\u00ed le meas. Uaireanta is f\u00e9idir le h\u00fas\u00e1ideoir\u00ed a bheith m\u00ed-\u00e1dh, ach n\u00ed c\u00fais ar bith \u00e9 sin chun daoine a mhasl\u00fa. Is mar gheall air seo a chuirtear cosc ar l\u00edon m\u00f3r daoine nua \u00f3 imirt ar l\u00edne.<\/p>\n<p>Ba cheart duit a bheith ar an eolas freisin faoina bhfuil toirmeasc:<\/p>\n<ul>\n<li>caimil\u00e9ireacht ar an gcluiche;<\/li>\n<li>begging ar airgead \u00f3 \u00fas\u00e1ideoir\u00ed eile n\u00f3 an d\u00e9ile\u00e1la\u00ed;<\/li>\n<li>gear\u00e1in faoi imirt \u00e9ag\u00f3rach.<\/li>\n<\/ul>\n<p>T\u00e1 na t\u00e1bla\u00ed go l\u00e9ir rialaithe go han-mhaith ag an riarach\u00e1n agus ag coiste cothroime a nd\u00e9antar monat\u00f3ireacht speisialta air.<\/p>\n<p><span style=\"font-weight: 400;\"><div class=\"go-btn-container\"><div class=\"tosh-btn\"><a href=\"\/go-casino\/\" target=\"_blank\" rel=\"noopener\">IMIR ANOIS<\/a><\/div><\/div> <\/span><\/p>\n<h2>CONAS A IMIR D\u00e9ile\u00e1la\u00ed BEO Blackjack<\/h2>\n<p>Ar dt\u00fas, n\u00ed m\u00f3r duit na su\u00edomhanna Blackjack Live Dealer is fearr a roghn\u00fa le haghaidh a gcuid siamsa\u00edochta. Is fearr l\u00e1ithre\u00e1n gr\u00e9as\u00e1in oifigi\u00fail an cheasa\u00edneonna a roghn\u00fa agus:<\/p>\n<ol>\n<li>Cruthaigh cuntas pearsanta ar an bpr\u00edomhleathanach.<\/li>\n<li>Athl\u00edon do chuntas agus t\u00e9igh chuig t\u00e1bla oiri\u00fanach.<\/li>\n<li>D\u00e9an geall agus taitneamh a bhaint as buaiteanna rialta.<\/li>\n<\/ol>\n<p>Bu\u00edochas leis seo, beidh t\u00fa in ann aird n\u00edos m\u00f3 a thabhairt ar an gcluiche agus a thuilleamh cuid mh\u00f3r airgid sa chuntas. Is f\u00e9idir leat tos\u00fa anois le tortha\u00ed iontacha a r\u00e1th\u00fa.<\/p>\n<h2>CINE\u00c1LACHA CLUICHE DUBH DEALER<\/h2>\n<p>Is \u00e9 an strait\u00e9is Live Dealer Blackjack an ceann is m\u00f3 t\u00f3ir, ach is f\u00e9idir leat cine\u00e1lacha eile siamsa\u00edochta a roghn\u00fa freisin. I measc na gcluich\u00ed cearrbhachais coitianta t\u00e1 roulette, blackjack, baccarat, agus eile. D\u00e9an iarracht an siamsa\u00edocht foirfe a aimsi\u00fa duit f\u00e9in agus taitneamh a bhaint as an gcluiche i m\u00f3d beo.<\/p>\n<p><img loading=\"lazy\" decoding=\"async\" class=\"aligncenter wp-image-4884\" src=\"https:\/\/rocketplay-new.com\/wp-content\/uploads\/2024\/02\/close-up-player-s-hand-holding-two-aces-playing-cards.jpg\" alt=\"Live Dealer Blackjack Rocket Play 2\" width=\"800\" height=\"534\" srcset=\"https:\/\/rocketplay-new.com\/wp-content\/uploads\/2024\/02\/close-up-player-s-hand-holding-two-aces-playing-cards.jpg 1000w, https:\/\/rocketplay-new.com\/wp-content\/uploads\/2024\/02\/close-up-player-s-hand-holding-two-aces-playing-cards-300x200.jpg 300w, https:\/\/rocketplay-new.com\/wp-content\/uploads\/2024\/02\/close-up-player-s-hand-holding-two-aces-playing-cards-768x512.jpg 768w\" sizes=\"auto, (max-width: 800px) 100vw, 800px\" \/><\/p>\n<h2>CC<\/h2>\n<p>Go h\u00e1irithe d\u00f3ibh si\u00fad ar mhaith leo tos\u00fa l\u00e1ithreach le rath thar na bearta, t\u00e1 bunachar sonra\u00ed cabhrach de fhreagra\u00ed ar cheisteanna coitianta \u00f3 thosaitheoir\u00ed curtha le ch\u00e9ile againn. Cabhr\u00f3idh s\u00e9 seo leat Beo Blackjack Dealer a thuiscint agus tos\u00fa ag imirt ar\u00eds agus ar\u00eds eile n\u00edos \u00e9ifeachta\u00ed.<\/p>\n<h3>C\u00c9N F\u00c1TH A BHFUIL DH\u00c9ANAMH AR DH\u00c9ANAMH D\u00c9IL\u00cd BEO?<\/h3>\n<p>Is \u00ed an phr\u00edomhch\u00fais n\u00e1 an cumas dul chun cinn do chluich\u00ed a rian\u00fa agus suimeanna m\u00f3ra airgid a thuilleamh, n\u00ed leat f\u00e9in. Beidh t\u00fa in ann spraoi a bheith agat ag comhr\u00e1 le himreoir\u00ed eile agus taitneamh a bhaint as gach bua. Sa ch\u00e1s seo, t\u00e1 deis agat brab\u00fas a dh\u00e9anamh agus br\u00f3d a bhaint as do na h\u00fas\u00e1ideoir\u00ed go l\u00e9ir sa l\u00edonra.<\/p>\n<h3>C\u00c9 MH\u00c9AD AIRGEAD IS F\u00c9IDIR LIOM A DH\u00c9ANAMH AR DUBH?<\/h3>\n<p>B\u00edonn fonn ar fhormh\u00f3r na n-\u00fas\u00e1ideoir\u00ed an bua is m\u00f3 de na m\u00edlte dollar a fh\u00e1il ag an am c\u00e9anna. Ach ar dt\u00fas, is fearr t\u00fa f\u00e9in a theorann\u00fa chuig \u00edosmh\u00e9id geallta agus triail a bhaint as strait\u00e9is\u00ed \u00e9ags\u00fala chun an luas s\u00fagartha ceart a chinneadh. Is f\u00e9idir leat na c\u00e9adta agus na m\u00edlte dollar a fh\u00e1il m\u00e1 t\u00e1 an foighne agus an fonn forbartha agat.<\/p>\n<h3>C\u00c9 NA STRAIT\u00c9IS\u00cd IS F\u00c9IDIR A \u00daS\u00c1ID SA CHLUICH\u00cd?<\/h3>\n<p>Go minic molann saineolaithe go dtosa\u00edonn \u00fas\u00e1ideoir\u00ed le strait\u00e9is\u00ed simpl\u00ed agus smacht a fhoghlaim. Is \u00e9 seo bun\u00fas do chuid buaite amach anseo, rud a ligeann duit n\u00edos m\u00f3 a thuilleamh agus taitneamh a bhaint as do chuid bua. Is f\u00e9idir le gach bua do shaol a athr\u00fa agus a l\u00e1n moth\u00fach\u00e1in dearfacha a thabhairt duit. Sin an f\u00e1th go bhfuil s\u00e9 molta chun t\u00fas a chur le cluiche taispe\u00e1na agus ach amh\u00e1in tar \u00e9is bogadh ar aghaidh.<\/p>\n","protected":false},"excerpt":{"rendered":"<p>Is \u00e9 an bunt\u00e1iste bun\u00fasach a bhaineann le D\u00e9ile\u00e1la\u00ed Blackjack Beo n\u00e1 an tairseach iontr\u00e1la \u00edseal agus b\u00f3nais den scoth d\u2019imreoir\u00ed. Is f\u00e9idir le duine ar bith dul go dt\u00ed an rann\u00f3g catal\u00f3g agus an rogha ceart blackjack a roghn\u00fa. Is f\u00e9idir leat freisin an t-uasmh\u00e9id airgid a bhuachan i gceann c\u00fapla n\u00f3im\u00e9ad mar go&#8230;<\/p>\n","protected":false},"author":1,"featured_media":0,"parent":3436,"menu_order":0,"comment_status":"closed","ping_status":"closed","template":"","meta":{"_acf_changed":false,"_kad_post_transparent":"default","_kad_post_title":"default","_kad_post_layout":"default","_kad_post_sidebar_id":"","_kad_post_content_style":"default","_kad_post_vertical_padding":"default","_kad_post_feature":"","_kad_post_feature_position":"","_kad_post_header":false,"_kad_post_footer":false,"footnotes":""},"class_list":["post-3489","page","type-page","status-publish","hentry"],"acf":[],"rttpg_featured_image_url":null,"rttpg_author":{"display_name":"John","author_link":"https:\/\/rocketplay-new.com\/ga\/author\/pemvas95n89x\/"},"rttpg_comment":0,"rttpg_category":null,"rttpg_excerpt":"Is \u00e9 an bunt\u00e1iste bun\u00fasach a bhaineann le D\u00e9ile\u00e1la\u00ed Blackjack Beo n\u00e1 an tairseach iontr\u00e1la \u00edseal agus b\u00f3nais den scoth d\u2019imreoir\u00ed. Is f\u00e9idir le duine ar bith dul go dt\u00ed an rann\u00f3g catal\u00f3g agus an rogha ceart blackjack a roghn\u00fa. Is f\u00e9idir leat freisin an t-uasmh\u00e9id airgid a bhuachan i gceann c\u00fapla n\u00f3im\u00e9ad mar go...","_links":{"self":[{"href":"https:\/\/rocketplay-new.com\/ga\/wp-json\/wp\/v2\/pages\/3489","targetHints":{"allow":["GET"]}}],"collection":[{"href":"https:\/\/rocketplay-new.com\/ga\/wp-json\/wp\/v2\/pages"}],"about":[{"href":"https:\/\/rocketplay-new.com\/ga\/wp-json\/wp\/v2\/types\/page"}],"author":[{"embeddable":true,"href":"https:\/\/rocketplay-new.com\/ga\/wp-json\/wp\/v2\/users\/1"}],"replies":[{"embeddable":true,"href":"https:\/\/rocketplay-new.com\/ga\/wp-json\/wp\/v2\/comments?post=3489"}],"version-history":[{"count":4,"href":"https:\/\/rocketplay-new.com\/ga\/wp-json\/wp\/v2\/pages\/3489\/revisions"}],"predecessor-version":[{"id":5801,"href":"https:\/\/rocketplay-new.com\/ga\/wp-json\/wp\/v2\/pages\/3489\/revisions\/5801"}],"up":[{"embeddable":true,"href":"https:\/\/rocketplay-new.com\/ga\/wp-json\/wp\/v2\/pages\/3436"}],"wp:attachment":[{"href":"https:\/\/rocketplay-new.com\/ga\/wp-json\/wp\/v2\/media?parent=3489"}],"curies":[{"name":"wp","href":"https:\/\/api.w.org\/{rel}","templated":true}]}}