{"id":3436,"date":"2023-01-10T16:50:22","date_gmt":"2023-01-10T13:50:22","guid":{"rendered":"https:\/\/rocketplay-new.com\/live-dealer\/"},"modified":"2025-04-08T11:14:34","modified_gmt":"2025-04-08T08:14:34","slug":"live-dealer","status":"publish","type":"page","link":"https:\/\/rocketplay-new.com\/ga\/live-dealer\/","title":{"rendered":"Live Dealer Casino Ag Rocket Play Review"},"content":{"rendered":"<p>I gceasa\u00edneo meastar go bhfuil Live Dealer mar rud coimhth\u00edocha agus uasmh\u00e9id suimi\u00fail. A bhu\u00edochas le tionchar fosta\u00ed amh\u00e1in, feiceann t\u00fa conas a thiteann na c\u00e1rta\u00ed amach agus is f\u00e9idir leo an cluiche a sheice\u00e1il le haghaidh mac\u00e1ntacht. Ina theannta sin, is f\u00e9idir le gach duine iarracht a dh\u00e9anamh ar strait\u00e9is\u00ed agus tactics \u00e9ags\u00fala chun suim mh\u00f3r airgid a bhuachan. Cuirfidh l\u00edon m\u00f3r \u00e9ags\u00falachta\u00ed cluiche at\u00e1 ar f\u00e1il \u00fas\u00e1ideoir\u00ed s\u00e1sta freisin.<\/p>\n<p><img loading=\"lazy\" decoding=\"async\" class=\"aligncenter wp-image-4913\" src=\"https:\/\/rocketplay-new.com\/wp-content\/uploads\/2024\/02\/croupier-woman-player-table-casino-picture-classic-casino-roulette-wheel-gambling-casino-roulette-poker-scaled.jpg\" alt=\"Live Dealer Casino\" width=\"800\" height=\"533\" srcset=\"https:\/\/rocketplay-new.com\/wp-content\/uploads\/2024\/02\/croupier-woman-player-table-casino-picture-classic-casino-roulette-wheel-gambling-casino-roulette-poker-scaled.jpg 2560w, https:\/\/rocketplay-new.com\/wp-content\/uploads\/2024\/02\/croupier-woman-player-table-casino-picture-classic-casino-roulette-wheel-gambling-casino-roulette-poker-300x200.jpg 300w, https:\/\/rocketplay-new.com\/wp-content\/uploads\/2024\/02\/croupier-woman-player-table-casino-picture-classic-casino-roulette-wheel-gambling-casino-roulette-poker-1024x683.jpg 1024w, https:\/\/rocketplay-new.com\/wp-content\/uploads\/2024\/02\/croupier-woman-player-table-casino-picture-classic-casino-roulette-wheel-gambling-casino-roulette-poker-768x512.jpg 768w, https:\/\/rocketplay-new.com\/wp-content\/uploads\/2024\/02\/croupier-woman-player-table-casino-picture-classic-casino-roulette-wheel-gambling-casino-roulette-poker-1536x1024.jpg 1536w, https:\/\/rocketplay-new.com\/wp-content\/uploads\/2024\/02\/croupier-woman-player-table-casino-picture-classic-casino-roulette-wheel-gambling-casino-roulette-poker-2048x1365.jpg 2048w\" sizes=\"auto, (max-width: 800px) 100vw, 800px\" \/><\/p>\n<h2>C\u00c9ARD IAD CAISIN\u00cd BEO D\u00e9ile\u00e1laithe?<\/h2>\n<p>Is ionann Beo Dealer agus siamsa\u00edocht chearrbhachais, le duine n\u00e1d\u00fartha amh\u00e1in. Is \u00e9 tasc an D\u00e9ile\u00e1la\u00ed na c\u00e1rta\u00ed a l\u00e1imhse\u00e1il, an liathr\u00f3id a rith, agus an cluiche a rial\u00fa. I ngach chuimhneach\u00e1in chonsp\u00f3ideach, is f\u00e9idir leat a iarraidh ar an Dealer agus a fh\u00e1il amach an freagra agus comhr\u00e1 spraoi beag.<\/p>\n<p>T\u00e1 roinnt imreoir\u00ed sa chluiche leat freisin. Bu\u00edochas leis seo, is f\u00e9idir leat do chuid buaiteanna eile a fheice\u00e1il agus p\u00e1irt a ghlacadh sa chluiche. Tugtar siamsa\u00edocht bheo ar an gcine\u00e1l seo siamsa\u00edochta, agus t\u00e1 s\u00e9 taitneamhach lena atmaisf\u00e9ar agus chomh gar do Casino clasaiceach i mbuna\u00edocht fhisici\u00fail.<\/p>\n<p><span style=\"font-weight: 400;\"><div class=\"go-btn-container\"><div class=\"tosh-btn\"><a href=\"\/go-casino\/\" target=\"_blank\" rel=\"noopener\">IMIR ANOIS<\/a><\/div><\/div> <\/span><\/p>\n<h2>BUNT\u00c1IST\u00cd AN D\u00cdOL\u00d3IR BEO<\/h2>\n<p>I measc na bpr\u00edomhbhunt\u00e1ist\u00ed a bhaineann le cluich\u00ed Beo Dealer is f\u00e9idir a bheith ar a dtugtar:<\/p>\n<ul>\n<li>an cumas monat\u00f3ireacht a dh\u00e9anamh ar chothroime an chluiche agus gan a bheith buartha faoi ch\u00e1rta\u00ed \u00e9ag\u00f3racha a bheith ag d\u00e9ile\u00e1il leo;<\/li>\n<li>is f\u00e9idir leat cumars\u00e1id a dh\u00e9anamh leis an D\u00e9ile\u00e1la\u00ed agus le himreoir\u00ed eile sa seomra comhr\u00e1, a bhfuil spraoi acu freisin agus ar mian leo buachan m\u00f3ra a fh\u00e1il;<\/li>\n<li>an chuid is m\u00f3 den am, laghda\u00edtear na teorainneacha geallt\u00f3ireachta, agus mar sin t\u00e1 r\u00e1tha\u00edocht agat go bhfaighidh t\u00fa an t\u00e1bla ceart.<\/li>\n<\/ul>\n<p>Is f\u00e9idir leat a roghn\u00fa freisin \u00f3 roinnt roghanna t\u00e1bla. T\u00e1 cuid acu n\u00edos oiri\u00fana\u00ed do sh\u00fagradh gn\u00edomhach, agus d\u00edr\u00edonn cuid eile n\u00edos m\u00f3 ar shiamsa\u00edocht chlasaiceach agus ar \u00edosmh\u00e9id geallta.<\/p>\n<h2>ROIC\u00c9AD IMIR CLUICH\u00cd AG D\u00cdOL\u00d3IR BEO<\/h2>\n<p>Bain triail as bunt\u00e1iste ioml\u00e1n a bhaint as b\u00f3nas cheasa\u00edneonna speisialaithe Beo Dealer. Seo deis duit spraoi a bheith agat agus taitneamh a bhaint as imirt le h\u00fas\u00e1ideoir\u00ed eile. Beidh deis agat freisin bronntanas iontach a fh\u00e1il \u00f3 na forbr\u00f3ir\u00ed agus b\u00f3nais agus cur chun cinn \u00e9ags\u00fala a \u00fas\u00e1id. Lig duit f\u00e9in tumad\u00f3ireacht a dh\u00e9anamh ar dt\u00fas i ndomhan spreag\u00fail an chearrbhachais<\/p>\n<p><span style=\"font-weight: 400;\"><div class=\"go-btn-container\"><div class=\"tosh-btn\"><a href=\"\/go-casino\/\" target=\"_blank\" rel=\"noopener\">IMIR ANOIS<\/a><\/div><\/div> <\/span><\/p>\n<h2>LEIDEANNA MAIDIR LE IMIR FAOI DH\u00c9ANAMH BEO<\/h2>\n<p>T\u00e1 roinnt molta\u00ed ann maidir leis an Casino Beo Dealer is fearr a chabhr\u00f3idh leat do st\u00edl imeartha a aimsi\u00fa agus taitneamh a bhaint as an spraoi. D\u00e9an iarracht fi\u00fa n\u00edos m\u00f3 airgid a thuilleamh i do chuntas agus taitneamh a bhaint as do chuid \u00e9achta\u00ed. Seo deis do gach duine a staid airgeadais a fheabhs\u00fa.<\/p>\n<p>Molaimid roinnt molta\u00ed a lean\u00faint \u00f3 na saineolaithe:<\/p>\n<ul>\n<li>n\u00e1 caill do cheann agus do bhuis\u00e9ad ioml\u00e1n sa ch\u00e9ad chluiche;<\/li>\n<li>bain triail as an modh taispe\u00e1na ar dt\u00fas agus ansin bogadh ar aghaidh go dt\u00ed geallta f\u00edor;<\/li>\n<li>tactics agus strait\u00e9is\u00ed \u00e9ags\u00fala a \u00fas\u00e1id.<\/li>\n<\/ul>\n<p>Is f\u00e9idir leat a bhuachan ag teacht ar an strait\u00e9is foirfe agus clo\u00ed leis.<\/p>\n<p><img loading=\"lazy\" decoding=\"async\" class=\"aligncenter wp-image-4923\" src=\"https:\/\/rocketplay-new.com\/wp-content\/uploads\/2024\/02\/88.png\" alt=\"Live Dealer Casino 2\" width=\"800\" height=\"450\" srcset=\"https:\/\/rocketplay-new.com\/wp-content\/uploads\/2024\/02\/88.png 1427w, https:\/\/rocketplay-new.com\/wp-content\/uploads\/2024\/02\/88-300x169.png 300w, https:\/\/rocketplay-new.com\/wp-content\/uploads\/2024\/02\/88-1024x576.png 1024w, https:\/\/rocketplay-new.com\/wp-content\/uploads\/2024\/02\/88-768x432.png 768w\" sizes=\"auto, (max-width: 800px) 100vw, 800px\" \/><\/p>\n<h2>CC<\/h2>\n<p>Iad si\u00fad ar mhaith leo t\u00fas maith a fh\u00e1il, is f\u00e9idir leo freisin \u00e1r bloc freagra\u00ed ar cheisteanna coitianta a sheice\u00e1il. Tabharfaidh s\u00e9 seo deis duit Casino Beo Dealer a thuiscint agus n\u00edos m\u00f3 pl\u00e9isi\u00fair a fh\u00e1il \u00f3 gach geall.<\/p>\n<h3>C\u00c9 NA D\u00c9ILE\u00c1LAITHE AR CH\u00d3IR LIOM A ROGHADH A BHFUIL AG S\u00daGARTHA?<\/h3>\n<p>Is fearr triail a bhaint as roinnt roghanna t\u00e1bla chun foghlaim conas tosaitheoir agus speisialt\u00f3ir d\u00e9ile\u00e1laithe a aithint i gceart. Is minic a chinneann s\u00e9 seo luas an ts\u00fagartha agus an bua a d\u2019fh\u00e9adfadh a bheith agat toisc go nglacann t\u00fa an gi\u00famar ceart. Bain triail as roghanna \u00e9ags\u00fala agus ansin roghnaigh an ceann is fearr duitse.<\/p>\n<h3>C\u00c9 MH\u00c9AD AIRGEAD IS F\u00c9IDIR LIOM A DH\u00c9ANAMH SA CHLUICH\u00cd?<\/h3>\n<p>Go teoirici\u00fail, is f\u00e9idir le gach \u00fas\u00e1ideoir na m\u00edlte dollar a thuilleamh le haghaidh gach cluiche. Gach bu\u00edochas leis na deiseanna iontacha agus na teorainneacha arda le linn cluiche den s\u00f3rt sin. Bain triail as n\u00edos m\u00f3 cleasanna agus strait\u00e9is\u00ed t\u00e1bhachtacha a \u00fas\u00e1id chun suim mh\u00f3r a fh\u00e1il chuig do chuntas.<\/p>\n<h3>CONAS A AIS\u00cdTEAR MO THHUILLEAMH?<\/h3>\n<p>Tar \u00e9is duit a bheith buaite ag Casino ar l\u00edne Live Dealer, is f\u00e9idir leat do chuid airgid go l\u00e9ir a tharraingt siar chuig do chuntas c\u00e1rta n\u00f3 cryptocurrency. T\u00e9igh go dt\u00ed an roghchl\u00e1r bainist\u00edochta airgeadais agus roghnaigh an c\u00f3ras \u00edoca\u00edochta cu\u00ed. Cuir isteach sonra\u00ed agus an m\u00e9id, agus fanacht le pr\u00f3ise\u00e1il an iarratais.<\/p>\n","protected":false},"excerpt":{"rendered":"<p>I gceasa\u00edneo meastar go bhfuil Live Dealer mar rud coimhth\u00edocha agus uasmh\u00e9id suimi\u00fail. A bhu\u00edochas le tionchar fosta\u00ed amh\u00e1in, feiceann t\u00fa conas a thiteann na c\u00e1rta\u00ed amach agus is f\u00e9idir leo an cluiche a sheice\u00e1il le haghaidh mac\u00e1ntacht. Ina theannta sin, is f\u00e9idir le gach duine iarracht a dh\u00e9anamh ar strait\u00e9is\u00ed agus tactics \u00e9ags\u00fala chun&#8230;<\/p>\n","protected":false},"author":1,"featured_media":0,"parent":0,"menu_order":0,"comment_status":"closed","ping_status":"closed","template":"single-no-sidebar.php","meta":{"_acf_changed":false,"_kad_post_transparent":"default","_kad_post_title":"default","_kad_post_layout":"default","_kad_post_sidebar_id":"","_kad_post_content_style":"default","_kad_post_vertical_padding":"default","_kad_post_feature":"","_kad_post_feature_position":"","_kad_post_header":false,"_kad_post_footer":false,"footnotes":""},"class_list":["post-3436","page","type-page","status-publish","hentry"],"acf":[],"rttpg_featured_image_url":null,"rttpg_author":{"display_name":"John","author_link":"https:\/\/rocketplay-new.com\/ga\/author\/pemvas95n89x\/"},"rttpg_comment":0,"rttpg_category":null,"rttpg_excerpt":"I gceasa\u00edneo meastar go bhfuil Live Dealer mar rud coimhth\u00edocha agus uasmh\u00e9id suimi\u00fail. A bhu\u00edochas le tionchar fosta\u00ed amh\u00e1in, feiceann t\u00fa conas a thiteann na c\u00e1rta\u00ed amach agus is f\u00e9idir leo an cluiche a sheice\u00e1il le haghaidh mac\u00e1ntacht. Ina theannta sin, is f\u00e9idir le gach duine iarracht a dh\u00e9anamh ar strait\u00e9is\u00ed agus tactics \u00e9ags\u00fala chun...","_links":{"self":[{"href":"https:\/\/rocketplay-new.com\/ga\/wp-json\/wp\/v2\/pages\/3436","targetHints":{"allow":["GET"]}}],"collection":[{"href":"https:\/\/rocketplay-new.com\/ga\/wp-json\/wp\/v2\/pages"}],"about":[{"href":"https:\/\/rocketplay-new.com\/ga\/wp-json\/wp\/v2\/types\/page"}],"author":[{"embeddable":true,"href":"https:\/\/rocketplay-new.com\/ga\/wp-json\/wp\/v2\/users\/1"}],"replies":[{"embeddable":true,"href":"https:\/\/rocketplay-new.com\/ga\/wp-json\/wp\/v2\/comments?post=3436"}],"version-history":[{"count":6,"href":"https:\/\/rocketplay-new.com\/ga\/wp-json\/wp\/v2\/pages\/3436\/revisions"}],"predecessor-version":[{"id":5998,"href":"https:\/\/rocketplay-new.com\/ga\/wp-json\/wp\/v2\/pages\/3436\/revisions\/5998"}],"wp:attachment":[{"href":"https:\/\/rocketplay-new.com\/ga\/wp-json\/wp\/v2\/media?parent=3436"}],"curies":[{"name":"wp","href":"https:\/\/api.w.org\/{rel}","templated":true}]}}