{"id":2621,"date":"2022-09-20T13:49:36","date_gmt":"2022-09-20T10:49:36","guid":{"rendered":"https:\/\/rocketplay-new.com\/wolf-treasure\/"},"modified":"2025-04-02T19:10:43","modified_gmt":"2025-04-02T16:10:43","slug":"wolf-treasure","status":"publish","type":"page","link":"https:\/\/rocketplay-new.com\/ga\/wolf-treasure\/","title":{"rendered":"Wolf Treasure L\u00e9irmheas"},"content":{"rendered":"<p><img loading=\"lazy\" decoding=\"async\" class=\" wp-image-461 aligncenter\" src=\"https:\/\/rocketplay-new.com\/wp-content\/uploads\/2022\/09\/wolf-treasure-slot-intro-300x145.webp\" alt=\"Wolf Treasure slot\" width=\"660\" height=\"319\" srcset=\"https:\/\/rocketplay-new.com\/wp-content\/uploads\/2022\/09\/wolf-treasure-slot-intro-300x145.webp 300w, https:\/\/rocketplay-new.com\/wp-content\/uploads\/2022\/09\/wolf-treasure-slot-intro-768x372.webp 768w, https:\/\/rocketplay-new.com\/wp-content\/uploads\/2022\/09\/wolf-treasure-slot-intro.webp 825w\" sizes=\"auto, (max-width: 660px) 100vw, 660px\" \/><\/p>\n<h2>EOLAS SLOOT<\/h2>\n<p>N\u00ed f\u00e9idir siamsa\u00edocht i gceasa\u00edneo a shamhl\u00fa gan sliot\u00e1in. Is cuid l\u00e1rnach de shaol aon chearrbhachais \u00e9 seo. Agus \u00e1it\u00edonn meais\u00edn\u00ed sliot\u00e1n le t\u00e9ama\u00ed ainmh\u00edoch \u00e1it speisialta ina measc i gc\u00f3na\u00ed. I saol an d\u00falra fi\u00e1in, n\u00ed hamh\u00e1in go mbainfidh t\u00fa taitneamh as mothaithe nua, ach freisin go leor seoda annamh a fh\u00e1il. Cos\u00fail, mar shampla, i sliot\u00e1n Rocket Play Wolf Treasure ar l\u00edne.<\/p>\n<p>Eis\u00edodh an sliot\u00e1n i 2017, ach t\u00e1 t\u00f3ir f\u00f3s air. Chomh maith leis sin, \u00fas\u00e1ideann go leor ceasa\u00edneonna \u00e9 chun spins saor in aisce de na r\u00edleanna a thabhairt d\u00e1 gcustaim\u00e9ir\u00ed.<\/p>\n<p>Is siamsa\u00edocht \u00e9 seo d\u00f3ibh si\u00fad a bhfuil gr\u00e1 acu ar na clasaic\u00ed. T\u00e1 s\u00e9 cos\u00fail le meais\u00edn\u00ed sliot\u00e1n retro at\u00e1 i gceasa\u00edneonna talamh-bhunaithe. Gach rud at\u00e1 ann: dearadh, tionlacan ceoil agus babhta\u00ed b\u00f3nais, t\u00f3g an t-imreoir isteach i saol an chearrbhachais. Bain triail as agus beidh t\u00fa ag t\u00e1st\u00e1il do luck ann. Ach roimhe sin, foghlaim an pr\u00edomh-eolas faoi conas a oibr\u00edonn s\u00e9.<\/p>\n<p><span style=\"font-weight: 400;\"><div class=\"tosh-btn\"><a href=\"\/go-casino\/\" target=\"_blank\" rel=\"noopener\">ODBIERZ BONUS<\/a><\/div><\/span><\/p>\n<h2>Wolf Treasure Sliot\u00e1n RTP, SONRA\u00cd AGUS Teorainneacha P\u00c1<\/h2>\n<p>Ar an drochuair, n\u00ed f\u00e9idir le himreoir\u00ed na hAstr\u00e1ile taitneamh a bhaint as an rogha \u00e9ags\u00fail sliot\u00e1n ar fad. N\u00ed oibr\u00edonn roinnt sol\u00e1thraithe sa t\u00edr. Ach n\u00ed g\u00e1 duit a bheith tr\u00edna ch\u00e9ile. Tar \u00e9is an tsaoil, t\u00e1 go leor sliot\u00e1n cos\u00fail le cluich\u00ed cult \u00f3 fhorbr\u00f3ir\u00ed aitheanta, agus uaireanta fi\u00fa iad a sh\u00e1r\u00fa.<\/p>\n<p>Crutha\u00edodh an meais\u00edn sliot\u00e1n seo bunaithe ar Wolf Gold. Seans go dtabharfaidh t\u00fa faoi deara go bhfuil deara\u00ed an-chos\u00fail acu. Ach t\u00e1 an meais\u00edn sliot\u00e1n seo eisiach. D&#8217;fhorbair foireann \u00f3 IGTech \u00e9. Agus anois, a bhu\u00edochas leis seo, is f\u00e9idir le h\u00e1itritheoir\u00ed na t\u00edre taitneamh a bhaint as \u00e1bhair suimi\u00fala.<\/p>\n<p>T\u00e1 spins saor in aisce Wolf Treasure Astr\u00e1il ar f\u00e1il ar shu\u00edomh Gr\u00e9as\u00e1in Rocket Play. Ach sa bhreis air seo, t\u00e1 go leor gn\u00e9ithe suimi\u00fala eile ann. D\u00e9antar cur s\u00edos n\u00edos mine orthu sa t\u00e1bla.<\/p>\n<table>\n<tbody>\n<tr>\n<td>Fill ar an imreoir<\/td>\n<td>96% \u2014 t\u00e1scaire me\u00e1nach agus maith i r\u00e9imse na sliot\u00e1n<\/td>\n<\/tr>\n<tr>\n<td>R\u00e1ta\u00ed \u00edosta agus uasta<\/td>\n<td><span style=\"font-weight: 400;\">0,25 \u2014 125 EUR<\/span><\/td>\n<\/tr>\n<tr>\n<td>Siombail\u00ed B\u00f3nas<\/td>\n<td>T\u00e1 siombail Scatter, Wild, Iolraitheora<\/td>\n<\/tr>\n<tr>\n<td>Babhta b\u00f3nais le h\u00edoca\u00edochta\u00ed m\u00e9adaithe<\/td>\n<td>Sea, ligeann duit an Pota \u00d3ir a bhuachan n\u00f3 na buaiteanna a iolr\u00fa<\/td>\n<\/tr>\n<tr>\n<td>Gn\u00e9 Pota \u00d3ir<\/td>\n<td>i l\u00e1thair<\/td>\n<\/tr>\n<\/tbody>\n<\/table>\n<p>Is f\u00e9idir tr\u00e9ithe den s\u00f3rt sin a mheas an-mhaith. Go h\u00e1irithe nuair a mheasann t\u00fa go bhfuil an sliot\u00e1n seo os cionn 5 bliana d&#8217;aois. T\u00e1 s\u00e9 f\u00f3s \u00e1bhartha agus in ann brab\u00fas a thabhairt. Thairis sin, n\u00edl cuma d\u00e1ta ar a dhearadh. N\u00ed f\u00e9idir leis ach cumha a chur faoi deara d\u00f3ibh si\u00fad a bh\u00ed ina rannph\u00e1irt\u00ed le fada i saol na spleodar.<\/p>\n<p>Is iad na siombail\u00ed anseo ainmn\u00edochta\u00ed c\u00e1rta\u00ed, is iad na cinn is saoire. T\u00e1 \u00edomh\u00e1nna ainmhithe ag \u00e9ir\u00ed n\u00edos luachmhaire cheana f\u00e9in, ina measc, ar nd\u00f3igh, t\u00e1 mac t\u00edre ann freisin. Mar sin, Rocket Seinn Mac T\u00edre Treasure ar l\u00edne pokies Breathna\u00edonn geal agus colorful.<\/p>\n<h2>GN\u00c9ITHE B\u00d3NAS<\/h2>\n<p>T\u00e1 roinnt babhta\u00ed b\u00f3nais ag an gcluiche. Is \u00e9 an ch\u00e9ad cheann spins saor in aisce. D\u00e9antar iad a ghn\u00edomhacht\u00fa ag scaiptheoir\u00ed agus n\u00edl aon rialacha casta acu. T\u00e1 gach rud simpl\u00ed agus tarla\u00edonn s\u00e9 san ord seo:<\/p>\n<ol>\n<li>Faigheann t\u00fa siombail\u00ed scaipthe.<\/li>\n<li>Tosa\u00edonn babhta de 5 spins.<\/li>\n<li>M\u00e1 thuirling\u00edonn scaiptheoir\u00ed ar\u00eds, cuirfear 3 spins eile leis.<\/li>\n<\/ol>\n<p>Chun gach rud a bheith ag obair, n\u00ed m\u00f3r duit l\u00edon na scatters &#8211; 3. A bhu\u00edochas leis seo, is f\u00e9idir leat a thuilleamh airgead maith sa sliot\u00e1n. Go h\u00e1irithe m\u00e1 \u00fas\u00e1ideann t\u00fa Rocket Play Wolf Treasure gan aon bh\u00f3nas taisce.<\/p>\n<p>Gn\u00e9 eile b\u00f3nais n\u00e1 respins. Seoltar iad nuair a fheictear siombail\u00ed airgid agus d\u00e9antar iad a athdh\u00e9anamh l\u00edon neamhtheoranta uaireanta. Braitheann s\u00e9 go l\u00e9ir ar an t-\u00e1dh at\u00e1 ort!<\/p>\n<p><span style=\"font-weight: 400;\"><div class=\"tosh-btn\"><a href=\"\/go-casino\/\" target=\"_blank\" rel=\"noopener\">ODBIERZ BONUS<\/a><\/div><\/span><\/p>\n<p>Is f\u00e9idir leat smaoineamh go s\u00e1bh\u00e1ilte ar an meais\u00edn seo sl\u00ed iontach chun spraoi a bheith agat. Sea, n\u00ed h\u00e9 an meais\u00edn sliot\u00e1n is nua\u00ed at\u00e1 ann, ach t\u00e1 s\u00e9 f\u00f3s ag dul go l\u00e1idir a bhu\u00edochas d\u00e1 dhearadh cumhach agus a ghn\u00e9ithe b\u00f3nais fionnuar.<\/p>\n<p><img loading=\"lazy\" decoding=\"async\" class=\" wp-image-462 aligncenter\" src=\"https:\/\/rocketplay-new.com\/wp-content\/uploads\/2022\/09\/wolf-treasure-screenshot-intro-300x170.webp\" alt=\"Wolf Treasure slot game\" width=\"745\" height=\"422\" srcset=\"https:\/\/rocketplay-new.com\/wp-content\/uploads\/2022\/09\/wolf-treasure-screenshot-intro-300x170.webp 300w, https:\/\/rocketplay-new.com\/wp-content\/uploads\/2022\/09\/wolf-treasure-screenshot-intro.webp 750w\" sizes=\"auto, (max-width: 745px) 100vw, 745px\" \/><\/p>\n<h2>CC<\/h2>\n<h3>AN F\u00c9IDIR AN CLUICHE SEO A IMIR GAN INFHEIST\u00cdOCHTA\u00cd?<\/h3>\n<p>Ar nd\u00f3igh, mura bhfuil t\u00fa ag iarraidh do chuid airgid a chaitheamh, is f\u00e9idir leat imirt saor in aisce. Chun seo a dh\u00e9anamh, n\u00ed m\u00f3r duit ach an sliot\u00e1n a re\u00e1cht\u00e1il i m\u00f3d taispe\u00e1na.<\/p>\n<h3>CAD \u00c9 AN UASTA BUAITEAS IS F\u00c9IDIR LIOM A FH\u00c1IL?<\/h3>\n<p>Ag brath ar mh\u00e9id do geall. M\u00e9adaigh \u00e9 faoi 2000 agus faigh amach c\u00e9 mh\u00e9ad is f\u00e9idir leat a bhuachan m\u00e1 t\u00e1 an t-\u00e1dh leat.<\/p>\n<h3>AN F\u00c9IDIR LIOM IMIR \u00d3 F\u00d3N P\u00d3CA?<\/h3>\n<p>Sea, t\u00e1 an meais\u00edn sliot\u00e1n seo in oiri\u00faint do sc\u00e1ile\u00e1in bheaga.<\/p>\n<p>L\u00e9igh freisin faoi<span style=\"font-family: var(--global-body-font-family); font-size: 16px; font-weight: normal;\">:<\/span><a style=\"font-family: var(--global-body-font-family); font-size: 16px; font-weight: normal;\" href=\"https:\/\/rocketplay-new.com\/ga\/9-coins\/\">Sliot\u00e1n 9 Boinn<\/a><\/p>\n","protected":false},"excerpt":{"rendered":"<p>EOLAS SLOOT N\u00ed f\u00e9idir siamsa\u00edocht i gceasa\u00edneo a shamhl\u00fa gan sliot\u00e1in. Is cuid l\u00e1rnach de shaol aon chearrbhachais \u00e9 seo. Agus \u00e1it\u00edonn meais\u00edn\u00ed sliot\u00e1n le t\u00e9ama\u00ed ainmh\u00edoch \u00e1it speisialta ina measc i gc\u00f3na\u00ed. I saol an d\u00falra fi\u00e1in, n\u00ed hamh\u00e1in go mbainfidh t\u00fa taitneamh as mothaithe nua, ach freisin go leor seoda annamh a fh\u00e1il&#8230;.<\/p>\n","protected":false},"author":1,"featured_media":0,"parent":0,"menu_order":0,"comment_status":"closed","ping_status":"closed","template":"","meta":{"_acf_changed":false,"_kad_post_transparent":"default","_kad_post_title":"default","_kad_post_layout":"default","_kad_post_sidebar_id":"","_kad_post_content_style":"default","_kad_post_vertical_padding":"default","_kad_post_feature":"","_kad_post_feature_position":"","_kad_post_header":false,"_kad_post_footer":false,"footnotes":""},"class_list":["post-2621","page","type-page","status-publish","hentry"],"acf":[],"rttpg_featured_image_url":null,"rttpg_author":{"display_name":"John","author_link":"https:\/\/rocketplay-new.com\/ga\/author\/pemvas95n89x\/"},"rttpg_comment":0,"rttpg_category":null,"rttpg_excerpt":"EOLAS SLOOT N\u00ed f\u00e9idir siamsa\u00edocht i gceasa\u00edneo a shamhl\u00fa gan sliot\u00e1in. Is cuid l\u00e1rnach de shaol aon chearrbhachais \u00e9 seo. Agus \u00e1it\u00edonn meais\u00edn\u00ed sliot\u00e1n le t\u00e9ama\u00ed ainmh\u00edoch \u00e1it speisialta ina measc i gc\u00f3na\u00ed. I saol an d\u00falra fi\u00e1in, n\u00ed hamh\u00e1in go mbainfidh t\u00fa taitneamh as mothaithe nua, ach freisin go leor seoda annamh a fh\u00e1il....","_links":{"self":[{"href":"https:\/\/rocketplay-new.com\/ga\/wp-json\/wp\/v2\/pages\/2621","targetHints":{"allow":["GET"]}}],"collection":[{"href":"https:\/\/rocketplay-new.com\/ga\/wp-json\/wp\/v2\/pages"}],"about":[{"href":"https:\/\/rocketplay-new.com\/ga\/wp-json\/wp\/v2\/types\/page"}],"author":[{"embeddable":true,"href":"https:\/\/rocketplay-new.com\/ga\/wp-json\/wp\/v2\/users\/1"}],"replies":[{"embeddable":true,"href":"https:\/\/rocketplay-new.com\/ga\/wp-json\/wp\/v2\/comments?post=2621"}],"version-history":[{"count":8,"href":"https:\/\/rocketplay-new.com\/ga\/wp-json\/wp\/v2\/pages\/2621\/revisions"}],"predecessor-version":[{"id":2622,"href":"https:\/\/rocketplay-new.com\/ga\/wp-json\/wp\/v2\/pages\/2621\/revisions\/2622"}],"wp:attachment":[{"href":"https:\/\/rocketplay-new.com\/ga\/wp-json\/wp\/v2\/media?parent=2621"}],"curies":[{"name":"wp","href":"https:\/\/api.w.org\/{rel}","templated":true}]}}