{"id":2606,"date":"2022-09-20T11:00:07","date_gmt":"2022-09-20T08:00:07","guid":{"rendered":"https:\/\/rocketplay-new.com\/welcome-offer\/"},"modified":"2026-02-25T15:03:26","modified_gmt":"2026-02-25T12:03:26","slug":"welcome-offer","status":"publish","type":"page","link":"https:\/\/rocketplay-new.com\/ga\/welcome-offer\/","title":{"rendered":"Cad is B\u00f3nas F\u00e1ilte Casino ann?"},"content":{"rendered":"<p><img loading=\"lazy\" decoding=\"async\" class=\" wp-image-430 aligncenter\" src=\"https:\/\/rocketplay-new.com\/wp-content\/uploads\/2022\/09\/rocket-play-welcome-bonus-2-300x93.jpg\" alt=\"Welcome bonus Rocket play\" width=\"694\" height=\"215\" srcset=\"https:\/\/rocketplay-new.com\/wp-content\/uploads\/2022\/09\/rocket-play-welcome-bonus-2-300x93.jpg 300w, https:\/\/rocketplay-new.com\/wp-content\/uploads\/2022\/09\/rocket-play-welcome-bonus-2-768x238.jpg 768w, https:\/\/rocketplay-new.com\/wp-content\/uploads\/2022\/09\/rocket-play-welcome-bonus-2.jpg 905w\" sizes=\"auto, (max-width: 694px) 100vw, 694px\" \/><\/p>\n<p>T\u00e1 duaiseanna ann nach bhfuil ar f\u00e1il ach do dhaoine nua. Tugtar tairiscint\u00ed f\u00e1ilte ar na pribhl\u00e9id\u00ed sin. Cuirtear i ngn\u00edomh iad tar \u00e9is do dhuine cuntas a chruth\u00fa ar an su\u00edomh. Uaireanta n\u00ed m\u00f3r duit f\u00f3s do chuid airgid a \u00fas\u00e1id (cuntas athluchtaithe) n\u00f3 c\u00f3d cur chun cinn \u00e1irithe a \u00fas\u00e1id chun luach saothair a fh\u00e1il.<\/p>\n<p>Ar nd\u00f3igh, t\u00e1 an tairiscint f\u00e1ilte roimh<a href=\"https:\/\/rocketplay-new.com\/ga\"> Rocket Play<\/a> Casino ann freisin. T\u00e1 fi\u00fa dh\u00e1 cheann acu, ionas go mbraitheann t\u00fa go speisialta tr\u00ed bheith i do bhall de phobal an t\u00ed cearrbhachais seo. Is \u00e9 pr\u00edomhchusp\u00f3ir na b\u00f3nais seo t\u00fa a mhealladh go dt\u00ed an Casino, do bankroll a mh\u00e9ad\u00fa agus t\u00fa a chur in aithne do roinnt sliot\u00e1n. N\u00ed f\u00e9idir ach le tosaitheoir\u00ed duaiseanna a fh\u00e1il. N\u00ed fhaigheann aon duine eile a leith\u00e9id de luach saothair.<\/p>\n<p>N\u00ed m\u00f3r d&#8217;aon cheasa\u00edneonna, m\u00e1s mian leis a l\u00e1n custaim\u00e9ir\u00ed a fh\u00e1il, teacht suas le rud \u00e9igin chun a n-a\u00edonna a mhealladh. Mar sin crutha\u00edonn na b\u00f3nais f\u00e1ilte roimh Rocket Play Casino ar l\u00edne go bhfuil an su\u00edomh seo r\u00e9idh chun bronntanais agus marga\u00ed iontacha a thabhairt duit ionas go mbainfidh t\u00fa taitneamh as an taith\u00ed a bhaineann le ham a chaitheamh anseo.<\/p>\n<p><span style=\"font-weight: 400;\"><div class=\"tosh-btn\"><a href=\"\/go-casino\/\" target=\"_blank\" rel=\"noopener\">FAIGH B\u00d3NAS<\/a><\/div><\/span><\/p>\n<h2>CINE\u00c1LACHA F\u00c1ILTE TAIRISCEANN S\u00cd C\u00c1S\u00d3IN ROICET PLAY<\/h2>\n<p>San institi\u00faid seo, chun duais a fh\u00e1il, n\u00ed m\u00f3r duit do chuntas a athl\u00e1n\u00fa. Is gn\u00e1thchleachtas \u00e9 seo. M\u00e1 t\u00e1 airgead ag duine ina chuntas cheana f\u00e9in, feictear don cheasa\u00edneonna gur tuaslag\u00f3ir \u00e9. Sa ch\u00e1s seo, t\u00e1 s\u00e9 i dteideal bronntanais n\u00edos flaithi\u00fala agus suimi\u00fala.<\/p>\n<p>Seo an m\u00e9id a tharla sa Casino seo. T\u00e1 na luach saothair i nd\u00e1ir\u00edre an-mhaith. Eis\u00edtear faoi dh\u00f3 iad:<\/p>\n<ul>\n<li>don ch\u00e9ad athshol\u00e1thar ar an gcuntas;<\/li>\n<li>le haghaidh ath-taisce.<\/li>\n<\/ul>\n<p>T\u00e1 rud \u00e9igin ann a dh\u00e9anann idirdheal\u00fa ar na b\u00f3nais f\u00e1ilte is fearr ag Rocket Play \u00f3n gcuid eile. Is \u00e9 seo a m\u00e9id agus a n-\u00e1bhar. Tar \u00e9is an tsaoil, chomh maith le hairgead, tabharfar spins saor in aisce duit i roinnt sliot\u00e1n.<\/p>\n<p>Tugtar an t-airgead i bhfoirm b\u00f3nais cluiche. Is cine\u00e1l lua\u00edochta \u00e9 seo, a mbraitheann an m\u00e9id ar do athshol\u00e1thar. Is c\u00e9atad\u00e1n \u00e1irithe den \u00e9arlais \u00e9 an b\u00f3nas. Sa Casino seo don ch\u00e9ad uair a gheobhaidh t\u00fa 100% breise, is \u00e9 sin, dh\u00e1 oiread an m\u00e9id. Agus an dara huair, beidh an m\u00e9id faoi thr\u00ed, mar go ngearrfaidh an Casino 200% ort.<\/p>\n<p>Is seolta\u00ed r\u00edl iad spins saor in aisce i sliot\u00e1n ar chostas an t\u00ed. Ar an su\u00edomh seo, beidh t\u00fa a thabhairt oiread agus is 100. Beidh an cheist a roinnt i ar\u00eds agus ar\u00eds eile ionas gur f\u00e9idir leat taitneamh a bhaint as an cluiche saor in aisce chomh fada agus is f\u00e9idir, agus gan \u00fas\u00e1id a bhaint as gach rud ag an am c\u00e9anna.<\/p>\n<p>Tharla\u00edonn s\u00e9 go raibh dh\u00e1 bh\u00f3nas cluiche taisce agus spins breise ag tairiscint f\u00e1ilte Rocket Play Astr\u00e1il mar bhronntanas do gach duine nach raibh eagla orthu \u00e9arlais a dh\u00e9anamh don ch\u00e9ad uair n\u00f3 don dara huair. Is annamh a bh\u00edonn coinn\u00edollacha den s\u00f3rt sin, agus mar sin is f\u00e9idir linn glacadh leis go bhfuil tairiscint iontach ag an institi\u00faid do dhaoine nua.<\/p>\n<p><img loading=\"lazy\" decoding=\"async\" class=\" wp-image-435 aligncenter\" src=\"https:\/\/rocketplay-new.com\/wp-content\/uploads\/2022\/09\/rocketplay-site-3-300x114.png\" alt=\"Rocket plat slots\" width=\"737\" height=\"280\" srcset=\"https:\/\/rocketplay-new.com\/wp-content\/uploads\/2022\/09\/rocketplay-site-3-300x114.png 300w, https:\/\/rocketplay-new.com\/wp-content\/uploads\/2022\/09\/rocketplay-site-3-768x291.png 768w, https:\/\/rocketplay-new.com\/wp-content\/uploads\/2022\/09\/rocketplay-site-3.png 930w\" sizes=\"auto, (max-width: 737px) 100vw, 737px\" \/><\/p>\n<p>Seice\u00e1il a n-peculiarities is m\u00f3.<\/p>\n<table>\n<tbody>\n<tr>\n<td>B\u00f3nas<\/td>\n<td>M\u00e9id<\/td>\n<td>\u00c9arlais \u00edosta<\/td>\n<td>Uasmh\u00e9id airgid<\/td>\n<td>Geall<\/td>\n<\/tr>\n<tr>\n<td>1 taisce<\/td>\n<td>Cuir 100% agus 100 spins leis<\/td>\n<td><span style=\"font-weight: 400;\">30 EUR<\/span><\/td>\n<td><span style=\"font-weight: 400;\">300 EUR<\/span><\/td>\n<td><span style=\"font-weight: 400;\">x40<\/span><\/td>\n<\/tr>\n<tr>\n<td>2 taisce<\/td>\n<td><span style=\"font-weight: 400;\">200%<\/span><\/td>\n<td><span style=\"font-weight: 400;\">75 EUR<\/span><\/td>\n<td><span style=\"font-weight: 400;\">300 EUR<\/span><\/td>\n<td><span style=\"font-weight: 400;\">x40<\/span><\/td>\n<\/tr>\n<\/tbody>\n<\/table>\n<p>Chomh maith leis sin, n\u00ed m\u00f3r duit fios a bheith agat nach f\u00e9idir seolta\u00ed r\u00edl saor in aisce a \u00fas\u00e1id ach amh\u00e1in i roinnt sliot\u00e1n, agus n\u00ed i ngach ceann as a ch\u00e9ile. Tugann an Casino seo duit an b\u00f3nas a chaitheamh ar na cluich\u00ed seo a leanas \u00f3 BGaming:<\/p>\n<ul>\n<li>Is sliot\u00e1n fionnuar \u00e9 Aztec Magic le gn\u00e9 titim r\u00edl a ligeann duit comhcheangail bhrab\u00fasacha a dh\u00e9anamh fi\u00fa gan na r\u00edleanna a sn\u00edomh;<\/li>\n<li>Is sliot\u00e1n t\u00e9ama na Sean-Ghr\u00e9ige \u00e9 Fire Lightning a thagann le siombail\u00ed b\u00f3nais agus go leor ruda\u00ed suimi\u00fala eile.<\/li>\n<\/ul>\n<p>M\u00e1 t\u00e1 t\u00fa r\u00e9idh chun an tairiscint f\u00e1ilte ceasa\u00edneo is fearr a fh\u00e1il Rocket Play, mar sin n\u00e1 caill do sheans agus cruthaigh cuntas anois!<\/p>\n<p><span style=\"font-weight: 400;\"><div class=\"tosh-btn\"><a href=\"\/go-casino\/\" target=\"_blank\" rel=\"noopener\">FAIGH B\u00d3NAS<\/a><\/div><\/span><\/p>\n<h2>Ceisteanna Coitianta faoi Bh\u00f3nais F\u00e1ilte<\/h2>\n<h3>CAD \u00c9 TR\u00c9IMHSE BAIL\u00cdOCHTA AN B\u00d3NAS SEO?<\/h3>\n<p>T\u00e1 s\u00e9 bail\u00ed ar feadh 5 l\u00e1. M\u00e1s rud \u00e9 le linn an ama seo nach bhfuil t\u00fa tar \u00e9is do chuntas a athl\u00e1n\u00fa n\u00f3 n\u00e1r thosaigh t\u00fa ag imirt leis an airgead seo, d\u00edghn\u00edomhacht\u00f3far an b\u00f3nas. Mar sin, tar \u00e9is cl\u00e1r\u00fa, n\u00ed g\u00e1 duit fanacht, n\u00ed m\u00f3r duit do chuntas a athl\u00e1n\u00fa l\u00e1ithreach agus gn\u00edomh\u00fa!<\/p>\n<h3>CONAS TUILLEADH AIRGEAD A FH\u00c1IL \u00d3N INSTITI\u00daID?<\/h3>\n<p>Chomh maith le f\u00e1ilte, t\u00e1 roinnt tairiscint\u00ed eile ag an gceasa\u00edneo. Mar shampla, le haghaidh roll\u00f3ir\u00ed ard. Leis, is f\u00e9idir leat n\u00edos m\u00f3 airgid a fh\u00e1il.<\/p>\n<h3>CONAS AN B\u00d3NAS A GHN\u00cdOMH\u00da?<\/h3>\n<p>N\u00ed m\u00f3r duit ach cuntas a chruth\u00fa, agus ansin ar a laghad 30 dollar na hAstr\u00e1ile a thaisceadh isteach i do chuntas. Cuirtear an b\u00f3nas i ngn\u00edomh go huathoibr\u00edoch tar \u00e9is na ngn\u00edomhartha seo.<\/p>\n<p>L\u00e9igh freisin faoi<span style=\"font-family: var(--global-body-font-family); font-size: 16px; font-weight: normal;\">: <\/span><a style=\"font-family: var(--global-body-font-family); font-size: 16px; font-weight: normal;\" href=\"https:\/\/rocketplay-new.com\/ga\/regular-bonuses\/\">B\u00f3nais Rialta Imirt Roic\u00e9id<\/a><\/p>\n","protected":false},"excerpt":{"rendered":"<p>T\u00e1 duaiseanna ann nach bhfuil ar f\u00e1il ach do dhaoine nua. Tugtar tairiscint\u00ed f\u00e1ilte ar na pribhl\u00e9id\u00ed sin. Cuirtear i ngn\u00edomh iad tar \u00e9is do dhuine cuntas a chruth\u00fa ar an su\u00edomh. Uaireanta n\u00ed m\u00f3r duit f\u00f3s do chuid airgid a \u00fas\u00e1id (cuntas athluchtaithe) n\u00f3 c\u00f3d cur chun cinn \u00e1irithe a \u00fas\u00e1id chun luach saothair&#8230;<\/p>\n","protected":false},"author":1,"featured_media":0,"parent":0,"menu_order":0,"comment_status":"closed","ping_status":"closed","template":"","meta":{"_acf_changed":false,"_kad_post_transparent":"default","_kad_post_title":"default","_kad_post_layout":"default","_kad_post_sidebar_id":"","_kad_post_content_style":"default","_kad_post_vertical_padding":"default","_kad_post_feature":"","_kad_post_feature_position":"","_kad_post_header":false,"_kad_post_footer":false,"footnotes":""},"class_list":["post-2606","page","type-page","status-publish","hentry"],"acf":[],"rttpg_featured_image_url":null,"rttpg_author":{"display_name":"John","author_link":"https:\/\/rocketplay-new.com\/ga\/author\/pemvas95n89x\/"},"rttpg_comment":0,"rttpg_category":null,"rttpg_excerpt":"T\u00e1 duaiseanna ann nach bhfuil ar f\u00e1il ach do dhaoine nua. Tugtar tairiscint\u00ed f\u00e1ilte ar na pribhl\u00e9id\u00ed sin. Cuirtear i ngn\u00edomh iad tar \u00e9is do dhuine cuntas a chruth\u00fa ar an su\u00edomh. Uaireanta n\u00ed m\u00f3r duit f\u00f3s do chuid airgid a \u00fas\u00e1id (cuntas athluchtaithe) n\u00f3 c\u00f3d cur chun cinn \u00e1irithe a \u00fas\u00e1id chun luach saothair...","_links":{"self":[{"href":"https:\/\/rocketplay-new.com\/ga\/wp-json\/wp\/v2\/pages\/2606","targetHints":{"allow":["GET"]}}],"collection":[{"href":"https:\/\/rocketplay-new.com\/ga\/wp-json\/wp\/v2\/pages"}],"about":[{"href":"https:\/\/rocketplay-new.com\/ga\/wp-json\/wp\/v2\/types\/page"}],"author":[{"embeddable":true,"href":"https:\/\/rocketplay-new.com\/ga\/wp-json\/wp\/v2\/users\/1"}],"replies":[{"embeddable":true,"href":"https:\/\/rocketplay-new.com\/ga\/wp-json\/wp\/v2\/comments?post=2606"}],"version-history":[{"count":4,"href":"https:\/\/rocketplay-new.com\/ga\/wp-json\/wp\/v2\/pages\/2606\/revisions"}],"predecessor-version":[{"id":11689,"href":"https:\/\/rocketplay-new.com\/ga\/wp-json\/wp\/v2\/pages\/2606\/revisions\/11689"}],"wp:attachment":[{"href":"https:\/\/rocketplay-new.com\/ga\/wp-json\/wp\/v2\/media?parent=2606"}],"curies":[{"name":"wp","href":"https:\/\/api.w.org\/{rel}","templated":true}]}}