{"id":2597,"date":"2022-06-13T20:16:21","date_gmt":"2022-06-13T17:16:21","guid":{"rendered":"https:\/\/rocketplay-new.com\/the-best-game-show\/"},"modified":"2025-04-03T22:05:27","modified_gmt":"2025-04-03T19:05:27","slug":"the-best-game-show","status":"publish","type":"page","link":"https:\/\/rocketplay-new.com\/ga\/the-best-game-show\/","title":{"rendered":"An Se\u00f3 Cluiche is Fearr ag RocketPlay Casino"},"content":{"rendered":"<p>Tairgeann cluich\u00ed <a href=\"https:\/\/rocketplay-new.com\/ga\/live-casino\/\">ceasa\u00edneo beo<\/a> spleodar timpeallacht fhisici\u00fail ceasa\u00edneo agus nascann siad \u00e9 sin le h\u00e1isi\u00falacht an chearrbhachais ar l\u00edne. Oibr\u00edonn se\u00f3 cluiche ceasa\u00edneo beo ar an mbealach c\u00e9anna, ach is tairiscint go hioml\u00e1n difri\u00fail \u00e9 do gamers.<\/p>\n<p>L\u00e9ir\u00edonn cluiche RocketPlay leibh\u00e9il \u00e1ise agus \u00e9asca\u00edocht rochtana f\u00f3s ard. Mar sin f\u00e9in, m\u00e9ada\u00edonn an excitement fi\u00fa n\u00edos m\u00f3. Tr\u00ed sult na gcluich\u00ed sruth\u00fa beo a mhacasamhl\u00fa, d\u00e9anann na t\u00e1irg\u00ed ceasa\u00edneo seo na himreoir\u00ed iad f\u00e9in a bheith ina r\u00e9alta\u00ed sa se\u00f3.<\/p>\n<p><img loading=\"lazy\" decoding=\"async\" class=\"aligncenter wp-image-4622\" src=\"https:\/\/rocketplay-new.com\/wp-content\/uploads\/2024\/02\/11.png\" alt=\"Best Game RocketPlay Casino \" width=\"800\" height=\"245\" srcset=\"https:\/\/rocketplay-new.com\/wp-content\/uploads\/2024\/02\/11.png 1671w, https:\/\/rocketplay-new.com\/wp-content\/uploads\/2024\/02\/11-300x92.png 300w, https:\/\/rocketplay-new.com\/wp-content\/uploads\/2024\/02\/11-1024x314.png 1024w, https:\/\/rocketplay-new.com\/wp-content\/uploads\/2024\/02\/11-768x235.png 768w, https:\/\/rocketplay-new.com\/wp-content\/uploads\/2024\/02\/11-1536x471.png 1536w\" sizes=\"auto, (max-width: 800px) 100vw, 800px\" \/><\/p>\n<h2>CONAS A BHFUIL CLUICHE CASINO BEO AG OBAIR<\/h2>\n<p>L\u00e9ir\u00edonn cluiche RocketPlay spins Astr\u00e1il, throws, agus gn\u00edomhartha eile a dh\u00e9anann \u00f3stach gairmi\u00fail agus ard-oilte. D\u00edreach mar at\u00e1 ar an teilif\u00eds, coinn\u00edonn \u00f3stach se\u00f3 cluich\u00ed ceasa\u00edneo an cluiche ar si\u00fal agus coinn\u00edonn s\u00e9 imreoir\u00ed s\u00e1sta, gafa agus sceitim\u00edn\u00ed.<\/p>\n<p>\u00d3 thaobh an imreora de, n\u00edl de dh\u00edth orthu ach nasc Idirl\u00edn agus gl\u00e9as le rochtain Idirl\u00edn. Log\u00e1lann an custaim\u00e9ir isteach ina chuntas ceasa\u00edneo agus roghna\u00edonn s\u00e9 a gcluiche roghnaithe d\u00edreach mar aon t\u00e1irge eile. \u00d3n gcuntas seo, is f\u00e9idir leis an imreoir nascadh le se\u00f3nna cluiche is fearr RocketPlay a dh\u00e9anann aithris ar sult an chearrbhachais bheo.<\/p>\n<p><span style=\"font-weight: 400;\">\u00a0<div class=\"go-btn-container\"><div class=\"tosh-btn\"><a href=\"\/go-casino\/\" target=\"_blank\" rel=\"noopener\">IMIR ANOIS<\/a><\/div><\/div> <\/span><\/p>\n<h2>IS FEARR se\u00f3nna cluiche beo<\/h2>\n<p>Tugann se\u00f3nna cluiche ar l\u00edne saor in aisce RocketPlay roinnt roghanna d\u2019imreoir\u00ed, c\u00e9 go bhfuil n\u00edos m\u00f3 t\u00f3ir ar roinnt cluich\u00ed n\u00e1 a ch\u00e9ile. F\u00e9achann na hailt seo a leanas den treoir seo ar chuid de na roghanna is m\u00f3 r\u00e1chairt. Mar sin f\u00e9in, n\u00ed thabharfaidh an chuid seo ach forbhreathn\u00fa gairid ar chuid de na se\u00f3nna cluiche beo is fearr seo. I measc cuid de na se\u00f3nna cluiche t\u00f3ir RocketPlay t\u00e1:<\/p>\n<ul>\n<li>Monaplacht Beo Evolution Gaming.<\/li>\n<li>Smeach Bonn Crazy Beo ag Evolution Gaming<\/li>\n<li>Mega Ball ag Evolution Gaming<\/li>\n<li>Dreamcatcher ag Evolution Gaming<\/li>\n<li>D\u00e9ile\u00e1il le n\u00f3 gan aon chomhaont\u00fa ag Evolution Gaming<\/li>\n<li>Sti\u00faideo beo sacair Evolution Gaming<\/li>\n<li>Airgead n\u00f3 titim ar Evolution Gaming<\/li>\n<li>D\u00edsle Lightning ag Evolution Gaming<\/li>\n<li>Roth Mega \u00f3 Pragmatic Play<\/li>\n<li>Eachtra\u00ed Playtech Thar Wonderland<\/li>\n<li>Airgead titim ag Playtech Live<\/li>\n<li>C\u00e9 at\u00e1 ag iarraidh a bheith ina millionaire \u00f3 Playtech?<\/li>\n<li>Buffalo Blitz \u00f3 Playtech<\/li>\n<li>Ezugi Keno<\/li>\n<li>Geallt\u00f3ireachta Ezugi ar na hUimhreacha.<\/li>\n<\/ul>\n<p>C\u00e9 go bhfuil an liosta thuas faoi cheannas cluich\u00ed \u00f3 Evolution Gaming, t\u00e1 an margadh ceasa\u00edneo beo \u00e9ags\u00fail agus \u00e9ags\u00fail. T\u00e1 go leor roghanna ann d\u2019imreoir\u00ed at\u00e1 ag iarraidh cluich\u00ed \u00f3 fhorbr\u00f3ir\u00ed agus sol\u00e1thraithe bogearra\u00ed \u00e9ags\u00fala a thriail. D&#8217;fh\u00e9adfadh s\u00e9 a bheith ina smaoineamh maith d&#8217;imreoir\u00ed triail a bhaint as cuideachta\u00ed bogearra\u00ed \u00e9ags\u00fala chun na cinn is fearr a fh\u00e1il.<\/p>\n<h2>NA CLUICH\u00cd D\u00cdOL\u00d3IR\u00cd BEO IS M\u00d3R R\u00c1ITEAS<\/h2>\n<p>Is f\u00e9idir le himreoir\u00ed taitneamh a bhaint as se\u00f3nna cluiche RocketPlay ar l\u00edne ar airgead, agus t\u00e1 an \u00e9ags\u00falacht seo ina fhacht\u00f3ir t\u00e1bhachtach sa t\u00f3ir a bh\u00ed ar an gcine\u00e1l seo cluiche. Ach cad iad na cluich\u00ed d\u00e9ile\u00e1la\u00ed beo is coitianta?<\/p>\n<p>Sol\u00e1thra\u00edonn na cluich\u00ed beo is fearr eisp\u00e9ireas spreag\u00fail d&#8217;imreoir\u00ed. C\u00e9 go bhfuil go leor beala\u00ed ag imreoir\u00ed aonair a chinneadh c\u00e9 na cluich\u00ed is fearr a oireann d\u00f3ibh, tugann athbhreithni\u00fa ar na cluich\u00ed is coitianta r\u00e9amhr\u00e1 cabhrach do thaispe\u00e1ntais cluich\u00ed beo. L\u00e9igh ar aghaidh chun tuilleadh a fhoghlaim faoi chuid de na cluich\u00ed is coitianta ar fud an domhain.<\/p>\n<p><img loading=\"lazy\" decoding=\"async\" class=\"aligncenter wp-image-4632\" src=\"https:\/\/rocketplay-new.com\/wp-content\/uploads\/2024\/02\/22.png\" alt=\"Best Game RocketPlay Casino 2\" width=\"800\" height=\"477\" srcset=\"https:\/\/rocketplay-new.com\/wp-content\/uploads\/2024\/02\/22.png 1345w, https:\/\/rocketplay-new.com\/wp-content\/uploads\/2024\/02\/22-300x179.png 300w, https:\/\/rocketplay-new.com\/wp-content\/uploads\/2024\/02\/22-1024x611.png 1024w, https:\/\/rocketplay-new.com\/wp-content\/uploads\/2024\/02\/22-768x458.png 768w\" sizes=\"auto, (max-width: 800px) 100vw, 800px\" \/><\/p>\n<h2>ROTH\u00c1N MEGA<\/h2>\n<p>T\u00e1 Mega Wheel \u00e1 thairiscint ag Pragmatic Play, sol\u00e1thra\u00ed agus sti\u00faideo bogearra\u00ed cluiche beo. Casann \u00f3stach an sti\u00faideo roth ina bhfuil 54 m\u00edr uimhrithe. N\u00ed m\u00f3r d\u2019imreoir\u00ed tuartha simpl\u00ed ach spreag\u00fala a dh\u00e9anamh maidir leis an gcaoi a gcasfaidh an roth agus c\u00e9n uimhir a thaispe\u00e1nfar nuair a bheidh an casadh cr\u00edochnaithe.<\/p>\n<p>Go dt\u00ed seo, fuaimeanna Mega Wheel beagnach cos\u00fail le roulette beo. C\u00e9 go bhfuil s\u00e9 seo f\u00edor &#8211; t\u00e1 bunghn\u00e9ithe an d\u00e1 chluiche mar an gc\u00e9anna &#8211; t\u00e1 go leor gn\u00e9ithe eile ann ar f\u00e9idir le himreoir\u00ed a \u00fas\u00e1id chun a gcuid geallta a mh\u00e9ad\u00fa agus excitement breise a chur leis.<\/p>\n<p><span style=\"font-weight: 400;\">\u00a0<div class=\"go-btn-container\"><div class=\"tosh-btn\"><a href=\"\/go-casino\/\" target=\"_blank\" rel=\"noopener\">IMIR ANOIS<\/a><\/div><\/div> <\/span><\/p>\n<h2>BEO BEO N\u00d3 N\u00cd AON D\u00e9ile\u00e1il<\/h2>\n<p>Leanann Live Deal or No Deal gameplay se\u00f3 teilif\u00edse m\u00f3r\u00e9ilimh. Roghna\u00edonn imreoir\u00ed bosca agus ansin f\u00e1gann siad bosca\u00ed eile as an gcluiche agus iad ag dul ar aghaidh tr\u00edd an gcluiche. Ag point\u00ed \u00e1irithe, d\u00e9anfar margadh a thairiscint d\u00f3ibh &#8211; go bun\u00fasach deis airgead tirim a dh\u00e9anamh.<\/p>\n<p>M\u00e1s f\u00e9idir le himreoir\u00ed f\u00e1il r\u00e9idh leis na cliathbhosca\u00ed leis an luach is airde sa chluiche, m\u00e9ada\u00edonn an riosca don <a href=\"https:\/\/rocketplay-new.com\/ga\/casino\/\">Casino<\/a> leis an margadh airgid amach a thairgtear. Ar an l\u00e1imh eile, m\u00e1 bhaintear na bosca\u00ed ar luach n\u00edos \u00edsle go luath, beidh an margadh airgid amach n\u00edos \u00edsle. T\u00e1 g\u00e1 le cinnteoireacht ch\u00faramach sa chluiche seo.<\/p>\n<h2>MONOPOLY BEO<\/h2>\n<p>Is cluiche cl\u00e1ir thriail \u00e9 Monopoly a bhfuil an-t\u00f3ir ar an teaghlach leis leis na gl\u00fanta anuas. Tugann an leagan se\u00f3 de Monaplacht i gceasa\u00edneo beo n\u00edos m\u00f3 spleodar agus taitneamh. Is f\u00e9idir le himreoir\u00ed taitneamh a bhaint as an gcluiche a bhfuil taith\u00ed acu air thar na blianta i su\u00edomh nua.<\/p>\n<p>T\u00e1 gameplay Monaplacht beo beag\u00e1n difri\u00fail \u00f3 na cluich\u00ed boird. In ionad dul tr\u00edd an mbord, maoin a cheannach agus maoin daoine eile a sheachaint, is \u00e9 sn\u00edomh an roth a chinneann cinni\u00faint an imreora. D\u00e9anann s\u00e9 seo Monaplacht Beo cos\u00fail le cluich\u00ed rotha\u00ed eile, ach \u00fas\u00e1ideann s\u00e9 go leor de na coincheapa a bhfuil taith\u00ed acu ar imreoir\u00ed Monaplacht.<\/p>\n<h2>AM MAD<\/h2>\n<p>Is \u00e9 Mad Time an ch\u00e9ad ghl\u00fain eile de th\u00e1irg\u00ed m\u00f3r\u00e9ilimh Evolution Gaming, Dream Catcher. Cuireann imreoir\u00ed geallta ar chodanna \u00e9ags\u00fala den roth faoi mhaoirseacht \u00f3stach gairmi\u00fail. Casann an t-\u00f3stach an roth, agus d\u00e9antar geallta a bhuachan agus a chailli\u00faint ar an casadh sin.<\/p>\n<p>Cuireann roinnt cluich\u00ed b\u00f3nais \u00e9ags\u00fala le deacracht agus sp\u00e9is na n-imreoir\u00ed. \u00c1ir\u00edtear ar na cluich\u00ed taobh breise seo Pachinko, Bonn Smeach, T\u00f3ra\u00edocht Airgid agus an cluiche teidil Am Crazy. In ainneoin an \u00e9ags\u00falacht agus an dinimiceas a chuireann na ceithre chluiche breise leis, t\u00e1 Crazy Time f\u00f3s \u00e9asca d\u2019imreoir\u00ed a mh\u00e1istir, le cuar foghlama milis agus cairdi\u00fail.<\/p>\n<p><img loading=\"lazy\" decoding=\"async\" class=\"aligncenter wp-image-4641\" src=\"https:\/\/rocketplay-new.com\/wp-content\/uploads\/2024\/02\/33.png\" alt=\"Best Game RocketPlay Casino 3\" width=\"800\" height=\"483\" srcset=\"https:\/\/rocketplay-new.com\/wp-content\/uploads\/2024\/02\/33.png 1342w, https:\/\/rocketplay-new.com\/wp-content\/uploads\/2024\/02\/33-300x181.png 300w, https:\/\/rocketplay-new.com\/wp-content\/uploads\/2024\/02\/33-1024x619.png 1024w, https:\/\/rocketplay-new.com\/wp-content\/uploads\/2024\/02\/33-768x464.png 768w\" sizes=\"auto, (max-width: 800px) 100vw, 800px\" \/><\/p>\n<h2>Liathr\u00f3id MEGA BEO<\/h2>\n<p>Mega Ball &#8211; L\u00e9ir\u00edonn cluiche a imirt ar l\u00edne RocketPlay by Evolution Gaming. Agus an cluiche seo \u00e1 imirt acu, oibr\u00edonn custaim\u00e9ir\u00ed le 51 liathr\u00f3id uimhrithe, a sheachadtar i bhform\u00e1id a bhfuil aithne ag imreoir\u00ed crannchuir orthu. T\u00e9ann an gameplay chun cinn go tapa, ag cur sceitim\u00edn\u00ed agus intrigue leis agus \u00e9 f\u00f3s s\u00e1ch \u00e9asca le h\u00fas\u00e1id agus \u00e9asca le foghlaim imreoir\u00ed.<\/p>\n<p>Chun rochtain a fh\u00e1il ar na liathr\u00f3id\u00ed uimhrithe seo, ceanna\u00edonn imreoir\u00ed c\u00e1rta\u00ed \u00e9ags\u00fala ar fi\u00fa suas le 200 iad in aghaidh an bhabhta cluiche. Tr\u00ed na c\u00e1rta\u00ed a mheaitse\u00e1il leis na liathr\u00f3id\u00ed de r\u00e9ir mar a tharraing\u00edtear iad crutha\u00edtear atmaisf\u00e9ar spreag\u00fail. Cuireann roinnt iolraitheoir\u00ed luacha \u00e9ags\u00fala leis an spleodar seo a thuilleadh.<\/p>\n<p>L\u00e9ir\u00edonn Cluiche Beo cluich\u00ed leis na teorainneacha geallt\u00f3ireachta is airde<br \/>\nBa ch\u00f3ir go mbeadh imreoir\u00ed ar an eolas faoi na teorainneacha geallt\u00f3ireachta agus iad ag roghn\u00fa cluiche ceasa\u00edneo beo. Seo iad na paraim\u00e9adair geallt\u00f3ireachta le breathn\u00fa orthu:<\/p>\n<ul>\n<li>Uasmh\u00e9id wager &#8211; an wager uasta is f\u00e9idir in aghaidh an chluiche.<\/li>\n<li>\u00cdosmh\u00e9id geall &#8211; an geall is \u00edsle is f\u00e9idir chun rochtain a fh\u00e1il ar an gcluiche.<\/li>\n<li>Uasmh\u00e9id Iolraitheora &#8211; an teorainn ar na hiolraitheoir\u00ed is f\u00e9idir a \u00fas\u00e1id le linn an chluiche.<\/li>\n<li>Win Ioml\u00e1n Ioml\u00e1n &#8211; Teorainn ar an m\u00e9id buaite a fuarthas ag an mbord.<\/li>\n<li>Aistarraingt uasta &#8211; An m\u00e9id airgid is m\u00f3 is f\u00e9idir a tharraingt siar \u00f3 chuntas an imreora.<\/li>\n<li>Aistarraingt \u00cdosta &#8211; An t-\u00edosmh\u00e9id airgid is f\u00e9idir a tharraingt siar \u00f3n gcuntas ceasa\u00edneo.<\/li>\n<\/ul>\n","protected":false},"excerpt":{"rendered":"<p>Tairgeann cluich\u00ed ceasa\u00edneo beo spleodar timpeallacht fhisici\u00fail ceasa\u00edneo agus nascann siad \u00e9 sin le h\u00e1isi\u00falacht an chearrbhachais ar l\u00edne. Oibr\u00edonn se\u00f3 cluiche ceasa\u00edneo beo ar an mbealach c\u00e9anna, ach is tairiscint go hioml\u00e1n difri\u00fail \u00e9 do gamers. L\u00e9ir\u00edonn cluiche RocketPlay leibh\u00e9il \u00e1ise agus \u00e9asca\u00edocht rochtana f\u00f3s ard. Mar sin f\u00e9in, m\u00e9ada\u00edonn an excitement fi\u00fa n\u00edos&#8230;<\/p>\n","protected":false},"author":1,"featured_media":0,"parent":0,"menu_order":0,"comment_status":"closed","ping_status":"closed","template":"","meta":{"_acf_changed":false,"_kad_post_transparent":"default","_kad_post_title":"default","_kad_post_layout":"default","_kad_post_sidebar_id":"","_kad_post_content_style":"default","_kad_post_vertical_padding":"default","_kad_post_feature":"","_kad_post_feature_position":"","_kad_post_header":false,"_kad_post_footer":false,"footnotes":""},"class_list":["post-2597","page","type-page","status-publish","hentry"],"acf":[],"rttpg_featured_image_url":null,"rttpg_author":{"display_name":"John","author_link":"https:\/\/rocketplay-new.com\/ga\/author\/pemvas95n89x\/"},"rttpg_comment":0,"rttpg_category":null,"rttpg_excerpt":"Tairgeann cluich\u00ed ceasa\u00edneo beo spleodar timpeallacht fhisici\u00fail ceasa\u00edneo agus nascann siad \u00e9 sin le h\u00e1isi\u00falacht an chearrbhachais ar l\u00edne. Oibr\u00edonn se\u00f3 cluiche ceasa\u00edneo beo ar an mbealach c\u00e9anna, ach is tairiscint go hioml\u00e1n difri\u00fail \u00e9 do gamers. L\u00e9ir\u00edonn cluiche RocketPlay leibh\u00e9il \u00e1ise agus \u00e9asca\u00edocht rochtana f\u00f3s ard. Mar sin f\u00e9in, m\u00e9ada\u00edonn an excitement fi\u00fa n\u00edos...","_links":{"self":[{"href":"https:\/\/rocketplay-new.com\/ga\/wp-json\/wp\/v2\/pages\/2597","targetHints":{"allow":["GET"]}}],"collection":[{"href":"https:\/\/rocketplay-new.com\/ga\/wp-json\/wp\/v2\/pages"}],"about":[{"href":"https:\/\/rocketplay-new.com\/ga\/wp-json\/wp\/v2\/types\/page"}],"author":[{"embeddable":true,"href":"https:\/\/rocketplay-new.com\/ga\/wp-json\/wp\/v2\/users\/1"}],"replies":[{"embeddable":true,"href":"https:\/\/rocketplay-new.com\/ga\/wp-json\/wp\/v2\/comments?post=2597"}],"version-history":[{"count":5,"href":"https:\/\/rocketplay-new.com\/ga\/wp-json\/wp\/v2\/pages\/2597\/revisions"}],"predecessor-version":[{"id":5922,"href":"https:\/\/rocketplay-new.com\/ga\/wp-json\/wp\/v2\/pages\/2597\/revisions\/5922"}],"wp:attachment":[{"href":"https:\/\/rocketplay-new.com\/ga\/wp-json\/wp\/v2\/media?parent=2597"}],"curies":[{"name":"wp","href":"https:\/\/api.w.org\/{rel}","templated":true}]}}