{"id":2583,"date":"2022-08-18T13:21:33","date_gmt":"2022-08-18T10:21:33","guid":{"rendered":"https:\/\/rocketplay-new.com\/slot-machines\/wizard-of-oz\/"},"modified":"2025-11-25T23:26:17","modified_gmt":"2025-11-25T20:26:17","slug":"wizard-of-oz","status":"publish","type":"page","link":"https:\/\/rocketplay-new.com\/ga\/slot-machines\/wizard-of-oz\/","title":{"rendered":"L\u00e9irmheas Wizard of Oz Sliot\u00e1n"},"content":{"rendered":"<p>Is gn\u00e1thchleachtas \u00e9 sc\u00e9alta fairy leana\u00ed a bheith ina n-inspior\u00e1id d&#8217;fhorbr\u00f3ir\u00ed cearrbhachais. Tar \u00e9is an tsaoil, t\u00e1 \u00edomh\u00e1nna fairy-sc\u00e9al ar eolas agus eolach do gach duine \u00f3 aois an-\u00f3g. Mar sin beidh sliot\u00e1n Wizard of Oz in ann an t-imreoir a aistri\u00fa go saol ficsean\u00fail \u00e1it nach f\u00e9idir leat spraoi a bheith agat agus \u00e9al\u00fa \u00f3n r\u00e9altacht ach freisin airgead breise a thuilleamh.<\/p>\n<p><span style=\"font-weight: 400;\"><div class=\"tosh-btn\"><a href=\"\/go-casino\/\" target=\"_blank\" rel=\"noopener\">FAIGH B\u00d3NAS<\/a><\/div> <\/span><\/p>\n<h2>Wizard of Oz: An bhfuil s\u00e9 Brab\u00fasach Imirt ar Airgead?<\/h2>\n<p>An bhfuil s\u00e9 f\u00edor airgead a thuilleamh sa chluiche Wizard of Oz Tar \u00e9is duit staid\u00e9ar a dh\u00e9anamh ar an sliot\u00e1n seo, is f\u00e9idir leat freagra a thabhairt go muin\u00edneach &#8211; t\u00e1! T\u00e1 go leor feidhmeanna ag baint leis seo:<\/p>\n<ul>\n<li>roinnt babhta\u00ed b\u00f3nais;<\/li>\n<li>respins as caillteanas siombail\u00ed \u00e1irithe;<\/li>\n<li>gn\u00e9 5 spins saor in aisce i ndiaidh a ch\u00e9ile;<\/li>\n<li>iolraitheoir\u00ed geall randamach;<\/li>\n<li>pota \u00f3ir.<\/li>\n<\/ul>\n<p>Mar sin, n\u00e1 caill an deis f\u00edor-airgead a infheisti\u00fa sa sliot\u00e1n seo. Ach is f\u00e9idir le l\u00edon m\u00f3r feidhmeanna \u00e9ags\u00fala mearbhall a chur ar an imreoir. Mar sin is \u00e9 an modh taispe\u00e1na an bealach is fearr chun imirt Wizard of Oz a thriail, at\u00e1 ar f\u00e1il i gc\u00f3na\u00ed d\u2019imreoir\u00ed na h\u00c9ireann.<\/p>\n<p style=\"text-align: center;\"><img loading=\"lazy\" decoding=\"async\" class=\"aligncenter wp-image-308 size-full\" src=\"https:\/\/rocketplay-new.com\/wp-content\/uploads\/2022\/08\/wizard-of-oz-logo.jpeg\" alt=\"Wizard of Oz logo\" width=\"1024\" height=\"500\" srcset=\"https:\/\/rocketplay-new.com\/wp-content\/uploads\/2022\/08\/wizard-of-oz-logo.jpeg 1024w, https:\/\/rocketplay-new.com\/wp-content\/uploads\/2022\/08\/wizard-of-oz-logo-300x146.jpeg 300w, https:\/\/rocketplay-new.com\/wp-content\/uploads\/2022\/08\/wizard-of-oz-logo-768x375.jpeg 768w\" sizes=\"auto, (max-width: 1024px) 100vw, 1024px\" \/><\/p>\n<h2>SONRA\u00cd GAME &amp; GN\u00c9ITHE<\/h2>\n<p>Cuirimis t\u00fas le tr\u00e9ithe seachtracha an mheirleach aon-armtha ar l\u00edne seo. D\u00e9anta as sa st\u00edl th\u00e9amach agus t\u00e1 s\u00e9 ag teacht go hioml\u00e1n leis an sc\u00e9al fairy. Taispe\u00e1nann an c\u00falra an chathair emerald d\u00fainn agus feidhm\u00edonn carachtair agus r\u00e9ada \u00f3 sc\u00e9al fairy mar shiombail\u00ed. Mar shampla:<\/p>\n<ul>\n<li>cail\u00edn Dorothy;<\/li>\n<li>fear iarann;<\/li>\n<li>scarecrow ;<\/li>\n<li>fear leon;<\/li>\n<li>cailleach;<\/li>\n<li>draoi ;<\/li>\n<li>si\u00f3g Glinda;<\/li>\n<li>madra Toto;<\/li>\n<li>\u00edomh\u00e1 de na pr\u00edomhcharachtair &#8220;Cairde&#8221;;<\/li>\n<li>ruda\u00ed \u00e9ags\u00fala: cise\u00e1n, l\u00edreac\u00e1in, \u00fall, gloine uair an chloig.<\/li>\n<\/ul>\n<p>N\u00edor chuir an forbr\u00f3ir \u00edomh\u00e1nna tipici\u00fail de cheasa\u00edneonna san \u00e1ireamh anseo, agus is \u00e9 sin an f\u00e1th a seasann Wizard of Oz ar l\u00edne amach \u00f3n gcuid eile.<\/p>\n<p>N\u00edl an tionlacan ceoil dofheicthe. N\u00ed dh\u00e9antar an fhuaim a iomp\u00fa ach amh\u00e1in le linn uain\u00edocht na r\u00edleanna agus foirmi\u00fa comhcheangail.<\/p>\n<p>Pr\u00edomhghn\u00e9ithe at\u00e1 t\u00e1bhachtach do chearrbhachas:<\/p>\n<ul>\n<li>Siombail Scaip &#8211; t\u00e1, roinnt;<\/li>\n<li>iolraitheoir\u00ed &#8211; t\u00e1;<\/li>\n<li>siombail Pota \u00d3ir &#8211; t\u00e1;<\/li>\n<li>cluiche uathoibr\u00edoch &#8211; t\u00e1;<\/li>\n<li>cluiche le b\u00f3nais &#8211; t\u00e1;<\/li>\n<li>Siombail fhi\u00e1in (a ionada\u00edonn daoine eile) \u2013 t\u00e1;<\/li>\n<li>spins saor in aisce (respins agus i mbabhta ar leith) &#8211; t\u00e1.<\/li>\n<\/ul>\n<p>A bhu\u00edochas leis seo, t\u00e1 an gameplay \u00e9ags\u00fail agus suimi\u00fail. Is minic a thagann buachan. T\u00e1 siad beag, ach go ginear\u00e1lta, is f\u00e9idir leat brath ar mh\u00e9ad\u00fa de r\u00e9ir a ch\u00e9ile ar do bankroll. D\u00e1 airde do geall, is ea is m\u00f3 a bheidh an duais.<\/p>\n<p>T\u00e1 t\u00e1scair\u00ed teicni\u00fala Wizard of Oz Astr\u00e1il me\u00e1n. Is \u00e9 an RTP anseo 95.99%, arb \u00e9 an me\u00e1n don mhargadh. T\u00e1 an luaineacht beag\u00e1n faoi bhun an mhe\u00e1in. N\u00edl s\u00e9 seo go maith n\u00e1 go dona, agus n\u00ed m\u00f3r duit ach fios a bheith agat nach dtabharfaidh an meais\u00edn bua m\u00f3r duit l\u00e1ithreach. T\u00e1 an sliot\u00e1n seo n\u00edos oiri\u00fana\u00ed le haghaidh s\u00fagartha fadt\u00e9armach.<\/p>\n<h2><img loading=\"lazy\" decoding=\"async\" class=\"aligncenter wp-image-311 size-full\" style=\"text-align: center; font-family: var(--global-body-font-family); font-size: 16px; font-weight: normal;\" src=\"https:\/\/rocketplay-new.com\/wp-content\/uploads\/2022\/08\/wizard-of-oz-slot-2.png\" alt=\"wizard of oz slot\" width=\"853\" height=\"480\" srcset=\"https:\/\/rocketplay-new.com\/wp-content\/uploads\/2022\/08\/wizard-of-oz-slot-2.png 853w, https:\/\/rocketplay-new.com\/wp-content\/uploads\/2022\/08\/wizard-of-oz-slot-2-300x169.png 300w, https:\/\/rocketplay-new.com\/wp-content\/uploads\/2022\/08\/wizard-of-oz-slot-2-768x432.png 768w\" sizes=\"auto, (max-width: 853px) 100vw, 853px\" \/><\/h2>\n<h2>Ag teacht ar choncl\u00faid\u00ed faoin sliot\u00e1n Wizard of Oz<\/h2>\n<p>Eis\u00edodh an cluiche seo i 2011 agus chuir s\u00e9 in i\u00fal go foirfe atmaisf\u00e9ar an scann\u00e1in d&#8217;aois. D\u00e9antar an chuma i st\u00edl retro, rud a d&#8217;fh\u00e9adfadh a bheith cuma as d\u00e1ta. Ach, de r\u00e9ir smaoineamh an fhorbr\u00f3ra WMS, ba cheart go gcuirfeadh s\u00e9 seo leid don imreoir faoin scann\u00e1n, a eis\u00edodh i 1939. Iompra\u00edonn na beochana agus mais\u00edochta\u00ed fuaime anonn go dt\u00ed an t-am sin freisin, mar sin in ainneoin chaighde\u00e1n \u00edseal na ngrafaic\u00ed, t\u00e1 \u00fadar maith leis.<\/p>\n<p>De r\u00e9ir t\u00e1scair\u00ed teicni\u00fala, t\u00e1 an sliot\u00e1n seo me\u00e1nach. T\u00e1 go leor gn\u00e9ithe fionnuar ann a ligeann duit airgead a thuilleamh. Ach t\u00e1 an c\u00e9atad\u00e1n RTP \u00edseal, agus l\u00e9ir\u00edonn s\u00e9 seo nach mbeidh an cluiche a thabhairt bua m\u00f3r go minic. T\u00e1 s\u00e9 go maith don fhadt\u00e9arma.<\/p>\n<p>Moltar do chearrbhachas nach bhfuil cur amach acu air meais\u00edn\u00ed sliot\u00e1n saor in aisce Wizard of Oz a thriail. Go ginear\u00e1lta, is f\u00e9idir linn an forbr\u00f3ir a mholadh le haghaidh smaoineamh suimi\u00fail. Is f\u00edorbheag\u00e1n sliot\u00e1n d\u00e1 leith\u00e9id, mar sin seasann siad go fabhrach i gc\u00f3na\u00ed \u00f3n gcuid eile.<\/p>\n<p><span style=\"font-weight: 400;\"><div class=\"tosh-btn\"><a href=\"\/go-casino\/\" target=\"_blank\" rel=\"noopener\">FAIGH B\u00d3NAS<\/a><\/div> <\/span><\/p>\n<h2>CEISTEANNA MAIDIR LE HIMREOIR NUA<\/h2>\n<h3>AN F\u00c9IDIR L\u00cdON NA L\u00cdNTE \u00cdOCTHA SA SLIOM SEO A Choigeart\u00fa?<\/h3>\n<p>T\u00e1 30 l\u00edne p\u00e1 ag The Wizard of Oz a ghn\u00edomha\u00edtear go huathoibr\u00edoch nuair a thosa\u00edonn t\u00fa an cluiche. Ach is f\u00e9idir an m\u00e9id seo a athr\u00fa sna socruithe a oscla\u00edonn faoin gcnaipe chun na r\u00edleanna a sheoladh.<\/p>\n<h3>CAD IAD NA M\u00c9IDEANNA UASACH AGUS \u00cdOSTA GEALLTA SA Sliot\u00e1n SEO?<\/h3>\n<p>Ar l\u00edne amh\u00e1in, is f\u00e9idir leat a shocr\u00fa geall ar an m\u00e9id 0.01 go 2. Mar sin, tharla\u00edonn s\u00e9 go raibh i airgead, an geall uasta a bheith 60 (30 l\u00ednte, 2 boinn as an t-iarmh\u00e9id do gach ceann acu).<\/p>\n<h3>Conas a oscla\u00edonn Wizard of Oz an babhta b\u00f3nais?<\/h3>\n<p>Chun seo a dh\u00e9anamh, n\u00ed m\u00f3r duit siombail speisialta a thabhairt i dt\u00edr ar cheann de na r\u00edleanna. Ina measc t\u00e1 pr\u00edomhcharachtair an sc\u00e9il: Dorothy, an Scarecrow, Iron Man, an Cowardly Lion, an Cailleach, an Draoi, agus an Liathr\u00f3id Dra\u00edochta. Nuair a thuirling\u00edonn siad ar an bp\u00e1irc, spreagtar beochan nua, agus is f\u00e9idir leis an imreoir taitneamh a bhaint as an gcluiche b\u00f3nais, a shol\u00e1thra\u00edonn na rialacha.<\/p>\n<p><strong>L\u00e9irmheasanna ar sliot\u00e1n:<\/strong><\/p>\n<ul>\n<li><a href=\"https:\/\/rocketplay-new.com\/ga\/slot-machines\/buffalo-gold\/\">Buffalo Gold<\/a><\/li>\n<li><a href=\"https:\/\/rocketplay-new.com\/ga\/slot-machines\/lucky-88\/\">Lucky 88<\/a><\/li>\n<\/ul>\n","protected":false},"excerpt":{"rendered":"<p>Is gn\u00e1thchleachtas \u00e9 sc\u00e9alta fairy leana\u00ed a bheith ina n-inspior\u00e1id d&#8217;fhorbr\u00f3ir\u00ed cearrbhachais. Tar \u00e9is an tsaoil, t\u00e1 \u00edomh\u00e1nna fairy-sc\u00e9al ar eolas agus eolach do gach duine \u00f3 aois an-\u00f3g. Mar sin beidh sliot\u00e1n Wizard of Oz in ann an t-imreoir a aistri\u00fa go saol ficsean\u00fail \u00e1it nach f\u00e9idir leat spraoi a bheith agat agus \u00e9al\u00fa&#8230;<\/p>\n","protected":false},"author":1,"featured_media":0,"parent":2271,"menu_order":0,"comment_status":"closed","ping_status":"closed","template":"","meta":{"_acf_changed":false,"_kad_post_transparent":"default","_kad_post_title":"default","_kad_post_layout":"default","_kad_post_sidebar_id":"","_kad_post_content_style":"default","_kad_post_vertical_padding":"default","_kad_post_feature":"","_kad_post_feature_position":"","_kad_post_header":false,"_kad_post_footer":false,"footnotes":""},"class_list":["post-2583","page","type-page","status-publish","hentry"],"acf":[],"rttpg_featured_image_url":null,"rttpg_author":{"display_name":"John","author_link":"https:\/\/rocketplay-new.com\/ga\/author\/pemvas95n89x\/"},"rttpg_comment":0,"rttpg_category":null,"rttpg_excerpt":"Is gn\u00e1thchleachtas \u00e9 sc\u00e9alta fairy leana\u00ed a bheith ina n-inspior\u00e1id d&#8217;fhorbr\u00f3ir\u00ed cearrbhachais. Tar \u00e9is an tsaoil, t\u00e1 \u00edomh\u00e1nna fairy-sc\u00e9al ar eolas agus eolach do gach duine \u00f3 aois an-\u00f3g. Mar sin beidh sliot\u00e1n Wizard of Oz in ann an t-imreoir a aistri\u00fa go saol ficsean\u00fail \u00e1it nach f\u00e9idir leat spraoi a bheith agat agus \u00e9al\u00fa...","_links":{"self":[{"href":"https:\/\/rocketplay-new.com\/ga\/wp-json\/wp\/v2\/pages\/2583","targetHints":{"allow":["GET"]}}],"collection":[{"href":"https:\/\/rocketplay-new.com\/ga\/wp-json\/wp\/v2\/pages"}],"about":[{"href":"https:\/\/rocketplay-new.com\/ga\/wp-json\/wp\/v2\/types\/page"}],"author":[{"embeddable":true,"href":"https:\/\/rocketplay-new.com\/ga\/wp-json\/wp\/v2\/users\/1"}],"replies":[{"embeddable":true,"href":"https:\/\/rocketplay-new.com\/ga\/wp-json\/wp\/v2\/comments?post=2583"}],"version-history":[{"count":3,"href":"https:\/\/rocketplay-new.com\/ga\/wp-json\/wp\/v2\/pages\/2583\/revisions"}],"predecessor-version":[{"id":5947,"href":"https:\/\/rocketplay-new.com\/ga\/wp-json\/wp\/v2\/pages\/2583\/revisions\/5947"}],"up":[{"embeddable":true,"href":"https:\/\/rocketplay-new.com\/ga\/wp-json\/wp\/v2\/pages\/2271"}],"wp:attachment":[{"href":"https:\/\/rocketplay-new.com\/ga\/wp-json\/wp\/v2\/media?parent=2583"}],"curies":[{"name":"wp","href":"https:\/\/api.w.org\/{rel}","templated":true}]}}