{"id":2563,"date":"2022-08-18T12:23:24","date_gmt":"2022-08-18T09:23:24","guid":{"rendered":"https:\/\/rocketplay-new.com\/slot-machines\/starburst\/"},"modified":"2025-11-25T23:28:34","modified_gmt":"2025-11-25T20:28:34","slug":"starburst","status":"publish","type":"page","link":"https:\/\/rocketplay-new.com\/ga\/slot-machines\/starburst\/","title":{"rendered":"Athbhreithni\u00fa Starburst Sliot\u00e1n"},"content":{"rendered":"<p>T\u00e1 an sp\u00e1s mist\u00e9ireach lena fairsinge gan teorainn agus r\u00e9altbhu\u00edonta geal r\u00e9idh chun f\u00e1ilte a chur romhat i sliot\u00e1n Starburst Australia. M\u00e1s mian leat, sp\u00e1saire f\u00edor, sp\u00e1s surf, agus airgead a thuilleamh sa chluiche f\u00edse\u00e1n uath\u00fail. Seoladh Starburst ar l\u00edne agus tuig cad iad na sliot\u00e1in c\u00e1il\u00edochta.<\/p>\n<p><span style=\"font-weight: 400;\"><div class=\"tosh-btn\"><a href=\"\/go-casino\/\" target=\"_blank\" rel=\"noopener\">FAIGH B\u00d3NAS<\/a><\/div> <\/span><\/p>\n<h2>Beag\u00e1n FAOI CONAS A THUGTAR STARBUS<\/h2>\n<p>C\u00e9 gur chruthaigh NetEnt sliot\u00e1n Starburst in 2012, n\u00edor chaill s\u00e9 a \u00e1bharthacht go dt\u00ed an l\u00e1 at\u00e1 inniu ann. Gach bu\u00edochas le dearadh timeless agus gn\u00e9ithe an-bunt\u00e1iste.<\/p>\n<p>Bh\u00ed an sliot\u00e1n spreagtha ag an t\u00e9ama sp\u00e1is, at\u00e1 coitianta i dtithe cearrbhachais agus at\u00e1 suimi\u00fail do gamblers. Ag an am a scaoileadh, d&#8217;fh\u00e9ach s\u00e9 \u00far agus bunaidh, agus fi\u00fa anois, t\u00e1 m\u00f3r\u00e1n athraithe.<\/p>\n<p>Meastar go bhfuil an sliot\u00e1n seo nu\u00e1lach mar gheall ar na l\u00ednte p\u00e1 a thugann buaiteanna i dtreo ar bith. I mbandit\u00ed caighde\u00e1nacha aon-armtha, n\u00ed tharla\u00edonn s\u00e9 seo ach \u00f3 chl\u00e9 go deas.<\/p>\n<p style=\"text-align: center;\"><img loading=\"lazy\" decoding=\"async\" class=\"aligncenter wp-image-305 size-full\" src=\"https:\/\/rocketplay-new.com\/wp-content\/uploads\/2022\/08\/starburst-logo.jpeg\" alt=\"starburst logo\" width=\"752\" height=\"500\" srcset=\"https:\/\/rocketplay-new.com\/wp-content\/uploads\/2022\/08\/starburst-logo.jpeg 752w, https:\/\/rocketplay-new.com\/wp-content\/uploads\/2022\/08\/starburst-logo-300x199.jpeg 300w\" sizes=\"auto, (max-width: 752px) 100vw, 752px\" \/><\/p>\n<h2>SIOMBAIL STARBURST: A LUACH, A BHR\u00cd, AGUS A bhFEIDHMEANNA SPEISIALTA<\/h2>\n<p>C\u00e9 gur sp\u00e1s \u00e9 t\u00e9ama na sliot\u00e1n, t\u00e1 na siombail\u00ed anseo traidisi\u00fanta do cheasa\u00edneonna: GEMS, Sevens, agus an Barra inscr\u00edbhinn. T\u00e1 ceann amh\u00e1in eile &#8211; r\u00e9alta il-daite lonrach an t-aon siombail speisialta sa sliot\u00e1n, a thagann in ionad an b\u00f3nas agus fi\u00e1in.<\/p>\n<p>Breathna\u00edmid ar an gcl\u00e1r \u00edoca\u00edochta ionas gur f\u00e9idir leat a thuiscint c\u00e9 mh\u00e9ad f\u00edor-airgead is f\u00e9idir leis an gcluiche seo a thabhairt.<\/p>\n<table style=\"width: 602px;\" border=\"0\" width=\"602\" cellspacing=\"0\" cellpadding=\"0\">\n<tbody>\n<tr>\n<td>\n<p align=\"center\">Cainn\u00edocht ar na r\u00edleanna<\/p>\n<\/td>\n<td>\n<p align=\"center\">3<\/p>\n<\/td>\n<td>\n<p align=\"center\">4<\/p>\n<\/td>\n<td>\n<p align=\"center\">5<\/p>\n<\/td>\n<\/tr>\n<tr>\n<td>\n<p align=\"center\">Cloch chorcra<\/p>\n<\/td>\n<td>\n<p align=\"center\">5<\/p>\n<\/td>\n<td>\n<p align=\"center\">10<\/p>\n<\/td>\n<td>\n<p align=\"center\">25<\/p>\n<\/td>\n<\/tr>\n<tr>\n<td style=\"height: 29px;\">\n<p align=\"center\">Gorm<\/p>\n<\/td>\n<td style=\"height: 29px;\">\n<p align=\"center\">5<\/p>\n<\/td>\n<td style=\"height: 29px;\">\n<p align=\"center\">10<\/p>\n<\/td>\n<td style=\"height: 29px;\">\n<p align=\"center\">25<\/p>\n<\/td>\n<\/tr>\n<tr>\n<td>\n<p align=\"center\">Dearg<\/p>\n<\/td>\n<td>\n<p align=\"center\">7<\/p>\n<\/td>\n<td>\n<p align=\"center\">15<\/p>\n<\/td>\n<td>\n<p align=\"center\">40<\/p>\n<\/td>\n<\/tr>\n<tr>\n<td>\n<p align=\"center\">Glas<\/p>\n<\/td>\n<td>\n<p align=\"center\">8<\/p>\n<\/td>\n<td>\n<p align=\"center\">20<\/p>\n<\/td>\n<td>\n<p align=\"center\">50<\/p>\n<\/td>\n<\/tr>\n<tr>\n<td>\n<p align=\"center\">Bu\u00ed<\/p>\n<\/td>\n<td>\n<p align=\"center\">10<\/p>\n<\/td>\n<td>\n<p align=\"center\">25<\/p>\n<\/td>\n<td>\n<p align=\"center\">60<\/p>\n<\/td>\n<\/tr>\n<tr>\n<td>\n<p align=\"center\">Seacht<\/p>\n<\/td>\n<td>\n<p align=\"center\">25<\/p>\n<\/td>\n<td>\n<p align=\"center\">60<\/p>\n<\/td>\n<td>\n<p align=\"center\">120<\/p>\n<\/td>\n<\/tr>\n<tr>\n<td>\n<p align=\"center\">BAR<\/p>\n<\/td>\n<td>\n<p align=\"center\">500<\/p>\n<\/td>\n<td>\n<p align=\"center\">200<\/p>\n<\/td>\n<td>\n<p align=\"center\">250<\/p>\n<\/td>\n<\/tr>\n<\/tbody>\n<\/table>\n<p>&nbsp;<\/p>\n<p>T\u00e1 an deilbh\u00edn r\u00e9alta fi\u00e1in. T\u00e1 dh\u00e1 fheidhm aige, agus is \u00e9 an ch\u00e9ad cheann acu siombail\u00ed eile a chur in ionad chun brab\u00fas a dh\u00e9anamh. Ina theannta sin, \u00e1it\u00edonn s\u00e9 an r\u00edl ioml\u00e1n agus triggers babhta de respins. N\u00ed f\u00e9idir an babhta b\u00f3nais a athdh\u00e9anamh ach 3 huaire. Cialla\u00edonn s\u00e9 seo nach ligeann an cluiche duit ach na r\u00edleanna a chasadh 3 huaire saor in aisce i mbabhta amh\u00e1in.<\/p>\n<p>Sa ch\u00e1s seo, t\u00e1 na tr\u00ed r\u00edl (2, 3, agus 4) l\u00edonta le siombail an r\u00e9alta. Faigheann an t-imreoir an bua ar na 10 l\u00edne go l\u00e9ir ag an am c\u00e9anna. Is b\u00f3nas bunaidh agus neamhghn\u00e1ch \u00e9 seo a mheallann gamblers.<\/p>\n<p>D\u00e1 bhr\u00ed sin, fi\u00fa in ainneoin nach bhfuil an gn\u00e1thchluiche riosca n\u00f3 babhta b\u00f3nais l\u00e1n-chuimsitheach ar f\u00e1il, is fearr le go leor an meirleach aon-armtha seo. T\u00e1 an pr\u00f3iseas bailithe siombail\u00ed fi\u00e1in dian agus gambling agus t\u00e1 beochan speisialta agus eilimint\u00ed fuaime ag gabh\u00e1il leis.<\/p>\n<p><span style=\"font-weight: 400;\"><div class=\"tosh-btn\"><a href=\"\/go-casino\/\" target=\"_blank\" rel=\"noopener\">FAIGH B\u00d3NAS<\/a><\/div> <\/span><\/p>\n<h2>EOLAS TEICNI\u00daIL STARBURST: luaineacht, RTP, AGUS spins SAOR IN AISCE<\/h2>\n<p>T\u00e1 t\u00e1scair\u00ed teicni\u00fala an mheais\u00edn seo me\u00e1n. Ach ag an am c\u00e9anna, t\u00e1 s\u00e9 f\u00f3s ar cheann de na Favorites i measc gamblers. Feicfimid cad iad na gn\u00e9ithe at\u00e1 aige:<\/p>\n<ul>\n<li>RTP \u2013 96.1%;<\/li>\n<li>t\u00e1 luaineacht \u00edseal;<\/li>\n<li>l\u00edon l\u00ednte p\u00e1 &#8211; 10;<\/li>\n<li>leagan amach na p\u00e1irce \u2013 5 faoi 3.<\/li>\n<\/ul>\n<p>Is \u00e9 an c\u00e9atad\u00e1n RTP me\u00e1n don tionscal cearrbhachais. Cialla\u00edonn s\u00e9 seo go dtugann an meais\u00edn ar ais ar an me\u00e1n 96% d&#8217;airgead an imreora. Agus nach bhfuil luaineacht \u00edseal dona. Sol\u00e1thra\u00edonn s\u00e9 go mbeidh an bua beag ach go minic, agus n\u00ed bheidh t\u00fa in ann a bhuail an Pota \u00d3ir m\u00f3r tobann anseo.<\/p>\n<p>Go ginear\u00e1lta, beidh an buaite ag brath ar an ngeall ar an \u00edoca\u00edocht. T\u00e1 a m\u00e9id anseo \u00f3 0.01 go 100, rud a cheada\u00edonn imreoir\u00ed le haon bankroll spraoi a bheith acu.<\/p>\n<p>C\u00e9 nach bhfuil aon spins saor in aisce thart anseo, is f\u00e9idir leat tairiscint a fh\u00e1il \u00f3n Casino agus 50 spins saor in aisce a chaitheamh ar Starburst. Tabharfaidh s\u00e9 seo deis duit airgead maith a dh\u00e9anamh agus a fh\u00e1il amach conas a oibr\u00edonn an cluiche seo gan aon cent amh\u00e1in a chaitheamh as do ph\u00f3ca. I gc\u00e1s imreoir\u00ed \u00f3n Astr\u00e1il, is minic a fhaightear tairiscint\u00ed b\u00f3nais den chine\u00e1l c\u00e9anna sa sliot\u00e1n \u00e1irithe seo.<\/p>\n<p style=\"text-align: center;\"><img loading=\"lazy\" decoding=\"async\" class=\"aligncenter wp-image-304 size-full\" src=\"https:\/\/rocketplay-new.com\/wp-content\/uploads\/2022\/08\/starburst.jpeg\" alt=\"Starburst slot\" width=\"735\" height=\"512\" srcset=\"https:\/\/rocketplay-new.com\/wp-content\/uploads\/2022\/08\/starburst.jpeg 735w, https:\/\/rocketplay-new.com\/wp-content\/uploads\/2022\/08\/starburst-300x209.jpeg 300w\" sizes=\"auto, (max-width: 735px) 100vw, 735px\" \/><\/p>\n<h2>LEIDEANNA AR CONAS A IMIR STARBURST AR L\u00cdNE Sliot\u00e1n SAOR IN AISCE<\/h2>\n<p>N\u00ed g\u00e1 duit airgead a chaitheamh chun aithne a chur ar an sliot\u00e1n iontach seo. Tar \u00e9is an tsaoil, t\u00e1 s\u00fagradh saor in aisce Starburst ar f\u00e1il do gach custaim\u00e9ir. A bhu\u00edochas leis seo, is f\u00e9idir leat eolas a fh\u00e1il ar na meicnic\u00ed agus a thuiscint c\u00e9 acu is maith leat an cluiche ar chor ar bith. Taispe\u00e1nfaidh an leagan taispe\u00e1na duit c\u00e9 chomh minic is a thagann na teaglama\u00ed buaite suas, agus is f\u00e9idir leat cinneadh a dh\u00e9anamh cheana f\u00e9in an fi\u00fa \u00e9 a imirt anseo.<\/p>\n<p>T\u00e1 s\u00e9 oiri\u00fanach freisin d\u00f3ibh si\u00fad nach bhfuil bancroll tosaigh acu f\u00f3s le himirt ag an gceasa\u00edneo. N\u00edl aon taisce Starburst ar f\u00e1il do gach \u00fas\u00e1ideoir Astr\u00e1lach. Chun seo a dh\u00e9anamh, n\u00ed g\u00e1 duit ach:<\/p>\n<p>Cruthaigh do phr\u00f3if\u00edl ceasa\u00edneo le bheith i do chustaim\u00e9ir ceasa\u00edneo agus faigh rochtain ioml\u00e1n ar na gn\u00e9ithe.<br \/>\nFaigh an cluiche seo i liosta na sliot\u00e1n.<br \/>\nRith s\u00e9 sa leagan taispe\u00e1na.<\/p>\n<p>N\u00ed bheidh ort aon rud a \u00edosl\u00f3d\u00e1il n\u00f3 fanacht le seoladh fada. Ligeann s\u00fagradh meandrach duit rochtain a fh\u00e1il ar shiamsa\u00edocht go han-tapa.<\/p>\n<p>N\u00e1 caill an deis taitneamh a bhaint as imirt Starburst. M\u00e1s bre\u00e1 leat t\u00e9ama\u00ed sp\u00e1is, n\u00edl sa sliot\u00e1n seo ach an m\u00e9id a theasta\u00edonn uait. N\u00ed bheidh aon duine indifferent maidir leis an dearadh simpl\u00ed taitneamhach, fuaimrian t\u00e9ama\u00ed, agus gameplay r\u00e9idh.<\/p>\n<p><strong>L\u00e9irmheasanna ar sliot\u00e1n:<\/strong><\/p>\n<ul>\n<li><a href=\"https:\/\/rocketplay-new.com\/ga\/slot-machines\/wizard-of-oz\/\">Wizard of Oz<\/a><\/li>\n<li><a href=\"https:\/\/rocketplay-new.com\/ga\/slot-machines\/book-of-dead\/\">Book of Dead<\/a><\/li>\n<\/ul>\n","protected":false},"excerpt":{"rendered":"<p>T\u00e1 an sp\u00e1s mist\u00e9ireach lena fairsinge gan teorainn agus r\u00e9altbhu\u00edonta geal r\u00e9idh chun f\u00e1ilte a chur romhat i sliot\u00e1n Starburst Australia. M\u00e1s mian leat, sp\u00e1saire f\u00edor, sp\u00e1s surf, agus airgead a thuilleamh sa chluiche f\u00edse\u00e1n uath\u00fail. Seoladh Starburst ar l\u00edne agus tuig cad iad na sliot\u00e1in c\u00e1il\u00edochta. Beag\u00e1n FAOI CONAS A THUGTAR STARBUS C\u00e9 gur&#8230;<\/p>\n","protected":false},"author":1,"featured_media":0,"parent":2271,"menu_order":0,"comment_status":"closed","ping_status":"closed","template":"","meta":{"_acf_changed":false,"_kad_post_transparent":"default","_kad_post_title":"default","_kad_post_layout":"default","_kad_post_sidebar_id":"","_kad_post_content_style":"default","_kad_post_vertical_padding":"default","_kad_post_feature":"","_kad_post_feature_position":"","_kad_post_header":false,"_kad_post_footer":false,"footnotes":""},"class_list":["post-2563","page","type-page","status-publish","hentry"],"acf":[],"rttpg_featured_image_url":null,"rttpg_author":{"display_name":"John","author_link":"https:\/\/rocketplay-new.com\/ga\/author\/pemvas95n89x\/"},"rttpg_comment":0,"rttpg_category":null,"rttpg_excerpt":"T\u00e1 an sp\u00e1s mist\u00e9ireach lena fairsinge gan teorainn agus r\u00e9altbhu\u00edonta geal r\u00e9idh chun f\u00e1ilte a chur romhat i sliot\u00e1n Starburst Australia. M\u00e1s mian leat, sp\u00e1saire f\u00edor, sp\u00e1s surf, agus airgead a thuilleamh sa chluiche f\u00edse\u00e1n uath\u00fail. Seoladh Starburst ar l\u00edne agus tuig cad iad na sliot\u00e1in c\u00e1il\u00edochta. Beag\u00e1n FAOI CONAS A THUGTAR STARBUS C\u00e9 gur...","_links":{"self":[{"href":"https:\/\/rocketplay-new.com\/ga\/wp-json\/wp\/v2\/pages\/2563","targetHints":{"allow":["GET"]}}],"collection":[{"href":"https:\/\/rocketplay-new.com\/ga\/wp-json\/wp\/v2\/pages"}],"about":[{"href":"https:\/\/rocketplay-new.com\/ga\/wp-json\/wp\/v2\/types\/page"}],"author":[{"embeddable":true,"href":"https:\/\/rocketplay-new.com\/ga\/wp-json\/wp\/v2\/users\/1"}],"replies":[{"embeddable":true,"href":"https:\/\/rocketplay-new.com\/ga\/wp-json\/wp\/v2\/comments?post=2563"}],"version-history":[{"count":3,"href":"https:\/\/rocketplay-new.com\/ga\/wp-json\/wp\/v2\/pages\/2563\/revisions"}],"predecessor-version":[{"id":5946,"href":"https:\/\/rocketplay-new.com\/ga\/wp-json\/wp\/v2\/pages\/2563\/revisions\/5946"}],"up":[{"embeddable":true,"href":"https:\/\/rocketplay-new.com\/ga\/wp-json\/wp\/v2\/pages\/2271"}],"wp:attachment":[{"href":"https:\/\/rocketplay-new.com\/ga\/wp-json\/wp\/v2\/media?parent=2563"}],"curies":[{"name":"wp","href":"https:\/\/api.w.org\/{rel}","templated":true}]}}