{"id":2540,"date":"2022-08-18T13:55:49","date_gmt":"2022-08-18T10:55:49","guid":{"rendered":"https:\/\/rocketplay-new.com\/slot-machines\/mega-moolah\/"},"modified":"2025-11-26T20:04:27","modified_gmt":"2025-11-26T17:04:27","slug":"mega-moolah","status":"publish","type":"page","link":"https:\/\/rocketplay-new.com\/ga\/slot-machines\/mega-moolah\/","title":{"rendered":"Athbhreithni\u00fa Mega Moolah Sliot\u00e1n"},"content":{"rendered":"<p>T\u00e1 catag\u00f3ir sliot\u00e1n ann at\u00e1, n\u00edos m\u00f3 n\u00e1 cinn eile, r\u00e9idh chun buaiteanna ollmh\u00f3ra a roinnt le himreoir\u00ed. Agus is \u00e9 Mega Moolah Astr\u00e1il go d\u00edreach. Is meais\u00edn sliot\u00e1n \u00e9 seo le pota\u00ed m\u00f3ra, a bhfuil seans ag gach imreoir nach bhfuil eagla air a chist\u00ed f\u00e9in a infheisti\u00fa i siamsa\u00edocht.<\/p>\n<p style=\"text-align: center;\"><img loading=\"lazy\" decoding=\"async\" class=\"aligncenter wp-image-323 size-large\" src=\"https:\/\/rocketplay-new.com\/wp-content\/uploads\/2022\/08\/mega-moolah-logo-1024x569.png\" alt=\"Mega Moolah logo\" width=\"1024\" height=\"569\" srcset=\"https:\/\/rocketplay-new.com\/wp-content\/uploads\/2022\/08\/mega-moolah-logo-1024x569.png 1024w, https:\/\/rocketplay-new.com\/wp-content\/uploads\/2022\/08\/mega-moolah-logo-300x167.png 300w, https:\/\/rocketplay-new.com\/wp-content\/uploads\/2022\/08\/mega-moolah-logo-768x426.png 768w, https:\/\/rocketplay-new.com\/wp-content\/uploads\/2022\/08\/mega-moolah-logo.png 1140w\" sizes=\"auto, (max-width: 1024px) 100vw, 1024px\" \/><\/p>\n<h2>Seoladh Mega Moolah agus t\u00fas a imirt ag an sliot\u00e1n<\/h2>\n<p>T\u00e1 an gameplay an-simpl\u00ed. T\u00e1 aithne ag gach duine a rinne iarracht riamh bandits aon-armtha a rith. T\u00e1 roghanna cluiche \u00edoctha agus saor in aisce ann. Sa ch\u00e9ad ch\u00e1s, tar \u00e9is cl\u00e1r\u00fa ag an Casino, n\u00ed m\u00f3r duit \u00e9arlais a dh\u00e9anamh agus geall f\u00edor a chur. Sa dara c\u00e1s, n\u00ed leor ach cuairt a thabhairt ar an gclub cearrbhachais.<\/p>\n<p>Oscla\u00edtear savannah na hAfraice os comhair an chearrbhachais, agus buaileann muintir dh\u00fachasach na r\u00e9igi\u00fan seo leis. Chun Mega Moolah a imirt gan fadhbanna, n\u00ed m\u00f3r duit roinnt c\u00e9imeanna a dh\u00e9anamh:<\/p>\n<ol>\n<li>Socraigh m\u00e9id geall compordach duit f\u00e9in (n\u00f3 f\u00e1g gach rud mar at\u00e1 s\u00e9 leis na socruithe cluiche tosaigh).<\/li>\n<li>Br\u00faigh an cnaipe casadh r\u00edl.<\/li>\n<li>M\u00e1s mian leat na siombail\u00ed a athr\u00fa iad f\u00e9in, n\u00ed m\u00f3r duit an eochair uath-imirt a bhr\u00fa.<\/li>\n<\/ol>\n<p>T\u00e1 25 l\u00edne ag an meais\u00edn. M\u00e1 t\u00e1 measc\u00e1n buaite ag ceann amh\u00e1in<strong> acu ar a laghad<\/strong>, d\u00e9anann an t-imreoir brab\u00fas. Braitheann an m\u00e9id a bheidh ar a mh\u00e9id ar bhr\u00ed na siombaile. T\u00e1 ainmn\u00edochta\u00ed c\u00e1rta\u00ed ann &#8211; n\u00edl siad chomh luachmhar, ach t\u00e1 \u00edomh\u00e1nna d&#8217;ainmhithe a n-\u00edoctar n\u00edos airde.<\/p>\n<p>Is f\u00e9idir leat an m\u00e9id geall a athr\u00fa roimh gach casadh \u00f3 0.25 go 6.25.<\/p>\n<p>D\u00e1la an sc\u00e9il, t\u00e1 an cluiche in oiri\u00faint go foirfe le haghaidh sc\u00e1ile\u00e1in bheaga. Mar sin, is f\u00e9idir leat Mega Moolah soghluaiste a oscailt i gc\u00f3na\u00ed chun spraoi a bheith agat ar an dul.<\/p>\n<p><span style=\"font-weight: 400;\"><div class=\"tosh-btn\"><a href=\"\/go-casino\/\" target=\"_blank\" rel=\"noopener\">FAIGH B\u00d3NAS<\/a><\/div> <\/span><\/p>\n<h2>FAIGH B\u00d3NAS AGUS DUAISEANNA EILE IN MEGA MOOLAH<\/h2>\n<p>Is minic a roghna\u00edonn tithe cearrbhachais \u00e9ags\u00fala an meais\u00edn sliot\u00e1n c\u00e1ili\u00fail seo chun tairiscint\u00ed f\u00e1ilte a chur roimh chustaim\u00e9ir\u00ed. Mar shampla, tr\u00ed chl\u00e1r\u00fa in institi\u00faid den s\u00f3rt sin, is f\u00e9idir leat spins saor in aisce Mega Moolah 80 a fh\u00e1il. Is tairiscint s\u00e1ch flaithi\u00fail \u00e9 seo toisc go bhfuil gn\u00e9ithe b\u00f3nais ag an meais\u00edn a mh\u00e9ad\u00f3idh do chuid buaite.<\/p>\n<p>Seo a liosta:<\/p>\n<ul>\n<li>siombail fhi\u00e1in;<\/li>\n<li>iolraitheoir\u00ed;<\/li>\n<li>bhabhta le spins saor in aisce;<\/li>\n<li>4 chine\u00e1l an Pota \u00d3ir (for\u00e1sach).<\/li>\n<\/ul>\n<p>Le d\u00f3ch\u00falacht 100%, scaoilfidh ar a laghad duine amh\u00e1in acu amach chugat m\u00e1 th\u00f3gann t\u00fa an t-am chuig an sliot\u00e1n.<\/p>\n<p>Let t\u00fas leis an gcur s\u00edos ar an tsiombail Wild. Is \u00e9 an r\u00ed dufair a imr\u00edonn a <strong>r\u00f3l anseo<\/strong> \u2013 \u00edomh\u00e1 leon. N\u00ed hamh\u00e1in go dtugann s\u00e9 bua ann f\u00e9in. N\u00edl an R\u00ed Beasts r\u00f3-bhr\u00f3d\u00fail as agus is f\u00e9idir leis siombail\u00ed eile a ionad\u00fa chun teacht ar chomhcheangal rath\u00fail ar an l\u00edne. D\u00e1la an sc\u00e9il, m\u00e9ada\u00edonn comhcheangail a dh\u00e9antar le leon 2 uair. D\u00e1 bhr\u00ed sin, is iolraitheoir \u00e9 picti\u00far r\u00ed na mbeith\u00edoch freisin.<\/p>\n<p>Oscla\u00edtear an <strong>babhta b\u00f3nais<\/strong> m\u00e1 thagann t\u00fa trasna ar 3 \u00edomh\u00e1 de monca\u00ed \u00e1it ar bith <strong>ar an bp\u00e1irc<\/strong>. Is \u00e9 seo an tsiombail scaipthe. Beidh t\u00fa in ann f\u00e9achaint ar mar a thagann na siombail\u00ed in ionad a ch\u00e9ile 15 uair, gheobhaidh t\u00fa buaiteanna, agus n\u00ed chuirtear airgead do dhochar do chomhard\u00fa. M\u00e9ada\u00edtear gach bua sa bhabhta seo faoi 3.<\/p>\n<p>Agus, ar nd\u00f3igh, t\u00e1 <strong>pota \u00f3ir ar f\u00e1il<\/strong>. T\u00e1 4 acu, agus t\u00e1 siad roinnte de r\u00e9ir m\u00e9id: \u00f3 Mini go Mega. M\u00e1 fhaigheann t\u00fa an ceann is m\u00f3 acu, gheobhaidh t\u00fa suas le milli\u00fan euro.<\/p>\n<p><img loading=\"lazy\" decoding=\"async\" class=\"aligncenter wp-image-324 size-full\" src=\"https:\/\/rocketplay-new.com\/wp-content\/uploads\/2022\/08\/mega-moolah-slot.jpeg\" alt=\"Mega Moolah slot\" width=\"900\" height=\"500\" srcset=\"https:\/\/rocketplay-new.com\/wp-content\/uploads\/2022\/08\/mega-moolah-slot.jpeg 900w, https:\/\/rocketplay-new.com\/wp-content\/uploads\/2022\/08\/mega-moolah-slot-300x167.jpeg 300w, https:\/\/rocketplay-new.com\/wp-content\/uploads\/2022\/08\/mega-moolah-slot-768x427.jpeg 768w\" sizes=\"auto, (max-width: 900px) 100vw, 900px\" \/><\/p>\n<h2>FAIGH \u00c1R TUAIRIM DEIRIDH AR MEGA MOOLAH<\/h2>\n<p>Chun tuiscint a fh\u00e1il ar c\u00e9 chomh maith is at\u00e1 an sliot\u00e1n seo chun do chist\u00ed f\u00e9in a infheisti\u00fa, n\u00ed m\u00f3r duit RTP Mega Moolah agus gn\u00e9ithe teicni\u00fala eile a thuiscint.<\/p>\n<p>Is c\u00e9atad\u00e1n \u00e9 seo a l\u00e9ir\u00edonn c\u00e9 mh\u00e9ad, ar an me\u00e1n, is f\u00e9idir le himreoir\u00ed an t-airgead a infheist\u00edodh sa sliot\u00e1n a thabhairt ar ais. D\u00e1 airde \u00e9, is l\u00fa an baol go gcaillfidh t\u00fa do bankroll. Is iad na cinn is fearr sa r\u00e9imse sliot\u00e1n le t\u00e1scaire os cionn 95%. Sa sliot\u00e1n seo, n\u00edl s\u00e9 ach 88.12%.<\/p>\n<p>Ach t\u00e1 t\u00e1scaire eile ann freisin, agus is \u00e9 sin luaineacht. Cinneann s\u00e9 c\u00e9 chomh minic a bheidh na buaiteanna le feice\u00e1il sa sliot\u00e1n agus c\u00e9n m\u00e9id a bheidh siad. Anseo t\u00e1 s\u00e9 me\u00e1nach, rud a chialla\u00edonn gur f\u00e9idir leat brath ar chomhcheangail rath\u00fala rialta.<\/p>\n<p>M\u00e1 chuirtear Mega Moolah i gceasa\u00edneonna ar l\u00edne leis an raon feidhme, t\u00e1 s\u00e9 ciallmhar triail a bhaint as an sliot\u00e1n seo. Meallann t\u00e9ama spra\u00ed\u00fail agus an deis an Pota \u00d3ir a bhuachan, mar sin n\u00edor ch\u00f3ir duit an deis a chailleann. Cabhr\u00f3idh grafaic\u00ed deasa agus, ceol, gameplay neamhfheice\u00e1lach leat am iontach a bheith agat agus taitneamh a bhaint as cearrbhachas.<\/p>\n<p><span style=\"font-weight: 400;\"><div class=\"tosh-btn\"><a href=\"\/go-casino\/\" target=\"_blank\" rel=\"noopener\">FAIGH B\u00d3NAS<\/a><\/div> <\/span><\/p>\n<h2>CC<\/h2>\n<h3>AN F\u00c9IDIR AN MEGA MOOLAH a bhualadh N\u00d3 N\u00cd F\u00c9IDIR?<\/h3>\n<p>Crutha\u00edodh \u00e9 bunaithe ar ch\u00f3ras speisialta a thugann buaiteanna go randamach. N\u00ed bheidh a fhios agat c\u00e9n t-ord a thiteann teaglaim rath\u00fala amach. Is \u00e9 an t-aon rud is f\u00e9idir leat a dh\u00e9anamh n\u00e1 do bankroll a bhainisti\u00fa go ciallmhar.<\/p>\n<h3>C\u00c9 A RINNE CLUICHE MEGA MOOLAH?<\/h3>\n<p>I r\u00e9imse an chearrbhachais, t\u00e1 dea-ch\u00e1il ar an mbranda seo &#8211; Microgaming. T\u00e1 ardchaighde\u00e1n a gcuid cluich\u00ed ar eolas ar fud an domhain. \u00das\u00e1ideann an branda \u00e1bhair \u00e1bhartha i gc\u00f3na\u00ed agus d\u00e9anann s\u00e9 iarracht na sliot\u00e1in is brab\u00fasa\u00ed a dh\u00e9anamh.<\/p>\n<h3>AN BHFUIL AN SLI\u00d3T SEO FOIRI\u00daNACH DO IMREOIR\u00cd A BHFUIL ROLLA BEAGA BHEAG?<\/h3>\n<p>Sea, t\u00e1 an t-\u00edosmh\u00e9id geall \u00edseal (0.25), agus b\u00edonn na buaiteanna s\u00e1ch minic, ionas gur f\u00e9idir leat an m\u00e9id is f\u00e9idir leat a chaitheamh sa chluiche a mh\u00e9ad\u00fa de r\u00e9ir a ch\u00e9ile.<\/p>\n<p><strong>L\u00e9irmheasanna ar sliot\u00e1n:<\/strong><\/p>\n<ul>\n<li><a href=\"https:\/\/rocketplay-new.com\/ga\/slot-machines\/lightning-link\/\">Lightning Link<\/a><\/li>\n<li><a href=\"https:\/\/rocketplay-new.com\/ga\/slot-machines\/lucky-88\/\">Lucky 88<\/a><\/li>\n<\/ul>\n","protected":false},"excerpt":{"rendered":"<p>T\u00e1 catag\u00f3ir sliot\u00e1n ann at\u00e1, n\u00edos m\u00f3 n\u00e1 cinn eile, r\u00e9idh chun buaiteanna ollmh\u00f3ra a roinnt le himreoir\u00ed. Agus is \u00e9 Mega Moolah Astr\u00e1il go d\u00edreach. Is meais\u00edn sliot\u00e1n \u00e9 seo le pota\u00ed m\u00f3ra, a bhfuil seans ag gach imreoir nach bhfuil eagla air a chist\u00ed f\u00e9in a infheisti\u00fa i siamsa\u00edocht. Seoladh Mega Moolah agus&#8230;<\/p>\n","protected":false},"author":1,"featured_media":0,"parent":2271,"menu_order":0,"comment_status":"closed","ping_status":"closed","template":"","meta":{"_acf_changed":false,"_kad_post_transparent":"default","_kad_post_title":"default","_kad_post_layout":"default","_kad_post_sidebar_id":"","_kad_post_content_style":"default","_kad_post_vertical_padding":"default","_kad_post_feature":"","_kad_post_feature_position":"","_kad_post_header":false,"_kad_post_footer":false,"footnotes":""},"class_list":["post-2540","page","type-page","status-publish","hentry"],"acf":[],"rttpg_featured_image_url":null,"rttpg_author":{"display_name":"John","author_link":"https:\/\/rocketplay-new.com\/ga\/author\/pemvas95n89x\/"},"rttpg_comment":0,"rttpg_category":null,"rttpg_excerpt":"T\u00e1 catag\u00f3ir sliot\u00e1n ann at\u00e1, n\u00edos m\u00f3 n\u00e1 cinn eile, r\u00e9idh chun buaiteanna ollmh\u00f3ra a roinnt le himreoir\u00ed. Agus is \u00e9 Mega Moolah Astr\u00e1il go d\u00edreach. Is meais\u00edn sliot\u00e1n \u00e9 seo le pota\u00ed m\u00f3ra, a bhfuil seans ag gach imreoir nach bhfuil eagla air a chist\u00ed f\u00e9in a infheisti\u00fa i siamsa\u00edocht. Seoladh Mega Moolah agus...","_links":{"self":[{"href":"https:\/\/rocketplay-new.com\/ga\/wp-json\/wp\/v2\/pages\/2540","targetHints":{"allow":["GET"]}}],"collection":[{"href":"https:\/\/rocketplay-new.com\/ga\/wp-json\/wp\/v2\/pages"}],"about":[{"href":"https:\/\/rocketplay-new.com\/ga\/wp-json\/wp\/v2\/types\/page"}],"author":[{"embeddable":true,"href":"https:\/\/rocketplay-new.com\/ga\/wp-json\/wp\/v2\/users\/1"}],"replies":[{"embeddable":true,"href":"https:\/\/rocketplay-new.com\/ga\/wp-json\/wp\/v2\/comments?post=2540"}],"version-history":[{"count":3,"href":"https:\/\/rocketplay-new.com\/ga\/wp-json\/wp\/v2\/pages\/2540\/revisions"}],"predecessor-version":[{"id":5945,"href":"https:\/\/rocketplay-new.com\/ga\/wp-json\/wp\/v2\/pages\/2540\/revisions\/5945"}],"up":[{"embeddable":true,"href":"https:\/\/rocketplay-new.com\/ga\/wp-json\/wp\/v2\/pages\/2271"}],"wp:attachment":[{"href":"https:\/\/rocketplay-new.com\/ga\/wp-json\/wp\/v2\/media?parent=2540"}],"curies":[{"name":"wp","href":"https:\/\/api.w.org\/{rel}","templated":true}]}}