{"id":2453,"date":"2022-08-18T14:58:14","date_gmt":"2022-08-18T11:58:14","guid":{"rendered":"https:\/\/rocketplay-new.com\/slot-machines\/lucky-88\/"},"modified":"2025-04-03T22:19:17","modified_gmt":"2025-04-03T19:19:17","slug":"lucky-88","status":"publish","type":"page","link":"https:\/\/rocketplay-new.com\/ga\/slot-machines\/lucky-88\/","title":{"rendered":"Athbhreithni\u00fa Lucky 88 Sliot\u00e1n"},"content":{"rendered":"<p><img loading=\"lazy\" decoding=\"async\" class=\"alignleft wp-image-344 size-thumbnail\" src=\"https:\/\/rocketplay-new.com\/wp-content\/uploads\/2022\/08\/lucky-88-slot-150x150.png\" alt=\"Lucky 88 slot\" width=\"150\" height=\"150\" \/><\/p>\n<p>Is f\u00e9idir an sol\u00e1thra\u00ed cluiche ceasa\u00edneo Aristocrat a mheas mar r\u00ed ar th\u00e9ama\u00ed na h\u00c1ise. Agus is f\u00e9idir ceann de na cinn is m\u00f3 t\u00f3ir sa chatag\u00f3ir seo a mheas mar sliot\u00e1n Lucky 88. Is meais\u00edn sliot\u00e1n simpl\u00ed agus intuigthe \u00e9 seo i dt\u00e9arma\u00ed meicnic, ina bhfuil go leor gn\u00e9ithe b\u00f3nais deas.<\/p>\n<p>Mar sin d\u00e9anaimis a fh\u00e1il amach an f\u00e9idir leat f\u00edor-airgead a thuilleamh anseo agus conas go d\u00edreach \u00e9 a dh\u00e9anamh.<\/p>\n<h2>BUNT\u00c1IST\u00cd AGUS M\u00cdBHUNT\u00c1IST\u00cd<\/h2>\n<p>Cos\u00fail le haon chluiche eile, n\u00ed f\u00e9idir le sliot\u00e1n a bheith comhdh\u00e9anta d\u2019fhi\u00fantas amh\u00e1in. Agus is f\u00e9idir Lucky 88 ar l\u00edne a mheas go hoibiacht\u00fail. Bunt\u00e1ist\u00ed ar deacair arg\u00f3int leo:<\/p>\n<ul>\n<li>babhta\u00ed b\u00f3nais \u00e9ags\u00fala i gcainn\u00edochta\u00ed m\u00f3ra;<\/li>\n<li>l\u00e1ithreacht siombail\u00ed agus iolraitheoir\u00ed speisialta;<\/li>\n<li>raon leathan r\u00e1ta\u00ed 0.01\u20136.25;<\/li>\n<li>comh\u00e9adan soil\u00e9ir agus simpl\u00ed;<\/li>\n<li>l\u00e1ithreacht imirt uathoibr\u00edoch.<\/li>\n<\/ul>\n<p>Ach t\u00e1 s\u00e9 dodh\u00e9anta gan tr\u00e1cht ar na m\u00edbhunt\u00e1ist\u00ed a bhaineann leis an sliot\u00e1n seo:<\/p>\n<ul>\n<li>dearadh beag\u00e1n as d\u00e1ta nach maith le gach duine;<\/li>\n<li>t\u00e1 an fuaimrian dosh\u00e1raithe agus leadr\u00e1nach;<\/li>\n<li>f\u00e1gann beochan go leor le bheith inmhianaithe.<\/li>\n<\/ul>\n<p>Is f\u00e9idir tr\u00e9ithe seachtracha a mh\u00edni\u00fa mar gheall ar an bhf\u00edric gur scaoileadh an sliot\u00e1n i 2016. Le linn an ama seo, t\u00e1 na grafaic\u00ed c\u00e9imnithe i bhfad ar aghaidh, agus mar sin n\u00ed haon ionadh \u00e9 go bhfuil an chuma ar an sliot\u00e1n as d\u00e1ta. Mar sin f\u00e9in, beidh s\u00e9 f\u00f3s achomharc a dh\u00e9anamh d\u00f3ibh si\u00fad ar fearr leo sliot\u00e1in retro a th\u00f3gann siad chuig an atmaisf\u00e9ar ceasa\u00edneo d&#8217;aois.<\/p>\n<p><span style=\"font-weight: 400;\"><div class=\"tosh-btn\"><a href=\"\/go-casino\/\" target=\"_blank\" rel=\"noopener\">FAIGH B\u00d3NAS<\/a><\/div> <\/span><\/p>\n<h2>RTP AGUS luaineacht<\/h2>\n<p>Is iad an d\u00e1 th\u00e1scaire seo a chinneann brab\u00fasacht na sliot\u00e1n. N\u00ed bhriongl\u00f3id aon duine a bheith ag imirt Lucky 88 gan s\u00fail le bua maith, mar sin t\u00e1 s\u00e9 t\u00e1bhachtach go mbeadh an t-eolas seo ar eolas agat.<\/p>\n<p>Go fortunately do na himreoir\u00ed, t\u00e1 ag \u00e9ir\u00ed go maith leis an sliot\u00e1n leis na tr\u00e9ithe seo. T\u00e1 s\u00e9 in ann buanna maithe a thabhairt, fi\u00fa m\u00e1 fheictear duit gur f\u00edor-annamh a thiteann siad amach.<\/p>\n<p>Pr\u00edomhshonra\u00ed teicni\u00fala:<\/p>\n<ul>\n<li>luaineacht &#8211; me\u00e1n-ard (teorann);<\/li>\n<li>druma\u00ed &#8211; 5;<\/li>\n<li>l\u00ednte &#8211; 25;<\/li>\n<li>RTP \u2013 97%.<\/li>\n<\/ul>\n<p>T\u00e1 an c\u00e9atad\u00e1n RTP seo an-mhaith. I r\u00e9imse an chearrbhachais, f\u00e1ilt\u00edtear roimh an bhfigi\u00far seo 95%.<\/p>\n<p>Cialla\u00edonn luaineacht an mh\u00e9id seo go bhfuil riosca\u00ed arda sa chluiche. Is annamh a thiteann an bua amach, ach m\u00e1 bh\u00edonn an t-imreoir foighneach, d\u00e9anfaidh siad \u00e9 a sh\u00e1samh le m\u00e9id ollmh\u00f3r. I meais\u00edn\u00ed den s\u00f3rt sin, is fearr a imirt go dt\u00ed an ch\u00e9ad brab\u00fas m\u00f3r.<\/p>\n<h2>TAITH\u00cd P\u00d3CA<\/h2>\n<p>T\u00e1 an sliot\u00e1n seo ar f\u00e1il n\u00ed hamh\u00e1in d&#8217;\u00fas\u00e1ideoir\u00ed r\u00edomhair\u00ed. Agus is m\u00f3ide eile \u00e9 seo. Mar gheall ar an bhf\u00edric gur forbra\u00edodh \u00e9 ag baint \u00fas\u00e1ide as teicneola\u00edocht HTML5, t\u00e1 an cumas ag aon \u00fas\u00e1ideoir soghluaiste \u00e9 a rith ar ghiuirl\u00e9id.<\/p>\n<p>Ligeann an aip pokie Lucky 88 duit imirt ar an dul leis an \u00e1isi\u00falacht uasta. Is \u00e9 an pr\u00edomhchoinn\u00edoll n\u00e1 nasc idirl\u00edn a bheith agat. N\u00ed th\u00f3gann an cluiche m\u00f3r\u00e1n sp\u00e1is cuimhne agus n\u00ed \u00e9il\u00edonn s\u00e9 na leaganacha is d\u00e9ana\u00ed den ch\u00f3ras oibri\u00fach\u00e1in.<\/p>\n<p>Is f\u00e9idir leat imirt freisin tr\u00ed bhrabhs\u00e1la\u00ed soghluaiste. T\u00e1 an rogha seo ar f\u00e1il d&#8217;\u00fas\u00e1ideoir\u00ed aon ch\u00f3rais oibri\u00fach\u00e1in. Oibr\u00edonn Lucky 88 Android go hiontach, d\u00edreach cos\u00fail leis an leagan iPhone. Is f\u00e9idir leat imirt ar t\u00e1ibl\u00e9ad freisin.<\/p>\n<p>D\u00e9antar leaganacha d\u2019fh\u00f3in ph\u00f3ca chun dul in oiri\u00faint go huathoibr\u00edoch do mh\u00e9id an trasn\u00e1in. N\u00ed thabharfaidh t\u00fa faoi deara aon fhadhbanna le tarchur \u00edomh\u00e1. A imirt, n\u00ed m\u00f3r duit a imscaradh go cothrom\u00e1nach ar an gadget. Fanann na gn\u00e9ithe go l\u00e9ir ar f\u00e1il, agus is f\u00e9idir leat an m\u00e9id geall a athr\u00fa, na r\u00edleanna a chasadh, f\u00e9achaint ar an in\u00edoctha, etc. Is f\u00e9idir leat Lucky 88 pokie a \u00edosl\u00f3d\u00e1il saor in aisce i gc\u00f3na\u00ed m\u00e1 thaitin an cluiche seo leat agus nach bhfuil aon fhadhb agat teacht ar do shiamsa\u00edocht is fearr leat.<\/p>\n<p style=\"text-align: center;\"><img loading=\"lazy\" decoding=\"async\" class=\"aligncenter wp-image-342 size-full\" src=\"https:\/\/rocketplay-new.com\/wp-content\/uploads\/2022\/08\/lucky-88-slot.jpeg\" alt=\"lucky 88 slot\" width=\"995\" height=\"643\" srcset=\"https:\/\/rocketplay-new.com\/wp-content\/uploads\/2022\/08\/lucky-88-slot.jpeg 995w, https:\/\/rocketplay-new.com\/wp-content\/uploads\/2022\/08\/lucky-88-slot-300x194.jpeg 300w, https:\/\/rocketplay-new.com\/wp-content\/uploads\/2022\/08\/lucky-88-slot-768x496.jpeg 768w\" sizes=\"auto, (max-width: 995px) 100vw, 995px\" \/><\/p>\n<h2>Lucky 88: AN PR\u00d3ISEAS imeartha<\/h2>\n<p>T\u00e1 an mheicn\u00edocht chomh simpl\u00ed agus is f\u00e9idir. N\u00ed bheidh aon cheist ag imreoir\u00ed at\u00e1 eolach ar an Casino. Tar \u00e9is an sliot\u00e1n a sheoladh, oscl\u00f3far p\u00e1irc imeartha, a dh\u00e9antar sa st\u00edl oirthearach traidisi\u00fanta. Teasta\u00edonn \u00f3n gcearrth\u00f3ir:<\/p>\n<ol>\n<li>Socraigh an m\u00e9id geall cu\u00ed d\u00f3.<\/li>\n<li>Clice\u00e1il ar an gcnaipe t\u00fas spins.<\/li>\n<\/ol>\n<p>Ar nd\u00f3igh, le go mbeidh na gn\u00edomhartha seo ar f\u00e1il, n\u00ed m\u00f3r duit a bheith i d\u2019\u00fas\u00e1ideoir cl\u00e1raithe agus ar a laghad \u00e9arlais \u00edosta a bheith agat i do chuntas. Mura bhfuil t\u00fa in ann \u00e9 sin a dh\u00e9anamh, is f\u00e9idir leat an leagan saor in aisce a \u00fas\u00e1id. T\u00e1 s\u00e9 oiri\u00fanach d\u00edreach le haghaidh spraoi agus cur amach ar an meicnic.<\/p>\n<p>Sa chluiche, is f\u00e9idir leat babhta a ghn\u00edomhacht\u00fa le spins saor in aisce. Chun seo a dh\u00e9anamh, t\u00e1 s\u00e9 t\u00e1bhachtach go mbeadh ar a laghad 3 siombail\u00ed scaipthe le feice\u00e1il ar an sc\u00e1ile\u00e1n. T\u00e1 r\u00f3l na siombaile anseo ag splancsholais dearg. T\u00e1 feidhm roghn\u00fach\u00e1in ar f\u00e1il anseo. T\u00e1 s\u00e9 seo annamh. In ionad spins saor in aisce, is f\u00e9idir leat cluiche d\u00edsle a thos\u00fa, a chaol\u00f3idh go foirfe na gn\u00e1thmheicnic.<\/p>\n<p>M\u00e1s mian leat f\u00f3s na r\u00edleanna a chasadh saor in aisce, ansin tabharfaidh an cluiche deis duit l\u00edon na n-spins agus an t-iolraitheoir a roghn\u00fa a chuirfear i bhfeidhm ar gach bua (suas go dt\u00ed x88).<\/p>\n<p><span style=\"font-weight: 400;\"><div class=\"tosh-btn\"><a href=\"\/go-casino\/\" target=\"_blank\" rel=\"noopener\">FAIGH B\u00d3NAS<\/a><\/div> <\/span><\/p>\n<h2>CC<\/h2>\n<h3>C\u00c9 NA SIOMBAIL\u00cd SPEISIALTA A THAIRISCEANN AN SLOOT SEO?<\/h3>\n<p>Seo sraith carachtar clasaiceach. Fi\u00e1in is ea \u00edomh\u00e1 an fhir, rud a thagann in ionad siombail\u00ed eile agus a thugann iolraitheoir\u00ed. Is flashlight dearg \u00e9 an scaip, agus t\u00e1 s\u00e9 ag teast\u00e1il chun an babhta b\u00f3nais a spreagadh. N\u00ed thugann gach \u00edomh\u00e1 eile ach buaite\u00e1in.<\/p>\n<h3>C\u00c9N STRAIT\u00c9IS AT\u00c1 OIRI\u00daNACH DON Lucky 88?<\/h3>\n<p>N\u00edl aon seicheamh sonrach gn\u00edomhartha ann a thabharfaidh rath ort. Is \u00e9 an rud is m\u00f3 anseo a bheith foighneach agus fanacht le bua m\u00f3r. T\u00e1 luaineacht ard ag an sliot\u00e1n, mar sin luath n\u00f3 mall, is cinnte go dtiocfaidh s\u00e9 chugat.<\/p>\n<h3>C\u00c9N C\u00c1S\u00d3N AR L\u00cdNE A BHFUIL LIOM AN SLI\u00d3T SEO A BHEITH AGAM?<\/h3>\n<p>M\u00e1 thairgeann an teach cearrbhachais cluich\u00ed \u00f3n mbranda Aristocrat, beidh an cluiche seo ann freisin.<\/p>\n<p><strong>L\u00e9irmheasanna ar sliot\u00e1n:<\/strong><\/p>\n<ul>\n<li><a href=\"https:\/\/rocketplay-new.com\/ga\/slot-machines\/book-of-dead\/\">Book of Dead<\/a><\/li>\n<li><a href=\"https:\/\/rocketplay-new.com\/ga\/slot-machines\/gonzos-quest\/\">Gonzo&#8217;s Quest<\/a><\/li>\n<\/ul>\n","protected":false},"excerpt":{"rendered":"<p>Is f\u00e9idir an sol\u00e1thra\u00ed cluiche ceasa\u00edneo Aristocrat a mheas mar r\u00ed ar th\u00e9ama\u00ed na h\u00c1ise. Agus is f\u00e9idir ceann de na cinn is m\u00f3 t\u00f3ir sa chatag\u00f3ir seo a mheas mar sliot\u00e1n Lucky 88. Is meais\u00edn sliot\u00e1n simpl\u00ed agus intuigthe \u00e9 seo i dt\u00e9arma\u00ed meicnic, ina bhfuil go leor gn\u00e9ithe b\u00f3nais deas. Mar sin d\u00e9anaimis&#8230;<\/p>\n","protected":false},"author":1,"featured_media":0,"parent":2271,"menu_order":0,"comment_status":"closed","ping_status":"closed","template":"single-no-sidebar.php","meta":{"_acf_changed":false,"_kad_post_transparent":"default","_kad_post_title":"default","_kad_post_layout":"default","_kad_post_sidebar_id":"","_kad_post_content_style":"default","_kad_post_vertical_padding":"default","_kad_post_feature":"","_kad_post_feature_position":"","_kad_post_header":false,"_kad_post_footer":false,"footnotes":""},"class_list":["post-2453","page","type-page","status-publish","hentry"],"acf":[],"rttpg_featured_image_url":null,"rttpg_author":{"display_name":"John","author_link":"https:\/\/rocketplay-new.com\/ga\/author\/pemvas95n89x\/"},"rttpg_comment":0,"rttpg_category":null,"rttpg_excerpt":"Is f\u00e9idir an sol\u00e1thra\u00ed cluiche ceasa\u00edneo Aristocrat a mheas mar r\u00ed ar th\u00e9ama\u00ed na h\u00c1ise. Agus is f\u00e9idir ceann de na cinn is m\u00f3 t\u00f3ir sa chatag\u00f3ir seo a mheas mar sliot\u00e1n Lucky 88. Is meais\u00edn sliot\u00e1n simpl\u00ed agus intuigthe \u00e9 seo i dt\u00e9arma\u00ed meicnic, ina bhfuil go leor gn\u00e9ithe b\u00f3nais deas. Mar sin d\u00e9anaimis...","_links":{"self":[{"href":"https:\/\/rocketplay-new.com\/ga\/wp-json\/wp\/v2\/pages\/2453","targetHints":{"allow":["GET"]}}],"collection":[{"href":"https:\/\/rocketplay-new.com\/ga\/wp-json\/wp\/v2\/pages"}],"about":[{"href":"https:\/\/rocketplay-new.com\/ga\/wp-json\/wp\/v2\/types\/page"}],"author":[{"embeddable":true,"href":"https:\/\/rocketplay-new.com\/ga\/wp-json\/wp\/v2\/users\/1"}],"replies":[{"embeddable":true,"href":"https:\/\/rocketplay-new.com\/ga\/wp-json\/wp\/v2\/comments?post=2453"}],"version-history":[{"count":3,"href":"https:\/\/rocketplay-new.com\/ga\/wp-json\/wp\/v2\/pages\/2453\/revisions"}],"predecessor-version":[{"id":5944,"href":"https:\/\/rocketplay-new.com\/ga\/wp-json\/wp\/v2\/pages\/2453\/revisions\/5944"}],"up":[{"embeddable":true,"href":"https:\/\/rocketplay-new.com\/ga\/wp-json\/wp\/v2\/pages\/2271"}],"wp:attachment":[{"href":"https:\/\/rocketplay-new.com\/ga\/wp-json\/wp\/v2\/media?parent=2453"}],"curies":[{"name":"wp","href":"https:\/\/api.w.org\/{rel}","templated":true}]}}