{"id":2414,"date":"2022-08-18T14:49:07","date_gmt":"2022-08-18T11:49:07","guid":{"rendered":"https:\/\/rocketplay-new.com\/slot-machines\/lightning-link\/"},"modified":"2025-04-03T21:51:17","modified_gmt":"2025-04-03T18:51:17","slug":"lightning-link","status":"publish","type":"page","link":"https:\/\/rocketplay-new.com\/ga\/slot-machines\/lightning-link\/","title":{"rendered":"Athbhreithni\u00fa Lightning Link Sliot\u00e1n"},"content":{"rendered":"<p>Ceann de na forbairt\u00ed is c\u00e1ili\u00fala ar an mbranda Aristocrat n\u00e1 an sliot\u00e1n Lightning Link, a chuims\u00edonn 4 th\u00e9ama \u00e9ags\u00fala ag an am c\u00e9anna. Is f\u00e9idir leis an imreoir a roghn\u00fa c\u00e1 h\u00e1it le dul: chuig an domhan mist\u00e9ireach faoi uisce, an Sah\u00e1ra tr\u00e9igthe, Las Vegas geal agus torannach, n\u00f3 t\u00edortha an Oirthir.<\/p>\n<p>I ngach \u00e1it, beidh ar an gambler teaglaim bhuaigh a dh\u00e9anamh ar 50 l\u00ednte p\u00e1 agus 5 r\u00edleanna, ghabh\u00e1il siombail\u00ed b\u00f3nais, agus t\u00e1 s\u00fail a ghabh\u00e1il Pota \u00d3ir n\u00edos m\u00f3. T\u00e1 imirt ar an toirt ar f\u00e1il do gach imreoir \u00f3 \u00c9irinn .<\/p>\n<p><img loading=\"lazy\" decoding=\"async\" class=\"aligncenter wp-image-336 size-large\" style=\"text-align: center; font-family: var(--global-body-font-family);\" src=\"https:\/\/rocketplay-new.com\/wp-content\/uploads\/2022\/08\/lightning-link-logo-1024x373.png\" alt=\"Lightning Link logo\" width=\"1024\" height=\"373\" srcset=\"https:\/\/rocketplay-new.com\/wp-content\/uploads\/2022\/08\/lightning-link-logo-1024x373.png 1024w, https:\/\/rocketplay-new.com\/wp-content\/uploads\/2022\/08\/lightning-link-logo-300x109.png 300w, https:\/\/rocketplay-new.com\/wp-content\/uploads\/2022\/08\/lightning-link-logo-768x279.png 768w, https:\/\/rocketplay-new.com\/wp-content\/uploads\/2022\/08\/lightning-link-logo.png 1440w\" sizes=\"auto, (max-width: 1024px) 100vw, 1024px\" \/><\/p>\n<h2>Siombail\u00ed A fheicfear SA Sliot\u00e1n<\/h2>\n<p>T\u00e1 an sliot\u00e1n seo uath\u00fail agus n\u00edl aon anal\u00f3gacha aige i measc branda\u00ed eile. Mar sin f\u00e9in, is f\u00e9idir leat a fheice\u00e1il go bhfuil siombail\u00ed tipici\u00fail le haghaidh aon cheasa\u00edneonna ar an Lightning Link ar l\u00edne. Is \u00e9ard at\u00e1 i gc\u00f3ras bun\u00fasach na siombail\u00ed n\u00e1 ainmn\u00edochta\u00ed c\u00e1rta\u00ed:<\/p>\n<ul>\n<li>naoi;<\/li>\n<li>deicheanna;<\/li>\n<li>seaic\u00e9id agus eile.<\/li>\n<\/ul>\n<p>T\u00e1 siad st\u00edlithe le haghaidh t\u00e9ama\u00ed \u00e9ags\u00fala, ag brath ar an sliot\u00e1n.<\/p>\n<p>Ag an am c\u00e9anna, tabharfaidh teaglaim de na h\u00edomh\u00e1nna seo an brab\u00fas is l\u00fa duit. Is fearr \u00edomh\u00e1nna t\u00e9amacha eile a bhaili\u00fa. Mar shampla, faightear carranna n\u00f3 sceall\u00f3ga costasacha ar r\u00edleanna Las Vegas.<\/p>\n<p>Caithfidh gach cluiche siombail\u00ed a scaipeadh a oscla\u00edonn babhta\u00ed b\u00f3nais. Chomh maith leis sin, chruthaigh an monar\u00f3ir siombail fi\u00e1in, a bhu\u00edochas sin t\u00e1 s\u00e9 i bhfad n\u00edos \u00e9asca slabhra\u00ed siombail\u00ed comhionann a bhaili\u00fa.<\/p>\n<p><span style=\"font-weight: 400;\"><div class=\"tosh-btn\"><a href=\"\/go-casino\/\" target=\"_blank\" rel=\"noopener\">FAIGH B\u00d3NAS<\/a><\/div><\/span><\/p>\n<h2>Gn\u00e9ithe b\u00f3nas ar f\u00e1il ag Lightning Link<\/h2>\n<p>Is \u00e9 an ghn\u00e9 is m\u00f3 a fh\u00e1gann go bhfuil Lightning Link chomh coitianta n\u00e1 an p\u00e9arla dra\u00edochta. Is \u00e9 seo an t-ainm na siombail\u00ed a ghn\u00edomhacht\u00fa babhta b\u00f3nas speisialta agus a thabhairt buaiteanna m\u00f3ra.<\/p>\n<p>Caithfidh 6 shiombail p\u00e9arla n\u00f3 n\u00edos m\u00f3 teacht i dt\u00edr ar an bp\u00e1irc chun 3 spins saor in aisce a bhronnadh ort. Beidh gach carachtar eile imithe ag an bpointe seo. Le linn na n-uain\u00edochta\u00ed, n\u00ed m\u00f3r duit an oiread de na h\u00edomh\u00e1nna seo agus is f\u00e9idir a ghabh\u00e1il. Gach uair a \u00e9ir\u00edonn leat p\u00e9arla a ghabh\u00e1il, cuirfear chun sochair duit spins saor in aisce ar\u00eds.<\/p>\n<p>Chomh maith leis an ngn\u00e9 seo, t\u00e1 a Scaip f\u00e9in ag gach sliot\u00e1n. N\u00ed th\u00f3gann s\u00e9 ach 3 ph\u00edosa \u00e1it ar bith ar an bp\u00e1irc, agus gheobhaidh t\u00fa 6 spins saor in aisce. C\u00e9 go bhfuil siad i bhfeidhm, is f\u00e9idir siombail\u00ed m\u00e9adaithe a bheith le feice\u00e1il a thugann \u00edoca\u00edochta\u00ed ollmh\u00f3ra. Le linn an ama seo, is f\u00e9idir leat boinn saor in aisce Lightning Link a thuilleamh gan do chuid airgid f\u00e9in a chaitheamh.<\/p>\n<p>Chun a thuiscint c\u00e9n tsiombail at\u00e1 ina scaip, n\u00ed m\u00f3r duit rialacha gach cluiche a l\u00e9amh.<\/p>\n<h2>Cad iad na Pota \u00d3ir is f\u00e9idir leis an Lightning Link give out<\/h2>\n<p>N\u00edl an c\u00f3ras pota \u00f3ir anseo chomh suimi\u00fail. T\u00e1 siad for\u00e1sach; is \u00e9 sin, n\u00edl luach lean\u00fanach aige. Comhcheangla\u00edtear pota\u00ed \u00f3ir do na 4 sliot\u00e1n i gceann amh\u00e1in. Sin an f\u00e1th go bhfuil s\u00e9 chomh suimi\u00fail ag caitheamh f\u00edor-airgead Lightning Link. T\u00e1 s\u00e9 i bhfad n\u00edos m\u00f3 spraoi n\u00e1 an leagan saor in aisce.<\/p>\n<p>Is f\u00e9idir an Pota \u00d3ir is m\u00f3 a fh\u00e1il tr\u00ed na 15 chealla go l\u00e9ir a bhaili\u00fa le linn an bhabhta b\u00f3nais le p\u00e9arla\u00ed. D\u00e1 bhr\u00ed sin, anseo is g\u00e1 duit a imirt de r\u00e9ir an phrionsabail an n\u00edos faide a casadh t\u00fa, an seans n\u00edos m\u00f3 a gheobhaidh t\u00fa.<\/p>\n<p>T\u00e1 s\u00e9 t\u00e1bhachtach a lua ar ais cist\u00ed don imreoir. Anseo t\u00e1 s\u00e9 ag an me\u00e1nleibh\u00e9al &#8211; 95.1% agus beag\u00e1n difri\u00fail, ag brath ar an t\u00e9ama a roghna\u00edonn t\u00fa.<\/p>\n<p>Tarla\u00edonn an rud c\u00e9anna le luaineacht. Ar an me\u00e1n, is f\u00e9idir \u00e9 a dtugtar ard. Cialla\u00edonn s\u00e9 seo go dtabharfaidh foighne brab\u00fais mhaith duit. Nuair a gheobhaidh t\u00fa bua m\u00f3r, cl\u00fad\u00f3idh s\u00e9 na caillteanais go l\u00e9ir a bh\u00ed agat roimhe seo.<\/p>\n<p>D\u00e1la an sc\u00e9il, is f\u00e9idir le haon imreoir an Pota \u00d3ir a bhuachan, is cuma c\u00e9 mh\u00e9ad geall leo. Raon geallt\u00f3ireachta: \u00f3 0.01EUR go 150EUR. Mar sin m\u00e1 t\u00e1 bancroll beag agat, is f\u00e9idir leat ceann de na sliot\u00e1in at\u00e1 san \u00e1ireamh i Lightning Link a roghn\u00fa f\u00f3s.<\/p>\n<p><span style=\"font-weight: 400;\"><div class=\"tosh-btn\"><a href=\"\/go-casino\/\" target=\"_blank\" rel=\"noopener\">FAIGH B\u00d3NAS<\/a><\/div><\/span><\/p>\n<h2>CC<\/h2>\n<h3>C\u00c1 F\u00c9IDIR LIOM TREIS A TR\u00cd AR Lightning Link?<\/h3>\n<p>T\u00e1 roinnt roghanna ann. Ar dt\u00fas, ar nd\u00f3igh, t\u00e1 na meais\u00edn\u00ed seo i gceasa\u00edneonna f\u00edor (as l\u00edne). D\u00e1 bhr\u00ed sin, m\u00e1 t\u00e1 deis den s\u00f3rt sin agat, is f\u00e9idir leat cuairt a thabhairt orthu. Ar an dara dul s\u00edos, is f\u00e9idir leat an aip Lightning Link a \u00fas\u00e1id agus taitneamh a bhaint as an gcluiche ar do ghuth\u00e1n p\u00f3ca. Agus ar an tr\u00ed\u00fa dul s\u00edos, t\u00e1 an rogha i gc\u00f3na\u00ed ag imirt tr\u00ed bhrabhs\u00e1la\u00ed soghluaiste. D\u00e9anann an leagan ar l\u00edne den mheais\u00edn \u00edoc\u00f3nach seo oiri\u00fan\u00fa do sc\u00e1ile\u00e1in bheaga.<\/p>\n<h3>CONAS AN BABHTA B\u00d3NAS A THR\u00c1CHT\u00c1IL SA SLOOT SEO?<\/h3>\n<p>N\u00edl aon ch\u00e9imeanna speisialta ann chuige seo. Beidh ort beag\u00e1n \u00e1dh agus foighne chun fanacht go dt\u00ed go 3 n\u00f3 n\u00edos m\u00f3 Scatters feice\u00e1il ar an sc\u00e1ile\u00e1n n\u00f3 ar a laghad 6 siombail\u00ed Pearl le feice\u00e1il ar an sc\u00e1ile\u00e1n. Ansin oscl\u00f3far f\u00e9idearthachta\u00ed uasta an mheais\u00edn \u00edoca\u00edochta romhat!<\/p>\n<h3>AN Lightning Link SOILSI\u00da AR F\u00c1IL SA L\u00c9ACHT SAOR IN AISCE?<\/h3>\n<p>Sea, is f\u00e9idir leat an modh taispe\u00e1na a \u00fas\u00e1id chun eolas a chur ar gameplay agus gn\u00e9ithe eile den sliot\u00e1n.<\/p>\n<p><strong>L\u00e9irmheasanna ar sliot\u00e1n:<\/strong><\/p>\n<ul>\n<li><a href=\"https:\/\/rocketplay-new.com\/ga\/slot-machines\/starburst\/\">Starburst<\/a><\/li>\n<li><a href=\"https:\/\/rocketplay-new.com\/ga\/slot-machines\/wizard-of-oz\/\">Wizard of Oz<\/a><\/li>\n<\/ul>\n","protected":false},"excerpt":{"rendered":"<p>Ceann de na forbairt\u00ed is c\u00e1ili\u00fala ar an mbranda Aristocrat n\u00e1 an sliot\u00e1n Lightning Link, a chuims\u00edonn 4 th\u00e9ama \u00e9ags\u00fala ag an am c\u00e9anna. Is f\u00e9idir leis an imreoir a roghn\u00fa c\u00e1 h\u00e1it le dul: chuig an domhan mist\u00e9ireach faoi uisce, an Sah\u00e1ra tr\u00e9igthe, Las Vegas geal agus torannach, n\u00f3 t\u00edortha an Oirthir. I ngach&#8230;<\/p>\n","protected":false},"author":1,"featured_media":0,"parent":2271,"menu_order":0,"comment_status":"closed","ping_status":"closed","template":"","meta":{"_acf_changed":false,"_kad_post_transparent":"default","_kad_post_title":"default","_kad_post_layout":"default","_kad_post_sidebar_id":"","_kad_post_content_style":"default","_kad_post_vertical_padding":"default","_kad_post_feature":"","_kad_post_feature_position":"","_kad_post_header":false,"_kad_post_footer":false,"footnotes":""},"class_list":["post-2414","page","type-page","status-publish","hentry"],"acf":[],"rttpg_featured_image_url":null,"rttpg_author":{"display_name":"John","author_link":"https:\/\/rocketplay-new.com\/ga\/author\/pemvas95n89x\/"},"rttpg_comment":0,"rttpg_category":null,"rttpg_excerpt":"Ceann de na forbairt\u00ed is c\u00e1ili\u00fala ar an mbranda Aristocrat n\u00e1 an sliot\u00e1n Lightning Link, a chuims\u00edonn 4 th\u00e9ama \u00e9ags\u00fala ag an am c\u00e9anna. Is f\u00e9idir leis an imreoir a roghn\u00fa c\u00e1 h\u00e1it le dul: chuig an domhan mist\u00e9ireach faoi uisce, an Sah\u00e1ra tr\u00e9igthe, Las Vegas geal agus torannach, n\u00f3 t\u00edortha an Oirthir. I ngach...","_links":{"self":[{"href":"https:\/\/rocketplay-new.com\/ga\/wp-json\/wp\/v2\/pages\/2414","targetHints":{"allow":["GET"]}}],"collection":[{"href":"https:\/\/rocketplay-new.com\/ga\/wp-json\/wp\/v2\/pages"}],"about":[{"href":"https:\/\/rocketplay-new.com\/ga\/wp-json\/wp\/v2\/types\/page"}],"author":[{"embeddable":true,"href":"https:\/\/rocketplay-new.com\/ga\/wp-json\/wp\/v2\/users\/1"}],"replies":[{"embeddable":true,"href":"https:\/\/rocketplay-new.com\/ga\/wp-json\/wp\/v2\/comments?post=2414"}],"version-history":[{"count":3,"href":"https:\/\/rocketplay-new.com\/ga\/wp-json\/wp\/v2\/pages\/2414\/revisions"}],"predecessor-version":[{"id":5913,"href":"https:\/\/rocketplay-new.com\/ga\/wp-json\/wp\/v2\/pages\/2414\/revisions\/5913"}],"up":[{"embeddable":true,"href":"https:\/\/rocketplay-new.com\/ga\/wp-json\/wp\/v2\/pages\/2271"}],"wp:attachment":[{"href":"https:\/\/rocketplay-new.com\/ga\/wp-json\/wp\/v2\/media?parent=2414"}],"curies":[{"name":"wp","href":"https:\/\/api.w.org\/{rel}","templated":true}]}}