{"id":2312,"date":"2022-08-18T14:04:56","date_gmt":"2022-08-18T11:04:56","guid":{"rendered":"https:\/\/rocketplay-new.com\/slot-machines\/break-da-bank\/"},"modified":"2025-11-26T20:04:57","modified_gmt":"2025-11-26T17:04:57","slug":"break-da-bank","status":"publish","type":"page","link":"https:\/\/rocketplay-new.com\/ga\/slot-machines\/break-da-bank\/","title":{"rendered":"Athbhreithni\u00fa Break Da  Banc Sliot\u00e1n"},"content":{"rendered":"<p>Comhl\u00edon aisling na gangsters go l\u00e9ir \u00f3 na scann\u00e1in &#8211; d\u00e9an iarracht dul isteach sa bhanc agus a bheith saibhir. Tar \u00e9is an tsaoil, is f\u00e9idir \u00e9 seo a bhu\u00edochas leis an sliot\u00e1n Break da Bank Again. D\u00e9an iarracht roinnt f\u00edor-airgead a infheisti\u00fa anseo agus tabhair faoi deara conas a rachaidh s\u00e9 chun tairbhe duit go luath amach anseo. D\u00e9anfaidh sliot\u00e1n uath\u00fail \u00f3 Microgaming le t\u00e9ama fionnuar do thr\u00e1thn\u00f3na a chaol\u00fa go foirfe agus a thaispe\u00e1int c\u00e9 chomh h\u00e9ags\u00fail is f\u00e9idir le cluich\u00ed f\u00edse\u00e1in a bheith.<\/p>\n<p style=\"text-align: center;\"><img loading=\"lazy\" decoding=\"async\" class=\"aligncenter wp-image-327 size-large\" src=\"https:\/\/rocketplay-new.com\/wp-content\/uploads\/2022\/08\/breakdabank-logo-1024x359.jpeg\" alt=\"BreakDaBank logo\" width=\"1024\" height=\"359\" srcset=\"https:\/\/rocketplay-new.com\/wp-content\/uploads\/2022\/08\/breakdabank-logo-1024x359.jpeg 1024w, https:\/\/rocketplay-new.com\/wp-content\/uploads\/2022\/08\/breakdabank-logo-300x105.jpeg 300w, https:\/\/rocketplay-new.com\/wp-content\/uploads\/2022\/08\/breakdabank-logo-768x269.jpeg 768w, https:\/\/rocketplay-new.com\/wp-content\/uploads\/2022\/08\/breakdabank-logo.jpeg 1140w\" sizes=\"auto, (max-width: 1024px) 100vw, 1024px\" \/><\/p>\n<h2>BREAK DA BANK AR\u00cdS: AG SEOLADH AN SL\u00d3T DON CH\u00c9AD UAIR<\/h2>\n<p>D\u2019fh\u00e9adfadh feidhmi\u00falacht an chluiche a bheith difri\u00fail ag brath ar an leagan a d\u2019oscail t\u00fa. \u00d3s rud \u00e9 go bhfuil roinnt roghanna ag Microgaming le haghaidh cluich\u00ed bainc\u00e9ireachta, mar shampla, Megaways Break da Bank Again, a bhfuil rialacha beag\u00e1n difri\u00fail aige.<\/p>\n<p>Sa l\u00e1 at\u00e1 inniu t\u00e1imid ag caint faoi an cluiche is gn\u00e1ch. Chun \u00e9 a rith, n\u00ed m\u00f3r duit:<\/p>\n<ol>\n<li>Cruthaigh do phr\u00f3if\u00edl ar shu\u00edomh Gr\u00e9as\u00e1in an cheasa\u00edneo n\u00f3 cuir isteach do chuntas pearsanta m\u00e1 t\u00e1 ceann agat cheana f\u00e9in.<\/li>\n<li>Faigh an cluiche seo sa chuardach.<\/li>\n<li>Rith an sliot\u00e1n i m\u00f3d gn\u00e1th n\u00f3 cas ar Break da Bank Again imirt saor in aisce.<\/li>\n<li>D\u00e9an staid\u00e9ar ar an eolas mar gheall ar an sliot\u00e1n agus breathn\u00fa ar an m\u00e9id de na geall (m\u00e1 t\u00e1 t\u00fa ag imirt ar airgead). Coigeartaigh \u00e9 mura bhfuil an m\u00e9id caighde\u00e1nach oiri\u00fanach duit.<\/li>\n<li>Tosaigh spins ag an cnaipe an cnaipe l\u00e1r.<\/li>\n<\/ol>\n<p>Ar mhaithe le do \u00e1isi\u00fail, t\u00e1 cluiche uathoibr\u00edoch ann freisin, nuair is g\u00e1 duit l\u00edon na spins a sheolfar go huathoibr\u00edoch a shocr\u00fa. Is f\u00e9idir leat rothl\u00fa na r\u00edleanna a bhrost\u00fa freisin tr\u00ed chlice\u00e1il ar an gcnaipe spins luathaithe.<\/p>\n<p>Pointe t\u00e1bhachtach eile is ea go gcaithfidh t\u00fa do chuntas a bheith athl\u00edonta agat chun airgead a imirt. Is \u00e9 an raon geallta sa sliot\u00e1n seo n\u00e1 0.09-45.<\/p>\n<p><span style=\"font-weight: 400;\"><div class=\"tosh-btn\"><a href=\"\/go-casino\/\" target=\"_blank\" rel=\"noopener\">FAIGH B\u00d3NAS<\/a><\/div>\u00a0 <\/span><\/p>\n<h2>SAINTR\u00c9ITHE BREAK DA BANK AR\u00cdS<\/h2>\n<p>Go hoibiacht\u00fail, t\u00e1 strucht\u00far measartha simpl\u00ed ag an sliot\u00e1n seo. T\u00e1 s\u00e9 comhdh\u00e9anta de 5 r\u00edl le tr\u00ed shraith de siombail\u00ed. N\u00edl ach 9 l\u00edne p\u00e1 anseo, rud nach bhfuil an oiread sin i gcompar\u00e1id le sliot\u00e1in eile. Mar gheall ar an me\u00e1n-luaineacht, \u00e1fach, is minic a chrutha\u00edonn siad teaglaim bhuaiteacha de mh\u00e9ideanna maithe. Mar gheall air seo, is fearr an cluiche infheist\u00edochta n\u00e1 an taispe\u00e1ntas Break da Bank Again.<\/p>\n<p>T\u00e1 baint ag siombail\u00ed na sliot\u00e1n seo le h\u00edomh\u00e1nna traidisi\u00fanta ceasa\u00edneo agus, ar nd\u00f3igh, leis an t\u00e9ama bainc\u00e9ireachta. T\u00e1:<\/p>\n<ul>\n<li>ainmn\u00edochta\u00ed c\u00e1rta\u00ed il-daite;<\/li>\n<li>barra\u00ed \u00f3ir;<\/li>\n<li>paca\u00ed dollar;<\/li>\n<li>boinn;<\/li>\n<li>seiceanna bainc;<\/li>\n<li>GEMS.<\/li>\n<\/ul>\n<p>T\u00e1 siombail speisialta anseo freisin \u2013 an s\u00e1bh\u00e1ilte, arb \u00e9 an Scaip \u00e9. Is \u00e9 an l\u00f3g\u00f3 cluiche an tsiombail Wild. Tugann siad gn\u00e9ithe speisialta.<\/p>\n<p>Mar shampla, n\u00edl Scatter ag brath ar l\u00ednte p\u00e1 agus is f\u00e9idir leis babhta\u00ed b\u00f3nais a oscailt, at\u00e1 saor in aisce don imreoir. N\u00ed bh\u00edonn l\u00edon na spins saor in aisce Break da Bank Again mar a ch\u00e9ile i gc\u00f3na\u00ed. Braitheann s\u00e9 ar l\u00edon na safes a thit ar an sc\u00e1ile\u00e1n. Is f\u00e9idir le uain\u00edochta\u00ed a bheith \u00f3 15 go 25.<\/p>\n<p>D\u00e1la an sc\u00e9il, le linn an bhabhta speisialta, cuirtear gach buaite chun sochair de r\u00e9ir do gheallta deiridh agus m\u00e9ad\u00f3idh s\u00e9 c\u00faig huaire.<\/p>\n<p>Ach is \u00e9 r\u00fan an tsiombail Wild, n\u00ed hamh\u00e1in go gcuirtear \u00edomh\u00e1nna eile in ionad \u00e9. D\u00e9antar gach teaglaim a dh\u00e9antar lena rannph\u00e1irt\u00edocht a iolr\u00fa faoi 5, rud a mh\u00e9ada\u00edonn go suntasach do chuid buaite freisin.<\/p>\n<p><img loading=\"lazy\" decoding=\"async\" class=\"aligncenter wp-image-329 size-full\" src=\"https:\/\/rocketplay-new.com\/wp-content\/uploads\/2022\/08\/break-da-bank-slot-1.jpeg\" alt=\"\" width=\"730\" height=\"500\" srcset=\"https:\/\/rocketplay-new.com\/wp-content\/uploads\/2022\/08\/break-da-bank-slot-1.jpeg 730w, https:\/\/rocketplay-new.com\/wp-content\/uploads\/2022\/08\/break-da-bank-slot-1-300x205.jpeg 300w\" sizes=\"auto, (max-width: 730px) 100vw, 730px\" \/><\/p>\n<h2>T\u00c9AMA &amp; DEARADH<\/h2>\n<p>Is \u00e9 an rud a dh\u00e9anann an cluiche seo \u00far agus uirbeach ach a th\u00e9ama. Cuirtear atmaisf\u00e9ar an bhainc in i\u00fal go han-mhaith. T\u00e1 dearadh na sliot\u00e1n discr\u00e9ideach. T\u00e1 an c\u00falra st\u00edlithe mar thaisce bainc, agus seasann na siombail\u00ed ar na r\u00edleanna amach go geal air. T\u00e1 an caighde\u00e1n grafaic\u00ed ard; ar sc\u00e1ile\u00e1n ar bith, n\u00ed fheicfidh t\u00fa picteil\u00edn\u00ed n\u00e1 picti\u00far doil\u00e9ir. T\u00e1 an beochan unobtrusive.<\/p>\n<p>Seasann go h\u00e1irithe amach conas a dh\u00e9antar an tsiombail Scaip. Is s\u00e1bh\u00e1lann d\u00fanta \u00e9 seo a oscla\u00edonn m\u00e1 thiteann ar a laghad 3 ph\u00edosa amach ar an bp\u00e1irc. Tiocfaidh bainc\u00e9ir amach as s\u00e1bh\u00e1ilte ollmh\u00f3r, agus taobh thiar d\u00f3, feicfidh t\u00fa sl\u00e9ibhte an rachmais, as ar th\u00e1inig t\u00fa anseo.<\/p>\n<p>Maidir leis an tionlacan ceoil, anseo t\u00e1 s\u00e9 neamhghn\u00e1ch. Sa ch\u00falra, is f\u00e9idir leat torm\u00e1in brainse bainc oibre a chloiste\u00e1il. Le linn spins, feictear fuaim tr\u00e9ith, d\u00edreach cos\u00fail le linn buaite. Mar sin f\u00e9in, m\u00e1s mian leat, is f\u00e9idir leat an fuaimrian a mh\u00fachadh.<\/p>\n<p><span style=\"font-weight: 400;\"><div class=\"tosh-btn\"><a href=\"\/go-casino\/\" target=\"_blank\" rel=\"noopener\">FAIGH B\u00d3NAS<\/a><\/div>\u00a0 <\/span><\/p>\n<h2>CONCL\u00daID<\/h2>\n<p>Is f\u00e9idir linn glacadh leis nach bhfuil an oiread sin t\u00f3ir ar Break da Bank Again. Seasann s\u00e9 amach \u00f3n gcuid eile; n\u00ed leadr\u00e1nach agus suimi\u00fail. In ainneoin nach bhfuil aon luaineacht ard anseo, is f\u00e9idir go leor buaiteanna m\u00f3ra a fh\u00e1il.<\/p>\n<p>Is \u00e9 95.43% an RTP anseo \u2013 t\u00e1scaire maith d\u2019imreoir. Is f\u00e9idir leat dul isteach anseo fi\u00fa le bankroll beag.<\/p>\n<p>T\u00e1 s\u00fagradh meandrach ar f\u00e1il do gach \u00fas\u00e1ideoir, is cuma m\u00e1 imr\u00edonn duine \u00f3 r\u00edomhaire n\u00f3 \u00f3 ghuth\u00e1n. T\u00e1 an forbr\u00f3ir tar \u00e9is an cluiche a oiri\u00fan\u00fa do gach feiste, agus mar sin t\u00e1 s\u00e9 i bhfad n\u00edos \u00e9asca anois bainc a hack\u00e1il! Is cinnte go moltar an sliot\u00e1n do gach duine nach bhfuil cur amach acu air go f\u00f3ill.<\/p>\n<p><strong>L\u00e9irmheasanna ar sliot\u00e1n:<\/strong><\/p>\n<ul>\n<li><a href=\"https:\/\/rocketplay-new.com\/ga\/slot-machines\/mega-moolah\/\">Mega Moolah<\/a><\/li>\n<li><a href=\"https:\/\/rocketplay-new.com\/ga\/slot-machines\/lightning-link\/\">Lightning Link<\/a><\/li>\n<\/ul>\n","protected":false},"excerpt":{"rendered":"<p>Comhl\u00edon aisling na gangsters go l\u00e9ir \u00f3 na scann\u00e1in &#8211; d\u00e9an iarracht dul isteach sa bhanc agus a bheith saibhir. Tar \u00e9is an tsaoil, is f\u00e9idir \u00e9 seo a bhu\u00edochas leis an sliot\u00e1n Break da Bank Again. D\u00e9an iarracht roinnt f\u00edor-airgead a infheisti\u00fa anseo agus tabhair faoi deara conas a rachaidh s\u00e9 chun tairbhe duit&#8230;<\/p>\n","protected":false},"author":1,"featured_media":0,"parent":2271,"menu_order":0,"comment_status":"closed","ping_status":"closed","template":"","meta":{"_acf_changed":false,"_kad_post_transparent":"default","_kad_post_title":"default","_kad_post_layout":"default","_kad_post_sidebar_id":"","_kad_post_content_style":"default","_kad_post_vertical_padding":"default","_kad_post_feature":"","_kad_post_feature_position":"","_kad_post_header":false,"_kad_post_footer":false,"footnotes":""},"class_list":["post-2312","page","type-page","status-publish","hentry"],"acf":[],"rttpg_featured_image_url":null,"rttpg_author":{"display_name":"John","author_link":"https:\/\/rocketplay-new.com\/ga\/author\/pemvas95n89x\/"},"rttpg_comment":0,"rttpg_category":null,"rttpg_excerpt":"Comhl\u00edon aisling na gangsters go l\u00e9ir \u00f3 na scann\u00e1in &#8211; d\u00e9an iarracht dul isteach sa bhanc agus a bheith saibhir. Tar \u00e9is an tsaoil, is f\u00e9idir \u00e9 seo a bhu\u00edochas leis an sliot\u00e1n Break da Bank Again. D\u00e9an iarracht roinnt f\u00edor-airgead a infheisti\u00fa anseo agus tabhair faoi deara conas a rachaidh s\u00e9 chun tairbhe duit...","_links":{"self":[{"href":"https:\/\/rocketplay-new.com\/ga\/wp-json\/wp\/v2\/pages\/2312","targetHints":{"allow":["GET"]}}],"collection":[{"href":"https:\/\/rocketplay-new.com\/ga\/wp-json\/wp\/v2\/pages"}],"about":[{"href":"https:\/\/rocketplay-new.com\/ga\/wp-json\/wp\/v2\/types\/page"}],"author":[{"embeddable":true,"href":"https:\/\/rocketplay-new.com\/ga\/wp-json\/wp\/v2\/users\/1"}],"replies":[{"embeddable":true,"href":"https:\/\/rocketplay-new.com\/ga\/wp-json\/wp\/v2\/comments?post=2312"}],"version-history":[{"count":5,"href":"https:\/\/rocketplay-new.com\/ga\/wp-json\/wp\/v2\/pages\/2312\/revisions"}],"predecessor-version":[{"id":11229,"href":"https:\/\/rocketplay-new.com\/ga\/wp-json\/wp\/v2\/pages\/2312\/revisions\/11229"}],"up":[{"embeddable":true,"href":"https:\/\/rocketplay-new.com\/ga\/wp-json\/wp\/v2\/pages\/2271"}],"wp:attachment":[{"href":"https:\/\/rocketplay-new.com\/ga\/wp-json\/wp\/v2\/media?parent=2312"}],"curies":[{"name":"wp","href":"https:\/\/api.w.org\/{rel}","templated":true}]}}