{"id":2279,"date":"2022-08-18T13:37:44","date_gmt":"2022-08-18T10:37:44","guid":{"rendered":"https:\/\/rocketplay-new.com\/slot-machines\/book-of-dead\/"},"modified":"2025-11-26T20:13:25","modified_gmt":"2025-11-26T17:13:25","slug":"book-of-dead","status":"publish","type":"page","link":"https:\/\/rocketplay-new.com\/ga\/slot-machines\/book-of-dead\/","title":{"rendered":"L\u00e9irmheas Book of Dead Slot"},"content":{"rendered":"<p>Ag r\u00e9iteach r\u00fandiamhra thuama\u00ed na Sean-\u00c9igipte, ag cuardach seoda ann, ag cur do chist\u00ed f\u00e9in i mbaol \u2013 c\u00e9n f\u00e1th nach eachtra corraitheach \u00e9? Cuireann sliot\u00e1in na Sean-\u00c9igipte iontas ar \u00e1illeacht a ndeartha agus a dtionlacan ceoil maighn\u00e9adach. Mar sin, n\u00ed haon ionadh \u00e9 go bhfuil m\u00f3r\u00e1n acu i gceasa\u00edneonna nua-aimseartha ar l\u00edne. Sa l\u00e1 at\u00e1 inniu d\u00e9anfaimid pl\u00e9 ar an sliot\u00e1n cult san \u00e1bhar seo, agus gheobhaidh t\u00fa an t-athbhreithni\u00fa Leabhar na Marbh is oibiacht\u00fala agus tuigfidh t\u00fa an mbeidh an cluiche f\u00edse\u00e1n seo oiri\u00fanach do do chuid riachtanas.<\/p>\n<p style=\"text-align: center;\"><img loading=\"lazy\" decoding=\"async\" class=\"aligncenter wp-image-314 size-full\" src=\"https:\/\/rocketplay-new.com\/wp-content\/uploads\/2022\/08\/book-of-dead-logo.jpeg\" alt=\"book of dead logo\" width=\"720\" height=\"471\" srcset=\"https:\/\/rocketplay-new.com\/wp-content\/uploads\/2022\/08\/book-of-dead-logo.jpeg 720w, https:\/\/rocketplay-new.com\/wp-content\/uploads\/2022\/08\/book-of-dead-logo-300x196.jpeg 300w\" sizes=\"auto, (max-width: 720px) 100vw, 720px\" \/><\/p>\n<h2>M\u00f3d taispe\u00e1na &#8211; r\u00e9amhr\u00e1 saor in aisce ar Book of Dead<\/h2>\n<p>Tar \u00e9is duit an f\u00edschluiche seo a sheoladh den ch\u00e9ad uair, n\u00ed f\u00e9idir leat a bheith neamhshuimi\u00fail faoi. Ach t\u00e1 s\u00e9 n\u00edos fearr i gc\u00f3na\u00ed a dh\u00e9anamh ar an ch\u00e9ad acquaintance gan chaitheamh do chuid airgid ar s\u00e9. Is chun cr\u00edocha den s\u00f3rt sin is f\u00e9idir leat imirt Book of Dead<\/p>\n<p>Cabhr\u00f3idh r\u00e9im den s\u00f3rt sin leat:<\/p>\n<ul>\n<li>tuiscint a fh\u00e1il ar mheicnic na sliot\u00e1n;<\/li>\n<li>bhraitheann c\u00e9 acu is maith leat \u00e9 n\u00f3 nach bhfuil;<\/li>\n<li>meast\u00f3ireacht a dh\u00e9anamh ar ch\u00e1il\u00edocht na grafaic\u00ed agus na fuaime;<\/li>\n<li>seice\u00e1il minic\u00edocht na dteaglaim buaite;<\/li>\n<li>strait\u00e9is an chluiche a th\u00e1st\u00e1il.<\/li>\n<\/ul>\n<p>B\u00edonn deis ag imreoir\u00ed \u00f3 \u00c9ireann an sliot\u00e1n a imirt saor in aisce mura bhfuil siad r\u00e9idh f\u00f3s airgead a chaitheamh air n\u00f3 mura bhfuil a gcuid banc f\u00e9in acu.<\/p>\n<p><span style=\"font-weight: 400;\"><div class=\"tosh-btn\"><a href=\"\/go-casino\/\" target=\"_blank\" rel=\"noopener\">FAIGH B\u00d3NAS<\/a><\/div>\u00a0 <\/span><\/p>\n<h2>Siombail\u00ed, r\u00e1ta\u00ed, agus sonra\u00ed eile ar an Book of Dead<\/h2>\n<p>Gan embellishing, an Book of Dead is sliot\u00e1n clasaiceach sa se\u00e1nra seo. I gcos\u00falacht an chluiche seo \u00f3 Play&#8217;n Go, crutha\u00edodh an iliomad f\u00edschluich\u00ed comhchos\u00fala. Agus go l\u00e9ir a bhu\u00edochas leis na gn\u00e9ithe suimi\u00fala a chuir an forbr\u00f3ir isteach anseo.<\/p>\n<p>Mar sin, d\u00e9anaimis labhairt faoi siombail\u00ed ar dt\u00fas. T\u00e1 deich gcinn acu anseo:<\/p>\n<ul>\n<li>ainmn\u00edochta\u00ed c\u00e1rta\u00ed (\u00f3 10 go Ace);<\/li>\n<li>siombail\u00ed h\u00c9igipte (Anubis, Pharaoh, agus daoine eile);<\/li>\n<li>Rich Wilde \u2013 taisteala\u00ed agus protagonist;<\/li>\n<li>leabhar \u00f3rga.<\/li>\n<\/ul>\n<p>Is \u00e9 an ceann is speisialta, ar nd\u00f3igh, an tsiombail fi\u00e1in. T\u00e1 a r\u00f3l le himirt ag leabhar mist\u00e9ireach. T\u00e1 s\u00e9 in ann siombail\u00ed eile a athshol\u00e1thar, chomh maith leis an mbabhta b\u00f3nais a ghn\u00edomhacht\u00fa nuair a dhealra\u00edonn s\u00e9 i m\u00e9id 3 n\u00f3 n\u00edos m\u00f3 \u00e1it ar bith ar an r\u00e9imse. Ina theannta sin, tugann s\u00e9 buaiteoga ar a chuid f\u00e9in freisin.<\/p>\n<p>Eolas teicni\u00fail:<\/p>\n<ul>\n<li>druma\u00ed &#8211; 5;<\/li>\n<li>l\u00ednte p\u00e1 &#8211; 10;<\/li>\n<li>cluiche uathoibr\u00edoch &#8211; t\u00e1;<\/li>\n<li>rothl\u00fa luathaithe &#8211; t\u00e1;<\/li>\n<li>is \u00e9 0.01 an t-\u00edosr\u00e1ta;<\/li>\n<li>uasmh\u00e9id &#8211; 100.<\/li>\n<\/ul>\n<p>Is \u00e9 leathmhilli\u00fan an t-aschur uasta at\u00e1 Book of Dead ar l\u00edne in ann. Agus t\u00e1 gach seans agat!<\/p>\n<p style=\"text-align: center;\"><img loading=\"lazy\" decoding=\"async\" class=\"aligncenter wp-image-315 size-full\" src=\"https:\/\/rocketplay-new.com\/wp-content\/uploads\/2022\/08\/book-of-dead-slot.jpeg\" alt=\"Book of Dead slot\" width=\"838\" height=\"456\" srcset=\"https:\/\/rocketplay-new.com\/wp-content\/uploads\/2022\/08\/book-of-dead-slot.jpeg 838w, https:\/\/rocketplay-new.com\/wp-content\/uploads\/2022\/08\/book-of-dead-slot-300x163.jpeg 300w, https:\/\/rocketplay-new.com\/wp-content\/uploads\/2022\/08\/book-of-dead-slot-768x418.jpeg 768w\" sizes=\"auto, (max-width: 838px) 100vw, 838px\" \/><\/p>\n<h2>Seans agus Eile a Dh\u00fabailt Book of Dead M\u00f3d<\/h2>\n<p>D&#8217;fhonn a thuilleamh suimeanna m\u00f3ra, n\u00ed m\u00f3r an t-imreoir a ghabh\u00e1il siombail\u00ed b\u00f3nais, a bhfuil anseo an leabhar casadh. Tosa\u00edonn s\u00e9 an babhta b\u00f3nais, \u00e1it a n-\u00e9ir\u00edonn an bua i bhfad n\u00edos m\u00f3, agus fanann cothroma\u00edocht an imreora mar a bh\u00ed s\u00e9 sular thosaigh s\u00e9.<\/p>\n<p>Cad at\u00e1 sa bhabhta b\u00f3nais? Is iad seo 10 spins saor in aisce, ar lena linn nach bhfuil an meais\u00edn a bhaint airgead as an gambler ach creidmheasanna. Seinntear spins go huathoibr\u00edoch.<\/p>\n<p>Conas a thosa\u00edonn s\u00e9? M\u00e1 t\u00e1 3 n\u00f3 n\u00edos m\u00f3 siombail\u00ed leabhar ar an sc\u00e1ile\u00e1n. Is cuma m\u00e1 thuirling\u00edonn siad ar l\u00edne bhuaiteach n\u00f3 nach ea.<\/p>\n<p>An f\u00e9idir lean\u00faint leis an mbabhta b\u00f3nais? Sea, m\u00e1 t\u00e1 an t-\u00e1dh leat go mbeidh 3 \u00edomh\u00e1 eile de leabhair le feice\u00e1il. Ansin seolfar spins saor in aisce Leabhar na Marbh ar\u00eds. Is f\u00e9idir leis seo lean\u00faint ar aghaidh go dt\u00ed an bua uasta.<\/p>\n<p>Ina theannta sin, siombail\u00ed leathn\u00fa le feice\u00e1il go randamach le linn an bhabhta b\u00f3nais. Is f\u00e9idir le haon \u00edomh\u00e1 feidhmi\u00fa mar a r\u00f3l. Ag brath ar seo, athr\u00f3idh an m\u00e9id is f\u00e9idir leat a bhuachan.<\/p>\n<p>Gn\u00e9 fhionnuar eile inar f\u00e9idir leat do bhua deireanach a dh\u00fabailt n\u00f3 a cheathair, is cluiche seans \u00e9. Is iad a rialacha bun\u00fasacha:<\/p>\n<ul>\n<li>roghnaigh dath an ch\u00e1rta a oscla\u00edonn agus d\u00fabailt an m\u00e9id deiridh;<\/li>\n<li>roghnaigh culaith ch\u00e1rta agus cuir an m\u00e9id airgid faoi cheathair.<\/li>\n<\/ul>\n<p>M\u00e1 t\u00e1 do thuar ceart, is f\u00e9idir lean\u00faint ar aghaidh leis an gcluiche de r\u00e9ir toil. Is f\u00e9idir \u00e9 seo a dh\u00e9anamh suas le 5 huaire. Mura ndearna t\u00fa buille faoi thuairim faoin dath n\u00f3 faoin oireann, ansin cr\u00edochna\u00edonn an babhta go huathoibr\u00edoch.<\/p>\n<p>T\u00e1 rialacha an-simpl\u00ed ag an meais\u00edn sliot\u00e1n seo. Ach tuilleamh sa<span style=\"font-family: var(--global-body-font-family);\"> Book of Dead <\/span>T\u00e1 f\u00edor-airgead d\u00edreach chomh h\u00e9asca.<\/p>\n<p>Chomh maith le gn\u00e9ithe fionnuar, gheobhaidh t\u00fa dearadh maith anseo freisin. Breathna\u00edonn an sliot\u00e1n nua-aimseartha, c\u00e9 gur scaoileadh \u00e9 thart ar 5 bliana \u00f3 shin. Sa ch\u00falra, feiceann an t-imreoir tuama \u00e1rsa, agus t\u00e1 an ph\u00e1irc imeartha l\u00e1n le siombail\u00ed geala agus beochan maith.<\/p>\n<p><span style=\"font-weight: 400;\"><div class=\"tosh-btn\"><a href=\"\/go-casino\/\" target=\"_blank\" rel=\"noopener\">FAIGH B\u00d3NAS<\/a><\/div>\u00a0 <\/span><\/p>\n<h2>Book of Dead CC<\/h2>\n<h3>C\u00c9ARD IAD AN C\u00c9ATAD\u00c1N RTP SA Sliot\u00e1n SEO?<\/h3>\n<p>L\u00e9ir\u00edonn an monar\u00f3ir t\u00e1scaire 96.21%. Meastar go bhfuil s\u00e9 maith go leor. Baintear \u00e9 seo amach tr\u00ed bhabhta b\u00f3nais a bheith sa chluiche. Ligeann an t\u00e1scaire seo don imreoir brath n\u00ed hamh\u00e1in ar thuairisce\u00e1n ach freisin ar an m\u00e9ad\u00fa ar an bankroll le dea-\u00e1dh.<\/p>\n<h3>C\u00e9 chomh minic is a bheidh an bua agam SA Sliot\u00e1n SEO, AGUS C\u00e9 chomh M\u00d3R A BHFUIL NA BUAITEACHA?<\/h3>\n<p>T\u00e1 luaineacht freagrach as seo i sliot\u00e1in. T\u00e1 me\u00e1n ag Book of Dead. Cialla\u00edonn s\u00e9 seo go mbeidh an bua beag ach go cothrom rialta. T\u00e1 an rogha seo oiri\u00fanach don fhadt\u00e9arma, c\u00e9 nach ligeann s\u00e9 duit an jackpot a bhualadh go g\u00e9ar.<\/p>\n<h3>AN F\u00c9IDIR LIOM SPREAGADH Book of Dead gan mo chuid airgid a chur am\u00fa?<\/h3>\n<p>Of course. The developer has made a demo version, which is available to all guests of the casino where the slot is presented.<\/p>\n<p><strong>L\u00e9irmheasanna ar sliot\u00e1n:<\/strong><\/p>\n<ul>\n<li><a href=\"https:\/\/rocketplay-new.com\/ga\/slot-machines\/wizard-of-oz\/\">Wizard of Oz<\/a><\/li>\n<li><a href=\"https:\/\/rocketplay-new.com\/ga\/slot-machines\/starburst\/\">Starburst<\/a><\/li>\n<\/ul>\n","protected":false},"excerpt":{"rendered":"<p>Ag r\u00e9iteach r\u00fandiamhra thuama\u00ed na Sean-\u00c9igipte, ag cuardach seoda ann, ag cur do chist\u00ed f\u00e9in i mbaol \u2013 c\u00e9n f\u00e1th nach eachtra corraitheach \u00e9? Cuireann sliot\u00e1in na Sean-\u00c9igipte iontas ar \u00e1illeacht a ndeartha agus a dtionlacan ceoil maighn\u00e9adach. Mar sin, n\u00ed haon ionadh \u00e9 go bhfuil m\u00f3r\u00e1n acu i gceasa\u00edneonna nua-aimseartha ar l\u00edne. Sa l\u00e1&#8230;<\/p>\n","protected":false},"author":1,"featured_media":0,"parent":2271,"menu_order":0,"comment_status":"closed","ping_status":"closed","template":"","meta":{"_acf_changed":false,"_kad_post_transparent":"default","_kad_post_title":"default","_kad_post_layout":"default","_kad_post_sidebar_id":"","_kad_post_content_style":"default","_kad_post_vertical_padding":"default","_kad_post_feature":"","_kad_post_feature_position":"","_kad_post_header":false,"_kad_post_footer":false,"footnotes":""},"class_list":["post-2279","page","type-page","status-publish","hentry"],"acf":[],"rttpg_featured_image_url":null,"rttpg_author":{"display_name":"John","author_link":"https:\/\/rocketplay-new.com\/ga\/author\/pemvas95n89x\/"},"rttpg_comment":0,"rttpg_category":null,"rttpg_excerpt":"Ag r\u00e9iteach r\u00fandiamhra thuama\u00ed na Sean-\u00c9igipte, ag cuardach seoda ann, ag cur do chist\u00ed f\u00e9in i mbaol \u2013 c\u00e9n f\u00e1th nach eachtra corraitheach \u00e9? Cuireann sliot\u00e1in na Sean-\u00c9igipte iontas ar \u00e1illeacht a ndeartha agus a dtionlacan ceoil maighn\u00e9adach. Mar sin, n\u00ed haon ionadh \u00e9 go bhfuil m\u00f3r\u00e1n acu i gceasa\u00edneonna nua-aimseartha ar l\u00edne. Sa l\u00e1...","_links":{"self":[{"href":"https:\/\/rocketplay-new.com\/ga\/wp-json\/wp\/v2\/pages\/2279","targetHints":{"allow":["GET"]}}],"collection":[{"href":"https:\/\/rocketplay-new.com\/ga\/wp-json\/wp\/v2\/pages"}],"about":[{"href":"https:\/\/rocketplay-new.com\/ga\/wp-json\/wp\/v2\/types\/page"}],"author":[{"embeddable":true,"href":"https:\/\/rocketplay-new.com\/ga\/wp-json\/wp\/v2\/users\/1"}],"replies":[{"embeddable":true,"href":"https:\/\/rocketplay-new.com\/ga\/wp-json\/wp\/v2\/comments?post=2279"}],"version-history":[{"count":6,"href":"https:\/\/rocketplay-new.com\/ga\/wp-json\/wp\/v2\/pages\/2279\/revisions"}],"predecessor-version":[{"id":5879,"href":"https:\/\/rocketplay-new.com\/ga\/wp-json\/wp\/v2\/pages\/2279\/revisions\/5879"}],"up":[{"embeddable":true,"href":"https:\/\/rocketplay-new.com\/ga\/wp-json\/wp\/v2\/pages\/2271"}],"wp:attachment":[{"href":"https:\/\/rocketplay-new.com\/ga\/wp-json\/wp\/v2\/media?parent=2279"}],"curies":[{"name":"wp","href":"https:\/\/api.w.org\/{rel}","templated":true}]}}