{"id":2271,"date":"2022-06-13T20:51:19","date_gmt":"2022-06-13T17:51:19","guid":{"rendered":"https:\/\/rocketplay-new.com\/slot-machines\/"},"modified":"2025-11-26T20:09:42","modified_gmt":"2025-11-26T17:09:42","slug":"slot-machines","status":"publish","type":"page","link":"https:\/\/rocketplay-new.com\/ga\/slot-machines\/","title":{"rendered":"Meais\u00edn\u00ed sliot\u00e1n ag RocketPlay Casino"},"content":{"rendered":"<p>\u00d3c\u00e1id th\u00e1bhachtach i saol an chearrbhachais ba ea aireag\u00e1n an mheais\u00edn sliot\u00e1n ag deireadh an 19\u00fa haois. Go tapa sh\u00e1raigh sliot\u00e1in cine\u00e1lacha eile siamsa\u00edochta a raibh an-t\u00f3ir orthu. I gceasa\u00edneonna nua-aimseartha roghna\u00edonn n\u00edos m\u00f3 n\u00e1 70% d&#8217;imreoir\u00ed iad. Uaireanta is f\u00e9idir leat a l\u00e9amh go bhfuair an smaoineamh maidir le haireag\u00f3ir meais\u00edn sliot\u00e1n Charles Fey ar iasacht \u00f3 ph\u00f3cair. Agus t\u00e1 s\u00e9 f\u00edor, go minic c\u00e1rta\u00ed a \u00fas\u00e1idtear mar picti\u00fair siombalach ar na r\u00edleanna, agus t\u00e1 na teaglama\u00ed beag\u00e1n i gcuimhne poker. Ach f\u00f3s, fi\u00fa m\u00e1 thosaigh an t-innealt\u00f3ir \u00f3n gcluiche c\u00e1rta\u00ed, sa deireadh chuaigh s\u00e9 i bhfad uaidh.<\/p>\n<p><img loading=\"lazy\" decoding=\"async\" class=\"aligncenter wp-image-4778\" src=\"https:\/\/rocketplay-new.com\/wp-content\/uploads\/2024\/02\/111.png\" alt=\"Slot RocketPlay\" width=\"800\" height=\"478\" srcset=\"https:\/\/rocketplay-new.com\/wp-content\/uploads\/2024\/02\/111.png 1340w, https:\/\/rocketplay-new.com\/wp-content\/uploads\/2024\/02\/111-300x179.png 300w, https:\/\/rocketplay-new.com\/wp-content\/uploads\/2024\/02\/111-1024x612.png 1024w, https:\/\/rocketplay-new.com\/wp-content\/uploads\/2024\/02\/111-768x459.png 768w\" sizes=\"auto, (max-width: 800px) 100vw, 800px\" \/><\/p>\n<p>Is \u00e9 pr\u00edomhbhunt\u00e1iste meais\u00edn\u00ed sliot\u00e1n neamhsple\u00e1chas an imreora \u00f3n d\u00e1 chomhph\u00e1irt\u00ed agus \u00f3n d\u00e9ile\u00e1la\u00ed. Imr\u00edtear sliot\u00e1in ina n-aonar. Thug Fey aire de sin. T\u00e1 meicn\u00edocht uathoibr\u00edoch phaitinnithe aige chun boinn a fh\u00e1il agus a eisi\u00faint. Anois is f\u00e9idir le duine si\u00fal isteach i mbe\u00e1r, nicil a \u00edsli\u00fa, an l\u00e1imhse\u00e1il a tharraingt, agus deich n-uaire a bhuachan &#8211; ba \u00e9 sin an Pota \u00d3ir sa ch\u00e9ad sliot\u00e1n &#8211; 50 cent, n\u00ed droch-airgead ag an am.<\/p>\n<p>N\u00edos d\u00e9ana\u00ed fuair meais\u00edn\u00ed sliot\u00e1n tiom\u00e1int r\u00edl leictreach agus soilsi\u00fa \u00e1lainn. Ach d&#8217;fhan an prionsabal mar an gc\u00e9anna: ba ch\u00f3ir go mbeadh na siombail\u00ed c\u00e9anna ar na 3 r\u00edl ag teacht suas i l\u00edne amh\u00e1in. \u00d3s rud \u00e9 go nd\u00e9antar l\u00edn\u00edochta\u00ed le minic\u00edocht \u00e9ags\u00fail, agus t\u00e1 an d\u00f3ch\u00falacht go mbeidh a gcomhdh\u00e9anamh i gcomhcheangail difri\u00fail. Is iad na teaglama\u00ed is annamha an luach saothair is m\u00f3. Agus vice versa.<\/p>\n<p>\u00das\u00e1ideann meais\u00edn\u00ed Sliot\u00e1n nua-aimseartha an sc\u00e9im ch\u00e9anna, ach an gl\u00e9as go bhfuil siad go hioml\u00e1n difri\u00fail \u00f3 na meais\u00edn Sliot\u00e1n d&#8217;aois. Anois t\u00e1 s\u00e9 cl\u00e1ir r\u00edomhaire ar leith. Meais\u00edn\u00ed talamhbhunaithe go seachtrach cos\u00fail lena sinsear, ach t\u00e1 an l\u00edonadh is nua-aimseartha acu. Maidir le sliot\u00e1in ar l\u00edne RocketPlay, is ionann iad go d\u00edreach agus na cl\u00e1ir a ritheann taobh istigh d\u00e1 gcomhghleacaithe talamh-bhunaithe.<\/p>\n<p>D&#8217;athraigh an aois r\u00edomhaire eacnama\u00edocht na meais\u00edn\u00ed sliot\u00e1n go hioml\u00e1n. \u00das\u00e1ideann roinnt ceasa\u00edneonna talamh-bhunaithe boinn n\u00f3 comhartha\u00ed f\u00f3s chun \u00edoc as imirt agus chun buaite a thabhairt, ach glacann na coimpl\u00e9isc sliot\u00e1n is nua\u00ed le gach \u00edoca\u00edocht leictreonach. Maidir le sliot\u00e1in ar l\u00edne, n\u00ed oibr\u00edonn siad ach tr\u00ed \u00edoca\u00edocht gan airgead tirim.<\/p>\n<p><span style=\"font-weight: 400;\">\u00a0<div class=\"go-btn-container\"><div class=\"tosh-btn\"><a href=\"\/go-casino\/\" target=\"_blank\" rel=\"noopener\">IMIR ANOIS<\/a><\/div><\/div> <\/span><\/p>\n<h2>CONAS A OIBR\u00cdONN EACNAMA\u00cdOCHT NA gC\u00c1S\u00d3IN AR L\u00cdNE<\/h2>\n<p>Is \u00e9 an bealach is inacmhainne sliot\u00e1in a imirt ag <a href=\"https:\/\/rocketplay-new.com\/ga\/casino\/\">casinos ar l\u00edne<\/a> RocketPlay. D\u2019fh\u00e9adfadh s\u00e9 a bheith cos\u00fail gur cl\u00e1r simpl\u00ed go leor sliot\u00e1n ar l\u00edne, ar mhodh na gcluich\u00ed flash saor in aisce at\u00e1 go leor ar an ngr\u00e9as\u00e1n. Ach n\u00edl s\u00e9 seo n\u00edos m\u00f3 n\u00e1 cos\u00falacht sheachtrach. N\u00ed cl\u00e1r me\u00e1nach \u00e9 sliot\u00e1n f\u00edse\u00e1n, m\u00e1s rud \u00e9 amh\u00e1in toisc go bhfuil s\u00e9 deimhnithe \u00e9igeantach. T\u00e1 an monar\u00f3ir freagrach as leibh\u00e9al dearbhaithe na n-\u00edoca\u00edochta\u00ed. De ghn\u00e1th sonra\u00edtear \u00e9 go dt\u00ed an dara deach\u00fail, mar shampla, 97.08%. Faightear na figi\u00fair\u00ed seo tr\u00ed r\u00edomhanna matamaitici\u00fala diana i saotharlanna speisialta. Ar dt\u00fas sroicheann an monar\u00f3ir leibh\u00e9al \u00e1irithe toraidh, agus ansin d\u00e9anann coimisi\u00fain neamhsple\u00e1cha na tortha\u00ed a sheice\u00e1il. N\u00ed eis\u00edtear deimhni\u00fa ach ina dhiaidh sin.<\/p>\n<p>Is me\u00e1nluach \u00e9 c\u00e9atad\u00e1n an fhillte\u00e1in don imreoir. Mar sin n\u00ed thagann s\u00e9 le ch\u00e9ile leis an gcleachtas ach amh\u00e1in tar \u00e9is l\u00edon r\u00e9alteola\u00edoch gluaiseachta\u00ed. Is \u00e9 seo an bun\u00fas le s\u00fail an imreoir a bhuachan. Agus is \u00e9 sin an f\u00e1th a dtarla\u00edonn caillteanais. Tar \u00e9is an tsaoil, d\u00e1 dtabharfadh an meais\u00edn sliot\u00e1n d\u00edreach $97.8 in aghaidh an 100 a chaitear gach uair (mar at\u00e1 sa sampla thuas), n\u00ed bheadh \u200b\u200bm\u00f3r\u00e1n pointe ag baint leis an imirt. Agus mar sin mar gheall ar n\u00e1d\u00far randamach an d\u00e1ileadh luachanna is f\u00e9idir le imreoir a l\u00e1n a bhuachan &#8211; uaireanta suas le roinnt milli\u00fan.<\/p>\n<p>Chun sliot\u00e1in ar l\u00edne RocketPlay a imirt ar airgead f\u00edor is g\u00e1 cl\u00e1r\u00fa. N\u00ed m\u00f3r don imreoir faisn\u00e9is phearsanta a shol\u00e1thar: ainm, leasainm, seoladh r\u00edomhphoist n\u00f3 uimhir theileaf\u00f3in. Anseo caithfidh an t-imreoir a chinneadh conas a oireann s\u00e9 do leibh\u00e9al \u00e1irithe pr\u00edobh\u00e1ideachta. R\u00e1tha\u00edonn Casino RocketPlay s\u00e1bh\u00e1ilteacht sonra\u00ed pearsanta.<\/p>\n<p>Tar \u00e9is cl\u00e1r\u00fach\u00e1in Tairgeann sliot\u00e1n ar l\u00edne saor in aisce RocketPlay b\u00f3nas f\u00e1ilte tapa &#8211; gan aon \u00e9arlais. Bronntanas \u00e9 seo don ch\u00e9ad uair, ionas go raibh na hacmhainn\u00ed ag an tosaitheoir dul i dtaith\u00ed ar ord\u00fa an cheasa\u00edneo agus dul i dtaith\u00ed air. Is leor na cist\u00ed seo den ch\u00e9ad uair. Thairis sin, go bhfuil an geall \u00edosta sa chuid is m\u00f3 de na meais\u00edn\u00ed an-bheag.<\/p>\n<p>I bhformh\u00f3r na gc\u00e1sanna, tugtar cuireadh don imreoir cliant cl\u00e1r speisialta a \u00edosl\u00f3d\u00e1il. T\u00e1 s\u00e9 suite\u00e1ilte ar ghl\u00e9as an \u00fas\u00e1ideora agus is ard\u00e1n cearrbhachais \u00e9, at\u00e1 deartha go sonrach le haghaidh ceasa\u00edneo ar leith. Le hiarratas den s\u00f3rt sin, t\u00e1 an bealach isteach n\u00edos s\u00e1bh\u00e1ilte agus t\u00e1 na cluich\u00ed n\u00edos cobhsa\u00ed. Chun t\u00fas a chur leis, n\u00ed m\u00f3r duit c\u00f3d gn\u00edomhacht\u00fach\u00e1in speisialta a fh\u00e1il.<\/p>\n<p>Tar \u00e9is sliot\u00e1n \u00c9ireann RocketPlay ar l\u00edne a chl\u00e1r\u00fa, is \u00e9 an ch\u00e9ad ch\u00e9im eile n\u00e1 do chuntas a mhaoini\u00fa. T\u00e1 c\u00f3rais \u00edoca\u00edochta nua-aimseartha ar l\u00edne iontaofa agus \u00e9asca, ionas go mbeidh an t-aistri\u00fa airgid chuig an \u00e9arlais beagnach meandarach agus nach g\u00e1 eolas speisialta. T\u00e1 rann\u00f3g ar a dtugtar Modhanna \u00cdoca\u00edochta n\u00f3 a leith\u00e9id ar an su\u00edomh. Sonra\u00edonn s\u00e9 na c\u00f3rais \u00edoca\u00edochta a dtaca\u00edtear leo agus cad iad na t\u00e9arma\u00ed a dtarla\u00edonn an \u00e9arlais agus an tarraingt siar. Is \u00e9 an bealach is coitianta n\u00e1 c\u00e1rta\u00ed VISA. T\u00e1 go leor spar\u00e1n ar l\u00edne ann freisin. Is f\u00e9idir \u00edoca\u00edocht agus aistarraingt tr\u00ed oibreoir\u00ed teileaf\u00f3n soghluaiste. In aon ch\u00e1s, ba cheart go nd\u00e9anfa\u00ed staid\u00e9ar maith ar alt den s\u00f3rt sin.<\/p>\n<p><img loading=\"lazy\" decoding=\"async\" class=\"aligncenter wp-image-4788\" src=\"https:\/\/rocketplay-new.com\/wp-content\/uploads\/2024\/02\/222.png\" alt=\"Slot RocketPlay 2\" width=\"800\" height=\"456\" srcset=\"https:\/\/rocketplay-new.com\/wp-content\/uploads\/2024\/02\/222.png 1417w, https:\/\/rocketplay-new.com\/wp-content\/uploads\/2024\/02\/222-300x171.png 300w, https:\/\/rocketplay-new.com\/wp-content\/uploads\/2024\/02\/222-1024x583.png 1024w, https:\/\/rocketplay-new.com\/wp-content\/uploads\/2024\/02\/222-768x437.png 768w\" sizes=\"auto, (max-width: 800px) 100vw, 800px\" \/><\/p>\n<h2>B\u00d3NAS<\/h2>\n<p>T\u00e1 an c\u00f3imheas \u00edoca\u00edochta le haghaidh imreoir comhdh\u00e9anta de dh\u00e1 phr\u00edomhfhacht\u00f3ir: aischur pas na meais\u00edn\u00ed agus na sliot\u00e1in b\u00f3nais ar l\u00edne RocketPlay. D\u00e9anann rannph\u00e1irt\u00edocht ghn\u00edomhach sa chl\u00e1r d\u00edlseachta an cluiche n\u00edos brab\u00fasa\u00ed sa deireadh. D\u00e1 bhr\u00ed sin, t\u00e1 s\u00e9 ciallmhar s\u00fail a choinne\u00e1il ar gach ard\u00fa c\u00e9ime duaise.<\/p>\n<p>Chomh maith le sliot\u00e1in ar l\u00edne spins saor in aisce RocketPlay, t\u00e1 an t-imreoir a thairiscint m\u00e9ad\u00fa suntasach ar an ch\u00e9ad taisc\u00ed. Tosa\u00edonn bronntanais ag 100% ar an gc\u00e9ad taisce agus f\u00e1sann siad gach uair.<\/p>\n<p>Ar bheala\u00ed eile chun imreoir\u00ed a spreagadh t\u00e1 cur chun cinn rialta, com\u00f3rtais agus an cl\u00e1r VIP. I measc na gcur chun cinn rialta is coitianta t\u00e1 airgead ar ais, nuair a chuirtear cuid den airgead a chailltear ar ais chuig an imreoir. Braitheann an c\u00e9atad\u00e1n ar go leor comhph\u00e1irteanna. Sa ch\u00e1s is fabhra\u00ed, sroicheann an ais\u00edoca\u00edocht 25%. T\u00e1 com\u00f3rtais deartha n\u00ed hamh\u00e1in chun do chuairte sa Casino a fheabhs\u00fa, ach freisin chun airgead maith a dh\u00e9anamh. Faigheann Seaimp\u00edn\u00ed duais r\u00e9as\u00fanta. A bhuachan, n\u00ed m\u00f3r duit cl\u00e1r\u00fa le haghaidh a n-ioma\u00edochta is fearr leat agus sa tr\u00e9imhse ordaithe ag meais\u00edn\u00ed \u00e1irithe a thuilleamh n\u00edos m\u00f3 n\u00e1 a n-iomaitheoir\u00ed. T\u00e1 cl\u00e1r VIP d\u00edrithe ar dh\u00edlseacht na gcustaim\u00e9ir\u00ed don institi\u00faid a mh\u00e9ad\u00fa. D\u00e1 mh\u00e9ad daoine a imr\u00edonn sa Casino, is amhlaidh is m\u00f3 bunt\u00e1ist\u00ed a bhaineann siad. I measc na <a href=\"https:\/\/rocketplay-new.com\/ga\/bonus\/\">b\u00f3nais<\/a> VIP t\u00e1 airgead ar ais ard, tarraingt siar tapa agus mar sin de.<\/p>\n<p><span style=\"font-weight: 400;\">\u00a0<div class=\"go-btn-container\"><div class=\"tosh-btn\"><a href=\"\/go-casino\/\" target=\"_blank\" rel=\"noopener\">IMIR ANOIS<\/a><\/div><\/div> <\/span><\/p>\n<h2>Pota \u00d3ir<\/h2>\n<p>Briseadh an Pota \u00d3ir aisling aon imreoir. Go h\u00e1irithe \u00f3s rud \u00e9 go bhfuil s\u00e9 n\u00edos r\u00e9ad\u00fala le scaoileadh meais\u00edn\u00ed sliot\u00e1n ar an Idirl\u00edon. Is minic a labhra\u00edonn siad faoin Pota \u00d3ir for\u00e1sach seachas an Pota \u00d3ir seasta. T\u00e1 an for\u00e1sach strucht\u00fartha mar seo a leanas. Nuair a bh\u00edonn meais\u00edn\u00ed \u00e1irithe \u00e1 imirt, d\u00e9antar m\u00e9id beag \u00f3 gach gluaiseacht a thaisceadh isteach sa bhanc coiteann, freastala\u00ed l\u00e1rnach. Ansin t\u00e9ann s\u00e9 go dt\u00ed an ch\u00e9ad imreoir t-\u00e1dh eile m\u00e1 chomhl\u00edontar na coinn\u00edollacha sonraithe. Agus tosa\u00edonn an pr\u00f3iseas ar\u00eds.<\/p>\n<p>N\u00edos m\u00f3 n\u00e1 deich milli\u00fan dollar ar roinnt sliot\u00e1n ar l\u00edne. T\u00e1 meais\u00edn sliot\u00e1n Mega Moolah, arna fhorbairt ag cuideachta na Breataine Microgaming, go h\u00e1irithe c\u00e1ili\u00fail sa chine\u00e1l seo meais\u00edn sliot\u00e1n. Ar s\u00e9 in 2015 socra\u00edodh taifead an phota \u00f3ir ar l\u00edne. Ansin bhuaigh an Sasanach Jonathon Heywood (Jonathon Heywood) n\u00edos m\u00f3 n\u00e1 13 milli\u00fan punt steirling. T\u00e1 sliot\u00e1n Mega Moolah ar f\u00e1il i go leor casinos ar l\u00edne a chomhoibr\u00edonn le Microgaming. Chun an pota \u00f3ir a bhualadh n\u00ed g\u00e1 duit ach an meais\u00edn seo a imirt. Bronntar an phr\u00edomhdhuais go hioml\u00e1n randamach.<\/p>\n<p>C\u00f3ras Pota \u00d3ir ar a dtugtar freisin ar shliot\u00e1in leabhar grinn Marvel. T\u00e1 an chuid is m\u00f3 de na meais\u00edn\u00ed sliot\u00e1n seo tar \u00e9is forbr\u00f3ir\u00ed Playtech a scaoileadh. Chun p\u00e1irt a ghlacadh sa tarraingt, roghnaigh ceann amh\u00e1in de na cluich\u00ed t\u00e9amacha &#8211; X-Men, Daredevil, Iontach 4 n\u00f3 a leith\u00e9id &#8211; agus d\u00edreach imirt, ag s\u00fail go mbeidh rogha an ghinead\u00f3ra uimhreacha randamacha taitneamhach. T\u00e1 4 Pota \u00d3ir san ioml\u00e1n, \u00f3n gceann is l\u00fa, Power, go dt\u00ed an ceann is m\u00f3, Ultimate Power. Ag pointe \u00e1irithe, tar \u00e9is ceann de na gluaiseachta\u00ed (fi\u00fa gan a bheith buaite), oscla\u00edtear fuinneog nua os comhair an imreora roghnaithe, marc\u00e1ilte le 20 cealla. Is g\u00e1 a roghn\u00fa ceann ar cheann go dt\u00ed go bhfuil 3 l\u00f3g\u00f3nna comhionann ar cheann de na Pota \u00d3ir carntha. Is rud \u00e9igin i gcuimhne ar chrannchur scoite. Cinnt\u00edonn dul isteach sa bhabhta ceann de na Pota \u00d3ir a bhuachan. \u00das\u00e1ideann EGT c\u00f3ras comhchos\u00fail. T\u00e1 ollduaiseanna ar mheais\u00edn\u00ed forbr\u00f3ir\u00ed eile freisin.<\/p>\n<p>Is pota\u00ed m\u00f3ra domhanda iad seo. Ach ina theannta sin, f\u00e9adfar tarraingt na duaise at\u00e1 carntha go comhlean\u00fanach a dh\u00e9anamh laistigh de cheasa\u00edneonna ar l\u00edne ar leith. Ar leathanach tosaigh na su\u00edomhanna de ghn\u00e1th b\u00edonn meirg\u00ed geala le feice\u00e1il l\u00e1ithreach n\u00f3 l\u00edne reatha a fh\u00f3gra\u00edonn m\u00e9id an Pota \u00d3ir. T\u00e1 an t-oideas le haghaidh strait\u00e9is buaite simpl\u00ed &#8211; n\u00ed m\u00f3r duit p\u00e1irt a ghlacadh.<\/p>\n<p><img loading=\"lazy\" decoding=\"async\" class=\"aligncenter wp-image-4797\" src=\"https:\/\/rocketplay-new.com\/wp-content\/uploads\/2024\/02\/333.png\" alt=\"Slot RocketPlay 3\" width=\"800\" height=\"457\" srcset=\"https:\/\/rocketplay-new.com\/wp-content\/uploads\/2024\/02\/333.png 1175w, https:\/\/rocketplay-new.com\/wp-content\/uploads\/2024\/02\/333-300x171.png 300w, https:\/\/rocketplay-new.com\/wp-content\/uploads\/2024\/02\/333-1024x585.png 1024w, https:\/\/rocketplay-new.com\/wp-content\/uploads\/2024\/02\/333-768x439.png 768w\" sizes=\"auto, (max-width: 800px) 100vw, 800px\" \/><\/p>\n<p>S\u00fagradh SAOR IN AISCE<\/p>\n<p>In ainneoin gur ceapadh na sliot\u00e1in go heisiach le haghaidh cluich\u00ed airgid, le teacht na sliot\u00e1n ar l\u00edne bh\u00ed s\u00e9 ind\u00e9anta agus saor in aisce a imirt. Tugann an-chuid casinos beagnach gach meais\u00edn sliot\u00e1n le t\u00e1st\u00e1il i m\u00f3d taispe\u00e1na do dhuine ar bith at\u00e1 ag iarraidh. Chun seo a dh\u00e9anamh, n\u00ed g\u00e1 fi\u00fa cl\u00e1r\u00fa. \u00das\u00e1ideann go leor imreoir\u00ed an deis seo chun cleachtadh a dh\u00e9anamh sula n-imr\u00edonn siad meais\u00edn\u00ed sliot\u00e1n ar l\u00edne RocketPlay. T\u00e1 s\u00e9 seo \u00fas\u00e1ideach go h\u00e1irithe i gc\u00e1s sliot\u00e1n neamhchoitianta.<\/p>\n<p>Ach f\u00f3s n\u00ed thiocfaidh f\u00edor-thaispe\u00e1ntais chearrbhachais ina n-ionad. Agus n\u00ed imr\u00edtear ollduaiseanna ach amh\u00e1in i measc na ndaoine a imr\u00edonn f\u00edor. Mar sin sliot\u00e1in ar l\u00edne saor in aisce gan aon \u00edosl\u00f3d\u00e1il RocketPlay &#8211; d\u00edreach an r\u00e9amhr\u00e1 ceart do chluiche tromch\u00faiseach le gealltanais f\u00edor.<\/p>\n<p>L\u00e9irmheasanna ar sliot\u00e1n:<\/p>\n<ul>\n<li><a href=\"https:\/\/rocketplay-new.com\/ga\/slot-machines\/starburst\/\">Starburst<\/a><\/li>\n<li><a href=\"https:\/\/rocketplay-new.com\/ga\/slot-machines\/mega-moolah\/\">Mega Moolah<\/a><\/li>\n<li><a href=\"https:\/\/rocketplay-new.com\/ga\/slot-machines\/gonzos-quest\/\">Gonzo&#8217;s Quest<\/a><\/li>\n<\/ul>\n","protected":false},"excerpt":{"rendered":"<p>\u00d3c\u00e1id th\u00e1bhachtach i saol an chearrbhachais ba ea aireag\u00e1n an mheais\u00edn sliot\u00e1n ag deireadh an 19\u00fa haois. Go tapa sh\u00e1raigh sliot\u00e1in cine\u00e1lacha eile siamsa\u00edochta a raibh an-t\u00f3ir orthu. I gceasa\u00edneonna nua-aimseartha roghna\u00edonn n\u00edos m\u00f3 n\u00e1 70% d&#8217;imreoir\u00ed iad. Uaireanta is f\u00e9idir leat a l\u00e9amh go bhfuair an smaoineamh maidir le haireag\u00f3ir meais\u00edn sliot\u00e1n Charles Fey&#8230;<\/p>\n","protected":false},"author":1,"featured_media":0,"parent":0,"menu_order":0,"comment_status":"closed","ping_status":"closed","template":"","meta":{"_acf_changed":false,"_kad_post_transparent":"default","_kad_post_title":"default","_kad_post_layout":"default","_kad_post_sidebar_id":"","_kad_post_content_style":"default","_kad_post_vertical_padding":"default","_kad_post_feature":"","_kad_post_feature_position":"","_kad_post_header":false,"_kad_post_footer":false,"footnotes":""},"class_list":["post-2271","page","type-page","status-publish","hentry"],"acf":[],"rttpg_featured_image_url":null,"rttpg_author":{"display_name":"John","author_link":"https:\/\/rocketplay-new.com\/ga\/author\/pemvas95n89x\/"},"rttpg_comment":0,"rttpg_category":null,"rttpg_excerpt":"\u00d3c\u00e1id th\u00e1bhachtach i saol an chearrbhachais ba ea aireag\u00e1n an mheais\u00edn sliot\u00e1n ag deireadh an 19\u00fa haois. Go tapa sh\u00e1raigh sliot\u00e1in cine\u00e1lacha eile siamsa\u00edochta a raibh an-t\u00f3ir orthu. I gceasa\u00edneonna nua-aimseartha roghna\u00edonn n\u00edos m\u00f3 n\u00e1 70% d&#8217;imreoir\u00ed iad. Uaireanta is f\u00e9idir leat a l\u00e9amh go bhfuair an smaoineamh maidir le haireag\u00f3ir meais\u00edn sliot\u00e1n Charles Fey...","_links":{"self":[{"href":"https:\/\/rocketplay-new.com\/ga\/wp-json\/wp\/v2\/pages\/2271","targetHints":{"allow":["GET"]}}],"collection":[{"href":"https:\/\/rocketplay-new.com\/ga\/wp-json\/wp\/v2\/pages"}],"about":[{"href":"https:\/\/rocketplay-new.com\/ga\/wp-json\/wp\/v2\/types\/page"}],"author":[{"embeddable":true,"href":"https:\/\/rocketplay-new.com\/ga\/wp-json\/wp\/v2\/users\/1"}],"replies":[{"embeddable":true,"href":"https:\/\/rocketplay-new.com\/ga\/wp-json\/wp\/v2\/comments?post=2271"}],"version-history":[{"count":4,"href":"https:\/\/rocketplay-new.com\/ga\/wp-json\/wp\/v2\/pages\/2271\/revisions"}],"predecessor-version":[{"id":5971,"href":"https:\/\/rocketplay-new.com\/ga\/wp-json\/wp\/v2\/pages\/2271\/revisions\/5971"}],"wp:attachment":[{"href":"https:\/\/rocketplay-new.com\/ga\/wp-json\/wp\/v2\/media?parent=2271"}],"curies":[{"name":"wp","href":"https:\/\/api.w.org\/{rel}","templated":true}]}}