{"id":2263,"date":"2022-08-11T19:26:18","date_gmt":"2022-08-11T16:26:18","guid":{"rendered":"https:\/\/rocketplay-new.com\/promo-code\/"},"modified":"2022-10-25T21:25:34","modified_gmt":"2022-10-25T18:25:34","slug":"promo-code","status":"publish","type":"page","link":"https:\/\/rocketplay-new.com\/ga\/promo-code\/","title":{"rendered":"C\u00f3d Promo RocketPlay 2023"},"content":{"rendered":"<p><img loading=\"lazy\" decoding=\"async\" class=\" wp-image-279 aligncenter\" src=\"https:\/\/rocketplay-new.com\/wp-content\/uploads\/2022\/08\/welcome_1300x640-1-300x148.png\" alt=\"rocket play casino\" width=\"574\" height=\"283\" srcset=\"https:\/\/rocketplay-new.com\/wp-content\/uploads\/2022\/08\/welcome_1300x640-1-300x148.png 300w, https:\/\/rocketplay-new.com\/wp-content\/uploads\/2022\/08\/welcome_1300x640-1-1024x504.png 1024w, https:\/\/rocketplay-new.com\/wp-content\/uploads\/2022\/08\/welcome_1300x640-1-768x378.png 768w, https:\/\/rocketplay-new.com\/wp-content\/uploads\/2022\/08\/welcome_1300x640-1.png 1300w\" sizes=\"auto, (max-width: 574px) 100vw, 574px\" \/><\/p>\n<p>Agus c\u00f3d promo <a href=\"https:\/\/rocketplay-new.com\/ga\">RocketPlay<\/a> 2023 \u00e1 fh\u00e1il agat, n\u00ed m\u00f3r duit pr\u00edomhbhunt\u00e1ist\u00ed an rogha cur chun cinn custaim\u00e9ara seo a fh\u00e1il. Ar an gc\u00e9ad dul s\u00edos, is f\u00e9idir comhcheangail <a href=\"https:\/\/rocketplay-new.com\/ga\/bonus\/\">b\u00f3nais<\/a> a \u00fas\u00e1id le haghaidh spraoi saor in aisce. Ligeann an bronntanas seo \u00f3n institi\u00faid duit gan do chuid airgid a chaitheamh. I gc\u00e1s buaite, is f\u00e9idir leis an gambler airgead a tharraingt siar n\u00f3 \u00e9 a \u00fas\u00e1id le haghaidh tuilleadh cearrbhachais.<\/p>\n<p>Ar an dara dul s\u00edos, is f\u00e9idir le duine ar bith gach c\u00f3d promo gn\u00edomhach a fh\u00e1il agus a \u00fas\u00e1id go h\u00e9asca. Chun seo a dh\u00e9anamh, is leor staid\u00e9ar a dh\u00e9anamh ar liosta na gc\u00f3d bolscaireachta ceasa\u00edneo nua ar an l\u00e1ithre\u00e1n. Is \u00e9 an t-aon riail at\u00e1 le cuimhneamh n\u00e1 nach f\u00e9idir c\u00f3d b\u00f3nas RocketPlay amh\u00e1in a \u00fas\u00e1id ach uair amh\u00e1in.<\/p>\n<p>Ar an tr\u00ed\u00fa dul s\u00edos, chun b\u00f3nais a \u00fas\u00e1id le haghaidh c\u00f3id chur chun cinn, n\u00ed g\u00e1 \u00e9arlais a dh\u00e9anamh. N\u00edl aon ch\u00f3d b\u00f3nas taisce RocketPlay ar f\u00e1il do gamblers. Ligeann an bronntanas seo \u00f3n gclub cluich\u00edochta duit buachan gan airgead a thaisceadh. Chun \u00e9 a \u00fas\u00e1id, ba cheart duit staid\u00e9ar a dh\u00e9anamh go c\u00faramach ar th\u00e9arma\u00ed na tairisceana b\u00f3nais. F\u00e9adfaidh siad tagairt a dh\u00e9anamh don uasmh\u00e9id geall agus buaite, chomh maith le srianta cluiche agus t\u00edre. Ina theannta sin, n\u00ed m\u00f3r duit a chur san \u00e1ireamh ar an luach an wager.<\/p>\n<p>N\u00ed uirlis mharga\u00edochta amh\u00e1in iad c\u00f3id promo ceasa\u00edneo in 2023. Is deis \u00e9 seo cluiche rath\u00fail a thos\u00fa i gceasa\u00edneo ar l\u00edne le nialas n\u00f3 infheist\u00edocht \u00edosta. Sa ch\u00e1s seo, is g\u00e1 cl\u00e1r\u00fa ar l\u00e1ithre\u00e1n gr\u00e9as\u00e1in oifigi\u00fail an l\u00e1ithre\u00e1in cearrbhachais. Seans go mbeidh f\u00edor\u00fa \u00fas\u00e1ideora ag teast\u00e1il freisin. T\u00e1 s\u00e9 bunaithe ar dhearbh\u00fa aitheantais an chearrbhachais agus sonra\u00ed a spar\u00e1n leictreonach n\u00f3 a ch\u00e1rta bainc.<\/p>\n<h2>CONAS AN C\u00d3D PROMO A \u00daS\u00c1ID &#8211; C\u00c9IM AR CH\u00c9IM<\/h2>\n<p>Conas c\u00f3d promo Casino RocketPlay a fh\u00e1il agus a \u00fas\u00e1id? T\u00e1 siad ar f\u00e1il ar shu\u00edomhanna gr\u00e9as\u00e1in na gcomhph\u00e1irtithe n\u00f3 is f\u00e9idir iad a sheoladh tr\u00edd an bpost. Tar \u00e9is d\u00f3 na siombail\u00ed r\u00fanda a fh\u00e1il, n\u00ed m\u00f3r don imreoir an c\u00f3d promo a ghn\u00edomhacht\u00fa. Braitheann rialacha gn\u00edomhachtaithe ar na coinn\u00edollacha a bhaineann le hard\u00fa c\u00e9ime ar leith. Mar sin f\u00e9in, i bhformh\u00f3r na gc\u00e1sanna, is f\u00e9idir c\u00f3d promo ceasa\u00edneo ar l\u00edne a chur i ngn\u00edomh mar seo a leanas:<\/p>\n<ul>\n<li>t\u00e9igh go dt\u00ed l\u00e1ithre\u00e1n gr\u00e9as\u00e1in oifigi\u00fail na hinstiti\u00faide cearrbhachais ar l\u00edne a shol\u00e1thra\u00edonn an b\u00f3nas;<\/li>\n<li>cl\u00e1r\u00fa, a dheimhni\u00fa go bhfuil tromlach aoise bainte amach agat agus aont\u00fa le rialacha an cheasa\u00edneo;<\/li>\n<li>log\u00e1il isteach agus t\u00e9igh chuig do chuntas pearsanta;<\/li>\n<li>t\u00e9igh go dt\u00ed an chuid den su\u00edomh le tairiscint\u00ed b\u00f3nais (de ghn\u00e1th tugtar &#8220;Bronntanais&#8221;, &#8220;B\u00f3nais&#8221; n\u00f3 &#8220;Promotions&#8221; air);<\/li>\n<li>roghnaigh tairiscint b\u00f3nas suimi\u00fail;<\/li>\n<li>cuir isteach an c\u00f3d promo ar an leathanach prom\u00f3isin agus fan go gcuirfear i ngn\u00edomh \u00e9.<\/li>\n<\/ul>\n<p>Sa ch\u00e1s seo, a bheith cinnte a chur san \u00e1ireamh na coinn\u00edollacha a fh\u00e1il c\u00f3d cur chun cinn. Uaireanta n\u00ed leor l\u00e1ithreacht comhartha\u00ed r\u00fanda. Mar shampla, b&#8217;fh\u00e9idir go mbeadh ort freisin \u00e9arlais a dh\u00e9anamh ar mh\u00e9id \u00e1irithe, geall a chur, etc. Ba cheart duit smaoineamh freisin ar dh\u00e1ta \u00e9aga an chur chun cinn. Nuair a rachaidh s\u00e9 in \u00e9ag, beidh an c\u00f3d prom\u00f3isin neamhghn\u00edomhach. Mar sin, n\u00ed bheidh an t-imreoir in ann luach saothair a fh\u00e1il.<\/p>\n<p>Riail th\u00e1bhachtach eile is ea nach f\u00e9idir c\u00f3id promo ceasa\u00edneo ar l\u00edne a \u00fas\u00e1id ach uair amh\u00e1in. N\u00ed bheidh creidi\u00fan\u00fa b\u00f3nais mar thoradh ar athiontr\u00e1il na siombail\u00ed r\u00fanda. Le cabhair uathu, beidh deis agat na bunt\u00e1ist\u00ed uile a bhaineann le gach cl\u00e1r a fh\u00e1il amach, ag baint \u00fas\u00e1ide as teaglaim \u00e9ags\u00fala sa Casino, a dh\u00e9anfaidh an pr\u00f3iseas cearrbhachais chomh brab\u00fasach agus is f\u00e9idir.<\/p>\n<p>Ba ch\u00f3ir a thabhairt chun suntais freisin go bhfuil s\u00e9 an-\u00e9asca an t-ard\u00fa c\u00e9ime a bhuachan ar ais. Is f\u00e9idir leat airgead a tharraingt siar go h\u00e9asca ar ch\u00e1rta n\u00f3 ar spar\u00e1n f\u00edor\u00fail. Chun seo a dh\u00e9anamh, beidh ort roinnt coinn\u00edollacha geallchur a chomhl\u00edonadh, agus beidh s\u00e9 simpl\u00ed go leor \u00e9 seo a dh\u00e9anamh.<\/p>\n<p><img loading=\"lazy\" decoding=\"async\" class=\" wp-image-278 aligncenter\" src=\"https:\/\/rocketplay-new.com\/wp-content\/uploads\/2022\/08\/online-casino-promo-codes-1-300x195.jpg\" alt=\"promo codes\" width=\"551\" height=\"358\" srcset=\"https:\/\/rocketplay-new.com\/wp-content\/uploads\/2022\/08\/online-casino-promo-codes-1-300x195.jpg 300w, https:\/\/rocketplay-new.com\/wp-content\/uploads\/2022\/08\/online-casino-promo-codes-1-768x499.jpg 768w, https:\/\/rocketplay-new.com\/wp-content\/uploads\/2022\/08\/online-casino-promo-codes-1.jpg 1000w\" sizes=\"auto, (max-width: 551px) 100vw, 551px\" \/><\/p>\n<h2>CONCL\u00daID<\/h2>\n<p>Sula n-\u00fas\u00e1ideann t\u00fa an b\u00f3nas, moltar a rialacha a l\u00e9amh go c\u00faramach. Cuireann roinnt ceasa\u00edneonna teorainn leis an liosta modhanna \u00edoca\u00edochta is f\u00e9idir a \u00fas\u00e1id mar chuid den chur chun cinn. F\u00e9adfaidh srianta a bheith i bhfeidhm freisin maidir leis na buaiteacha uasta le haghaidh geallta ar chist\u00ed b\u00f3nais. Sa ch\u00e1s seo, m\u00e1 sh\u00e1ra\u00edtear an teorainn, n\u00ed bheidh an t-imreoir in ann ach an t-uasmh\u00e9id buaite a tharraingt siar. Cuirfear an m\u00e9id at\u00e1 f\u00e1gtha ar ceal.<\/p>\n<p>M\u00e1 t\u00e1 coinn\u00edollacha an chur chun cinn comhl\u00edonta ag an imreoir agus m\u00e1 d\u2019\u00e9irigh leis na c\u00f3id chur chun cinn don cheasa\u00edneonna ar l\u00edne a \u00fas\u00e1id, is f\u00e9idir leis a chuid buaite a fh\u00e1il in aon sl\u00ed is f\u00e9idir. Chun seo a theasta\u00edonn uait:<\/p>\n<ul>\n<li>t\u00e9igh go dt\u00ed an rann\u00e1n Cashier ar shu\u00edomh Gr\u00e9as\u00e1in an cheasa\u00edneo;<\/li>\n<li>roghnaigh an t\u00e1b &#8220;Cist\u00ed Taisce&#8221;;<\/li>\n<li>roghnaigh modh \u00edoca\u00edochta at\u00e1 ar f\u00e1il;<\/li>\n<li>cuir in i\u00fal m\u00e9id na h\u00edoca\u00edochta;<\/li>\n<li>deimhnigh do ghn\u00edomhartha.<\/li>\n<\/ul>\n<p>Ba ch\u00f3ir a thabhairt faoi deara go nd\u00e9antar \u00edoca\u00edocht na mbuaiteoir\u00ed ar an mbealach c\u00e9anna a \u00fas\u00e1ideadh chun an \u00e9arlais a dh\u00e9anamh. Sa Casino, is f\u00e9idir leat do chuntas a athl\u00e1n\u00fa agus buaiteanna a tharraingt siar ag baint \u00fas\u00e1ide as c\u00e1rta bainc n\u00f3 spar\u00e1n leictreonach.<\/p>\n<h2>CC<\/h2>\n<h3>CONAS C\u00d3ID PROMO A FH\u00c1IL?<\/h3>\n<p>Chun c\u00f3d promo a fh\u00e1il teasta\u00edonn uait:<\/p>\n<ul>\n<li>Roghnaigh c\u00f3d b\u00f3nas (l\u00e9irithe sa t\u00e1bla).<\/li>\n<li>Clice\u00e1il ar an gcnaipe &#8220;Seinn&#8221;.<\/li>\n<li>T\u00e9igh go dt\u00ed an casino ar l\u00edne is fearr leat.<\/li>\n<li>Faigh cl\u00e1raithe.<\/li>\n<li>Na coinn\u00edollacha a chomhl\u00edonadh chun an c\u00f3d tionscnaimh roghnaithe a fh\u00e1il.<\/li>\n<\/ul>\n<h3>CAD IAD NA SOCHAIR A BHAINEANN LE C\u00d3ID B\u00d3NAS A \u00daS\u00c1ID?<\/h3>\n<p>Is \u00e9 an pr\u00edomhbhunt\u00e1iste a bhaineann le bheith ag imirt le c\u00f3id chur chun cinn n\u00e1 nach f\u00e9idir leat do chuid airgid f\u00e9in a thaisceadh, ach imirt le cist\u00ed buna\u00edochta cearrbhachais. Is f\u00e9idir leat m\u00e9ad\u00fa freisin ar an seans a bhuachan i casino ar l\u00edne.<\/p>\n<h3>C\u00c9N F\u00c1TH NACH BHFUIL AN C\u00d3D PROMO AG OBAIR?<\/h3>\n<p>N\u00ed m\u00f3r duit cl\u00e1r\u00fa n\u00f3 log\u00e1il isteach ar an su\u00edomh ina bhfuil t\u00fa ag iarraidh an b\u00f3nas a \u00fas\u00e1id. Ba cheart duit seice\u00e1il freisin an gcomhfhreagra\u00edonn an b\u00f3nas sonraithe don Casino? M\u00e1 t\u00e1 gach rud ceart agus nach n-oibr\u00edonn an gn\u00edomhacht\u00fa, d\u00e9an teagmh\u00e1il le taca\u00edocht theicni\u00fail.<\/p>\n<h3>AN F\u00c9IDIR PROMO A AISTRI\u00da GO DT\u00cd AIRGEAD?<\/h3>\n<p>M\u00e1 chreideann an c\u00f3d seo airgead duit, is d\u00f3cha gur f\u00edor\u00fala iad. Chun f\u00edor-airgead a fh\u00e1il, n\u00ed m\u00f3r duit na coinn\u00edollacha a chomhl\u00edonadh chun an b\u00f3nas a \u00fas\u00e1id.<\/p>\n<h3>C\u00c9N F\u00c1TH A BHFUIL G\u00c1 C\u00d3D PROMO DH\u00c1 I gC\u00c1SIN?<\/h3>\n<p>Is siombail\u00ed speisialta iad seo a thugann b\u00f3nais \u00e1irithe don imreoir. I ngach ceasa\u00edneo, f\u00e9adfaidh na b\u00f3nais seo a bheith difri\u00fail agus na coinn\u00edollacha \u00fas\u00e1ide freisin.<\/p>\n<h3>AN N\u00c1 G\u00c1 LIOM AIRGEAD TAISCE A THABHAIRT CHUN C\u00d3D PROMO A GHN\u00cdOMH\u00da?<\/h3>\n<p>N\u00ed g\u00e1. Sol\u00e1thra\u00edonn go leor su\u00edomhanna c\u00f3id b\u00f3nais gan an ch\u00e9ad \u00e9arlais a dh\u00e9anamh. N\u00edl aon \u00e9arlais ar a leith\u00e9id de ch\u00f3id chur chun cinn.<\/p>\n","protected":false},"excerpt":{"rendered":"<p>Agus c\u00f3d promo RocketPlay 2023 \u00e1 fh\u00e1il agat, n\u00ed m\u00f3r duit pr\u00edomhbhunt\u00e1ist\u00ed an rogha cur chun cinn custaim\u00e9ara seo a fh\u00e1il. Ar an gc\u00e9ad dul s\u00edos, is f\u00e9idir comhcheangail b\u00f3nais a \u00fas\u00e1id le haghaidh spraoi saor in aisce. Ligeann an bronntanas seo \u00f3n institi\u00faid duit gan do chuid airgid a chaitheamh. I gc\u00e1s buaite, is&#8230;<\/p>\n","protected":false},"author":1,"featured_media":0,"parent":0,"menu_order":0,"comment_status":"closed","ping_status":"closed","template":"","meta":{"_acf_changed":false,"_kad_post_transparent":"default","_kad_post_title":"default","_kad_post_layout":"default","_kad_post_sidebar_id":"","_kad_post_content_style":"default","_kad_post_vertical_padding":"default","_kad_post_feature":"","_kad_post_feature_position":"","_kad_post_header":false,"_kad_post_footer":false,"footnotes":""},"class_list":["post-2263","page","type-page","status-publish","hentry"],"acf":[],"rttpg_featured_image_url":null,"rttpg_author":{"display_name":"John","author_link":"https:\/\/rocketplay-new.com\/ga\/author\/pemvas95n89x\/"},"rttpg_comment":0,"rttpg_category":null,"rttpg_excerpt":"Agus c\u00f3d promo RocketPlay 2023 \u00e1 fh\u00e1il agat, n\u00ed m\u00f3r duit pr\u00edomhbhunt\u00e1ist\u00ed an rogha cur chun cinn custaim\u00e9ara seo a fh\u00e1il. Ar an gc\u00e9ad dul s\u00edos, is f\u00e9idir comhcheangail b\u00f3nais a \u00fas\u00e1id le haghaidh spraoi saor in aisce. Ligeann an bronntanas seo \u00f3n institi\u00faid duit gan do chuid airgid a chaitheamh. I gc\u00e1s buaite, is...","_links":{"self":[{"href":"https:\/\/rocketplay-new.com\/ga\/wp-json\/wp\/v2\/pages\/2263","targetHints":{"allow":["GET"]}}],"collection":[{"href":"https:\/\/rocketplay-new.com\/ga\/wp-json\/wp\/v2\/pages"}],"about":[{"href":"https:\/\/rocketplay-new.com\/ga\/wp-json\/wp\/v2\/types\/page"}],"author":[{"embeddable":true,"href":"https:\/\/rocketplay-new.com\/ga\/wp-json\/wp\/v2\/users\/1"}],"replies":[{"embeddable":true,"href":"https:\/\/rocketplay-new.com\/ga\/wp-json\/wp\/v2\/comments?post=2263"}],"version-history":[{"count":2,"href":"https:\/\/rocketplay-new.com\/ga\/wp-json\/wp\/v2\/pages\/2263\/revisions"}],"predecessor-version":[{"id":2264,"href":"https:\/\/rocketplay-new.com\/ga\/wp-json\/wp\/v2\/pages\/2263\/revisions\/2264"}],"wp:attachment":[{"href":"https:\/\/rocketplay-new.com\/ga\/wp-json\/wp\/v2\/media?parent=2263"}],"curies":[{"name":"wp","href":"https:\/\/api.w.org\/{rel}","templated":true}]}}