{"id":2225,"date":"2022-08-11T19:50:04","date_gmt":"2022-08-11T16:50:04","guid":{"rendered":"https:\/\/rocketplay-new.com\/no-deposit-bonus\/"},"modified":"2026-02-25T15:28:10","modified_gmt":"2026-02-25T12:28:10","slug":"no-deposit-bonus","status":"publish","type":"page","link":"https:\/\/rocketplay-new.com\/ga\/no-deposit-bonus\/","title":{"rendered":"C\u00f3id B\u00f3nas Uimh Taisce do RocketPlay"},"content":{"rendered":"<p><img loading=\"lazy\" decoding=\"async\" class=\" wp-image-288 aligncenter\" src=\"https:\/\/rocketplay-new.com\/wp-content\/uploads\/2022\/08\/no-deposit-bonuses-feature-img-300x150.png\" alt=\"no deposit bonuses\" width=\"646\" height=\"323\" srcset=\"https:\/\/rocketplay-new.com\/wp-content\/uploads\/2022\/08\/no-deposit-bonuses-feature-img-300x150.png 300w, https:\/\/rocketplay-new.com\/wp-content\/uploads\/2022\/08\/no-deposit-bonuses-feature-img-1024x512.png 1024w, https:\/\/rocketplay-new.com\/wp-content\/uploads\/2022\/08\/no-deposit-bonuses-feature-img-768x384.png 768w, https:\/\/rocketplay-new.com\/wp-content\/uploads\/2022\/08\/no-deposit-bonuses-feature-img.png 1200w\" sizes=\"auto, (max-width: 646px) 100vw, 646px\" \/><\/p>\n<p>I mbuna\u00edochta\u00ed ar l\u00edne, agus cuntas nua \u00e1 chruth\u00fa, roinntear an b\u00f3nas go coinn\u00edollach ina dh\u00e1 chine\u00e1l:<\/p>\n<p>I dtaisce &#8211; \u00e9il\u00edonn athshol\u00e1thar airgid. F\u00e9adfaidh s\u00e9 a bheith ina ch\u00e9atad\u00e1in \u00e1irithe airgid n\u00f3 babhta\u00ed b\u00f3nais. Buna\u00edtear go pr\u00edobh\u00e1ideach na coinn\u00edollacha chun bunachas cearrbhachais a fh\u00e1il agus a \u00fas\u00e1id.<\/p>\n<p><a href=\"https:\/\/rocketplay-new.com\/ga\">RocketPlay<\/a> gan aon b\u00f3nais Taisce &#8211; faigheann an t-\u00fas\u00e1ideoir \u00e9 gan a gcuid airgid f\u00e9in a thaisceadh. Is babhta\u00ed breise iad seo de ghn\u00e1th. Ag an am c\u00e9anna, t\u00e1 na t\u00e9arma\u00ed \u00fas\u00e1ide agus geallchur suntasach n\u00edos casta n\u00e1 sa leagan \u00edoctha.<\/p>\n<p>Gn\u00e9 de bh\u00f3nas gan aon \u00e9arlais Casino RocketPlay 2023 n\u00e1 an fh\u00e9idearthacht a bhuachan gan cist\u00ed a thaisceadh. T\u00e1 s\u00e9 \u00e1isi\u00fail agus brab\u00fasach, mar n\u00edl aon gh\u00e1 le do chuid airgid a chaitheamh. Ach chun \u00e9 a fh\u00e1il, beidh ort roinnt coinn\u00edollacha \u00e9igeantacha na hinstiti\u00faide a chomhl\u00edonadh.<\/p>\n<p>B\u00f3nas ceasa\u00edneo gan \u00e9arlais saor in aisce Tairgtear RocketPlay agus cuntas nua \u00e1 chl\u00e1r\u00fa. Feidhm\u00edonn an b\u00f3nas mar luach saothair do chliant nua. Mar sin, ba mhaith leis an tairseach Idirl\u00edn an oiread custaim\u00e9ir\u00ed agus is f\u00e9idir a fh\u00e1il. Ach n\u00ed hamh\u00e1in gurb \u00ed an oifig an buaiteoir. Is f\u00e9idir le gambler go leor babhta\u00ed a imirt saor in aisce gan a gcuid cist\u00ed f\u00e9in a thaisceadh. T\u00e1 bronntanais de na cine\u00e1lacha seo a leanas:<\/p>\n<p>Is babhta\u00ed breise <a href=\"https:\/\/rocketplay-new.com\/ga\/free-spins\/\">iad spins<\/a> saor in aisce. Eis\u00edtear iad le haghaidh meais\u00edn\u00ed sliot\u00e1n a leithdh\u00e1iltear go speisialta le haghaidh ard\u00fa c\u00e9ime. Is g\u00e1 rothl\u00fa a \u00fas\u00e1id laistigh d&#8217;am \u00e1irithe. T\u00e1 aghaidhluach ag gach casadh. Tugtar na b\u00f3nais go l\u00e9ir don gambler ag an am c\u00e9anna n\u00f3 ar feadh tr\u00e9imhse \u00e1irithe. Beidh s\u00e9 luaite sna t\u00e9arma\u00ed agus coinn\u00edollacha.<\/p>\n<p>B\u00f3nas m\u00e9id airgid &#8211; murab ionann agus babhta\u00ed saor in aisce, is f\u00e9idir leat cinneadh a dh\u00e9anamh ar an gceann. cad \u00e9 an r\u00e1ta. T\u00e1 meais\u00edn\u00ed speisialta ann le haghaidh seo.<\/p>\n<p>Seoltar na buaiteanna chuig an gcuntas b\u00f3nais. Gearrtar geall ar gach geall a ghn\u00f3tha\u00edtear. Beidh s\u00e9 ind\u00e9anta an b\u00f3nas cl\u00e1r\u00fach\u00e1in a tharraingt siar \u00f3n gceasa\u00edneo ach amh\u00e1in tar \u00e9is an geallchur ioml\u00e1n.<\/p>\n<h2>CONAS B\u00d3NAS GAN TAISCE A \u00c9ILEAMH<\/h2>\n<p>Cad is B\u00f3nas um Chl\u00e1r\u00fa Imreora ann? I mbuna\u00edochta\u00ed ar l\u00edne, is f\u00e9idir b\u00f3nas a eisi\u00faint faoi choinn\u00edollacha \u00e9ags\u00fala. Socra\u00edonn an su\u00edomh na rialacha maidir le glacadh agus \u00fas\u00e1id gan aon \u00e9arlais go pr\u00edobh\u00e1ideach. Ach ar dt\u00fas n\u00ed m\u00f3r duit cl\u00e1r\u00fa agus f\u00edor\u00fa pas a fh\u00e1il. Treoir c\u00e9im ar ch\u00e9im:<\/p>\n<ul>\n<li>Beidh ort seoladh poist a shol\u00e1thar chun do chl\u00e1r\u00fa a dheimhni\u00fa. Ina theannta sin, beidh s\u00e9 ag teast\u00e1il n\u00edos d\u00e9ana\u00ed, mar sin n\u00ed m\u00f3r don seoladh a bheith ag obair.<\/li>\n<li>Cuir uimhir theileaf\u00f3in leis &#8211; beidh s\u00e9 uait n\u00edos d\u00e9ana\u00ed freisin. Agus an t-aitheantas \u00e1 f\u00edor\u00fa, f\u00e9adfaidh roinn sl\u00e1nd\u00e1la an tsu\u00edmh glao t\u00e1st\u00e1la a dh\u00e9anamh.<\/li>\n<li>Cruthaigh pasfhocal de sh\u00e9 charachtar n\u00f3 n\u00edos m\u00f3. \u00c9il\u00edonn roinnt su\u00edomhanna duit pasfhocal a chruth\u00fa le litreacha agus carachtair speisialta.<\/li>\n<li>Roghnaigh airgeadra &#8211; d\u00e9antar r\u00edomhanna ar aghaidhluach. N\u00ed f\u00e9idir an rogha a athr\u00fa n\u00edos d\u00e9ana\u00ed.<\/li>\n<li>Cuir isteach do th\u00edr, do chathair, do sheoladh baile, agus do ch\u00f3d zip, m\u00e1s g\u00e1.<\/li>\n<\/ul>\n<p>D\u00e9an seice\u00e1il aitheantais &#8211; t\u00f3g grianghraf de do phas n\u00f3 do chead\u00fanas tiom\u00e1na. Caithfidh an grianghraf a bheith ar ardchaighde\u00e1n. M\u00e1s g\u00e1 duit grianghraf de ch\u00e1rta plaisteach, ansin ba ch\u00f3ir roinnt uimhreacha a chur i bhfolach. T\u00f3gann an f\u00edor\u00fa \u00f3 24 uair go 3 l\u00e1 faoi th\u00e9arma\u00ed pholasa\u00ed an riarach\u00e1in.<\/p>\n<p>Roghnaigh b\u00f3nas gan \u00e9arlais mura dtugtar \u00e9 d\u00edreach tar \u00e9is cl\u00e1r\u00fach\u00e1in. Seans go mbeidh ort c\u00f3id b\u00f3nas gan aon Taisce a \u00fas\u00e1id ag Casino RocketPlay. N\u00ed m\u00f3r don \u00fas\u00e1ideoir staid\u00e9ar c\u00faramach a dh\u00e9anamh ar choinn\u00edollacha an chluiche.<\/p>\n<p>N\u00ed m\u00f3r na sonra\u00ed go l\u00e9ir a l\u00edonadh isteach go cruinn, ar shl\u00ed eile di\u00falt\u00f3far don phr\u00f3iseas agus is cinnte nach mbeidh gach a bhuaigh t\u00fa in ann a tharraingt siar. D&#8217;fh\u00e9adfadh s\u00e9 go dt\u00f3gfadh s\u00e9 n\u00edos m\u00f3 ama an aghaidh a athfh\u00edor\u00fa, agus gearrann roinnt buna\u00edochta\u00ed f\u00edne\u00e1lacha le haghaidh athfh\u00edor\u00fa mar gheall ar locht an chliaint. Tar \u00e9is sin, faigheann an gambler b\u00f3nais speisialta le haghaidh cl\u00e1r\u00fach\u00e1in.<\/p>\n<p><img loading=\"lazy\" decoding=\"async\" class=\" wp-image-269 aligncenter\" src=\"https:\/\/rocketplay-new.com\/wp-content\/uploads\/2022\/08\/rocketplay.png.81fad21a548a0bf925c5d798697b8947-1-300x97.png\" alt=\"rocket play\" width=\"600\" height=\"194\" srcset=\"https:\/\/rocketplay-new.com\/wp-content\/uploads\/2022\/08\/rocketplay.png.81fad21a548a0bf925c5d798697b8947-1-300x97.png 300w, https:\/\/rocketplay-new.com\/wp-content\/uploads\/2022\/08\/rocketplay.png.81fad21a548a0bf925c5d798697b8947-1.png 496w\" sizes=\"auto, (max-width: 600px) 100vw, 600px\" \/><\/p>\n<h2>B\u00d3NAS EILE RocketPlay<\/h2>\n<p>Cad iad na tairiscint\u00ed speisialta eile at\u00e1 ann? Chomh maith le RocketPlay gan aon bh\u00f3nas taisce \u00c9ireann, t\u00e1 a leith\u00e9id de thairiscint\u00ed ann d\u2019imreoir\u00ed:<\/p>\n<ul>\n<li>Gan aon b\u00f3nais Taisce. Ar f\u00e1il mar thacar de bhabhta\u00ed breise. T\u00e1 na rialacha go l\u00e9ir a bhaineann leis an tairiscint seo scr\u00edofa sna coinn\u00edollacha gn\u00edomhachtaithe.<\/li>\n<li>Ais Airgead Tirim. Is ais\u00edoca\u00edocht ph\u00e1irteach \u00e9 airgead ar ais ar an m\u00e9id cist\u00ed a chaill imreoir\u00ed. Is f\u00e9idir leat ais\u00edoca\u00edocht a fh\u00e1il ar choinn\u00edoll gur chaill an t-imreoir le linn na tr\u00e9imhse cuntasa\u00edochta, is \u00e9 sin, rinne s\u00e9 taisc\u00ed ar feadh m\u00e9id ioml\u00e1n n\u00edos m\u00f3 n\u00e1 mar a tharraing s\u00e9 airgead siar (ag cur san \u00e1ireamh an t-iarmh\u00e9id reatha). T\u00e1 an b\u00f3nas ar f\u00e1il gach seachtain\/m\u00ed.<\/li>\n<li>C\u00e9atad\u00e1n den mh\u00e9id. Is minic a bh\u00edonn s\u00e9 \u00f3 100% go 200%.<\/li>\n<li>B\u00f3nas le haghaidh cl\u00e1r\u00fach\u00e1in. Is f\u00e9idir le gach \u00fas\u00e1ideoir bronntanas f\u00e1ilte a fh\u00e1il chun an pr\u00f3iseas a chr\u00edochn\u00fa go rath\u00fail. F\u00e9adfaidh s\u00e9 a bheith ina ch\u00e9atad\u00e1n airgid n\u00f3 babhta\u00ed in aisce.<\/li>\n<li>T\u00e1 tairiscint\u00ed speisialta \u00e9ags\u00fala ann ina n-\u00fas\u00e1idtear c\u00f3id chur chun cinn, tionscnaimh \u00e9ags\u00fala agus go leor eile.<\/li>\n<\/ul>\n<h2>CC<\/h2>\n<h3>C\u00c9 IS F\u00c9IDIR LIOM Dreasachta\u00ed SPEISIALTA A FH\u00c1IL?<\/h3>\n<p>Faigheann gach \u00fas\u00e1ideoir nua-chl\u00e1raithe bronntanas. Tugann gach institi\u00faid bronntanas den s\u00f3rt sin do thosaitheoir\u00ed ionas go mbeidh dreasacht agus suim acu.<\/p>\n<h3>CONAS IS F\u00c9IDIR LIOM B\u00d3NAS AONTAISCE A AIRGID?<\/h3>\n<p>Ar dt\u00fas, n\u00ed m\u00f3r an cur chun cinn seo a bhuachan ar ais. Gan \u00e9 seo, n\u00ed bheidh t\u00fa a tharraingt siar cist\u00ed ar bhealach ar bith. Mar sin ba cheart duit coinn\u00edollacha na hinstiti\u00faide a l\u00e9amh go c\u00faramach i gc\u00f3na\u00ed ionas nach mbeidh aon iontas m\u00edthaitneamhach ann.<\/p>\n<h3>CAD IS F\u00c9IDIR LIOM A DH\u00c9ANAMH LE MO B\u00d3NAS SIGNUP SAOR IN AISCE?<\/h3>\n<p>De ghn\u00e1th, caitear \u00e9 ar mheais\u00edn\u00ed sliot\u00e1n \u00e9ags\u00fala a th\u00e1st\u00e1il, chomh maith le roulette, poker agus cluich\u00ed eile a gheobhaidh t\u00fa ar an su\u00edomh. Is bealach iontach \u00e9 cluich\u00ed agus roghanna nua a fh\u00e1il chun an rogha is fearr a aimsi\u00fa duit.<\/p>\n<h3>C\u00c9 M\u00c9ID AMACH IS F\u00c9IDIR LIOM B\u00d3NAS SIGNUP A FH\u00c1IL?<\/h3>\n<p>Ach uair amh\u00e1in. M\u00e1 dh\u00e9anann t\u00fa iarracht cuntas eile a chl\u00e1r\u00fa ar an su\u00edomh c\u00e9anna, le seans ard, tuigfidh an c\u00f3ras \u00e9 seo agus cuirfidh s\u00e9 bac ar do chuntas.<\/p>\n","protected":false},"excerpt":{"rendered":"<p>I mbuna\u00edochta\u00ed ar l\u00edne, agus cuntas nua \u00e1 chruth\u00fa, roinntear an b\u00f3nas go coinn\u00edollach ina dh\u00e1 chine\u00e1l: I dtaisce &#8211; \u00e9il\u00edonn athshol\u00e1thar airgid. F\u00e9adfaidh s\u00e9 a bheith ina ch\u00e9atad\u00e1in \u00e1irithe airgid n\u00f3 babhta\u00ed b\u00f3nais. Buna\u00edtear go pr\u00edobh\u00e1ideach na coinn\u00edollacha chun bunachas cearrbhachais a fh\u00e1il agus a \u00fas\u00e1id. RocketPlay gan aon b\u00f3nais Taisce &#8211; faigheann an&#8230;<\/p>\n","protected":false},"author":1,"featured_media":0,"parent":0,"menu_order":0,"comment_status":"closed","ping_status":"closed","template":"single-no-sidebar.php","meta":{"_acf_changed":false,"_kad_post_transparent":"default","_kad_post_title":"default","_kad_post_layout":"default","_kad_post_sidebar_id":"","_kad_post_content_style":"default","_kad_post_vertical_padding":"default","_kad_post_feature":"","_kad_post_feature_position":"","_kad_post_header":false,"_kad_post_footer":false,"footnotes":""},"class_list":["post-2225","page","type-page","status-publish","hentry"],"acf":[],"rttpg_featured_image_url":null,"rttpg_author":{"display_name":"John","author_link":"https:\/\/rocketplay-new.com\/ga\/author\/pemvas95n89x\/"},"rttpg_comment":0,"rttpg_category":null,"rttpg_excerpt":"I mbuna\u00edochta\u00ed ar l\u00edne, agus cuntas nua \u00e1 chruth\u00fa, roinntear an b\u00f3nas go coinn\u00edollach ina dh\u00e1 chine\u00e1l: I dtaisce &#8211; \u00e9il\u00edonn athshol\u00e1thar airgid. F\u00e9adfaidh s\u00e9 a bheith ina ch\u00e9atad\u00e1in \u00e1irithe airgid n\u00f3 babhta\u00ed b\u00f3nais. Buna\u00edtear go pr\u00edobh\u00e1ideach na coinn\u00edollacha chun bunachas cearrbhachais a fh\u00e1il agus a \u00fas\u00e1id. RocketPlay gan aon b\u00f3nais Taisce &#8211; faigheann an...","_links":{"self":[{"href":"https:\/\/rocketplay-new.com\/ga\/wp-json\/wp\/v2\/pages\/2225","targetHints":{"allow":["GET"]}}],"collection":[{"href":"https:\/\/rocketplay-new.com\/ga\/wp-json\/wp\/v2\/pages"}],"about":[{"href":"https:\/\/rocketplay-new.com\/ga\/wp-json\/wp\/v2\/types\/page"}],"author":[{"embeddable":true,"href":"https:\/\/rocketplay-new.com\/ga\/wp-json\/wp\/v2\/users\/1"}],"replies":[{"embeddable":true,"href":"https:\/\/rocketplay-new.com\/ga\/wp-json\/wp\/v2\/comments?post=2225"}],"version-history":[{"count":3,"href":"https:\/\/rocketplay-new.com\/ga\/wp-json\/wp\/v2\/pages\/2225\/revisions"}],"predecessor-version":[{"id":11701,"href":"https:\/\/rocketplay-new.com\/ga\/wp-json\/wp\/v2\/pages\/2225\/revisions\/11701"}],"wp:attachment":[{"href":"https:\/\/rocketplay-new.com\/ga\/wp-json\/wp\/v2\/media?parent=2225"}],"curies":[{"name":"wp","href":"https:\/\/api.w.org\/{rel}","templated":true}]}}