{"id":2215,"date":"2022-08-11T19:38:48","date_gmt":"2022-08-11T16:38:48","guid":{"rendered":"https:\/\/rocketplay-new.com\/sign-up\/"},"modified":"2022-10-25T19:56:07","modified_gmt":"2022-10-25T16:56:07","slug":"sign-up","status":"publish","type":"page","link":"https:\/\/rocketplay-new.com\/ga\/sign-up\/","title":{"rendered":"Rocket Play Casino Cl\u00e1raigh"},"content":{"rendered":"<p><img loading=\"lazy\" decoding=\"async\" class=\" wp-image-283 aligncenter\" src=\"https:\/\/rocketplay-new.com\/wp-content\/uploads\/2022\/08\/1-1-300x113.jpeg\" alt=\"rocket play casino Sign Up\" width=\"672\" height=\"253\" srcset=\"https:\/\/rocketplay-new.com\/wp-content\/uploads\/2022\/08\/1-1-300x113.jpeg 300w, https:\/\/rocketplay-new.com\/wp-content\/uploads\/2022\/08\/1-1-1024x384.jpeg 1024w, https:\/\/rocketplay-new.com\/wp-content\/uploads\/2022\/08\/1-1-768x288.jpeg 768w, https:\/\/rocketplay-new.com\/wp-content\/uploads\/2022\/08\/1-1.jpeg 1140w\" sizes=\"auto, (max-width: 672px) 100vw, 672px\" \/><\/p>\n<p>Ar fud an domhain, t\u00e1 suim i gcluich\u00ed ar l\u00edne ag f\u00e1s go tapa. Sol\u00e1thra\u00edonn go leor su\u00edomhanna gr\u00e9as\u00e1in seirbh\u00eds den scoth i r\u00e9imse an chearrbhachais Idirl\u00edn, spreagtar suim na n-imreoir\u00ed ionchasacha le rogha ollmh\u00f3r cluich\u00ed, pota\u00ed \u00f3ir a spreagadh, c\u00fal\u00fa geall maith. Na gn\u00e9ithe dearfacha a thugann cearrbhachas ar l\u00edne:<\/p>\n<ul>\n<li>cosaint mh\u00e9adaithe d\u2019imreoir\u00ed f\u00e9ideartha \u00f3 scammers ar l\u00edne;<\/li>\n<li>\u00e9ags\u00falacht cluich\u00ed de r\u00e9ir roghanna;<\/li>\n<li>go leor prom\u00f3isin agus lua\u00edochta\u00ed;<\/li>\n<li>is f\u00e9idir imirt ar aon ghiuirl\u00e9id at\u00e1 agat;<\/li>\n<li>n\u00ed g\u00e1 dul \u00e1it ar bith, dul;<\/li>\n<li>is f\u00e9idir leat cluiche saor in aisce a roghn\u00fa;<\/li>\n<li>am a sh\u00e1bh\u00e1il;<\/li>\n<li>taca\u00edocht ag gach leibh\u00e9al den chluiche.<\/li>\n<\/ul>\n<p>N\u00edl uait ach rochtain a fh\u00e1il ar na bunt\u00e1ist\u00ed seo go l\u00e9ir n\u00e1 cl\u00e1r\u00fa le Casino <a href=\"https:\/\/rocketplay-new.com\/ga\">RocketPlay<\/a>.<\/p>\n<p>C\u00e9n f\u00e1th cl\u00e1r\u00fa le casino? Tar \u00e9is an tsaoil, cuireann go leor buna\u00edochta\u00ed ar l\u00edne ar f\u00e1il do thosaitheoir\u00ed triail a bhaint as aon cheann de na cluich\u00ed cearrbhachais saor in aisce. Ach m\u00e1s mian leat a imirt ar airgead, n\u00ed m\u00f3r duit cinnte cl\u00e1r\u00fa le haghaidh seo. Gheobhaidh t\u00fa b\u00f3nas cl\u00e1r\u00fach\u00e1in Casino RocketPlay freisin. Mura bhfuil cuntas bail\u00ed agat, caillfidh t\u00fa an cumas chun:<\/p>\n<ul>\n<li>geallta a chur sa casino;<\/li>\n<li>luach saothair a thuilleamh;<\/li>\n<li>deis a bheith agat a bheith i do bhuaiteoir;<\/li>\n<li>ioma\u00edocht le haghaidh bua m\u00f3r;<\/li>\n<li>brath ar thaca\u00edocht.<\/li>\n<\/ul>\n<p>Mar sin, n\u00ed f\u00e9idir le imreoir gan chl\u00e1r\u00fa ag an Casino ach foghlaim faoi na seirbh\u00eds\u00ed agus an cluiche a th\u00e1st\u00e1il sa leagan taispe\u00e1na. T\u00e1 gach rannph\u00e1irt\u00edocht eile sna cluich\u00ed d\u00fanta d\u00f3. Chun cl\u00e1r\u00fa ag an Casino, n\u00ed m\u00f3r duit staid\u00e9ar a dh\u00e9anamh ar an l\u00e1ithre\u00e1n gr\u00e9as\u00e1in oifigi\u00fail. N\u00ed m\u00f3r do gach imreoir f\u00e9ideartha a chinnti\u00fa go bhfuil cead\u00fanas ag an mbuna\u00edocht chearrbhachais ina bhfuil s\u00e9 ar intinn aige an cluiche a thos\u00fa. Mura bhfuil t\u00fa cinnte faoina bhar\u00e1nt\u00falacht, t\u00e9igh chuig l\u00e1ithre\u00e1n gr\u00e9as\u00e1in an rialt\u00f3ra, \u00e1it ar f\u00e9idir leat gach rud a fh\u00e1il amach.<\/p>\n<p>Ba cheart duit eolas a chur ar na rialacha agus na coinn\u00edollacha \u00e9ags\u00fala at\u00e1 sna cluich\u00ed. Cuir do chuid ceisteanna ar ionadaithe taca\u00edochta teicni\u00fala, ba cheart d\u00f3ibh a bheith d\u00edlis duit. B\u00ed cinnte go spreagann an ceasa\u00edneo \u00e1irithe seo muin\u00edn ionat agus go gcomhl\u00edonann s\u00e9 do chuid riachtanas go l\u00e9ir. Is f\u00e9idir leat cl\u00e1r\u00fa freisin \u00f3 <a href=\"https:\/\/rocketplay-new.com\/ga\/mobile-version\/\">do ghuth\u00e1n<\/a> p\u00f3ca. Chun seo, tugtar b\u00f3nas cl\u00e1r\u00fach\u00e1in Casino soghluaiste RocketPlay.<\/p>\n<p>Chun cl\u00e1r\u00fa i gceasa\u00edneo ar l\u00edne, n\u00ed m\u00f3r do thosaitheoir\u00ed foirm chl\u00e1r\u00fach\u00e1in a l\u00edonadh.<\/p>\n<p>L\u00e9igh na point\u00ed go l\u00e9ir go c\u00faramach agus iarr ar dhuine \u00e9igin a labhra\u00edonn B\u00e9arla cabhr\u00fa leat an ceistneoir a l\u00edonadh. N\u00ed m\u00f3r faisn\u00e9is phearsanta, lena n-\u00e1ir\u00edtear c\u00e9ad ainm agus sloinne, inscne, d\u00e1ta breithe, seoladh, a chur isteach mar a l\u00e9ir\u00edtear i ndoicim\u00e9id oifigi\u00fala. F\u00e9adfaidh an Casino c\u00f3ipeanna de do dhoicim\u00e9id a iarraidh, N\u00edor cheart go mbeadh difr\u00edocht idir na sonra\u00ed go l\u00e9ir.<\/p>\n<p><img loading=\"lazy\" decoding=\"async\" class=\" wp-image-284 alignright\" src=\"https:\/\/rocketplay-new.com\/wp-content\/uploads\/2022\/08\/rocketplay-registration-1-246x300.png\" alt=\"Sign Up\" width=\"336\" height=\"410\" srcset=\"https:\/\/rocketplay-new.com\/wp-content\/uploads\/2022\/08\/rocketplay-registration-1-246x300.png 246w, https:\/\/rocketplay-new.com\/wp-content\/uploads\/2022\/08\/rocketplay-registration-1.png 360w\" sizes=\"auto, (max-width: 336px) 100vw, 336px\" \/><\/p>\n<h2>C\u00c9 NA CINE\u00c1LACHA B\u00d3NAS A CHUR CHUN CINN AR F\u00c1IL?<\/h2>\n<p>T\u00e1 dh\u00e1 phr\u00edomhchine\u00e1l b\u00f3nais ann:<\/p>\n<ul>\n<li>b\u00f3nais Taisce. \u00c1ir\u00edtear leis na b\u00f3nais seo b\u00f3nais taisce, b\u00f3nais athl\u00f3d\u00e1la airgid ar ais. Chun b\u00f3nas den s\u00f3rt sin a fh\u00e1il, n\u00ed m\u00f3r duit cl\u00e1r\u00fa \u00e9igeantach ag an Casino agus \u00e9arlais. T\u00e1 m\u00e9id an \u00e9arlais seo difri\u00fail i ngach ceasa\u00edneo. F\u00e9adfaidh an b\u00f3nas \u00f3n \u00e9arlais seo a bheith ag brath go d\u00edreach ar an bhfoirm agus ar an gc\u00f3ras \u00edoca\u00edochta. Uaireanta, chun b\u00f3nais a fh\u00e1il le haghaidh \u00e9arlais, n\u00ed m\u00f3r duit c\u00f3d promo a chur isteach.<\/li>\n<li>Gan aon b\u00f3nais Taisce casino. T\u00e1 ceasa\u00edneo gan taisce ann ina gcl\u00e1ra\u00edonn t\u00fa agus ina bhfaigheann t\u00fa do bh\u00f3nais l\u00e1ithreach gan aon \u00e9arlais a dh\u00e9anamh. Mar sin, is fearr le himreoir\u00ed an cine\u00e1l seo ceasa\u00edneo. Is f\u00e9idir le gach imreoir airgead a fh\u00e1il saor in aisce le haghaidh cluiche trialach.<\/li>\n<li>Is g\u00e1 a chur san \u00e1ireamh nach bhfuil tairiscint tempting brab\u00fasach i gc\u00f3na\u00ed, mar a d&#8217;fh\u00e9adfadh s\u00e9 cos\u00fail ar an gc\u00e9ad amharc. N\u00edor ch\u00f3ir duit a bheith tempted ag an m\u00e9id b\u00f3nais ollmh\u00f3r. L\u00e9igh na rialacha feidhmithe i gc\u00f3na\u00ed, is minic a bh\u00edonn siad an-deacair rochtain ar l\u00edne a fh\u00e1il.<\/li>\n<li>Molaimid go l\u00e1idir do thosaitheoir\u00ed gan geallta beo a dh\u00e9anamh l\u00e1ithreach. L\u00e9igh go c\u00faramach na cluich\u00ed i leaganacha taispe\u00e1na saor in aisce, bain triail as, figi\u00far s\u00e9 amach chun teipeanna tromch\u00faiseacha a sheachaint. Caithfidh t\u00fa bealach \u00e1isi\u00fail a aimsi\u00fa chun airgead a thaisceadh isteach i do chuntas. Is f\u00e9idir \u00e9 a bheith ina ch\u00e1rta\u00ed dochair agus \u00edoca\u00edochta, spar\u00e1n leictreonacha \u00e9ags\u00fala agus dearbh\u00e1in, agus mar sin de. Smaoinigh ar gach rud \u00f3 spriocdh\u00e1ta\u00ed go teorainneacha \u00e9ags\u00fala.<\/li>\n<\/ul>\n<h2>CC<\/h2>\n<h3>AN G\u00c1 CL\u00c1R\u00da DO IMREOIR\u00cd AG AN gCAS\u00d3IN?<\/h3>\n<p>Chun cuntas a oscailt, an cumas a imirt ar airgead f\u00edor agus rochtain Idirl\u00edn a fh\u00e1il ar an tseirbh\u00eds, t\u00e1 g\u00e1 le cl\u00e1r\u00fa.<\/p>\n<h3>C\u00c9 FAD A TH\u00d3GANN S\u00cd CHL\u00c1R\u00da AG CAISIN AR L\u00cdNE?<\/h3>\n<p>T\u00f3gann an pr\u00f3iseas ioml\u00e1n c\u00fapla n\u00f3im\u00e9ad. Ina dhiaidh sin, gheobhaidh t\u00fa casino b\u00f3nas s\u00edni\u00fa saor in aisce l\u00e1ithreach RocketPlay.<\/p>\n<h3>C\u00c9N F\u00c1TH A BHFUIL G\u00c1 IOMPR\u00d3IR F\u00c9IDEARTHA A FH\u00edor\u00fa?<\/h3>\n<p>Chun sl\u00e1nd\u00e1il taisc\u00ed agus cuntas custaim\u00e9ara a \u00e1irithi\u00fa, t\u00e1 an fhaisn\u00e9is seo ag teast\u00e1il \u00f3n bhfoireann oibreoir\u00ed cearrbhachais. Cuireann s\u00e9 cosc freisin ar sci\u00faradh airgid agus cuireann s\u00e9 cosc ar shealgair\u00ed b\u00f3nais gn\u00edomh\u00fa.<\/p>\n","protected":false},"excerpt":{"rendered":"<p>Ar fud an domhain, t\u00e1 suim i gcluich\u00ed ar l\u00edne ag f\u00e1s go tapa. Sol\u00e1thra\u00edonn go leor su\u00edomhanna gr\u00e9as\u00e1in seirbh\u00eds den scoth i r\u00e9imse an chearrbhachais Idirl\u00edn, spreagtar suim na n-imreoir\u00ed ionchasacha le rogha ollmh\u00f3r cluich\u00ed, pota\u00ed \u00f3ir a spreagadh, c\u00fal\u00fa geall maith. Na gn\u00e9ithe dearfacha a thugann cearrbhachas ar l\u00edne: cosaint mh\u00e9adaithe d\u2019imreoir\u00ed f\u00e9ideartha&#8230;<\/p>\n","protected":false},"author":1,"featured_media":0,"parent":0,"menu_order":0,"comment_status":"closed","ping_status":"closed","template":"","meta":{"_acf_changed":false,"_kad_post_transparent":"default","_kad_post_title":"default","_kad_post_layout":"default","_kad_post_sidebar_id":"","_kad_post_content_style":"default","_kad_post_vertical_padding":"default","_kad_post_feature":"","_kad_post_feature_position":"","_kad_post_header":false,"_kad_post_footer":false,"footnotes":""},"class_list":["post-2215","page","type-page","status-publish","hentry"],"acf":[],"rttpg_featured_image_url":null,"rttpg_author":{"display_name":"John","author_link":"https:\/\/rocketplay-new.com\/ga\/author\/pemvas95n89x\/"},"rttpg_comment":0,"rttpg_category":null,"rttpg_excerpt":"Ar fud an domhain, t\u00e1 suim i gcluich\u00ed ar l\u00edne ag f\u00e1s go tapa. Sol\u00e1thra\u00edonn go leor su\u00edomhanna gr\u00e9as\u00e1in seirbh\u00eds den scoth i r\u00e9imse an chearrbhachais Idirl\u00edn, spreagtar suim na n-imreoir\u00ed ionchasacha le rogha ollmh\u00f3r cluich\u00ed, pota\u00ed \u00f3ir a spreagadh, c\u00fal\u00fa geall maith. Na gn\u00e9ithe dearfacha a thugann cearrbhachas ar l\u00edne: cosaint mh\u00e9adaithe d\u2019imreoir\u00ed f\u00e9ideartha...","_links":{"self":[{"href":"https:\/\/rocketplay-new.com\/ga\/wp-json\/wp\/v2\/pages\/2215","targetHints":{"allow":["GET"]}}],"collection":[{"href":"https:\/\/rocketplay-new.com\/ga\/wp-json\/wp\/v2\/pages"}],"about":[{"href":"https:\/\/rocketplay-new.com\/ga\/wp-json\/wp\/v2\/types\/page"}],"author":[{"embeddable":true,"href":"https:\/\/rocketplay-new.com\/ga\/wp-json\/wp\/v2\/users\/1"}],"replies":[{"embeddable":true,"href":"https:\/\/rocketplay-new.com\/ga\/wp-json\/wp\/v2\/comments?post=2215"}],"version-history":[{"count":2,"href":"https:\/\/rocketplay-new.com\/ga\/wp-json\/wp\/v2\/pages\/2215\/revisions"}],"predecessor-version":[{"id":2219,"href":"https:\/\/rocketplay-new.com\/ga\/wp-json\/wp\/v2\/pages\/2215\/revisions\/2219"}],"wp:attachment":[{"href":"https:\/\/rocketplay-new.com\/ga\/wp-json\/wp\/v2\/media?parent=2215"}],"curies":[{"name":"wp","href":"https:\/\/api.w.org\/{rel}","templated":true}]}}