{"id":2182,"date":"2022-06-13T19:10:03","date_gmt":"2022-06-13T16:10:03","guid":{"rendered":"https:\/\/rocketplay-new.com\/baccarat\/"},"modified":"2025-04-03T21:08:25","modified_gmt":"2025-04-03T18:08:25","slug":"baccarat","status":"publish","type":"page","link":"https:\/\/rocketplay-new.com\/ga\/baccarat\/","title":{"rendered":"Ag imirt baccarat ar airgead f\u00edor"},"content":{"rendered":"<p>Meastar go bhfuil ardch\u00e1il ar leith ar <a href=\"https:\/\/rocketplay-new.com\/ga\">RocketPlay ar l\u00edne<\/a> baccarat ar airgead i measc cluich\u00ed ceasa\u00edneo, c\u00e9 go bhfuil a ch\u00e1il mar chluiche mionlach bunaithe n\u00edos m\u00f3 ar eisiachais n\u00e1 ar dheacracht. Go deimhin, n\u00edl aon scil ag teast\u00e1il \u00f3 fhormh\u00f3r na leaganacha baccarat a imreoidh t\u00fa i gceasa\u00edneo beo. Tairgeann baccarat ar l\u00edne RocketPlay bunt\u00e1iste maith ceasa\u00edneo le haghaidh cluiche nach n-\u00e9il\u00edonn beagnach aon r\u00fain strait\u00e9iseacha a mheabhr\u00fa, mar sin is minic a imr\u00edtear an cluiche traidisi\u00fanta i gcuid ar leith den Casino le haghaidh geallta ard. Go traidisi\u00fanta, t\u00e1 baccarat tairgthe d&#8217;imreoir\u00ed a bhfuil geallta ard acu, cos\u00fail leis an gcaoi a dtugann meais\u00edn\u00ed sliot\u00e1n le geallta de $100 in aghaidh an casadh seans n\u00edos airde buaite n\u00e1 $1 in aghaidh a gcomhghleacaithe. Cuir tuxedos agus fallaingeacha tr\u00e1thn\u00f3na leis, agus sin mar a fuair an cluiche cl\u00fa mistici\u00fail a mhair isteach san 21\u00fa haois.<\/p>\n<p><img loading=\"lazy\" decoding=\"async\" class=\"aligncenter wp-image-4933\" src=\"https:\/\/rocketplay-new.com\/wp-content\/uploads\/2024\/02\/999.png\" alt=\"RocketPlay Baccarat \" width=\"800\" height=\"311\" srcset=\"https:\/\/rocketplay-new.com\/wp-content\/uploads\/2024\/02\/999.png 1301w, https:\/\/rocketplay-new.com\/wp-content\/uploads\/2024\/02\/999-300x116.png 300w, https:\/\/rocketplay-new.com\/wp-content\/uploads\/2024\/02\/999-1024x397.png 1024w, https:\/\/rocketplay-new.com\/wp-content\/uploads\/2024\/02\/999-768x298.png 768w\" sizes=\"auto, (max-width: 800px) 100vw, 800px\" \/><\/p>\n<h2>BACCARAT AR L\u00cdNE LE hAGHAIDH AIRGEAD R\u00cdOMHAIRE<\/h2>\n<p>Tairgeann ceasa\u00edneonna ar l\u00edne foirm amh\u00e1in n\u00f3 n\u00edos m\u00f3 de RocketPlay baccarat ar l\u00edne saor in aisce i gc\u00f3na\u00ed ina bpac\u00e1iste bogearra\u00ed. Imr\u00edtear an leagan ar l\u00edne cos\u00fail leis na leaganacha uathoibrithe den chluiche a gheobhaidh t\u00fa i gceasa\u00edneonna traidisi\u00fanta. Is \u00e9 an bunt\u00e1iste Casino f\u00f3s \u00edseal le haghaidh cluiche a \u00fas\u00e1ideann beagnach aon strait\u00e9is. B\u00ed ar an airdeall ar aon ghn\u00e9ithe uathoibr\u00edocha n\u00f3 mear-imeartha a d\u2019fh\u00e9adfa\u00ed a thairiscint duit. N\u00ed mh\u00e9ad\u00f3idh siad ach an l\u00edon uaireanta in aghaidh na huaire a thagann t\u00fa trasna ar bhunt\u00e1iste Casino agus tarraingeoidh siad n\u00edos m\u00f3 airgid as do ph\u00f3ca (ar an me\u00e1n).<\/p>\n<p><span style=\"font-weight: 400;\">\u00a0<div class=\"go-btn-container\"><div class=\"tosh-btn\"><a href=\"\/go-casino\/\" target=\"_blank\" rel=\"noopener\">IMIR ANOIS<\/a><\/div><\/div> <\/span><\/p>\n<h2>BACCARAT BEO AR L\u00cdNE<\/h2>\n<p>Is \u00e9 an bealach is fearr chun baccarat ar l\u00edne a imirt RocketPlay ar l\u00edne ar airgead f\u00edor ceann de na cluich\u00ed baccarat beo a imirt. N\u00ed bogearra\u00ed at\u00e1 bunaithe ar ghinead\u00f3ir uimhreacha randamacha \u00e9, ach \u00fas\u00e1idtear daoine f\u00edor chun tortha\u00ed an chluiche a fh\u00e1il. Is fostaithe de chuid an cheasa\u00edneo ar l\u00edne n\u00f3 sol\u00e1thra\u00ed bogearra\u00ed iad na daoine seo, agus t\u00e1 siad ar f\u00e1il beo, a bhu\u00edochas do chraoladh \u00f3 sti\u00faideo cluich\u00edochta \u00e1it \u00e9igin ar domhan.<\/p>\n<p>Is gairmithe oilte iad d\u00e9ile\u00e1laithe beo, d\u00edreach cos\u00fail leis an bhfoireann ag ceasa\u00edneo traidisi\u00fanta. Labhra\u00edonn t\u00fa leo ag baint \u00fas\u00e1ide as teicneola\u00edocht cos\u00fail le Skype, agus is f\u00e9idir leo freagairt. D\u00edr\u00edtear an ceamara ar na d\u00e9ile\u00e1laithe i gc\u00f3na\u00ed, mar sin n\u00ed chailleann t\u00fa radharc ar na c\u00e1rta\u00ed. Is \u00e9 baccarat beo ar l\u00edne ar airgead f\u00edor an bealach is fearr chun taitneamh a bhaint as ceann de na cluich\u00ed ceasa\u00edneo is sine ar do r\u00edomhaire i do chompord do bhaile f\u00e9in.<\/p>\n<h2>STAIR<\/h2>\n<p>Sna 1980\u00ed, d&#8217;fh\u00e1s an hype timpeall baccarat go dt\u00ed an pointe nuair a thosaigh casinos Las Vegas ag tairiscint leagan de don fhear coitianta freisin. Tugadh mion-baccarat ar an gcluiche seo. Leagan simplithe den chluiche a bh\u00ed ann le d\u00e9ile\u00e1la\u00ed in ionad bainc\u00e9ir toisc gur shealbhaigh an Casino banc an chluiche. Chiallaigh s\u00e9 seo gur cuireadh geallta n\u00edos tap\u00fala agus imr\u00edodh n\u00edos m\u00f3 babhta\u00ed in aghaidh na huaire, rud a fh\u00e1gann go bhfuair an Casino c\u00e9atad\u00e1n n\u00edos airde den phota n\u00e1 mar a bh\u00ed i gcluiche rialta. D&#8217;fhorbair oibreoir\u00ed Eorpacha leagan comhchos\u00fail ar a dtugtar midi-punto.<\/p>\n<p>Idir an d\u00e1 linn, t\u00e1 leagan Fraincise den chluiche, ar a dtugtar Chemin de Fer (&#8220;iarnr\u00f3d&#8221;), f\u00f3s sa Fhrainc. \u00c9il\u00edonn an cluiche seo cinnt\u00ed tromch\u00faiseacha a th\u00e9ann i bhfeidhm ar thoradh an chluiche, mar sin bheadh \u200b\u200b\u200b\u200bg\u00e1 le staid\u00e9ar a dh\u00e9anamh ar an ngn\u00e9 strait\u00e9iseach. Crutha\u00edodh go leor \u00e9ags\u00falachta\u00ed eile ansin, lena n-\u00e1ir\u00edtear Baccarat EZ, Super 6 Baccarat (n\u00f3 &#8220;Punto 2000&#8221;) agus Baccarat banque. San Airteagal seo, pl\u00e9ifidh m\u00e9 gach ceann de na cluich\u00ed seo agus cad is g\u00e1 duit fios a bheith agat chun iad a imirt ar airgead f\u00edor.<\/p>\n<p><img loading=\"lazy\" decoding=\"async\" class=\"aligncenter wp-image-4943\" src=\"https:\/\/rocketplay-new.com\/wp-content\/uploads\/2024\/02\/9999999.png\" alt=\"RocketPlay Baccarat 2\" width=\"800\" height=\"294\" srcset=\"https:\/\/rocketplay-new.com\/wp-content\/uploads\/2024\/02\/9999999.png 1188w, https:\/\/rocketplay-new.com\/wp-content\/uploads\/2024\/02\/9999999-300x110.png 300w, https:\/\/rocketplay-new.com\/wp-content\/uploads\/2024\/02\/9999999-1024x377.png 1024w, https:\/\/rocketplay-new.com\/wp-content\/uploads\/2024\/02\/9999999-768x283.png 768w\" sizes=\"auto, (max-width: 800px) 100vw, 800px\" \/><\/p>\n<h2>RIALACHA BUN\u00daSACHA<\/h2>\n<p>RocketPlay ar l\u00edne baccarat \u00c9ireann ar airgead f\u00edor \u00e9 a chur le ch\u00e9ile teaglaim de ch\u00e1rta\u00ed chomh gar do 9 agus is f\u00e9idir. T\u00e1 na teaglaim c\u00e1rta\u00ed difri\u00fail \u00f3 fhormh\u00f3r na gcluich\u00ed c\u00e1rta\u00ed, ach t\u00e1 siad iomasach, mar sin foghlaimeoidh t\u00fa iad tar \u00e9is c\u00fapla babhta. T\u00e1 luach c\u00e1rta\u00ed \u00f3 deuce go dt\u00ed a naoi cothrom lena n-aghaidhluach. Tugann Ace pointe amh\u00e1in duit. T\u00e1 aghaidhluach 0 ag deicheanna, seaicigh, banr\u00edona agus r\u00edthe, mar sin n\u00ed chuireann siad aon rud le do chomhcheangal. M\u00e1 t\u00e1 10 bpointe n\u00f3 n\u00edos m\u00f3 ag imreoir ina l\u00e1imh, baintear deich gcinn uathu, agus ansin t\u00e9ann an comhaireamh 0-1-2-3-4-5-5-6-7-8-9-0-1-2 -3 agus mar sin de. Mar shampla, \u00e1ireofar 9 agus 5 mar 4, n\u00ed 14.<\/p>\n<p>Is furasta na rialacha an chluiche a mheabhr\u00fa. Cinneann na rialacha seo cathain a ghlacann imreoir agus bainc\u00e9ir n\u00edos m\u00f3 c\u00e1rta\u00ed agus nuair nach bhfuil cead acu \u00e9 sin a dh\u00e9anamh. B\u2019fh\u00e9idir go dt\u00f3gfaidh s\u00e9 tamall ort cuimhneamh ar c\u00e9n uair ba cheart bogadh \u00e1irithe a dh\u00e9anamh, ach t\u00e1 na rialacha dian, mar sin n\u00ed dh\u00e9anfaidh t\u00fa aon bhot\u00fain agus t\u00fa ag foghlaim.<\/p>\n<p><span style=\"font-weight: 400;\">\u00a0<div class=\"go-btn-container\"><div class=\"tosh-btn\"><a href=\"\/go-casino\/\" target=\"_blank\" rel=\"noopener\">IMIR ANOIS<\/a><\/div><\/div> <\/span><\/p>\n<h2>BACCARAT A IMIR LE hAGHAIDH AIRGEAD R\u00c9ITIGH<\/h2>\n<p>Chun an cluiche seo a imirt i Las Vegas n\u00f3 Macao, is d\u00f3cha go mbeidh ort geallta n\u00edos airde a dh\u00e9anamh. M\u00e1s mian leat baccarat a imirt ar airgead f\u00edor RocketPlay, ach nach bhfuil t\u00fa ag iarraidh imirt ar mh\u00e9ideanna n\u00edos m\u00f3, bain triail as mion-baccarat.<\/p>\n<h2>STRAIT\u00c9IS CHUN BACCARAT A DH\u00c9ANAMH<\/h2>\n<p>Is \u00e9 an tip strait\u00e9is baccarat RocketPlay ar l\u00edne le haghaidh an gcluiche seo simpl\u00ed go leor: geall i gc\u00f3na\u00ed ar an bainc\u00e9ir a bhuachan. N\u00e1, in imthosca ar bith, n\u00e1 geall le crannchur. C\u00e9 go bhfuil an \u00edoca\u00edocht amach m\u00f3r, is geall le cailli\u00faint \u00e9.<\/p>\n<h2>BACCARAT: FAQ<\/h2>\n<h3>AON TIOM\u00c1NA\u00cd CHUN BACCARAT A DH\u00c9ANAMH?<\/h3>\n<p>Dh\u00e1 cheann de na leideanna is fearr d\u00f3ibh si\u00fad a imr\u00edonn baccarat n\u00e1 geall a dh\u00e9anamh i gc\u00f3na\u00ed ar an mbainc\u00e9ir agus s\u00fail a choinne\u00e1il ar do bankroll. Maidir leis an dara ceann, go dt\u00ed go bhfuil t\u00fa eolach go hioml\u00e1n ar an gcluiche, is fearr c\u00f3rais geallt\u00f3ireachta a sheachaint agus d\u00edri\u00fa ar geallta a dh\u00e9anamh a bhfuil t\u00fa in acmhainn.<\/p>\n<h3>AN BACCARAT AR L\u00cdNE DL\u00cd?<\/h3>\n<p>RocketPlay baccarat ar l\u00edne aon \u00edosl\u00f3d\u00e1il dl\u00edthi\u00fail. Is f\u00e9idir leat baccarat a imirt go h\u00e9asca ar airgead f\u00edor ar do r\u00edomhaire, d\u2019fh\u00f3n cliste n\u00f3 do thaibl\u00e9ad.<\/p>\n<h3>AN F\u00c9IDIR LIOM BACCARAT A DH\u00c9ANAMH LE BITCOIN?<\/h3>\n<p>Sa l\u00e1 at\u00e1 inniu ann, glacann an chuid is m\u00f3 de cheasa\u00edneonna ar l\u00edne le bitcoin, agus mar sin n\u00ed bheidh aon fhadhb agat baccarat a imirt ar l\u00edne leis an cryptocurrency seo. Go deimhin, roghna\u00edonn go leor imreoir\u00ed bitcoin toisc go bhfuil \u00edoca\u00edochta\u00ed buaite ag baint leis an toirt, agus n\u00ed g\u00e1 duit fanacht ar aistrithe chun teacht agus t\u00e1ill\u00ed a \u00edoc.<\/p>\n<h3>AN F\u00c9IDIR LIOM B\u00d3NAS BACCARAT A FH\u00c1IL?<\/h3>\n<p>N\u00ed chuims\u00edonn roinnt ceasa\u00edneonna ar l\u00edne baccarat ar an liosta cluich\u00ed a gcuirtear b\u00f3nas f\u00e1ilte ar f\u00e1il d\u00f3ibh, mar gheall ar an mbunt\u00e1iste \u00edseal ceasa\u00edneo. Tairgeann ceasa\u00edneonna eile b\u00f3nais, mar sin d\u00e9an taighde ar th\u00e9arma\u00ed an bh\u00f3nais \u201ccluich\u00ed boird\u201d f\u00e9achaint an dtugann do cheasa\u00edneonna b\u00f3nas baccarat.<\/p>\n<p>M\u00e1 fhaigheann t\u00fa<a href=\"https:\/\/rocketplay-new.com\/ga\/bonus\/\"> b\u00f3nais<\/a> baccarat, cuimhnigh go bhfuil ceanglais geallchur n\u00edos d\u00e9ine acu n\u00e1 b\u00f3nais meais\u00edn\u00ed sliot\u00e1n mar gheall ar bhunt\u00e1iste \u00edseal an cheasa\u00edneo.<\/p>\n<p><img loading=\"lazy\" decoding=\"async\" class=\"aligncenter wp-image-4952\" src=\"https:\/\/rocketplay-new.com\/wp-content\/uploads\/2024\/02\/99.png\" alt=\"RocketPlay Baccarat 3\" width=\"800\" height=\"416\" srcset=\"https:\/\/rocketplay-new.com\/wp-content\/uploads\/2024\/02\/99.png 1167w, https:\/\/rocketplay-new.com\/wp-content\/uploads\/2024\/02\/99-300x156.png 300w, https:\/\/rocketplay-new.com\/wp-content\/uploads\/2024\/02\/99-1024x533.png 1024w, https:\/\/rocketplay-new.com\/wp-content\/uploads\/2024\/02\/99-768x399.png 768w\" sizes=\"auto, (max-width: 800px) 100vw, 800px\" \/><\/p>\n<h2>AN OIBR\u00cdONN C\u00d3RAIS Geallt\u00f3ireachta BACCARAT?<\/h2>\n<p>Mar gheall ar an facht\u00f3ir strait\u00e9ise \u00edseal agus baccarat \u00e1 imirt acu, \u00fas\u00e1ideann roinnt imreoir\u00ed c\u00f3rais geallt\u00f3ireachta chun bunt\u00e1iste an cheasa\u00edneo a fh\u00e1il. I measc cuid de na c\u00f3rais is coitianta chun baccarat a imirt t\u00e1 c\u00f3rais D&#8217;Alamber, Laboucher, agus Martingale.<\/p>\n<p>Is f\u00e9idir leis na c\u00f3rais cabhr\u00fa leat a fh\u00e1il bua m\u00f3r i seisi\u00fan aonair, ach n\u00ed f\u00e9idir aon cheann acu sheachbh\u00f3thar an bunt\u00e1iste Casino fadt\u00e9armach.<\/p>\n","protected":false},"excerpt":{"rendered":"<p>Meastar go bhfuil ardch\u00e1il ar leith ar RocketPlay ar l\u00edne baccarat ar airgead i measc cluich\u00ed ceasa\u00edneo, c\u00e9 go bhfuil a ch\u00e1il mar chluiche mionlach bunaithe n\u00edos m\u00f3 ar eisiachais n\u00e1 ar dheacracht. Go deimhin, n\u00edl aon scil ag teast\u00e1il \u00f3 fhormh\u00f3r na leaganacha baccarat a imreoidh t\u00fa i gceasa\u00edneo beo. Tairgeann baccarat ar l\u00edne&#8230;<\/p>\n","protected":false},"author":1,"featured_media":0,"parent":0,"menu_order":0,"comment_status":"closed","ping_status":"closed","template":"","meta":{"_acf_changed":false,"_kad_post_transparent":"default","_kad_post_title":"default","_kad_post_layout":"default","_kad_post_sidebar_id":"","_kad_post_content_style":"default","_kad_post_vertical_padding":"default","_kad_post_feature":"","_kad_post_feature_position":"","_kad_post_header":false,"_kad_post_footer":false,"footnotes":""},"class_list":["post-2182","page","type-page","status-publish","hentry"],"acf":[],"rttpg_featured_image_url":null,"rttpg_author":{"display_name":"John","author_link":"https:\/\/rocketplay-new.com\/ga\/author\/pemvas95n89x\/"},"rttpg_comment":0,"rttpg_category":null,"rttpg_excerpt":"Meastar go bhfuil ardch\u00e1il ar leith ar RocketPlay ar l\u00edne baccarat ar airgead i measc cluich\u00ed ceasa\u00edneo, c\u00e9 go bhfuil a ch\u00e1il mar chluiche mionlach bunaithe n\u00edos m\u00f3 ar eisiachais n\u00e1 ar dheacracht. Go deimhin, n\u00edl aon scil ag teast\u00e1il \u00f3 fhormh\u00f3r na leaganacha baccarat a imreoidh t\u00fa i gceasa\u00edneo beo. Tairgeann baccarat ar l\u00edne...","_links":{"self":[{"href":"https:\/\/rocketplay-new.com\/ga\/wp-json\/wp\/v2\/pages\/2182","targetHints":{"allow":["GET"]}}],"collection":[{"href":"https:\/\/rocketplay-new.com\/ga\/wp-json\/wp\/v2\/pages"}],"about":[{"href":"https:\/\/rocketplay-new.com\/ga\/wp-json\/wp\/v2\/types\/page"}],"author":[{"embeddable":true,"href":"https:\/\/rocketplay-new.com\/ga\/wp-json\/wp\/v2\/users\/1"}],"replies":[{"embeddable":true,"href":"https:\/\/rocketplay-new.com\/ga\/wp-json\/wp\/v2\/comments?post=2182"}],"version-history":[{"count":4,"href":"https:\/\/rocketplay-new.com\/ga\/wp-json\/wp\/v2\/pages\/2182\/revisions"}],"predecessor-version":[{"id":5856,"href":"https:\/\/rocketplay-new.com\/ga\/wp-json\/wp\/v2\/pages\/2182\/revisions\/5856"}],"wp:attachment":[{"href":"https:\/\/rocketplay-new.com\/ga\/wp-json\/wp\/v2\/media?parent=2182"}],"curies":[{"name":"wp","href":"https:\/\/api.w.org\/{rel}","templated":true}]}}