{"id":2158,"date":"2022-06-13T18:39:57","date_gmt":"2022-06-13T15:39:57","guid":{"rendered":"https:\/\/rocketplay-new.com\/roulette\/"},"modified":"2025-04-08T11:38:20","modified_gmt":"2025-04-08T08:38:20","slug":"roulette","status":"publish","type":"page","link":"https:\/\/rocketplay-new.com\/ga\/roulette\/","title":{"rendered":"Seinn roulette ag RocketPlay Casino"},"content":{"rendered":"<p>\u00d3s rud \u00e9 go roulette ar l\u00edne RocketPlay &#8211; cluiche corraitheach agus suimi\u00fail, t\u00e1 a fhios ag gach duine. Sin \u00e9 an f\u00e1th go bhfuil go leor \u00fas\u00e1ideoir\u00ed fonn chun iarracht a dh\u00e9anamh, a roghn\u00fa meais\u00edn\u00ed sliot\u00e1n den chine\u00e1l c\u00e9anna. N\u00ed gan ch\u00fais san am \u00e1rsa, tugadh roulette ar a dtugtar banr\u00edon an chearrbhachais. Leis an siamsa\u00edocht iontach a bh\u00ed ceangailte a l\u00e1n de na creidimh &#8211; lena n-\u00e1ir\u00edtear mystical. Is \u00e9 pr\u00edomh-mhealladh an chluiche go bhfuil toradh gach seisi\u00fan dothuartha. N\u00ed f\u00e9idir a thuar c\u00e9n \u00e1it a stopfaidh an liathr\u00f3id at\u00e1 ag rith ar an roth dubh agus dearg. RocketPlay ar l\u00edne roulette f\u00edor-airgead, ag gn\u00edomh\u00fa di ar ginead\u00f3ir uimhreacha randamacha, colorfully athchrutha\u00edtear atmaisf\u00e9ar na cluich\u00ed f\u00edor, at\u00e1 \u00e1 rial\u00fa ach amh\u00e1in ag A Shoilse Lady Luck. De r\u00e9ir dealraimh, t\u00e1 fr\u00e9amhacha na Fraince ag an siamsa\u00edocht cont\u00fairteach. Mar sin f\u00e9in, t\u00e1 an t\u00f3ir at\u00e1 ar an gcluiche chomh m\u00f3r sin go roghna\u00edonn c\u00f3naitheoir\u00ed t\u00edortha \u00e9ags\u00fala roulette sliot\u00e1n, a bhu\u00edochas sin gur aithriseoir\u00ed ard-chaighde\u00e1n siamsa\u00edochta t\u00f3ir iad. T\u00e1 l\u00edon m\u00f3r cine\u00e1lacha roulette ag an Casino ar l\u00edne <a href=\"https:\/\/rocketplay-new.com\/ga\/casino\/\">RocketPlay<\/a>, bain triail as iad go l\u00e9ir agus roghnaigh an ceann is fearr duit f\u00e9in.<\/p>\n<p><img loading=\"lazy\" decoding=\"async\" class=\"aligncenter wp-image-4807\" src=\"https:\/\/rocketplay-new.com\/wp-content\/uploads\/2024\/02\/453545.png\" alt=\"Roulette RocketPlay Casino\" width=\"800\" height=\"457\" srcset=\"https:\/\/rocketplay-new.com\/wp-content\/uploads\/2024\/02\/453545.png 1413w, https:\/\/rocketplay-new.com\/wp-content\/uploads\/2024\/02\/453545-300x171.png 300w, https:\/\/rocketplay-new.com\/wp-content\/uploads\/2024\/02\/453545-1024x585.png 1024w, https:\/\/rocketplay-new.com\/wp-content\/uploads\/2024\/02\/453545-768x439.png 768w\" sizes=\"auto, (max-width: 800px) 100vw, 800px\" \/><\/p>\n<h2>Conas tos\u00fa ag imirt ag an mbord roulette f\u00edor\u00fail?<\/h2>\n<p>Ba ch\u00f3ir go mbeadh a fhios ag an \u00fas\u00e1ideoir go bhfuil leaganacha taispe\u00e1na de na siamsa\u00edochta t\u00f3ir &#8211; ligeann s\u00e9 seo duit an meais\u00edn a ghn\u00edomhacht\u00fa saor in aisce. Is \u00e9 an bunt\u00e1iste a bhaineann le <a href=\"https:\/\/rocketplay-new.com\/ga\/slot-machines\/\">meais\u00edn\u00ed sliot\u00e1n<\/a> a re\u00e1cht\u00e1il saor in aisce n\u00e1 go gceada\u00edonn a rogha duit an dearcadh ceart a fhoghlaim maidir le siamsa\u00edocht riosc\u00fail, agus m\u00e1istreacht \u00e1 d\u00e9anamh agat ar halgartaim clasaiceacha an chluiche. D&#8217;fhonn a imirt go rath\u00fail RocketPlay ar l\u00edne roulette \u00c9ireann, ba ch\u00f3ir go mbeadh smaointeoireacht chritici\u00fail sober agus m\u00e9id \u00e1irithe de cothrom. T\u00e1 s\u00e9 t\u00e1bhachtach freisin rialacha meais\u00edn sliot\u00e1n ar leith a thuiscint, \u00f3s rud \u00e9 go bhfuil a nuances f\u00e9in ag na modhnuithe \u00e9ags\u00fala ar roulette. Ar\u00eds, mar at\u00e1 i gc\u00e1s poker f\u00edse\u00e1in, n\u00ed bhfaighidh t\u00fa Roulette Eorpach n\u00f3, mar shampla, t\u00e1bla roulette Meirice\u00e1nach le <a href=\"https:\/\/rocketplay-new.com\/ga\/live-casino\/\">d\u00e9ile\u00e1la\u00ed beo<\/a> arna dt\u00e1irgeadh ag Novomatic (meais\u00edn\u00ed sliot\u00e1n Gaminator), chomh maith le t\u00e1irgeadh insamhl\u00f3ir\u00ed le haghaidh cluich\u00ed boird agus nach bhfuil baint agus gr\u00e1 ag gach imreoir san Aontas S\u00f3iv\u00e9adach l\u00e9iritheoir na meais\u00edn\u00ed sliot\u00e1n Igrosoft.<\/p>\n<p><span style=\"font-weight: 400;\">\u00a0\u00a0<div class=\"go-btn-container\"><div class=\"tosh-btn\"><a href=\"\/go-casino\/\" target=\"_blank\" rel=\"noopener\">IMIR ANOIS<\/a><\/div><\/div><\/span><\/p>\n<h2>Cine\u00e1lacha roulette agus a ghn\u00e9ithe<\/h2>\n<p>T\u00e1 s\u00e9 ar eolas go bhfuil go leor \u00e9ags\u00falachta\u00ed ag an gcluiche seo: Meirice\u00e1nach, Fraincis, New Orleans, roulette na hEorpa, etc. Tugann \u00fas\u00e1ideoir\u00ed a bhfuil taith\u00ed acu comhairle ar roulette a imirt ar l\u00edne RocketPlay &#8211; t\u00e1 r\u00e1ta ard toraidh acu. T\u00e1 seans ag an \u00fas\u00e1ideoir m\u00e9aduithe a bhuachan mar gheall ar nuance suimi\u00fail &#8211; n\u00edl aon siombail d\u00fabailte n\u00e1id ar an roth, at\u00e1 tipici\u00fail don leagan Meirice\u00e1nach.<\/p>\n<p>Is fi\u00fa a thabhairt faoi deara nach bhfuil ach geallta caighde\u00e1nacha ag roinnt roulettes, agus t\u00e1 geallta b\u00e9il ag cuid eile freisin. T\u00e1 an dara rogha n\u00edos oiri\u00fana\u00ed d&#8217;\u00fas\u00e1ideoir\u00ed cumhachta at\u00e1 ag iarraidh an gameplay a \u00e9ags\u00fal\u00fa oiread agus is f\u00e9idir. Amharc ar leideanna roulette ar l\u00edne RocketPlay.<\/p>\n<p><img loading=\"lazy\" decoding=\"async\" class=\"aligncenter wp-image-4816\" src=\"https:\/\/rocketplay-new.com\/wp-content\/uploads\/2024\/02\/2223232.png\" alt=\"Roulette RocketPlay Casino 2\" width=\"800\" height=\"448\" srcset=\"https:\/\/rocketplay-new.com\/wp-content\/uploads\/2024\/02\/2223232.png 1183w, https:\/\/rocketplay-new.com\/wp-content\/uploads\/2024\/02\/2223232-300x168.png 300w, https:\/\/rocketplay-new.com\/wp-content\/uploads\/2024\/02\/2223232-1024x573.png 1024w, https:\/\/rocketplay-new.com\/wp-content\/uploads\/2024\/02\/2223232-768x430.png 768w\" sizes=\"auto, (max-width: 800px) 100vw, 800px\" \/><\/p>\n<h2>DEARADH Aithriseoir ROULETTE AR L\u00cdNE<\/h2>\n<p>An chuma ar mheais\u00edn\u00ed sliot\u00e1n i ngn\u00e9ithe f\u00edor an chluiche seo. Feicfidh an t-\u00fas\u00e1ideoir roth eolach air, roinnte i n-earn\u00e1lacha, liathr\u00f3id, r\u00e9imse le haghaidh geallt\u00f3ireachta agus sliseanna. Ba ch\u00f3ir go novice \u00das\u00e1ideoir fhoghlaim cinnte rialacha roulette ar l\u00edne RocketPlay. T\u00e1 cur s\u00edos mionsonraithe ar na roghanna agus na gn\u00e9ithe de gach geall, chomh maith le payouts m\u00e1 t\u00e1 t\u00fa bua. Ceada\u00edonn teicneola\u00edocht r\u00edomhaireachta nua-aimseartha gur f\u00e9idir an pr\u00f3iseas cearrbhachais ar na meais\u00edn\u00ed seo a chur in i\u00fal le leideanna d\u00e9ile\u00e1la\u00ed f\u00edor\u00fail. Gn\u00e9 de mheais\u00edn\u00ed roulette sliot\u00e1n n\u00e1 raon leathan geallta f\u00e9ideartha. T\u00e1 geallta ar chothrom \/ corr, dubh \/ dearg, sraitheanna agus col\u00fain, uimhir \u00e1irithe. Is \u00e9 an brab\u00fas is m\u00f3 a thugann geallta ar an l\u00edon n\u00f3 nialas, ach amh\u00e1in den s\u00f3rt sin \u00e1dh a thiteann amach go hannamh. Is \u00e9 x36 an bua uasta ar na meais\u00edn\u00ed sliot\u00e1n. T\u00e1 rogha ceart d&#8217;uimhir \u00e1irithe roimhe seo, rud a stop an liathr\u00f3id.<\/p>\n<p>Is minic a bh\u00edonn an cluiche roulette ar l\u00edne i l\u00e1thair i gceapacha scann\u00e1in mh\u00f3r\u00e9ilimh. T\u00e1 sol\u00e1thraithe nua-aimseartha tar \u00e9is an cluiche a \u00e9ags\u00fal\u00fa, ag cruth\u00fa meais\u00edn\u00ed uaireanta uath\u00fala le rialacha beag\u00e1n difri\u00fail. N\u00edl ann ach an rogha ceart a roghn\u00fa agus a chur ar bun le haghaidh rath!<\/p>\n<p><span style=\"font-weight: 400;\">\u00a0\u00a0<div class=\"go-btn-container\"><div class=\"tosh-btn\"><a href=\"\/go-casino\/\" target=\"_blank\" rel=\"noopener\">IMIR ANOIS<\/a><\/div><\/div><\/span><\/p>\n<h2>ROULETTE: Ceisteanna Coitianta<\/h2>\n<h3>C\u00c9N CINE\u00c1L R\u00d3L\u00c1N A THAIRISC\u00cdONN ROCKETPLAY?<\/h3>\n<p>Casino ar l\u00edne Cuireann RocketPlay na cine\u00e1lacha roulette seo a leanas ar f\u00e1il: roulette Meirice\u00e1nach, Eorpach, tumtha, Meirice\u00e1nach agus Eorpach le d\u00e9ile\u00e1laithe beo (\u00f3 Ezugi agus Evolution Gaming), chomh maith leis an roulette R\u00faisis mar a thugtar air &#8211; roulette le nialas amh\u00e1in agus R\u00faisis ina labhra\u00edtear. d\u00e9ile\u00e1la\u00ed cail\u00edn.<\/p>\n<h3>AN F\u00c9IDIR LIOM IMIR AG AN T\u00c1BLA ROULETTE SAOR IN AISCE?<\/h3>\n<p>Sea, t\u00e1 roulette saor in aisce ag roulette Tom Horn. \u00c9il\u00edonn Roulette (cos\u00fail le gach cluiche d\u00e9ile\u00e1la\u00ed beo) cl\u00e1r\u00fa agus cist\u00ed f\u00edor n\u00f3 b\u00f3nais i do chuntas.<\/p>\n<h3>CAD \u00c9 ROULETTE?<\/h3>\n<p>Roulette aistr\u00edonn \u00f3n bhFraincis mar &#8220;roth beag&#8221;. T\u00e1 36 dhigit agus 0 (nialas, n\u00f3 fi\u00fa nialas d\u00fabailte) ag an roth sn\u00edomh seo sa leagan Meirice\u00e1nach den chluiche). T\u00e1 an t\u00e1bla roulette roinnte sna hailt seo: uimhri\u00fail 1-12, 2-12, 3-12, 1-18, 19-36, bloic ar fad fi\u00fa, gach corr, uile dubh, dearg ar fad.<\/p>\n<h3>CONAS Geallta A DH\u00c9ANAMH AG AN T\u00c1BLA ROULETTE?<\/h3>\n<p>D\u00e9anfaimid liosta de na geallta de r\u00e9ir a gcine\u00e1l. Geallta inmhe\u00e1nacha (ar mharc\u00e1il inmhe\u00e1nach, digiteach an t\u00e1bla roulette): le haghaidh 1 uimhir &#8211; iolraitheoir 35, ar feadh 2 uimhir &#8211; 17, ar feadh 3 uimhir &#8211; 11, ar feadh 4 uimhir &#8211; 8, ar feadh 5 uimhir &#8211; 5, sa leagan Meirice\u00e1nach t\u00e1 geallta freisin ar feadh dh\u00e1 nialais (0, 00) &#8211; iolraitheoir 17 agus geall le haghaidh 5 uimhreacha (0, 00, 1, 2, 3) le iolraitheoir 6. Geallta lasmuigh (de r\u00e9ir an chiorcail de mharc\u00e1il dhigiteach an roulette t\u00e1bla): dearg n\u00f3 dubh &#8211; iolraitheoir 1, fi\u00fa n\u00f3 corr &#8211; 1, geall ar an gcol\u00fan (chomh maith le dosaen, 12 uimhreacha) &#8211; 2 .<\/p>\n<p><img loading=\"lazy\" decoding=\"async\" class=\"aligncenter wp-image-4826\" src=\"https:\/\/rocketplay-new.com\/wp-content\/uploads\/2024\/02\/23132131.png\" alt=\"Roulette RocketPlay Casino 3\" width=\"800\" height=\"419\" srcset=\"https:\/\/rocketplay-new.com\/wp-content\/uploads\/2024\/02\/23132131.png 1175w, https:\/\/rocketplay-new.com\/wp-content\/uploads\/2024\/02\/23132131-300x157.png 300w, https:\/\/rocketplay-new.com\/wp-content\/uploads\/2024\/02\/23132131-1024x537.png 1024w, https:\/\/rocketplay-new.com\/wp-content\/uploads\/2024\/02\/23132131-768x403.png 768w\" sizes=\"auto, (max-width: 800px) 100vw, 800px\" \/><\/p>\n<h3>C\u00c9 IAD N\u00cdOS FEARR ROULETTE &#8211; MEIRICE\u00c1 N\u00d3 EORPACH?<\/h3>\n<p>Braitheann an rogha roulette ar do chuid sainroghanna agus do thaith\u00ed amh\u00e1in. Mar sin f\u00e9in, deir an matamaitic go dtugann roulette Mheirice\u00e1, a bhu\u00edochas le nialas d\u00fabailte, bunt\u00e1iste don Casino thar roulette na hEorpa &#8211; 5.6% den d\u00f3ch\u00falacht tosaigh go bhuaigh an ceasa\u00edneo ag t\u00e1bla le dh\u00e1 nialais i gcoinne 2.7% do roulette na hEorpa.<\/p>\n<h3>AN F\u00c9IDIR LIOM AN STRAIT\u00c9IS MARTINGALE (AGUS EILE) A \u00daS\u00c1ID NUAIR A BH\u00cdONN R\u00d3L\u00c1N AG SIOMAIR AG ROCKETPLAY?<\/h3>\n<p>N\u00e1 a fooled. N\u00edl aon strait\u00e9is sa chluiche ag an mbord roulette &#8211; n\u00edl sa chluiche ar fad ach sraith de tharraingt\u00ed maithe agus nach bhfuil chomh maith. N\u00ed thugann c\u00f3rais matamaitice, at\u00e1 bunaithe ar na geallta a mh\u00e9ad\u00fa i gc\u00f3na\u00ed, aon bhunt\u00e1iste duit thar an Casino, agus t\u00e1 strait\u00e9is roulette RocketPlay le r\u00edomh an ch\u00e9ad uimhir eile \u00e1if\u00e9iseach ina gcuid bun\u00fasach. Is \u00e9 an t-aon rud at\u00e1 uait ag an mbord roulette n\u00e1 an t-\u00e1dh!<\/p>\n","protected":false},"excerpt":{"rendered":"<p>\u00d3s rud \u00e9 go roulette ar l\u00edne RocketPlay &#8211; cluiche corraitheach agus suimi\u00fail, t\u00e1 a fhios ag gach duine. Sin \u00e9 an f\u00e1th go bhfuil go leor \u00fas\u00e1ideoir\u00ed fonn chun iarracht a dh\u00e9anamh, a roghn\u00fa meais\u00edn\u00ed sliot\u00e1n den chine\u00e1l c\u00e9anna. N\u00ed gan ch\u00fais san am \u00e1rsa, tugadh roulette ar a dtugtar banr\u00edon an chearrbhachais. Leis&#8230;<\/p>\n","protected":false},"author":1,"featured_media":0,"parent":0,"menu_order":0,"comment_status":"closed","ping_status":"closed","template":"","meta":{"_acf_changed":false,"_kad_post_transparent":"default","_kad_post_title":"default","_kad_post_layout":"default","_kad_post_sidebar_id":"","_kad_post_content_style":"default","_kad_post_vertical_padding":"default","_kad_post_feature":"","_kad_post_feature_position":"","_kad_post_header":false,"_kad_post_footer":false,"footnotes":""},"class_list":["post-2158","page","type-page","status-publish","hentry"],"acf":[],"rttpg_featured_image_url":null,"rttpg_author":{"display_name":"John","author_link":"https:\/\/rocketplay-new.com\/ga\/author\/pemvas95n89x\/"},"rttpg_comment":0,"rttpg_category":null,"rttpg_excerpt":"\u00d3s rud \u00e9 go roulette ar l\u00edne RocketPlay &#8211; cluiche corraitheach agus suimi\u00fail, t\u00e1 a fhios ag gach duine. Sin \u00e9 an f\u00e1th go bhfuil go leor \u00fas\u00e1ideoir\u00ed fonn chun iarracht a dh\u00e9anamh, a roghn\u00fa meais\u00edn\u00ed sliot\u00e1n den chine\u00e1l c\u00e9anna. N\u00ed gan ch\u00fais san am \u00e1rsa, tugadh roulette ar a dtugtar banr\u00edon an chearrbhachais. Leis...","_links":{"self":[{"href":"https:\/\/rocketplay-new.com\/ga\/wp-json\/wp\/v2\/pages\/2158","targetHints":{"allow":["GET"]}}],"collection":[{"href":"https:\/\/rocketplay-new.com\/ga\/wp-json\/wp\/v2\/pages"}],"about":[{"href":"https:\/\/rocketplay-new.com\/ga\/wp-json\/wp\/v2\/types\/page"}],"author":[{"embeddable":true,"href":"https:\/\/rocketplay-new.com\/ga\/wp-json\/wp\/v2\/users\/1"}],"replies":[{"embeddable":true,"href":"https:\/\/rocketplay-new.com\/ga\/wp-json\/wp\/v2\/comments?post=2158"}],"version-history":[{"count":6,"href":"https:\/\/rocketplay-new.com\/ga\/wp-json\/wp\/v2\/pages\/2158\/revisions"}],"predecessor-version":[{"id":6030,"href":"https:\/\/rocketplay-new.com\/ga\/wp-json\/wp\/v2\/pages\/2158\/revisions\/6030"}],"wp:attachment":[{"href":"https:\/\/rocketplay-new.com\/ga\/wp-json\/wp\/v2\/media?parent=2158"}],"curies":[{"name":"wp","href":"https:\/\/api.w.org\/{rel}","templated":true}]}}