{"id":2131,"date":"2022-06-13T17:39:32","date_gmt":"2022-06-13T14:39:32","guid":{"rendered":"https:\/\/rocketplay-new.com\/blackjack\/"},"modified":"2025-11-26T20:20:27","modified_gmt":"2025-11-26T17:20:27","slug":"blackjack","status":"publish","type":"page","link":"https:\/\/rocketplay-new.com\/ga\/blackjack\/","title":{"rendered":"Seinn Blackjack ar airgead f\u00edor ag RocketPlay Casino"},"content":{"rendered":"<p>Tugann Blackjack an bunt\u00e1iste geallt\u00f3ireachta is fearr de theach cearrbhachais i measc na gcluich\u00ed boird ar fad i gceasa\u00edneo. T\u00e1 m\u00f3r\u00e1n \u00e9ags\u00falachta\u00ed coitianta ag Fiche a hAon. Tugann an chuid is m\u00f3 de na leaganacha seo aischuir ionchais beag\u00e1n n\u00edos airde n\u00f3 n\u00edos \u00edsle, ach sol\u00e1thra\u00edonn siad freisin cuid de na roghanna is airde a gheobhaidh t\u00fa i dteach cearrbhachais. Sin \u00e9 an f\u00e1th go bhfaighidh imreoir\u00ed a thugann cuairt ar cheasa\u00edneonna an oiread sin t\u00e1bla\u00ed \u00e9ags\u00fala, go minic le rialacha go hioml\u00e1n difri\u00fail.<\/p>\n<p>M\u00e1 t\u00e1 t\u00fa chun blackjack a imirt ar airgead f\u00edor, is fi\u00fa na h\u00e9ags\u00falachta\u00ed \u00e9ags\u00fala ar na rialacha a fhoghlaim. S\u00e1bh\u00e1lfaidh t\u00fa go leor airgid m\u00e1 aims\u00edtear an t\u00e1bla blackjack is fearr sa Casino faoi dheireadh an tseisi\u00fain chearrbhachais. Athra\u00edonn gach riail a chuirtear leis an gcluiche clasaiceach blackjack n\u00ed hamh\u00e1in bunt\u00e1iste an cheasa\u00edneo, ach freisin strait\u00e9is an imreora chun a chuid airgid imeartha a bharrfheabhs\u00fa &#8211; an bankroll.<\/p>\n<p><img loading=\"lazy\" decoding=\"async\" class=\"aligncenter wp-image-4962\" src=\"https:\/\/rocketplay-new.com\/wp-content\/uploads\/2024\/02\/10.png\" alt=\"Blackjack RocketPlay Casino\" width=\"800\" height=\"466\" srcset=\"https:\/\/rocketplay-new.com\/wp-content\/uploads\/2024\/02\/10.png 1416w, https:\/\/rocketplay-new.com\/wp-content\/uploads\/2024\/02\/10-300x175.png 300w, https:\/\/rocketplay-new.com\/wp-content\/uploads\/2024\/02\/10-1024x597.png 1024w, https:\/\/rocketplay-new.com\/wp-content\/uploads\/2024\/02\/10-768x447.png 768w\" sizes=\"auto, (max-width: 800px) 100vw, 800px\" \/><\/p>\n<h2>Blackjack games AR AIRGEAD R\u00c9IL<\/h2>\n<p>Nuair a bh\u00edonn blackjack \u00e1 imirt ar airgead f\u00edor, n\u00ed m\u00f3r duit fios a bheith agat cluich\u00ed strait\u00e9is bhun\u00fasach blackjack RocketPlay. N\u00edl gn\u00e9 strait\u00e9iseach ag baint le cluich\u00ed mar keno, roulette agus sliot\u00e1in. T\u00e1 imreoir ar bith chomh maith leis an gc\u00e9ad imreoir eile, cib\u00e9 an bhfuil t\u00fa ag imirt le 30 n\u00f3im\u00e9ad n\u00f3 30 bliain. I blackjack, d\u00e9anann imreoir\u00ed f\u00edorchinnt\u00ed strait\u00e9iseacha a th\u00e9ann i bhfeidhm ar an odds a bhaineann le bua agus cailli\u00faint. Sin an f\u00e1th go dtugann RocketPlay Casino an cluiche le bunt\u00e1iste teach cearrbhachais chomh h\u00edseal. T\u00e1 a fhios ag an lucht bainist\u00edochta nach mbeidh formh\u00f3r na n-imreoir\u00ed blackjack in ann imirt go barrmhaith. Nuair nach nd\u00e9anann duine na bearta cearta, arda\u00edonn bunt\u00e1iste an t\u00ed cearrbhachais go leibh\u00e9al na gcluich\u00ed boird neamhstrait\u00e9iseacha eile.<\/p>\n<p>Chun feabhas a chur ar, n\u00ed m\u00f3r imreoir\u00ed a fhoghlaim strait\u00e9is bhun\u00fasach. T\u00e1 leabhair ann a mh\u00edn\u00edonn bunstrait\u00e9is\u00ed, mar shampla &#8220;Beat the Dealer&#8221; le Edward Thorpe. T\u00e1 cairteacha agus t\u00e1bla\u00ed ann freisin ar f\u00e9idir leat a chur de ghlanmheabhair. Nuair a dh\u00e9anann t\u00fa iarracht cairt strait\u00e9ise bun\u00fasach a chur de ghlanmheabhair, foghlaimeoidh t\u00fa na c\u00e9imeanna is fearr do gach c\u00e1s f\u00e9ideartha. Is minic a bh\u00edonn dathch\u00f3d ar na cairteacha seo do gach dr\u00e1ma is f\u00e9idir. \u00das\u00e1ideann siad t\u00faslitreacha freisin mar \u00e1is (agus mar gheall ar theorainneacha m\u00e9ide). Inseoidh siad duit cathain a iarrfaidh siad c\u00e1rta (H), caith c\u00e1rta (S), scoilt p\u00e9ire (SP), agus d\u00e9an faoi dh\u00f3 (D).<\/p>\n<p><span style=\"font-weight: 400;\">\u00a0<div class=\"go-btn-container\"><div class=\"tosh-btn\"><a href=\"\/go-casino\/\" target=\"_blank\" rel=\"noopener\">IMIR ANOIS<\/a><\/div><\/div><\/span><\/p>\n<h2>21: ROGHANNA CLUICH\u00cd<\/h2>\n<p>T\u00e1 m\u00f3r\u00e1n \u00e9ags\u00falachta\u00ed ag blackjack <a href=\"https:\/\/rocketplay-new.com\/ga\">RocketPlay ar l\u00edne<\/a>. I gc\u00e1s gach athr\u00fa cluiche, beidh ort an chairt strait\u00e9ise bun\u00fasa\u00ed cu\u00ed a aimsi\u00fa. T\u00e1 cairteacha blackjack clasaiceach ann don chluiche traidisi\u00fanta. T\u00e1 cairteacha do Pontoon Blackjack agus cairteacha do Sp\u00e1innis 21, agus mar sin de do gach cine\u00e1l agus rialacha eile. T\u00e1 go leor leaganacha ag fiche a haon, mar sin m\u00e1 shocra\u00edonn t\u00fa gach cluiche a imirt, beidh ort cairteacha ar leith a bheith agat le haghaidh p\u00e9ir\u00ed foirfe, lasc, blackjack for\u00e1sach, deireadh a chur le blackjack, lucht lean\u00fana super 21, oscailt\u00ed d\u00fabailte, agus na cine\u00e1lacha eile go l\u00e9ir is mian leat. a mh\u00e1istir. Is f\u00e9idir leat na t\u00e1bla\u00ed bunstrait\u00e9is\u00ed seo a fh\u00e1il ar l\u00edne agus iad a phriont\u00e1il saor in aisce, mar sin n\u00e1 b\u00ed ag smaoineamh go gcaithfidh t\u00fa leabhar a cheannach chun na treoracha \u00fas\u00e1ideacha seo go l\u00e9ir a fhoghlaim.<\/p>\n<p>Nuair a imr\u00edonn t\u00fa blackjack ar l\u00edne saor in aisce RocketPlay, ba ch\u00f3ir duit a fhios ag na strait\u00e9is\u00ed de chro\u00ed. Ba ch\u00f3ir iad a dh\u00f3 isteach i do chuimhne, ach mura mbraitheann t\u00fa muin\u00edneach f\u00f3s, smaoinigh ar chairt bhun\u00fasach strait\u00e9ise a thabhairt leat chuig an mbord. T\u00e1 s\u00e9 dlisteanach brath ar chairteacha den s\u00f3rt sin, mar at\u00e1 comhairle a iarraidh ar an d\u00edolt\u00f3ir. Is \u00e9 an t-aon rud nach bhfuil ceadaithe n\u00e1 sosanna a chruth\u00fa agus moill a chur ar an gcluiche le do chuid ceisteanna oirbhearta\u00edochta. Cuireann s\u00e9 seo isteach ar fheidhmi\u00fa an t\u00ed chearrbhachais agus cuireann s\u00e9 isteach ar thaitneamhacht imreoir\u00ed eile as an gcluiche, agus mar sin cuirtear isteach ar iompar d\u00e1 leith\u00e9id.<\/p>\n<p>Coinnigh i gcuimhne nach dtabharfaidh strait\u00e9is bhun\u00fasach bunt\u00e1iste duit thar an gceasa\u00edneo. Ach f\u00e9adann s\u00e9 bunt\u00e1iste an cheasa\u00edneonna a \u00edoslaghd\u00fa thar do cheann. T\u00e1 strait\u00e9is bhun\u00fasach i blackjack f\u00edor-airgead comhionann le siopad\u00f3ireacht lascaine: s\u00edneann s\u00e9 do dollar Casino chomh fada agus is f\u00e9idir. Agus t\u00fa ag imirt ar airgead, bain leas as gach bunt\u00e1iste dl\u00edthi\u00fail is f\u00e9idir leat. Ag brath ar an strait\u00e9is cheart, bain leas as aon tairiscint\u00ed ceasa\u00edneo, agus bainistigh do chaipiteal go ciallmhar chun an dam\u00e1iste a theorann\u00fa m\u00e1 chailleann t\u00fa. Bun\u00fas comhaireamh c\u00e1rta\u00ed<\/p>\n<p>Caithfidh imreoir\u00ed at\u00e1 ag iarraidh bunt\u00e1iste a bhaint as RocketPlay Casino foghlaim conas c\u00e1rta\u00ed a chomhaireamh. Seans gur sh\u00edl siad si\u00fad a l\u00e9igh leabhair, a d\u2019fh\u00e9ach ar fh\u00edse\u00e1in agus ar scann\u00e1in Hollywood gur c\u00f3ras mist\u00e9ireach casta matamaitice \u00e9 comhaireamh c\u00e1rta\u00ed. Go deimhin, t\u00e1 an mata bun\u00fasach, agus is f\u00e9idir le haon liteartha 4\u00fa gr\u00e1d\u00f3ir \u00e9 a dh\u00e9anamh. Is \u00e9 an cleas le comhaireamh c\u00e1rta\u00ed n\u00e1 \u00e9 a dh\u00e9anamh go discr\u00e9ideach d&#8217;fhoireann an cheasa\u00edneo.<\/p>\n<p>T\u00e1 s\u00e9 seo deacair, mar m\u00e1 shu\u00edonn t\u00fa agus d\u00edri\u00fa, ag comhaireamh c\u00e9 na c\u00e1rta\u00ed a thagann as l\u00e1mh an d\u00e9ile\u00e1la\u00ed, is d\u00f3cha go dtabharfar faoi deara \u00e9. N\u00ed m\u00f3r don d\u00e9ile\u00e1la\u00ed comhaireamh c\u00e1rta\u00ed a chuid geallta a athr\u00fa go m\u00f3r chun leas a bhaint as chuimhneach\u00e1in nuair a bh\u00edonn socr\u00fa na gc\u00e1rta\u00ed ina fhabhar. M\u00e1 t\u00e1 t\u00fa ag smaoineamh go ci\u00fain faoi rud \u00e9igin agus m\u00e1 athra\u00edonn t\u00fa do gheallta \u00f3 $5 go $100 ag amanna \u00e9ags\u00fala, tabharfar faoi deara th\u00fa l\u00e1ithreach. C\u00e9 nach bhfuil s\u00e9 m\u00eddhleathach c\u00e1rta\u00ed a chomhaireamh, m\u00e1 thugtar faoi deara th\u00fa, b\u2019fh\u00e9idir go n-iarrfar ort imeacht n\u00f3 go dtos\u00f3idh foireann an cheasa\u00edneo ag cur as do aird agus t\u00fa ag imirt. Mar sin caithfidh t\u00fa a bheith ar an gcine\u00e1l cainteach at\u00e1 ag dul as oifig nach mb\u00edonn leisce ort do chuid geallta a athr\u00fa \u00f3 am go ch\u00e9ile mar is imreoir m\u00f3r leamh th\u00fa gan dabht. Anois tuigeann t\u00fa c\u00e9n f\u00e1th a meastar gur d\u00edol crua \u00e9 seo.<\/p>\n<h2>Blackjack ar l\u00edne ar airgead f\u00edor<\/h2>\n<p>Ceann de na pr\u00edomhdhifr\u00edochta\u00ed idir blackjack traidisi\u00fanta RocketPlay ar l\u00edne na hAstr\u00e1ile agus ceann is fiche ar l\u00edne n\u00e1 ginead\u00f3ir uimhreacha randamacha a \u00e1ireamh chun tortha\u00ed a th\u00e1irgeadh. Baineadh \u00fas\u00e1id as an RNG i meais\u00edn\u00ed sliot\u00e1n traidisi\u00fanta agus le haghaidh tortha\u00ed poker f\u00edse\u00e1in le 30 bliain, mar sin is bealach s\u00e1bh\u00e1ilte agus cruthaithe \u00e9 chun tortha\u00ed a chinneadh. Ach ag baint \u00fas\u00e1ide as sliseanna r\u00edomhaire i dt\u00e1irgeadh an chluiche tugann an t-oibreoir an chluiche ar l\u00edne bunt\u00e1ist\u00ed \u00e1irithe, is \u00e9 sin an cumas a Suaitheadh \u200b\u200b\u200b\u200bna decks tar \u00e9is gach l\u00e1imhe. Mar gheall air seo, t\u00e1 comhaireamh c\u00e1rta\u00ed i blackjack ar l\u00edne go hioml\u00e1n gan \u00fas\u00e1id. Glac leis nach f\u00e9idir leat c\u00e1rta\u00ed a chomhaireamh ar l\u00edne cho\u00edche, agus d\u00e9an iarracht beala\u00ed eile a aimsi\u00fa chun bunt\u00e1iste a bhaint as.<\/p>\n<p>Ceann de na bunt\u00e1ist\u00ed a bhaineann le f\u00edor-airgead blackjack ar l\u00edne RocketPlay 21 n\u00e1 an cl\u00e1r luach saothair imreoir. Tugtar &#8220;b\u00f3nais VIP&#8221; ar an gcuid is m\u00f3 d\u00edobh, ach is minic a bhaineann siad le cluich\u00ed blackjack. Is d\u00f3cha go bhfuil a fhios agat, i dtithe cearrbhachais traidisi\u00fanta, nach bhfuil cl\u00e1r dreasachta maith ag an mbord fiche haon mar at\u00e1 le haghaidh meais\u00edn\u00ed sliot\u00e1n. Sa tionscal ceasa\u00edneo ar l\u00edne, t\u00e1 ruda\u00ed beag\u00e1n n\u00edos cothroime. C\u00e9 go dt\u00e9ann an chuid is m\u00f3 <a href=\"https:\/\/rocketplay-new.com\/ga\/bonus\/\">b\u00f3nais<\/a> f\u00e1ilte rompu si\u00fad a imr\u00edonn sliot\u00e1in seachas blackjack agus poker f\u00edse\u00e1in, cuireann an chuid is m\u00f3 de na su\u00edomhanna imreoir\u00ed ag 21 pointe b\u00f3nais fabhraithe le cl\u00e1r\u00fa. Mar sin f\u00e9in, i gcl\u00e1ir luach saothair lean\u00fanacha, braitheann b\u00f3nais go minic ar an m\u00e9id a imr\u00edonn t\u00fa agus n\u00ed bh\u00edonn siad ag brath ar an gcine\u00e1l cluiche. N\u00ed h\u00e9 seo an c\u00e1s i gc\u00f3na\u00ed, mar sin moltar duit taighde a dh\u00e9anamh i gceart ar na b\u00f3nais VIP ar an l\u00e1ithre\u00e1n gr\u00e9as\u00e1in sula n-imr\u00edtear blackjack RocketPlay i bhfad r\u00f3.<\/p>\n<p><img loading=\"lazy\" decoding=\"async\" class=\"aligncenter wp-image-4972\" src=\"https:\/\/rocketplay-new.com\/wp-content\/uploads\/2024\/02\/1000.png\" alt=\"Blackjack RocketPlay Casino 2\" width=\"800\" height=\"451\" srcset=\"https:\/\/rocketplay-new.com\/wp-content\/uploads\/2024\/02\/1000.png 1192w, https:\/\/rocketplay-new.com\/wp-content\/uploads\/2024\/02\/1000-300x169.png 300w, https:\/\/rocketplay-new.com\/wp-content\/uploads\/2024\/02\/1000-1024x577.png 1024w, https:\/\/rocketplay-new.com\/wp-content\/uploads\/2024\/02\/1000-768x433.png 768w\" sizes=\"auto, (max-width: 800px) 100vw, 800px\" \/><\/p>\n<h2>Blackjack ar l\u00edne le d\u00e9ile\u00e1la\u00ed beo<\/h2>\n<p>Sa l\u00e1 at\u00e1 inniu ann, t\u00e1 blackjack f\u00f3s ina chaitheamh aimsire m\u00f3r do na milli\u00fain daoine ar fud an domhain. Tar \u00e9is na teicneola\u00edochta is d\u00e9ana\u00ed, t\u00e1 n\u00edos m\u00f3 agus n\u00edos m\u00f3 ard\u00e1in chearrbhachais ar l\u00edne ag tairiscint leibh\u00e9al nua taith\u00ed idirghn\u00edomhach d\u00e1 gcuairteoir\u00ed in \u00e9ineacht go foirfe le hatmaisf\u00e9ar bar\u00e1nt\u00fala ceasa\u00edneo traidisi\u00fanta.<\/p>\n<p>Cuireann d\u00e9ile\u00e1laithe beo gairmi\u00fala f\u00e1ilte roimh imreoir\u00ed at\u00e1 oilte chun a n-a\u00edonna a \u00e1iti\u00fa 24\/7, agus beidh imreoir\u00ed bu\u00edoch as an sruth\u00fa beo thar a bheith mionsonraithe. A bhu\u00ed le ceamara\u00ed \u00farscothacha, t\u00e1 an t\u00e1bla (a bh\u00edonn feistithe le suaitheadh c\u00e1rta l\u00e1imhe de ghn\u00e1th) agus na d\u00e9ile\u00e1laithe l\u00e1nl\u00e9argais, mar sin n\u00ed \u00e9ala\u00edonn aon ghluaiseacht amh\u00e1in an lionsa.<\/p>\n<h2>CL\u00c1IR B\u00d3NAS VIP AGUS C\u00c1RTA CREIDMHEASA<\/h2>\n<p>I blackjack ar l\u00edne, is f\u00e9idir le ruda\u00ed cos\u00fail le comps (point\u00ed tosaigh do chuairteoir\u00ed), airgead ar ais agus b\u00f3nais cuidi\u00fa le bunt\u00e1iste an t\u00ed cearrbhachais a laghd\u00fa. Cuimhnigh freisin gur f\u00e9idir leat do chuntas cearrbhachais a mhaoini\u00fa le c\u00e1rta\u00ed creidmheasa, mar sin agus t\u00fa ag imirt ar l\u00edne n\u00e1 d\u00e9an dearmad na b\u00f3nais ar do VISA agus MasterCard a uasmh\u00e9ad\u00fa.<\/p>\n<p><span style=\"font-weight: 400;\">\u00a0<div class=\"go-btn-container\"><div class=\"tosh-btn\"><a href=\"\/go-casino\/\" target=\"_blank\" rel=\"noopener\">IMIR ANOIS<\/a><\/div><\/div><\/span><\/p>\n<h2>Leideanna le haghaidh blackjack ar l\u00edne ar airgead f\u00edor<\/h2>\n<p>Is \u00e9 an smaoineamh at\u00e1 taobh thiar de chearrbhachas fiche haon n\u00e1 cluiche ceasa\u00edneo a aimsi\u00fa le bunt\u00e1iste baile \u00edosta. Tabharfaidh t\u00fa an smaoineamh seo chun cr\u00edche loighci\u00fail nuair a roghna\u00edonn t\u00fa blackjack mar do chluiche. Faigh an leagan is fearr den aon chluiche is fiche ag aon cheasa\u00edneo ina imr\u00edonn t\u00fa. N\u00ed bh\u00edonn s\u00e9 seo \u00e9asca uaireanta toisc nach mb\u00edonn rialacha an chluiche soil\u00e9ir ar dt\u00fas i gc\u00f3na\u00ed agus ba cheart iad a thuiscint agus t\u00fa ag dul chuig an mbord cearrbhachais. Nuair a chlice\u00e1lann t\u00fa ar an gcluiche, athbhreithnigh na h\u00edoca\u00edochta\u00ed \u00e9ags\u00fala agus na rialacha blackjack RocketPlay breise sula nd\u00e9anann t\u00fa fi\u00fa an geall is l\u00fa.<\/p>\n<p>\u00d3s rud \u00e9 go n-imr\u00edonn t\u00fa ar l\u00edne, is f\u00e9idir leat na t\u00e9arma\u00ed seo a chur i gcompar\u00e1id leis an gcairt agus f\u00e9ach c\u00e9 chomh m\u00f3r agus a th\u00e9ann gach riail i bhfeidhm ar bhunt\u00e1iste an t\u00ed cearrbhachais. Go deimhin, cuireann roinnt su\u00edomhanna acmhainn ar f\u00e1il inar f\u00e9idir leat rialacha ioml\u00e1na an chluiche blackjack RocketPlay a <a href=\"https:\/\/rocketplay-new.com\/ga\/download\/\">\u00edosl\u00f3d\u00e1il<\/a> agus bunt\u00e1iste an t\u00ed a fheice\u00e1il. Seans go dt\u00f3gfaidh s\u00e9 roinnt ama chun tos\u00fa ag imirt ag ceasa\u00edneo nua, ach is iarracht \u00e9 nach bhfuil le d\u00e9anamh agat ach uair amh\u00e1in. Nuair a bheidh an cluiche ceasa\u00edneo ar l\u00edne is fearr sainaitheanta agat, d\u00e9an n\u00f3ta ar do r\u00edomhaire ag baint \u00fas\u00e1ide as comhad Notepad simpl\u00ed. Nuair at\u00e1 s\u00e9 in am imirt ar\u00eds, n\u00edl le d\u00e9anamh agat ach tagairt siar do na hiontr\u00e1lacha sin. Coinnigh liosta de na cluich\u00ed blackjack is fearr do gach pobal cearrbhachais ar l\u00edne a mbaineann t\u00fa leo. D&#8217;fh\u00e9adfadh s\u00e9 a bheith leadr\u00e1nach gan ach leagan amh\u00e1in den chluiche a imirt, ach m\u00e1s mian leat gach cine\u00e1l a imirt, t\u00e1 suim agat i rud \u00e9igin eile, n\u00ed an seans is fearr a bhuaigh. T\u00e1 do thuairim ar an leagan blackjack chomh bail\u00ed agus at\u00e1 mo thuairimse, mar sin ligfidh m\u00e9 duit an cinneadh sin a dh\u00e9anamh duit f\u00e9in.<\/p>\n<p><img loading=\"lazy\" decoding=\"async\" class=\"aligncenter wp-image-4981\" src=\"https:\/\/rocketplay-new.com\/wp-content\/uploads\/2024\/02\/1000000000000.png\" alt=\"Blackjack RocketPlay Casino 3\" width=\"800\" height=\"576\" srcset=\"https:\/\/rocketplay-new.com\/wp-content\/uploads\/2024\/02\/1000000000000.png 1171w, https:\/\/rocketplay-new.com\/wp-content\/uploads\/2024\/02\/1000000000000-300x216.png 300w, https:\/\/rocketplay-new.com\/wp-content\/uploads\/2024\/02\/1000000000000-1024x737.png 1024w, https:\/\/rocketplay-new.com\/wp-content\/uploads\/2024\/02\/1000000000000-768x553.png 768w\" sizes=\"auto, (max-width: 800px) 100vw, 800px\" \/><\/p>\n<h2>Blackjack: CC<\/h2>\n<h3>AN DL\u00cd DUBH DUBH AR L\u00cdNE?<\/h3>\n<p>Sea, t\u00e1 blackjack ar l\u00edne go hioml\u00e1n dl\u00edthi\u00fail agus t\u00e1 s\u00e9 \u00e1 re\u00e1cht\u00e1il ag ginead\u00f3ir uimhreacha randamacha (RNG). Cinnt\u00edonn an RNG go bhfuil gach l\u00e1mh go hioml\u00e1n randamach.<\/p>\n<p>Ba cheart duit a bheith cinnte freisin go bhfuil cead\u00fanas ag oibr\u00edochta\u00ed ceasa\u00edneo ar l\u00edne, go gcaithfidh siad clo\u00ed le rialacha cothrom na f\u00e9inne i ndl\u00ednse ar leith.<\/p>\n<h3>CONAS IS F\u00c9IDIR LIOM B\u00d3NAS DUBH A FH\u00c1IL AR L\u00cdNE?<\/h3>\n<p>Tairgeann an chuid is m\u00f3 de cheasa\u00edneonna ar l\u00edne b\u00f3nais blackjack cos\u00fail le b\u00f3nais &#8220;cluich\u00ed boird&#8221;. Is b\u00f3nas \u00e9 do mh\u00e9id taisce, agus n\u00ed m\u00f3r duit na ceanglais maidir le conas geall a dh\u00e9anamh a lean\u00faint ionas go mbeidh t\u00fa in ann do bh\u00f3nas a airgead tirim.<\/p>\n<p>Chomh maith leis sin, de ghn\u00e1th faigheann t\u00fa point\u00ed comps as blackjack a imirt, rud a ligfidh duit luach saothair breise a thuilleamh.<\/p>\n<h3>CONAS DUBH DUBH A IMIR AR L\u00cdNE LE HAGHAIDH spraoi?<\/h3>\n<p>Ceada\u00edonn gach ceasa\u00edneo ar l\u00edne duit blackjack ar l\u00edne a imirt le haghaidh spraoi, gan \u00e9arlais a dh\u00e9anamh. I gc\u00e1sanna \u00e1irithe, n\u00ed g\u00e1 duit cl\u00e1r\u00fa fi\u00fa. Ina \u00e1it sin, is f\u00e9idir leat clice\u00e1il ar an gcluiche blackjack a bhfuil sp\u00e9is agat ann agus oscl\u00f3idh s\u00e9 i bhfuinneog an\u00edos.<\/p>\n","protected":false},"excerpt":{"rendered":"<p>Tugann Blackjack an bunt\u00e1iste geallt\u00f3ireachta is fearr de theach cearrbhachais i measc na gcluich\u00ed boird ar fad i gceasa\u00edneo. T\u00e1 m\u00f3r\u00e1n \u00e9ags\u00falachta\u00ed coitianta ag Fiche a hAon. Tugann an chuid is m\u00f3 de na leaganacha seo aischuir ionchais beag\u00e1n n\u00edos airde n\u00f3 n\u00edos \u00edsle, ach sol\u00e1thra\u00edonn siad freisin cuid de na roghanna is airde a&#8230;<\/p>\n","protected":false},"author":1,"featured_media":0,"parent":0,"menu_order":0,"comment_status":"closed","ping_status":"closed","template":"","meta":{"_acf_changed":false,"_kad_post_transparent":"default","_kad_post_title":"default","_kad_post_layout":"default","_kad_post_sidebar_id":"","_kad_post_content_style":"default","_kad_post_vertical_padding":"default","_kad_post_feature":"","_kad_post_feature_position":"","_kad_post_header":false,"_kad_post_footer":false,"footnotes":""},"class_list":["post-2131","page","type-page","status-publish","hentry"],"acf":[],"rttpg_featured_image_url":null,"rttpg_author":{"display_name":"John","author_link":"https:\/\/rocketplay-new.com\/ga\/author\/pemvas95n89x\/"},"rttpg_comment":0,"rttpg_category":null,"rttpg_excerpt":"Tugann Blackjack an bunt\u00e1iste geallt\u00f3ireachta is fearr de theach cearrbhachais i measc na gcluich\u00ed boird ar fad i gceasa\u00edneo. T\u00e1 m\u00f3r\u00e1n \u00e9ags\u00falachta\u00ed coitianta ag Fiche a hAon. Tugann an chuid is m\u00f3 de na leaganacha seo aischuir ionchais beag\u00e1n n\u00edos airde n\u00f3 n\u00edos \u00edsle, ach sol\u00e1thra\u00edonn siad freisin cuid de na roghanna is airde a...","_links":{"self":[{"href":"https:\/\/rocketplay-new.com\/ga\/wp-json\/wp\/v2\/pages\/2131","targetHints":{"allow":["GET"]}}],"collection":[{"href":"https:\/\/rocketplay-new.com\/ga\/wp-json\/wp\/v2\/pages"}],"about":[{"href":"https:\/\/rocketplay-new.com\/ga\/wp-json\/wp\/v2\/types\/page"}],"author":[{"embeddable":true,"href":"https:\/\/rocketplay-new.com\/ga\/wp-json\/wp\/v2\/users\/1"}],"replies":[{"embeddable":true,"href":"https:\/\/rocketplay-new.com\/ga\/wp-json\/wp\/v2\/comments?post=2131"}],"version-history":[{"count":4,"href":"https:\/\/rocketplay-new.com\/ga\/wp-json\/wp\/v2\/pages\/2131\/revisions"}],"predecessor-version":[{"id":5837,"href":"https:\/\/rocketplay-new.com\/ga\/wp-json\/wp\/v2\/pages\/2131\/revisions\/5837"}],"wp:attachment":[{"href":"https:\/\/rocketplay-new.com\/ga\/wp-json\/wp\/v2\/media?parent=2131"}],"curies":[{"name":"wp","href":"https:\/\/api.w.org\/{rel}","templated":true}]}}