{"id":2105,"date":"2022-09-20T14:31:33","date_gmt":"2022-09-20T11:31:33","guid":{"rendered":"https:\/\/rocketplay-new.com\/monkey-king\/"},"modified":"2026-02-25T22:47:43","modified_gmt":"2026-02-25T19:47:43","slug":"monkey-king","status":"publish","type":"page","link":"https:\/\/rocketplay-new.com\/ga\/monkey-king\/","title":{"rendered":"Monkey King Slot L\u00e9irmheas"},"content":{"rendered":"<p><img loading=\"lazy\" decoding=\"async\" class=\" wp-image-477 aligncenter\" src=\"https:\/\/rocketplay-new.com\/wp-content\/uploads\/2022\/09\/monkey-king-igtech-916x450-1-300x147.png\" alt=\"Monkey King Slot review\" width=\"710\" height=\"348\" srcset=\"https:\/\/rocketplay-new.com\/wp-content\/uploads\/2022\/09\/monkey-king-igtech-916x450-1-300x147.png 300w, https:\/\/rocketplay-new.com\/wp-content\/uploads\/2022\/09\/monkey-king-igtech-916x450-1-768x377.png 768w, https:\/\/rocketplay-new.com\/wp-content\/uploads\/2022\/09\/monkey-king-igtech-916x450-1.png 916w\" sizes=\"auto, (max-width: 710px) 100vw, 710px\" \/><\/p>\n<h2>Sliot\u00e1n Monkey King<\/h2>\n<p>Mheall t\u00e9ama na S\u00edne \u00c1rsa agus a finsc\u00e9alta forbr\u00f3ir\u00ed sliot\u00e1n ceasa\u00edneo i gc\u00f3na\u00ed. Agus d\u00e9anann gach ceann acu iarracht iontas a dh\u00e9anamh ar a tomhalt\u00f3ir oiread agus is f\u00e9idir. Mar sin rinne IGTech. Ba iad a scaoil an cluiche, a chuirtear i l\u00e1thair anois i go leor casinos na hAstr\u00e1ile. Gheobhaidh t\u00fa i gcluiche sliot\u00e1n Rocket Play Monkey King agus beidh t\u00fa in ann eolas a fh\u00e1il ar an finsc\u00e9al an r\u00ed monca\u00ed, chomh maith le seoda maith a fh\u00e1il uaidh mar bhronntanas.<\/p>\n<p><span style=\"font-weight: 400;\"><div class=\"tosh-btn\"><a href=\"\/go-casino\/\" target=\"_blank\" rel=\"noopener\">FAIGH B\u00d3NAS<\/a><\/div><\/span><\/p>\n<p>D&#8217;\u00e9irigh an monar\u00f3ir seo amach a bheith ina sliot\u00e1n maith i dt\u00e9arma\u00ed dearadh. Breathna\u00edonn s\u00e9 stylish, smaoin\u00edtear ar na siombail\u00ed anseo go dt\u00ed an mionsonra\u00ed is l\u00fa. Ligeann tionlacan ceoil duit t\u00fa f\u00e9in a thumadh san atmaisf\u00e9ar chomh maith agus is f\u00e9idir. Athra\u00edonn an ceol m\u00e1 chuirtear babhta b\u00f3nais in ionad an bhabhta rialta, rud a chaola\u00edonn an gameplay go foirfe.<\/p>\n<p>Meallann roinnt ceasa\u00edneonna a\u00edonna chuig an sliot\u00e1n seo le cabhair \u00f3 spins b\u00f3nais. Is \u00e9 seo a tharla\u00edonn i <a href=\"https:\/\/rocketplay-new.com\/ga\">Rocket Play<\/a>. Nuair a bhogann a\u00edonna na hinstiti\u00faide seo go leibh\u00e9al nua sa chl\u00e1r VIP, faigheann siad an ceart chun na r\u00edleanna a chasadh saor in aisce, ach n\u00ed i ngach sliot\u00e1n. T\u00e1 b\u00f3nas sliot\u00e1n Just Rocket Play Monkey King ar cheann de na cinn at\u00e1 ar f\u00e1il.<\/p>\n<h2>Monkey King Siombail\u00ed agus In\u00edoctha<\/h2>\n<p>D\u00e9anaimis labhairt faoi cad \u00e9 cro\u00ed na sliot\u00e1n seo, is \u00e9 sin, faoina siombail\u00ed. N\u00ed hamh\u00e1in go seasann na h\u00edomh\u00e1nna seo amach, ach tugann siad luach saothair freisin.T\u00e1 25 l\u00edne ag an sliot\u00e1n ar f\u00e9idir le siombail\u00ed teacht i dt\u00edr. M\u00e1 t\u00e1 3 ag ceann acu (is leor 2 i gc\u00e1sanna \u00e1irithe) n\u00f3 n\u00edos m\u00f3 siombail\u00ed comhionann, is f\u00e9idir leat a bhuachan. Agus c\u00e9n ceann &#8211; f\u00e9ach ar an t\u00e1bla.<\/p>\n<table>\n<tbody>\n<tr>\n<td>Siombail<\/td>\n<td>\u00cdoca\u00edocht as 2, 3, 4 n\u00f3 5 ph\u00edosa faoi seach<\/p>\n<p>(bua f\u00edor sna boinn)<\/td>\n<\/tr>\n<tr>\n<td>Carachtair S\u00ednis<\/td>\n<td><span style=\"font-weight: 400;\">3, 10, 15<\/span><\/td>\n<\/tr>\n<tr>\n<td>An laoch f\u00e9as\u00f3gach<\/td>\n<td><span style=\"font-weight: 400;\">1, 5, 15, 25<\/span><\/td>\n<\/tr>\n<tr>\n<td>Muc<\/td>\n<td><span style=\"font-weight: 400;\">2, 7, 20, 30<\/span><\/td>\n<\/tr>\n<tr>\n<td>Impire<\/td>\n<td><span style=\"font-weight: 400;\">2, 8, 25, 50<\/span><\/td>\n<\/tr>\n<tr>\n<td>R\u00ed monca\u00ed<\/td>\n<td><span style=\"font-weight: 400;\">3, 10, 40, 100<\/span><\/td>\n<\/tr>\n<\/tbody>\n<\/table>\n<p>Is f\u00e9idir caighde\u00e1n a thabhairt ar na carachtair seo. Cuireann siad suas le teaglaim bhuaiteacha go minic. N\u00ed chuireann siad isteach ar mhodhanna eile ar bhealach ar bith agus n\u00ed f\u00e9idir leo iad a ghn\u00edomhacht\u00fa. Chun seo a dh\u00e9anamh, beidh ort roinnt carachtair eile a ghabh\u00e1il:<\/p>\n<ul>\n<li>Wild &#8211; ionadach do charachtair ar iarraidh i gcomhcheangail. Tugann s\u00e9 buaiteanna leis f\u00e9in \u00f3 10 go 400 bonn.<\/li>\n<li>Scaip &#8211; siombail le inscr\u00edbhinn. Spreagann s\u00e9 na spins saor in aisce agus l\u00e9ir\u00edtear \u00e9 seo ar an \u00edomh\u00e1 f\u00e9in. Is \u00e9 sin, is cuma c\u00e9n \u00e1it a bhfuil s\u00e9 suite (ar an l\u00edne n\u00f3 nach ea), oibreoidh s\u00e9.<\/li>\n<\/ul>\n<p>Is \u00e9 an tsiombail dheireanach at\u00e1 ag teast\u00e1il chun an babhta b\u00f3nais a sheoladh (i m\u00e9id 3 ph\u00edosa) i sliot\u00e1n ar l\u00edne Rocket Play Monkey King. Is \u00e9ard at\u00e1 ann n\u00e1 casadh na r\u00edleanna nach ngearrfar t\u00e1ille ort. Ar dt\u00fas, beidh 5 cinn acu, ach m\u00e1 ghlacann t\u00fa tr\u00ed scaiptheoir eile, cuirfear 3 cinn eile leat, agus is f\u00e9idir lean\u00faint ar aghaidh gan srianta.<\/p>\n<p>D\u00e1la an sc\u00e9il, n\u00f3im\u00e9ad suimi\u00fail eile n\u00e1 t\u00fas an chluiche b\u00f3nais. N\u00ed chuireann s\u00e9 t\u00fas leis f\u00e9in, is f\u00e9idir leat a roghn\u00fa na rialacha a bheidh s\u00e9 ar si\u00fal. T\u00e1 s\u00e9 seo an-fhionnuar agus n\u00edl s\u00e9 ar f\u00e1il i ngach sliot\u00e1n.<\/p>\n<p>Baineann na rialacha leis an iolraitheoir a chuirfear i bhfeidhm ar na buaiteanna agus luach gach \u00edomh\u00e1. Baineann an rogha seo le gach siombail \u00edoctha, ach amh\u00e1in i gc\u00e1s hieroglyphs. Is \u00e9 sin, beidh rogha de 5 rogha agat. Gach uair a oscla\u00edonn t\u00fa an babhta b\u00f3nais ar\u00eds, is f\u00e9idir leat gn\u00e9ithe \u00e9ags\u00fala a roghn\u00fa. Seo leideanna sliot\u00e1n amh\u00e1in Rocket Play Monkey King duit &#8211; roghnaigh roghanna \u00e9ags\u00fala i gc\u00f3na\u00ed chun an cluiche a dh\u00e9anamh n\u00edos \u00e9ags\u00fala.<\/p>\n<p><span style=\"font-weight: 400;\"><div class=\"tosh-btn\"><a href=\"\/go-casino\/\" target=\"_blank\" rel=\"noopener\">FAIGH B\u00d3NAS<\/a><\/div><\/span><\/p>\n<p>Mar choncl\u00faid, is f\u00e9idir linn a r\u00e1 go muin\u00edneach gur rogha iontach \u00e9 an cluiche seo le haghaidh f\u00f3ill\u00edochta suimi\u00fail. T\u00e1 s\u00e9 an-fhionnuar go dtugann Rocket Play \u00e9 a imirt saor in aisce ar chor ar bith agus f\u00f3s an deis a bhuachan. T\u00e1 meais\u00edn sliot\u00e1n Rocket Play Monkey King molta do gach lovers na S\u00edne \u00c1rsa.<\/p>\n<p><img loading=\"lazy\" decoding=\"async\" class=\" wp-image-476 aligncenter\" src=\"https:\/\/rocketplay-new.com\/wp-content\/uploads\/2022\/09\/monkeykingigtech3-300x225.jpg\" alt=\"Monkey King slot\" width=\"625\" height=\"469\" srcset=\"https:\/\/rocketplay-new.com\/wp-content\/uploads\/2022\/09\/monkeykingigtech3-300x225.jpg 300w, https:\/\/rocketplay-new.com\/wp-content\/uploads\/2022\/09\/monkeykingigtech3-600x450.jpg 600w, https:\/\/rocketplay-new.com\/wp-content\/uploads\/2022\/09\/monkeykingigtech3.jpg 680w\" sizes=\"auto, (max-width: 625px) 100vw, 625px\" \/><\/p>\n<h2>Monkey King Slot CCanna<\/h2>\n<h3>C\u00c9N C\u00c9AD TUAIRISCE\u00c1N IS F\u00c9IDIR LIOM A bheith ag s\u00fail leis AGUS AN Sliot\u00e1n SEO \u00e1 Imeartha agam?<\/h3>\n<p>Maith go leor, d\u00e1la an sc\u00e9il. T\u00e1 s\u00e9 96.47.<\/p>\n<h3>AN F\u00c9IDIR AN Sliot\u00e1n SEO A DH\u00c9ANAMH GO hIOML\u00c1N SAOR IN AISCE?<\/h3>\n<p>Ar nd\u00f3igh. T\u00e1 s\u00e9 seo ar f\u00e1il i dh\u00e1 leagan. Is f\u00e9idir leat an taispe\u00e1ntas a rith. T\u00e1 s\u00e9 seo oiri\u00fanach chun aithne a chur ar an sliot\u00e1n agus tuiscint a fh\u00e1il ar c\u00e9 acu is maith leat \u00e9 n\u00f3 nach bhfuil. N\u00f3 is f\u00e9idir leat leas a bhaint as tairiscint\u00ed ina dtugann an Casino duit an sliot\u00e1n a imirt saor in aisce.<\/p>\n<p>L\u00e9igh freisin faoi: <a href=\"https:\/\/rocketplay-new.com\/ga\/lion-gems-hold-and-win\/\">Lion Gems: Hold and Win slot<\/a><\/p>\n","protected":false},"excerpt":{"rendered":"<p>Sliot\u00e1n Monkey King Mheall t\u00e9ama na S\u00edne \u00c1rsa agus a finsc\u00e9alta forbr\u00f3ir\u00ed sliot\u00e1n ceasa\u00edneo i gc\u00f3na\u00ed. Agus d\u00e9anann gach ceann acu iarracht iontas a dh\u00e9anamh ar a tomhalt\u00f3ir oiread agus is f\u00e9idir. Mar sin rinne IGTech. Ba iad a scaoil an cluiche, a chuirtear i l\u00e1thair anois i go leor casinos na hAstr\u00e1ile. Gheobhaidh t\u00fa&#8230;<\/p>\n","protected":false},"author":1,"featured_media":0,"parent":0,"menu_order":0,"comment_status":"closed","ping_status":"closed","template":"","meta":{"_acf_changed":false,"_kad_post_transparent":"default","_kad_post_title":"default","_kad_post_layout":"default","_kad_post_sidebar_id":"","_kad_post_content_style":"default","_kad_post_vertical_padding":"default","_kad_post_feature":"","_kad_post_feature_position":"","_kad_post_header":false,"_kad_post_footer":false,"footnotes":""},"class_list":["post-2105","page","type-page","status-publish","hentry"],"acf":[],"rttpg_featured_image_url":null,"rttpg_author":{"display_name":"John","author_link":"https:\/\/rocketplay-new.com\/ga\/author\/pemvas95n89x\/"},"rttpg_comment":0,"rttpg_category":null,"rttpg_excerpt":"Sliot\u00e1n Monkey King Mheall t\u00e9ama na S\u00edne \u00c1rsa agus a finsc\u00e9alta forbr\u00f3ir\u00ed sliot\u00e1n ceasa\u00edneo i gc\u00f3na\u00ed. Agus d\u00e9anann gach ceann acu iarracht iontas a dh\u00e9anamh ar a tomhalt\u00f3ir oiread agus is f\u00e9idir. Mar sin rinne IGTech. Ba iad a scaoil an cluiche, a chuirtear i l\u00e1thair anois i go leor casinos na hAstr\u00e1ile. Gheobhaidh t\u00fa...","_links":{"self":[{"href":"https:\/\/rocketplay-new.com\/ga\/wp-json\/wp\/v2\/pages\/2105","targetHints":{"allow":["GET"]}}],"collection":[{"href":"https:\/\/rocketplay-new.com\/ga\/wp-json\/wp\/v2\/pages"}],"about":[{"href":"https:\/\/rocketplay-new.com\/ga\/wp-json\/wp\/v2\/types\/page"}],"author":[{"embeddable":true,"href":"https:\/\/rocketplay-new.com\/ga\/wp-json\/wp\/v2\/users\/1"}],"replies":[{"embeddable":true,"href":"https:\/\/rocketplay-new.com\/ga\/wp-json\/wp\/v2\/comments?post=2105"}],"version-history":[{"count":6,"href":"https:\/\/rocketplay-new.com\/ga\/wp-json\/wp\/v2\/pages\/2105\/revisions"}],"predecessor-version":[{"id":11705,"href":"https:\/\/rocketplay-new.com\/ga\/wp-json\/wp\/v2\/pages\/2105\/revisions\/11705"}],"wp:attachment":[{"href":"https:\/\/rocketplay-new.com\/ga\/wp-json\/wp\/v2\/media?parent=2105"}],"curies":[{"name":"wp","href":"https:\/\/api.w.org\/{rel}","templated":true}]}}