{"id":2050,"date":"2022-09-20T14:38:13","date_gmt":"2022-09-20T11:38:13","guid":{"rendered":"https:\/\/rocketplay-new.com\/lion-gems-hold-and-win\/"},"modified":"2026-02-24T16:54:34","modified_gmt":"2026-02-24T13:54:34","slug":"lion-gems-hold-and-win","status":"publish","type":"page","link":"https:\/\/rocketplay-new.com\/ga\/lion-gems-hold-and-win\/","title":{"rendered":"Lion Gems: Hold &#038; Win"},"content":{"rendered":"<iframe src=\"https:\/\/ss.rocketplay.com\/games\/infin\/LionGemsHoldandWin\/138664\" allowfullscreen=\"true\" frameborder=\"0\" webkitallowfullscreen=\"true\" class=\"game-frame__iframe allowFullScreen\"><\/iframe>\n<h2>Lion Gems: Hold &amp; Win \u2014 Athbhreithni\u00fa Sliot\u00e1n<\/h2>\n<p><span style=\"font-weight: 400;\">An raibh t\u00fa riamh ar safari? Mura bhfuil, ansin n\u00e1 deifir a bheith tr\u00edna ch\u00e9ile! Tar \u00e9is an tsaoil, is f\u00e9idir leat dul i gc\u00f3na\u00ed go dt\u00ed an su\u00edomh Gr\u00e9as\u00e1in Casino agus a fh\u00e1il <\/span><span style=\"font-weight: 400;\">Lion Gems: Hold and Win <\/span>sliot\u00e1n ar l\u00edne i Rocket Play. Nascann s\u00e9 gn\u00e9ithe fionnuara do chearrbhachas agus dearadh deas do dhaoine a bhfuil gr\u00e1 acu don fhiadh\u00falra.<\/p>\n<p>T\u00e1 an t\u00e1irge seo s\u00e1ch nua mar a scaoileadh i m\u00ed an Mh\u00e1rta 2023 \u00e9. Ba \u00e9 Playson a forbr\u00f3ir. T\u00e1 an sliot\u00e1n ar f\u00e1il d\u2019imreoir\u00ed \u00c9ireann i leaganacha \u00edoctha agus saor in aisce. Bain triail as \u00e9 a rith mar thaispe\u00e1ntas sula gcinnfidh t\u00fa an bhfuil s\u00e9 oiri\u00fanach duit n\u00f3 nach bhfuil!<\/p>\n<p>D\u00e9anaimis pl\u00e9 ar na gn\u00e9ithe at\u00e1 ag an sliot\u00e1n seo, cad ba cheart a mholadh as, agus cad ba cheart a fheabhs\u00fa.<\/p>\n<p><span style=\"font-weight: 400;\"><div class=\"tosh-btn\"><a href=\"\/go-casino\/\" target=\"_blank\" rel=\"noopener\">FAIGH B\u00d3NAS<\/a><\/div><\/span><\/p>\n<p><a href=\"http:\/\/&lt;iframe src=&quot;https:\/\/ss.rocketplay.com\/games\/igtech\/WolfTreasure\/45516&quot; allowfullscreen=&quot;true&quot; frameborder=&quot;0&quot; webkitallowfullscreen=&quot;true&quot; class=&quot;game-frame__iframe allowFullScreen&quot;&gt;&lt;\/iframe&gt;\" target=\"_blank\"><img loading=\"lazy\" decoding=\"async\" class=\" wp-image-481 aligncenter\" src=\"https:\/\/rocketplay-new.com\/wp-content\/uploads\/2022\/09\/lion-gems-hold-and-win-slot-playson-300x196.jpg\" alt=\"Lion Gems: Hold and Win slot\" width=\"594\" height=\"388\" srcset=\"https:\/\/rocketplay-new.com\/wp-content\/uploads\/2022\/09\/lion-gems-hold-and-win-slot-playson-300x196.jpg 300w, https:\/\/rocketplay-new.com\/wp-content\/uploads\/2022\/09\/lion-gems-hold-and-win-slot-playson.jpg 720w\" sizes=\"auto, (max-width: 594px) 100vw, 594px\" \/><\/a><\/p>\n<h2>Lion Gems: Hold and Win GN\u00c9ITHE SLOOT<\/h2>\n<p>Mar sin, t\u00e9ann t\u00fa isteach Rocket Play Lion Gems: Cluiche Sliot\u00e1n Coinnigh agus Buaigh. Sula oscla\u00edonn t\u00fa an Savannah \u00e1lainn le t\u00edrdhreacha \u00e1ille agus muintir na h\u00e1ite. Is \u00e9ard at\u00e1 sa ph\u00e1irc imeartha pr\u00edomhshiombail na h\u00e1ite seo agus ainmhithe. Is \u00e9 a mh\u00e9id n\u00e1 5 faoi 4, agus t\u00e1 oiread agus 30 l\u00edne p\u00e1 anseo.<\/p>\n<p>T\u00e1 feidhm bhun\u00fasach ag an sliot\u00e1n &#8211; buaiteanna chun teaglama\u00ed a dh\u00e9anamh ar an l\u00edne. M\u00e1 fhaigheann t\u00fa na siombail\u00ed c\u00e9anna ar l\u00edne bhuaiteach, gheobhaidh t\u00fa \u00edoca\u00edocht airgid amach. Is ionann siombail\u00ed n\u00edos saoire agus ainmn\u00edochta\u00ed c\u00e1rta\u00ed. Ainmhithe n\u00edos daoire:<\/p>\n<ul>\n<li>las\u00e1in;<\/li>\n<li>torc fi\u00e1in;<\/li>\n<li>s\u00e9abra;<\/li>\n<li>leopards;<\/li>\n<li>sr\u00f3nbheannach;<\/li>\n<li>leon.<\/li>\n<\/ul>\n<p>T\u00e1 an tsiombail Fi\u00e1in chomh fi\u00e1in leis an ainmh\u00ed a shamhla\u00edonn s\u00e9. Is leon \u00e9 seo. N\u00ed hamh\u00e1in go nglacann s\u00e9 \u00e1it daoine eile m\u00e1 chabhra\u00edonn s\u00e9 le bua a chruth\u00fa, ach glacann s\u00e9 p\u00e1irt freisin sa bhabhta b\u00f3nais le iolraitheoir x2.<\/p>\n<p>T\u00e1 an tsiombail scaipthe i bhfolach taobh thiar den \u00edomh\u00e1 de chrann. Spreagann s\u00e9 an ghn\u00e9 i Rocket Play Lion Gems: Coinnigh agus Buaigh spins saor in aisce. Ach le haghaidh seo beidh ort 3 \u00edomh\u00e1 den s\u00f3rt sin a bhaili\u00fa \u00e1it ar bith ar an bp\u00e1irc. Buaicphoint\u00ed an bhabhta seo:<\/p>\n<ul>\n<li>Tugtar 8 clice\u00e1il saor in aisce;<\/li>\n<li>\u00fas\u00e1idtear iolraitheoir 2x le siombail leon;<\/li>\n<li>is f\u00e9idir casadh a dh\u00e9anamh ar\u00eds m\u00e1 \u00e9ir\u00edonn leat scaiptheoir\u00ed a bhaili\u00fa ar\u00eds.<\/li>\n<\/ul>\n<p>Siombail eile a bhaineann leis an mbabhta b\u00f3nais n\u00e1 Diamond. T\u00e1 s\u00e9 riachtanach don fheidhm, a bhfuil a ainm l\u00e9irithe san ainm sliot\u00e1n f\u00e9in. Seo Coinnigh agus Buaigh. Seo a coinn\u00edollacha:<\/p>\n<ul>\n<li>Tosa\u00edonn tar \u00e9is 6 diamonds titim amach ar an r\u00e9imse;<\/li>\n<li>oscla\u00edonn s\u00e9 r\u00e9imse nua le Diamonds b\u00f3nas amh\u00e1in;<\/li>\n<li>tugann s\u00e9 3 respins, is f\u00e9idir a nuashonr\u00fa m\u00e1 shocra\u00edtear Diamonds nua;<\/li>\n<li>Tugann s\u00e9 iolraitheoir \u00f3 x1 go x16.<\/li>\n<\/ul>\n<p>Is \u00e9 seo an Rocket Play Lion Gems is suimi\u00fala: b\u00f3nas sliot\u00e1n a shealbh\u00fa agus a bhuachan. T\u00e1 4 Pota \u00d3ir sa chluiche freisin. N\u00ed f\u00e9idir leat iad a ghabh\u00e1il ach sa bhabhta b\u00f3nais. T\u00e1 ceithre chine\u00e1l acu: \u00f3 Mini go Grand. Gheobhaidh t\u00fa an dara ceann m\u00e1 l\u00edonadh na cealla folamh go l\u00e9ir le linn an bhabhta b\u00f3nais.<\/p>\n<p>Ina theannta sin, le linn an chluiche is f\u00e9idir leat freastal ar Mystery Diamond, is f\u00e9idir a seal i gceann de na Pota \u00d3ir.<\/p>\n<p><img loading=\"lazy\" decoding=\"async\" class=\" wp-image-482 aligncenter\" src=\"https:\/\/rocketplay-new.com\/wp-content\/uploads\/2022\/09\/lion-gems-hold-and-win-slot-300x169.png\" alt=\"Lion Gems: Hold and Win review\" width=\"637\" height=\"359\" srcset=\"https:\/\/rocketplay-new.com\/wp-content\/uploads\/2022\/09\/lion-gems-hold-and-win-slot-300x169.png 300w, https:\/\/rocketplay-new.com\/wp-content\/uploads\/2022\/09\/lion-gems-hold-and-win-slot-1024x576.png 1024w, https:\/\/rocketplay-new.com\/wp-content\/uploads\/2022\/09\/lion-gems-hold-and-win-slot-768x432.png 768w, https:\/\/rocketplay-new.com\/wp-content\/uploads\/2022\/09\/lion-gems-hold-and-win-slot.png 1028w\" sizes=\"auto, (max-width: 637px) 100vw, 637px\" \/><\/p>\n<h2>Bunt\u00e1ist\u00ed agus M\u00edbhunt\u00e1ist\u00ed Lion Gems: Hold &amp; Win<\/h2>\n<p>\u00d3s rud \u00e9 gur sliot\u00e1n nua \u00e9 seo a crutha\u00edodh ag baint \u00fas\u00e1ide as teicneola\u00edochta\u00ed nua-aimseartha, t\u00e1 s\u00e9 ciallmhar breathn\u00fa n\u00edos dl\u00faithe a dh\u00e9anamh air. Ceann de na bunt\u00e1ist\u00ed n\u00e1 go bhfuil Rocket Play Lion Gems: Hold and Win slot \u00c9ireann ar f\u00e1il gan aon bhloc\u00e1il. Ach t\u00e1 bunt\u00e1ist\u00ed eile ann freisin:<\/p>\n<ul>\n<li>d\u00e9antar beochan, fuaimeanna agus aistrithe ar ardleibh\u00e9al;<\/li>\n<li>gn\u00e9ithe b\u00f3nas go leor;<\/li>\n<li>nach bhfuil an t-\u00e1bhar is banal;<\/li>\n<li>t\u00e1 roghanna ann le haghaidh cluiche \u00e1isi\u00fail (autorun, mar shampla).<\/li>\n<\/ul>\n<p>Ach t\u00e1 m\u00edbhunt\u00e1ist\u00ed le breithni\u00fa freisin:<\/p>\n<ul>\n<li>in ainneoin go bhfuil an sliot\u00e1n go maith, n\u00edor thug s\u00e9 aon rud nua;<\/li>\n<li>n\u00ed shroicheann c\u00e9atad\u00e1n an toraidh an ceann inmhianaithe agus is \u00e9 95.55%.<\/li>\n<\/ul>\n<p>Ach a bheith treoraithe ach amh\u00e1in ag do mhoth\u00fach\u00e1in. Is f\u00e9idir leat iad a thuiscint ag baint \u00fas\u00e1ide as an leagan taispe\u00e1na.<\/p>\n<p><span style=\"font-weight: 400;\"><div class=\"tosh-btn\"><a href=\"\/go-casino\/\" target=\"_blank\" rel=\"noopener\">FAIGH B\u00d3NAS<\/a><\/div><\/span><\/p>\n<h2>CC<\/h2>\n<h3>C\u00c9N LUACH SAOTHAIR A BH\u00cdONN AN P\u00d3TA \u00d3N M\u00d3?<\/h3>\n<p>Is \u00e9 an luach saothair as an l\u00edon uasta siombail\u00ed b\u00f3nais a bhaili\u00fa n\u00e1 iolraitheoir x3000.<\/p>\n<h3>CAD \u00c9 AN RAON GHEALL DON CHLUICH SEO?<\/h3>\n<p>Is \u00e9 0.20 an t-\u00edosmh\u00e9id agus is \u00e9 100 an t-uasmh\u00e9id. Tarraing\u00edtear siar an m\u00e9id seo ar feadh 1 uair a chasann t\u00fa an r\u00edl.<\/p>\n<h3>C\u00e9 chomh minic is a Bhuanna\u00edtear AN CLUICHE SEO?<\/h3>\n<p>Is \u00e9 an minic\u00edocht anseo me\u00e1n. Is \u00e9 me\u00e1nch\u00e9atad\u00e1n na dteaglaim bhuaiteacha n\u00e1 16%<\/p>\n<p>L\u00e9igh freisin faoi: <a href=\"https:\/\/rocketplay-new.com\/ga\/wolf-treasure\/\">Wolf Treasure slot<\/a><\/p>\n","protected":false},"excerpt":{"rendered":"<p>Lion Gems: Hold &amp; Win \u2014 Athbhreithni\u00fa Sliot\u00e1n An raibh t\u00fa riamh ar safari? Mura bhfuil, ansin n\u00e1 deifir a bheith tr\u00edna ch\u00e9ile! Tar \u00e9is an tsaoil, is f\u00e9idir leat dul i gc\u00f3na\u00ed go dt\u00ed an su\u00edomh Gr\u00e9as\u00e1in Casino agus a fh\u00e1il Lion Gems: Hold and Win sliot\u00e1n ar l\u00edne i Rocket Play. Nascann s\u00e9&#8230;<\/p>\n","protected":false},"author":1,"featured_media":0,"parent":0,"menu_order":0,"comment_status":"closed","ping_status":"closed","template":"","meta":{"_acf_changed":false,"_kad_post_transparent":"default","_kad_post_title":"default","_kad_post_layout":"default","_kad_post_sidebar_id":"","_kad_post_content_style":"default","_kad_post_vertical_padding":"default","_kad_post_feature":"","_kad_post_feature_position":"","_kad_post_header":false,"_kad_post_footer":false,"footnotes":""},"class_list":["post-2050","page","type-page","status-publish","hentry"],"acf":[],"rttpg_featured_image_url":null,"rttpg_author":{"display_name":"John","author_link":"https:\/\/rocketplay-new.com\/ga\/author\/pemvas95n89x\/"},"rttpg_comment":0,"rttpg_category":null,"rttpg_excerpt":"Lion Gems: Hold &amp; Win \u2014 Athbhreithni\u00fa Sliot\u00e1n An raibh t\u00fa riamh ar safari? Mura bhfuil, ansin n\u00e1 deifir a bheith tr\u00edna ch\u00e9ile! Tar \u00e9is an tsaoil, is f\u00e9idir leat dul i gc\u00f3na\u00ed go dt\u00ed an su\u00edomh Gr\u00e9as\u00e1in Casino agus a fh\u00e1il Lion Gems: Hold and Win sliot\u00e1n ar l\u00edne i Rocket Play. Nascann s\u00e9...","_links":{"self":[{"href":"https:\/\/rocketplay-new.com\/ga\/wp-json\/wp\/v2\/pages\/2050","targetHints":{"allow":["GET"]}}],"collection":[{"href":"https:\/\/rocketplay-new.com\/ga\/wp-json\/wp\/v2\/pages"}],"about":[{"href":"https:\/\/rocketplay-new.com\/ga\/wp-json\/wp\/v2\/types\/page"}],"author":[{"embeddable":true,"href":"https:\/\/rocketplay-new.com\/ga\/wp-json\/wp\/v2\/users\/1"}],"replies":[{"embeddable":true,"href":"https:\/\/rocketplay-new.com\/ga\/wp-json\/wp\/v2\/comments?post=2050"}],"version-history":[{"count":7,"href":"https:\/\/rocketplay-new.com\/ga\/wp-json\/wp\/v2\/pages\/2050\/revisions"}],"predecessor-version":[{"id":11677,"href":"https:\/\/rocketplay-new.com\/ga\/wp-json\/wp\/v2\/pages\/2050\/revisions\/11677"}],"wp:attachment":[{"href":"https:\/\/rocketplay-new.com\/ga\/wp-json\/wp\/v2\/media?parent=2050"}],"curies":[{"name":"wp","href":"https:\/\/api.w.org\/{rel}","templated":true}]}}