{"id":2013,"date":"2022-09-20T13:28:34","date_gmt":"2022-09-20T10:28:34","guid":{"rendered":"https:\/\/rocketplay-new.com\/vip\/"},"modified":"2025-04-02T18:33:46","modified_gmt":"2025-04-02T15:33:46","slug":"vip","status":"publish","type":"page","link":"https:\/\/rocketplay-new.com\/ga\/vip\/","title":{"rendered":"Conas is f\u00e9idir liom a bheith i mo bhall den chl\u00e1r vip?"},"content":{"rendered":"<p><img loading=\"lazy\" decoding=\"async\" class=\" wp-image-456 aligncenter\" src=\"https:\/\/rocketplay-new.com\/wp-content\/uploads\/2022\/09\/rocketplay-vip-1-300x74.png\" alt=\"Rocket play VIP\" width=\"722\" height=\"178\" srcset=\"https:\/\/rocketplay-new.com\/wp-content\/uploads\/2022\/09\/rocketplay-vip-1-300x74.png 300w, https:\/\/rocketplay-new.com\/wp-content\/uploads\/2022\/09\/rocketplay-vip-1-768x190.png 768w, https:\/\/rocketplay-new.com\/wp-content\/uploads\/2022\/09\/rocketplay-vip-1.png 930w\" sizes=\"auto, (max-width: 722px) 100vw, 722px\" \/><\/p>\n<p>N\u00edl ach tr\u00ed litir VIP cos\u00fail i gc\u00f3na\u00ed a bheith rud \u00e9igin m\u00f3r le r\u00e1. Agus is cos\u00fail gur tasc nach f\u00e9idir a bhaint amach a bheith i do chliant VIP. Ar ch\u00fais \u00e9igin, t\u00e1 tuairim sa tsocha\u00ed go bhfuil s\u00e9 deacair a bheith ina chliant speisialta, faoi phribhl\u00e9id agus go dt\u00f3gann s\u00e9 tamall fada. Ach i nd\u00e1ir\u00edre nach bhfuil s\u00e9! Agus is \u00e9 an cruth\u00fanas at\u00e1 ar an gcl\u00e1r VIP Casino Rocket Play.<\/p>\n<p>D\u00e9antar machnamh ar an gc\u00f3ras seo agus cuirtear leasanna na gcustaim\u00e9ir\u00ed ar fad san \u00e1ireamh. Agus iad si\u00fad at\u00e1 ag iarraidh a fh\u00e1il duaiseanna speisialta agus bogadh suas na leibh\u00e9il. Agus iad si\u00fad a bhfuil suim acu ach i gcluich\u00ed.<\/p>\n<p>\u00c9ir\u00edonn cliant an chl\u00e1ir san institi\u00faid seo d\u00edreach tar \u00e9is cl\u00e1r\u00fach\u00e1in. N\u00edl le d\u00e9anamh agat ach cuntas a chruth\u00fa agus t\u00e1 t\u00fa ar an gc\u00e9ad ch\u00e9im cheana f\u00e9in! Bogfaidh t\u00fa n\u00edos m\u00f3 a bhu\u00edochas leis na r\u00e1ta\u00ed i gcluich\u00ed cearrbhachais \u00e9ags\u00fala.<\/p>\n<p><span style=\"font-weight: 400;\"><div class=\"tosh-btn\"><a href=\"\/go-casino\/\" target=\"_blank\" rel=\"noopener\">FAIGH B\u00d3NAS<\/a><\/div> <\/span><\/p>\n<h2>CONAS A GHLACFAR AIRGEAD AIRGID?<\/h2>\n<p>Nuair a chailleann t\u00fa airgead i roinnt cluiche (agus a tharla\u00edonn s\u00e9 \u00f3 am go ham), demotivates s\u00e9. Ach d\u00e9anann an Casino iarracht gach rud a dh\u00e9anamh chun t\u00fa a chur ar do chompord. Mar sin, d\u00e9anann s\u00e9 airgead ar ais de chist\u00ed caillte uair sa tseachtain. San institi\u00faid seo, eis\u00edtear \u00e9 ar an Luan ionas go dtos\u00f3idh t\u00fa do sheachtain le ceann taitneamhach!<\/p>\n<p>Is f\u00e9idir le gach imreoir a ghlacann p\u00e1irt sa chl\u00e1r casino ar l\u00edne Rocket Play vip \u00e9 a fh\u00e1il. Seo na coinn\u00edollacha \u00edosta chuige seo:<\/p>\n<ul>\n<li>an leibh\u00e9al Airgid a bhaint amach sa chl\u00e1r;<\/li>\n<li>sliot\u00e1in a imirt;<\/li>\n<li>caillfidh ar a laghad 5 AUD;<\/li>\n<li>cuntas gn\u00edomhach a bheith agat.<\/li>\n<\/ul>\n<p>Is \u00e9 an leibh\u00e9al airgid an tr\u00ed\u00fa leibh\u00e9al. Ar s\u00e9, gheobhaidh t\u00fa an t-\u00edosmh\u00e9id airgid ar ais a eis\u00edtear gach seachtain &#8211; 3%. M\u00e1s \u00fas\u00e1ideoir gn\u00edomhach t\u00fa a imr\u00edonn go minic, n\u00ed bheidh ort fanacht fada. San ioml\u00e1n, t\u00e1 9 gc\u00e9im ag an gcl\u00e1r, gan an ch\u00e9ad cheann a chomhaireamh, a eis\u00edtear l\u00e1ithreach. Ar an dara ceann, gheobhaidh t\u00fa ais\u00edoca\u00edocht 15% cheana f\u00e9in.<\/p>\n<p>Chomh maith le airgead ar ais, is f\u00e9idir leat a fh\u00e1il freisin duaiseanna eile. L\u00e9ir\u00edonn an t\u00e1bla n\u00edos mionsonraithe c\u00e9 acu agus c\u00e9n chainn\u00edocht.<\/p>\n<table>\n<tbody>\n<tr>\n<td>Cine\u00e1l duaise<\/td>\n<td>M\u00e9id<\/td>\n<td>Ar an leibh\u00e9al<\/td>\n<\/tr>\n<tr>\n<td>Spins saor in aisce<\/td>\n<td>\u00d3 10 go 300<\/td>\n<td>Cr\u00e9-umha &#8211; Finsc\u00e9al Airgid<\/td>\n<\/tr>\n<tr>\n<td>Gan aon b\u00f3nais Taisce<\/td>\n<td>\u00d3 2300 EUR go 22500 EUR<\/td>\n<td>Finsc\u00e9al \u00d3rga &#8211; Finsc\u00e9al Diamond<\/td>\n<\/tr>\n<\/tbody>\n<\/table>\n<p>&nbsp;<\/p>\n<p>T\u00e1 na duaiseanna seo, at\u00e1 san \u00e1ireamh sa chl\u00e1r VIP is fearr ag Casino Rocket Play, f\u00edor-fhlaithi\u00fail. N\u00ed eis\u00edtear iad ach uair amh\u00e1in, i l\u00e1thair na huaire nuair a fhaigheann an t-imreoir leibh\u00e9al nua. Ach eis\u00edtear an ais\u00edoca\u00edocht gach seachtain.<\/p>\n<p>Mar bhall den chl\u00e1r, is f\u00e9idir leat taitneamh a bhaint as aon phrom\u00f3isin eile ar an su\u00edomh. Mar shampla, tairiscint\u00ed rialta gach seachtain. Mar sin, crutha\u00edtear na coinn\u00edollacha is comporda\u00ed le haghaidh siamsa\u00edochta duit sa Casino seo.<\/p>\n<p><img loading=\"lazy\" decoding=\"async\" class=\" wp-image-457 aligncenter\" src=\"https:\/\/rocketplay-new.com\/wp-content\/uploads\/2022\/09\/xrocketplay-vip-program.jpg.pagespeed.ic_.fug6cjifwk-300x171.jpg\" alt=\"Rocket Play VIP program\" width=\"705\" height=\"402\" srcset=\"https:\/\/rocketplay-new.com\/wp-content\/uploads\/2022\/09\/xrocketplay-vip-program.jpg.pagespeed.ic_.fug6cjifwk-300x171.jpg 300w, https:\/\/rocketplay-new.com\/wp-content\/uploads\/2022\/09\/xrocketplay-vip-program.jpg.pagespeed.ic_.fug6cjifwk-1024x583.jpg 1024w, https:\/\/rocketplay-new.com\/wp-content\/uploads\/2022\/09\/xrocketplay-vip-program.jpg.pagespeed.ic_.fug6cjifwk-768x437.jpg 768w, https:\/\/rocketplay-new.com\/wp-content\/uploads\/2022\/09\/xrocketplay-vip-program.jpg.pagespeed.ic_.fug6cjifwk.jpg 1435w\" sizes=\"auto, (max-width: 705px) 100vw, 705px\" \/><\/p>\n<h2>CC<\/h2>\n<h3>AN F\u00c9IDIR LIOM A CHUR ISTEACH \u00d3N gCL\u00c1R VIP M\u00c1 BHFUIL LIOM IMREOIR?<\/h3>\n<p>Ar nd\u00f3igh n\u00ed! M\u00e1 t\u00e1 d\u2019\u00e1it tuillte agat go hionraic i gcl\u00e1r vip Casino Rocket Play san Astr\u00e1il, gheobhaidh t\u00fa na pribhl\u00e9id\u00ed go l\u00e9ir a chuirtear ar f\u00e1il agus fanfaidh t\u00fa ann go dt\u00ed go gcruinneoidh t\u00fa fi\u00fa n\u00edos m\u00f3 point\u00ed. Is cuma c\u00e9 chomh deacair a roghna\u00edonn t\u00fa iad.<\/p>\n<p><span style=\"font-weight: 400;\"><div class=\"tosh-btn\"><a href=\"\/go-casino\/\" target=\"_blank\" rel=\"noopener\">FAIGH B\u00d3NAS<\/a><\/div> <\/span><\/p>\n<h3>AN G\u00c1 DH\u00c9ANAMH DUIT NA CIST\u00cd A THUGTAR AR AIS AG \u00daS\u00c1ID AIRGEAD A THAIRE AR AIS?<\/h3>\n<p>T\u00e1. N\u00ed bheidh t\u00fa in ann iad a thaispe\u00e1int ar an l\u00e9arsc\u00e1il l\u00e1ithreach. T\u00e1 coinn\u00edollacha wager beag. N\u00ed m\u00f3r an m\u00e9id a thugtar ar ais a iolr\u00fa faoi 5. Taispe\u00e1nfaidh s\u00e9 seo c\u00e9 mh\u00e9ad a chaithfidh t\u00fa geall a dh\u00e9anamh chun an tarraingt siar a ghn\u00edomhacht\u00fa.<\/p>\n<h3>C\u00c1 F\u00c9IDIR LEIS MO DUL CHUN CINN SA CHL\u00c1R A RIAN\u00da?<\/h3>\n<p>T\u00e1 gach faisn\u00e9is \u00e1bhartha ar an \u00e1bhar seo i do chuntas pearsanta. F\u00e9ach ann.<\/p>\n<p>L\u00e9igh freisin faoi: <a href=\"https:\/\/rocketplay-new.com\/ga\/welcome-offer\/\">Tairiscint\u00ed F\u00e1ilte\u00a0<\/a><\/p>\n","protected":false},"excerpt":{"rendered":"<p>N\u00edl ach tr\u00ed litir VIP cos\u00fail i gc\u00f3na\u00ed a bheith rud \u00e9igin m\u00f3r le r\u00e1. Agus is cos\u00fail gur tasc nach f\u00e9idir a bhaint amach a bheith i do chliant VIP. Ar ch\u00fais \u00e9igin, t\u00e1 tuairim sa tsocha\u00ed go bhfuil s\u00e9 deacair a bheith ina chliant speisialta, faoi phribhl\u00e9id agus go dt\u00f3gann s\u00e9 tamall fada&#8230;.<\/p>\n","protected":false},"author":1,"featured_media":0,"parent":0,"menu_order":0,"comment_status":"closed","ping_status":"closed","template":"","meta":{"_acf_changed":false,"_kad_post_transparent":"default","_kad_post_title":"default","_kad_post_layout":"default","_kad_post_sidebar_id":"","_kad_post_content_style":"default","_kad_post_vertical_padding":"default","_kad_post_feature":"","_kad_post_feature_position":"","_kad_post_header":false,"_kad_post_footer":false,"footnotes":""},"class_list":["post-2013","page","type-page","status-publish","hentry"],"acf":[],"rttpg_featured_image_url":null,"rttpg_author":{"display_name":"John","author_link":"https:\/\/rocketplay-new.com\/ga\/author\/pemvas95n89x\/"},"rttpg_comment":0,"rttpg_category":null,"rttpg_excerpt":"N\u00edl ach tr\u00ed litir VIP cos\u00fail i gc\u00f3na\u00ed a bheith rud \u00e9igin m\u00f3r le r\u00e1. Agus is cos\u00fail gur tasc nach f\u00e9idir a bhaint amach a bheith i do chliant VIP. Ar ch\u00fais \u00e9igin, t\u00e1 tuairim sa tsocha\u00ed go bhfuil s\u00e9 deacair a bheith ina chliant speisialta, faoi phribhl\u00e9id agus go dt\u00f3gann s\u00e9 tamall fada....","_links":{"self":[{"href":"https:\/\/rocketplay-new.com\/ga\/wp-json\/wp\/v2\/pages\/2013","targetHints":{"allow":["GET"]}}],"collection":[{"href":"https:\/\/rocketplay-new.com\/ga\/wp-json\/wp\/v2\/pages"}],"about":[{"href":"https:\/\/rocketplay-new.com\/ga\/wp-json\/wp\/v2\/types\/page"}],"author":[{"embeddable":true,"href":"https:\/\/rocketplay-new.com\/ga\/wp-json\/wp\/v2\/users\/1"}],"replies":[{"embeddable":true,"href":"https:\/\/rocketplay-new.com\/ga\/wp-json\/wp\/v2\/comments?post=2013"}],"version-history":[{"count":3,"href":"https:\/\/rocketplay-new.com\/ga\/wp-json\/wp\/v2\/pages\/2013\/revisions"}],"predecessor-version":[{"id":5731,"href":"https:\/\/rocketplay-new.com\/ga\/wp-json\/wp\/v2\/pages\/2013\/revisions\/5731"}],"wp:attachment":[{"href":"https:\/\/rocketplay-new.com\/ga\/wp-json\/wp\/v2\/media?parent=2013"}],"curies":[{"name":"wp","href":"https:\/\/api.w.org\/{rel}","templated":true}]}}