{"id":2005,"date":"2022-09-20T14:15:51","date_gmt":"2022-09-20T11:15:51","guid":{"rendered":"https:\/\/rocketplay-new.com\/gold-express\/"},"modified":"2025-04-02T15:01:11","modified_gmt":"2025-04-02T12:01:11","slug":"gold-express","status":"publish","type":"page","link":"https:\/\/rocketplay-new.com\/ga\/gold-express\/","title":{"rendered":"Athbhreithni\u00fa Sliot\u00e1n \u00d3ir Express"},"content":{"rendered":"<p><img loading=\"lazy\" decoding=\"async\" class=\" wp-image-470 aligncenter\" src=\"https:\/\/rocketplay-new.com\/wp-content\/uploads\/2022\/09\/gold-express-slot-booongo-300x196.jpg\" alt=\"Gold Express slot review\" width=\"686\" height=\"448\" srcset=\"https:\/\/rocketplay-new.com\/wp-content\/uploads\/2022\/09\/gold-express-slot-booongo-300x196.jpg 300w, https:\/\/rocketplay-new.com\/wp-content\/uploads\/2022\/09\/gold-express-slot-booongo.jpg 612w\" sizes=\"auto, (max-width: 686px) 100vw, 686px\" \/><\/p>\n<h2>CONAS A IMIRT<\/h2>\n<p>M\u00e1 fhaigheann t\u00fa agus m\u00e1 ritheann t\u00fa i sliot\u00e1n ar l\u00edne <a href=\"https:\/\/rocketplay-new.com\/ga\">Rocket Play<\/a> Gold Express, ansin n\u00ed bheidh aon fadhbanna lena seoladh. T\u00e1 s\u00e9 an-\u00e9asca agus simpl\u00ed \u00e9 a imirt. D\u00e9anann na meicnic\u00ed anseo gach sliot\u00e1n clasaiceach ar l\u00edne a athr\u00e1 go hioml\u00e1n.<\/p>\n<p>Oscl\u00f3far p\u00e1irc imeartha de 5 r\u00edl os do chomhair. T\u00e1 oiread agus 20 l\u00edne p\u00e1 anseo. Chun na r\u00edleanna a thos\u00fa, n\u00ed m\u00f3r duit cnaipe speisialta a bhr\u00fa. Roimhe sin, ar an bpain\u00e9al faisn\u00e9ise, is f\u00e9idir leat eolas a chur ar na m\u00e9ideanna geall n\u00f3 spins uathoibr\u00edoch a shocr\u00fa.<\/p>\n<p>Gach bhfuil t\u00fa a dh\u00e9anamh n\u00e1 a ghn\u00edomhacht\u00fa gluaiseacht na r\u00edleanna agus iarracht a bhaili\u00fa siombail\u00ed a bhuaigh. M\u00e1 \u00e9ir\u00edonn leat, tabharfar \u00edoca\u00edocht duit as measc\u00e1n ar l\u00edne, n\u00f3 oscl\u00f3far babhta b\u00f3nais. Maidir le cad eile at\u00e1 sa bh\u00f3nas Rocket Play Gold Express, beidh muid ag caint n\u00edos faide.<\/p>\n<p style=\"text-align: center;\"><div class=\"tosh-btn\"><a href=\"\/go-casino\/\" target=\"_blank\" rel=\"noopener\">FAIGH B\u00d3NAS<\/a><\/div><\/p>\n<h2>SIOMBAIL AGUS \u00cdOCA\u00cdOCHTA\u00cd<\/h2>\n<p>A ligean ar a fheice\u00e1il cad iad na siombail\u00ed i bhfolach ar na r\u00edleanna. Gc\u00e9ad dul s\u00edos, d\u00e9anaimis labhairt faoi na cinn is simpl\u00ed d\u00edobh &#8211; ainmn\u00edochta\u00ed c\u00e1rta\u00ed. Tugann siad brab\u00fas beag: \u00f3 0.30 go 6.00. Chun a fh\u00e1il ar a laghad an bua \u00edosta, is g\u00e1 duit a bhaili\u00fa ar a laghad 3 siombail\u00ed ar payline.<\/p>\n<p>Anois c\u00fapla focal faoi siombail\u00ed n\u00edos costasa\u00ed. Meabhra\u00edonn t\u00e9ama an tsliot\u00e1in seo sc\u00e9al Agatha Christie faoin Orient Express. Anseo t\u00e1 siombail na traenach agus na paisin\u00e9ir\u00ed inti, chomh maith leis an seolt\u00f3ir.<\/p>\n<p>M\u00e1 t\u00e1 t\u00fa chun f\u00edor-airgead a bhuachan ag sliot\u00e1n Rocket Play Gold Express, seice\u00e1il an t\u00e1bla in\u00edoctha.<\/p>\n<table>\n<tbody>\n<tr>\n<td>Siombail<\/td>\n<td>\u00cdoca\u00edochta\u00ed<\/td>\n<\/tr>\n<tr>\n<td>Seolt\u00f3ir (glas)<\/td>\n<td><span style=\"font-weight: 400;\">0.75\u201312.00<\/span><\/td>\n<\/tr>\n<tr>\n<td>Paisin\u00e9ir blonde<\/td>\n<td><span style=\"font-weight: 400;\">0.75\u201312.00<\/span><\/td>\n<\/tr>\n<tr>\n<td>Fear uasal le monocle<\/td>\n<td><span style=\"font-weight: 400;\">1.5\u201315.00<\/span><\/td>\n<\/tr>\n<tr>\n<td>Paisin\u00e9ir brunette<\/td>\n<td><span style=\"font-weight: 400;\">1.5\u201315.00<\/span><\/td>\n<\/tr>\n<tr>\n<td>Fear Mhustachioed<\/td>\n<td><span style=\"font-weight: 400;\">3.00\u201330.00<\/span><\/td>\n<\/tr>\n<tr>\n<td>Carr traenach<\/td>\n<td><span style=\"font-weight: 400;\">3.00\u2013150.00<\/span><\/td>\n<\/tr>\n<\/tbody>\n<\/table>\n<p>D\u00e1la an sc\u00e9il, is siombail Scaip \u00e9 an traein freisin. T\u00e1 Wild ag an sliot\u00e1n freisin i bhfoirm m\u00e1la taistil. Tagann s\u00e9 in ionad siombail\u00ed eile m\u00e1 t\u00e1 ceann acu ar iarraidh le haghaidh teaglaim. T\u00e1 siombail B\u00f3nas sa chluiche freisin. Spreagann s\u00e9 ceann de na babhta\u00ed b\u00f3nais, a labhr\u00f3imid faoi seo chugainn.<\/p>\n<h2>Gn\u00e9 B\u00d3NAS IS FEARR Express \u00d3ir<\/h2>\n<p>T\u00e1 an sliot\u00e1n ar eolas ach le haghaidh an \u00e9ags\u00falacht a gn\u00e9ithe b\u00f3nas. Ligeann s\u00e9 duit suimeanna m\u00f3ra a bhuachan, fi\u00fa m\u00e1 bh\u00ed bancroll beag agat ar dt\u00fas.<\/p>\n<p>Cuirtear an fheidhm treisithe i ngn\u00edomh nuair a fheictear an tsiombail bainc mhuiniompair ar an sc\u00e1ile\u00e1n. Is f\u00e9idir leis tarl\u00fa in aon mhodh cluiche. A bhu\u00edochas leis, d\u00e9antar na buaiteanna do gach siombail\u00ed b\u00f3nais a achoimri\u00fa, a bhfuil beochan geal ag gabh\u00e1il leis.<\/p>\n<p>Rocket Play Gold Express spins saor in aisce. Don bhabhta seo, beidh ort scaiptheoir\u00ed a bhaili\u00fa. Caithfidh t\u00fa 3 cinn ar a laghad d\u00edobh a fh\u00e1il ar an sc\u00e1ile\u00e1n. Ansin gheobhaidh t\u00fa 8 spins de na r\u00edleanna nach ngearrfar t\u00e1ille ort. Is f\u00e9idir an babhta seo a mh\u00e9ad\u00fa m\u00e1 thuirling\u00edonn na scaiptheoir\u00ed ar\u00eds. Chomh maith leis sin sa mhodh seo, titeann iolraitheoir\u00ed randamacha amach.<\/p>\n<p>M\u00e1 t\u00e1 an t-\u00e1dh leat 6 bhonn a bhaili\u00fa, cuirfear t\u00fas leis an gcluiche b\u00f3nais. Ag an am seo, beidh gn\u00e1th-bhoinn le feice\u00e1il ar an sc\u00e1ile\u00e1n, ag m\u00e9ad\u00fa na buaite, chomh maith le boinn le pota\u00ed \u00f3ir. N\u00ed bheidh a thuilleadh \u00edomh\u00e1nna anseo. Tabharfar 3 casadh duit. Le linn d\u00f3ibh, socr\u00f3far na boinn go l\u00e9ir in \u00e1iteanna randamach (n\u00f3 nach ea). M\u00e1 tharla\u00edonn s\u00e9 seo, cuirfear n\u00edos m\u00f3 spins leat. Is f\u00e9idir leat na 20 bonn b\u00f3nais go l\u00e9ir a bhaili\u00fa anseo. Beidh buachan carnach.<\/p>\n<p style=\"text-align: center;\"><div class=\"tosh-btn\"><a href=\"\/go-casino\/\" target=\"_blank\" rel=\"noopener\">FAIGH B\u00d3NAS<\/a><\/div><\/p>\n<p>Chomh maith leis sin t\u00e1 ollduaiseanna ag sliot\u00e1n Rocket Play Gold Express Astr\u00e1il:<\/p>\n<ul>\n<li>Mion &#8211; 60.00;<\/li>\n<li>Mion &#8211; 150.00;<\/li>\n<li>M\u00f3r &#8211; 450.00.<\/li>\n<\/ul>\n<p>M\u00e1 t\u00e1 an r\u00e9imse ioml\u00e1n cl\u00fadaithe ag siombail\u00ed le linn an bhabhta b\u00f3nais, ansin gheobhaidh t\u00fa an Pota \u00d3ir Mh\u00f3r.<\/p>\n<p><img loading=\"lazy\" decoding=\"async\" class=\" wp-image-469 aligncenter\" src=\"https:\/\/rocketplay-new.com\/wp-content\/uploads\/2022\/09\/gold-express-slot-base-game-300x170.webp\" alt=\"Gold Express slot\" width=\"688\" height=\"390\" srcset=\"https:\/\/rocketplay-new.com\/wp-content\/uploads\/2022\/09\/gold-express-slot-base-game-300x170.webp 300w, https:\/\/rocketplay-new.com\/wp-content\/uploads\/2022\/09\/gold-express-slot-base-game.webp 600w\" sizes=\"auto, (max-width: 688px) 100vw, 688px\" \/><\/p>\n<p>Mar sin n\u00e1 cuir do chuid ama am\u00fa! B\u00ed cinnte triail a bhaint as an sliot\u00e1n seo, mar go bhfuil s\u00e9 iontach chun airgead a dh\u00e9anamh agus d\u00edreach ag spraoi.<\/p>\n<h2>CC<\/h2>\n<h3>C\u00c9ARD IAD AN t-iolRaitheoir is airde SA CHLUICH\u00cd SEO?<\/h3>\n<p>N\u00edl s\u00e9 chomh furasta \u00e9 a fh\u00e1il. Dealra\u00edonn s\u00e9 m\u00e1 l\u00edonann t\u00fa na cealla go l\u00e9ir le linn an bhabhta b\u00f3nais. Is \u00e9 sin, chun an t-iolraitheoir a fh\u00e1il, n\u00ed m\u00f3r duit an Pota \u00d3ir Mh\u00f3r a ghn\u00edomhacht\u00fa. T\u00e1 a mh\u00e9id chomh m\u00f3r le x2000! Mar sin, d\u00e1 mh\u00e9ad t\u00fa geall, is amhlaidh is m\u00f3 airgid a gheobhaidh t\u00fa.<\/p>\n<h3>CAD \u00c9 AN C\u00c9AT\u00c1N IAD AN RTP SA CHLUICH\u00cd AR L\u00cdNE SEO?<\/h3>\n<p>L\u00e9ir\u00edonn monar\u00f3ir an chluiche seo at\u00e1 l\u00e1n de bhabhta\u00ed b\u00f3nais c\u00e9atad\u00e1n den s\u00f3rt sin &#8211; 96%.<\/p>\n<p>L\u00e9igh freisin faoi: <a href=\"https:\/\/rocketplay-new.com\/ga\/monkey-king\/\">Monkey King Slot<\/a><\/p>\n","protected":false},"excerpt":{"rendered":"<p>CONAS A IMIRT M\u00e1 fhaigheann t\u00fa agus m\u00e1 ritheann t\u00fa i sliot\u00e1n ar l\u00edne Rocket Play Gold Express, ansin n\u00ed bheidh aon fadhbanna lena seoladh. T\u00e1 s\u00e9 an-\u00e9asca agus simpl\u00ed \u00e9 a imirt. D\u00e9anann na meicnic\u00ed anseo gach sliot\u00e1n clasaiceach ar l\u00edne a athr\u00e1 go hioml\u00e1n. Oscl\u00f3far p\u00e1irc imeartha de 5 r\u00edl os do chomhair&#8230;.<\/p>\n","protected":false},"author":1,"featured_media":0,"parent":0,"menu_order":0,"comment_status":"closed","ping_status":"closed","template":"","meta":{"_acf_changed":false,"_kad_post_transparent":"default","_kad_post_title":"default","_kad_post_layout":"default","_kad_post_sidebar_id":"","_kad_post_content_style":"default","_kad_post_vertical_padding":"default","_kad_post_feature":"","_kad_post_feature_position":"","_kad_post_header":false,"_kad_post_footer":false,"footnotes":""},"class_list":["post-2005","page","type-page","status-publish","hentry"],"acf":[],"rttpg_featured_image_url":null,"rttpg_author":{"display_name":"John","author_link":"https:\/\/rocketplay-new.com\/ga\/author\/pemvas95n89x\/"},"rttpg_comment":0,"rttpg_category":null,"rttpg_excerpt":"CONAS A IMIRT M\u00e1 fhaigheann t\u00fa agus m\u00e1 ritheann t\u00fa i sliot\u00e1n ar l\u00edne Rocket Play Gold Express, ansin n\u00ed bheidh aon fadhbanna lena seoladh. T\u00e1 s\u00e9 an-\u00e9asca agus simpl\u00ed \u00e9 a imirt. D\u00e9anann na meicnic\u00ed anseo gach sliot\u00e1n clasaiceach ar l\u00edne a athr\u00e1 go hioml\u00e1n. Oscl\u00f3far p\u00e1irc imeartha de 5 r\u00edl os do chomhair....","_links":{"self":[{"href":"https:\/\/rocketplay-new.com\/ga\/wp-json\/wp\/v2\/pages\/2005","targetHints":{"allow":["GET"]}}],"collection":[{"href":"https:\/\/rocketplay-new.com\/ga\/wp-json\/wp\/v2\/pages"}],"about":[{"href":"https:\/\/rocketplay-new.com\/ga\/wp-json\/wp\/v2\/types\/page"}],"author":[{"embeddable":true,"href":"https:\/\/rocketplay-new.com\/ga\/wp-json\/wp\/v2\/users\/1"}],"replies":[{"embeddable":true,"href":"https:\/\/rocketplay-new.com\/ga\/wp-json\/wp\/v2\/comments?post=2005"}],"version-history":[{"count":4,"href":"https:\/\/rocketplay-new.com\/ga\/wp-json\/wp\/v2\/pages\/2005\/revisions"}],"predecessor-version":[{"id":5640,"href":"https:\/\/rocketplay-new.com\/ga\/wp-json\/wp\/v2\/pages\/2005\/revisions\/5640"}],"wp:attachment":[{"href":"https:\/\/rocketplay-new.com\/ga\/wp-json\/wp\/v2\/media?parent=2005"}],"curies":[{"name":"wp","href":"https:\/\/api.w.org\/{rel}","templated":true}]}}