{"id":1995,"date":"2022-08-11T19:18:05","date_gmt":"2022-08-11T16:18:05","guid":{"rendered":"https:\/\/rocketplay-new.com\/free-spins\/"},"modified":"2026-02-25T15:28:24","modified_gmt":"2026-02-25T12:28:24","slug":"free-spins","status":"publish","type":"page","link":"https:\/\/rocketplay-new.com\/ga\/free-spins\/","title":{"rendered":"Spins saor in aisce ag Rocket Play"},"content":{"rendered":"<p><img loading=\"lazy\" decoding=\"async\" class=\" wp-image-273 aligncenter\" src=\"https:\/\/rocketplay-new.com\/wp-content\/uploads\/2022\/08\/1-300x113.jpeg\" alt=\"rocket play\" width=\"621\" height=\"234\" srcset=\"https:\/\/rocketplay-new.com\/wp-content\/uploads\/2022\/08\/1-300x113.jpeg 300w, https:\/\/rocketplay-new.com\/wp-content\/uploads\/2022\/08\/1-1024x384.jpeg 1024w, https:\/\/rocketplay-new.com\/wp-content\/uploads\/2022\/08\/1-768x288.jpeg 768w, https:\/\/rocketplay-new.com\/wp-content\/uploads\/2022\/08\/1.jpeg 1140w\" sizes=\"auto, (max-width: 621px) 100vw, 621px\" \/><\/p>\n<p>T\u00e1 spins saor in aisce <a href=\"https:\/\/rocketplay-new.com\/ga\">RocketPlay<\/a> ar cheann de na cine\u00e1lacha spins b\u00f3nais is coitianta i sliot\u00e1n ar l\u00edne. De ghn\u00e1th tugann <a href=\"https:\/\/rocketplay-new.com\/ga\/slot-machines\/\">meais\u00edn\u00ed sliot\u00e1n<\/a> le tuiscint go bhfuil cuntas b\u00f3nais n\u00f3 taisce i l\u00e1thair, a fhaigheann airgead buaite \u00f3 spins saor in aisce agus \u00f3 chist\u00ed b\u00f3nais eile. Chun iad a tharraingt siar, n\u00ed m\u00f3r duit coinn\u00edollacha an gheallta a chomhl\u00edonadh.<\/p>\n<p>Mar shampla, cuireann su\u00edomh \u00e1irithe 20 spins saor in aisce ar shliot\u00e1n le linn cl\u00e1r\u00fach\u00e1in. M\u00e1s \u00e9 praghas \u201ccoinn\u00edollach\u201d an chas\u00e1in n\u00e1 5 cent, ansin beidh an t-imreoir in ann 20 spins saor in aisce a dh\u00e9anamh ar r\u00e1ta 5 cent. Sa ch\u00e1s seo, t\u00e1 s\u00e9 t\u00e1bhachtach c\u00e9n praghas ar casadh a shol\u00e1thra\u00edonn spins saor in aisce Casino RocketPlay.<\/p>\n<p>Toisc go mbaineann gach buaite leis an geall a iolr\u00fa. D\u00e1 r\u00e9ir sin, t\u00e1 tionchar ag imirt le haghaidh 1 cent n\u00f3 40 dollar. Tabharfaidh an measc\u00e1n c\u00e9anna a \u00edocann 200x an geall bua $2 n\u00f3 $8000 &#8211; difr\u00edocht shuntasach? De ghn\u00e1th, b\u00edonn praghas casadh idir 10 agus 50 cent.<\/p>\n<p>Wager: cad a bhuaigh imreoir ar spins saor in aisce? Gc\u00e9ad dul s\u00edos, is g\u00e1 a mh\u00edni\u00fa an t\u00e9arma wager. Glacann coinn\u00edollacha geallt\u00f3ireachta leis nach dt\u00e9ann na cist\u00ed go l\u00e9ir a bhuaigh le linn spins saor in aisce chuig an bpr\u00edomhchuntas, ach chuig an gceann b\u00f3nais. A dh\u00e9anann for\u00e1il maidir le coinn\u00edollacha speisialta maidir le tarraingt siar na gcist\u00ed seo.<\/p>\n<p>Cialla\u00edonn an wager an t-\u00edosmh\u00e9id bankroll a chaitear ar an gcluiche. Is cuma m\u00e1 bhuaigh an t-imreoir n\u00f3 nach bhfuil, t\u00e1 s\u00e9 suntasach go bhfuil an m\u00e9id a chaitheamh. Chomh luath agus a chomhl\u00edontar an coinn\u00edoll seo, t\u00e9ann gach buaite ar spins saor in aisce isteach sa chatag\u00f3ir f\u00edor-airgead.<\/p>\n<p>Mar sin, i nd\u00e1ir\u00edre, is meicn\u00edocht \u00e9 an geall chun leasanna an cheasa\u00edneo f\u00e9in a chosaint. Ag an am c\u00e9anna, cuireann sraith spins saor in aisce, mar riail, le tuiscint freisin go bhfuil d\u00f3ch\u00falacht n\u00edos m\u00f3 ann go dtitfidh iolraitheoir\u00ed m\u00f3ra amach, agus mar sin t\u00e1 spins saor in aisce beagnach r\u00e1thaithe go dtiocfaidh m\u00e9ad\u00fa suntasach ar an taisce.<\/p>\n<p style=\"text-align: center;\"><span style=\"font-weight: 400;\"><div class=\"tosh-btn\"><a href=\"\/go-casino\/\" target=\"_blank\" rel=\"noopener\">FAIGH B\u00d3NAS<\/a><\/div><\/span><\/p>\n<h2>CONAS spins SAOR IN AISCE A \u00c9ILEAMH<\/h2>\n<p>C\u00e9n chaoi a dtugtar spins saor in aisce ar Casino RocketPlay gan aon \u00e9arlais, conas iad a fh\u00e1il? T\u00e1 roinnt beala\u00ed ann chun an b\u00f3nas seo a fh\u00e1il:<\/p>\n<ul>\n<li>Gradam Cl\u00e1r\u00fach\u00e1in.<\/li>\n<li>Is cleachtas coitianta \u00e9 b\u00f3nais chomhghairdis. Cuirtear cist\u00ed den s\u00f3rt sin chun sochair an chuntais de ghn\u00e1th, rud a thugann le tuiscint coinn\u00edollacha geallchur chun b\u00f3nais a tharraingt siar n\u00f3 f\u00edor-airgead a bhuachan.<\/li>\n<li>Comhcheangail bhuaigh. Sol\u00e1thra\u00edonn gach meais\u00edn sliot\u00e1n a shraith f\u00e9in de chomhcheangail a thugann gach cine\u00e1l b\u00f3nais don imreoir, lena n-\u00e1ir\u00edtear spins saor in aisce. Tairgeann ceasa\u00edneonna \u00e9ags\u00fala ar l\u00edne coinn\u00edollacha \u00e9ags\u00fala chun cist\u00ed a bhuaigh tr\u00ed spins saor in aisce a tharraingt siar: is f\u00e9idir leis na cist\u00ed dul l\u00e1ithreach chuig pr\u00edomhchuntas n\u00f3 cuntas b\u00f3nais an imreora le geall.<\/li>\n<\/ul>\n<p>Stoc. \u00d3 am go ch\u00e9ile, re\u00e1cht\u00e1iltear tionscnaimh \u00e9ags\u00fala ag gach ionad m\u00f3r, ar f\u00e9idir iad a cheangal le laethanta saoire agus \u00f3c\u00e1id\u00ed eile. I nd\u00e1ir\u00edre, is \u00e9ard at\u00e1 i gceist le cur chun cinn n\u00e1 roinnt earra\u00ed a dh\u00e1ileadh, i measc daoine eile, is minic a thugtar spins saor in aisce.<\/p>\n<p>Sc\u00e9alta grinn praitici\u00fala. Is gn\u00e1thchleachtas iad scuabgheallta \u00e9ags\u00fala, r\u00fail\u00e9id, crannchuir agus b\u00f3nais eile a fhaigheann taca\u00edocht rialta \u00f3 fhormh\u00f3r m\u00f3r na su\u00edomhanna m\u00f3ra. Is f\u00e9idir leis na m\u00edlte spins saor in aisce a bheith buaite i ngn\u00edomha\u00edochta\u00ed den s\u00f3rt sin, \u00e1fach, d\u2019fh\u00e9adfadh na coinn\u00edollacha geallchur a bheith difri\u00fail leis na coinn\u00edollacha caighde\u00e1nacha.<\/p>\n<p>Is f\u00e9idir na coinn\u00edollacha maidir le cist\u00ed a tharraingt siar \u00f3 chuntas b\u00f3nais a fh\u00e1il i rialacha an tsu\u00edmh i gc\u00f3na\u00ed, m\u00e1 t\u00e1 muid ag caint faoi cheasa\u00edneonna cead\u00fanaithe ar l\u00edne.<\/p>\n<p>Athl\u00edonadh an \u00e9arlais, ceannach st\u00e1das VIP. Is cinnte nach dtabharfaidh riarach\u00e1n an cheasa\u00edneo ar l\u00edne faoi deara an t-iarmh\u00e9id a mh\u00e9ad\u00fa agus st\u00e1das VIP a cheannach. Is cleachtas coitianta \u00e9 fabhr\u00fa b\u00f3nais i gc\u00e1s den s\u00f3rt sin.<\/p>\n<p>D\u00e9anann saineolaithe ar an bhf\u00edric go bhfuil \u00e9arlais acu idirdheal\u00fa a dh\u00e9anamh ar dh\u00e1 phr\u00edomhchine\u00e1l spins saor in aisce.<\/p>\n<p>Spins saor in aisce gan \u00e9arlais. Is ionann spins saor in aisce agus coibh\u00e9is cearrbhachais an bh\u00f3nais airgid in aisce. Faigheann an gambler an ceart chun spins saor in aisce ar aon n\u00f3 \u00e1irithe meais\u00edn\u00ed sliot\u00e1n f\u00edor\u00fail. T\u00e9ann an t-airgead a bhuaigh ar an mbealach seo go dt\u00ed an cuntas i gc\u00f3na\u00ed leis an wager.<\/p>\n<p>Spins saor in aisce le taisce. Tairgeann go leor meais\u00edn\u00ed sliot\u00e1n b\u00f3nais nuair a dh\u00e9antar cuntas a athl\u00e1n\u00fa ar feadh m\u00e9id \u00e1irithe, agus is f\u00e9idir c\u00f3ras il-leibh\u00e9il a bheith ag na b\u00f3nais seo. Iad si\u00fad. ag brath ar an m\u00e9id athl\u00edonta, is f\u00e9idir leis an imreoir a fh\u00e1il m\u00e9id difri\u00fail de chist\u00ed b\u00f3nais, lena n-\u00e1ir\u00edtear spins saor in aisce.<\/p>\n<p>Bunt\u00e1ist\u00ed spins saor in aisce le b\u00f3nas Casino RocketPlay:<\/p>\n<ul>\n<li>N\u00ed \u00e9il\u00edonn an b\u00f3nas infheist\u00edochta\u00ed f\u00edor;<\/li>\n<li>Ag baint \u00fas\u00e1ide as cist\u00ed b\u00f3nais is f\u00e9idir leat f\u00edor-airgead a bhuachan;<\/li>\n<li>Tugtar spins saor in aisce go minic agus go h\u00e9asca m\u00e1 chomhl\u00edontar coinn\u00edollacha \u00e1irithe.<\/li>\n<\/ul>\n<p>M\u00edbhunt\u00e1ist\u00ed RocketPlay spins saor in aisce casino Astr\u00e1il:<\/p>\n<ul>\n<li>Chun buaite a tharraingt siar, n\u00ed m\u00f3r duit geall a dh\u00e9anamh;<\/li>\n<li>(is f\u00e9idir) liosta teoranta de mheais\u00edn\u00ed sliot\u00e1n le haghaidh an chluiche;<\/li>\n<li>(is f\u00e9idir) m\u00e9id teoranta geall;<\/li>\n<li>Tugann siad amach go minic agus go toilteanach, ach n\u00ed leor.<\/li>\n<\/ul>\n<p>Is feinim\u00e9an taitneamhach iad spins b\u00f3nas a \u00e9ags\u00fal\u00fa ar an gameplay agus geall\u00faint\u00ed bunt\u00e1ist\u00ed breise. T\u00e1 bunt\u00e1ist\u00ed agus m\u00edbhunt\u00e1ist\u00ed ag baint lena n-\u00fas\u00e1id.<\/p>\n<p><img loading=\"lazy\" decoding=\"async\" class=\" wp-image-274 aligncenter\" src=\"https:\/\/rocketplay-new.com\/wp-content\/uploads\/2022\/08\/casino-free-spins-slot-sign-machine-vector-illustration-194647586-300x192.jpg\" alt=\"free spins rocketplay\" width=\"580\" height=\"371\" srcset=\"https:\/\/rocketplay-new.com\/wp-content\/uploads\/2022\/08\/casino-free-spins-slot-sign-machine-vector-illustration-194647586-300x192.jpg 300w, https:\/\/rocketplay-new.com\/wp-content\/uploads\/2022\/08\/casino-free-spins-slot-sign-machine-vector-illustration-194647586-768x492.jpg 768w, https:\/\/rocketplay-new.com\/wp-content\/uploads\/2022\/08\/casino-free-spins-slot-sign-machine-vector-illustration-194647586.jpg 800w\" sizes=\"auto, (max-width: 580px) 100vw, 580px\" \/><\/p>\n<h2>B\u00d3NAS EILE Rocket Play<\/h2>\n<p>Is \u00e9 an pr\u00edomhthasc at\u00e1 ag ceasa\u00edneo ar l\u00edne n\u00e1 imreoir\u00ed nua a mhealladh. Chun seo a dh\u00e9anamh, \u00fas\u00e1ideann tairseacha cluiche go leor modhanna \u00e9ags\u00fala. Agus is \u00e9 an ceann is coitianta n\u00e1 gach cine\u00e1l b\u00f3nais a chur chun cinn:<\/p>\n<ul>\n<li>Gan aon b\u00f3nais Taisce;<\/li>\n<li>Pac\u00e1iste f\u00e1ilte;<\/li>\n<li>Ais Airgead Tirim;<\/li>\n<li>Athl\u00f3d\u00e1il;<\/li>\n<li>B\u00f3nas ar \u00f3c\u00e1id \u200b\u200bna saoire;<\/li>\n<li>B\u00f3nas athl\u00e1naithe.<\/li>\n<\/ul>\n<p>T\u00e1 b\u00f3nas ar bith go maith don imreoir. Mar sin f\u00e9in, n\u00ed m\u00f3r duit a choinne\u00e1il i gcuimhne go nd\u00e9anann ceasa\u00edneonna ar l\u00edne bogadh go c\u00faramach ar na b\u00f3nais go l\u00e9ir.<\/p>\n<p><span style=\"font-weight: 400;\"><div class=\"tosh-btn\"><a href=\"\/go-casino\/\" target=\"_blank\" rel=\"noopener\">FAIGH B\u00d3NAS<\/a><\/div><\/span><\/p>\n<h2>CC<\/h2>\n<h3>CONAS B\u00d3NAS A FH\u00c1IL?<\/h3>\n<p>T\u00e1 cl\u00e1r\u00fa agus f\u00edor\u00fa riachtanach chun an b\u00f3nas a fh\u00e1il.<\/p>\n<h3>AN BHFUIL S\u00c9 G\u00c1 AN B\u00d3NAS A FH\u00c1IL?<\/h3>\n<p>Sea, is riachtanas \u00e9igeantach \u00e9 seo.<\/p>\n<h3>CONAS CIST\u00cd A AIS\u00cdTI\u00da DEN CHUNTAS B\u00d3NAS?<\/h3>\n<p>Tarraing\u00edonn b\u00f3nais ceasa\u00edneo saor in aisce go leor aird. Ag an am c\u00e9anna, ba cheart a thuiscint go bhfuil s\u00e9 dodh\u00e9anta go simpl\u00ed iad a tharraingt siar l\u00e1ithreach. Is f\u00e9idir leis an imreoir an cuntas b\u00f3nais a \u00fas\u00e1id chun lean\u00faint ar aghaidh ag imirt. Chun airgead a aistarraingt uaidh, n\u00ed m\u00f3r duit an t-airgead a fuarthas a bhuachan ar ais.<\/p>\n","protected":false},"excerpt":{"rendered":"<p>T\u00e1 spins saor in aisce RocketPlay ar cheann de na cine\u00e1lacha spins b\u00f3nais is coitianta i sliot\u00e1n ar l\u00edne. De ghn\u00e1th tugann meais\u00edn\u00ed sliot\u00e1n le tuiscint go bhfuil cuntas b\u00f3nais n\u00f3 taisce i l\u00e1thair, a fhaigheann airgead buaite \u00f3 spins saor in aisce agus \u00f3 chist\u00ed b\u00f3nais eile. Chun iad a tharraingt siar, n\u00ed m\u00f3r&#8230;<\/p>\n","protected":false},"author":1,"featured_media":0,"parent":0,"menu_order":0,"comment_status":"closed","ping_status":"closed","template":"single-no-sidebar.php","meta":{"_acf_changed":false,"_kad_post_transparent":"default","_kad_post_title":"default","_kad_post_layout":"default","_kad_post_sidebar_id":"","_kad_post_content_style":"default","_kad_post_vertical_padding":"default","_kad_post_feature":"","_kad_post_feature_position":"","_kad_post_header":false,"_kad_post_footer":false,"footnotes":""},"class_list":["post-1995","page","type-page","status-publish","hentry"],"acf":[],"rttpg_featured_image_url":null,"rttpg_author":{"display_name":"John","author_link":"https:\/\/rocketplay-new.com\/ga\/author\/pemvas95n89x\/"},"rttpg_comment":0,"rttpg_category":null,"rttpg_excerpt":"T\u00e1 spins saor in aisce RocketPlay ar cheann de na cine\u00e1lacha spins b\u00f3nais is coitianta i sliot\u00e1n ar l\u00edne. De ghn\u00e1th tugann meais\u00edn\u00ed sliot\u00e1n le tuiscint go bhfuil cuntas b\u00f3nais n\u00f3 taisce i l\u00e1thair, a fhaigheann airgead buaite \u00f3 spins saor in aisce agus \u00f3 chist\u00ed b\u00f3nais eile. Chun iad a tharraingt siar, n\u00ed m\u00f3r...","_links":{"self":[{"href":"https:\/\/rocketplay-new.com\/ga\/wp-json\/wp\/v2\/pages\/1995","targetHints":{"allow":["GET"]}}],"collection":[{"href":"https:\/\/rocketplay-new.com\/ga\/wp-json\/wp\/v2\/pages"}],"about":[{"href":"https:\/\/rocketplay-new.com\/ga\/wp-json\/wp\/v2\/types\/page"}],"author":[{"embeddable":true,"href":"https:\/\/rocketplay-new.com\/ga\/wp-json\/wp\/v2\/users\/1"}],"replies":[{"embeddable":true,"href":"https:\/\/rocketplay-new.com\/ga\/wp-json\/wp\/v2\/comments?post=1995"}],"version-history":[{"count":5,"href":"https:\/\/rocketplay-new.com\/ga\/wp-json\/wp\/v2\/pages\/1995\/revisions"}],"predecessor-version":[{"id":11702,"href":"https:\/\/rocketplay-new.com\/ga\/wp-json\/wp\/v2\/pages\/1995\/revisions\/11702"}],"wp:attachment":[{"href":"https:\/\/rocketplay-new.com\/ga\/wp-json\/wp\/v2\/media?parent=1995"}],"curies":[{"name":"wp","href":"https:\/\/api.w.org\/{rel}","templated":true}]}}