{"id":1926,"date":"2022-09-20T12:17:34","date_gmt":"2022-09-20T09:17:34","guid":{"rendered":"https:\/\/rocketplay-new.com\/regular-bonuses\/"},"modified":"2025-04-02T18:16:51","modified_gmt":"2025-04-02T15:16:51","slug":"regular-bonuses","status":"publish","type":"page","link":"https:\/\/rocketplay-new.com\/ga\/regular-bonuses\/","title":{"rendered":"Gach eolas faoi b\u00f3nas rialta ag Casino Rocket Play"},"content":{"rendered":"<p><img loading=\"lazy\" decoding=\"async\" class=\" wp-image-444 aligncenter\" src=\"https:\/\/rocketplay-new.com\/wp-content\/uploads\/2022\/09\/rocketplay-high-roller-bonus-1-300x93.webp\" alt=\"rocketplay high roller bonus\" width=\"655\" height=\"203\" srcset=\"https:\/\/rocketplay-new.com\/wp-content\/uploads\/2022\/09\/rocketplay-high-roller-bonus-1-300x93.webp 300w, https:\/\/rocketplay-new.com\/wp-content\/uploads\/2022\/09\/rocketplay-high-roller-bonus-1-768x238.webp 768w, https:\/\/rocketplay-new.com\/wp-content\/uploads\/2022\/09\/rocketplay-high-roller-bonus-1.webp 968w\" sizes=\"auto, (max-width: 655px) 100vw, 655px\" \/><\/p>\n<p>T\u00e1 s\u00e9 \u00e9igeantach do gach \u00fas\u00e1ideoir cur chun cinn buan a \u00fas\u00e1id ar shu\u00edomh Gr\u00e9as\u00e1in an cheasa\u00edneo. Ligeann siad duit do chuid ama f\u00f3ill\u00edochta a dh\u00e9anamh san institi\u00faid n\u00edos spraoi, brab\u00fasach agus mearg\u00e1nta. Ina theannta sin, na b\u00f3nais n\u00edos rialta a bh\u00edonn ag ceasa\u00edneo, is amhlaidh is iontaofa a mheastar \u00e9. Mar sin n\u00e1 caill do sheans airgead breise a thuilleamh, d\u00e9an cinnte staid\u00e9ar a dh\u00e9anamh ar c\u00e9 acu b\u00f3nas ceasa\u00edneo <a href=\"https:\/\/rocketplay-new.com\/ga\">Rocket Play<\/a> at\u00e1 i mb\u00e9al an phobail faoi l\u00e1thair agus \u00e9 a \u00fas\u00e1id!<\/p>\n<p>Tugtar tairiscint\u00ed den s\u00f3rt sin go rialta mar go bhfuil siad ar f\u00e1il i gc\u00f3na\u00ed. Is f\u00e9idir leat iad a \u00fas\u00e1id le eatramh de l\u00edon \u00e1irithe laethanta. Sa ch\u00e1s seo, in aghaidh na seachtaine. Is f\u00e9idir le custaim\u00e9ir\u00ed rialta, gach duine a bhain leas as tairiscint\u00ed f\u00e1ilte cheana f\u00e9in agus a athl\u00edonann an \u00e9arlais n\u00edos m\u00f3 n\u00e1 dh\u00e1 uair, b\u00f3nas a iarraidh.<\/p>\n<p><span style=\"font-weight: 400;\"><div class=\"tosh-btn\"><a href=\"\/go-casino\/\" target=\"_blank\" rel=\"noopener\">FAIGH B\u00d3NAS<\/a><\/div> <\/span><\/p>\n<p>Sa Casino seo, is f\u00e9idir leat cine\u00e1lacha \u00e9ags\u00fala luach saothair a fh\u00e1il. Mar shampla, is bre\u00e1 le custaim\u00e9ir\u00ed spins saor in aisce Rocket Play. Agus n\u00ed i vain, toisc go bhfuil s\u00e9 seo deis iontach a bhuachan gan chaitheamh fi\u00fa an m\u00e9id \u00edosta de do chist\u00ed pearsanta. Ach is f\u00e9idir leat airgead a fh\u00e1il freisin. L\u00e9ir\u00edonn an t\u00e1bla th\u00edos gach cine\u00e1l prom\u00f3isin rialta.<\/p>\n<table>\n<tbody>\n<tr>\n<td>Ainm<\/td>\n<td>Cine\u00e1l<\/td>\n<td>Nuair a eis\u00edtear<\/td>\n<td>Lua\u00edocht uasta<\/td>\n<\/tr>\n<tr>\n<td>Athl\u00f3d\u00e1il<\/td>\n<td>Spins saor in aisce<\/td>\n<td>D\u00e9 hAoine<\/td>\n<td><span style=\"font-weight: 400;\">100 pcs<\/span><\/td>\n<\/tr>\n<tr>\n<td>Meaitse\u00e1il b\u00f3nas<\/td>\n<td>F\u00edor-airgead (50% i dtaisce)<\/td>\n<td>Domhnach<\/td>\n<td><span style=\"font-weight: 400;\">300 EUR<\/span><\/td>\n<\/tr>\n<tr>\n<td>Ard b\u00f3nas sorc\u00f3ir<\/td>\n<td>F\u00edor-airgead (50% i dtaisce)<\/td>\n<td>L\u00e1 ar bith<\/td>\n<td><span style=\"font-weight: 400;\">2500 EUR<\/span><\/td>\n<\/tr>\n<\/tbody>\n<\/table>\n<p>Mar a fheiceann t\u00fa, gach seachtain is f\u00e9idir leat duaiseanna breise a fh\u00e1il. N\u00ed f\u00e9idir leat ach ceann amh\u00e1in acu a \u00fas\u00e1id, n\u00f3 is f\u00e9idir leat na tr\u00ed cinn a \u00fas\u00e1id ag an am c\u00e9anna ar laethanta \u00e9ags\u00fala den tseachtain. Braitheann s\u00e9 go l\u00e9ir ar an rolla bainc at\u00e1 agat. N\u00ed \u00e9il\u00edonn an Casino infheist\u00edochta\u00ed m\u00f3ra chun bronntanas a thabhairt duit.<\/p>\n<h2>CONAS AN B\u00d3NAS SEO A \u00c9ILEAMH AGUS A \u00daS\u00c1ID?<\/h2>\n<p>A ligean ar labhairt faoi gach ceann de na b\u00f3nais ar leithligh ionas gur f\u00e9idir leat a dh\u00e9anamh gach rud ceart agus duaiseanna a fh\u00e1il. Mar sin, is f\u00e9idir b\u00f3nas D\u00e9 hAoine a fh\u00e1il ar an mbealach seo:<\/p>\n<ol>\n<li>Log\u00e1il isteach i do phr\u00f3if\u00edl phearsanta D\u00e9 hAoine.<\/li>\n<li>D\u00e9an athshol\u00e1thar ag an deasc airgid (\u00f3 30 EUR).<\/li>\n<li>\u00c9ileamh do spins saor in aisce.<\/li>\n<\/ol>\n<p>Ar 30 euro gheobhaidh t\u00fa 20 spins, le haghaidh 75 &#8211; 50, agus le haghaidh 150 &#8211; 100. Mar sin, roghnaigh an rud at\u00e1 n\u00edos \u00e1isi\u00fala agus n\u00edos brab\u00fasa\u00ed duit. Is bunt\u00e1iste m\u00f3r \u00e9 nach g\u00e1 duit c\u00f3id promo ar leith Rocket Play a lorg le haghaidh seo. Tarla\u00edonn gn\u00edomhacht\u00fa go huathoibr\u00edoch.<\/p>\n<p>Ar an Domhnach, chun bronntanas a fh\u00e1il, n\u00ed m\u00f3r duit na nithe seo a leanas a dh\u00e9anamh:<\/p>\n<ol>\n<li>Cuir isteach d&#8217;oifig.<\/li>\n<li>Barraigh do chuntas ar an ngn\u00e1thbhealach (\u00f3 30 EUR).<\/li>\n<li>Fan go dt\u00ed go gcuirfear 50% eile den mh\u00e9id taiscthe leis an gcuntas.<\/li>\n<\/ol>\n<p><span style=\"font-weight: 400;\"><div class=\"tosh-btn\"><a href=\"\/go-casino\/\" target=\"_blank\" rel=\"noopener\">FAIGH B\u00d3NAS<\/a><\/div> <\/span><\/p>\n<p>Ach t\u00e1 an b\u00f3nas ar f\u00e1il d\u00f3ibh si\u00fad a imr\u00edonn m\u00f3r ar aon l\u00e1 den tseachtain. Chun \u00e9 a ghn\u00edomhacht\u00fa, n\u00ed g\u00e1 duit ach an cuntas a athshol\u00e1thar, mar a tharla i gc\u00e1sanna roimhe seo. Anseo beidh c\u00f3id b\u00f3nas Rocket Play uait. Seo \u00e9: HIGHROLLER. Is f\u00e9idir leat an r\u00e9imse a fh\u00e1il go h\u00e9asca ar an su\u00edomh nuair is g\u00e1 duit dul isteach ann, a bhu\u00edochas le loingseoireacht shimpl\u00ed. Chun go n-oibreoidh gach rud, n\u00ed m\u00f3r an m\u00e9id athl\u00edonta a bheith \u00f3 300 EUR.<\/p>\n<p><img loading=\"lazy\" decoding=\"async\" class=\" wp-image-445 aligncenter\" src=\"https:\/\/rocketplay-new.com\/wp-content\/uploads\/2022\/09\/rocketplaycasino-300x113.webp\" alt=\"Rocket play regular bonus\" width=\"704\" height=\"265\" srcset=\"https:\/\/rocketplay-new.com\/wp-content\/uploads\/2022\/09\/rocketplaycasino-300x113.webp 300w, https:\/\/rocketplay-new.com\/wp-content\/uploads\/2022\/09\/rocketplaycasino-1024x384.webp 1024w, https:\/\/rocketplay-new.com\/wp-content\/uploads\/2022\/09\/rocketplaycasino-768x288.webp 768w, https:\/\/rocketplay-new.com\/wp-content\/uploads\/2022\/09\/rocketplaycasino.webp 1140w\" sizes=\"auto, (max-width: 704px) 100vw, 704px\" \/><\/p>\n<h2>CONCL\u00daID<\/h2>\n<p>N\u00ed f\u00e9idir le go leor imreoir\u00ed ceasa\u00edneo imirt gan b\u00f3nais. Tar \u00e9is an tsaoil, is f\u00e9idir leis na bronntanais chuma seo \u00f3n institi\u00faid an cluiche a \u00e9asc\u00fa go m\u00f3r. M\u00e9ada\u00edonn siad an bankroll agus feabhsa\u00edonn siad an taith\u00ed siamsa\u00edochta. Mar sin, t\u00e1 s\u00e9 chomh t\u00e1bhachtach go mbeadh tairiscint\u00ed ar f\u00e1il ar an su\u00edomh ar bhonn lean\u00fanach.<\/p>\n<p>Ar an su\u00edomh seo, t\u00e1 go leor bunt\u00e1ist\u00ed ag b\u00f3nais rialta:<\/p>\n<ul>\n<li>ar f\u00e1il do dhaoine a bhfuil aon bankroll acu;<\/li>\n<li>iarrtar go h\u00e9asca;<\/li>\n<li>nach bhfuil coinn\u00edollacha deacra;<\/li>\n<li>Is f\u00e9idir \u00e9 a \u00fas\u00e1id gach seachtain, a bhfuil go minic.<\/li>\n<\/ul>\n<p>Mar sin, is f\u00e9idir linn a r\u00e1 gur bronntanas f\u00edorbhrab\u00fasach \u00e9 aon bh\u00f3nas Casino Rocket Play \u00c9ireann. B\u00edonn siad ar f\u00e1il d\u00edreach tar \u00e9is duit an dara \u00e9arlais a dh\u00e9anamh agus an bronntanas a bhfuil t\u00fa i dteideal a fh\u00e1il.<\/p>\n<p>N\u00edl go leor casinos an-fhlaithi\u00fail le bronntanais. N\u00ed thairgeann siad b\u00f3nais rialta, agus m\u00e1 dh\u00e9anann siad, t\u00e1 ceanglais dhian geallchur n\u00f3 geall r\u00f3-ard acu. I Rocket Play, t\u00e1 gach rud i bhfad n\u00edos simpl\u00ed agus n\u00edos taitneamha\u00ed. N\u00ed \u00e9il\u00edonn siad m\u00f3r\u00e1n uait. Mar sin, b\u00ed cinnte a gcuid tairiscint\u00ed a \u00fas\u00e1id agus do shiamsa\u00edocht chearrbhachais a dh\u00e9anamh n\u00edos d\u00e9ine f\u00f3s.<\/p>\n<p>L\u00e9igh freisin faoi: <a href=\"https:\/\/rocketplay-new.com\/ga\/loyalty-program\/\">Cl\u00e1r D\u00edlseachta\u00a0<\/a><\/p>\n","protected":false},"excerpt":{"rendered":"<p>T\u00e1 s\u00e9 \u00e9igeantach do gach \u00fas\u00e1ideoir cur chun cinn buan a \u00fas\u00e1id ar shu\u00edomh Gr\u00e9as\u00e1in an cheasa\u00edneo. Ligeann siad duit do chuid ama f\u00f3ill\u00edochta a dh\u00e9anamh san institi\u00faid n\u00edos spraoi, brab\u00fasach agus mearg\u00e1nta. Ina theannta sin, na b\u00f3nais n\u00edos rialta a bh\u00edonn ag ceasa\u00edneo, is amhlaidh is iontaofa a mheastar \u00e9. Mar sin n\u00e1 caill&#8230;<\/p>\n","protected":false},"author":1,"featured_media":0,"parent":0,"menu_order":0,"comment_status":"closed","ping_status":"closed","template":"","meta":{"_acf_changed":false,"_kad_post_transparent":"default","_kad_post_title":"default","_kad_post_layout":"default","_kad_post_sidebar_id":"","_kad_post_content_style":"default","_kad_post_vertical_padding":"default","_kad_post_feature":"","_kad_post_feature_position":"","_kad_post_header":false,"_kad_post_footer":false,"footnotes":""},"class_list":["post-1926","page","type-page","status-publish","hentry"],"acf":[],"rttpg_featured_image_url":null,"rttpg_author":{"display_name":"John","author_link":"https:\/\/rocketplay-new.com\/ga\/author\/pemvas95n89x\/"},"rttpg_comment":0,"rttpg_category":null,"rttpg_excerpt":"T\u00e1 s\u00e9 \u00e9igeantach do gach \u00fas\u00e1ideoir cur chun cinn buan a \u00fas\u00e1id ar shu\u00edomh Gr\u00e9as\u00e1in an cheasa\u00edneo. Ligeann siad duit do chuid ama f\u00f3ill\u00edochta a dh\u00e9anamh san institi\u00faid n\u00edos spraoi, brab\u00fasach agus mearg\u00e1nta. Ina theannta sin, na b\u00f3nais n\u00edos rialta a bh\u00edonn ag ceasa\u00edneo, is amhlaidh is iontaofa a mheastar \u00e9. Mar sin n\u00e1 caill...","_links":{"self":[{"href":"https:\/\/rocketplay-new.com\/ga\/wp-json\/wp\/v2\/pages\/1926","targetHints":{"allow":["GET"]}}],"collection":[{"href":"https:\/\/rocketplay-new.com\/ga\/wp-json\/wp\/v2\/pages"}],"about":[{"href":"https:\/\/rocketplay-new.com\/ga\/wp-json\/wp\/v2\/types\/page"}],"author":[{"embeddable":true,"href":"https:\/\/rocketplay-new.com\/ga\/wp-json\/wp\/v2\/users\/1"}],"replies":[{"embeddable":true,"href":"https:\/\/rocketplay-new.com\/ga\/wp-json\/wp\/v2\/comments?post=1926"}],"version-history":[{"count":3,"href":"https:\/\/rocketplay-new.com\/ga\/wp-json\/wp\/v2\/pages\/1926\/revisions"}],"predecessor-version":[{"id":1927,"href":"https:\/\/rocketplay-new.com\/ga\/wp-json\/wp\/v2\/pages\/1926\/revisions\/1927"}],"wp:attachment":[{"href":"https:\/\/rocketplay-new.com\/ga\/wp-json\/wp\/v2\/media?parent=1926"}],"curies":[{"name":"wp","href":"https:\/\/api.w.org\/{rel}","templated":true}]}}