{"id":1912,"date":"2022-09-20T12:29:07","date_gmt":"2022-09-20T09:29:07","guid":{"rendered":"https:\/\/rocketplay-new.com\/loyalty-program\/"},"modified":"2025-04-02T18:09:36","modified_gmt":"2025-04-02T15:09:36","slug":"loyalty-program","status":"publish","type":"page","link":"https:\/\/rocketplay-new.com\/ga\/loyalty-program\/","title":{"rendered":"Faoi chl\u00e1r d\u00edlseachta"},"content":{"rendered":"<p><img loading=\"lazy\" decoding=\"async\" class=\" wp-image-451 aligncenter\" src=\"https:\/\/rocketplay-new.com\/wp-content\/uploads\/2022\/09\/rocket-play-casino-300x103.webp\" alt=\"Rocket play Loyalty program\" width=\"711\" height=\"244\" srcset=\"https:\/\/rocketplay-new.com\/wp-content\/uploads\/2022\/09\/rocket-play-casino-300x103.webp 300w, https:\/\/rocketplay-new.com\/wp-content\/uploads\/2022\/09\/rocket-play-casino.webp 728w\" sizes=\"auto, (max-width: 711px) 100vw, 711px\" \/><\/p>\n<p>Is t\u00e1scaire an-t\u00e1bhachtach \u00e9 d\u00edlseacht do chustaim\u00e9ir\u00ed do cheasa\u00edneonna. Fillfidh imreoir d\u00edlis ar an institi\u00faid ar\u00eds, n\u00ed bheidh eagla air cur chun cinn a \u00fas\u00e1id agus f\u00edor-airgead a \u00fas\u00e1id le haghaidh a gcuid siamsa\u00edochta. D\u00e1 bhr\u00ed sin, t\u00e1 c\u00f3rais speisialta deartha chun an t\u00e1scaire seo a mh\u00e9ad\u00fa ag an institi\u00faid. Seo mar a bh\u00ed an chuma ar an gcl\u00e1r d\u00edlseachta <a href=\"https:\/\/rocketplay-new.com\/ga\">Rocket Play<\/a>, ar f\u00e9idir a mheas go leor simpl\u00ed, ach ag an am c\u00e9anna an-bhrab\u00fasach do chustaim\u00e9ir\u00ed.<\/p>\n<p>Foghlaim tuilleadh faoi conas a oibr\u00edonn s\u00e9. Creidim, chun na b\u00f3nais a shol\u00e1thra\u00edtear sa chl\u00e1r seo a fh\u00e1il, n\u00ed bheidh ort aon rud speisialta a dh\u00e9anamh. C\u00e9 gur ar an gc\u00e9ad amharc, m\u00e1s rud \u00e9 nach bhfuil a fhios agat na sonra\u00ed, d&#8217;fh\u00e9adfadh s\u00e9 seo cuma beag\u00e1n mearbhall.<\/p>\n<p style=\"text-align: center;\"><span style=\"font-weight: 400;\"><div class=\"tosh-btn\"><a href=\"\/go-casino\/\" target=\"_blank\" rel=\"noopener\">FAIGH B\u00d3NAS<\/a><\/div><\/span><\/p>\n<h2>CAD \u00c9 B\u00d3NAS d\u00edlseachta CAISIN?<\/h2>\n<p>M\u00e1 l\u00e9ir\u00edonn duine n\u00edos m\u00f3 n\u00e1 uair amh\u00e1in a thiomantas do chlub cearrbhachais amh\u00e1in n\u00f3 eile, tugtar luach saothair d\u00f3. Is \u00e9 an duais a thugtar mar bhu\u00edochas as do sheasmhacht n\u00e1 an b\u00f3nas d\u00edlseachta. Is f\u00e9idir leis a bheith ina airgead, spins saor in aisce de r\u00edleanna i sliot\u00e1n, lascain\u00ed agus tairiscint\u00ed eile.<\/p>\n<p>\u00das\u00e1ideann cl\u00e1r d\u00edlseachta Casino ar l\u00edne Rocket Play f\u00edor-airgead mar luach saothair. Ach iad a eisi\u00faint n\u00ed hamh\u00e1in mar sin, ach i bhfoirm aisairgead.<\/p>\n<p>Cad iad na bunt\u00e1ist\u00ed a bhaineann leis an bhform\u00e1id seo:<\/p>\n<ul>\n<li>go deimhin, caillfidh t\u00fa n\u00edos l\u00fa airgid n\u00e1 a chailleann t\u00fa;<\/li>\n<li>s\u00edceola\u00edoch b\u00edonn s\u00e9 n\u00edos \u00e9asca a imirt, mar go mbeidh cuid den chaillteanas ar ais;<\/li>\n<li>t\u00e1 ioncam beag seasta i bhfoirm tuairisce\u00e1in is f\u00e9idir a ath\u00fas\u00e1id le haghaidh an chluiche.<\/li>\n<\/ul>\n<p>Is gn\u00e9 f\u00edor-fhionnuar \u00e9 Cashback. Beidh cearrbhachas n\u00edos taitneamha\u00ed f\u00f3s. N\u00ed bh\u00edonn siamsa\u00edocht den s\u00f3rt sin brab\u00fasach i gc\u00f3na\u00ed. T\u00e1 barra\u00ed dubha ann nuair nach mb\u00edonn an t-\u00e1dh in \u00e9ineacht leis an imreoir, agus t\u00e1 s\u00e9 seo frustrachas. Agus nuair a thugtar roinnt airgid ar ais, tagann an cearrbhachas ar a shuaimhneas agus faigheann s\u00e9 spreagadh chun tuilleadh siamsa\u00edochta a fh\u00e1il.<\/p>\n<h2>CONAS A OIBR\u00cdONN B\u00d3NASSANNA D\u00edlseachta?<\/h2>\n<p>Samhl\u00f3imid gur custaim\u00e9ir ceasa\u00edneo th\u00fa. T\u00e1 do chuntas f\u00e9in agat agus t\u00e1 s\u00e9 maoinithe agat le bheith in ann imirt. T\u00e9ann t\u00fa isteach sa chluiche, mar shampla, sliot\u00e1in, agus cuireann t\u00fa geall ann. S\u00e1bh\u00e1iltear m\u00e9id an gheallta seo, agus nuair a chuireann t\u00fa an ch\u00e9ad geall eile, d\u00e9antar iad a achoimri\u00fa. Leanann s\u00e9 seo go dt\u00ed go mbaileofar 30 EUR. Is \u00e9 an m\u00e9id seo a thionta\u00edtear ina Chomhph\u00e1irteanna amh\u00e1in (CP).<\/p>\n<p>Is t\u00e1scair\u00ed iad na point\u00ed seo ar do dh\u00edlseacht. An n\u00edos m\u00f3 acu, an n\u00edos airde do leibh\u00e9al sa ch\u00f3ras. D\u00e1 r\u00e9ir sin, is \u00e9 seo an chaoi a dtuigeann an Casino go bhfuil t\u00fa ag imirt le fada, ag caitheamh do chuid airgid ar a l\u00e1ithre\u00e1n gr\u00e9as\u00e1in agus ag iarraidh siamsa\u00edocht \u00e9ags\u00fala.<\/p>\n<p style=\"text-align: center;\"><span style=\"font-weight: 400;\"><div class=\"tosh-btn\"><a href=\"\/go-casino\/\" target=\"_blank\" rel=\"noopener\">FAIGH B\u00d3NAS<\/a><\/div><\/span><\/p>\n<p>D\u00e1 mh\u00e9ad point\u00ed a bheidh agat, is airde an c\u00e9atad\u00e1n airgid ar ais. Is \u00e9 15% an t-uasmh\u00e9id.<\/p>\n<p>D\u00e1la an sc\u00e9il, sa chl\u00e1r d\u00edlseachta Casino Rocket Play \u00c9ireann, roinntear airgead ar ais ina dh\u00e1 chine\u00e1l:<\/p>\n<ul>\n<li>i gc\u00e1s caillteanais i sliot\u00e1n;<\/li>\n<li>le haghaidh a chailleadh i gcluich\u00ed beo.<\/li>\n<\/ul>\n<p>Tagann an ch\u00e9ad cheann ar an Luan, an dara ceann ar an D\u00e9ardaoin. Mar sin, tharla\u00edonn s\u00e9 go raibh i rith na seachtaine na cist\u00ed ar ais chugat faoi dh\u00f3. Ar nd\u00f3igh, m\u00e1 imr\u00edonn t\u00fa an d\u00e1 sliot\u00e1n agus Casino beo.<\/p>\n<p><img loading=\"lazy\" decoding=\"async\" class=\" wp-image-452 aligncenter\" src=\"https:\/\/rocketplay-new.com\/wp-content\/uploads\/2022\/09\/how-to-claim-a-loyalty-bonus-htc-300x162.webp\" alt=\"Loyalty bonus\" width=\"644\" height=\"348\" srcset=\"https:\/\/rocketplay-new.com\/wp-content\/uploads\/2022\/09\/how-to-claim-a-loyalty-bonus-htc-300x162.webp 300w, https:\/\/rocketplay-new.com\/wp-content\/uploads\/2022\/09\/how-to-claim-a-loyalty-bonus-htc-1024x554.webp 1024w, https:\/\/rocketplay-new.com\/wp-content\/uploads\/2022\/09\/how-to-claim-a-loyalty-bonus-htc-768x415.webp 768w, https:\/\/rocketplay-new.com\/wp-content\/uploads\/2022\/09\/how-to-claim-a-loyalty-bonus-htc.webp 1480w\" sizes=\"auto, (max-width: 644px) 100vw, 644px\" \/><\/p>\n<h2>CONCL\u00daID<\/h2>\n<p>Tugtar bronntanais d\u00edlseachta do gach \u00fas\u00e1ideoir. N\u00ed g\u00e1 duit fanacht i bhfad go mbeidh na sochair ar fad ar f\u00e1il duit. Is f\u00e9idir leat l\u00edon na bpoint\u00ed agus an m\u00e9id airgid ar ais i do chuntas pearsanta a rian\u00fa.<\/p>\n<p>M\u00e1s cliant d\u00edlis den teach cearrbhachais th\u00fa, beidh t\u00fa in ann na bunt\u00e1ist\u00ed uile a bhaineann leis an gcl\u00e1r d\u00edlseachta ceasa\u00edneo is fearr a bhraitheann Rocket Play. N\u00ed hamh\u00e1in go bhfuil tairbhe airgeadais ag baint leis seo, ach d\u00e9anann s\u00e9 ball an-speisialta de phobal na gceasa\u00edneonna th\u00fa freisin.<\/p>\n<p>Read also about: <a href=\"https:\/\/rocketplay-new.com\/ga\/vip\/\">VIP Program<\/a><\/p>\n","protected":false},"excerpt":{"rendered":"<p>Is t\u00e1scaire an-t\u00e1bhachtach \u00e9 d\u00edlseacht do chustaim\u00e9ir\u00ed do cheasa\u00edneonna. Fillfidh imreoir d\u00edlis ar an institi\u00faid ar\u00eds, n\u00ed bheidh eagla air cur chun cinn a \u00fas\u00e1id agus f\u00edor-airgead a \u00fas\u00e1id le haghaidh a gcuid siamsa\u00edochta. D\u00e1 bhr\u00ed sin, t\u00e1 c\u00f3rais speisialta deartha chun an t\u00e1scaire seo a mh\u00e9ad\u00fa ag an institi\u00faid. Seo mar a bh\u00ed an&#8230;<\/p>\n","protected":false},"author":1,"featured_media":0,"parent":0,"menu_order":0,"comment_status":"closed","ping_status":"closed","template":"","meta":{"_acf_changed":false,"_kad_post_transparent":"default","_kad_post_title":"default","_kad_post_layout":"default","_kad_post_sidebar_id":"","_kad_post_content_style":"default","_kad_post_vertical_padding":"default","_kad_post_feature":"","_kad_post_feature_position":"","_kad_post_header":false,"_kad_post_footer":false,"footnotes":""},"class_list":["post-1912","page","type-page","status-publish","hentry"],"acf":[],"rttpg_featured_image_url":null,"rttpg_author":{"display_name":"John","author_link":"https:\/\/rocketplay-new.com\/ga\/author\/pemvas95n89x\/"},"rttpg_comment":0,"rttpg_category":null,"rttpg_excerpt":"Is t\u00e1scaire an-t\u00e1bhachtach \u00e9 d\u00edlseacht do chustaim\u00e9ir\u00ed do cheasa\u00edneonna. Fillfidh imreoir d\u00edlis ar an institi\u00faid ar\u00eds, n\u00ed bheidh eagla air cur chun cinn a \u00fas\u00e1id agus f\u00edor-airgead a \u00fas\u00e1id le haghaidh a gcuid siamsa\u00edochta. D\u00e1 bhr\u00ed sin, t\u00e1 c\u00f3rais speisialta deartha chun an t\u00e1scaire seo a mh\u00e9ad\u00fa ag an institi\u00faid. Seo mar a bh\u00ed an...","_links":{"self":[{"href":"https:\/\/rocketplay-new.com\/ga\/wp-json\/wp\/v2\/pages\/1912","targetHints":{"allow":["GET"]}}],"collection":[{"href":"https:\/\/rocketplay-new.com\/ga\/wp-json\/wp\/v2\/pages"}],"about":[{"href":"https:\/\/rocketplay-new.com\/ga\/wp-json\/wp\/v2\/types\/page"}],"author":[{"embeddable":true,"href":"https:\/\/rocketplay-new.com\/ga\/wp-json\/wp\/v2\/users\/1"}],"replies":[{"embeddable":true,"href":"https:\/\/rocketplay-new.com\/ga\/wp-json\/wp\/v2\/comments?post=1912"}],"version-history":[{"count":4,"href":"https:\/\/rocketplay-new.com\/ga\/wp-json\/wp\/v2\/pages\/1912\/revisions"}],"predecessor-version":[{"id":5703,"href":"https:\/\/rocketplay-new.com\/ga\/wp-json\/wp\/v2\/pages\/1912\/revisions\/5703"}],"wp:attachment":[{"href":"https:\/\/rocketplay-new.com\/ga\/wp-json\/wp\/v2\/media?parent=1912"}],"curies":[{"name":"wp","href":"https:\/\/api.w.org\/{rel}","templated":true}]}}