{"id":1869,"date":"2022-09-20T14:02:14","date_gmt":"2022-09-20T11:02:14","guid":{"rendered":"https:\/\/rocketplay-new.com\/9-coins\/"},"modified":"2025-04-02T14:33:13","modified_gmt":"2025-04-02T11:33:13","slug":"9-coins","status":"publish","type":"page","link":"https:\/\/rocketplay-new.com\/ga\/9-coins\/","title":{"rendered":"9 Boinn"},"content":{"rendered":"<p><img loading=\"lazy\" decoding=\"async\" class=\"aligncenter wp-image-5037\" src=\"https:\/\/rocketplay-new.com\/wp-content\/uploads\/2024\/02\/9999.png\" alt=\"9 Coins \" width=\"800\" height=\"363\" srcset=\"https:\/\/rocketplay-new.com\/wp-content\/uploads\/2024\/02\/9999.png 1281w, https:\/\/rocketplay-new.com\/wp-content\/uploads\/2024\/02\/9999-300x136.png 300w, https:\/\/rocketplay-new.com\/wp-content\/uploads\/2024\/02\/9999-1024x465.png 1024w, https:\/\/rocketplay-new.com\/wp-content\/uploads\/2024\/02\/9999-768x349.png 768w\" sizes=\"auto, (max-width: 800px) 100vw, 800px\" \/><\/p>\n<h2>Eolas Bun\u00fasach<\/h2>\n<p>T\u00e1 an raon sliot\u00e1n nua-aimseartha i nd\u00e1ir\u00edre ollmh\u00f3r. Agus t\u00e1 s\u00e9 deacair rud \u00e9igin neamhghn\u00e1ch a fh\u00e1il ina measc. T\u00e1 siad go l\u00e9ir cos\u00fail i dt\u00e9arma\u00ed meicnic, l\u00edon na r\u00edleanna agus l\u00ednte, beochan, cluich\u00ed riosca agus gn\u00e9ithe eile. Ach m\u00e1 fhaigheann t\u00fa sliot\u00e1n Rocket Play 9 Boinn ar l\u00edne sa Casino, tuigfidh t\u00fa go bhfuil roghanna ann le rialuithe agus roghanna bunaidh.<\/p>\n<p>Ar dt\u00fas, is cos\u00fail nach bhfuil br\u00ed na sliot\u00e1n seo chomh suimi\u00fail agus spreag\u00fail. Ach t\u00e1 a lucht lean\u00fana aige, agus n\u00edl s\u00e9 do rud ar bith. N\u00ed g\u00e1 duit geall le f\u00edor-airgead l\u00e1ithreach chun an cluiche a thuiscint. Tar \u00e9is an tsaoil, is f\u00e9idir leat leagan taispe\u00e1na a re\u00e1cht\u00e1il i gc\u00f3na\u00ed a dh\u00e9anfaidh aithne saor in aisce.<\/p>\n<p style=\"text-align: center;\"><div class=\"tosh-btn\"><a href=\"\/go-casino\/\" target=\"_blank\" rel=\"noopener\">FAIGH B\u00d3NAS<\/a><\/div><\/p>\n<p>Is \u00e9 Wazdan cruthaitheoir na sliot\u00e1n. T\u00e1 aithne uirthi as gn\u00e9ithe nua agus suimi\u00fala a chumadh. Is minic a thagann smaointe \u00fara ar an bhfoireann forbartha, a chuirtear i bhfeidhm ansin sna sliot\u00e1in. Is \u00e9 seo go d\u00edreach cad a tharla anseo. Mar sin cuirimis aithne n\u00edos fearr air in\u00e1r n-athbhreithni\u00fa sliot\u00e1n Rocket Play 9 Boinn agus socr\u00f3imid an maith leat \u00e9.<\/p>\n<h2>Siombail 9 Boinn agus In\u00edoctha<\/h2>\n<p>Ar an gc\u00e9ad amharc, n\u00edl baint ag an gcluiche seo leis an sp\u00e1s. Ach a luaithe a sheolann t\u00fa an sliot\u00e1n, cloiseann t\u00fa ceol t\u00e9amach a bhfuil an chuma air go dt\u00f3gfaidh t\u00fa chuig doimhneacht anaithnid na Cruinne. Ina theannta sin, d\u00e9antar gach beochan sa chluiche sa st\u00edl seo.<\/p>\n<p>Ach is \u00e9 an rud is m\u00f3, ar nd\u00f3igh, nach \u00e9 an dearadh, ach feidhmeanna an chluiche.<\/p>\n<p>Mar sin, oscla\u00edonn t\u00fa an cluiche agus f\u00e9ach ar r\u00e9imse de 3 ag 3 cealla os do chomhair. Rogha neamhghn\u00e1ch le haghaidh sliot\u00e1n, ach n\u00edl s\u00e9 seo ach an t\u00fas. Nuair a thosa\u00edonn t\u00fa sliot\u00e1n, n\u00ed l\u00edonann s\u00e9 go hioml\u00e1n le siombail\u00ed. Stopann siad ach i roinnt cealla. Mar sin an bhfuil s\u00e9 ind\u00e9anta f\u00edor-airgead a thuilleamh i sliot\u00e1n Rocket Play 9 Boinn?<\/p>\n<p>N\u00edl aon l\u00ednte p\u00e1 anseo, mar sin n\u00ed bheidh bunt\u00e1ist\u00ed ag baint le haon teaglaim siombail\u00ed. Ach amh\u00e1in ceann amh\u00e1in.<\/p>\n<p>Is \u00e9 an sprioc at\u00e1 agat n\u00e1 tr\u00ed shiombail a stopadh ar stiall l\u00e1rnach na cearn\u00f3ige. Spreagfaidh s\u00e9 seo an babhta b\u00f3nais. Seo an \u00e1it a bhfuil gach \u00edoca\u00edocht ag fanacht leat. Taispe\u00e1nann an t\u00e1bla th\u00edos iad go l\u00e9ir.<\/p>\n<table>\n<tbody>\n<tr>\n<td>Siombail<\/td>\n<td>A fheidhm<\/td>\n<\/tr>\n<tr>\n<td>Airgead tirim (boinn simpl\u00ed)<\/td>\n<td>Is f\u00e9idir an geall a iolr\u00fa \u00f3 x1 go x5<\/td>\n<\/tr>\n<tr>\n<td>Bosca<\/td>\n<td><span style=\"font-weight: 400;\">Collects all winnings on the field and brings a random multiplier up to x9<\/span><\/td>\n<\/tr>\n<tr>\n<td>Siombail\u00ed R\u00fanda<\/td>\n<td>Athra\u00edonn s\u00e9 isteach in aon cheann de na carachtair<\/td>\n<\/tr>\n<tr>\n<td>Pota \u00d3ir R\u00fanda<\/td>\n<td>Athra\u00edonn s\u00e9 chuig aon Pota \u00d3ir<\/td>\n<\/tr>\n<tr>\n<td>M\u00f3r<\/td>\n<td>Is f\u00e9idir leis an geall a iolr\u00fa go x50<\/td>\n<\/tr>\n<tr>\n<td>Mion<\/td>\n<td>Is f\u00e9idir an geall a iolr\u00fa go x20<\/td>\n<\/tr>\n<tr>\n<td>Mion<\/td>\n<td>Is f\u00e9idir an geall a iolr\u00fa go x10<\/td>\n<\/tr>\n<\/tbody>\n<\/table>\n<p>Sa bhabhta b\u00f3nais d\u00e9anann t\u00fa 3 spins saor in aisce do Rocket Play 9 Boinn. Agus m\u00e1 fhanann siombail amh\u00e1in ar a laghad ar an bp\u00e1irc, m\u00e9ada\u00edonn l\u00edon na spins ar\u00eds. F\u00e9adfaidh s\u00e9 seo lean\u00faint ar aghaidh go dt\u00ed an deireadh. Cl\u00fad\u00f3idh an m\u00e9id is f\u00e9idir leat a fh\u00e1il le linn an mhodha brab\u00fasach na spins gan \u00fas\u00e1id a rinneadh roimhe seo.<\/p>\n<p>Facht\u00f3ir t\u00e1bhachtach eile a chinneann an bhfuil sliot\u00e1n oiri\u00fanach le himirt n\u00f3 nach bhfuil n\u00e1 an RTP. Taispe\u00e1nann s\u00e9 c\u00e9 mh\u00e9ad faoin gc\u00e9ad den airgead a chaitear ar an sliot\u00e1n a gheobhaidh t\u00fa ar ais le cluiche fada. D\u00e1 airde an figi\u00far seo, is amhlaidh is fearr. Is \u00e9 95.5% an me\u00e1n i r\u00e9imse an chearrbhachais. T\u00e1 96.06% ag an sliot\u00e1n seo at\u00e1 beag\u00e1n n\u00edos fearr n\u00e1 an me\u00e1n.<\/p>\n<p style=\"text-align: center;\"><div class=\"tosh-btn\"><a href=\"\/go-casino\/\" target=\"_blank\" rel=\"noopener\">FAIGH B\u00d3NAS<\/a><\/div><\/p>\n<p>In ainneoin go bhfuil go leor sliot\u00e1n le c\u00e9atad\u00e1n n\u00edos airde ar an margadh inniu, is f\u00e9idir an cluiche seo a mheas f\u00f3s brab\u00fasach go leor. T\u00e1 an b\u00f3nas sliot\u00e1n is fearr Rocket Play 9 Boinn ag fanacht leat nuair a bh\u00edonn na naoi gcealla l\u00edonta le siombail\u00ed le linn an bhabhta b\u00f3nais.<\/p>\n<p><img loading=\"lazy\" decoding=\"async\" class=\"aligncenter wp-image-5047\" src=\"https:\/\/rocketplay-new.com\/wp-content\/uploads\/2024\/02\/999-1.png\" alt=\"9 Coins 2\" width=\"800\" height=\"444\" srcset=\"https:\/\/rocketplay-new.com\/wp-content\/uploads\/2024\/02\/999-1.png 955w, https:\/\/rocketplay-new.com\/wp-content\/uploads\/2024\/02\/999-1-300x166.png 300w, https:\/\/rocketplay-new.com\/wp-content\/uploads\/2024\/02\/999-1-768x426.png 768w\" sizes=\"auto, (max-width: 800px) 100vw, 800px\" \/><\/p>\n<h2>9 Sliot\u00e1n Boinn CCanna<\/h2>\n<h3>Conas an t-uasmh\u00e9id a thuilleamh sa sliot\u00e1n seo?<\/h3>\n<p>Chun seo a dh\u00e9anamh, n\u00ed m\u00f3r duit na cealla go l\u00e9ir ar an r\u00e9imse a l\u00edonadh le siombail\u00ed. Sa ch\u00e1s seo, gheobhaidh t\u00fa an Pota \u00d3ir Mh\u00f3r.<\/p>\n<h3>C\u00e9 mh\u00e9ad is f\u00e9idir leat a thuilleamh sa chluiche seo?<\/h3>\n<p>Braitheann an m\u00e9id cruinn ar do geall. Is \u00e9 x500 an t-iolraitheoir uasta is f\u00e9idir leat a fh\u00e1il. N\u00edl s\u00e9 ar f\u00e1il ach sa bhabhta b\u00f3nais. M\u00e1 bhuaileann t\u00fa \u00e9, ansin athshocr\u00f3far na buaiteanna roimhe seo go nialas. Toisc nach f\u00e9idir leat a fh\u00e1il n\u00edos m\u00f3 n\u00e1 sin.<\/p>\n<h3>Conas is f\u00e9idir liom an sliot\u00e1n a sheoladh \u00f3 f\u00f3n p\u00f3ca?<\/h3>\n<p>D\u00e9antar \u00e9 seo go han-\u00e9asca. N\u00ed g\u00e1 ach log\u00e1il isteach i do chuntas ar shu\u00edomh an cheasa\u00edneo tr\u00ed bhrabhs\u00e1la\u00ed, aimsigh an sliot\u00e1n seo agus seol \u00e9. Coigeart\u00f3idh s\u00e9 a d&#8217;oirfeadh do sc\u00e1ile\u00e1n.<\/p>\n<p>L\u00e9igh freisin faoi:\u00a0 <a href=\"https:\/\/rocketplay-new.com\/ga\/gold-express\/\">Gold Express Slot<\/a><\/p>\n","protected":false},"excerpt":{"rendered":"<p>Eolas Bun\u00fasach T\u00e1 an raon sliot\u00e1n nua-aimseartha i nd\u00e1ir\u00edre ollmh\u00f3r. Agus t\u00e1 s\u00e9 deacair rud \u00e9igin neamhghn\u00e1ch a fh\u00e1il ina measc. T\u00e1 siad go l\u00e9ir cos\u00fail i dt\u00e9arma\u00ed meicnic, l\u00edon na r\u00edleanna agus l\u00ednte, beochan, cluich\u00ed riosca agus gn\u00e9ithe eile. Ach m\u00e1 fhaigheann t\u00fa sliot\u00e1n Rocket Play 9 Boinn ar l\u00edne sa Casino, tuigfidh t\u00fa&#8230;<\/p>\n","protected":false},"author":1,"featured_media":0,"parent":0,"menu_order":0,"comment_status":"closed","ping_status":"closed","template":"","meta":{"_acf_changed":false,"_kad_post_transparent":"default","_kad_post_title":"default","_kad_post_layout":"default","_kad_post_sidebar_id":"","_kad_post_content_style":"default","_kad_post_vertical_padding":"default","_kad_post_feature":"","_kad_post_feature_position":"","_kad_post_header":false,"_kad_post_footer":false,"footnotes":""},"class_list":["post-1869","page","type-page","status-publish","hentry"],"acf":[],"rttpg_featured_image_url":null,"rttpg_author":{"display_name":"John","author_link":"https:\/\/rocketplay-new.com\/ga\/author\/pemvas95n89x\/"},"rttpg_comment":0,"rttpg_category":null,"rttpg_excerpt":"Eolas Bun\u00fasach T\u00e1 an raon sliot\u00e1n nua-aimseartha i nd\u00e1ir\u00edre ollmh\u00f3r. Agus t\u00e1 s\u00e9 deacair rud \u00e9igin neamhghn\u00e1ch a fh\u00e1il ina measc. T\u00e1 siad go l\u00e9ir cos\u00fail i dt\u00e9arma\u00ed meicnic, l\u00edon na r\u00edleanna agus l\u00ednte, beochan, cluich\u00ed riosca agus gn\u00e9ithe eile. Ach m\u00e1 fhaigheann t\u00fa sliot\u00e1n Rocket Play 9 Boinn ar l\u00edne sa Casino, tuigfidh t\u00fa...","_links":{"self":[{"href":"https:\/\/rocketplay-new.com\/ga\/wp-json\/wp\/v2\/pages\/1869","targetHints":{"allow":["GET"]}}],"collection":[{"href":"https:\/\/rocketplay-new.com\/ga\/wp-json\/wp\/v2\/pages"}],"about":[{"href":"https:\/\/rocketplay-new.com\/ga\/wp-json\/wp\/v2\/types\/page"}],"author":[{"embeddable":true,"href":"https:\/\/rocketplay-new.com\/ga\/wp-json\/wp\/v2\/users\/1"}],"replies":[{"embeddable":true,"href":"https:\/\/rocketplay-new.com\/ga\/wp-json\/wp\/v2\/comments?post=1869"}],"version-history":[{"count":15,"href":"https:\/\/rocketplay-new.com\/ga\/wp-json\/wp\/v2\/pages\/1869\/revisions"}],"predecessor-version":[{"id":5628,"href":"https:\/\/rocketplay-new.com\/ga\/wp-json\/wp\/v2\/pages\/1869\/revisions\/5628"}],"wp:attachment":[{"href":"https:\/\/rocketplay-new.com\/ga\/wp-json\/wp\/v2\/media?parent=1869"}],"curies":[{"name":"wp","href":"https:\/\/api.w.org\/{rel}","templated":true}]}}