{"id":8971,"date":"2025-05-29T11:54:40","date_gmt":"2025-05-29T08:54:40","guid":{"rendered":"https:\/\/rocketplay-new.com\/slot-machines\/black-diamond\/"},"modified":"2025-07-16T21:44:13","modified_gmt":"2025-07-16T18:44:13","slug":"black-diamond","status":"publish","type":"page","link":"https:\/\/rocketplay-new.com\/fr\/slot-machines\/black-diamond\/","title":{"rendered":"Machine \u00e0 sous Black Diamond &#8211; Jouez gratuitement"},"content":{"rendered":"<p>La machine \u00e0 sous Black Diamond est un jeu en ligne populaire qui offre aux joueurs la possibilit\u00e9 de remporter de gros lots. Avec son design \u00e9l\u00e9gant et son gameplay captivant, cette machine \u00e0 sous divertira les joueurs pendant des heures. Le jeu propose une vari\u00e9t\u00e9 de symboles, dont des diamants, des barres et des sept porte-bonheur, qui peuvent tous g\u00e9n\u00e9rer des gains lucratifs. Les joueurs peuvent \u00e9galement profiter de fonctionnalit\u00e9s sp\u00e9ciales comme des tours gratuits et des parties bonus pour augmenter encore leurs gains. Avec la possibilit\u00e9 de jouer gratuitement, les joueurs peuvent profiter de tous les frissons de la machine \u00e0 sous Black Diamond sans risquer leur argent.<\/p>\n<div class=\"go-btn-container\"><div class=\"tosh-btn\"><a href=\"\/go-casino\/\" target=\"_blank\" rel=\"noopener\">JOUEZ MAINTENANT<\/a><\/div><\/div>\n<h2>PR\u00c9SENTATION DE LA MACHINE \u00c0 SOUS BLACK DIAMOND<\/h2>\n<p>Black Diamond est une machine \u00e0 sous populaire qui offre aux joueurs la possibilit\u00e9 de gagner gros gr\u00e2ce \u00e0 son th\u00e8me luxueux et glamour. Le jeu comporte cinq rouleaux et trois rang\u00e9es, pour un total de 25 lignes de paiement sur lesquelles miser. Les symboles du jeu incluent des diamants, des lingots d&rsquo;or et d&rsquo;autres pierres pr\u00e9cieuses, contribuant ainsi \u00e0 l&rsquo;ambiance haut de gamme du jeu. Le jeu propose \u00e9galement de nombreuses fonctionnalit\u00e9s bonus, notamment des symboles Wild, des symboles Scatter et des tours gratuits. Les joueurs peuvent \u00e9galement augmenter leurs gains gr\u00e2ce \u00e0 la fonction \u00ab\u00a0Gamble\u00a0\u00bb, qui leur permet de doubler ou de quadrupler leurs gains en devinant la couleur ou la suite d&rsquo;une carte. Avec son design \u00e9l\u00e9gant et son gameplay captivant, Black Diamond est un incontournable pour tout amateur de machines \u00e0 sous en qu\u00eate d&rsquo;une exp\u00e9rience de jeu luxueuse.<\/p>\n<p><img loading=\"lazy\" decoding=\"async\" class=\"aligncenter size-full wp-image-8864\" src=\"https:\/\/rocketplay-new.com\/wp-content\/uploads\/2025\/07\/black-diamond-slot-1.webp\" alt=\"Black Diamond slot machine - Play Slot for Free\" width=\"800\" height=\"436\" srcset=\"https:\/\/rocketplay-new.com\/wp-content\/uploads\/2025\/07\/black-diamond-slot-1.webp 800w, https:\/\/rocketplay-new.com\/wp-content\/uploads\/2025\/07\/black-diamond-slot-1-300x164.webp 300w, https:\/\/rocketplay-new.com\/wp-content\/uploads\/2025\/07\/black-diamond-slot-1-768x419.webp 768w\" sizes=\"auto, (max-width: 800px) 100vw, 800px\" \/><\/p>\n<h2>MACHINE \u00c0 SOUS BLACK DIAMOND\u00a0: TH\u00c8ME, VISUELS ET MUSIQUE<\/h2>\n<p>La machine \u00e0 sous Black Diamond est un jeu populaire, r\u00e9put\u00e9 pour son th\u00e8me luxueux et \u00e9l\u00e9gant. Les graphismes du jeu sont saisissants, avec une palette de couleurs noir et or qui respire la sophistication et le glamour. Les symboles sur les rouleaux \u00e9voquent tous la richesse et le luxe, comme les diamants, les lingots d&rsquo;or et les bijoux de luxe. L&rsquo;arri\u00e8re-plan du jeu, incrust\u00e9 de diamants \u00e9tincelants, renforce l&rsquo;impression d&rsquo;opulence g\u00e9n\u00e9rale. La musique de la machine \u00e0 sous Black Diamond est \u00e9galement en harmonie avec le th\u00e8me, avec une bande-son jazzy et entra\u00eenante qui renforce l&rsquo;excitation des rouleaux. L&rsquo;association de graphismes somptueux et d&rsquo;une musique entra\u00eenante fait de la machine \u00e0 sous Black Diamond une exp\u00e9rience v\u00e9ritablement immersive et palpitante pour les joueurs en qu\u00eate de luxe et de sensations fortes.<\/p>\n<h2>COMMENT JOUER \u00c0 LA MACHINE \u00c0 SOUS BLACK DIAMOND<\/h2>\n<p>Black Diamond est une machine \u00e0 sous populaire, pr\u00e9sente dans de nombreux casinos. Pour jouer \u00e0 Black Diamond, choisissez d&rsquo;abord votre mise en cliquant sur les fl\u00e8ches \u00e0 c\u00f4t\u00e9 du bouton \u00ab\u00a0Miser\u00a0\u00bb. Une fois votre mise s\u00e9lectionn\u00e9e, appuyez simplement sur le bouton \u00ab\u00a0Spin\u00a0\u00bb pour lancer la partie. Les rouleaux se mettront alors \u00e0 tourner et vous devrez associer les symboles pour gagner. Le jeu propose diff\u00e9rents symboles, comme des diamants, des barres et des sept, chacun offrant un gain diff\u00e9rent. De plus, des bonus comme des symboles Wild et des tours gratuits peuvent vous aider \u00e0 augmenter vos gains. Jouer \u00e0 Black Diamond est simple et direct, ce qui en fait une excellente option pour les joueurs exp\u00e9riment\u00e9s comme pour les novices. Alors, lors de votre prochaine visite au casino, essayez Black Diamond et tentez de d\u00e9crocher le jackpot\u00a0!<\/p>\n<div class=\"go-btn-container\"><div class=\"tosh-btn\"><a href=\"\/go-casino\/\" target=\"_blank\" rel=\"noopener\">JOUEZ MAINTENANT<\/a><\/div><\/div>\n<h2>MACHINE \u00c0 SOUS BLACK DIAMOND\u00a0: OPTIONS DE MISE ET POTENTIEL DE GAINS<\/h2>\n<p>La machine \u00e0 sous Black Diamond offre aux joueurs une vari\u00e9t\u00e9 d&rsquo;options de mise et la possibilit\u00e9 de gagner gros. Avec un choix de tailles de pi\u00e8ces, les joueurs peuvent adapter leurs mises \u00e0 leur niveau de risque pr\u00e9f\u00e9r\u00e9. Le jeu propose plusieurs lignes de paiement, augmentant ainsi les chances de gagner \u00e0 chaque tour. De plus, la machine \u00e0 sous Black Diamond propose des bonus int\u00e9ressants tels que des symboles Wild, des tours gratuits et des multiplicateurs, qui peuvent augmenter consid\u00e9rablement les chances de remporter un gros gain. Gr\u00e2ce \u00e0 un taux de retour \u00e9lev\u00e9, les joueurs ont de bonnes chances de remporter des gains impressionnants. Globalement, la machine \u00e0 sous Black Diamond offre une exp\u00e9rience de jeu palpitante avec de nombreuses options de mise et un potentiel de gain exceptionnel.<\/p>\n<p><img loading=\"lazy\" decoding=\"async\" class=\"aligncenter size-full wp-image-8873\" src=\"https:\/\/rocketplay-new.com\/wp-content\/uploads\/2025\/07\/black-diamond-slot-2.webp\" alt=\"Black Diamond slot machine - Play Slot for Free 2\" width=\"800\" height=\"504\" srcset=\"https:\/\/rocketplay-new.com\/wp-content\/uploads\/2025\/07\/black-diamond-slot-2.webp 800w, https:\/\/rocketplay-new.com\/wp-content\/uploads\/2025\/07\/black-diamond-slot-2-300x189.webp 300w, https:\/\/rocketplay-new.com\/wp-content\/uploads\/2025\/07\/black-diamond-slot-2-768x484.webp 768w\" sizes=\"auto, (max-width: 800px) 100vw, 800px\" \/><\/p>\n<h2>QUESTIONS ET R\u00c9PONSES FR\u00c9QUENTES &#8211; MACHINE \u00c0 SOUS BLACK DIAMOND<\/h2>\n<p>La machine \u00e0 sous Black Diamond est un choix populaire aupr\u00e8s des amateurs de casino, mais de nombreux joueurs se demandent comment jouer et maximiser leurs gains. Une question fr\u00e9quente concerne le d\u00e9clenchement des tours bonus. Pour ce faire, il faut obtenir au moins trois symboles Black Diamond sur les rouleaux, ce qui d\u00e9bloque des tours gratuits ou des jeux bonus. Une autre question fr\u00e9quente est de savoir s&rsquo;il existe des strat\u00e9gies pour augmenter ses chances de gagner. Si les machines \u00e0 sous reposent principalement sur la chance, certains joueurs pensent que miser le maximum et jouer plus longtemps peut am\u00e9liorer leurs chances de gagner. Cependant, il est important de garder \u00e0 l&rsquo;esprit que ce ne sont que des th\u00e9ories et qu&rsquo;il n&rsquo;existe aucune garantie de gagner aux machines \u00e0 sous. Globalement, la machine \u00e0 sous Black Diamond offre un gameplay passionnant et la possibilit\u00e9 de gagner gros, ce qui en fait un choix populaire aupr\u00e8s des amateurs de casino.<\/p>\n","protected":false},"excerpt":{"rendered":"<p>La machine \u00e0 sous Black Diamond est un jeu en ligne populaire qui offre aux joueurs la possibilit\u00e9 de remporter de gros lots. Avec son design \u00e9l\u00e9gant et son gameplay captivant, cette machine \u00e0 sous divertira les joueurs pendant des heures. Le jeu propose une vari\u00e9t\u00e9 de symboles, dont des diamants, des barres et des&#8230;<\/p>\n","protected":false},"author":1,"featured_media":6714,"parent":2863,"menu_order":0,"comment_status":"closed","ping_status":"closed","template":"single-no-sidebar.php","meta":{"_acf_changed":false,"_kad_post_transparent":"default","_kad_post_title":"default","_kad_post_layout":"default","_kad_post_sidebar_id":"","_kad_post_content_style":"default","_kad_post_vertical_padding":"default","_kad_post_feature":"","_kad_post_feature_position":"","_kad_post_header":false,"_kad_post_footer":false,"footnotes":""},"class_list":["post-8971","page","type-page","status-publish","has-post-thumbnail","hentry"],"acf":[],"rttpg_featured_image_url":{"full":["https:\/\/rocketplay-new.com\/wp-content\/uploads\/2025\/05\/black-diamond-slot-machine-play-slot-for-free.png",1243,495,false],"landscape":["https:\/\/rocketplay-new.com\/wp-content\/uploads\/2025\/05\/black-diamond-slot-machine-play-slot-for-free.png",1243,495,false],"portraits":["https:\/\/rocketplay-new.com\/wp-content\/uploads\/2025\/05\/black-diamond-slot-machine-play-slot-for-free.png",1243,495,false],"thumbnail":["https:\/\/rocketplay-new.com\/wp-content\/uploads\/2025\/05\/black-diamond-slot-machine-play-slot-for-free-150x150.png",150,150,true],"medium":["https:\/\/rocketplay-new.com\/wp-content\/uploads\/2025\/05\/black-diamond-slot-machine-play-slot-for-free-300x119.png",300,119,true],"large":["https:\/\/rocketplay-new.com\/wp-content\/uploads\/2025\/05\/black-diamond-slot-machine-play-slot-for-free-1024x408.png",1024,408,true],"1536x1536":["https:\/\/rocketplay-new.com\/wp-content\/uploads\/2025\/05\/black-diamond-slot-machine-play-slot-for-free.png",1243,495,false],"2048x2048":["https:\/\/rocketplay-new.com\/wp-content\/uploads\/2025\/05\/black-diamond-slot-machine-play-slot-for-free.png",1243,495,false],"wppb-medium":["https:\/\/rocketplay-new.com\/wp-content\/uploads\/2025\/05\/black-diamond-slot-machine-play-slot-for-free-600x450.png",600,450,true]},"rttpg_author":{"display_name":"John","author_link":"https:\/\/rocketplay-new.com\/fr\/author\/pemvas95n89x\/"},"rttpg_comment":0,"rttpg_category":null,"rttpg_excerpt":"La machine \u00e0 sous Black Diamond est un jeu en ligne populaire qui offre aux joueurs la possibilit\u00e9 de remporter de gros lots. Avec son design \u00e9l\u00e9gant et son gameplay captivant, cette machine \u00e0 sous divertira les joueurs pendant des heures. Le jeu propose une vari\u00e9t\u00e9 de symboles, dont des diamants, des barres et des...","_links":{"self":[{"href":"https:\/\/rocketplay-new.com\/fr\/wp-json\/wp\/v2\/pages\/8971","targetHints":{"allow":["GET"]}}],"collection":[{"href":"https:\/\/rocketplay-new.com\/fr\/wp-json\/wp\/v2\/pages"}],"about":[{"href":"https:\/\/rocketplay-new.com\/fr\/wp-json\/wp\/v2\/types\/page"}],"author":[{"embeddable":true,"href":"https:\/\/rocketplay-new.com\/fr\/wp-json\/wp\/v2\/users\/1"}],"replies":[{"embeddable":true,"href":"https:\/\/rocketplay-new.com\/fr\/wp-json\/wp\/v2\/comments?post=8971"}],"version-history":[{"count":2,"href":"https:\/\/rocketplay-new.com\/fr\/wp-json\/wp\/v2\/pages\/8971\/revisions"}],"predecessor-version":[{"id":8975,"href":"https:\/\/rocketplay-new.com\/fr\/wp-json\/wp\/v2\/pages\/8971\/revisions\/8975"}],"up":[{"embeddable":true,"href":"https:\/\/rocketplay-new.com\/fr\/wp-json\/wp\/v2\/pages\/2863"}],"wp:featuredmedia":[{"embeddable":true,"href":"https:\/\/rocketplay-new.com\/fr\/wp-json\/wp\/v2\/media\/6714"}],"wp:attachment":[{"href":"https:\/\/rocketplay-new.com\/fr\/wp-json\/wp\/v2\/media?parent=8971"}],"curies":[{"name":"wp","href":"https:\/\/api.w.org\/{rel}","templated":true}]}}