{"id":8969,"date":"2025-05-29T12:10:37","date_gmt":"2025-05-29T09:10:37","guid":{"rendered":"https:\/\/rocketplay-new.com\/slot-machines\/golden-goddess\/"},"modified":"2025-07-16T21:47:22","modified_gmt":"2025-07-16T18:47:22","slug":"golden-goddess","status":"publish","type":"page","link":"https:\/\/rocketplay-new.com\/fr\/slot-machines\/golden-goddess\/","title":{"rendered":"Machine \u00e0 sous Golden Goddess &#8211; Jouez gratuitement"},"content":{"rendered":"<p>La machine \u00e0 sous Golden Goddess est un jeu en ligne populaire qui offre aux joueurs la possibilit\u00e9 de se lancer dans une aventure palpitante \u00e0 la recherche de tr\u00e9sors et de richesses cach\u00e9s. Avec ses graphismes \u00e9poustouflants, son gameplay immersif et ses fonctionnalit\u00e9s bonus palpitantes, cette machine \u00e0 sous divertira les joueurs pendant des heures. Que vous soyez un joueur exp\u00e9riment\u00e9 ou un d\u00e9butant souhaitant tenter sa chance, la machine \u00e0 sous Golden Goddess est un excellent choix pour quiconque recherche une exp\u00e9rience de jeu amusante et enrichissante. Et le meilleur dans tout \u00e7a ? Jouez gratuitement \u00e0 cette machine \u00e0 sous, ce qui vous permet de tenter votre chance et de voir si vous avez les atouts pour d\u00e9couvrir les tr\u00e9sors dor\u00e9s qui attendent d&rsquo;\u00eatre d\u00e9couverts. Alors, n&rsquo;attendez plus ! Plongez dans l&rsquo;univers de la machine \u00e0 sous Golden Goddess et d\u00e9couvrez si vous avez les atouts pour faire fortune !<\/p>\n<div class=\"go-btn-container\"><div class=\"tosh-btn\"><a href=\"\/go-casino\/\" target=\"_blank\" rel=\"noopener\">JOUEZ MAINTENANT<\/a><\/div><\/div>\n<h2>PR\u00c9SENTATION DE LA MACHINE \u00c0 SOUS GOLDEN GODDESS<\/h2>\n<p>La machine \u00e0 sous Golden Goddess est un jeu en ligne populaire d\u00e9velopp\u00e9 par IGT qui a captiv\u00e9 les joueurs gr\u00e2ce \u00e0 son th\u00e8me enchanteur et \u00e0 son gameplay captivant. Avec pour d\u00e9cor un jardin mystique, le jeu propose des symboles tels que la D\u00e9esse Dor\u00e9e en personne, un beau prince, un cheval blanc et une colombe. Avec 5 rouleaux et 40 lignes de paiement, les joueurs ont de nombreuses chances de gagner gros en faisant tourner les rouleaux \u00e0 la recherche de l&rsquo;insaisissable D\u00e9esse Dor\u00e9e. Le jeu propose \u00e9galement une fonctionnalit\u00e9 Super Stacks, o\u00f9 un symbole choisi au hasard peut remplir des rouleaux entiers et g\u00e9n\u00e9rer des gains colossaux. De plus, la machine \u00e0 sous Golden Goddess offre un tour bonus de tours gratuits permettant aux joueurs de gagner jusqu&rsquo;\u00e0 7 tours gratuits avec la possibilit\u00e9 de les relancer pour encore plus de r\u00e9compenses. Avec ses superbes graphismes, son gameplay captivant et son potentiel de gains importants, il n&rsquo;est pas \u00e9tonnant que la machine \u00e0 sous Golden Goddess reste un favori des joueurs de casino en ligne.<\/p>\n<p><img loading=\"lazy\" decoding=\"async\" class=\"aligncenter size-full wp-image-8917\" src=\"https:\/\/rocketplay-new.com\/wp-content\/uploads\/2025\/07\/golden-goddess-slot-2.webp\" alt=\"Golden Goddess slot - Play Slot for Free 2\" width=\"800\" height=\"366\" srcset=\"https:\/\/rocketplay-new.com\/wp-content\/uploads\/2025\/07\/golden-goddess-slot-2.webp 800w, https:\/\/rocketplay-new.com\/wp-content\/uploads\/2025\/07\/golden-goddess-slot-2-300x137.webp 300w, https:\/\/rocketplay-new.com\/wp-content\/uploads\/2025\/07\/golden-goddess-slot-2-768x351.webp 768w\" sizes=\"auto, (max-width: 800px) 100vw, 800px\" \/><\/p>\n<h2>MACHINE \u00c0 SOUS GOLDEN GODDESS\u00a0: TH\u00c8ME, VISUELS ET MUSIQUE<\/h2>\n<p>La machine \u00e0 sous Golden Goddess est un jeu de casino en ligne populaire, dot\u00e9 d&rsquo;un th\u00e8me captivant, de graphismes \u00e9poustouflants et d&rsquo;une musique envo\u00fbtante. Le th\u00e8me du jeu est centr\u00e9 sur la mythologie grecque antique, avec la D\u00e9esse d&rsquo;Or elle-m\u00eame comme personnage principal. Les graphismes sont incroyablement d\u00e9taill\u00e9s et magnifiquement con\u00e7us, avec des symboles tels que des cr\u00e9atures mystiques, des roses dor\u00e9es et l&#8217;embl\u00e9matique D\u00e9esse d&rsquo;Or. L&rsquo;arri\u00e8re-plan du jeu est un jardin luxuriant rempli de fleurs \u00e9clatantes et de joyaux \u00e9tincelants, cr\u00e9ant une atmosph\u00e8re magique et immersive pour les joueurs. La musique, a\u00e9rienne et apaisante, contribue \u00e0 l&rsquo;ambiance g\u00e9n\u00e9rale et am\u00e9liore l&rsquo;exp\u00e9rience de jeu. Avec son th\u00e8me captivant, ses graphismes \u00e9poustouflants et sa musique envo\u00fbtante, la machine \u00e0 sous Golden Goddess offre aux joueurs une exp\u00e9rience de jeu captivante et agr\u00e9able.<\/p>\n<h2>COMMENT JOUER \u00c0 LA MACHINE \u00c0 SOUS GOLDEN GODDESS<\/h2>\n<p>Golden Goddess est une machine \u00e0 sous populaire, disponible dans de nombreux casinos, en ligne et hors ligne. Pour jouer \u00e0 la machine \u00e0 sous Golden Goddess, s\u00e9lectionnez d&rsquo;abord votre mise en ajustant la valeur des pi\u00e8ces et le nombre de lignes de paiement. Une fois votre mise d\u00e9finie, cliquez simplement sur le bouton \u00ab\u00a0Spin\u00a0\u00bb pour lancer la partie. Le jeu propose des symboles tels que la D\u00e9esse d&rsquo;Or elle-m\u00eame, un beau prince, un cheval blanc et une colombe. Le but du jeu est de former des combinaisons gagnantes avec ces symboles pour remporter des gains. Le symbole Golden Goddess est le plus r\u00e9mun\u00e9rateur et peut vous faire remporter le jackpot si vous en obtenez cinq sur une ligne de paiement. De plus, un symbole bonus peut d\u00e9clencher des tours gratuits pour gagner encore plus de prix. Jouer \u00e0 la machine \u00e0 sous Golden Goddess est simple et agr\u00e9able, ce qui en fait un excellent choix pour les d\u00e9butants comme pour les joueurs exp\u00e9riment\u00e9s.<\/p>\n<div class=\"go-btn-container\"><div class=\"tosh-btn\"><a href=\"\/go-casino\/\" target=\"_blank\" rel=\"noopener\">JOUEZ MAINTENANT<\/a><\/div><\/div>\n<h2>MACHINE \u00c0 SOUS GOLDEN GODDESS\u00a0: OPTIONS DE MISE ET POTENTIEL DE GAINS<\/h2>\n<p>La machine \u00e0 sous Golden Goddess est un choix populaire aupr\u00e8s des joueurs occasionnels comme des gros joueurs gr\u00e2ce \u00e0 son large \u00e9ventail d&rsquo;options de mise et \u00e0 son potentiel de gain impressionnant. Les joueurs peuvent miser de 1 \u00e0 50 lignes de paiement, avec la possibilit\u00e9 d&rsquo;ajuster la mise par ligne de 0,01\u00a0$ \u00e0 10\u00a0$. Cette flexibilit\u00e9 permet aux joueurs d&rsquo;adapter leurs mises \u00e0 leurs pr\u00e9f\u00e9rences et \u00e0 leur budget, rendant le jeu accessible \u00e0 tous. Le jeu propose \u00e9galement de nombreuses fonctionnalit\u00e9s bonus, notamment des symboles empil\u00e9s, des jokers et des tours gratuits, qui peuvent augmenter consid\u00e9rablement les chances de gagner gros. Avec un jackpot maximum de 1\u00a0000 pi\u00e8ces, la machine \u00e0 sous Golden Goddess offre un potentiel de gains consid\u00e9rable, ce qui en fait un choix int\u00e9ressant pour les joueurs en qu\u00eate de richesse. Dans l\u2019ensemble, la combinaison d\u2019options de paris personnalisables et d\u2019un potentiel de gain g\u00e9n\u00e9reux fait de la machine \u00e0 sous Golden Goddess un choix de premier ordre pour les joueurs recherchant \u00e0 la fois du divertissement et la chance de gagner gros.<\/p>\n<p><img loading=\"lazy\" decoding=\"async\" class=\"aligncenter size-full wp-image-8908\" src=\"https:\/\/rocketplay-new.com\/wp-content\/uploads\/2025\/07\/golden-goddess-slot-1.webp\" alt=\"Golden Goddess slot - Play Slot for Free\" width=\"800\" height=\"389\" srcset=\"https:\/\/rocketplay-new.com\/wp-content\/uploads\/2025\/07\/golden-goddess-slot-1.webp 800w, https:\/\/rocketplay-new.com\/wp-content\/uploads\/2025\/07\/golden-goddess-slot-1-300x146.webp 300w, https:\/\/rocketplay-new.com\/wp-content\/uploads\/2025\/07\/golden-goddess-slot-1-768x373.webp 768w\" sizes=\"auto, (max-width: 800px) 100vw, 800px\" \/><\/p>\n<h2>QUESTIONS ET R\u00c9PONSES FR\u00c9QUENTES &#8211; MACHINE \u00c0 SOUS GOLDEN GODDESS<\/h2>\n<p>Golden Goddess est une machine \u00e0 sous populaire qui a suscit\u00e9 l&rsquo;int\u00e9r\u00eat des joueurs du monde entier. Comme pour tout jeu, les joueurs se posent souvent des questions \u00e0 son sujet. L&rsquo;une des plus fr\u00e9quentes concerne le d\u00e9clenchement des bonus. Pour d\u00e9clencher les tours gratuits, il faut obtenir trois symboles scatter en forme de rose sur les rouleaux 2, 3 et 4. Une autre question fr\u00e9quente concerne le taux de retour au joueur (RTP). Le RTP de Golden Goddess est d&rsquo;environ 94 %, ce qui est assez courant pour une machine \u00e0 sous. Les joueurs s&rsquo;interrogent \u00e9galement sur la volatilit\u00e9 du jeu, consid\u00e9r\u00e9e comme moyenne. Globalement, Golden Goddess est une machine \u00e0 sous tr\u00e8s appr\u00e9ci\u00e9e, offrant une exp\u00e9rience de jeu passionnante et agr\u00e9able \u00e0 tous les types de joueurs.<\/p>\n","protected":false},"excerpt":{"rendered":"<p>La machine \u00e0 sous Golden Goddess est un jeu en ligne populaire qui offre aux joueurs la possibilit\u00e9 de se lancer dans une aventure palpitante \u00e0 la recherche de tr\u00e9sors et de richesses cach\u00e9s. Avec ses graphismes \u00e9poustouflants, son gameplay immersif et ses fonctionnalit\u00e9s bonus palpitantes, cette machine \u00e0 sous divertira les joueurs pendant des&#8230;<\/p>\n","protected":false},"author":1,"featured_media":6772,"parent":2863,"menu_order":0,"comment_status":"closed","ping_status":"closed","template":"","meta":{"_acf_changed":false,"_kad_post_transparent":"default","_kad_post_title":"default","_kad_post_layout":"default","_kad_post_sidebar_id":"","_kad_post_content_style":"default","_kad_post_vertical_padding":"default","_kad_post_feature":"","_kad_post_feature_position":"","_kad_post_header":false,"_kad_post_footer":false,"footnotes":""},"class_list":["post-8969","page","type-page","status-publish","has-post-thumbnail","hentry"],"acf":[],"rttpg_featured_image_url":{"full":["https:\/\/rocketplay-new.com\/wp-content\/uploads\/2025\/05\/golden-goddess-slot-play-slot-for-free.png",1149,698,false],"landscape":["https:\/\/rocketplay-new.com\/wp-content\/uploads\/2025\/05\/golden-goddess-slot-play-slot-for-free.png",1149,698,false],"portraits":["https:\/\/rocketplay-new.com\/wp-content\/uploads\/2025\/05\/golden-goddess-slot-play-slot-for-free.png",1149,698,false],"thumbnail":["https:\/\/rocketplay-new.com\/wp-content\/uploads\/2025\/05\/golden-goddess-slot-play-slot-for-free-150x150.png",150,150,true],"medium":["https:\/\/rocketplay-new.com\/wp-content\/uploads\/2025\/05\/golden-goddess-slot-play-slot-for-free-300x182.png",300,182,true],"large":["https:\/\/rocketplay-new.com\/wp-content\/uploads\/2025\/05\/golden-goddess-slot-play-slot-for-free-1024x622.png",1024,622,true],"1536x1536":["https:\/\/rocketplay-new.com\/wp-content\/uploads\/2025\/05\/golden-goddess-slot-play-slot-for-free.png",1149,698,false],"2048x2048":["https:\/\/rocketplay-new.com\/wp-content\/uploads\/2025\/05\/golden-goddess-slot-play-slot-for-free.png",1149,698,false],"wppb-medium":["https:\/\/rocketplay-new.com\/wp-content\/uploads\/2025\/05\/golden-goddess-slot-play-slot-for-free-600x450.png",600,450,true]},"rttpg_author":{"display_name":"John","author_link":"https:\/\/rocketplay-new.com\/fr\/author\/pemvas95n89x\/"},"rttpg_comment":0,"rttpg_category":null,"rttpg_excerpt":"La machine \u00e0 sous Golden Goddess est un jeu en ligne populaire qui offre aux joueurs la possibilit\u00e9 de se lancer dans une aventure palpitante \u00e0 la recherche de tr\u00e9sors et de richesses cach\u00e9s. Avec ses graphismes \u00e9poustouflants, son gameplay immersif et ses fonctionnalit\u00e9s bonus palpitantes, cette machine \u00e0 sous divertira les joueurs pendant des...","_links":{"self":[{"href":"https:\/\/rocketplay-new.com\/fr\/wp-json\/wp\/v2\/pages\/8969","targetHints":{"allow":["GET"]}}],"collection":[{"href":"https:\/\/rocketplay-new.com\/fr\/wp-json\/wp\/v2\/pages"}],"about":[{"href":"https:\/\/rocketplay-new.com\/fr\/wp-json\/wp\/v2\/types\/page"}],"author":[{"embeddable":true,"href":"https:\/\/rocketplay-new.com\/fr\/wp-json\/wp\/v2\/users\/1"}],"replies":[{"embeddable":true,"href":"https:\/\/rocketplay-new.com\/fr\/wp-json\/wp\/v2\/comments?post=8969"}],"version-history":[{"count":2,"href":"https:\/\/rocketplay-new.com\/fr\/wp-json\/wp\/v2\/pages\/8969\/revisions"}],"predecessor-version":[{"id":8977,"href":"https:\/\/rocketplay-new.com\/fr\/wp-json\/wp\/v2\/pages\/8969\/revisions\/8977"}],"up":[{"embeddable":true,"href":"https:\/\/rocketplay-new.com\/fr\/wp-json\/wp\/v2\/pages\/2863"}],"wp:featuredmedia":[{"embeddable":true,"href":"https:\/\/rocketplay-new.com\/fr\/wp-json\/wp\/v2\/media\/6772"}],"wp:attachment":[{"href":"https:\/\/rocketplay-new.com\/fr\/wp-json\/wp\/v2\/media?parent=8969"}],"curies":[{"name":"wp","href":"https:\/\/api.w.org\/{rel}","templated":true}]}}