{"id":8811,"date":"2025-05-29T11:39:54","date_gmt":"2025-05-29T08:39:54","guid":{"rendered":"https:\/\/rocketplay-new.com\/slot-machines\/white-orchid\/"},"modified":"2025-07-16T19:47:37","modified_gmt":"2025-07-16T16:47:37","slug":"white-orchid","status":"publish","type":"page","link":"https:\/\/rocketplay-new.com\/fr\/slot-machines\/white-orchid\/","title":{"rendered":"Machine \u00e0 sous White Orchid &#8211; Jouez gratuitement"},"content":{"rendered":"<p>La machine \u00e0 sous White Orchid est un jeu en ligne populaire qui offre aux joueurs la possibilit\u00e9 de remporter de gros prix tout en profitant de graphismes \u00e9poustouflants et d&rsquo;une exp\u00e9rience de jeu captivante. Tentez votre chance gratuitement en jouant \u00e0 la version d\u00e9mo, qui vous permettra de vivre pleinement l&rsquo;exp\u00e9rience sans miser d&rsquo;argent r\u00e9el. Avec son th\u00e8me exotique et ses gains g\u00e9n\u00e9reux, la machine \u00e0 sous White Orchid vous divertira pendant des heures. Alors, n&rsquo;attendez plus\u00a0! Essayez-la d\u00e8s aujourd&rsquo;hui et tentez de remporter un gros gain\u00a0!<\/p>\n<div class=\"go-btn-container\"><div class=\"tosh-btn\"><a href=\"\/go-casino\/\" target=\"_blank\" rel=\"noopener\">JOUEZ MAINTENANT<\/a><\/div><\/div>\n<h2>PR\u00c9SENTATION DE LA MACHINE \u00c0 SOUS WHITE ORCHID<\/h2>\n<p>White Orchid est un jeu de machine \u00e0 sous populaire d\u00e9velopp\u00e9 par IGT, r\u00e9put\u00e9 pour ses graphismes \u00e9poustouflants et sa jouabilit\u00e9 captivante. Situ\u00e9 dans une magnifique jungle tropicale peupl\u00e9e de fleurs et d&rsquo;animaux exotiques, le jeu comporte cinq rouleaux et 40 lignes de paiement, offrant aux joueurs de nombreuses opportunit\u00e9s de gagner gros. Les symboles sur les rouleaux incluent des orchid\u00e9es color\u00e9es, des oiseaux tropicaux et d&rsquo;autres esp\u00e8ces de la flore et de la faune indig\u00e8nes de la jungle. L&rsquo;une des fonctionnalit\u00e9s phares de White Orchid est la fonctionnalit\u00e9 MultiWay Xtra, qui permet aux joueurs de gagner de 1\u00a0024 fa\u00e7ons diff\u00e9rentes. Cette fonctionnalit\u00e9 unique, combin\u00e9e aux tours gratuits, peut g\u00e9n\u00e9rer des gains impressionnants. Globalement, White Orchid est une machine \u00e0 sous visuellement attrayante et divertissante qui s\u00e9duira aussi bien les joueurs occasionnels que les joueurs confirm\u00e9s.<\/p>\n<p><img loading=\"lazy\" decoding=\"async\" class=\"aligncenter size-full wp-image-8785\" src=\"https:\/\/rocketplay-new.com\/wp-content\/uploads\/2025\/07\/white-orchid-slot-2.webp\" alt=\"White Orchid slot machine - Play Slot for Free 2\" width=\"800\" height=\"410\" srcset=\"https:\/\/rocketplay-new.com\/wp-content\/uploads\/2025\/07\/white-orchid-slot-2.webp 800w, https:\/\/rocketplay-new.com\/wp-content\/uploads\/2025\/07\/white-orchid-slot-2-300x154.webp 300w, https:\/\/rocketplay-new.com\/wp-content\/uploads\/2025\/07\/white-orchid-slot-2-768x394.webp 768w\" sizes=\"auto, (max-width: 800px) 100vw, 800px\" \/><\/p>\n<h2>MACHINE \u00c0 SOUS WHITE ORCHID\u00a0: TH\u00c8ME, VISUELS ET MUSIQUE<\/h2>\n<p>La machine \u00e0 sous White Orchid est un jeu populaire dont le th\u00e8me est l&rsquo;orchid\u00e9e blanche, \u00e9l\u00e9gante et exotique. Les graphismes sont \u00e9poustouflants, avec des couleurs vives et des d\u00e9tails complexes qui mettent en valeur la beaut\u00e9 de la fleur \u00e0 l&rsquo;\u00e9cran. Les rouleaux sont orn\u00e9s de symboles tels que l&rsquo;orchid\u00e9e blanche, des papillons color\u00e9s et des oiseaux tropicaux, cr\u00e9ant une exp\u00e9rience de jeu visuellement attrayante et immersive. La musique de fond est apaisante et apaisante, avec une douce m\u00e9lodie qui renforce l&rsquo;atmosph\u00e8re g\u00e9n\u00e9rale du jeu. L&rsquo;association de graphismes \u00e9poustouflants et d&rsquo;une musique relaxante fait de la machine \u00e0 sous White Orchid une exp\u00e9rience vraiment agr\u00e9able et captivante pour les joueurs en qu\u00eate d&rsquo;une exp\u00e9rience de jeu sereine et agr\u00e9able.<\/p>\n<h2>COMMENT JOUER \u00c0 LA MACHINE \u00c0 SOUS WHITE ORCHID<\/h2>\n<p>White Orchid est une machine \u00e0 sous populaire, disponible dans de nombreux casinos, en ligne et hors ligne. Jouer \u00e0 la machine \u00e0 sous White Orchid est tr\u00e8s simple et direct. Le jeu comporte 5 rouleaux et 40 lignes de paiement, offrant aux joueurs de nombreuses opportunit\u00e9s de gagner gros. Pour commencer, d\u00e9finissez votre mise en ajustant la valeur des pi\u00e8ces et le nombre de pi\u00e8ces par ligne. Une fois votre mise d\u00e9finie, faites tourner les rouleaux et attendez le r\u00e9sultat. Le but est de faire correspondre les symboles sur les lignes de paiement pour remporter des prix. Le jeu propose une vari\u00e9t\u00e9 de symboles, dont le symbole Orchid\u00e9e Blanche, qui fait office de joker et peut se substituer \u00e0 d&rsquo;autres symboles pour cr\u00e9er des combinaisons gagnantes. De plus, un tour bonus de tours gratuits est disponible en obtenant le symbole bonus sur les rouleaux 3, 4 et 5. Jouer \u00e0 la machine \u00e0 sous White Orchid est une exp\u00e9rience amusante et palpitante qui peut vous permettre de remporter de gros gains si vous avez de la chance.<\/p>\n<div class=\"go-btn-container\"><div class=\"tosh-btn\"><a href=\"\/go-casino\/\" target=\"_blank\" rel=\"noopener\">JOUEZ MAINTENANT<\/a><\/div><\/div>\n<h2>MACHINE \u00c0 SOUS WHITE ORCHID\u00a0: OPTIONS DE MISE ET POTENTIEL DE GAINS<\/h2>\n<p>La machine \u00e0 sous White Orchid est un jeu populaire r\u00e9put\u00e9 pour ses superbes graphismes et son gameplay captivant. L&rsquo;une des principales caract\u00e9ristiques de cette machine \u00e0 sous est son large \u00e9ventail d&rsquo;options de mise, permettant aux joueurs de personnaliser leurs mises selon leurs pr\u00e9f\u00e9rences. Les joueurs peuvent choisir de miser de quelques centimes \u00e0 plusieurs centaines de dollars par tour, ce qui la rend accessible aussi bien aux joueurs occasionnels qu&rsquo;aux gros joueurs. Le jeu propose \u00e9galement divers bonus et tours gratuits, augmentant ainsi les chances de gagner. Avec un taux de retour au joueur (RTP) \u00e9lev\u00e9 et la possibilit\u00e9 de remporter de gros gains, la machine \u00e0 sous White Orchid offre une exp\u00e9rience de jeu palpitante et enrichissante \u00e0 ceux qui souhaitent tenter leur chance. Que vous soyez novice ou joueur exp\u00e9riment\u00e9, cette machine \u00e0 sous offre de nombreuses opportunit\u00e9s de gagner gros et de passer des heures \u00e0 vous divertir.<\/p>\n<p><img loading=\"lazy\" decoding=\"async\" class=\"aligncenter size-full wp-image-8776\" src=\"https:\/\/rocketplay-new.com\/wp-content\/uploads\/2025\/07\/white-orchid-slot-1.webp\" alt=\"White Orchid slot machine - Play Slot for Free\" width=\"800\" height=\"479\" srcset=\"https:\/\/rocketplay-new.com\/wp-content\/uploads\/2025\/07\/white-orchid-slot-1.webp 800w, https:\/\/rocketplay-new.com\/wp-content\/uploads\/2025\/07\/white-orchid-slot-1-300x180.webp 300w, https:\/\/rocketplay-new.com\/wp-content\/uploads\/2025\/07\/white-orchid-slot-1-768x460.webp 768w\" sizes=\"auto, (max-width: 800px) 100vw, 800px\" \/><\/p>\n<h2>QUESTIONS ET R\u00c9PONSES FR\u00c9QUENTES &#8211; MACHINE \u00c0 SOUS WHITE ORCHID<\/h2>\n<p>La machine \u00e0 sous White Orchid est un jeu populaire dans les casinos et les plateformes de jeux en ligne. Les joueurs se demandent souvent comment jouer et gagner. Une question fr\u00e9quente concerne le d\u00e9clenchement des bonus, tels que les tours gratuits ou les multiplicateurs. Pour activer ces bonus, les joueurs doivent g\u00e9n\u00e9ralement obtenir une combinaison de symboles sp\u00e9cifique sur les rouleaux, qui peut varier selon les r\u00e8gles du jeu. Une autre question fr\u00e9quente est de savoir s&rsquo;il est possible d&rsquo;augmenter ses chances de gagner \u00e0 la machine \u00e0 sous White Orchid. Bien qu&rsquo;il n&rsquo;existe aucune garantie de gagner aux machines \u00e0 sous, les joueurs peuvent am\u00e9liorer leurs chances en misant sur toutes les lignes de paiement et en g\u00e9rant judicieusement leur capital. De plus, les joueurs se demandent souvent s&rsquo;il existe des astuces ou des piratages permettant de manipuler le r\u00e9sultat du jeu. Il est important de rappeler que l&rsquo;utilisation de ces astuces ou piratages est ill\u00e9gale et contraire \u00e0 l&rsquo;\u00e9thique, et peut entra\u00eener des sanctions, voire une exclusion du casino. Globalement, la machine \u00e0 sous White Orchid offre une exp\u00e9rience de jeu passionnante et enrichissante, avec de nombreuses opportunit\u00e9s de remporter de gros prix.<\/p>\n","protected":false},"excerpt":{"rendered":"<p>La machine \u00e0 sous White Orchid est un jeu en ligne populaire qui offre aux joueurs la possibilit\u00e9 de remporter de gros prix tout en profitant de graphismes \u00e9poustouflants et d&rsquo;une exp\u00e9rience de jeu captivante. Tentez votre chance gratuitement en jouant \u00e0 la version d\u00e9mo, qui vous permettra de vivre pleinement l&rsquo;exp\u00e9rience sans miser d&rsquo;argent&#8230;<\/p>\n","protected":false},"author":1,"featured_media":6656,"parent":2863,"menu_order":0,"comment_status":"closed","ping_status":"closed","template":"single-no-sidebar.php","meta":{"_acf_changed":false,"_kad_post_transparent":"default","_kad_post_title":"default","_kad_post_layout":"default","_kad_post_sidebar_id":"","_kad_post_content_style":"default","_kad_post_vertical_padding":"default","_kad_post_feature":"","_kad_post_feature_position":"","_kad_post_header":false,"_kad_post_footer":false,"footnotes":""},"class_list":["post-8811","page","type-page","status-publish","has-post-thumbnail","hentry"],"acf":[],"rttpg_featured_image_url":{"full":["https:\/\/rocketplay-new.com\/wp-content\/uploads\/2025\/05\/white-orchid-slot-machine-play-slot-for-free.png",1491,765,false],"landscape":["https:\/\/rocketplay-new.com\/wp-content\/uploads\/2025\/05\/white-orchid-slot-machine-play-slot-for-free.png",1491,765,false],"portraits":["https:\/\/rocketplay-new.com\/wp-content\/uploads\/2025\/05\/white-orchid-slot-machine-play-slot-for-free.png",1491,765,false],"thumbnail":["https:\/\/rocketplay-new.com\/wp-content\/uploads\/2025\/05\/white-orchid-slot-machine-play-slot-for-free-150x150.png",150,150,true],"medium":["https:\/\/rocketplay-new.com\/wp-content\/uploads\/2025\/05\/white-orchid-slot-machine-play-slot-for-free-300x154.png",300,154,true],"large":["https:\/\/rocketplay-new.com\/wp-content\/uploads\/2025\/05\/white-orchid-slot-machine-play-slot-for-free-1024x525.png",1024,525,true],"1536x1536":["https:\/\/rocketplay-new.com\/wp-content\/uploads\/2025\/05\/white-orchid-slot-machine-play-slot-for-free.png",1491,765,false],"2048x2048":["https:\/\/rocketplay-new.com\/wp-content\/uploads\/2025\/05\/white-orchid-slot-machine-play-slot-for-free.png",1491,765,false],"wppb-medium":["https:\/\/rocketplay-new.com\/wp-content\/uploads\/2025\/05\/white-orchid-slot-machine-play-slot-for-free-600x450.png",600,450,true]},"rttpg_author":{"display_name":"John","author_link":"https:\/\/rocketplay-new.com\/fr\/author\/pemvas95n89x\/"},"rttpg_comment":0,"rttpg_category":null,"rttpg_excerpt":"La machine \u00e0 sous White Orchid est un jeu en ligne populaire qui offre aux joueurs la possibilit\u00e9 de remporter de gros prix tout en profitant de graphismes \u00e9poustouflants et d&rsquo;une exp\u00e9rience de jeu captivante. Tentez votre chance gratuitement en jouant \u00e0 la version d\u00e9mo, qui vous permettra de vivre pleinement l&rsquo;exp\u00e9rience sans miser d&rsquo;argent...","_links":{"self":[{"href":"https:\/\/rocketplay-new.com\/fr\/wp-json\/wp\/v2\/pages\/8811","targetHints":{"allow":["GET"]}}],"collection":[{"href":"https:\/\/rocketplay-new.com\/fr\/wp-json\/wp\/v2\/pages"}],"about":[{"href":"https:\/\/rocketplay-new.com\/fr\/wp-json\/wp\/v2\/types\/page"}],"author":[{"embeddable":true,"href":"https:\/\/rocketplay-new.com\/fr\/wp-json\/wp\/v2\/users\/1"}],"replies":[{"embeddable":true,"href":"https:\/\/rocketplay-new.com\/fr\/wp-json\/wp\/v2\/comments?post=8811"}],"version-history":[{"count":2,"href":"https:\/\/rocketplay-new.com\/fr\/wp-json\/wp\/v2\/pages\/8811\/revisions"}],"predecessor-version":[{"id":8813,"href":"https:\/\/rocketplay-new.com\/fr\/wp-json\/wp\/v2\/pages\/8811\/revisions\/8813"}],"up":[{"embeddable":true,"href":"https:\/\/rocketplay-new.com\/fr\/wp-json\/wp\/v2\/pages\/2863"}],"wp:featuredmedia":[{"embeddable":true,"href":"https:\/\/rocketplay-new.com\/fr\/wp-json\/wp\/v2\/media\/6656"}],"wp:attachment":[{"href":"https:\/\/rocketplay-new.com\/fr\/wp-json\/wp\/v2\/media?parent=8811"}],"curies":[{"name":"wp","href":"https:\/\/api.w.org\/{rel}","templated":true}]}}