{"id":8755,"date":"2025-05-29T11:34:47","date_gmt":"2025-05-29T08:34:47","guid":{"rendered":"https:\/\/rocketplay-new.com\/slot-machines\/big-bad-wolf\/"},"modified":"2025-07-16T18:30:27","modified_gmt":"2025-07-16T15:30:27","slug":"big-bad-wolf","status":"publish","type":"page","link":"https:\/\/rocketplay-new.com\/fr\/slot-machines\/big-bad-wolf\/","title":{"rendered":"Machine \u00e0 sous Big Bad Wolf &#8211; Jouez gratuitement"},"content":{"rendered":"<p>La machine \u00e0 sous Big Bad Wolf est un jeu de machine \u00e0 sous en ligne populaire qui donne vie au conte de f\u00e9es classique de mani\u00e8re captivante et captivante. Les joueurs peuvent faire tourner les rouleaux et tenter leur chance pour gagner gros tout en profitant de graphismes fantaisistes et d&rsquo;animations amusantes. Gr\u00e2ce \u00e0 ses nombreuses fonctionnalit\u00e9s bonus et tours gratuits, cette machine \u00e0 sous offre de nombreuses opportunit\u00e9s d&rsquo;augmenter leurs gains. Et le meilleur dans tout \u00e7a ? Vous pouvez l&rsquo;essayer gratuitement avant de jouer en argent r\u00e9el, ce qui en fait une excellente option pour les joueurs occasionnels comme pour les joueurs exp\u00e9riment\u00e9s en qu\u00eate de divertissement.<\/p>\n<div class=\"go-btn-container\"><div class=\"tosh-btn\"><a href=\"\/go-casino\/\" target=\"_blank\" rel=\"noopener\">JOUEZ MAINTENANT<\/a><\/div><\/div>\n<h2>PR\u00c9SENTATION DE LA MACHINE \u00c0 SOUS BIG BAD WOLF<\/h2>\n<p>La machine \u00e0 sous Big Bad Wolf est un jeu de machine \u00e0 sous vid\u00e9o populaire cr\u00e9\u00e9 par Quickspin, sur le th\u00e8me des contes de f\u00e9es classiques, inspir\u00e9 de l&rsquo;histoire des Trois Petits Cochons. Le design du jeu est attrayant, avec des graphismes et des animations de haute qualit\u00e9 qui donnent vie aux personnages du conte sur les rouleaux. Le gameplay est rapide et captivant, avec cinq rouleaux et 25 lignes de paiement offrant de nombreuses opportunit\u00e9s de gagner gros. L&rsquo;une des fonctionnalit\u00e9s uniques de la machine \u00e0 sous Big Bad Wolf est le Swooping Reels, o\u00f9 les combinaisons gagnantes disparaissent et de nouveaux symboles apparaissent pour potentiellement g\u00e9n\u00e9rer davantage de gains en un seul tour. Le jeu comprend \u00e9galement un tour bonus de tours gratuits, o\u00f9 les joueurs peuvent gagner jusqu&rsquo;\u00e0 20 tours gratuits et d\u00e9clencher des fonctionnalit\u00e9s suppl\u00e9mentaires comme la fonctionnalit\u00e9 Blowing Down the House, qui peut g\u00e9n\u00e9rer des gains encore plus importants. En r\u00e9sum\u00e9, la machine \u00e0 sous Big Bad Wolf est un jeu amusant et divertissant qui pla\u00eet aussi bien aux joueurs occasionnels qu&rsquo;aux passionn\u00e9s de machines \u00e0 sous.<\/p>\n<p><img loading=\"lazy\" decoding=\"async\" class=\"aligncenter size-full wp-image-8741\" src=\"https:\/\/rocketplay-new.com\/wp-content\/uploads\/2025\/07\/big-bad-wolf-2.webp\" alt=\"Big Bad Wolf slot machine - Play Slot for Free 2\" width=\"800\" height=\"335\" srcset=\"https:\/\/rocketplay-new.com\/wp-content\/uploads\/2025\/07\/big-bad-wolf-2.webp 800w, https:\/\/rocketplay-new.com\/wp-content\/uploads\/2025\/07\/big-bad-wolf-2-300x126.webp 300w, https:\/\/rocketplay-new.com\/wp-content\/uploads\/2025\/07\/big-bad-wolf-2-768x322.webp 768w\" sizes=\"auto, (max-width: 800px) 100vw, 800px\" \/><\/p>\n<h2>MACHINE \u00c0 SOUS BIG BAD WOLF\u00a0: TH\u00c8ME, VISUELS ET MUSIQUE<\/h2>\n<p>La machine \u00e0 sous Big Bad Wolf est un jeu en ligne populaire inspir\u00e9 du conte de f\u00e9es classique des Trois Petits Cochons. Le th\u00e8me du jeu est celui du c\u00e9l\u00e8bre m\u00e9chant, le Grand M\u00e9chant Loup, qui a pour mission de d\u00e9truire les maisons des trois petits cochons. Les graphismes du jeu sont dynamiques et captivants, avec des graphismes de style dessin anim\u00e9 qui donnent vie \u00e0 l&rsquo;histoire. Les rouleaux se d\u00e9roulent sur fond de maisons des cochons, avec le loup qui r\u00f4de en arri\u00e8re-plan. Les symboles sur les rouleaux incluent les trois cochons, le loup et divers objets li\u00e9s \u00e0 l&rsquo;histoire, comme de la paille, des b\u00e2tons et des briques. La bande-son, entra\u00eenante et fantaisiste, contribue \u00e0 l&rsquo;ambiance ludique et l\u00e9g\u00e8re du jeu. Globalement, la machine \u00e0 sous Big Bad Wolf est un jeu visuellement attrayant et divertissant qui offre aux joueurs une exp\u00e9rience de jeu unique et captivante.<\/p>\n<h2>COMMENT JOUER \u00c0 LA MACHINE \u00c0 SOUS BIG BAD WOLF<\/h2>\n<p>Big Bad Wolf est une machine \u00e0 sous populaire inspir\u00e9e du conte de f\u00e9es classique des Trois Petits Cochons. Pour y jouer, s\u00e9lectionnez d&rsquo;abord votre mise en cliquant sur le bouton \u00ab\u00a0Miser\u00a0\u00bb. Une fois votre mise choisie, vous pouvez faire tourner les rouleaux en cliquant sur le bouton \u00ab\u00a0Tourner\u00a0\u00bb. Le but du jeu est de faire correspondre les symboles pour gagner des prix. Parmi les symboles de ce jeu, on trouve les Trois Petits Cochons, le Grand M\u00e9chant Loup et divers autres symboles de la ferme. L&rsquo;une des fonctionnalit\u00e9s uniques de ce jeu est le tour bonus \u00ab\u00a0Blowing Down the House\u00a0\u00bb, d\u00e9clench\u00e9 lorsque vous obtenez trois symboles Loup ou plus sur les rouleaux. Pendant ce tour bonus, le Grand M\u00e9chant Loup fera exploser les maisons, r\u00e9v\u00e9lant des prix en esp\u00e8ces. Jouer \u00e0 la machine \u00e0 sous Big Bad Wolf est une exp\u00e9rience amusante et palpitante qui peut rapporter gros aux joueurs chanceux.<\/p>\n<div class=\"go-btn-container\"><div class=\"tosh-btn\"><a href=\"\/go-casino\/\" target=\"_blank\" rel=\"noopener\">JOUEZ MAINTENANT<\/a><\/div><\/div>\n<h2>MACHINE \u00c0 SOUS BIG BAD WOLF\u00a0: OPTIONS DE MISE ET POTENTIEL DE GAINS<\/h2>\n<p>La machine \u00e0 sous Big Bad Wolf est un jeu populaire qui offre aux joueurs une vari\u00e9t\u00e9 d&rsquo;options de mise et la possibilit\u00e9 de remporter de gros gains. Les joueurs peuvent miser de quelques centimes \u00e0 plusieurs dollars par tour, ce qui leur permet de choisir librement leur mise. Le jeu propose une configuration standard avec cinq rouleaux et trois rang\u00e9es, ainsi que 25 lignes de paiement, offrant de nombreuses opportunit\u00e9s de gains. Le jeu propose \u00e9galement de nombreux bonus, comme des tours gratuits et des multiplicateurs, qui peuvent aider les joueurs \u00e0 augmenter leurs gains. Avec un taux de retour au joueur d&rsquo;environ 97\u00a0%, la machine \u00e0 sous Big Bad Wolf offre des gains impressionnants. Globalement, ses options de mise et son potentiel de gain en font un choix populaire aupr\u00e8s des joueurs occasionnels comme des gros joueurs en qu\u00eate de sensations fortes et de gains importants.<\/p>\n<p><img loading=\"lazy\" decoding=\"async\" class=\"aligncenter size-full wp-image-8732\" src=\"https:\/\/rocketplay-new.com\/wp-content\/uploads\/2025\/07\/big-bad-wolf-1.webp\" alt=\"Big Bad Wolf slot machine - Play Slot for Free\" width=\"800\" height=\"437\" srcset=\"https:\/\/rocketplay-new.com\/wp-content\/uploads\/2025\/07\/big-bad-wolf-1.webp 800w, https:\/\/rocketplay-new.com\/wp-content\/uploads\/2025\/07\/big-bad-wolf-1-300x164.webp 300w, https:\/\/rocketplay-new.com\/wp-content\/uploads\/2025\/07\/big-bad-wolf-1-768x420.webp 768w\" sizes=\"auto, (max-width: 800px) 100vw, 800px\" \/><\/p>\n<h2>QUESTIONS ET R\u00c9PONSES FR\u00c9QUENTES &#8211; MACHINE \u00c0 SOUS BIG BAD WOLF<\/h2>\n<p>La machine \u00e0 sous Big Bad Wolf est un jeu populaire appr\u00e9ci\u00e9 par de nombreux joueurs, tant dans les casinos terrestres qu&rsquo;en ligne. L&rsquo;une des questions les plus fr\u00e9quentes concerne les gains importants. Pour gagner gros, il est essentiel de d\u00e9clencher les tours bonus, qui peuvent g\u00e9n\u00e9rer des gains cons\u00e9quents. Le taux de retour au joueur (RTP) est \u00e9galement une question fr\u00e9quente. Il est d&rsquo;environ 97,35 %, un taux consid\u00e9r\u00e9 comme \u00e9lev\u00e9 par rapport aux autres machines \u00e0 sous. Les joueurs s&rsquo;interrogent \u00e9galement sur la volatilit\u00e9 du jeu, qui est plut\u00f4t faible, ce qui signifie que les joueurs peuvent s&rsquo;attendre \u00e0 des gains plus fr\u00e9quents, mais plus modestes. Globalement, la machine \u00e0 sous Big Bad Wolf est un jeu amusant et gratifiant qui offre de nombreuses opportunit\u00e9s de gains importants.<\/p>\n","protected":false},"excerpt":{"rendered":"<p>La machine \u00e0 sous Big Bad Wolf est un jeu de machine \u00e0 sous en ligne populaire qui donne vie au conte de f\u00e9es classique de mani\u00e8re captivante et captivante. Les joueurs peuvent faire tourner les rouleaux et tenter leur chance pour gagner gros tout en profitant de graphismes fantaisistes et d&rsquo;animations amusantes. Gr\u00e2ce \u00e0&#8230;<\/p>\n","protected":false},"author":1,"featured_media":6627,"parent":2863,"menu_order":0,"comment_status":"closed","ping_status":"closed","template":"single-no-sidebar.php","meta":{"_acf_changed":false,"_kad_post_transparent":"default","_kad_post_title":"default","_kad_post_layout":"default","_kad_post_sidebar_id":"","_kad_post_content_style":"default","_kad_post_vertical_padding":"default","_kad_post_feature":"","_kad_post_feature_position":"","_kad_post_header":false,"_kad_post_footer":false,"footnotes":""},"class_list":["post-8755","page","type-page","status-publish","has-post-thumbnail","hentry"],"acf":[],"rttpg_featured_image_url":{"full":["https:\/\/rocketplay-new.com\/wp-content\/uploads\/2025\/05\/big-bad-wolf-slot-machine-play-slot-for-free.png",975,697,false],"landscape":["https:\/\/rocketplay-new.com\/wp-content\/uploads\/2025\/05\/big-bad-wolf-slot-machine-play-slot-for-free.png",975,697,false],"portraits":["https:\/\/rocketplay-new.com\/wp-content\/uploads\/2025\/05\/big-bad-wolf-slot-machine-play-slot-for-free.png",975,697,false],"thumbnail":["https:\/\/rocketplay-new.com\/wp-content\/uploads\/2025\/05\/big-bad-wolf-slot-machine-play-slot-for-free-150x150.png",150,150,true],"medium":["https:\/\/rocketplay-new.com\/wp-content\/uploads\/2025\/05\/big-bad-wolf-slot-machine-play-slot-for-free-300x214.png",300,214,true],"large":["https:\/\/rocketplay-new.com\/wp-content\/uploads\/2025\/05\/big-bad-wolf-slot-machine-play-slot-for-free.png",975,697,false],"1536x1536":["https:\/\/rocketplay-new.com\/wp-content\/uploads\/2025\/05\/big-bad-wolf-slot-machine-play-slot-for-free.png",975,697,false],"2048x2048":["https:\/\/rocketplay-new.com\/wp-content\/uploads\/2025\/05\/big-bad-wolf-slot-machine-play-slot-for-free.png",975,697,false],"wppb-medium":["https:\/\/rocketplay-new.com\/wp-content\/uploads\/2025\/05\/big-bad-wolf-slot-machine-play-slot-for-free-600x450.png",600,450,true]},"rttpg_author":{"display_name":"John","author_link":"https:\/\/rocketplay-new.com\/fr\/author\/pemvas95n89x\/"},"rttpg_comment":0,"rttpg_category":null,"rttpg_excerpt":"La machine \u00e0 sous Big Bad Wolf est un jeu de machine \u00e0 sous en ligne populaire qui donne vie au conte de f\u00e9es classique de mani\u00e8re captivante et captivante. Les joueurs peuvent faire tourner les rouleaux et tenter leur chance pour gagner gros tout en profitant de graphismes fantaisistes et d&rsquo;animations amusantes. Gr\u00e2ce \u00e0...","_links":{"self":[{"href":"https:\/\/rocketplay-new.com\/fr\/wp-json\/wp\/v2\/pages\/8755","targetHints":{"allow":["GET"]}}],"collection":[{"href":"https:\/\/rocketplay-new.com\/fr\/wp-json\/wp\/v2\/pages"}],"about":[{"href":"https:\/\/rocketplay-new.com\/fr\/wp-json\/wp\/v2\/types\/page"}],"author":[{"embeddable":true,"href":"https:\/\/rocketplay-new.com\/fr\/wp-json\/wp\/v2\/users\/1"}],"replies":[{"embeddable":true,"href":"https:\/\/rocketplay-new.com\/fr\/wp-json\/wp\/v2\/comments?post=8755"}],"version-history":[{"count":2,"href":"https:\/\/rocketplay-new.com\/fr\/wp-json\/wp\/v2\/pages\/8755\/revisions"}],"predecessor-version":[{"id":8757,"href":"https:\/\/rocketplay-new.com\/fr\/wp-json\/wp\/v2\/pages\/8755\/revisions\/8757"}],"up":[{"embeddable":true,"href":"https:\/\/rocketplay-new.com\/fr\/wp-json\/wp\/v2\/pages\/2863"}],"wp:featuredmedia":[{"embeddable":true,"href":"https:\/\/rocketplay-new.com\/fr\/wp-json\/wp\/v2\/media\/6627"}],"wp:attachment":[{"href":"https:\/\/rocketplay-new.com\/fr\/wp-json\/wp\/v2\/media?parent=8755"}],"curies":[{"name":"wp","href":"https:\/\/api.w.org\/{rel}","templated":true}]}}