{"id":8664,"date":"2025-05-29T00:15:54","date_gmt":"2025-05-28T21:15:54","guid":{"rendered":"https:\/\/rocketplay-new.com\/slot-machines\/pig\/"},"modified":"2025-07-16T16:54:05","modified_gmt":"2025-07-16T13:54:05","slug":"pig","status":"publish","type":"page","link":"https:\/\/rocketplay-new.com\/fr\/slot-machines\/pig\/","title":{"rendered":"Machine \u00e0 sous Pig &#8211; Jouez gratuitement"},"content":{"rendered":"<p>La machine \u00e0 sous Pig est un jeu amusant et palpitant o\u00f9 les joueurs peuvent tenter leur chance pour remporter de gros lots. Avec ses graphismes \u00e9clatants et ses effets sonores entra\u00eenants, elle offre une exp\u00e9rience de jeu palpitante qui incite les joueurs \u00e0 revenir. Le plus int\u00e9ressant, c&rsquo;est que les joueurs peuvent jouer gratuitement, sans avoir \u00e0 d\u00e9penser d&rsquo;argent. Que vous soyez un joueur exp\u00e9riment\u00e9 ou un d\u00e9butant souhaitant s&rsquo;essayer aux machines \u00e0 sous, la machine \u00e0 sous Pig vous promet des heures de divertissement et la possibilit\u00e9 de remporter de gros lots.<\/p>\n<div class=\"go-btn-container\"><div class=\"tosh-btn\"><a href=\"\/go-casino\/\" target=\"_blank\" rel=\"noopener\">JOUEZ MAINTENANT<\/a><\/div><\/div>\n<h2>PR\u00c9SENTATION DE LA MACHINE \u00c0 SOUS PIG<\/h2>\n<p>La machine \u00e0 sous Pig est un jeu populaire sur le th\u00e8me fantaisiste du cochon. Les joueurs doivent faire tourner les rouleaux pour associer diff\u00e9rents symboles li\u00e9s au cochon afin de remporter des prix. Le jeu est r\u00e9put\u00e9 pour ses graphismes \u00e9clatants et color\u00e9s, ainsi que pour ses effets sonores amusants et divertissants. En plus du gameplay classique, la machine \u00e0 sous Pig propose \u00e9galement des tours bonus et des fonctionnalit\u00e9s sp\u00e9ciales qui augmentent les chances de gagner gros. Avec ses adorables cochons et son gameplay captivant, la machine \u00e0 sous Pig est un succ\u00e8s aupr\u00e8s des amateurs de casino de tous \u00e2ges. Que vous soyez un joueur de machines \u00e0 sous exp\u00e9riment\u00e9 ou un novice, la machine \u00e0 sous Pig vous promet des heures de divertissement et de sensations fortes.<\/p>\n<p><img loading=\"lazy\" decoding=\"async\" class=\"aligncenter size-full wp-image-8639\" src=\"https:\/\/rocketplay-new.com\/wp-content\/uploads\/2025\/07\/pig-slot-2.webp\" alt=\"Pig slot machine - Play Slot for Free 2\" width=\"800\" height=\"265\" srcset=\"https:\/\/rocketplay-new.com\/wp-content\/uploads\/2025\/07\/pig-slot-2.webp 800w, https:\/\/rocketplay-new.com\/wp-content\/uploads\/2025\/07\/pig-slot-2-300x99.webp 300w, https:\/\/rocketplay-new.com\/wp-content\/uploads\/2025\/07\/pig-slot-2-768x254.webp 768w\" sizes=\"auto, (max-width: 800px) 100vw, 800px\" \/><\/p>\n<h2>MACHINE \u00c0 SOUS PIG\u00a0: TH\u00c8ME, VISUELS ET MUSIQUE<\/h2>\n<p>La machine \u00e0 sous PIG est un jeu de casino populaire et original, dont le th\u00e8me est amusant et ludique, centr\u00e9 sur d&rsquo;adorables cochons de dessins anim\u00e9s. Les graphismes sont vifs et color\u00e9s, avec d&rsquo;adorables symboles de cochons qui tournent sur les rouleaux et des animations joyeuses qui leur donnent vie. Le design g\u00e9n\u00e9ral de la machine \u00e0 sous est l\u00e9ger et engageant, cr\u00e9ant une atmosph\u00e8re accueillante et divertissante pour les joueurs. La musique, entra\u00eenante et entra\u00eenante, ajoute \u00e0 l&rsquo;excitation et \u00e0 l&rsquo;\u00e9nergie de l&rsquo;exp\u00e9rience. Les effets sonores des rouleaux et des combinaisons gagnantes renforcent l&rsquo;immersion dans le jeu, en faisant une exp\u00e9rience de jeu vraiment agr\u00e9able et m\u00e9morable pour les joueurs de tous \u00e2ges. Dans l&rsquo;ensemble, la machine \u00e0 sous PIG est un jeu agr\u00e9able et divertissant qui allie un th\u00e8me charmant, des graphismes attrayants et une musique entra\u00eenante pour une exp\u00e9rience de casino amusante et captivante.<\/p>\n<h2>COMMENT JOUER \u00c0 LA MACHINE \u00c0 SOUS PIG<\/h2>\n<p>Jouer \u00e0 la machine \u00e0 sous PIG est une exp\u00e9rience amusante et palpitante qui peut potentiellement mener \u00e0 de gros gains. Pour commencer \u00e0 jouer, ins\u00e9rez votre argent ou votre bon d&rsquo;achat dans la machine et s\u00e9lectionnez le montant de votre mise. Une fois votre mise plac\u00e9e, appuyez simplement sur le bouton \u00ab\u00a0Spin\u00a0\u00bb et regardez les rouleaux tourner. Le but du jeu est de faire correspondre les symboles sur les rouleaux afin de remporter un gain. Soyez attentif aux symboles bonus sp\u00e9ciaux, comme la Tirelire ou le Cochon Wild, qui peuvent augmenter vos chances de gagner gros. De plus, certaines machines proposent des tours bonus ou des mini-jeux qui peuvent encore am\u00e9liorer vos gains. N&rsquo;oubliez pas de toujours jouer de mani\u00e8re responsable et de d\u00e9finir un budget avant de commencer pour une exp\u00e9rience de jeu amusante et agr\u00e9able.<\/p>\n<div class=\"go-btn-container\"><div class=\"tosh-btn\"><a href=\"\/go-casino\/\" target=\"_blank\" rel=\"noopener\">JOUEZ MAINTENANT<\/a><\/div><\/div>\n<h2>MACHINE \u00c0 SOUS COCHON\u00a0: OPTIONS DE MISE ET POTENTIEL DE GAINS<\/h2>\n<p>La machine \u00e0 sous Cochon est un jeu populaire dans les casinos et les plateformes de jeux d&rsquo;argent en ligne gr\u00e2ce \u00e0 son th\u00e8me amusant et \u00e0 son gameplay captivant. Les joueurs disposent de nombreuses options de mise sur la machine \u00e0 sous Pig, leur permettant de personnaliser leur mise en fonction de leur budget et de leur tol\u00e9rance au risque. Les options de mise varient g\u00e9n\u00e9ralement de quelques centimes \u00e0 plusieurs dollars par tour, offrant aux joueurs la possibilit\u00e9 de miser prudemment ou de tenter leur chance. Le potentiel de gain de la machine \u00e0 sous Pig est \u00e9galement impressionnant, avec des jackpots allant de quelques centaines \u00e0 plusieurs milliers de dollars. Outre les jackpots, les joueurs peuvent \u00e9galement remporter de plus petits prix gr\u00e2ce aux tours bonus, aux tours gratuits et \u00e0 d&rsquo;autres fonctionnalit\u00e9s du jeu. Globalement, la machine \u00e0 sous Pig offre une exp\u00e9rience de jeu palpitante et potentiellement lucrative pour les joueurs de tous niveaux.<\/p>\n<p><img loading=\"lazy\" decoding=\"async\" class=\"aligncenter size-full wp-image-8630\" src=\"https:\/\/rocketplay-new.com\/wp-content\/uploads\/2025\/07\/pig-slot-1.webp\" alt=\"Pig slot machine - Play Slot for Free\" width=\"800\" height=\"339\" srcset=\"https:\/\/rocketplay-new.com\/wp-content\/uploads\/2025\/07\/pig-slot-1.webp 800w, https:\/\/rocketplay-new.com\/wp-content\/uploads\/2025\/07\/pig-slot-1-300x127.webp 300w, https:\/\/rocketplay-new.com\/wp-content\/uploads\/2025\/07\/pig-slot-1-768x325.webp 768w\" sizes=\"auto, (max-width: 800px) 100vw, 800px\" \/><\/p>\n<h2>QUESTIONS ET R\u00c9PONSES FR\u00c9QUENTES &#8211; MACHINE \u00c0 SOUS PIG<\/h2>\n<p>La machine \u00e0 sous PIG est un jeu populaire, pr\u00e9sent dans de nombreux casinos et sites de jeux en ligne. Comment gagner gros \u00e0 la machine \u00e0 sous PIG ? La r\u00e9ponse est que le r\u00e9sultat de chaque tour est totalement al\u00e9atoire, il n&rsquo;existe donc aucun moyen infaillible de garantir un gain important. Existe-t-il des strat\u00e9gies pour augmenter vos chances de gagner \u00e0 la machine \u00e0 sous PIG ? Si certains joueurs misent sur certaines strat\u00e9gies, comme miser un certain montant ou jouer \u00e0 certaines heures de la journ\u00e9e, ces strat\u00e9gies n&rsquo;ont en r\u00e9alit\u00e9 aucun effet sur le r\u00e9sultat du jeu. En fin de compte, la meilleure fa\u00e7on de profiter de la machine \u00e0 sous PIG est de jouer de mani\u00e8re responsable et de s&rsquo;amuser tout en tentant de gagner gros.<\/p>\n","protected":false},"excerpt":{"rendered":"<p>La machine \u00e0 sous Pig est un jeu amusant et palpitant o\u00f9 les joueurs peuvent tenter leur chance pour remporter de gros lots. Avec ses graphismes \u00e9clatants et ses effets sonores entra\u00eenants, elle offre une exp\u00e9rience de jeu palpitante qui incite les joueurs \u00e0 revenir. Le plus int\u00e9ressant, c&rsquo;est que les joueurs peuvent jouer gratuitement,&#8230;<\/p>\n","protected":false},"author":1,"featured_media":6569,"parent":2863,"menu_order":0,"comment_status":"closed","ping_status":"closed","template":"","meta":{"_acf_changed":false,"_kad_post_transparent":"default","_kad_post_title":"default","_kad_post_layout":"default","_kad_post_sidebar_id":"","_kad_post_content_style":"default","_kad_post_vertical_padding":"default","_kad_post_feature":"","_kad_post_feature_position":"","_kad_post_header":false,"_kad_post_footer":false,"footnotes":""},"class_list":["post-8664","page","type-page","status-publish","has-post-thumbnail","hentry"],"acf":[],"rttpg_featured_image_url":{"full":["https:\/\/rocketplay-new.com\/wp-content\/uploads\/2025\/05\/pig-slot-machine-play-slot-for-free.png",1052,582,false],"landscape":["https:\/\/rocketplay-new.com\/wp-content\/uploads\/2025\/05\/pig-slot-machine-play-slot-for-free.png",1052,582,false],"portraits":["https:\/\/rocketplay-new.com\/wp-content\/uploads\/2025\/05\/pig-slot-machine-play-slot-for-free.png",1052,582,false],"thumbnail":["https:\/\/rocketplay-new.com\/wp-content\/uploads\/2025\/05\/pig-slot-machine-play-slot-for-free-150x150.png",150,150,true],"medium":["https:\/\/rocketplay-new.com\/wp-content\/uploads\/2025\/05\/pig-slot-machine-play-slot-for-free-300x166.png",300,166,true],"large":["https:\/\/rocketplay-new.com\/wp-content\/uploads\/2025\/05\/pig-slot-machine-play-slot-for-free-1024x567.png",1024,567,true],"1536x1536":["https:\/\/rocketplay-new.com\/wp-content\/uploads\/2025\/05\/pig-slot-machine-play-slot-for-free.png",1052,582,false],"2048x2048":["https:\/\/rocketplay-new.com\/wp-content\/uploads\/2025\/05\/pig-slot-machine-play-slot-for-free.png",1052,582,false],"wppb-medium":["https:\/\/rocketplay-new.com\/wp-content\/uploads\/2025\/05\/pig-slot-machine-play-slot-for-free-600x450.png",600,450,true]},"rttpg_author":{"display_name":"John","author_link":"https:\/\/rocketplay-new.com\/fr\/author\/pemvas95n89x\/"},"rttpg_comment":0,"rttpg_category":null,"rttpg_excerpt":"La machine \u00e0 sous Pig est un jeu amusant et palpitant o\u00f9 les joueurs peuvent tenter leur chance pour remporter de gros lots. Avec ses graphismes \u00e9clatants et ses effets sonores entra\u00eenants, elle offre une exp\u00e9rience de jeu palpitante qui incite les joueurs \u00e0 revenir. Le plus int\u00e9ressant, c&rsquo;est que les joueurs peuvent jouer gratuitement,...","_links":{"self":[{"href":"https:\/\/rocketplay-new.com\/fr\/wp-json\/wp\/v2\/pages\/8664","targetHints":{"allow":["GET"]}}],"collection":[{"href":"https:\/\/rocketplay-new.com\/fr\/wp-json\/wp\/v2\/pages"}],"about":[{"href":"https:\/\/rocketplay-new.com\/fr\/wp-json\/wp\/v2\/types\/page"}],"author":[{"embeddable":true,"href":"https:\/\/rocketplay-new.com\/fr\/wp-json\/wp\/v2\/users\/1"}],"replies":[{"embeddable":true,"href":"https:\/\/rocketplay-new.com\/fr\/wp-json\/wp\/v2\/comments?post=8664"}],"version-history":[{"count":2,"href":"https:\/\/rocketplay-new.com\/fr\/wp-json\/wp\/v2\/pages\/8664\/revisions"}],"predecessor-version":[{"id":8666,"href":"https:\/\/rocketplay-new.com\/fr\/wp-json\/wp\/v2\/pages\/8664\/revisions\/8666"}],"up":[{"embeddable":true,"href":"https:\/\/rocketplay-new.com\/fr\/wp-json\/wp\/v2\/pages\/2863"}],"wp:featuredmedia":[{"embeddable":true,"href":"https:\/\/rocketplay-new.com\/fr\/wp-json\/wp\/v2\/media\/6569"}],"wp:attachment":[{"href":"https:\/\/rocketplay-new.com\/fr\/wp-json\/wp\/v2\/media?parent=8664"}],"curies":[{"name":"wp","href":"https:\/\/api.w.org\/{rel}","templated":true}]}}