{"id":8455,"date":"2025-05-28T23:39:01","date_gmt":"2025-05-28T20:39:01","guid":{"rendered":"https:\/\/rocketplay-new.com\/slot-machines\/triple-diamond\/"},"modified":"2025-07-12T02:06:46","modified_gmt":"2025-07-11T23:06:46","slug":"triple-diamond","status":"publish","type":"page","link":"https:\/\/rocketplay-new.com\/fr\/slot-machines\/triple-diamond\/","title":{"rendered":"Machine \u00e0 sous Triple Diamond &#8211; Jouez gratuitement"},"content":{"rendered":"<p>La machine \u00e0 sous Triple Diamond est un jeu classique \u00e0 trois rouleaux offrant aux joueurs une exp\u00e9rience de jeu simple et passionnante. Avec ses symboles traditionnels comme les cerises, les barres et les sept, cette machine \u00e0 sous rappelle l&rsquo;\u00e2ge d&rsquo;or des machines \u00e0 sous. Les joueurs peuvent s&rsquo;adonner au frisson de faire tourner les rouleaux et tenter de former des combinaisons gagnantes pour remporter de gros gains. Et le meilleur dans tout \u00e7a ? Jouez gratuitement \u00e0 la machine \u00e0 sous Triple Diamond en ligne, ce qui vous permet de vivre l&rsquo;excitation de ce jeu embl\u00e9matique sans aucun risque. Alors, pourquoi ne pas tenter votre chance et tenter de d\u00e9crocher le jackpot ?<\/p>\n<div class=\"go-btn-container\"><div class=\"tosh-btn\"><a href=\"\/go-casino\/\" target=\"_blank\" rel=\"noopener\">JOUEZ MAINTENANT<\/a><\/div><\/div>\n<h2>PR\u00c9SENTATION DE LA MACHINE \u00c0 SOUS TRIPLE DIAMOND<\/h2>\n<p>La machine \u00e0 sous Triple Diamond est un jeu classique et populaire dans le monde des casinos. D\u00e9velopp\u00e9e par IGT, cette machine \u00e0 sous \u00e0 trois rouleaux et neuf lignes de paiement arbore des symboles traditionnels comme les cerises, les barres et les sept, ainsi que le logo embl\u00e9matique Triple Diamond. Ce jeu est r\u00e9put\u00e9 pour sa simplicit\u00e9 et ses gains \u00e9lev\u00e9s, le logo Triple Diamond faisant office de joker et de multiplicateur. Lorsqu&rsquo;un symbole Triple Diamond appara\u00eet sur une ligne de paiement, les gains du joueur sont doubl\u00e9s, et lorsque deux symboles Triple Diamond apparaissent sur une ligne de paiement, les gains sont quadrupl\u00e9s. Si un joueur a la chance d&rsquo;obtenir trois symboles Triple Diamond sur une ligne de paiement, il remporte le gros lot, soit 1\u00a0199 fois sa mise initiale. Son design r\u00e9tro et sa simplicit\u00e9 de jeu en font un jeu appr\u00e9ci\u00e9 des joueurs de machines \u00e0 sous, novices comme exp\u00e9riment\u00e9s. Que vous recherchiez une exp\u00e9rience de jeu nostalgique ou que vous esp\u00e9riez gagner gros, la machine \u00e0 sous Triple Diamond offre un divertissement palpitant et des r\u00e9compenses potentielles.<\/p>\n<p><img loading=\"lazy\" decoding=\"async\" class=\"aligncenter size-full wp-image-8416\" src=\"https:\/\/rocketplay-new.com\/wp-content\/uploads\/2025\/07\/triple-diamond-2.webp\" alt=\"Triple Diamond 2\" width=\"800\" height=\"447\" srcset=\"https:\/\/rocketplay-new.com\/wp-content\/uploads\/2025\/07\/triple-diamond-2.webp 800w, https:\/\/rocketplay-new.com\/wp-content\/uploads\/2025\/07\/triple-diamond-2-300x168.webp 300w, https:\/\/rocketplay-new.com\/wp-content\/uploads\/2025\/07\/triple-diamond-2-768x429.webp 768w\" sizes=\"auto, (max-width: 800px) 100vw, 800px\" \/><\/p>\n<h2>MACHINE \u00c0 SOUS TRIPLE DIAMOND\u00a0: TH\u00c8ME, VISUELS ET MUSIQUE<\/h2>\n<p>La machine \u00e0 sous Triple Diamond est un classique, populaire dans les casinos depuis de nombreuses ann\u00e9es. Son th\u00e8me est simple et direct, avec des symboles tels que des diamants, des barres et des sept ornant les rouleaux. Les graphismes sont lumineux et color\u00e9s, avec une touche r\u00e9tro qui rappelle l&rsquo;\u00e9poque des machines \u00e0 sous traditionnelles. Les graphismes sont nets et pr\u00e9cis, permettant de voir facilement les symboles et de suivre le jeu. La musique, entra\u00eenante et dynamique, ajoute \u00e0 l&rsquo;excitation g\u00e9n\u00e9rale des rouleaux. Les effets sonores sont \u00e9galement soign\u00e9s, avec des jingles et des carillons agr\u00e9ables annon\u00e7ant les gains et les bonus. En r\u00e9sum\u00e9, la machine \u00e0 sous Triple Diamond est un jeu amusant et captivant qui offre une exp\u00e9rience de casino classique avec une touche de modernit\u00e9.<\/p>\n<h2>COMMENT JOUER \u00c0 LA MACHINE \u00c0 SOUS TRIPLE DIAMOND<\/h2>\n<p>Jouer \u00e0 la machine \u00e0 sous Triple Diamond est une exp\u00e9rience palpitante qui peut vous permettre de remporter de gros gains si vous ma\u00eetrisez la technique. Pour commencer, familiarisez-vous avec le tableau des gains, qui pr\u00e9sente les diff\u00e9rentes combinaisons gagnantes et leurs gains correspondants. Ensuite, vous devrez d\u00e9cider du nombre de lignes de paiement sur lesquelles vous souhaitez miser et du montant que vous souhaitez miser par ligne. Plus vous misez sur de lignes de paiement, plus vous avez de chances de gagner, mais n&rsquo;oubliez pas que cela augmente \u00e9galement votre mise globale. Une fois votre mise d\u00e9finie, faites simplement tourner les rouleaux et attendez que les symboles s&rsquo;alignent pour former des combinaisons gagnantes. Rep\u00e9rez le symbole Triple Diamond\u00a0: il agit comme un joker et peut se substituer \u00e0 n&rsquo;importe quel autre symbole pour vous aider \u00e0 former des combinaisons gagnantes. Avec un peu de chance et de strat\u00e9gie, vous pourriez bien d\u00e9crocher le jackpot \u00e0 la machine \u00e0 sous Triple Diamond.<\/p>\n<div class=\"go-btn-container\"><div class=\"tosh-btn\"><a href=\"\/go-casino\/\" target=\"_blank\" rel=\"noopener\">JOUEZ MAINTENANT<\/a><\/div><\/div>\n<h2>MACHINE \u00c0 SOUS TRIPLE DIAMOND\u00a0: OPTIONS DE MISE ET POTENTIEL DE GAINS<\/h2>\n<p>La machine \u00e0 sous Triple Diamond est un choix populaire aupr\u00e8s des joueurs gr\u00e2ce \u00e0 son design classique et \u00e0 son potentiel de gains importants. En mati\u00e8re de mises, les joueurs disposent d&rsquo;un large choix pour r\u00e9pondre \u00e0 leurs pr\u00e9f\u00e9rences. Le jeu propose diff\u00e9rentes valeurs de pi\u00e8ces, permettant aux joueurs de miser de quelques centimes \u00e0 plusieurs dollars par tour. Le jeu dispose \u00e9galement d&rsquo;un bouton de mise maximale pour ceux qui souhaitent miser le montant maximum possible \u00e0 chaque tour. C\u00f4t\u00e9 potentiel de gains, la machine \u00e0 sous Triple Diamond offre aux joueurs la possibilit\u00e9 de remporter gros gr\u00e2ce \u00e0 ses symboles \u00e0 forte r\u00e9mun\u00e9ration et \u00e0 ses fonctionnalit\u00e9s bonus. Avec trois symboles Triple Diamond sur la ligne de paiement, les joueurs peuvent gagner jusqu&rsquo;\u00e0 1\u00a0199 fois leur mise initiale. De plus, le jeu inclut un symbole Wild qui peut se substituer \u00e0 n&rsquo;importe quel autre symbole sur les rouleaux pour cr\u00e9er des combinaisons gagnantes. Dans l\u2019ensemble, la machine \u00e0 sous Triple Diamond offre aux joueurs une exp\u00e9rience de jeu palpitante et le potentiel de gains importants.<\/p>\n<p><img loading=\"lazy\" decoding=\"async\" class=\"aligncenter size-full wp-image-8406\" src=\"https:\/\/rocketplay-new.com\/wp-content\/uploads\/2025\/07\/triple-diamond-1.webp\" alt=\"Triple Diamond\" width=\"800\" height=\"433\" srcset=\"https:\/\/rocketplay-new.com\/wp-content\/uploads\/2025\/07\/triple-diamond-1.webp 800w, https:\/\/rocketplay-new.com\/wp-content\/uploads\/2025\/07\/triple-diamond-1-300x162.webp 300w, https:\/\/rocketplay-new.com\/wp-content\/uploads\/2025\/07\/triple-diamond-1-768x416.webp 768w\" sizes=\"auto, (max-width: 800px) 100vw, 800px\" \/><\/p>\n<h2>QUESTIONS ET R\u00c9PONSES FR\u00c9QUENTES &#8211; MACHINE \u00c0 SOUS TRIPLE DIAMOND<\/h2>\n<p>La machine \u00e0 sous Triple Diamond est un choix populaire aupr\u00e8s des joueurs de casino gr\u00e2ce \u00e0 son design classique et \u00e0 son potentiel de gains importants. Une question fr\u00e9quente est de savoir comment augmenter ses chances de gagner sur cette machine. Bien qu&rsquo;il n&rsquo;existe pas de m\u00e9thode infaillible pour garantir un gain, une astuce consiste \u00e0 miser le maximum de cr\u00e9dits pour activer toutes les lignes de paiement et augmenter vos chances de former une combinaison gagnante. Une autre question fr\u00e9quente est de savoir si la machine \u00e0 sous Triple Diamond propose des fonctionnalit\u00e9s sp\u00e9ciales ou des tours bonus. Malheureusement, ce jeu ne propose pas de tours bonus ni de fonctionnalit\u00e9s sp\u00e9ciales, mais la simplicit\u00e9 de son gameplay contribue \u00e0 son attrait. Globalement, la machine \u00e0 sous Triple Diamond est un jeu simple et agr\u00e9able, qui offre un potentiel de gains importants aux chanceux qui d\u00e9crochent le jackpot.<\/p>\n","protected":false},"excerpt":{"rendered":"<p>La machine \u00e0 sous Triple Diamond est un jeu classique \u00e0 trois rouleaux offrant aux joueurs une exp\u00e9rience de jeu simple et passionnante. Avec ses symboles traditionnels comme les cerises, les barres et les sept, cette machine \u00e0 sous rappelle l&rsquo;\u00e2ge d&rsquo;or des machines \u00e0 sous. Les joueurs peuvent s&rsquo;adonner au frisson de faire tourner&#8230;<\/p>\n","protected":false},"author":1,"featured_media":6453,"parent":2863,"menu_order":0,"comment_status":"closed","ping_status":"closed","template":"","meta":{"_acf_changed":false,"_kad_post_transparent":"default","_kad_post_title":"default","_kad_post_layout":"default","_kad_post_sidebar_id":"","_kad_post_content_style":"default","_kad_post_vertical_padding":"default","_kad_post_feature":"","_kad_post_feature_position":"","_kad_post_header":false,"_kad_post_footer":false,"footnotes":""},"class_list":["post-8455","page","type-page","status-publish","has-post-thumbnail","hentry"],"acf":[],"rttpg_featured_image_url":{"full":["https:\/\/rocketplay-new.com\/wp-content\/uploads\/2025\/05\/triple-diamond-slot-machine-play-slot-for-free.png",1502,682,false],"landscape":["https:\/\/rocketplay-new.com\/wp-content\/uploads\/2025\/05\/triple-diamond-slot-machine-play-slot-for-free.png",1502,682,false],"portraits":["https:\/\/rocketplay-new.com\/wp-content\/uploads\/2025\/05\/triple-diamond-slot-machine-play-slot-for-free.png",1502,682,false],"thumbnail":["https:\/\/rocketplay-new.com\/wp-content\/uploads\/2025\/05\/triple-diamond-slot-machine-play-slot-for-free-150x150.png",150,150,true],"medium":["https:\/\/rocketplay-new.com\/wp-content\/uploads\/2025\/05\/triple-diamond-slot-machine-play-slot-for-free-300x136.png",300,136,true],"large":["https:\/\/rocketplay-new.com\/wp-content\/uploads\/2025\/05\/triple-diamond-slot-machine-play-slot-for-free-1024x465.png",1024,465,true],"1536x1536":["https:\/\/rocketplay-new.com\/wp-content\/uploads\/2025\/05\/triple-diamond-slot-machine-play-slot-for-free.png",1502,682,false],"2048x2048":["https:\/\/rocketplay-new.com\/wp-content\/uploads\/2025\/05\/triple-diamond-slot-machine-play-slot-for-free.png",1502,682,false],"wppb-medium":["https:\/\/rocketplay-new.com\/wp-content\/uploads\/2025\/05\/triple-diamond-slot-machine-play-slot-for-free-600x450.png",600,450,true]},"rttpg_author":{"display_name":"John","author_link":"https:\/\/rocketplay-new.com\/fr\/author\/pemvas95n89x\/"},"rttpg_comment":0,"rttpg_category":null,"rttpg_excerpt":"La machine \u00e0 sous Triple Diamond est un jeu classique \u00e0 trois rouleaux offrant aux joueurs une exp\u00e9rience de jeu simple et passionnante. Avec ses symboles traditionnels comme les cerises, les barres et les sept, cette machine \u00e0 sous rappelle l&rsquo;\u00e2ge d&rsquo;or des machines \u00e0 sous. Les joueurs peuvent s&rsquo;adonner au frisson de faire tourner...","_links":{"self":[{"href":"https:\/\/rocketplay-new.com\/fr\/wp-json\/wp\/v2\/pages\/8455","targetHints":{"allow":["GET"]}}],"collection":[{"href":"https:\/\/rocketplay-new.com\/fr\/wp-json\/wp\/v2\/pages"}],"about":[{"href":"https:\/\/rocketplay-new.com\/fr\/wp-json\/wp\/v2\/types\/page"}],"author":[{"embeddable":true,"href":"https:\/\/rocketplay-new.com\/fr\/wp-json\/wp\/v2\/users\/1"}],"replies":[{"embeddable":true,"href":"https:\/\/rocketplay-new.com\/fr\/wp-json\/wp\/v2\/comments?post=8455"}],"version-history":[{"count":2,"href":"https:\/\/rocketplay-new.com\/fr\/wp-json\/wp\/v2\/pages\/8455\/revisions"}],"predecessor-version":[{"id":8458,"href":"https:\/\/rocketplay-new.com\/fr\/wp-json\/wp\/v2\/pages\/8455\/revisions\/8458"}],"up":[{"embeddable":true,"href":"https:\/\/rocketplay-new.com\/fr\/wp-json\/wp\/v2\/pages\/2863"}],"wp:featuredmedia":[{"embeddable":true,"href":"https:\/\/rocketplay-new.com\/fr\/wp-json\/wp\/v2\/media\/6453"}],"wp:attachment":[{"href":"https:\/\/rocketplay-new.com\/fr\/wp-json\/wp\/v2\/media?parent=8455"}],"curies":[{"name":"wp","href":"https:\/\/api.w.org\/{rel}","templated":true}]}}