{"id":4507,"date":"2024-01-19T14:01:58","date_gmt":"2024-01-19T11:01:58","guid":{"rendered":"https:\/\/rocketplay-new.com\/underage-gaming-policy\/"},"modified":"2024-01-20T00:35:21","modified_gmt":"2024-01-19T21:35:21","slug":"underage-gaming-policy","status":"publish","type":"page","link":"https:\/\/rocketplay-new.com\/fr\/underage-gaming-policy\/","title":{"rendered":"Politique de jeu pour les mineurs"},"content":{"rendered":"<p>Dans le paysage dynamique des casinos en ligne, RocketPlay Casino se d\u00e9marque par son exp\u00e9rience de jeu exaltante et son engagement sans faille en faveur du jeu responsable. Le casino comprend l&rsquo;importance de pr\u00e9server le bien-\u00eatre de ses joueurs, en particulier ceux qui sont mineurs. Cet aper\u00e7u complet se penche sur la politique de jeu des mineurs de RocketPlay Casino, explorant les mesures strictes visant \u00e0 garantir un environnement de jeu s\u00e9curis\u00e9 et agr\u00e9able pour tous.<\/p>\n<h2>Pr\u00e9sentation de l&rsquo;engagement de RocketPlay Casino<\/h2>\n<p>RocketPlay Casino est fier de favoriser un environnement de jeu responsable et \u00e9thique. Conscient des risques potentiels associ\u00e9s au jeu des mineurs, le casino a mis en \u0153uvre une solide politique de jeu des mineurs. Cette politique est con\u00e7ue pour pr\u00e9venir et d\u00e9tecter toute tentative de personnes n&rsquo;ayant pas atteint l&rsquo;\u00e2ge l\u00e9gal de jouer pour acc\u00e9der et s&rsquo;engager dans des activit\u00e9s de jeu en argent r\u00e9el sur la plateforme.<\/p>\n<h2>Protocoles de v\u00e9rification de l&rsquo;\u00e2ge\u00a0: la premi\u00e8re ligne de d\u00e9fense<\/h2>\n<p>L&rsquo;une des pierres angulaires de la politique de jeu des mineurs de RocketPlay Casino est son processus rigoureux de v\u00e9rification de l&rsquo;\u00e2ge. Avant qu&rsquo;un joueur puisse s&rsquo;inscrire et cr\u00e9er un compte, il doit fournir des informations personnelles exactes, y compris sa date de naissance. Ces informations sont crois\u00e9es avec des bases de donn\u00e9es externes pour confirmer l&rsquo;\u00e2ge et l&rsquo;identit\u00e9 du joueur.<\/p>\n<p>Le casino utilise une technologie de pointe pour garantir l&rsquo;exactitude et l&rsquo;efficacit\u00e9 de ce processus. RocketPlay Casino v\u00e9rifie l&rsquo;authenticit\u00e9 des documents soumis, tels que les pi\u00e8ces d&rsquo;identit\u00e9 ou les passeports \u00e9mis par le gouvernement, via des canaux s\u00e9curis\u00e9s et crypt\u00e9s. Ce protocole de v\u00e9rification rigoureux constitue la premi\u00e8re barri\u00e8re emp\u00eachant les personnes n\u2019ayant pas atteint l\u2019\u00e2ge l\u00e9gal d\u2019entrer dans l\u2019ar\u00e8ne de jeu.<\/p>\n<h2>Initiatives \u00e9ducatives\u00a0: responsabiliser les joueurs et les gardiens<\/h2>\n<p>RocketPlay Casino reconna\u00eet l&rsquo;importance de l&rsquo;\u00e9ducation dans la promotion d&rsquo;un comportement de jeu responsable. Le casino investit dans des initiatives \u00e9ducatives compl\u00e8tes pour les joueurs et leurs tuteurs. Des ressources informatives sont facilement disponibles sur la plateforme, couvrant des sujets tels que les risques du jeu chez les mineurs, les signes avant-coureurs et l&rsquo;importance de la surveillance parentale.<\/p>\n<p>En plus de ces ressources, RocketPlay Casino s&rsquo;engage activement aupr\u00e8s de sa communaut\u00e9 via des newsletters, des articles de blog et des r\u00e9seaux sociaux. L\u2019objectif est de favoriser un dialogue ouvert sur les pratiques de jeu responsable et d\u2019encourager les joueurs \u00e0 prendre des d\u00e9cisions \u00e9clair\u00e9es concernant leurs activit\u00e9s de jeu.<\/p>\n<h2>Contr\u00f4le parental\u00a0: donner aux tuteurs les moyens de prot\u00e9ger<\/h2>\n<p>RocketPlay Casino va encore plus loin en proposant des fonctionnalit\u00e9s de contr\u00f4le parental robustes. Ces fonctionnalit\u00e9s permettent aux tuteurs de jouer un r\u00f4le actif dans la surveillance et le contr\u00f4le de l&rsquo;acc\u00e8s de leurs enfants mineurs \u00e0 la plateforme. Gr\u00e2ce aux param\u00e8tres du compte, les parents peuvent fixer des limites de d\u00e9penses et de dur\u00e9e de jeu et m\u00eame restreindre certains jeux qui peuvent \u00eatre jug\u00e9s inappropri\u00e9s pour les mineurs.<\/p>\n<p>RocketPlay Casino reconna\u00eet la responsabilit\u00e9 partag\u00e9e entre la plateforme et les tuteurs pour garantir un environnement de jeu s\u00fbr et contr\u00f4l\u00e9 pour les jeunes en proposant ces contr\u00f4les parentaux personnalisables.<\/p>\n<h2>Surveillance en temps r\u00e9el\u00a0: vigilance contre l&rsquo;acc\u00e8s des mineurs<\/h2>\n<p>La technologie joue un r\u00f4le central dans le maintien de l&rsquo;int\u00e9grit\u00e9 de la politique de jeu des mineurs de RocketPlay Casino. La plateforme utilise des outils de surveillance avanc\u00e9s qui fonctionnent en temps r\u00e9el pour d\u00e9tecter et emp\u00eacher toute tentative d&rsquo;acc\u00e8s de mineurs. Les comportements suspects, tels que les tentatives fr\u00e9quentes d&rsquo;enregistrement avec de fausses informations ou les acc\u00e8s r\u00e9p\u00e9t\u00e9s \u00e0 partir d&rsquo;un seul appareil, d\u00e9clenchent des enqu\u00eates imm\u00e9diates.<\/p>\n<p>L&rsquo;\u00e9quipe d\u00e9di\u00e9e de professionnels de la s\u00e9curit\u00e9 du casino travaille 24 heures sur 24 pour surveiller ces alertes. Si des irr\u00e9gularit\u00e9s sont d\u00e9tect\u00e9es, des mesures rapides sont prises pour suspendre les comptes, mener des enqu\u00eates approfondies et, si n\u00e9cessaire, signaler l&rsquo;incident aux autorit\u00e9s comp\u00e9tentes.<\/p>\n<h2>Cons\u00e9quences des violations\u00a0:\u00a0respect des responsabilit\u00e9s<\/h2>\n<p>RocketPlay Casino ne laisse aucune place \u00e0 la cl\u00e9mence concernant les violations de sa politique de jeu aupr\u00e8s des mineurs. Des cons\u00e9quences claires sont d\u00e9crites pour toute personne surprise en train de tenter de tromper le processus de v\u00e9rification de l&rsquo;\u00e2ge ou de participer \u00e0 des jeux en argent r\u00e9el alors qu&rsquo;elle est mineure. Les sanctions peuvent aller de la suspension temporaire du compte au bannissement permanent, en fonction de la gravit\u00e9 de la violation.<\/p>\n<p>De plus, le casino collabore \u00e9troitement avec les forces de l&rsquo;ordre pour garantir que des poursuites judiciaires soient engag\u00e9es contre ceux qui tentent sciemment d&rsquo;enfreindre la r\u00e9glementation sur les jeux pour mineurs. Cet engagement en mati\u00e8re de responsabilit\u00e9 envoie un message fort selon lequel RocketPlay Casino s&rsquo;engage \u00e0 respecter les normes les plus \u00e9lev\u00e9es d&rsquo;int\u00e9grit\u00e9 et de l\u00e9galit\u00e9 dans l&rsquo;industrie du jeu en ligne.<\/p>\n<h2>Une approche holistique du jeu responsable<\/h2>\n<p>En conclusion, la politique de jeu des mineurs de RocketPlay Casino t\u00e9moigne de son engagement \u00e0 favoriser un environnement de jeu s\u00e9curis\u00e9 et responsable. Gr\u00e2ce \u00e0 des processus rigoureux de v\u00e9rification de l&rsquo;\u00e2ge, des initiatives \u00e9ducatives, des contr\u00f4les parentaux, une surveillance en temps r\u00e9el et des cons\u00e9quences d\u00e9cisives en cas de violation, le casino adopte une approche holistique pour garantir la protection des mineurs contre les m\u00e9faits potentiels du jeu.<\/p>\n<p>En faisant \u00e9voluer continuellement ses strat\u00e9gies et en restant \u00e0 la pointe des pratiques de jeu responsables, RocketPlay Casino propose une plateforme de jeu divertissante. Il \u00e9tablit une norme de conduite \u00e9thique dans l\u2019industrie des casinos en ligne. Les joueurs et les tuteurs peuvent \u00eatre s\u00fbrs que leur bien-\u00eatre est une priorit\u00e9 absolue, faisant de RocketPlay Casino un leader en mati\u00e8re d&rsquo;exp\u00e9riences de jeu en ligne responsables et agr\u00e9ables.<\/p>\n","protected":false},"excerpt":{"rendered":"<p>Dans le paysage dynamique des casinos en ligne, RocketPlay Casino se d\u00e9marque par son exp\u00e9rience de jeu exaltante et son engagement sans faille en faveur du jeu responsable. Le casino comprend l&rsquo;importance de pr\u00e9server le bien-\u00eatre de ses joueurs, en particulier ceux qui sont mineurs. Cet aper\u00e7u complet se penche sur la politique de jeu&#8230;<\/p>\n","protected":false},"author":1,"featured_media":0,"parent":0,"menu_order":0,"comment_status":"closed","ping_status":"closed","template":"","meta":{"_acf_changed":false,"_kad_post_transparent":"default","_kad_post_title":"default","_kad_post_layout":"default","_kad_post_sidebar_id":"","_kad_post_content_style":"default","_kad_post_vertical_padding":"default","_kad_post_feature":"","_kad_post_feature_position":"","_kad_post_header":false,"_kad_post_footer":false,"footnotes":""},"class_list":["post-4507","page","type-page","status-publish","hentry"],"acf":[],"rttpg_featured_image_url":null,"rttpg_author":{"display_name":"John","author_link":"https:\/\/rocketplay-new.com\/fr\/author\/pemvas95n89x\/"},"rttpg_comment":0,"rttpg_category":null,"rttpg_excerpt":"Dans le paysage dynamique des casinos en ligne, RocketPlay Casino se d\u00e9marque par son exp\u00e9rience de jeu exaltante et son engagement sans faille en faveur du jeu responsable. Le casino comprend l&rsquo;importance de pr\u00e9server le bien-\u00eatre de ses joueurs, en particulier ceux qui sont mineurs. Cet aper\u00e7u complet se penche sur la politique de jeu...","_links":{"self":[{"href":"https:\/\/rocketplay-new.com\/fr\/wp-json\/wp\/v2\/pages\/4507","targetHints":{"allow":["GET"]}}],"collection":[{"href":"https:\/\/rocketplay-new.com\/fr\/wp-json\/wp\/v2\/pages"}],"about":[{"href":"https:\/\/rocketplay-new.com\/fr\/wp-json\/wp\/v2\/types\/page"}],"author":[{"embeddable":true,"href":"https:\/\/rocketplay-new.com\/fr\/wp-json\/wp\/v2\/users\/1"}],"replies":[{"embeddable":true,"href":"https:\/\/rocketplay-new.com\/fr\/wp-json\/wp\/v2\/comments?post=4507"}],"version-history":[{"count":1,"href":"https:\/\/rocketplay-new.com\/fr\/wp-json\/wp\/v2\/pages\/4507\/revisions"}],"predecessor-version":[{"id":4508,"href":"https:\/\/rocketplay-new.com\/fr\/wp-json\/wp\/v2\/pages\/4507\/revisions\/4508"}],"wp:attachment":[{"href":"https:\/\/rocketplay-new.com\/fr\/wp-json\/wp\/v2\/media?parent=4507"}],"curies":[{"name":"wp","href":"https:\/\/api.w.org\/{rel}","templated":true}]}}