{"id":4401,"date":"2024-01-19T14:12:34","date_gmt":"2024-01-19T11:12:34","guid":{"rendered":"https:\/\/rocketplay-new.com\/kyc-policy\/"},"modified":"2024-01-19T22:59:16","modified_gmt":"2024-01-19T19:59:16","slug":"kyc-policy","status":"publish","type":"page","link":"https:\/\/rocketplay-new.com\/fr\/kyc-policy\/","title":{"rendered":"Politique KYC"},"content":{"rendered":"<p>Dans le monde dynamique du jeu en ligne, RocketPlay Casino se distingue par sa gamme passionnante de jeux et son engagement in\u00e9branlable \u00e0 garantir un environnement de jeu s\u00e9curis\u00e9 et responsable. L&rsquo;un des piliers cl\u00e9s de cet engagement est la solide politique Know Your Customer (KYC) de RocketPlay Casino. Dans cette exploration compl\u00e8te, nous approfondissons les subtilit\u00e9s de la politique KYC de RocketPlay, comprenant son importance pour maintenir l&rsquo;int\u00e9grit\u00e9 de la plateforme et prot\u00e9ger les int\u00e9r\u00eats des joueurs.<\/p>\n<h2>Introduction \u00e0 KYC\u00a0: b\u00e2tir la confiance gr\u00e2ce \u00e0 la v\u00e9rification<\/h2>\n<p>Know Your Customer, commun\u00e9ment appel\u00e9 KYC, est un ensemble de proc\u00e9dures qui permettent aux entreprises de v\u00e9rifier l&rsquo;identit\u00e9 de leurs clients. Dans les casinos en ligne comme RocketPlay, le KYC n&rsquo;est pas seulement une exigence r\u00e9glementaire mais un \u00e9l\u00e9ment essentiel pour instaurer la confiance avec les joueurs. RocketPlay comprend que favoriser une relation de confiance est crucial dans l&rsquo;industrie du jeu, et une politique KYC stricte est le fondement de cette confiance.<\/p>\n<h2>Le processus de v\u00e9rification \u00e0 trois niveaux<\/h2>\n<p>RocketPlay Casino utilise un processus de v\u00e9rification \u00e0 trois niveaux pour garantir un examen approfondi de l&rsquo;identit\u00e9 des joueurs. Cette approche \u00e0 plusieurs niveaux est con\u00e7ue pour \u00eatre compl\u00e8te et efficace, \u00e9quilibrant la commodit\u00e9 du joueur et le besoin du casino en mati\u00e8re de v\u00e9rification rigoureuse.<\/p>\n<h3>V\u00e9rification des documents\u00a0: l&rsquo;\u00e9tape initiale<\/h3>\n<p>Le parcours \u00e0 travers le processus KYC de RocketPlay commence par la v\u00e9rification des documents. Les joueurs doivent soumettre des documents d&rsquo;identification clairs et valides, tels que des pi\u00e8ces d&rsquo;identit\u00e9 ou des passeports d\u00e9livr\u00e9s par le gouvernement. Cette premi\u00e8re \u00e9tape est cruciale pour \u00e9tablir l&rsquo;identit\u00e9 et l&rsquo;\u00e2ge du joueur, dans le respect des normes l\u00e9gales et r\u00e9glementaires. La technologie avanc\u00e9e de v\u00e9rification des documents de RocketPlay garantit un processus rapide et transparent, minimisant les d\u00e9sagr\u00e9ments pour les joueurs.<\/p>\n<h3>V\u00e9rification de l&rsquo;adresse\u00a0: \u00e9tablissement de la r\u00e9sidence<\/h3>\n<p>Au-del\u00e0 de la confirmation de l&rsquo;identit\u00e9, la politique KYC de RocketPlay Casino s&rsquo;\u00e9tend \u00e0 la v\u00e9rification de l&rsquo;adresse. Les joueurs sont pri\u00e9s de fournir des documents validant leur adresse r\u00e9sidentielle actuelle. Cette \u00e9tape est cruciale pour se conformer aux exigences r\u00e9glementaires, pr\u00e9venir les activit\u00e9s frauduleuses et garantir que les joueurs participent depuis des juridictions autoris\u00e9es.<\/p>\n<h3>V\u00e9rification du mode de paiement\u00a0: renforcer la s\u00e9curit\u00e9<\/h3>\n<p>Le dernier niveau du processus KYC de RocketPlay consiste \u00e0 v\u00e9rifier le mode de paiement choisi par le joueur. Cette \u00e9tape ajoute une couche de s\u00e9curit\u00e9 suppl\u00e9mentaire, garantissant que les transactions financi\u00e8res sur la plateforme sont effectu\u00e9es en toute s\u00e9curit\u00e9. En reliant le mode de paiement \u00e0 l&rsquo;identit\u00e9 v\u00e9rifi\u00e9e du joueur, RocketPlay att\u00e9nue le risque de transactions non autoris\u00e9es et am\u00e9liore la s\u00e9curit\u00e9 globale de l&rsquo;exp\u00e9rience de jeu.<\/p>\n<h2>Traitement rapide et commodit\u00e9 pour les joueurs<\/h2>\n<p>RocketPlay Casino reconna\u00eet l&rsquo;importance d&rsquo;offrir \u00e0 ses joueurs une exp\u00e9rience de jeu fluide et agr\u00e9able. Malgr\u00e9 la nature exhaustive de son processus KYC, le casino s&rsquo;engage \u00e0 respecter des d\u00e9lais de traitement rapides. Tirant parti d&rsquo;une technologie de pointe, RocketPlay vise \u00e0 terminer le processus de v\u00e9rification rapidement, permettant aux joueurs de se plonger dans leurs jeux pr\u00e9f\u00e9r\u00e9s sans retards inutiles.<\/p>\n<p>Le casino comprend que les proc\u00e9dures KYC peuvent parfois \u00eatre per\u00e7ues comme lourdes et, en r\u00e9ponse, RocketPlay a mis en place des interfaces et des syst\u00e8mes d&rsquo;assistance conviviaux. Les joueurs ont acc\u00e8s \u00e0 une \u00e9quipe d&rsquo;assistance d\u00e9di\u00e9e qui les assiste tout au long du processus de v\u00e9rification, r\u00e9pondant \u00e0 toutes leurs questions ou pr\u00e9occupations. Cet engagement en faveur du confort des joueurs t\u00e9moigne de l&rsquo;approche centr\u00e9e sur le client de RocketPlay.<\/p>\n<h2>Mesures de s\u00e9curit\u00e9\u00a0:\u00a0prot\u00e9ger les int\u00e9r\u00eats des joueurs<\/h2>\n<p>L&rsquo;objectif principal de la politique KYC de RocketPlay est d&rsquo;am\u00e9liorer la s\u00e9curit\u00e9 de la plateforme. En v\u00e9rifiant l&rsquo;identit\u00e9, l&rsquo;adresse et le mode de paiement de chaque joueur, le casino cr\u00e9e une barri\u00e8re renforc\u00e9e contre les activit\u00e9s frauduleuses, telles que le vol d&rsquo;identit\u00e9 et le blanchiment d&rsquo;argent. Cela prot\u00e8ge les int\u00e9r\u00eats des joueurs individuels et maintient l\u2019int\u00e9grit\u00e9 de l\u2019ensemble de l\u2019\u00e9cosyst\u00e8me du jeu.<\/p>\n<p>RocketPlay utilise une technologie de cryptage de pointe pour s\u00e9curiser les informations personnelles et financi\u00e8res fournies par les joueurs lors du processus KYC. Le casino adh\u00e8re aux normes les plus \u00e9lev\u00e9es de l&rsquo;industrie en mati\u00e8re de protection des donn\u00e9es, garantissant que les informations sensibles restent confidentielles et prot\u00e9g\u00e9es contre tout acc\u00e8s non autoris\u00e9.<\/p>\n<h2>Promouvoir le jeu responsable<\/h2>\n<p>L&rsquo;engagement de RocketPlay Casino en faveur du jeu responsable va de pair avec sa politique KYC. En garantissant que les joueurs sont majeurs et rel\u00e8vent des juridictions autoris\u00e9es, le casino prend des mesures proactives pour emp\u00eacher le jeu par les mineurs et respecter les normes juridiques. De plus, la v\u00e9rification des m\u00e9thodes de paiement prot\u00e8ge contre les dommages financiers potentiels, ce qui correspond \u00e0 l&rsquo;engagement de RocketPlay \u00e0 promouvoir un environnement de jeu s\u00fbr et responsable.<\/p>\n<h2>Surveillance continue et adaptabilit\u00e9<\/h2>\n<p>Le paysage du jeu en ligne est dynamique et RocketPlay Casino comprend la n\u00e9cessit\u00e9 d&rsquo;une surveillance continue et d&rsquo;une adaptabilit\u00e9 dans ses proc\u00e9dures KYC. Le casino met r\u00e9guli\u00e8rement \u00e0 jour ses processus de v\u00e9rification pour \u00e9viter les menaces \u00e9mergentes et se conformer aux normes r\u00e9glementaires en \u00e9volution. Cette approche proactive refl\u00e8te l&rsquo;engagement de RocketPlay \u00e0 maintenir les plus hauts niveaux de s\u00e9curit\u00e9 et d&rsquo;int\u00e9grit\u00e9 au sein de sa plateforme de jeu.<\/p>\n<h2>Le pilier A de la confiance et de l&rsquo;int\u00e9grit\u00e9<\/h2>\n<p>Dans le domaine comp\u00e9titif des casinos en ligne, RocketPlay se d\u00e9marque par ses jeux passionnants et son engagement in\u00e9branlable envers la confiance, l&rsquo;int\u00e9grit\u00e9 et le bien-\u00eatre des joueurs. La politique KYC n\u2019est pas simplement une n\u00e9cessit\u00e9 r\u00e9glementaire pour RocketPlay ; il s&rsquo;agit d&rsquo;une mesure proactive visant \u00e0 cr\u00e9er un environnement de jeu s\u00e9curis\u00e9 et responsable. Gr\u00e2ce \u00e0 un processus de v\u00e9rification m\u00e9ticuleux \u00e0 trois niveaux, des d\u00e9lais de traitement rapides et une concentration sur le confort des joueurs, RocketPlay Casino garantit que les joueurs peuvent s&rsquo;adonner \u00e0 leurs jeux pr\u00e9f\u00e9r\u00e9s en \u00e9tant s\u00fbrs que leur s\u00e9curit\u00e9 et leur bien-\u00eatre sont une priorit\u00e9. Essentiellement, la politique KYC de RocketPlay ne concerne pas seulement la v\u00e9rification ; il s&rsquo;agit de construire une base de confiance qui \u00e9l\u00e8ve l&rsquo;ensemble de l&rsquo;exp\u00e9rience de jeu.<\/p>\n","protected":false},"excerpt":{"rendered":"<p>Dans le monde dynamique du jeu en ligne, RocketPlay Casino se distingue par sa gamme passionnante de jeux et son engagement in\u00e9branlable \u00e0 garantir un environnement de jeu s\u00e9curis\u00e9 et responsable. L&rsquo;un des piliers cl\u00e9s de cet engagement est la solide politique Know Your Customer (KYC) de RocketPlay Casino. Dans cette exploration compl\u00e8te, nous approfondissons&#8230;<\/p>\n","protected":false},"author":1,"featured_media":0,"parent":0,"menu_order":0,"comment_status":"closed","ping_status":"closed","template":"","meta":{"_acf_changed":false,"_kad_post_transparent":"default","_kad_post_title":"default","_kad_post_layout":"default","_kad_post_sidebar_id":"","_kad_post_content_style":"default","_kad_post_vertical_padding":"default","_kad_post_feature":"","_kad_post_feature_position":"","_kad_post_header":false,"_kad_post_footer":false,"footnotes":""},"class_list":["post-4401","page","type-page","status-publish","hentry"],"acf":[],"rttpg_featured_image_url":null,"rttpg_author":{"display_name":"John","author_link":"https:\/\/rocketplay-new.com\/fr\/author\/pemvas95n89x\/"},"rttpg_comment":0,"rttpg_category":null,"rttpg_excerpt":"Dans le monde dynamique du jeu en ligne, RocketPlay Casino se distingue par sa gamme passionnante de jeux et son engagement in\u00e9branlable \u00e0 garantir un environnement de jeu s\u00e9curis\u00e9 et responsable. L&rsquo;un des piliers cl\u00e9s de cet engagement est la solide politique Know Your Customer (KYC) de RocketPlay Casino. Dans cette exploration compl\u00e8te, nous approfondissons...","_links":{"self":[{"href":"https:\/\/rocketplay-new.com\/fr\/wp-json\/wp\/v2\/pages\/4401","targetHints":{"allow":["GET"]}}],"collection":[{"href":"https:\/\/rocketplay-new.com\/fr\/wp-json\/wp\/v2\/pages"}],"about":[{"href":"https:\/\/rocketplay-new.com\/fr\/wp-json\/wp\/v2\/types\/page"}],"author":[{"embeddable":true,"href":"https:\/\/rocketplay-new.com\/fr\/wp-json\/wp\/v2\/users\/1"}],"replies":[{"embeddable":true,"href":"https:\/\/rocketplay-new.com\/fr\/wp-json\/wp\/v2\/comments?post=4401"}],"version-history":[{"count":2,"href":"https:\/\/rocketplay-new.com\/fr\/wp-json\/wp\/v2\/pages\/4401\/revisions"}],"predecessor-version":[{"id":4403,"href":"https:\/\/rocketplay-new.com\/fr\/wp-json\/wp\/v2\/pages\/4401\/revisions\/4403"}],"wp:attachment":[{"href":"https:\/\/rocketplay-new.com\/fr\/wp-json\/wp\/v2\/media?parent=4401"}],"curies":[{"name":"wp","href":"https:\/\/api.w.org\/{rel}","templated":true}]}}