{"id":4369,"date":"2024-01-19T14:07:26","date_gmt":"2024-01-19T11:07:26","guid":{"rendered":"https:\/\/rocketplay-new.com\/gdpr-policy\/"},"modified":"2024-01-19T22:25:13","modified_gmt":"2024-01-19T19:25:13","slug":"gdpr-policy","status":"publish","type":"page","link":"https:\/\/rocketplay-new.com\/fr\/gdpr-policy\/","title":{"rendered":"Politique RGPD"},"content":{"rendered":"<p>\u00c0 l\u2019\u00e8re du divertissement num\u00e9rique, RocketPlay Casino reconna\u00eet l\u2019importance primordiale de prot\u00e9ger votre vie priv\u00e9e. Notre politique RGPD (R\u00e8glement G\u00e9n\u00e9ral sur la Protection des Donn\u00e9es) r\u00e9sume notre engagement en faveur de la transparence et de la s\u00e9curit\u00e9 des donn\u00e9es. Ce cadre complet garantit que vos informations personnelles sont trait\u00e9es avec soin et strictement conformes aux normes internationales de protection des donn\u00e9es.<\/p>\n<h2>Adopter la protection des donn\u00e9es dans la sph\u00e8re du jeu<\/h2>\n<p>RocketPlay Casino n&rsquo;est pas seulement une plateforme de jeu ; c&rsquo;est une communaut\u00e9 fond\u00e9e sur la confiance. Notre politique RGPD t\u00e9moigne de notre engagement \u00e0 prot\u00e9ger la vie priv\u00e9e dans un monde de plus en plus interconnect\u00e9. Nous comprenons l&rsquo;importance de vos informations personnelles et nous nous engageons \u00e0 garantir que vos donn\u00e9es sont trait\u00e9es de mani\u00e8re responsable.<\/p>\n<h2>Port\u00e9e de la politique RGPD\u00a0: qu&rsquo;est-ce qu&rsquo;elle englobe\u00a0?<\/h2>\n<p>Notre politique RGPD s&rsquo;\u00e9tend \u00e0 tous les aspects des op\u00e9rations de RocketPlay Casino, couvrant la collecte, le traitement, le stockage et le partage de donn\u00e9es personnelles. Cela inclut les informations obtenues lors de l&rsquo;enregistrement du compte, du jeu, des transactions financi\u00e8res et d&rsquo;autres interactions avec notre plateforme. Nous sommes transparents sur les donn\u00e9es que nous collectons et ne les utilisons qu&rsquo;\u00e0 des fins l\u00e9gitimes d\u00e9crites dans cette politique.<\/p>\n<h2>Base l\u00e9gale du traitement des donn\u00e9es\u00a0: votre consentement est important<\/h2>\n<p>RocketPlay Casino adh\u00e8re au principe de lic\u00e9it\u00e9 du traitement des donn\u00e9es. Nous veillons \u00e0 ce que vos donn\u00e9es soient trait\u00e9es uniquement sur une base juridique valable. Dans la plupart des cas, cette base juridique est votre consentement explicite, que vous fournissez lors de la cr\u00e9ation d&rsquo;un compte ou de l&rsquo;utilisation de nos services. Vous avez le droit de retirer votre consentement \u00e0 tout moment et nous rendons ce processus aussi simple que le consentement initial.<\/p>\n<h2>Informations que nous collectons\u00a0: trouver un \u00e9quilibre entre pertinence et n\u00e9cessit\u00e9<\/h2>\n<p>Pour am\u00e9liorer votre exp\u00e9rience de jeu et fournir des services personnalis\u00e9s, nous collectons des informations sp\u00e9cifiques telles que votre nom, votre adresse e-mail et vos informations de paiement. Nous limitons toutefois la collecte de donn\u00e9es \u00e0 ce qui est strictement n\u00e9cessaire \u00e0 ces finalit\u00e9s. Rassurez-vous, RocketPlay Casino ne traite pas de donn\u00e9es excessives ou non pertinentes.<\/p>\n<h2>S\u00e9curit\u00e9 des donn\u00e9es\u00a0: renforcer votre forteresse num\u00e9rique<\/h2>\n<p>La s\u00e9curit\u00e9 est au premier plan de nos op\u00e9rations. RocketPlay Casino utilise des mesures de s\u00e9curit\u00e9 de pointe pour prot\u00e9ger vos donn\u00e9es contre tout acc\u00e8s, divulgation, alt\u00e9ration et destruction non autoris\u00e9s. Notre engagement envers votre confidentialit\u00e9 comprend des audits de s\u00e9curit\u00e9 r\u00e9guliers, des protocoles de cryptage et des contr\u00f4les d&rsquo;acc\u00e8s stricts, garantissant que vos informations restent confidentielles et s\u00e9curis\u00e9es.<\/p>\n<h2>Partenariats avec des tiers\u00a0: garantir la protection des donn\u00e9es au-del\u00e0 de nos murs<\/h2>\n<p>RocketPlay Casino collabore parfois avec des prestataires de services tiers pour am\u00e9liorer nos offres. Lorsque de tels partenariats impliquent le traitement de donn\u00e9es personnelles, nous veillons \u00e0 ce que ces entit\u00e9s adh\u00e8rent aux m\u00eames normes rigoureuses de protection des donn\u00e9es. Nous concluons des accords avec eux pour garantir que votre vie priv\u00e9e est respect\u00e9e et maintenue m\u00eame au-del\u00e0 des fronti\u00e8res de notre plateforme.<\/p>\n<h2>Conservation des donn\u00e9es\u00a0: trouver un \u00e9quilibre entre n\u00e9cessit\u00e9 et respect de vos choix<\/h2>\n<p>Nous ne conservons vos donn\u00e9es que le temps n\u00e9cessaire \u00e0 la r\u00e9alisation des finalit\u00e9s pour lesquelles elles ont \u00e9t\u00e9 collect\u00e9es. Si vous choisissez de d\u00e9sactiver votre compte ou de retirer votre consentement, RocketPlay Casino supprimera ou anonymisera rapidement vos donn\u00e9es, sauf si la conservation est requise par la loi ou n\u00e9cessaire \u00e0 des fins commerciales l\u00e9gitimes.<\/p>\n<h2>Vos droits en vertu du RGPD\u00a0: vous donner le contr\u00f4le<\/h2>\n<p>RocketPlay Casino s&rsquo;engage \u00e0 vous donner le contr\u00f4le de vos donn\u00e9es. Conform\u00e9ment au RGPD, vous pouvez acc\u00e9der, rectifier ou supprimer vos informations. Vous pouvez \u00e9galement vous opposer \u00e0 certains types de traitements et demander la portabilit\u00e9 de vos donn\u00e9es. Notre interface conviviale et notre support client r\u00e9actif vous permettent d&rsquo;exercer facilement ces droits.<\/p>\n<h2>R\u00e9ponse aux violations de donn\u00e9es\u00a0: action rapide et transparente<\/h2>\n<p>Dans le cas malheureux d&rsquo;une violation de donn\u00e9es, RocketPlay Casino a \u00e9tabli des protocoles pour r\u00e9agir rapidement et de mani\u00e8re transparente. Nous vous informerons rapidement, ainsi que les autorit\u00e9s comp\u00e9tentes, en d\u00e9crivant la nature de la violation et les mesures prises pour att\u00e9nuer son impact. Notre engagement est non seulement de pr\u00e9venir les violations, mais \u00e9galement de les traiter de mani\u00e8re responsable si elles se produisent.<\/p>\n<h2>La vie priv\u00e9e des enfants\u00a0: une consid\u00e9ration particuli\u00e8re<\/h2>\n<p>RocketPlay Casino est con\u00e7u pour le divertissement des adultes et nous ne collectons ni ne traitons sciemment les donn\u00e9es personnelles des personnes de moins de 18 ans. Si vous \u00eates un parent ou un tuteur et savez que votre enfant nous a fourni ses informations sans votre consentement, veuillez contacter nous, et nous prendrons les mesures appropri\u00e9es pour rem\u00e9dier \u00e0 la situation.<\/p>\n<h2>Mises \u00e0 jour des r\u00e8gles\u00a0: croissance responsable gr\u00e2ce aux progr\u00e8s technologiques<\/h2>\n<p>\u00c0 mesure que la technologie \u00e9volue, notre engagement en faveur de la protection des donn\u00e9es \u00e9volue \u00e9galement. RocketPlay Casino s&rsquo;engage \u00e0 revoir et \u00e0 mettre \u00e0 jour r\u00e9guli\u00e8rement notre politique RGPD pour refl\u00e9ter les changements technologiques, les exigences l\u00e9gales et les commentaires des utilisateurs. Nous vous encourageons \u00e0 revoir cette politique p\u00e9riodiquement pour rester inform\u00e9 de la mani\u00e8re dont nous prot\u00e9geons votre vie priv\u00e9e.<\/p>\n<h2>Une responsabilit\u00e9 partag\u00e9e pour un terrain de jeu num\u00e9rique s\u00e9curis\u00e9<\/h2>\n<p>La politique GDPR de RocketPlay Casino n&rsquo;est pas seulement un ensemble de r\u00e8gles ; c&rsquo;est une alliance. Il repr\u00e9sente notre engagement \u00e0 cr\u00e9er un terrain de jeu num\u00e9rique o\u00f9 vous pouvez explorer, vous engager et gagner, tout en ayant l&rsquo;assurance que votre vie priv\u00e9e est primordiale. \u00c0 mesure que nous continuons \u00e0 innover et \u00e0 cro\u00eetre, notre politique RGPD \u00e9voluera pour r\u00e9pondre aux d\u00e9fis du paysage num\u00e9rique, garantissant ainsi que RocketPlay Casino reste une destination fiable et s\u00e9curis\u00e9e pour les passionn\u00e9s de jeux du monde entier.<\/p>\n","protected":false},"excerpt":{"rendered":"<p>\u00c0 l\u2019\u00e8re du divertissement num\u00e9rique, RocketPlay Casino reconna\u00eet l\u2019importance primordiale de prot\u00e9ger votre vie priv\u00e9e. Notre politique RGPD (R\u00e8glement G\u00e9n\u00e9ral sur la Protection des Donn\u00e9es) r\u00e9sume notre engagement en faveur de la transparence et de la s\u00e9curit\u00e9 des donn\u00e9es. Ce cadre complet garantit que vos informations personnelles sont trait\u00e9es avec soin et strictement conformes aux&#8230;<\/p>\n","protected":false},"author":1,"featured_media":0,"parent":0,"menu_order":0,"comment_status":"closed","ping_status":"closed","template":"","meta":{"_acf_changed":false,"_kad_post_transparent":"default","_kad_post_title":"default","_kad_post_layout":"default","_kad_post_sidebar_id":"","_kad_post_content_style":"default","_kad_post_vertical_padding":"default","_kad_post_feature":"","_kad_post_feature_position":"","_kad_post_header":false,"_kad_post_footer":false,"footnotes":""},"class_list":["post-4369","page","type-page","status-publish","hentry"],"acf":[],"rttpg_featured_image_url":null,"rttpg_author":{"display_name":"John","author_link":"https:\/\/rocketplay-new.com\/fr\/author\/pemvas95n89x\/"},"rttpg_comment":0,"rttpg_category":null,"rttpg_excerpt":"\u00c0 l\u2019\u00e8re du divertissement num\u00e9rique, RocketPlay Casino reconna\u00eet l\u2019importance primordiale de prot\u00e9ger votre vie priv\u00e9e. Notre politique RGPD (R\u00e8glement G\u00e9n\u00e9ral sur la Protection des Donn\u00e9es) r\u00e9sume notre engagement en faveur de la transparence et de la s\u00e9curit\u00e9 des donn\u00e9es. Ce cadre complet garantit que vos informations personnelles sont trait\u00e9es avec soin et strictement conformes aux...","_links":{"self":[{"href":"https:\/\/rocketplay-new.com\/fr\/wp-json\/wp\/v2\/pages\/4369","targetHints":{"allow":["GET"]}}],"collection":[{"href":"https:\/\/rocketplay-new.com\/fr\/wp-json\/wp\/v2\/pages"}],"about":[{"href":"https:\/\/rocketplay-new.com\/fr\/wp-json\/wp\/v2\/types\/page"}],"author":[{"embeddable":true,"href":"https:\/\/rocketplay-new.com\/fr\/wp-json\/wp\/v2\/users\/1"}],"replies":[{"embeddable":true,"href":"https:\/\/rocketplay-new.com\/fr\/wp-json\/wp\/v2\/comments?post=4369"}],"version-history":[{"count":2,"href":"https:\/\/rocketplay-new.com\/fr\/wp-json\/wp\/v2\/pages\/4369\/revisions"}],"predecessor-version":[{"id":4371,"href":"https:\/\/rocketplay-new.com\/fr\/wp-json\/wp\/v2\/pages\/4369\/revisions\/4371"}],"wp:attachment":[{"href":"https:\/\/rocketplay-new.com\/fr\/wp-json\/wp\/v2\/media?parent=4369"}],"curies":[{"name":"wp","href":"https:\/\/api.w.org\/{rel}","templated":true}]}}