{"id":4359,"date":"2024-01-19T11:58:54","date_gmt":"2024-01-19T08:58:54","guid":{"rendered":"https:\/\/rocketplay-new.com\/contact-us\/"},"modified":"2024-01-19T22:13:27","modified_gmt":"2024-01-19T19:13:27","slug":"contact-us","status":"publish","type":"page","link":"https:\/\/rocketplay-new.com\/fr\/contact-us\/","title":{"rendered":"Contactez-nous"},"content":{"rendered":"<p>Embarquez pour un voyage de service client de qualit\u00e9 sup\u00e9rieure avec RocketPlay Casino, o\u00f9 votre satisfaction est notre priorit\u00e9. Notre page Contactez-nous est m\u00e9ticuleusement con\u00e7ue pour vous fournir un acc\u00e8s facile \u00e0 l&rsquo;assistance, garantissant ainsi que votre exp\u00e9rience de jeu avec RocketPlay reste exceptionnelle.<\/p>\n<h2>Connectez-vous instantan\u00e9ment\u00a0: assistance par chat en direct<\/h2>\n<p>RocketPlay Casino comprend la valeur de l&rsquo;assistance en temps r\u00e9el, c&rsquo;est pourquoi notre assistance par chat en direct est disponible 24h\/24 et 7j\/7. Que vous ayez des questions sur des jeux sp\u00e9cifiques, que vous ayez besoin d&rsquo;aide avec votre compte ou que vous souhaitiez partager vos commentaires, notre \u00e9quipe d&rsquo;assistance comp\u00e9tente et conviviale est pr\u00eate \u00e0 dialoguer avec vous instantan\u00e9ment. Am\u00e9liorez votre exp\u00e9rience de jeu en r\u00e9solvant les requ\u00eates en temps r\u00e9el, garantissant ainsi un jeu ininterrompu.<\/p>\n<h2>Assistance par e-mail\u00a0: des solutions d\u00e9taill\u00e9es \u00e0 port\u00e9e de main<\/h2>\n<p>Pour des demandes plus compl\u00e8tes ou si vous pr\u00e9f\u00e9rez une communication \u00e9crite, RocketPlay Casino propose une assistance par e-mail. Envoyez-nous un message \u00e0 support@rocketplaycasino.com et notre \u00e9quipe d\u00e9di\u00e9e vous fournira une r\u00e9ponse rapide et d\u00e9taill\u00e9e. Nous accordons la priorit\u00e9 \u00e0 des solutions approfondies, abordant chaque aspect de votre pr\u00e9occupation avec pr\u00e9cision et soin. Votre satisfaction est notre engagement, et notre assistance par e-mail garantit que vos questions re\u00e7oivent une r\u00e9ponse compl\u00e8te.<\/p>\n<h2>Assistance t\u00e9l\u00e9phonique\u00a0: une approche personnalis\u00e9e<\/h2>\n<p>Parfois, entendre une voix amicale peut faire toute la diff\u00e9rence. RocketPlay Casino fournit une assistance t\u00e9l\u00e9phonique via notre hotline d\u00e9di\u00e9e au 1-800-ROCKET-1. Connectez-vous directement avec nos agents d&rsquo;assistance, pr\u00eats \u00e0 vous aider pour toute question ou pr\u00e9occupation. Notre objectif est d&rsquo;ajouter une touche personnelle \u00e0 votre exp\u00e9rience de service client, afin que vous vous sentiez valoris\u00e9 et entendu. Lorsque vous choisissez l&rsquo;assistance t\u00e9l\u00e9phonique, vous s\u00e9lectionnez une ligne directe vers l&rsquo;excellence.<\/p>\n<h2>FAQ\u00a0:\u00a0Naviguer dans l&rsquo;univers de l&rsquo;information<\/h2>\n<p>Explorez la section compl\u00e8te de questions fr\u00e9quemment pos\u00e9es (FAQ) de RocketPlay Casino avant de contacter notre \u00e9quipe d&rsquo;assistance. Cette ressource inestimable couvre divers sujets, de la gestion des comptes aux r\u00e8gles du jeu. Naviguez facilement parmi les probl\u00e8mes courants gr\u00e2ce \u00e0 nos FAQ qui proposent des solutions \u00e9tape par \u00e9tape. Il s&rsquo;agit de votre source de r\u00e9f\u00e9rence 24h\/24 et 7j\/7 pour obtenir des r\u00e9ponses rapides, vous garantissant ainsi de pouvoir r\u00e9soudre les requ\u00eates de mani\u00e8re ind\u00e9pendante et efficace.<\/p>\n<h2>Vos commentaires sont importants\u00a0: signaler des probl\u00e8mes et des suggestions<\/h2>\n<p>RocketPlay Casino valorise l&rsquo;am\u00e9lioration continue et vos commentaires sont cruciaux pour am\u00e9liorer notre exp\u00e9rience de jeu. Si vous rencontrez des probl\u00e8mes ou avez des suggestions d&rsquo;am\u00e9lioration, nous vous encourageons \u00e0 les signaler via nos canaux d\u00e9di\u00e9s.<\/p>\n<h2>Signaler un bug\u00a0: nous aider \u00e0 garantir des lancements fluides<\/h2>\n<p>Si vous rencontrez des probl\u00e8mes techniques ou des bugs au cours de votre parcours de jeu, signalez-les-nous. Votre vigilance nous aide \u00e0 garantir des lancements fluides et \u00e0 maintenir le haut niveau de qualit\u00e9 que RocketPlay Casino s&rsquo;engage \u00e0 offrir.<\/p>\n<p>Contactez RocketPlay Casino d\u00e8s aujourd&rsquo;hui \u2013 votre passerelle vers une assistance in\u00e9gal\u00e9e et une exp\u00e9rience de jeu \u00e9lev\u00e9e.<\/p>\n","protected":false},"excerpt":{"rendered":"<p>Embarquez pour un voyage de service client de qualit\u00e9 sup\u00e9rieure avec RocketPlay Casino, o\u00f9 votre satisfaction est notre priorit\u00e9. Notre page Contactez-nous est m\u00e9ticuleusement con\u00e7ue pour vous fournir un acc\u00e8s facile \u00e0 l&rsquo;assistance, garantissant ainsi que votre exp\u00e9rience de jeu avec RocketPlay reste exceptionnelle. Connectez-vous instantan\u00e9ment\u00a0: assistance par chat en direct RocketPlay Casino comprend la&#8230;<\/p>\n","protected":false},"author":1,"featured_media":0,"parent":0,"menu_order":0,"comment_status":"closed","ping_status":"closed","template":"","meta":{"_acf_changed":false,"_kad_post_transparent":"default","_kad_post_title":"default","_kad_post_layout":"default","_kad_post_sidebar_id":"","_kad_post_content_style":"default","_kad_post_vertical_padding":"default","_kad_post_feature":"","_kad_post_feature_position":"","_kad_post_header":false,"_kad_post_footer":false,"footnotes":""},"class_list":["post-4359","page","type-page","status-publish","hentry"],"acf":[],"rttpg_featured_image_url":null,"rttpg_author":{"display_name":"John","author_link":"https:\/\/rocketplay-new.com\/fr\/author\/pemvas95n89x\/"},"rttpg_comment":0,"rttpg_category":null,"rttpg_excerpt":"Embarquez pour un voyage de service client de qualit\u00e9 sup\u00e9rieure avec RocketPlay Casino, o\u00f9 votre satisfaction est notre priorit\u00e9. Notre page Contactez-nous est m\u00e9ticuleusement con\u00e7ue pour vous fournir un acc\u00e8s facile \u00e0 l&rsquo;assistance, garantissant ainsi que votre exp\u00e9rience de jeu avec RocketPlay reste exceptionnelle. Connectez-vous instantan\u00e9ment\u00a0: assistance par chat en direct RocketPlay Casino comprend la...","_links":{"self":[{"href":"https:\/\/rocketplay-new.com\/fr\/wp-json\/wp\/v2\/pages\/4359","targetHints":{"allow":["GET"]}}],"collection":[{"href":"https:\/\/rocketplay-new.com\/fr\/wp-json\/wp\/v2\/pages"}],"about":[{"href":"https:\/\/rocketplay-new.com\/fr\/wp-json\/wp\/v2\/types\/page"}],"author":[{"embeddable":true,"href":"https:\/\/rocketplay-new.com\/fr\/wp-json\/wp\/v2\/users\/1"}],"replies":[{"embeddable":true,"href":"https:\/\/rocketplay-new.com\/fr\/wp-json\/wp\/v2\/comments?post=4359"}],"version-history":[{"count":1,"href":"https:\/\/rocketplay-new.com\/fr\/wp-json\/wp\/v2\/pages\/4359\/revisions"}],"predecessor-version":[{"id":4360,"href":"https:\/\/rocketplay-new.com\/fr\/wp-json\/wp\/v2\/pages\/4359\/revisions\/4360"}],"wp:attachment":[{"href":"https:\/\/rocketplay-new.com\/fr\/wp-json\/wp\/v2\/media?parent=4359"}],"curies":[{"name":"wp","href":"https:\/\/api.w.org\/{rel}","templated":true}]}}