{"id":4289,"date":"2024-01-19T14:17:15","date_gmt":"2024-01-19T11:17:15","guid":{"rendered":"https:\/\/rocketplay-new.com\/aml-policy\/"},"modified":"2024-01-19T20:56:28","modified_gmt":"2024-01-19T17:56:28","slug":"aml-policy","status":"publish","type":"page","link":"https:\/\/rocketplay-new.com\/fr\/aml-policy\/","title":{"rendered":"Politique AML"},"content":{"rendered":"<p>Dans le domaine dynamique des casinos en ligne, la s\u00e9curit\u00e9 et la transparence constituent les pierres angulaires d\u2019une exp\u00e9rience de jeu digne de confiance. RocketPlay Casino reconna\u00eet l&rsquo;importance primordiale de prot\u00e9ger ses joueurs et de maintenir l&rsquo;int\u00e9grit\u00e9 de sa plateforme. La mise en \u0153uvre d\u2019une solide politique de lutte contre le blanchiment d\u2019argent (AML) est essentielle \u00e0 cet engagement. Cette politique est conforme aux exigences l\u00e9gales et va au-del\u00e0 des attentes pour cr\u00e9er un environnement de jeu s\u00e9curis\u00e9 et \u00e9quitable pour tous les participants.<\/p>\n<h2>Pr\u00e9sentation de la politique AML de RocketPlay Casino<\/h2>\n<p>RocketPlay Casino accorde une grande importance \u00e0 l&rsquo;int\u00e9grit\u00e9 et au fair-play, et sa politique AML est un rempart contre les activit\u00e9s financi\u00e8res illicites. La politique AML est con\u00e7ue pour d\u00e9tecter et pr\u00e9venir toute tentative de blanchiment d\u2019argent, garantissant que la plateforme reste intacte par des actes r\u00e9pr\u00e9hensibles financiers.<\/p>\n<h2>Conformit\u00e9 aux normes r\u00e9glementaires<\/h2>\n<p>Pour renforcer son engagement en faveur de l&rsquo;int\u00e9grit\u00e9, RocketPlay Casino adh\u00e8re strictement \u00e0 toutes les normes et exigences r\u00e9glementaires pertinentes. La politique AML est r\u00e9guli\u00e8rement mise \u00e0 jour pour s&rsquo;aligner sur les derniers cadres juridiques, refl\u00e9tant l&rsquo;engagement du casino \u00e0 garder une longueur d&rsquo;avance dans le paysage en constante \u00e9volution des r\u00e9glementations des jeux en ligne.<\/p>\n<h2>Proc\u00e9dures de connaissance de votre client (KYC)<\/h2>\n<p>RocketPlay Casino utilise des proc\u00e9dures KYC strictes dans le cadre de son cadre AML. Avant qu\u2019un joueur puisse s\u2019engager pleinement dans l\u2019exp\u00e9rience de jeu, il doit se soumettre \u00e0 un processus de v\u00e9rification approfondi. Ce processus implique la soumission de documents d&rsquo;identification, d&rsquo;un justificatif de domicile et d&rsquo;autres informations pertinentes, garantissant que l&rsquo;identit\u00e9 de chaque joueur est v\u00e9rifi\u00e9e avec un haut degr\u00e9 de certitude.<\/p>\n<h2>Surveillance et reporting des transactions<\/h2>\n<p>La politique AML du casino s&rsquo;\u00e9tend \u00e0 une surveillance vigilante de toutes les transactions financi\u00e8res sur la plateforme. Des algorithmes et des analyses avanc\u00e9s sont utilis\u00e9s pour identifier les mod\u00e8les et les anomalies pouvant indiquer des activit\u00e9s potentielles de blanchiment d\u2019argent. Toute transaction suspecte est rapidement signal\u00e9e aux autorit\u00e9s comp\u00e9tentes, d\u00e9montrant l&rsquo;engagement de RocketPlay Casino \u00e0 collaborer avec les organismes de r\u00e9glementation pour lutter contre la criminalit\u00e9 financi\u00e8re.<\/p>\n<h2>Approche bas\u00e9e sur les risques<\/h2>\n<p>RocketPlay Casino adopte une approche bas\u00e9e sur les risques en mati\u00e8re de LBC, adaptant ses mesures pr\u00e9ventives au niveau de risque associ\u00e9 \u00e0 chaque joueur et transaction. Cette strat\u00e9gie nuanc\u00e9e permet au casino d&rsquo;allouer efficacement les ressources, en se concentrant davantage sur les activit\u00e9s \u00e0 plus haut risque tout en garantissant une exp\u00e9rience rationalis\u00e9e aux joueurs \u00e0 faible risque.<\/p>\n<h2>Formation et sensibilisation du personnel<\/h2>\n<p>L\u2019efficacit\u00e9 de toute politique LBC repose sur la vigilance collective de l\u2019ensemble de l\u2019\u00e9quipe. RocketPlay Casino investit dans des programmes de formation complets pour garantir que son personnel soit bien familiaris\u00e9 avec la reconnaissance et la r\u00e9ponse aux risques potentiels de blanchiment d&rsquo;argent. Les campagnes de formation et de sensibilisation continues favorisent une culture de conformit\u00e9 et de diligence dans toute l\u2019organisation.<\/p>\n<h2>Diligence raisonnable renforc\u00e9e pour les clients \u00e0 haut risque<\/h2>\n<p>Reconnaissant que certains clients peuvent pr\u00e9senter un risque plus \u00e9lev\u00e9 d&rsquo;implication dans des activit\u00e9s de blanchiment d&rsquo;argent, RocketPlay Casino met en \u0153uvre des mesures de diligence raisonnable renforc\u00e9es pour ces personnes. Cela comprend un examen plus approfondi de leurs transactions financi\u00e8res, de la source de leurs fonds et d\u2019autres facteurs pertinents. En faisant preuve de prudence dans ses relations avec les clients \u00e0 haut risque, le casino prot\u00e8ge son cadre AML.<\/p>\n<h2>Collaboration avec les forces de l&rsquo;ordre<\/h2>\n<p>RocketPlay Casino maintient des lignes de communication ouvertes avec les forces de l&rsquo;ordre, partageant des informations sur les activit\u00e9s potentielles de blanchiment d&rsquo;argent si n\u00e9cessaire. Cette approche collaborative renforce non seulement les efforts de lutte contre le blanchiment d&rsquo;argent du casino, mais contribue \u00e9galement aux efforts plus larges de l&rsquo;industrie du jeu et des organismes de r\u00e9glementation dans la lutte contre la criminalit\u00e9 financi\u00e8re.<\/p>\n<h2>Transparence et communication avec les joueurs<\/h2>\n<p>Une communication transparente est fondamentale pour instaurer la confiance entre le casino et ses joueurs. RocketPlay Casino garantit que les joueurs sont conscients des mesures AML en place, favorisant ainsi un sentiment de confiance dans l&rsquo;\u00e9quit\u00e9 et la s\u00e9curit\u00e9 de l&rsquo;environnement de jeu. Une communication claire comprend \u00e9galement des lignes directrices sur le jeu responsable et les cons\u00e9quences de la participation \u00e0 des activit\u00e9s financi\u00e8res interdites.<\/p>\n<h2>Am\u00e9lioration continue et adaptation<\/h2>\n<p>Dans le paysage en constante \u00e9volution des jeux en ligne et des r\u00e9glementations financi\u00e8res, RocketPlay Casino reste d\u00e9termin\u00e9 \u00e0 s&rsquo;am\u00e9liorer continuellement. La politique AML fait l&rsquo;objet d&rsquo;examens r\u00e9guliers et le casino adapte efficacement ses strat\u00e9gies pour faire face aux menaces et aux d\u00e9fis \u00e9mergents. Cette approche proactive garantit que RocketPlay Casino reste \u00e0 la pointe de la conformit\u00e9 AML, offrant aux joueurs une exp\u00e9rience de jeu s\u00e9curis\u00e9e et agr\u00e9able.<\/p>\n<p>La politique AML de RocketPlay Casino t\u00e9moigne de son engagement in\u00e9branlable \u00e0 fournir un environnement de jeu s\u00e9curis\u00e9 et \u00e9quitable. Le casino respecte et d\u00e9passe les normes r\u00e9glementaires en combinant une technologie de pointe avec une approche globale et adaptative de la lutte contre le blanchiment d&rsquo;argent. Alors que les joueurs s&rsquo;immergent dans le frisson du jeu sur RocketPlay Casino, ils peuvent le faire avec la certitude qu&rsquo;une politique AML robuste et proactive prot\u00e8ge leurs transactions financi\u00e8res.<\/p>\n","protected":false},"excerpt":{"rendered":"<p>Dans le domaine dynamique des casinos en ligne, la s\u00e9curit\u00e9 et la transparence constituent les pierres angulaires d\u2019une exp\u00e9rience de jeu digne de confiance. RocketPlay Casino reconna\u00eet l&rsquo;importance primordiale de prot\u00e9ger ses joueurs et de maintenir l&rsquo;int\u00e9grit\u00e9 de sa plateforme. La mise en \u0153uvre d\u2019une solide politique de lutte contre le blanchiment d\u2019argent (AML) est&#8230;<\/p>\n","protected":false},"author":1,"featured_media":0,"parent":0,"menu_order":0,"comment_status":"closed","ping_status":"closed","template":"","meta":{"_acf_changed":false,"_kad_post_transparent":"default","_kad_post_title":"default","_kad_post_layout":"default","_kad_post_sidebar_id":"","_kad_post_content_style":"default","_kad_post_vertical_padding":"default","_kad_post_feature":"","_kad_post_feature_position":"","_kad_post_header":false,"_kad_post_footer":false,"footnotes":""},"class_list":["post-4289","page","type-page","status-publish","hentry"],"acf":[],"rttpg_featured_image_url":null,"rttpg_author":{"display_name":"John","author_link":"https:\/\/rocketplay-new.com\/fr\/author\/pemvas95n89x\/"},"rttpg_comment":0,"rttpg_category":null,"rttpg_excerpt":"Dans le domaine dynamique des casinos en ligne, la s\u00e9curit\u00e9 et la transparence constituent les pierres angulaires d\u2019une exp\u00e9rience de jeu digne de confiance. RocketPlay Casino reconna\u00eet l&rsquo;importance primordiale de prot\u00e9ger ses joueurs et de maintenir l&rsquo;int\u00e9grit\u00e9 de sa plateforme. La mise en \u0153uvre d\u2019une solide politique de lutte contre le blanchiment d\u2019argent (AML) est...","_links":{"self":[{"href":"https:\/\/rocketplay-new.com\/fr\/wp-json\/wp\/v2\/pages\/4289","targetHints":{"allow":["GET"]}}],"collection":[{"href":"https:\/\/rocketplay-new.com\/fr\/wp-json\/wp\/v2\/pages"}],"about":[{"href":"https:\/\/rocketplay-new.com\/fr\/wp-json\/wp\/v2\/types\/page"}],"author":[{"embeddable":true,"href":"https:\/\/rocketplay-new.com\/fr\/wp-json\/wp\/v2\/users\/1"}],"replies":[{"embeddable":true,"href":"https:\/\/rocketplay-new.com\/fr\/wp-json\/wp\/v2\/comments?post=4289"}],"version-history":[{"count":1,"href":"https:\/\/rocketplay-new.com\/fr\/wp-json\/wp\/v2\/pages\/4289\/revisions"}],"predecessor-version":[{"id":4290,"href":"https:\/\/rocketplay-new.com\/fr\/wp-json\/wp\/v2\/pages\/4289\/revisions\/4290"}],"wp:attachment":[{"href":"https:\/\/rocketplay-new.com\/fr\/wp-json\/wp\/v2\/media?parent=4289"}],"curies":[{"name":"wp","href":"https:\/\/api.w.org\/{rel}","templated":true}]}}