{"id":3976,"date":"2023-01-13T23:29:50","date_gmt":"2023-01-13T20:29:50","guid":{"rendered":"https:\/\/rocketplay-new.com\/sport-betting\/volleyball\/"},"modified":"2025-11-25T23:27:51","modified_gmt":"2025-11-25T20:27:51","slug":"volleyball","status":"publish","type":"page","link":"https:\/\/rocketplay-new.com\/fr\/sport\/volleyball\/","title":{"rendered":"Guide de paris pour les d\u00e9butants"},"content":{"rendered":"<p>Voici un tutoriel sur les cotes des paris Volleyball et autres particularit\u00e9s. Essayez d&rsquo;apprendre des informations plus utiles et apprenez comment gagner de l&rsquo;argent gr\u00e2ce au sport de plage. Cela vous permettra de participer plus souvent \u00e0 des tournois c\u00e9l\u00e8bres, d&rsquo;obtenir des bonus suppl\u00e9mentaires et d&rsquo;augmenter g\u00e9n\u00e9ralement le plaisir.<\/p>\n<p style=\"text-align: center;\"><span style=\"font-weight: 400;\">\u00a0<div class=\"go-btn-container\"><div class=\"tosh-btn\"><a href=\"\/go-casino\/\" target=\"_blank\" rel=\"noopener\">JOUEZ MAINTENANT<\/a><\/div><\/div><\/span><\/p>\n<h2>COMMENT PARIER SUR LE VOLLEYBALL<\/h2>\n<p>Tout d&rsquo;abord, vous devriez \u00e9tudier la section sur les conseils de paris sur le volley-ball et apprendre \u00e0 g\u00e9rer correctement votre budget. Gr\u00e2ce \u00e0 la capacit\u00e9 de contr\u00f4ler vos \u00e9motions et vos ressources, vous pouvez utiliser tous les paris disponibles plus efficacement. Cependant, seuls les utilisateurs enregistr\u00e9s peuvent jouer pour de l&rsquo;argent r\u00e9el.<\/p>\n<p>Pour cr\u00e9er un compte personnel, choisissez une soci\u00e9t\u00e9 de jeu appropri\u00e9e sur notre site Web et commencez\u00a0:<\/p>\n<ol>\n<li>Entrez toutes les informations personnelles dont vous aurez besoin \u00e0 l&rsquo;avenir pour v\u00e9rifier votre compte. Les donn\u00e9es seront recoup\u00e9es, vous devez donc \u00eatre prudent.<\/li>\n<li>Ensuite, choisissez un \u00e9v\u00e9nement de jeu appropri\u00e9 et analysez les joueurs et les \u00e9quipes. Vous pouvez trouver une faiblesse dans la d\u00e9fense de l&rsquo;adversaire et obtenir d&rsquo;excellentes cotes pour votre capacit\u00e9 \u00e0 pr\u00e9dire les r\u00e9sultats de l&rsquo;\u00e9v\u00e9nement.<\/li>\n<li>Apr\u00e8s cela, utilisez le syst\u00e8me unique de construction d&rsquo;un pari via le coupon. N&rsquo;oubliez pas d&rsquo;utiliser une carte de cr\u00e9dit ou une crypto-monnaie pour approvisionner votre compte.<\/li>\n<\/ol>\n<p>Pour les paris sur le volley-ball, vous pouvez \u00e9galement essayer d&rsquo;obtenir un bonus de la soci\u00e9t\u00e9 de jeux. Cela vous aidera beaucoup plus efficacement \u00e0 commencer \u00e0 utiliser diverses techniques d&rsquo;experts.<\/p>\n<p><img loading=\"lazy\" decoding=\"async\" class=\"aligncenter wp-image-4651\" src=\"https:\/\/rocketplay-new.com\/wp-content\/uploads\/2024\/02\/female-professional-volleyball-players-action-3d-stadium.jpg\" alt=\"Volleyball Betting\" width=\"800\" height=\"450\" srcset=\"https:\/\/rocketplay-new.com\/wp-content\/uploads\/2024\/02\/female-professional-volleyball-players-action-3d-stadium.jpg 1000w, https:\/\/rocketplay-new.com\/wp-content\/uploads\/2024\/02\/female-professional-volleyball-players-action-3d-stadium-300x169.jpg 300w, https:\/\/rocketplay-new.com\/wp-content\/uploads\/2024\/02\/female-professional-volleyball-players-action-3d-stadium-768x432.jpg 768w\" sizes=\"auto, (max-width: 800px) 100vw, 800px\" \/><\/p>\n<h2>COMMENT FONCTIONNENT LES PARIS SUR LE VOLLEYBALL<\/h2>\n<p>Le moyen le plus simple de comprendre comment fonctionnent les meilleurs paris de volley-ball en ligne est d&rsquo;utiliser votre exp\u00e9rience, alors cr\u00e9ez un compte personnel et faites votre premier pari. Vous pouvez choisir le montant minimum disponible, ce qui vous permettra de tester les diff\u00e9rentes possibilit\u00e9s du syst\u00e8me. En g\u00e9n\u00e9ral, la logique est assez simple.<\/p>\n<p>Vous mettez votre conjecture contre la pr\u00e9diction d&rsquo;une soci\u00e9t\u00e9 de jeu. En fonction des cotes expos\u00e9es, chaque r\u00e9sultat a ses cotes par lesquelles votre pari sera multipli\u00e9. Si vous gagnez, vous r\u00e9cup\u00e9rez votre mise et ajoutez vos gains. Une perte signifie que le casino prend votre argent. Le syst\u00e8me est tout \u00e0 fait honn\u00eate et transparent.<\/p>\n<h2>LES CHANCES DE VOLLEYBALL EXPLIQU\u00c9ES<\/h2>\n<p>Les utilisateurs ont souvent du mal \u00e0 d\u00e9cider exactement comment les promotions de paris sur le volley-ball leur permettront de gagner. Apr\u00e8s tout, les cotes restent, vous devez donc calculer chaque pari manuellement. Le site calcule automatiquement votre b\u00e9n\u00e9fice et votre revenu total dans le coupon. Par exemple, en pariant 500 $ avec une cote de 1,5, vous pouvez obtenir 750 $. Deux cent cinquante dollars seront votre profit et 500 reviendront sur le compte.<\/p>\n<p style=\"text-align: center;\"><span style=\"font-weight: 400;\">\u00a0<div class=\"go-btn-container\"><div class=\"tosh-btn\"><a href=\"\/go-casino\/\" target=\"_blank\" rel=\"noopener\">JOUEZ MAINTENANT<\/a><\/div><\/div><\/span><\/p>\n<h2>PARIS POPULAIRES SUR LE VOLLEY-BALL<\/h2>\n<p>Parmi les paris les plus populaires, il y a la victoire r\u00e9guli\u00e8re de l&rsquo;une des \u00e9quipes et le total des points. Ces r\u00e9sultats simples permettent aux joueurs de gagner des centaines de milliers de dollars par jour. Les r\u00e9sultats plus compliqu\u00e9s ont souvent des chances plus \u00e9lev\u00e9es, mais le risque est plus \u00e9lev\u00e9. Testez diff\u00e9rentes options de pari.<\/p>\n<h2>LES TOURNOIS DE VOLLEYBALL LES PLUS POPULAIRES SUR LESQUELS PARIER<\/h2>\n<p>Vous pouvez profiter de la strat\u00e9gie de paris Volleyball \u00e0 n&rsquo;importe quel tournoi. Et donc, il faut conna\u00eetre les comp\u00e9titions les plus titr\u00e9es de la discipline sportive :<\/p>\n<ul>\n<li>Jeux olympiques;<\/li>\n<li>championnats du monde\u00a0;<\/li>\n<li>Ballon d&rsquo;Or.<\/li>\n<\/ul>\n<p>Essayez de mieux regarder la diffusion pour comprendre les termes et les r\u00e8gles du jeu. Cela vous aidera \u00e0 g\u00e9rer vos ressources plus efficacement et \u00e0 gagner plus d&rsquo;argent. Vous pourrez \u00e9galement acc\u00e9der \u00e0 de nombreux r\u00e9sultats car les soci\u00e9t\u00e9s de jeux d&rsquo;argent sont int\u00e9ress\u00e9es \u00e0 attirer le maximum de joueurs dans des tournois de classe mondiale.<\/p>\n<p><img loading=\"lazy\" decoding=\"async\" class=\"aligncenter wp-image-4660\" src=\"https:\/\/rocketplay-new.com\/wp-content\/uploads\/2024\/02\/girl-posing-with-volley-ball.jpg\" alt=\"Volleyball Betting 2\" width=\"800\" height=\"534\" srcset=\"https:\/\/rocketplay-new.com\/wp-content\/uploads\/2024\/02\/girl-posing-with-volley-ball.jpg 1000w, https:\/\/rocketplay-new.com\/wp-content\/uploads\/2024\/02\/girl-posing-with-volley-ball-300x200.jpg 300w, https:\/\/rocketplay-new.com\/wp-content\/uploads\/2024\/02\/girl-posing-with-volley-ball-768x513.jpg 768w\" sizes=\"auto, (max-width: 800px) 100vw, 800px\" \/><\/p>\n<h2>FAQ<\/h2>\n<p>La plupart des d\u00e9butants commencent \u00e0 poser des questions aux experts apr\u00e8s s&rsquo;\u00eatre inscrits et avoir plac\u00e9 leur premier pari. Nous vous proposons une petite section d&rsquo;aide contenant des r\u00e9ponses aux questions les plus populaires sur la discipline sportive.<\/p>\n<h3>SUR QUELS APPAREILS PUIS-JE PARIER\u00a0?<\/h3>\n<p>Les paris sur le volleyball vous permettront de parier depuis n&rsquo;importe quel appareil. Premi\u00e8rement, tout d\u00e9pend du casino ou du site de pari que vous choisissez. Certaines entreprises ne proposent qu&rsquo;une version mobile, tandis que d&rsquo;autres approuvent imm\u00e9diatement l&rsquo;utilisation d&rsquo;une application distincte des d\u00e9veloppeurs. Faire des paris dans le navigateur sur le PC est le plus pratique, mais il y a toujours acc\u00e8s \u00e0 un ordinateur. Nous vous sugg\u00e9rons d&rsquo;essayer diff\u00e9rentes options et de d\u00e9couvrir les avantages et les inconv\u00e9nients de toutes les m\u00e9thodes.<\/p>\n<h3>QUEL EST LE TAUX DE GAIN MAXIMAL\u00a0?<\/h3>\n<p>Le plus souvent, les cotes les plus \u00e9lev\u00e9es sont donn\u00e9es sur une \u00e9quipe potentiellement perdante qui est moins bien pr\u00e9par\u00e9e ou qui joue dans une autre ligue. Dans ce cas, il est recommand\u00e9 de faire attention \u00e0 la ligne de paris du vainqueur de tout le tournoi. Choisissez l&rsquo;outsider le plus r\u00e9cent et essayez de gagner avec une cote de 50 ou 150. Les paris les moins risqu\u00e9s sont les points totaux. Dans ce cas, un \u00e9cart de 10 points peut affecter l&rsquo;augmentation de la cote \u00e0 3.<\/p>\n<h3>COMMENT SAVOIR SUR QUI PARIER AU VOLLEYBALL ?<\/h3>\n<p>La premi\u00e8re chose \u00e0 faire est de trouver les meilleurs sites de paris Volleyball en ligne pour avoir un meilleur aper\u00e7u des matchs du match. Il est n\u00e9cessaire de lire attentivement les participants, le tournoi lui-m\u00eame et les statistiques entre les adversaires. Essayez d&rsquo;analyser qualitativement tous les aspects du match et vous serez en mesure de trouver le match parfait pour vous-m\u00eame. Il est recommand\u00e9 de commencer avec une petite quantit\u00e9.<\/p>\n","protected":false},"excerpt":{"rendered":"<p>Voici un tutoriel sur les cotes des paris Volleyball et autres particularit\u00e9s. Essayez d&rsquo;apprendre des informations plus utiles et apprenez comment gagner de l&rsquo;argent gr\u00e2ce au sport de plage. Cela vous permettra de participer plus souvent \u00e0 des tournois c\u00e9l\u00e8bres, d&rsquo;obtenir des bonus suppl\u00e9mentaires et d&rsquo;augmenter g\u00e9n\u00e9ralement le plaisir. \u00a0 COMMENT PARIER SUR LE VOLLEYBALL&#8230;<\/p>\n","protected":false},"author":1,"featured_media":0,"parent":3697,"menu_order":0,"comment_status":"closed","ping_status":"closed","template":"","meta":{"_acf_changed":false,"_kad_post_transparent":"default","_kad_post_title":"default","_kad_post_layout":"default","_kad_post_sidebar_id":"","_kad_post_content_style":"default","_kad_post_vertical_padding":"default","_kad_post_feature":"","_kad_post_feature_position":"","_kad_post_header":false,"_kad_post_footer":false,"footnotes":""},"class_list":["post-3976","page","type-page","status-publish","hentry"],"acf":[],"rttpg_featured_image_url":null,"rttpg_author":{"display_name":"John","author_link":"https:\/\/rocketplay-new.com\/fr\/author\/pemvas95n89x\/"},"rttpg_comment":0,"rttpg_category":null,"rttpg_excerpt":"Voici un tutoriel sur les cotes des paris Volleyball et autres particularit\u00e9s. Essayez d&rsquo;apprendre des informations plus utiles et apprenez comment gagner de l&rsquo;argent gr\u00e2ce au sport de plage. Cela vous permettra de participer plus souvent \u00e0 des tournois c\u00e9l\u00e8bres, d&rsquo;obtenir des bonus suppl\u00e9mentaires et d&rsquo;augmenter g\u00e9n\u00e9ralement le plaisir. \u00a0 COMMENT PARIER SUR LE VOLLEYBALL...","_links":{"self":[{"href":"https:\/\/rocketplay-new.com\/fr\/wp-json\/wp\/v2\/pages\/3976","targetHints":{"allow":["GET"]}}],"collection":[{"href":"https:\/\/rocketplay-new.com\/fr\/wp-json\/wp\/v2\/pages"}],"about":[{"href":"https:\/\/rocketplay-new.com\/fr\/wp-json\/wp\/v2\/types\/page"}],"author":[{"embeddable":true,"href":"https:\/\/rocketplay-new.com\/fr\/wp-json\/wp\/v2\/users\/1"}],"replies":[{"embeddable":true,"href":"https:\/\/rocketplay-new.com\/fr\/wp-json\/wp\/v2\/comments?post=3976"}],"version-history":[{"count":4,"href":"https:\/\/rocketplay-new.com\/fr\/wp-json\/wp\/v2\/pages\/3976\/revisions"}],"predecessor-version":[{"id":5664,"href":"https:\/\/rocketplay-new.com\/fr\/wp-json\/wp\/v2\/pages\/3976\/revisions\/5664"}],"up":[{"embeddable":true,"href":"https:\/\/rocketplay-new.com\/fr\/wp-json\/wp\/v2\/pages\/3697"}],"wp:attachment":[{"href":"https:\/\/rocketplay-new.com\/fr\/wp-json\/wp\/v2\/media?parent=3976"}],"curies":[{"name":"wp","href":"https:\/\/api.w.org\/{rel}","templated":true}]}}