{"id":3914,"date":"2023-01-13T21:01:16","date_gmt":"2023-01-13T18:01:16","guid":{"rendered":"https:\/\/rocketplay-new.com\/sport-betting\/horse-racing\/"},"modified":"2025-11-25T23:25:26","modified_gmt":"2025-11-25T20:25:26","slug":"horse-racing","status":"publish","type":"page","link":"https:\/\/rocketplay-new.com\/fr\/sport\/horse-racing\/","title":{"rendered":"Examen des paris sur les courses de chevaux"},"content":{"rendered":"<p>Vous pouvez voir le plus d&rsquo;avantages dans les paris hippiques si vous placez r\u00e9guli\u00e8rement de petits paris. Les courses ont lieu assez souvent, vous \u00eates donc assur\u00e9 de trouver une option qui vous convient et de profiter du match. L&rsquo;essentiel est de lire toutes les r\u00e8gles, de regarder quelques \u00e9missions en ligne au pr\u00e9alable, puis de commencer \u00e0 parier avec des connaissances de base.<\/p>\n<p style=\"text-align: center;\"><span style=\"font-weight: 400;\">\u00a0<div class=\"go-btn-container\"><div class=\"tosh-btn\"><a href=\"\/go-casino\/\" target=\"_blank\" rel=\"noopener\">JOUEZ MAINTENANT<\/a><\/div><\/div> <\/span><\/p>\n<h2>TYPES DE PARIS SUR LES COURSES DE CHEVAUX<\/h2>\n<p>En g\u00e9n\u00e9ral, les paris les plus populaires en Australie sur les courses hippiques sont les paris sur le vainqueur de la course. Dans ce cas, vous devez examiner attentivement toutes les informations disponibles sur les participants et choisir le favori, garanti de gagner. Assurez-vous de prendre en compte tous les param\u00e8tres essentiels et n&rsquo;oubliez pas que m\u00eame les grands favoris ne sont parfois pas d&rsquo;humeur \u00e0 gagner.<\/p>\n<p>Les d\u00e9butants doivent parier sur le nombre de points qui peuvent \u00eatre attribu\u00e9s. Il est \u00e9galement possible de parier sur le cheval le plus lent, mais de telles options de pari sont plus adapt\u00e9es aux professionnels. N&rsquo;essayez pas seulement de deviner le gagnant, mais faites un vrai travail d&rsquo;analyse.<\/p>\n<h2>COMMENT CHOISIR VOTRE CHEVAL GAGNANT<\/h2>\n<p>Dans la plupart des cas, les joueurs professionnels peuvent choisir les meilleurs paris hippiques comme principal type de revenu. Ces personnes savent que la plupart des cavaliers et des chevaux ont depuis longtemps pu analyser \u00e0 l&rsquo;avance gr\u00e2ce \u00e0 divers services. Cependant, il faut en outre expliquer aux d\u00e9butants que m\u00eame dans ce cas, chaque course est unique et peut se d\u00e9rouler selon diff\u00e9rents sc\u00e9narios.<\/p>\n<p><img loading=\"lazy\" decoding=\"async\" class=\"aligncenter wp-image-4691\" src=\"https:\/\/rocketplay-new.com\/wp-content\/uploads\/2024\/02\/generative-ai-horse-racing.jpg\" alt=\"Horse Racing betting\" width=\"800\" height=\"449\" srcset=\"https:\/\/rocketplay-new.com\/wp-content\/uploads\/2024\/02\/generative-ai-horse-racing.jpg 1000w, https:\/\/rocketplay-new.com\/wp-content\/uploads\/2024\/02\/generative-ai-horse-racing-300x168.jpg 300w, https:\/\/rocketplay-new.com\/wp-content\/uploads\/2024\/02\/generative-ai-horse-racing-768x431.jpg 768w\" sizes=\"auto, (max-width: 800px) 100vw, 800px\" \/><\/p>\n<p>Pour \u00eatre assur\u00e9 de gagner, vous devez d&rsquo;abord vous inscrire et placer un pari\u00a0:<\/p>\n<ol>\n<li>Cr\u00e9ez un compte personnel et sp\u00e9cifiez vos informations personnelles, ce qui vous aidera \u00e0 passer la proc\u00e9dure de v\u00e9rification sans probl\u00e8mes suppl\u00e9mentaires.<\/li>\n<li>Assurez-vous d&rsquo;alimenter votre compte de la mani\u00e8re qui vous convient. La crypto-monnaie devient de plus en plus populaire ces derniers temps car les transferts sont cr\u00e9dit\u00e9s rapidement et il n&rsquo;y a presque aucune limite sur le montant du d\u00e9p\u00f4t.<\/li>\n<li>Apr\u00e8s cela, vous devez commencer \u00e0 analyser le match qui vous int\u00e9resse. Trouvez imm\u00e9diatement les profils de vos adversaires et commencez \u00e0 lire les informations statistiques. Cela peut vous aider \u00e0 voir les paris apparents sur les courses.<\/li>\n<\/ol>\n<p>Nous vous recommandons \u00e9galement de vous soumettre \u00e0 la proc\u00e9dure de v\u00e9rification, augmentant ainsi vos chances d&rsquo;obtenir des limites de paris \u00e9lev\u00e9es. Gr\u00e2ce \u00e0 cela, vous pouvez parier plus d&rsquo;argent \u00e0 la fois et gagner une grosse somme d&rsquo;argent. De plus, de nouveaux bonus et opportunit\u00e9s financi\u00e8res de retrait de votre compte s&rsquo;ouvriront.<\/p>\n<h2>LES CHANCES DES COURSES DE CHEVAUX EXPLIQU\u00c9ES<\/h2>\n<p>D\u00e9terminer les paris hippiques en direct avec des cotes n&rsquo;est pas difficile car il vous suffit de v\u00e9rifier le travail d&rsquo;analyse avec les chiffres. Si vous pariez 100 $ sur un \u00e9v\u00e9nement avec une cote de 1,8, vous vous retrouverez avec 180 $ sur votre compte. Multipliez simplement le montant du pari par le nombre de cotes et vous d\u00e9terminerez imm\u00e9diatement le score final si vous gagnez.<\/p>\n<p style=\"text-align: center;\"><span style=\"font-weight: 400;\">\u00a0<div class=\"go-btn-container\"><div class=\"tosh-btn\"><a href=\"\/go-casino\/\" target=\"_blank\" rel=\"noopener\">JOUEZ MAINTENANT<\/a><\/div><\/div> <\/span><\/p>\n<h2>CONSEILS ET STRAT\u00c9GIE<\/h2>\n<p>Nos experts peuvent proposer des paris sur les courses hippiques pour aider les d\u00e9butants \u00e0 comprendre leur capital, \u00e0 ne pas perdre tout l&rsquo;argent d&rsquo;un coup et \u00e0 gagner le montant maximum sur le compte. Parmi eux, il faut citer :<\/p>\n<ul>\n<li>il est n\u00e9cessaire de garder une trace de votre budget et d&rsquo;\u00e9crire soigneusement des statistiques pour tous les matchs jou\u00e9s. Cela vous aidera \u00e0 l&rsquo;avenir \u00e0 analyser la strat\u00e9gie que vous avez choisie et \u00e0 l&rsquo;ajuster dans la bonne direction\u00a0;<\/li>\n<li>il est pr\u00e9f\u00e9rable de v\u00e9rifier plusieurs fois le r\u00e9sultat s\u00e9lectionn\u00e9 et le montant du pari. Parfois, m\u00eame les sp\u00e9cialistes peuvent faire une erreur insignifiante, ce qui entra\u00eene souvent des cons\u00e9quences fatales pour les utilisateurs\u00a0;<\/li>\n<li>dans la plupart des cas, il est pr\u00e9f\u00e9rable d&rsquo;aller sur la page des promotions et d&rsquo;obtenir des bonus sp\u00e9ciaux. Cela augmentera vos chances de succ\u00e8s et vous permettra de gagner plus gratuitement.<\/li>\n<\/ul>\n<p>Essayez diff\u00e9rentes strat\u00e9gies et tactiques pour choisir la meilleure et commencez \u00e0 gagner r\u00e9guli\u00e8rement.<\/p>\n<p><img loading=\"lazy\" decoding=\"async\" class=\"aligncenter wp-image-4700\" src=\"https:\/\/rocketplay-new.com\/wp-content\/uploads\/2024\/02\/equestrian-sport-young-girl-rides-horse-championship.jpg\" alt=\"Horse Racing betting 2\" width=\"800\" height=\"534\" srcset=\"https:\/\/rocketplay-new.com\/wp-content\/uploads\/2024\/02\/equestrian-sport-young-girl-rides-horse-championship.jpg 1000w, https:\/\/rocketplay-new.com\/wp-content\/uploads\/2024\/02\/equestrian-sport-young-girl-rides-horse-championship-300x200.jpg 300w, https:\/\/rocketplay-new.com\/wp-content\/uploads\/2024\/02\/equestrian-sport-young-girl-rides-horse-championship-768x512.jpg 768w\" sizes=\"auto, (max-width: 800px) 100vw, 800px\" \/><\/p>\n<h2>FAQ<\/h2>\n<p>Sp\u00e9cialement pour nos lecteurs, nous avons compil\u00e9 une base de donn\u00e9es de r\u00e9ponses d&rsquo;experts aux questions les plus populaires des d\u00e9butants. Gr\u00e2ce \u00e0 cela, vous n&rsquo;aurez pas \u00e0 passer des heures \u00e0 \u00e9tudier les informations mais pourrez commencer \u00e0 parier imm\u00e9diatement.<\/p>\n<h3>QUEL EST LE MONTANT MINIMUM DE LA MISE\u00a0?<\/h3>\n<p>Les paris gratuits sur les courses de chevaux ne vous demanderont pas beaucoup d&rsquo;efforts, car la soci\u00e9t\u00e9 de jeu offre souvent un tel bonus \u00e0 tous les joueurs. Essayez d&rsquo;obtenir un cadeau et vous pourrez parier sans utiliser d&rsquo;argent r\u00e9el. Dans ce cas, les gains seront cr\u00e9dit\u00e9s sur votre compte, ce qui signifie qu&rsquo;un tel pari sera rentable. Cependant, sans tenir compte des bonus, le plus souvent, la mise minimale est de un ou cinq dollars am\u00e9ricains.<\/p>\n<h3>QUEL TYPE DE PARI EST LE PLUS COURANT\u00a0?<\/h3>\n<p>Il s&rsquo;agit d&rsquo;un pari sur le vainqueur de la course, qui vous permettra d&rsquo;obtenir vos gains rapidement et efficacement. Parfois, l&rsquo;entreprise vous permet de choisir simultan\u00e9ment plusieurs gagnants possibles, mais les chances sont l\u00e9g\u00e8rement inf\u00e9rieures.<\/p>\n<h3>PUIS-JE PARIER DEPUIS MON T\u00c9L\u00c9PHONE\u00a0?<\/h3>\n<p>Oui, l&rsquo;application de paris hippiques peut \u00eatre utilis\u00e9e par tous les joueurs inscrits sur le site officiel. Essayez de rester en ligne tout le temps et de savoir pr\u00e9cis\u00e9ment ce qui se passe dans le match maintenant. Dans le m\u00eame temps, le syst\u00e8me de retrait d&rsquo;argent et d&rsquo;obtention de bonus est pr\u00e9serv\u00e9 car les joueurs peuvent m\u00eame contacter le support technique. Essayez de placer un pari dans une longue file d&rsquo;attente ou pendant que vous vous amusez.<\/p>\n","protected":false},"excerpt":{"rendered":"<p>Vous pouvez voir le plus d&rsquo;avantages dans les paris hippiques si vous placez r\u00e9guli\u00e8rement de petits paris. Les courses ont lieu assez souvent, vous \u00eates donc assur\u00e9 de trouver une option qui vous convient et de profiter du match. L&rsquo;essentiel est de lire toutes les r\u00e8gles, de regarder quelques \u00e9missions en ligne au pr\u00e9alable, puis&#8230;<\/p>\n","protected":false},"author":1,"featured_media":0,"parent":3697,"menu_order":0,"comment_status":"closed","ping_status":"closed","template":"","meta":{"_acf_changed":false,"_kad_post_transparent":"default","_kad_post_title":"default","_kad_post_layout":"default","_kad_post_sidebar_id":"","_kad_post_content_style":"default","_kad_post_vertical_padding":"default","_kad_post_feature":"","_kad_post_feature_position":"","_kad_post_header":false,"_kad_post_footer":false,"footnotes":""},"class_list":["post-3914","page","type-page","status-publish","hentry"],"acf":[],"rttpg_featured_image_url":null,"rttpg_author":{"display_name":"John","author_link":"https:\/\/rocketplay-new.com\/fr\/author\/pemvas95n89x\/"},"rttpg_comment":0,"rttpg_category":null,"rttpg_excerpt":"Vous pouvez voir le plus d&rsquo;avantages dans les paris hippiques si vous placez r\u00e9guli\u00e8rement de petits paris. Les courses ont lieu assez souvent, vous \u00eates donc assur\u00e9 de trouver une option qui vous convient et de profiter du match. L&rsquo;essentiel est de lire toutes les r\u00e8gles, de regarder quelques \u00e9missions en ligne au pr\u00e9alable, puis...","_links":{"self":[{"href":"https:\/\/rocketplay-new.com\/fr\/wp-json\/wp\/v2\/pages\/3914","targetHints":{"allow":["GET"]}}],"collection":[{"href":"https:\/\/rocketplay-new.com\/fr\/wp-json\/wp\/v2\/pages"}],"about":[{"href":"https:\/\/rocketplay-new.com\/fr\/wp-json\/wp\/v2\/types\/page"}],"author":[{"embeddable":true,"href":"https:\/\/rocketplay-new.com\/fr\/wp-json\/wp\/v2\/users\/1"}],"replies":[{"embeddable":true,"href":"https:\/\/rocketplay-new.com\/fr\/wp-json\/wp\/v2\/comments?post=3914"}],"version-history":[{"count":4,"href":"https:\/\/rocketplay-new.com\/fr\/wp-json\/wp\/v2\/pages\/3914\/revisions"}],"predecessor-version":[{"id":5674,"href":"https:\/\/rocketplay-new.com\/fr\/wp-json\/wp\/v2\/pages\/3914\/revisions\/5674"}],"up":[{"embeddable":true,"href":"https:\/\/rocketplay-new.com\/fr\/wp-json\/wp\/v2\/pages\/3697"}],"wp:attachment":[{"href":"https:\/\/rocketplay-new.com\/fr\/wp-json\/wp\/v2\/media?parent=3914"}],"curies":[{"name":"wp","href":"https:\/\/api.w.org\/{rel}","templated":true}]}}