{"id":3857,"date":"2023-01-13T19:04:27","date_gmt":"2023-01-13T16:04:27","guid":{"rendered":"https:\/\/rocketplay-new.com\/sport-betting\/tennis\/"},"modified":"2025-04-02T15:49:34","modified_gmt":"2025-04-02T12:49:34","slug":"tennis","status":"publish","type":"page","link":"https:\/\/rocketplay-new.com\/fr\/sport\/tennis\/","title":{"rendered":"Un guide pour parier sur le tennis"},"content":{"rendered":"<p>Un avantage essentiel des paris sur le tennis est que de nombreux matchs professionnels et amateurs sont d\u00e9sormais jou\u00e9s. Gr\u00e2ce \u00e0 cela, tout le monde peut mettre son argent dans les gains d&rsquo;un joueur en particulier et gagner de l&rsquo;argent dessus. Il suffit de trouver un site en ligne appropri\u00e9 pour les jeux de hasard et les paris, puis de cr\u00e9er un coupon. Dans notre examen, vous obtiendrez des informations utiles et apprendrez \u00e0 parier.<\/p>\n<p style=\"text-align: center;\"><span style=\"font-weight: 400;\"><div class=\"go-btn-container\"><div class=\"tosh-btn\"><a href=\"\/go-casino\/\" target=\"_blank\" rel=\"noopener\">JOUEZ MAINTENANT<\/a><\/div><\/div> <\/span><\/p>\n<h2>STRAT\u00c9GIE DE PARIS SUR LE TENNIS<\/h2>\n<p>Une strat\u00e9gie int\u00e9ressante pour les d\u00e9butants consiste \u00e0 utiliser l&rsquo;application de paris sur le tennis, qui est gratuite pour tous les utilisateurs. C&rsquo;est un excellent moyen d&rsquo;acc\u00e9der r\u00e9guli\u00e8rement aux paris. En m\u00eame temps, vous pouvez gagner de l&rsquo;argent m\u00eame en vous promenant ou en faisant la queue.<\/p>\n<p>En plus de cela, il existe une strat\u00e9gie de pari Tennis sp\u00e9cifique qui se d\u00e9marque par ses principes fondamentaux du jeu :<\/p>\n<ul>\n<li>le budget initial doit \u00eatre divis\u00e9 en plusieurs dizaines de parties, et ne pas parier plus d&rsquo;un \u00e0 la fois sur n&rsquo;importe quel match. Dans ce cas, vous limiterez non seulement vos gains mais aussi vos pertes. Il n&rsquo;y aura donc pas de perte de la totalit\u00e9 du gisement, ce qui est un avantage non n\u00e9gligeable ;<\/li>\n<li>vous devez apprendre \u00e0 contr\u00f4ler vos \u00e9motions lorsque vous pariez afin de ne pas faire accidentellement un pari qui vous m\u00e8nera \u00e0 la chute. La plupart des d\u00e9butants perdent leur argent pr\u00e9cis\u00e9ment parce qu&rsquo;ils essaient de r\u00e9cup\u00e9rer rapidement l&rsquo;argent perdu ;<\/li>\n<li>vous ne pouvez pas utiliser les analyses de personnes sur Internet comme seule option de pari correcte. En outre, l&rsquo;approche dans l&rsquo;environnement des paris est appel\u00e9e paresseuse et entra\u00eene in\u00e9vitablement une perte. Vous devez aborder votre jeu de mani\u00e8re responsable et toujours surveiller le montant des paris. Effectuez des analyses et \u00e9tudiez vous-m\u00eame les correspondances afin de ne pas vous tromper.<\/li>\n<\/ul>\n<p>Nous recommandons \u00e0 tous les nouveaux arrivants d&rsquo;utiliser uniquement les services de ces sites dignes de confiance avec de nombreuses ann\u00e9es d&rsquo;exp\u00e9rience. Vous pouvez le trouver sur notre portail de jeux dans la section des critiques, o\u00f9 les experts ont rassembl\u00e9 les meilleures options disponibles. Essayez de d\u00e9marrer votre jeu et obtenez un gros profit directement \u00e0 partir de votre compte. Suivez \u00e9galement la proc\u00e9dure de v\u00e9rification afin qu&rsquo;il n&rsquo;y ait plus de probl\u00e8mes de retrait de fonds \u00e0 l&rsquo;avenir.<\/p>\n<p><img loading=\"lazy\" decoding=\"async\" class=\"aligncenter wp-image-4672\" src=\"https:\/\/rocketplay-new.com\/wp-content\/uploads\/2024\/02\/tennis-girl-professional-tennis-court.jpg\" alt=\"Tennis Betting\" width=\"800\" height=\"500\" srcset=\"https:\/\/rocketplay-new.com\/wp-content\/uploads\/2024\/02\/tennis-girl-professional-tennis-court.jpg 1000w, https:\/\/rocketplay-new.com\/wp-content\/uploads\/2024\/02\/tennis-girl-professional-tennis-court-300x188.jpg 300w, https:\/\/rocketplay-new.com\/wp-content\/uploads\/2024\/02\/tennis-girl-professional-tennis-court-768x480.jpg 768w\" sizes=\"auto, (max-width: 800px) 100vw, 800px\" \/><\/p>\n<h2>LES PARIS DE TENNIS LES PLUS POPULAIRES<\/h2>\n<p>Le meilleur endroit pour commencer les paris en ligne sur le tennis est avec un pari plus simple. Habituellement, il s&rsquo;agit de la victoire d&rsquo;un athl\u00e8te sp\u00e9cifique ou d&rsquo;une paire d&rsquo;athl\u00e8tes dans un match. Les paris plus compliqu\u00e9s sont laiss\u00e9s aux professionnels qui contr\u00f4lent leurs ressources financi\u00e8res et r\u00e9partissent bien les profits. Les paris totaux sont consid\u00e9r\u00e9s comme plus compliqu\u00e9s car il est beaucoup plus difficile de calculer les points et de les pr\u00e9dire.<\/p>\n<p>Vous pouvez essayer diff\u00e9rentes options de pari dans un mode d\u00e9mo sp\u00e9cial. Cela vous permettra d&rsquo;\u00e9viter de d\u00e9penser de l&rsquo;argent suppl\u00e9mentaire et d&rsquo;essayer toutes les options. Parfois, ce mode peut ne pas \u00eatre disponible, mais c&rsquo;est la meilleure option si vous pouvez gagner de l&rsquo;argent r\u00e9el bient\u00f4t.<\/p>\n<p style=\"text-align: center;\"><span style=\"font-weight: 400;\"><div class=\"go-btn-container\"><div class=\"tosh-btn\"><a href=\"\/go-casino\/\" target=\"_blank\" rel=\"noopener\">JOUEZ MAINTENANT<\/a><\/div><\/div> <\/span><\/p>\n<h2>LES COTES DU TENNIS EXPLIQU\u00c9ES<\/h2>\n<p>La fa\u00e7on la plus simple d&rsquo;expliquer les cotes est de donner des exemples sp\u00e9cifiques de paris r\u00e9els. Essayez de parier 200 $ sur un r\u00e9sultat avec une cote de 1,4. Dans ce cas, vous r\u00e9aliserez un b\u00e9n\u00e9fice de 80 $ et 280 $ seront sur votre compte. Pour 100 $ mis\u00e9s avec une cote de 1,7, vous obtiendrez 70 $ de b\u00e9n\u00e9fice net. Ici, c&rsquo;est la m\u00eame chose que d&rsquo;investir, vous pouvez donc le comprendre si vous trouvez les meilleurs sites de paris sur le tennis.<\/p>\n<h2>CONCLUSION<\/h2>\n<p>En conclusion, nous tenons \u00e0 r\u00e9p\u00e9ter que la meilleure fa\u00e7on de commencer votre jeu est d&rsquo;obtenir des paris gratuits sur le tennis sur le site de jeu officiel \u00e0 partir de nos critiques. Essayez de faire votre premier pari et gagnez une grosse somme d&rsquo;argent. Cela vous aidera \u00e0 vous habituer rapidement \u00e0 l&rsquo;interface et \u00e0 apprendre \u00e0 allouer correctement vos ressources. Ce n&rsquo;est qu&rsquo;avec l&rsquo;aide de vrais paris que vous pouvez apprendre \u00e0 faire des paris rentables et \u00e0 gagner r\u00e9guli\u00e8rement.<\/p>\n<p><img loading=\"lazy\" decoding=\"async\" class=\"aligncenter wp-image-4681\" src=\"https:\/\/rocketplay-new.com\/wp-content\/uploads\/2024\/02\/high-angle-tennis-racket-balls.jpg\" alt=\"Tennis Betting 2\" width=\"800\" height=\"534\" srcset=\"https:\/\/rocketplay-new.com\/wp-content\/uploads\/2024\/02\/high-angle-tennis-racket-balls.jpg 1000w, https:\/\/rocketplay-new.com\/wp-content\/uploads\/2024\/02\/high-angle-tennis-racket-balls-300x200.jpg 300w, https:\/\/rocketplay-new.com\/wp-content\/uploads\/2024\/02\/high-angle-tennis-racket-balls-768x512.jpg 768w\" sizes=\"auto, (max-width: 800px) 100vw, 800px\" \/><\/p>\n<h2>FAQ<\/h2>\n<p>En plus des conseils paris Tennis, voici un petit guide pour les d\u00e9butants. Les r\u00e9ponses aux questions les plus fr\u00e9quentes vous aideront \u00e0 mieux vous familiariser avec les paris actifs et \u00e0 gagner plus d&rsquo;argent.<\/p>\n<h3>QUEL EST LE PARI LE PLUS POPULAIRE SUR LE TENNIS\u00a0?<\/h3>\n<p>On parie souvent sur un champion qui peut gagner le match et s&rsquo;en tenir \u00e0 sa strat\u00e9gie en toute confiance. En deuxi\u00e8me place, placez des paris sur le total des tours et des points, qui peuvent \u00e9galement \u00eatre analys\u00e9s. L&rsquo;essentiel est de recueillir des informations fiables et de se renseigner \u00e0 l&rsquo;avance sur les caract\u00e9ristiques de cette discipline. Dans ce cas, vous avez toutes les chances de gagner.<\/p>\n<h3>EST-IL DIFFICILE D&rsquo;APPRENDRE \u00c0 PARIER AU TENNIS\u00a0?<\/h3>\n<p>Non, les joueurs apprennent g\u00e9n\u00e9ralement \u00e0 parier en une semaine seulement. Gr\u00e2ce aux r\u00e8gles claires du site de jeu et aux diffusions honn\u00eates, il devient facile de s&rsquo;y faire. Regardez quelques matchs pour ajuster vos strat\u00e9gies et tactiques, puis commencez \u00e0 gagner de grosses sommes. Vous pouvez \u00e9galement faire des mises minimales d&rsquo;un dollar pour mieux comprendre le syst\u00e8me et ne pas perdre de capital.<\/p>\n<h3>\u00c0 QUEL \u00c2GE PUIS-JE PARIER\u00a0?<\/h3>\n<p>Une limite sur les paris en direct sur le tennis est l&rsquo;\u00e2ge de la majorit\u00e9 dans le pays de r\u00e9sidence. Par cons\u00e9quent, il est recommand\u00e9 de vous familiariser \u00e0 nouveau avec la l\u00e9gislation de votre \u00e9tat ou pays. Cela vous aidera \u00e0 ne pas perdre votre compte car, lors du processus de v\u00e9rification, l&rsquo;administration trouvera une anomalie. Jouez joliment et vous \u00eates assur\u00e9 de gagner \u00e0 un moment donn\u00e9.<\/p>\n","protected":false},"excerpt":{"rendered":"<p>Un avantage essentiel des paris sur le tennis est que de nombreux matchs professionnels et amateurs sont d\u00e9sormais jou\u00e9s. Gr\u00e2ce \u00e0 cela, tout le monde peut mettre son argent dans les gains d&rsquo;un joueur en particulier et gagner de l&rsquo;argent dessus. Il suffit de trouver un site en ligne appropri\u00e9 pour les jeux de hasard&#8230;<\/p>\n","protected":false},"author":1,"featured_media":0,"parent":3697,"menu_order":0,"comment_status":"closed","ping_status":"closed","template":"","meta":{"_acf_changed":false,"_kad_post_transparent":"default","_kad_post_title":"default","_kad_post_layout":"default","_kad_post_sidebar_id":"","_kad_post_content_style":"default","_kad_post_vertical_padding":"default","_kad_post_feature":"","_kad_post_feature_position":"","_kad_post_header":false,"_kad_post_footer":false,"footnotes":""},"class_list":["post-3857","page","type-page","status-publish","hentry"],"acf":[],"rttpg_featured_image_url":null,"rttpg_author":{"display_name":"John","author_link":"https:\/\/rocketplay-new.com\/fr\/author\/pemvas95n89x\/"},"rttpg_comment":0,"rttpg_category":null,"rttpg_excerpt":"Un avantage essentiel des paris sur le tennis est que de nombreux matchs professionnels et amateurs sont d\u00e9sormais jou\u00e9s. Gr\u00e2ce \u00e0 cela, tout le monde peut mettre son argent dans les gains d&rsquo;un joueur en particulier et gagner de l&rsquo;argent dessus. Il suffit de trouver un site en ligne appropri\u00e9 pour les jeux de hasard...","_links":{"self":[{"href":"https:\/\/rocketplay-new.com\/fr\/wp-json\/wp\/v2\/pages\/3857","targetHints":{"allow":["GET"]}}],"collection":[{"href":"https:\/\/rocketplay-new.com\/fr\/wp-json\/wp\/v2\/pages"}],"about":[{"href":"https:\/\/rocketplay-new.com\/fr\/wp-json\/wp\/v2\/types\/page"}],"author":[{"embeddable":true,"href":"https:\/\/rocketplay-new.com\/fr\/wp-json\/wp\/v2\/users\/1"}],"replies":[{"embeddable":true,"href":"https:\/\/rocketplay-new.com\/fr\/wp-json\/wp\/v2\/comments?post=3857"}],"version-history":[{"count":3,"href":"https:\/\/rocketplay-new.com\/fr\/wp-json\/wp\/v2\/pages\/3857\/revisions"}],"predecessor-version":[{"id":5655,"href":"https:\/\/rocketplay-new.com\/fr\/wp-json\/wp\/v2\/pages\/3857\/revisions\/5655"}],"up":[{"embeddable":true,"href":"https:\/\/rocketplay-new.com\/fr\/wp-json\/wp\/v2\/pages\/3697"}],"wp:attachment":[{"href":"https:\/\/rocketplay-new.com\/fr\/wp-json\/wp\/v2\/media?parent=3857"}],"curies":[{"name":"wp","href":"https:\/\/api.w.org\/{rel}","templated":true}]}}