{"id":3804,"date":"2023-01-13T18:30:54","date_gmt":"2023-01-13T15:30:54","guid":{"rendered":"https:\/\/rocketplay-new.com\/sport-betting\/american-football\/"},"modified":"2025-11-25T23:23:54","modified_gmt":"2025-11-25T20:23:54","slug":"american-football","status":"publish","type":"page","link":"https:\/\/rocketplay-new.com\/fr\/sport\/american-football\/","title":{"rendered":"Comment parier sur le football am\u00e9ricain"},"content":{"rendered":"<p>Les divertissements populaires aux \u00c9tats-Unis attirent \u00e9galement les amateurs de jeux de hasard. Parier sur le football am\u00e9ricain est une excellente occasion d&rsquo;utiliser rapidement et efficacement diff\u00e9rents r\u00e9sultats pour gagner. Un grand nombre de matchs et une dynamique \u00e9lev\u00e9e permettront m\u00eame \u00e0 un d\u00e9butant de comprendre les r\u00e8gles et de commencer \u00e0 gagner rapidement. Dans notre examen, nous avons recueilli les informations les plus utiles sur les paris sur le football am\u00e9ricain.<\/p>\n<p style=\"text-align: center;\"><span style=\"font-weight: 400;\"><div class=\"go-btn-container\"><div class=\"tosh-btn\"><a href=\"\/go-casino\/\" target=\"_blank\" rel=\"noopener\">JOUEZ MAINTENANT<\/a><\/div><\/div><\/span><\/p>\n<h2>LES CHANCES DU FOOTBALL AM\u00c9RICAIN EXPLIQU\u00c9ES<\/h2>\n<p>Dans la plupart des cas, les sites de paris sur le football am\u00e9ricain sont difficiles \u00e0 choisir car il existe de nombreux concurrents sur le march\u00e9 et des tricheurs. Vous pouvez trouver des sites de paris fiables et garantis dans nos revues car nous testons en d\u00e9tail toutes les fonctionnalit\u00e9s des soci\u00e9t\u00e9s de jeux d&rsquo;argent. Vous devez \u00e9galement aborder vos paris de mani\u00e8re responsable, en \u00e9tudiant la ligne de paris globale sur le site.<\/p>\n<p>Plus il y a de r\u00e9sultats possibles offerts, plus la ligne de pari possible est consid\u00e9r\u00e9e comme compl\u00e8te. Essayez de trouver les options parfaites et gagnez quelques dizaines de dollars de plus. C&rsquo;est votre chance de gagner une grosse somme d&rsquo;argent. Vous pouvez \u00e9galement essayer diff\u00e9rentes options.<\/p>\n<p>Il est pr\u00e9f\u00e9rable de regarder tout de suite les paris sur le vainqueur du match. Il s&rsquo;agit d&rsquo;un type de pari classique qui plaira \u00e0 la plupart des joueurs. Le moyen le plus simple de deviner le r\u00e9sultat du match est ici.<\/p>\n<p>Dans les paris sur l&rsquo;\u00e9quipe de football am\u00e9ricain, vous pouvez \u00e9galement pr\u00eater attention \u00e0 divers r\u00e9sultats suppl\u00e9mentaires. Par exemple, le total est une excellente option pour augmenter votre solde plusieurs fois en un seul pari. De plus, les variantes d&rsquo;un tel total peuvent \u00eatre diff\u00e9rentes, ce qui signifie que personne ne vous enl\u00e8vera votre chance de gagner beaucoup \u00e0 la fois<\/p>\n<p><img loading=\"lazy\" decoding=\"async\" class=\"aligncenter wp-image-4739\" src=\"https:\/\/rocketplay-new.com\/wp-content\/uploads\/2024\/02\/american-football-player-professional-stadium.jpg\" alt=\"American Football \" width=\"800\" height=\"400\" srcset=\"https:\/\/rocketplay-new.com\/wp-content\/uploads\/2024\/02\/american-football-player-professional-stadium.jpg 1000w, https:\/\/rocketplay-new.com\/wp-content\/uploads\/2024\/02\/american-football-player-professional-stadium-300x150.jpg 300w, https:\/\/rocketplay-new.com\/wp-content\/uploads\/2024\/02\/american-football-player-professional-stadium-768x384.jpg 768w\" sizes=\"auto, (max-width: 800px) 100vw, 800px\" \/><\/p>\n<h2>TYPES DE PARIS SUR LE FOOTBALL AM\u00c9RICAIN<\/h2>\n<p>Faire attention aux bonus de paris sur le football am\u00e9ricain est recommand\u00e9 pour \u00e9viter de perdre une grosse cagnotte sur votre compte. Vous pouvez conna\u00eetre les conditions exactes imm\u00e9diatement apr\u00e8s l&rsquo;enregistrement d&rsquo;un compte personnel. Lisez attentivement les r\u00e8gles et d\u00e9couvrez plus d&rsquo;informations sur la soci\u00e9t\u00e9 de jeu. Apr\u00e8s cela, vous pouvez commencer \u00e0 gagner activement.<\/p>\n<p>Nous pouvons \u00e9galement vous recommander d&rsquo;obtenir les cadeaux suivants dans le football am\u00e9ricain\u00a0:<\/p>\n<ul>\n<li>augmentation du cashback de chaque perte gr\u00e2ce \u00e0 la souscription au programme VIP\u00a0;<\/li>\n<li>la possibilit\u00e9 d&rsquo;augmenter votre d\u00e9p\u00f4t en prenant un bonus suppl\u00e9mentaire aupr\u00e8s de l&rsquo;administration\u00a0;<\/li>\n<li>la chance d&rsquo;obtenir un pari gratuit et de ne pas perdre de capital en cas de perte.<\/li>\n<\/ul>\n<p>Cela peut vous aider \u00e0 augmenter votre \u00e9pargne et \u00e0 cr\u00e9er un coussin financier s\u00fbr.<\/p>\n<p style=\"text-align: center;\"><span style=\"font-weight: 400;\"><div class=\"go-btn-container\"><div class=\"tosh-btn\"><a href=\"\/go-casino\/\" target=\"_blank\" rel=\"noopener\">JOUEZ MAINTENANT<\/a><\/div><\/div><\/span><\/p>\n<h2>STRAT\u00c9GIES DE PARIS SUR LE FOOTBALL AM\u00c9RICAIN<\/h2>\n<p>Parmi les meilleures strat\u00e9gies et les meilleurs paris en ligne sur le football am\u00e9ricain figurent parmi les plus c\u00e9l\u00e8bres. Il faut suivre attentivement les recommandations des experts pour \u00eatre s\u00fbr de gagner de l&rsquo;argent et de ne pas perdre tout son capital :<\/p>\n<ul>\n<li>essayez de diviser le montant total de votre banque en 20 \u00e0 30 parties et ne misez pas plus de 3 % de votre capital \u00e0 la fois. De cette fa\u00e7on, vous ne perdrez pas tout d&rsquo;un coup, ce qui signifie que vous ma\u00eetriserez progressivement l&rsquo;art du jeu ;<\/li>\n<li>vous devez aborder les paris de mani\u00e8re disciplin\u00e9e, afin qu&rsquo;il n&rsquo;y ait aucun probl\u00e8me lors des tirages. Il ne faut pas tout miser sur l&rsquo;\u00e9motion ou si vous voulez reconqu\u00e9rir car cela vous conduira \u00e0 plus de pertes ;<\/li>\n<li>les joueurs doivent \u00e9tudier attentivement les r\u00e8gles des promotions et des bonus pour \u00e9viter le pi\u00e8ge typique des conditions mal comprises.<\/li>\n<\/ul>\n<p>Utilisez toutes les recommandations et vous pouvez gagner.<\/p>\n<p><img loading=\"lazy\" decoding=\"async\" class=\"aligncenter wp-image-4749\" src=\"https:\/\/rocketplay-new.com\/wp-content\/uploads\/2024\/02\/american-football-american-football-player-professional-sport-stadium.jpg\" alt=\"American Football 2\" width=\"800\" height=\"462\" srcset=\"https:\/\/rocketplay-new.com\/wp-content\/uploads\/2024\/02\/american-football-american-football-player-professional-sport-stadium.jpg 1000w, https:\/\/rocketplay-new.com\/wp-content\/uploads\/2024\/02\/american-football-american-football-player-professional-sport-stadium-300x173.jpg 300w, https:\/\/rocketplay-new.com\/wp-content\/uploads\/2024\/02\/american-football-american-football-player-professional-sport-stadium-768x443.jpg 768w\" sizes=\"auto, (max-width: 800px) 100vw, 800px\" \/><\/p>\n<h2>CONCLUSION<\/h2>\n<p>En r\u00e9sum\u00e9, tout le monde devrait essayer de parier sur le football am\u00e9ricain. Il s&rsquo;agit d&rsquo;une discipline sportive dynamique, que beaucoup de gens appr\u00e9cieront en raison des bonus int\u00e9ressants et de la large ligne de paris. Vous pouvez maintenant essayer tous les avantages sur le site de jeu officiel.<\/p>\n<h2>FAQ<\/h2>\n<p>En plus des conseils de paris sur le football am\u00e9ricain, nous avons compil\u00e9 pour vous les r\u00e9ponses aux questions les plus populaires pour les d\u00e9butants. Lisez les informations utiles et commencez \u00e0 jouer activement pour gagner et gagner beaucoup d&rsquo;argent suppl\u00e9mentaire. Vous pouvez commencer d\u00e8s maintenant sur le site officiel du casino.<\/p>\n<h3>QUELLE EST LA STRAT\u00c9GIE GAGNANTE ?<\/h3>\n<p>Dans la plupart des cas, vous devez vous fier aux cotes des paris sur le football am\u00e9ricain pour \u00e9valuer correctement vos chances de succ\u00e8s. Le plus souvent, les \u00e9quipes sont pr\u00eates \u00e0 montrer un bon r\u00e9sultat, vous devez donc analyser le match \u00e0 venir de mani\u00e8re responsable. Essayez d&rsquo;utiliser plus d&rsquo;opportunit\u00e9s de jeu pour gagner de l&rsquo;argent et d\u00e9velopper votre strat\u00e9gie. Le mode d\u00e9mo peut vous aider s&rsquo;il est actuellement disponible dans le jeu.<\/p>\n<h3>QUELLE EST LA MEILLEURE \u00c9QUIPE SUR LAQUELLE PARIER ?<\/h3>\n<p>La plupart des choix de paris sur le football am\u00e9ricain sont bas\u00e9s sur les analyses des deux \u00e9quipes. \u00c9tudier la confrontation pass\u00e9e entre les organisations et les athl\u00e8tes qui se produiront lors du prochain match est n\u00e9cessaire. Parfois, les joueurs sont pr\u00eats \u00e0 vous offrir un spectacle fantastique, difficile \u00e0 pr\u00e9voir. Sinon, vous pouvez d\u00e9terminer le favori \u00e0 la fois, puis regarder les gains constants.<\/p>\n","protected":false},"excerpt":{"rendered":"<p>Les divertissements populaires aux \u00c9tats-Unis attirent \u00e9galement les amateurs de jeux de hasard. Parier sur le football am\u00e9ricain est une excellente occasion d&rsquo;utiliser rapidement et efficacement diff\u00e9rents r\u00e9sultats pour gagner. Un grand nombre de matchs et une dynamique \u00e9lev\u00e9e permettront m\u00eame \u00e0 un d\u00e9butant de comprendre les r\u00e8gles et de commencer \u00e0 gagner rapidement. Dans&#8230;<\/p>\n","protected":false},"author":1,"featured_media":0,"parent":3697,"menu_order":0,"comment_status":"closed","ping_status":"closed","template":"","meta":{"_acf_changed":false,"_kad_post_transparent":"default","_kad_post_title":"default","_kad_post_layout":"default","_kad_post_sidebar_id":"","_kad_post_content_style":"default","_kad_post_vertical_padding":"default","_kad_post_feature":"","_kad_post_feature_position":"","_kad_post_header":false,"_kad_post_footer":false,"footnotes":""},"class_list":["post-3804","page","type-page","status-publish","hentry"],"acf":[],"rttpg_featured_image_url":null,"rttpg_author":{"display_name":"John","author_link":"https:\/\/rocketplay-new.com\/fr\/author\/pemvas95n89x\/"},"rttpg_comment":0,"rttpg_category":null,"rttpg_excerpt":"Les divertissements populaires aux \u00c9tats-Unis attirent \u00e9galement les amateurs de jeux de hasard. Parier sur le football am\u00e9ricain est une excellente occasion d&rsquo;utiliser rapidement et efficacement diff\u00e9rents r\u00e9sultats pour gagner. Un grand nombre de matchs et une dynamique \u00e9lev\u00e9e permettront m\u00eame \u00e0 un d\u00e9butant de comprendre les r\u00e8gles et de commencer \u00e0 gagner rapidement. Dans...","_links":{"self":[{"href":"https:\/\/rocketplay-new.com\/fr\/wp-json\/wp\/v2\/pages\/3804","targetHints":{"allow":["GET"]}}],"collection":[{"href":"https:\/\/rocketplay-new.com\/fr\/wp-json\/wp\/v2\/pages"}],"about":[{"href":"https:\/\/rocketplay-new.com\/fr\/wp-json\/wp\/v2\/types\/page"}],"author":[{"embeddable":true,"href":"https:\/\/rocketplay-new.com\/fr\/wp-json\/wp\/v2\/users\/1"}],"replies":[{"embeddable":true,"href":"https:\/\/rocketplay-new.com\/fr\/wp-json\/wp\/v2\/comments?post=3804"}],"version-history":[{"count":4,"href":"https:\/\/rocketplay-new.com\/fr\/wp-json\/wp\/v2\/pages\/3804\/revisions"}],"predecessor-version":[{"id":5683,"href":"https:\/\/rocketplay-new.com\/fr\/wp-json\/wp\/v2\/pages\/3804\/revisions\/5683"}],"up":[{"embeddable":true,"href":"https:\/\/rocketplay-new.com\/fr\/wp-json\/wp\/v2\/pages\/3697"}],"wp:attachment":[{"href":"https:\/\/rocketplay-new.com\/fr\/wp-json\/wp\/v2\/media?parent=3804"}],"curies":[{"name":"wp","href":"https:\/\/api.w.org\/{rel}","templated":true}]}}