{"id":3750,"date":"2023-01-13T17:47:51","date_gmt":"2023-01-13T14:47:51","guid":{"rendered":"https:\/\/rocketplay-new.com\/a-beginner-s-guide-to-sport-betting\/hockey\/"},"modified":"2025-04-02T18:01:18","modified_gmt":"2025-04-02T15:01:18","slug":"hockey","status":"publish","type":"page","link":"https:\/\/rocketplay-new.com\/fr\/sport\/hockey\/","title":{"rendered":"Comment parier sur le hockey"},"content":{"rendered":"<p>Choisir les bonnes lignes de paris sur le hockey est le d\u00e9fi le plus difficile pour les d\u00e9butants. Essayez de comprendre les particularit\u00e9s de la discipline sportive et d&rsquo;en tirer la formule parfaite pour r\u00e9ussir. Notre bref aper\u00e7u se concentre sur les strat\u00e9gies, les tactiques et les avantages des paris sur le hockey. Commencez \u00e0 gagner plus d&rsquo;argent en pariant maintenant.<\/p>\n<p style=\"text-align: center;\"><span style=\"font-weight: 400;\"><div class=\"go-btn-container\"><div class=\"tosh-btn\"><a href=\"\/go-casino\/\" target=\"_blank\" rel=\"noopener\">JOUEZ MAINTENANT<\/a><\/div><\/div> <\/span><\/p>\n<h2>PARI SUR LA LIGNE DE PUCK DE HOCKEY<\/h2>\n<p>Dans la plupart des cas, les d\u00e9butants sont int\u00e9ress\u00e9s par les paris gratuits sur le hockey, car c&rsquo;est un excellent moyen de comprendre les bases des paris et de commencer \u00e0 gagner de l&rsquo;argent rapidement. L&rsquo;administration distribue ind\u00e9pendamment ces bonus \u00e0 tous les arrivants sur une page de promotions distincte, il est donc recommand\u00e9 d&rsquo;essayer de trouver une telle offre d\u00e8s maintenant. C&rsquo;est aussi l&rsquo;occasion d&rsquo;essayer de parier et de tester diff\u00e9rentes strat\u00e9gies sans y consacrer votre budget.<\/p>\n<p>Cependant, les options de pari les plus populaires restent :<\/p>\n<ul>\n<li>victoire de l&rsquo;\u00e9quipe. Il faut regarder attentivement les rencontres pr\u00e9c\u00e9dentes des \u00e9quipes et leurs r\u00e9sultats lors des matchs r\u00e9cents. Portez \u00e9galement une attention particuli\u00e8re aux remplacements, qui se produisent souvent et affectent consid\u00e9rablement le r\u00e9sultat final du match\u00a0;<\/li>\n<li>total de palets marqu\u00e9s. Une option de pari populaire pour ceux qui aiment gagner rapidement une bonne somme sur leur compte. Il est plus facile de diviser ces rondelles en trois p\u00e9riodes ; par cons\u00e9quent, vous pouvez gagner jusqu&rsquo;\u00e0 trois fois dans un match. L&rsquo;analyse est assez compliqu\u00e9e, mais elle vous permettra de r\u00e9aliser un excellent profit ;<\/li>\n<li>tirs dangereux au total. La principale caract\u00e9ristique de ce type de pari est que seuls les professionnels essaient de jouer \u00e0 partir de coups de pied dangereux. Un tel match par match peut arriver assez souvent, et pour \u00e9tudier ce probl\u00e8me, il suffit de regarder les statistiques sur les victoires des \u00e9quipes et les joueurs. Une analyse approfondie et l&rsquo;argent est dans votre poche.<\/li>\n<\/ul>\n<p>Vous pouvez trouver votre id\u00e9al si vous utilisez l&rsquo;un des sites de casino que nous avons<\/p>\n<p>d\u00e9crit. Essayez d&rsquo;\u00e9tudier leurs fonctionnalit\u00e9s dans nos revues car nous testons minutieusement chaque ressource de jeu. Gr\u00e2ce \u00e0 cela, vous pouvez obtenir votre exp\u00e9rience, votre argent et la capacit\u00e9 d&rsquo;analyser les futurs matchs.<\/p>\n<p><img loading=\"lazy\" decoding=\"async\" class=\"aligncenter wp-image-4710\" src=\"https:\/\/rocketplay-new.com\/wp-content\/uploads\/2024\/02\/hockey-players.jpg\" alt=\"Hockey betting \" width=\"800\" height=\"400\" srcset=\"https:\/\/rocketplay-new.com\/wp-content\/uploads\/2024\/02\/hockey-players.jpg 1000w, https:\/\/rocketplay-new.com\/wp-content\/uploads\/2024\/02\/hockey-players-300x150.jpg 300w, https:\/\/rocketplay-new.com\/wp-content\/uploads\/2024\/02\/hockey-players-768x384.jpg 768w\" sizes=\"auto, (max-width: 800px) 100vw, 800px\" \/><\/p>\n<h2>PARIS EN DIRECT SUR LE HOCKEY<\/h2>\n<p>Les paris en direct sur le hockey sont \u00e9galement tr\u00e8s populaires car c&rsquo;est une excellente occasion d&rsquo;obtenir un gros lot en connaissant d\u00e9j\u00e0 le r\u00e9sultat du match. Il suffit de commencer \u00e0 jouer et de regarder la diffusion, puis \u00e0 un moment donn\u00e9, placez votre pari. L&rsquo;essentiel est d&rsquo;avoir le plus possible des nerfs d&rsquo;acier car la situation sur le terrain peut changer toutes les quelques minutes. C&rsquo;est aussi difficile que possible, mais vous devez apprendre \u00e0 contr\u00f4ler vos \u00e9motions, et alors vous avez toutes les chances de gagner.<\/p>\n<p style=\"text-align: center;\"><span style=\"font-weight: 400;\"><div class=\"go-btn-container\"><div class=\"tosh-btn\"><a href=\"\/go-casino\/\" target=\"_blank\" rel=\"noopener\">JOUEZ MAINTENANT<\/a><\/div><\/div> <\/span><\/p>\n<h2>TYPES DE PARIS<\/h2>\n<p>Parier sur une victoire est populaire car les conseils de paris en direct sur le hockey sur glace en disposent. La plupart des strat\u00e9gies reposent sur le gagnant car il est plus facile de pr\u00e9dire le r\u00e9sultat final. Nous pouvons vous recommander de suivre une directive simple\u00a0:<\/p>\n<ol>\n<li>Acc\u00e9dez \u00e0 la page principale du site de jeu en ligne et choisissez une correspondance appropri\u00e9e.<\/li>\n<li>Apr\u00e8s cela, faites un pari pour n&rsquo;importe quel montant et regardez le match.<\/li>\n<li>Choisissez plusieurs r\u00e9sultats et analysez ceux qui rapportent le plus d&rsquo;argent.<\/li>\n<\/ol>\n<p>Cette approche vous permet de tester plusieurs directions et de choisir la meilleure. Sinon, il sera plus difficile d&rsquo;obtenir de bons r\u00e9sultats.<\/p>\n<h2>CONDITIONS DE PARIS SUR LE HOCKEY<\/h2>\n<p>Tout d&rsquo;abord, il est recommand\u00e9 d&rsquo;\u00e9tudier les offres de paris gratuits sur le hockey et toutes les fonctionnalit\u00e9s des paris modernes. Les r\u00e8gles et r\u00e8glements du casino sont essentiels car si vous ne les respectez pas, vous pouvez \u00eatre bloqu\u00e9. Vous devez \u00e9galement apprendre les points de danger et comment les points de p\u00e9nalit\u00e9 sont jou\u00e9s.<\/p>\n<p>Tout cela vous aidera \u00e0 vous adapter plus rapidement aux pronostics de paris sur le hockey et \u00e0 commencer \u00e0 profiter de tous les avantages du jeu. Essayez d&rsquo;augmenter vos profits et vous serez satisfait du r\u00e9sultat.<\/p>\n<p><img loading=\"lazy\" decoding=\"async\" class=\"aligncenter wp-image-4729\" src=\"https:\/\/rocketplay-new.com\/wp-content\/uploads\/2024\/02\/professional-hockey-player-skating-ice-isolated-white.jpg\" alt=\"Hockey betting 2\" width=\"800\" height=\"437\" srcset=\"https:\/\/rocketplay-new.com\/wp-content\/uploads\/2024\/02\/professional-hockey-player-skating-ice-isolated-white.jpg 1000w, https:\/\/rocketplay-new.com\/wp-content\/uploads\/2024\/02\/professional-hockey-player-skating-ice-isolated-white-300x164.jpg 300w, https:\/\/rocketplay-new.com\/wp-content\/uploads\/2024\/02\/professional-hockey-player-skating-ice-isolated-white-768x419.jpg 768w\" sizes=\"auto, (max-width: 800px) 100vw, 800px\" \/><\/p>\n<h2>FAQ<\/h2>\n<p>Les d\u00e9butants sont susceptibles de se familiariser rapidement avec les aspects essentiels du jeu. Il est donc recommand\u00e9 de commencer \u00e0 lire les pr\u00e9cieuses informations de nos experts. Nous avons rassembl\u00e9 pour vous les r\u00e9ponses aux questions les plus fr\u00e9quentes.<\/p>\n<h3>EST-IL DIFFICILE D&rsquo;APPRENDRE \u00c0 PARIER SUR LE HOCKEY\u00a0?<\/h3>\n<p>Gr\u00e2ce \u00e0 l&rsquo;ouverture des paris sur le hockey, vous pouvez apprendre \u00e0 gagner d\u00e8s la premi\u00e8re semaine de jeu. Il suffit d&rsquo;essayer quelque chose de nouveau et de s&rsquo;amuser sur le site officiel. Consultez la section bonus et promotions pour obtenir des r\u00e9compenses suppl\u00e9mentaires. Cela vous aidera \u00e0 gagner de l&rsquo;argent r\u00e9el plus rapidement et plus efficacement.<\/p>\n<h3>QUEL EST LE PARI MINIMUM AU HOCKEY\u00a0?<\/h3>\n<p>La limite est g\u00e9n\u00e9ralement fix\u00e9e en fonction du tournoi et de votre solde. Essayez de parier un dollar car c&rsquo;est la taille de pari classique pour un tournoi r\u00e9gulier. Cependant, le casino peut parfois vous permettre de fixer le montant \u00e0 quelques centimes. Cependant, ces petits paris sont \u00e9galement utiles car ils vous permettent de comprendre les paris en ligne sur le hockey de l&rsquo;int\u00e9rieur sans perdre beaucoup de capital.<\/p>\n<h3>QUEL TYPE DE PARI EST LE PLUS RENTABLE ?<\/h3>\n<p>Il est pr\u00e9f\u00e9rable d&rsquo;utiliser diff\u00e9rentes options de pari pendant le match. Certains sont mieux adapt\u00e9s aux matchs r\u00e9guliers, tandis que d&rsquo;autres sont id\u00e9aux lors des diffusions en direct. Essayez d&rsquo;apprendre \u00e0 vous adapter \u00e0 un type de jeu sp\u00e9cifique et \u00e0 faire les paris qui peuvent rapporter le maximum de profit en un temps relativement court. Bien que la meilleure option, selon nos experts, soit de parier sur le nombre de buts marqu\u00e9s dans le match.<\/p>\n","protected":false},"excerpt":{"rendered":"<p>Choisir les bonnes lignes de paris sur le hockey est le d\u00e9fi le plus difficile pour les d\u00e9butants. Essayez de comprendre les particularit\u00e9s de la discipline sportive et d&rsquo;en tirer la formule parfaite pour r\u00e9ussir. Notre bref aper\u00e7u se concentre sur les strat\u00e9gies, les tactiques et les avantages des paris sur le hockey. Commencez \u00e0&#8230;<\/p>\n","protected":false},"author":1,"featured_media":0,"parent":3697,"menu_order":0,"comment_status":"closed","ping_status":"closed","template":"","meta":{"_acf_changed":false,"_kad_post_transparent":"default","_kad_post_title":"default","_kad_post_layout":"default","_kad_post_sidebar_id":"","_kad_post_content_style":"default","_kad_post_vertical_padding":"default","_kad_post_feature":"","_kad_post_feature_position":"","_kad_post_header":false,"_kad_post_footer":false,"footnotes":""},"class_list":["post-3750","page","type-page","status-publish","hentry"],"acf":[],"rttpg_featured_image_url":null,"rttpg_author":{"display_name":"John","author_link":"https:\/\/rocketplay-new.com\/fr\/author\/pemvas95n89x\/"},"rttpg_comment":0,"rttpg_category":null,"rttpg_excerpt":"Choisir les bonnes lignes de paris sur le hockey est le d\u00e9fi le plus difficile pour les d\u00e9butants. Essayez de comprendre les particularit\u00e9s de la discipline sportive et d&rsquo;en tirer la formule parfaite pour r\u00e9ussir. Notre bref aper\u00e7u se concentre sur les strat\u00e9gies, les tactiques et les avantages des paris sur le hockey. Commencez \u00e0...","_links":{"self":[{"href":"https:\/\/rocketplay-new.com\/fr\/wp-json\/wp\/v2\/pages\/3750","targetHints":{"allow":["GET"]}}],"collection":[{"href":"https:\/\/rocketplay-new.com\/fr\/wp-json\/wp\/v2\/pages"}],"about":[{"href":"https:\/\/rocketplay-new.com\/fr\/wp-json\/wp\/v2\/types\/page"}],"author":[{"embeddable":true,"href":"https:\/\/rocketplay-new.com\/fr\/wp-json\/wp\/v2\/users\/1"}],"replies":[{"embeddable":true,"href":"https:\/\/rocketplay-new.com\/fr\/wp-json\/wp\/v2\/comments?post=3750"}],"version-history":[{"count":4,"href":"https:\/\/rocketplay-new.com\/fr\/wp-json\/wp\/v2\/pages\/3750\/revisions"}],"predecessor-version":[{"id":5692,"href":"https:\/\/rocketplay-new.com\/fr\/wp-json\/wp\/v2\/pages\/3750\/revisions\/5692"}],"up":[{"embeddable":true,"href":"https:\/\/rocketplay-new.com\/fr\/wp-json\/wp\/v2\/pages\/3697"}],"wp:attachment":[{"href":"https:\/\/rocketplay-new.com\/fr\/wp-json\/wp\/v2\/media?parent=3750"}],"curies":[{"name":"wp","href":"https:\/\/api.w.org\/{rel}","templated":true}]}}