{"id":3697,"date":"2023-01-13T15:58:26","date_gmt":"2023-01-13T12:58:26","guid":{"rendered":"https:\/\/rocketplay-new.com\/a-beginner-s-guide-to-sport-betting\/"},"modified":"2026-04-01T00:29:24","modified_gmt":"2026-03-31T21:29:24","slug":"sport","status":"publish","type":"page","link":"https:\/\/rocketplay-new.com\/fr\/sport\/","title":{"rendered":"Guide du d\u00e9butant sur les paris sportifs"},"content":{"rendered":"<p>Pour la plupart, les paris sportifs attirent les utilisateurs du monde entier pour gagner quelques centaines de dollars rapidement et de mani\u00e8re amusante. Surtout pour ces utilisateurs, de nombreux casinos ont ouvert la possibilit\u00e9 de parier sur des \u00e9v\u00e9nements sportifs et cybersportifs. En ce moment, nous offrons une opportunit\u00e9 unique de suivre une petite formation et de gagner plusieurs fois plus gr\u00e2ce aux paris.<\/p>\n<h2>UNE BR\u00c8VE INTRODUCTION AU FONCTIONNEMENT DES PARIS<\/h2>\n<p>Les paris sont un moyen de pr\u00e9dire un r\u00e9sultat particulier dans un match et d&rsquo;obtenir une certaine somme d&rsquo;argent pour cela. Moins le r\u00e9sultat est pr\u00e9visible, plus vous pouvez gagner en une seule fois. Ce faisant, vous pariez avec le site de jeux d&rsquo;argent, dont l&rsquo;opinion est en d\u00e9saccord. Essayez de profiter de ces connaissances pour gagner plus d&rsquo;argent.<\/p>\n<p>Dans la plupart des cas, il est conseill\u00e9 aux d\u00e9butants d&rsquo;utiliser l&rsquo;application de paris sportifs sur leur smartphone. C&rsquo;est un moyen mobile pratique d&rsquo;obtenir de l&rsquo;argent, de regarder des \u00e9missions et m\u00eame de retirer des gains sur votre carte. T\u00e9l\u00e9chargez simplement une application distincte de l&rsquo;\u00e9quipe de d\u00e9veloppement ou utilisez la version mobile, que tout le monde peut utiliser.<\/p>\n<p><img loading=\"lazy\" decoding=\"async\" class=\"aligncenter wp-image-4759\" src=\"https:\/\/rocketplay-new.com\/wp-content\/uploads\/2024\/02\/top-view-sports-gambling-money.jpg\" alt=\"sport betting\" width=\"800\" height=\"534\" srcset=\"https:\/\/rocketplay-new.com\/wp-content\/uploads\/2024\/02\/top-view-sports-gambling-money.jpg 1000w, https:\/\/rocketplay-new.com\/wp-content\/uploads\/2024\/02\/top-view-sports-gambling-money-300x200.jpg 300w, https:\/\/rocketplay-new.com\/wp-content\/uploads\/2024\/02\/top-view-sports-gambling-money-768x512.jpg 768w\" sizes=\"auto, (max-width: 800px) 100vw, 800px\" \/><\/p>\n<p>Pour voir l&rsquo;impact des paris, les cotes peuvent \u00eatre compl\u00e8tement diff\u00e9rentes. Par exemple, miser 1 000 $ avec une cote de 1,6 pourrait vous rapporter 600 $ suppl\u00e9mentaires dans votre pot. Cela sonne bien et n&rsquo;est pas difficile car cela signifie le leadership clair d&rsquo;une \u00e9quipe. Une autre chose est que le match peut ne pas se d\u00e9rouler comme pr\u00e9vu. C&rsquo;est pr\u00e9cis\u00e9ment ce qu&rsquo;il faut pr\u00e9voir pour se faire une bonne id\u00e9e du jeu.<\/p>\n<h2>GUIDE DES PARIS SPORTIFS, GLOSSAIRE, TERMES<\/h2>\n<p>Dans la plupart des cas, les meilleurs paris sportifs peuvent profiter des utilisateurs qui ont suivi la proc\u00e9dure d&rsquo;inscription sur le site de jeu. Essayez de cr\u00e9er un compte personnel\u00a0:<\/p>\n<ol>\n<li>Inscrivez-vous sur le site, qui est r\u00e9pertori\u00e9 dans nos critiques. De cette fa\u00e7on, vous ne tomberez pas dans le pi\u00e8ge des fraudeurs et pourrez gagner une grosse somme sans probl\u00e8me. Sp\u00e9cifiez uniquement des donn\u00e9es personnelles r\u00e9elles afin qu&rsquo;il n&rsquo;y ait aucun probl\u00e8me pour retirer de l&rsquo;argent sur votre compte \u00e0 l&rsquo;avenir.<\/li>\n<li>Apr\u00e8s cela, utilisez l&rsquo;un des syst\u00e8mes de paiement sugg\u00e9r\u00e9s pour d\u00e9poser et d\u00e9poser l&rsquo;argent sur votre compte. Assurez-vous d&rsquo;utiliser le syst\u00e8me que vous pr\u00e9voyez d&rsquo;utiliser pour le retrait. Dans ce cas, vous n&rsquo;aurez aucun probl\u00e8me \u00e0 mettre l&rsquo;argent sur votre compte.<\/li>\n<li>Choisissez un match en fonction de votre budget, de vos tournois pr\u00e9f\u00e9r\u00e9s, de la quantit\u00e9 d&rsquo;informations \u00e0 analyser et de plusieurs autres facteurs. Il vaut mieux miser un peu et gagner que tout miser et perdre le pot.<\/li>\n<\/ol>\n<p>Assurez-vous de v\u00e9rifier votre compte. Cela aidera l&rsquo;administration \u00e0 confirmer votre droit de poss\u00e9der un compte, votre \u00e2ge de majorit\u00e9 et votre capacit\u00e9 \u00e0 jouer au jeu. Vous pourrez \u00e9galement obtenir une augmentation des limites de mise maximales et ne pas faire face \u00e0 des probl\u00e8mes de retrait. La proc\u00e9dure implique le transfert de documents personnels, mais toutes les donn\u00e9es sont crypt\u00e9es et ne sont pas divulgu\u00e9es \u00e0 des tiers.<\/p>\n<p>Dans les paris sportifs de haut niveau, vous devez \u00e9galement \u00eatre conscient de concepts tels que les cotes, le coupon et le total. Par exemple, le total est le nombre de points marqu\u00e9s dans le jeu. Un total de plus de 26,5 signifie que vous gagnerez si une \u00e9quipe obtient 27 points. Dans le m\u00eame temps, 26 points ou moins signifient que vous perdez. Tout cela n&rsquo;est pas trop compliqu\u00e9, vous pourrez donc comprendre les m\u00e9canismes du jeu.<\/p>\n<p style=\"text-align: center;\"><span style=\"font-weight: 400;\"><div class=\"go-btn-container\"><div class=\"tosh-btn\"><a href=\"\/go-casino\/\" target=\"_blank\" rel=\"noopener\">JOUEZ MAINTENANT<\/a><\/div><\/div> <\/span><\/p>\n<h2>COMP\u00c9TENCES DE BASE SUR LES PARIS<\/h2>\n<p>Lorsque vous cr\u00e9ez des pronostics de paris sportifs, vous devez r\u00e9aliser que certaines de vos qualit\u00e9s peuvent vous aider \u00e0 gagner. Ceux-ci incluent un \u00e9tat d&rsquo;esprit analytique, o\u00f9 vous analysez diff\u00e9rents facteurs et traitez de grandes quantit\u00e9s d&rsquo;informations. Il faut \u00eatre attentif et suivre les changements sur le terrain. Inclure diverses informations sur Internet peut \u00eatre une raison de modifier le pari avant le match.<\/p>\n<p>Mais en plus de cela, vous devez avoir un certain niveau de diligence et de patience. La discipline est la base pour gagner constamment et obtenir un profit sur votre compte. Si vous avez choisi une strat\u00e9gie sp\u00e9cifique, vous devez la suivre jusqu&rsquo;au bout. Vous devez traiter votre jeu de mani\u00e8re responsable et tirer le meilleur parti de vos finances. Essayez-le, et vous serez s\u00fbr de trouver le succ\u00e8s.<\/p>\n<p><img loading=\"lazy\" decoding=\"async\" class=\"aligncenter wp-image-4768\" src=\"https:\/\/rocketplay-new.com\/wp-content\/uploads\/2024\/02\/young-hispanic-man-supporting-soccer-match-using-smartphone-sitting-by-christmas-decor-home.jpg\" alt=\"sport betting 2\" width=\"800\" height=\"534\" srcset=\"https:\/\/rocketplay-new.com\/wp-content\/uploads\/2024\/02\/young-hispanic-man-supporting-soccer-match-using-smartphone-sitting-by-christmas-decor-home.jpg 1000w, https:\/\/rocketplay-new.com\/wp-content\/uploads\/2024\/02\/young-hispanic-man-supporting-soccer-match-using-smartphone-sitting-by-christmas-decor-home-300x200.jpg 300w, https:\/\/rocketplay-new.com\/wp-content\/uploads\/2024\/02\/young-hispanic-man-supporting-soccer-match-using-smartphone-sitting-by-christmas-decor-home-768x512.jpg 768w\" sizes=\"auto, (max-width: 800px) 100vw, 800px\" \/><\/p>\n<h2>STRAT\u00c9GIES DE PARIS SPORTIFS<\/h2>\n<p>Il existe des conseils de paris sportifs d&rsquo;experts, qui sont garantis pour vous aider \u00e0 gagner et \u00e0 gagner de l&rsquo;argent :<\/p>\n<ul>\n<li>divisez votre budget en plusieurs parties afin de ne pas perdre tout votre argent d&rsquo;un coup;<\/li>\n<li>faites attention aux bonus de la soci\u00e9t\u00e9 de jeu, qui peuvent vous rapporter un revenu important et vous remonter le moral;<\/li>\n<li>il vaut la peine de contacter le support technique si vous ne comprenez pas quelque chose. Il vaut mieux attendre une r\u00e9ponse d&rsquo;un sp\u00e9cialiste que d&rsquo;avoir un compte bloqu\u00e9 plus tard.<\/li>\n<\/ul>\n<p>Essayez de d\u00e9velopper votre strat\u00e9gie et vos tactiques en vous basant sur l&rsquo;exp\u00e9rience et l&rsquo;analyse. Cela vous aidera \u00e0 comprendre la discipline sportive dans une large mesure et \u00e0 gagner plusieurs fois plus. Essayez-le et vous serez satisfait de vos r\u00e9sultats \u00e9tonnants.<\/p>\n<p style=\"text-align: center;\"><span style=\"font-weight: 400;\"><div class=\"go-btn-container\"><div class=\"tosh-btn\"><a href=\"\/go-casino\/\" target=\"_blank\" rel=\"noopener\">JOUEZ MAINTENANT<\/a><\/div><\/div> <\/span><\/p>\n<h2>FAQ<\/h2>\n<p>Pour nos lecteurs, nous avons compil\u00e9 une petite liste de questions populaires des d\u00e9butants, dont les r\u00e9ponses ne sont pas faciles \u00e0 trouver. Veuillez lire les informations utiles et profiter de toutes les opportunit\u00e9s pour gagner une grosse somme.<\/p>\n<h3>COMMENT CHOISIR LA MEILLEURE STRAT\u00c9GIE POUR PARIER SUR LE SPORT ?<\/h3>\n<p>Vous devez d&rsquo;abord trouver un site de paris sportifs adapt\u00e9 qui r\u00e9pondra \u00e0 toutes les normes de qualit\u00e9 modernes. Parmi nos critiques, de tels casinos se trouvent tout le temps, nous vous recommandons donc de lire attentivement la section avec des conseils d&rsquo;experts. Essayez de trouver le parfait \u00e9quilibre entre le montant d&rsquo;un pari et les cotes. Cela vous permettra de perdre moins et de gagner plus.<\/p>\n<h3>QUEL \u00c2GE PUIS-JE PARIER\u00a0?<\/h3>\n<p>Les sites de jeu ne peuvent \u00eatre utilis\u00e9s que par des utilisateurs adultes \u00e2g\u00e9s de plus de 18 ans. Ce seuil d&rsquo;entr\u00e9e minimum peut varier en fonction de votre pays ou de votre \u00e9tat. Nous vous recommandons d&rsquo;\u00e9tudier en d\u00e9tail les statistiques de votre r\u00e9gion et de d\u00e9couvrir les d\u00e9tails afin de ne pas faire face \u00e0 un blocage soudain de votre compte \u00e0 l&rsquo;avenir.<\/p>\n<h3>QUELLE EST LA COMP\u00c9TENCE LA PLUS N\u00c9CESSAIRE DANS LES PARIS\u00a0?<\/h3>\n<p>Les paris sportifs australiens n\u00e9cessitent beaucoup de temps et la capacit\u00e9 d&rsquo;analyser de vastes donn\u00e9es. Cela vous permettra de pr\u00e9dire le r\u00e9sultat de matchs sp\u00e9cifiques et de d\u00e9terminer le vainqueur \u00e0 l&rsquo;avance. Profitez-en pour utiliser diff\u00e9rents bonus et lisez toutes les informations utiles. Cela vous aidera \u00e0 gagner une grosse somme d&rsquo;argent plus rapidement.<\/p>\n","protected":false},"excerpt":{"rendered":"<p>Pour la plupart, les paris sportifs attirent les utilisateurs du monde entier pour gagner quelques centaines de dollars rapidement et de mani\u00e8re amusante. Surtout pour ces utilisateurs, de nombreux casinos ont ouvert la possibilit\u00e9 de parier sur des \u00e9v\u00e9nements sportifs et cybersportifs. En ce moment, nous offrons une opportunit\u00e9 unique de suivre une petite formation&#8230;<\/p>\n","protected":false},"author":1,"featured_media":0,"parent":0,"menu_order":0,"comment_status":"closed","ping_status":"closed","template":"single-no-sidebar.php","meta":{"_acf_changed":false,"_kad_post_transparent":"default","_kad_post_title":"default","_kad_post_layout":"default","_kad_post_sidebar_id":"","_kad_post_content_style":"default","_kad_post_vertical_padding":"default","_kad_post_feature":"","_kad_post_feature_position":"","_kad_post_header":false,"_kad_post_footer":false,"footnotes":""},"class_list":["post-3697","page","type-page","status-publish","hentry"],"acf":[],"rttpg_featured_image_url":null,"rttpg_author":{"display_name":"John","author_link":"https:\/\/rocketplay-new.com\/fr\/author\/pemvas95n89x\/"},"rttpg_comment":0,"rttpg_category":null,"rttpg_excerpt":"Pour la plupart, les paris sportifs attirent les utilisateurs du monde entier pour gagner quelques centaines de dollars rapidement et de mani\u00e8re amusante. Surtout pour ces utilisateurs, de nombreux casinos ont ouvert la possibilit\u00e9 de parier sur des \u00e9v\u00e9nements sportifs et cybersportifs. En ce moment, nous offrons une opportunit\u00e9 unique de suivre une petite formation...","_links":{"self":[{"href":"https:\/\/rocketplay-new.com\/fr\/wp-json\/wp\/v2\/pages\/3697","targetHints":{"allow":["GET"]}}],"collection":[{"href":"https:\/\/rocketplay-new.com\/fr\/wp-json\/wp\/v2\/pages"}],"about":[{"href":"https:\/\/rocketplay-new.com\/fr\/wp-json\/wp\/v2\/types\/page"}],"author":[{"embeddable":true,"href":"https:\/\/rocketplay-new.com\/fr\/wp-json\/wp\/v2\/users\/1"}],"replies":[{"embeddable":true,"href":"https:\/\/rocketplay-new.com\/fr\/wp-json\/wp\/v2\/comments?post=3697"}],"version-history":[{"count":4,"href":"https:\/\/rocketplay-new.com\/fr\/wp-json\/wp\/v2\/pages\/3697\/revisions"}],"predecessor-version":[{"id":5646,"href":"https:\/\/rocketplay-new.com\/fr\/wp-json\/wp\/v2\/pages\/3697\/revisions\/5646"}],"wp:attachment":[{"href":"https:\/\/rocketplay-new.com\/fr\/wp-json\/wp\/v2\/media?parent=3697"}],"curies":[{"name":"wp","href":"https:\/\/api.w.org\/{rel}","templated":true}]}}