{"id":3643,"date":"2023-01-12T23:55:15","date_gmt":"2023-01-12T20:55:15","guid":{"rendered":"https:\/\/rocketplay-new.com\/live-dealer\/roulette\/"},"modified":"2025-11-25T23:17:45","modified_gmt":"2025-11-25T20:17:45","slug":"roulette","status":"publish","type":"page","link":"https:\/\/rocketplay-new.com\/fr\/live-dealer\/roulette\/","title":{"rendered":"Roulette en direct chez Rocket Play Review"},"content":{"rendered":"<p>L&rsquo;avantage essentiel de Live Dealer Roulette est la capacit\u00e9 d&rsquo;apprendre \u00e0 jouer cool et de commencer \u00e0 gagner de l&rsquo;argent rapidement. Dans la plupart des cas, jouer avec un croupier en direct est amusant et int\u00e9ressant. Les joueurs aiment s&rsquo;amuser et poser des questions auxquelles le personnel est pr\u00eat \u00e0 r\u00e9pondre. Essayez de vous lancer, et vous \u00eates assur\u00e9 d&rsquo;en profiter.<\/p>\n<p><span style=\"font-weight: 400;\">\u00a0<div class=\"go-btn-container\"><div class=\"tosh-btn\"><a href=\"\/go-casino\/\" target=\"_blank\" rel=\"noopener\">JOUEZ MAINTENANT<\/a><\/div><\/div> <\/span><\/p>\n<h2>COMMENT JOUER \u00c0 LA ROULETTE EN LIGNE EN DIRECT<\/h2>\n<p>Pour d\u00e9marrer une Live Dealer Roulette les casinos en ligne peuvent s&rsquo;amuser apr\u00e8s avoir cr\u00e9\u00e9 un compte personnel :<\/p>\n<ol>\n<li>Remplissez les informations personnelles lors de la cr\u00e9ation d&rsquo;un profil sur la page principale. N&rsquo;oubliez pas que les donn\u00e9es saisies peuvent \u00eatre utilis\u00e9es ult\u00e9rieurement pour la proc\u00e9dure de v\u00e9rification du compte.<\/li>\n<li>Apr\u00e8s cela, d\u00e9posez de la mani\u00e8re qui vous convient. Vous pouvez utiliser des syst\u00e8mes de paiement classiques ou bancaires et des crypto-monnaies pour augmenter votre solde rapidement.<\/li>\n<li>Acc\u00e9dez au catalogue de jeux et choisissez les options en direct. Asseyez-vous \u00e0 table et pr\u00e9parez-vous \u00e0 la magie de gagner.<\/li>\n<\/ol>\n<p>Vous devez passer par la proc\u00e9dure suppl\u00e9mentaire de v\u00e9rification de votre compte. Cela vous aidera \u00e0 augmenter vos limites de paris maximales et \u00e0 utiliser les d\u00e9p\u00f4ts et les retraits de votre compte sans aucun probl\u00e8me. Essayez de profiter de tous les avantages des jeux en ligne.<\/p>\n<p><img loading=\"lazy\" decoding=\"async\" class=\"aligncenter wp-image-4836\" src=\"https:\/\/rocketplay-new.com\/wp-content\/uploads\/2024\/02\/6666.png\" alt=\"Roulette live dealer Rocket Play\" width=\"800\" height=\"455\" srcset=\"https:\/\/rocketplay-new.com\/wp-content\/uploads\/2024\/02\/6666.png 1442w, https:\/\/rocketplay-new.com\/wp-content\/uploads\/2024\/02\/6666-300x171.png 300w, https:\/\/rocketplay-new.com\/wp-content\/uploads\/2024\/02\/6666-1024x583.png 1024w, https:\/\/rocketplay-new.com\/wp-content\/uploads\/2024\/02\/6666-768x437.png 768w\" sizes=\"auto, (max-width: 800px) 100vw, 800px\" \/><\/p>\n<h2>VARIANTES DE LA ROULETTE EN DIRECT<\/h2>\n<p>La premi\u00e8re chose \u00e0 faire pour jouer \u00e0 la roulette en ligne Live Dealer est de jouer \u00e0 la version classique sans r\u00e8gles suppl\u00e9mentaires. Cela vous aidera \u00e0 comprendre le jeu et \u00e0 faire les premiers paris. Apr\u00e8s cela, vous pouvez passer \u00e0 des variations plus complexes et \u00e0 des combinaisons passionnantes. Essayez les diff\u00e9rentes variantes sur la page de recherche principale.<\/p>\n<p><span style=\"font-weight: 400;\">\u00a0<div class=\"go-btn-container\"><div class=\"tosh-btn\"><a href=\"\/go-casino\/\" target=\"_blank\" rel=\"noopener\">JOUEZ MAINTENANT<\/a><\/div><\/div> <\/span><\/p>\n<h2>COMMENT LIVE DEALER ROULETTE SE COMPARE AUX AUTRES JEUX<\/h2>\n<p>Pour la plupart, Live Dealer Roulette Australia est une occasion unique de s&rsquo;amuser pour chaque gain. Non seulement vous gagnez et augmentez votre solde, mais vous pouvez \u00e9galement vous vanter de vos gains aupr\u00e8s des autres utilisateurs. Tout le monde dans la session active du jeu voit vos r\u00e9alisations, ce qui signifie que c&rsquo;est beaucoup plus amusant et int\u00e9ressant \u00e0 jouer.<\/p>\n<h2>TYPES DE PARIS EN LIGNE SUR LA ROULETTE AVEC CONCESSIONNAIRE EN DIRECT<\/h2>\n<p>Le plus souvent, les utilisateurs s&rsquo;arr\u00eatent aux paris r\u00e9guliers. Mais les experts peuvent donner des conseils sur la roulette avec croupier en direct\u00a0:<\/p>\n<ul>\n<li>essayez de diviser le solde et n&rsquo;utilisez pas plus d&rsquo;un centi\u00e8me du capital \u00e0 la fois;<\/li>\n<li>travaillez avec vos \u00e9motions et essayez de ne faire que les paris dont vous avez besoin en ce moment\u00a0;<\/li>\n<li>utilisez le mode d\u00e9mo et essayez diff\u00e9rentes strat\u00e9gies.<\/li>\n<\/ul>\n<p>Tout cela vous aidera \u00e0 am\u00e9liorer vos r\u00e9sultats pendant le jeu et \u00e0 passer un bon moment. Essayez-le maintenant et vous \u00eates assur\u00e9 de gagner \u00e0 la fin.<\/p>\n<p><img loading=\"lazy\" decoding=\"async\" class=\"aligncenter wp-image-4846\" src=\"https:\/\/rocketplay-new.com\/wp-content\/uploads\/2024\/02\/2223232-1.png\" alt=\"Roulette live dealer Rocket Play 2\" width=\"800\" height=\"448\" srcset=\"https:\/\/rocketplay-new.com\/wp-content\/uploads\/2024\/02\/2223232-1.png 1183w, https:\/\/rocketplay-new.com\/wp-content\/uploads\/2024\/02\/2223232-1-300x168.png 300w, https:\/\/rocketplay-new.com\/wp-content\/uploads\/2024\/02\/2223232-1-1024x573.png 1024w, https:\/\/rocketplay-new.com\/wp-content\/uploads\/2024\/02\/2223232-1-768x430.png 768w\" sizes=\"auto, (max-width: 800px) 100vw, 800px\" \/><\/p>\n<h2>FAQ<\/h2>\n<p>Sp\u00e9cialement pour nos utilisateurs, nous avons rassembl\u00e9 une petite base d&rsquo;informations utiles. Regardez les r\u00e9ponses aux questions populaires des d\u00e9butants afin de ne pas commettre d&rsquo;erreurs classiques et de gagner rapidement le maximum.<\/p>\n<h3>QUELS SONT LES AVANTAGES DE JOUER AVEC UN LIVE DEALER ?<\/h3>\n<p>Le principal avantage de Live Dealer Roulette est la possibilit\u00e9 de s&rsquo;y habituer rapidement et de commencer \u00e0 gagner de l&rsquo;argent r\u00e9el. M\u00eame un d\u00e9butant peut commencer \u00e0 travailler sur les bonnes combinaisons de ses actions \u00e0 l&rsquo;aide de r\u00e8gles simples et d&rsquo;une formation avec le croupier. Le premier pari est souvent facile \u00e0 faire, mais celui qui vous permettra de gagner un million est difficile.<\/p>\n<h3>EST-CE QUE \u00c7A VAUT LA PEINE DE COMMENCER A JOUER AVEC UN BUDGET MINIMUM ?<\/h3>\n<p>Oui, m\u00eame avec un peu d&rsquo;argent, vous pouvez gagner rapidement. Tout cela gr\u00e2ce \u00e0 la possibilit\u00e9 de doubler n&rsquo;importe quel pari, ce qui entra\u00eene une croissance rapide du capital. Vous pourrez \u00e9galement choisir une strat\u00e9gie qui vous convient et obtenir plus d&rsquo;argent rapidement.<\/p>\n<h3>PUIS-JE UTILISER DES TACTIQUES INHABITUELLES\u00a0?<\/h3>\n<p>Tout joueur peut utiliser des strat\u00e9gies uniques dans Live Dealer Roulette en ligne pour gagner plus d&rsquo;argent. En m\u00eame temps, ils ne doivent pas \u00eatre bas\u00e9s sur la triche, alors jouez prudemment et correctement. Vous pouvez d\u00e9velopper des tactiques personnelles dans un mode d\u00e9mo sp\u00e9cial sans croupier, ce qui vous permettra d&rsquo;apprendre et, \u00e0 l&rsquo;avenir, de gagner.<\/p>\n","protected":false},"excerpt":{"rendered":"<p>L&rsquo;avantage essentiel de Live Dealer Roulette est la capacit\u00e9 d&rsquo;apprendre \u00e0 jouer cool et de commencer \u00e0 gagner de l&rsquo;argent rapidement. Dans la plupart des cas, jouer avec un croupier en direct est amusant et int\u00e9ressant. Les joueurs aiment s&rsquo;amuser et poser des questions auxquelles le personnel est pr\u00eat \u00e0 r\u00e9pondre. Essayez de vous lancer,&#8230;<\/p>\n","protected":false},"author":1,"featured_media":0,"parent":3427,"menu_order":0,"comment_status":"closed","ping_status":"closed","template":"","meta":{"_acf_changed":false,"_kad_post_transparent":"default","_kad_post_title":"default","_kad_post_layout":"default","_kad_post_sidebar_id":"","_kad_post_content_style":"default","_kad_post_vertical_padding":"default","_kad_post_feature":"","_kad_post_feature_position":"","_kad_post_header":false,"_kad_post_footer":false,"footnotes":""},"class_list":["post-3643","page","type-page","status-publish","hentry"],"acf":[],"rttpg_featured_image_url":null,"rttpg_author":{"display_name":"John","author_link":"https:\/\/rocketplay-new.com\/fr\/author\/pemvas95n89x\/"},"rttpg_comment":0,"rttpg_category":null,"rttpg_excerpt":"L&rsquo;avantage essentiel de Live Dealer Roulette est la capacit\u00e9 d&rsquo;apprendre \u00e0 jouer cool et de commencer \u00e0 gagner de l&rsquo;argent rapidement. Dans la plupart des cas, jouer avec un croupier en direct est amusant et int\u00e9ressant. Les joueurs aiment s&rsquo;amuser et poser des questions auxquelles le personnel est pr\u00eat \u00e0 r\u00e9pondre. Essayez de vous lancer,...","_links":{"self":[{"href":"https:\/\/rocketplay-new.com\/fr\/wp-json\/wp\/v2\/pages\/3643","targetHints":{"allow":["GET"]}}],"collection":[{"href":"https:\/\/rocketplay-new.com\/fr\/wp-json\/wp\/v2\/pages"}],"about":[{"href":"https:\/\/rocketplay-new.com\/fr\/wp-json\/wp\/v2\/types\/page"}],"author":[{"embeddable":true,"href":"https:\/\/rocketplay-new.com\/fr\/wp-json\/wp\/v2\/users\/1"}],"replies":[{"embeddable":true,"href":"https:\/\/rocketplay-new.com\/fr\/wp-json\/wp\/v2\/comments?post=3643"}],"version-history":[{"count":4,"href":"https:\/\/rocketplay-new.com\/fr\/wp-json\/wp\/v2\/pages\/3643\/revisions"}],"predecessor-version":[{"id":5816,"href":"https:\/\/rocketplay-new.com\/fr\/wp-json\/wp\/v2\/pages\/3643\/revisions\/5816"}],"up":[{"embeddable":true,"href":"https:\/\/rocketplay-new.com\/fr\/wp-json\/wp\/v2\/pages\/3427"}],"wp:attachment":[{"href":"https:\/\/rocketplay-new.com\/fr\/wp-json\/wp\/v2\/media?parent=3643"}],"curies":[{"name":"wp","href":"https:\/\/api.w.org\/{rel}","templated":true}]}}