{"id":3590,"date":"2023-01-12T22:24:23","date_gmt":"2023-01-12T19:24:23","guid":{"rendered":"https:\/\/rocketplay-new.com\/live-dealer\/baccarat\/"},"modified":"2025-04-02T22:08:24","modified_gmt":"2025-04-02T19:08:24","slug":"baccarat","status":"publish","type":"page","link":"https:\/\/rocketplay-new.com\/fr\/live-dealer\/baccarat\/","title":{"rendered":"Examen du baccarat avec croupier en direct \u00e0 Rocket Play"},"content":{"rendered":"<p>Chaque joueur peut s&rsquo;essayer au Live Dealer Baccarat parce que c&rsquo;est amusant et rentable. Gr\u00e2ce \u00e0 l&rsquo;\u00e9quilibre parfaitement construit, vous pouvez essayer toutes les tactiques sans d\u00e9penser beaucoup d&rsquo;argent. Essayez le jeu et vous serez satisfait des comp\u00e9tences et de l&rsquo;argent que vous avez gagn\u00e9s.<\/p>\n<p><span style=\"font-weight: 400;\"><div class=\"go-btn-container\"><div class=\"tosh-btn\"><a href=\"\/go-casino\/\" target=\"_blank\" rel=\"noopener\">JOUEZ MAINTENANT<\/a><\/div><\/div>\u00a0<\/span><\/p>\n<h2>GUIDE DE JEU DE BACCARAT AVEC CONCESSIONNAIRE EN DIRECT<\/h2>\n<p>L&rsquo;un des avantages significatifs du Baccarat Live Dealer en ligne est que m\u00eame un d\u00e9butant peut essayer de jouer et de gagner. M\u00eame un petit budget vous permettra d&rsquo;am\u00e9liorer vos comp\u00e9tences et d&rsquo;essayer diff\u00e9rentes strat\u00e9gies qui peuvent ne pas \u00eatre disponibles dans d&rsquo;autres jeux. Vous pourrez \u00e9galement utiliser les tactiques modernes d&rsquo;autres utilisateurs pour am\u00e9liorer vos r\u00e9sultats.<\/p>\n<p><img loading=\"lazy\" decoding=\"async\" class=\"aligncenter wp-image-4894\" src=\"https:\/\/rocketplay-new.com\/wp-content\/uploads\/2024\/02\/7777.png\" alt=\"Live Dealer Baccarat Rocket Play\" width=\"800\" height=\"451\" srcset=\"https:\/\/rocketplay-new.com\/wp-content\/uploads\/2024\/02\/7777.png 1443w, https:\/\/rocketplay-new.com\/wp-content\/uploads\/2024\/02\/7777-300x169.png 300w, https:\/\/rocketplay-new.com\/wp-content\/uploads\/2024\/02\/7777-1024x577.png 1024w, https:\/\/rocketplay-new.com\/wp-content\/uploads\/2024\/02\/7777-768x433.png 768w\" sizes=\"auto, (max-width: 800px) 100vw, 800px\" \/><\/p>\n<p>Le d\u00e9but de partie ressemble le plus souvent \u00e0 ceci :<\/p>\n<ol>\n<li>Vous allez sur le site officiel du casino et compl\u00e9tez l&rsquo;inscription, en sp\u00e9cifiant les donn\u00e9es personnelles pour une v\u00e9rification plus approfondie.<\/li>\n<li>Ensuite, vous rechargez facilement votre compte et acc\u00e9dez au catalogue de divertissement. Choisissez la table avec soin car elles diff\u00e8rent non seulement par le croupier mais aussi par les limites de mise et le nombre maximum d&rsquo;utilisateurs.<\/li>\n<li>Placez un pari sur un r\u00e9sultat particulier et obtenez-en pour votre argent. Faites attention aux cartes dont vous tombez car le prix final en d\u00e9pend.<\/li>\n<\/ol>\n<p>N&rsquo;oubliez pas de v\u00e9rifier votre identit\u00e9 afin qu&rsquo;il n&rsquo;y ait aucun probl\u00e8me avec le retrait ou le d\u00e9p\u00f4t \u00e0 l&rsquo;avenir.<\/p>\n<p><span style=\"font-weight: 400;\"><div class=\"go-btn-container\"><div class=\"tosh-btn\"><a href=\"\/go-casino\/\" target=\"_blank\" rel=\"noopener\">JOUEZ MAINTENANT<\/a><\/div><\/div>\u00a0<\/span><\/p>\n<h2>LES DIFF\u00c9RENTES VARIANTES LIVE DEALER BACCARAT<\/h2>\n<p>Sur le site officiel, le casino en ligne Live Dealer Baccarat Australie est pr\u00e9sent\u00e9 en plusieurs variantes afin que vous puissiez choisir la plus adapt\u00e9e. Essayez de combiner un gameplay fascinant et un \u00e9quilibre en termes de cartes qui tombent. Cela vous permettra de d\u00e9marrer votre jeu plus efficacement et de gagner plus d&rsquo;argent.<\/p>\n<p>Vous pouvez \u00e9galement essayer des variantes inhabituelles du baccara pour am\u00e9liorer vos r\u00e9sultats. Ceux-ci incluent ceux qui ont un jeu minimum de cartes ou qui multiplient les gains. Vous pouvez \u00e9galement utiliser des bonus pour am\u00e9liorer vos scores lors des gains.<\/p>\n<h2>CONSEILS POUR JOUER AU BACCARAT EN DIRECT<\/h2>\n<p>Il existe quelques recommandations essentielles pour le meilleur Baccarat en ligne avec croupier en direct que vous appr\u00e9cierez\u00a0:<\/p>\n<ul>\n<li>surveillez vos \u00e9motions et ne faites pas de paris risqu\u00e9s ;<\/li>\n<li>faites plus attention \u00e0 votre capital pour ne pas perdre tout l&rsquo;argent ;<\/li>\n<li>suivre la strat\u00e9gie choisie pour ne pas \u00eatre perdant.<\/li>\n<\/ul>\n<p>Vous devez traiter votre argent de la mani\u00e8re la plus responsable possible et le g\u00e9rer efficacement. Ce n&rsquo;est que dans ce cas que vous pourrez obtenir des r\u00e9sultats impressionnants dans les plus brefs d\u00e9lais et remporter vos gains. N&rsquo;oubliez pas le mode d\u00e9mo, garantie de vous plaire.<\/p>\n<p><img loading=\"lazy\" decoding=\"async\" class=\"aligncenter wp-image-4903\" src=\"https:\/\/rocketplay-new.com\/wp-content\/uploads\/2024\/02\/77777777777777.png\" alt=\"Live Dealer Baccarat Rocket Play 2\" width=\"800\" height=\"456\" srcset=\"https:\/\/rocketplay-new.com\/wp-content\/uploads\/2024\/02\/77777777777777.png 1193w, https:\/\/rocketplay-new.com\/wp-content\/uploads\/2024\/02\/77777777777777-300x171.png 300w, https:\/\/rocketplay-new.com\/wp-content\/uploads\/2024\/02\/77777777777777-1024x584.png 1024w, https:\/\/rocketplay-new.com\/wp-content\/uploads\/2024\/02\/77777777777777-768x438.png 768w\" sizes=\"auto, (max-width: 800px) 100vw, 800px\" \/><\/p>\n<h2>FAQ<\/h2>\n<p>Ici, nos meilleurs experts ont compil\u00e9 une petite base de donn\u00e9es pour aider les nouveaux arrivants \u00e0 se familiariser avec tous les aspects passionnants du jeu. Essayez de lire les r\u00e9ponses aux questions populaires pour commencer \u00e0 jouer efficacement.<\/p>\n<h3>QUELS SONT LES AVANTAGES DE JOUER AVEC UN CONCESSIONNAIRE EN DIRECT AU BACCARAT\u00a0?<\/h3>\n<p>L&rsquo;avantage essentiel du Live Dealer Baccarat est la nouveaut\u00e9 constante et la capacit\u00e9 de communiquer avec le croupier. Il existe \u00e9galement une salle de chat en direct o\u00f9 les utilisateurs peuvent poser des questions ou \u00e9changer des impressions. C&rsquo;est un excellent moyen de passer un bon moment et de profiter du jeu.<\/p>\n<h3>EST-CE QUE \u00c7A VAUT LA PEINE DE COMMENCER A JOUER AVEC UN BUDGET MINIMUM ?<\/h3>\n<p>M\u00eame avec un peu d&rsquo;argent, les d\u00e9butants peuvent augmenter leur capital et apprendre rapidement \u00e0 placer correctement les combinaisons de cartes. Il suffit de comprendre les m\u00e9canismes de base et d&rsquo;essayer de nouvelles tactiques de vos propres mains. Gr\u00e2ce \u00e0 cela, rien ne vous emp\u00eachera d&rsquo;atteindre les objectifs.<\/p>\n<h3>QUELLES TACTIQUES PEUVENT \u00caTRE UTILIS\u00c9ES\u00a0?<\/h3>\n<p>Toutes les strat\u00e9gies possibles sont disponibles dans le jeu qui ne viole pas les r\u00e8gles. C&rsquo;est pourquoi il est recommand\u00e9 de lire attentivement toute la section des violations et r\u00e9glementations uniques que le casino donne. Dans ce cas, vous n&rsquo;aurez aucun probl\u00e8me \u00e0 suivre toutes les r\u00e8gles et vous pourrez d\u00e9velopper vos tactiques jusqu&rsquo;\u00e0 la limite.<\/p>\n","protected":false},"excerpt":{"rendered":"<p>Chaque joueur peut s&rsquo;essayer au Live Dealer Baccarat parce que c&rsquo;est amusant et rentable. Gr\u00e2ce \u00e0 l&rsquo;\u00e9quilibre parfaitement construit, vous pouvez essayer toutes les tactiques sans d\u00e9penser beaucoup d&rsquo;argent. Essayez le jeu et vous serez satisfait des comp\u00e9tences et de l&rsquo;argent que vous avez gagn\u00e9s. \u00a0 GUIDE DE JEU DE BACCARAT AVEC CONCESSIONNAIRE EN DIRECT&#8230;<\/p>\n","protected":false},"author":1,"featured_media":0,"parent":3427,"menu_order":0,"comment_status":"closed","ping_status":"closed","template":"","meta":{"_acf_changed":false,"_kad_post_transparent":"default","_kad_post_title":"default","_kad_post_layout":"default","_kad_post_sidebar_id":"","_kad_post_content_style":"default","_kad_post_vertical_padding":"default","_kad_post_feature":"","_kad_post_feature_position":"","_kad_post_header":false,"_kad_post_footer":false,"footnotes":""},"class_list":["post-3590","page","type-page","status-publish","hentry"],"acf":[],"rttpg_featured_image_url":null,"rttpg_author":{"display_name":"John","author_link":"https:\/\/rocketplay-new.com\/fr\/author\/pemvas95n89x\/"},"rttpg_comment":0,"rttpg_category":null,"rttpg_excerpt":"Chaque joueur peut s&rsquo;essayer au Live Dealer Baccarat parce que c&rsquo;est amusant et rentable. Gr\u00e2ce \u00e0 l&rsquo;\u00e9quilibre parfaitement construit, vous pouvez essayer toutes les tactiques sans d\u00e9penser beaucoup d&rsquo;argent. Essayez le jeu et vous serez satisfait des comp\u00e9tences et de l&rsquo;argent que vous avez gagn\u00e9s. \u00a0 GUIDE DE JEU DE BACCARAT AVEC CONCESSIONNAIRE EN DIRECT...","_links":{"self":[{"href":"https:\/\/rocketplay-new.com\/fr\/wp-json\/wp\/v2\/pages\/3590","targetHints":{"allow":["GET"]}}],"collection":[{"href":"https:\/\/rocketplay-new.com\/fr\/wp-json\/wp\/v2\/pages"}],"about":[{"href":"https:\/\/rocketplay-new.com\/fr\/wp-json\/wp\/v2\/types\/page"}],"author":[{"embeddable":true,"href":"https:\/\/rocketplay-new.com\/fr\/wp-json\/wp\/v2\/users\/1"}],"replies":[{"embeddable":true,"href":"https:\/\/rocketplay-new.com\/fr\/wp-json\/wp\/v2\/comments?post=3590"}],"version-history":[{"count":4,"href":"https:\/\/rocketplay-new.com\/fr\/wp-json\/wp\/v2\/pages\/3590\/revisions"}],"predecessor-version":[{"id":5790,"href":"https:\/\/rocketplay-new.com\/fr\/wp-json\/wp\/v2\/pages\/3590\/revisions\/5790"}],"up":[{"embeddable":true,"href":"https:\/\/rocketplay-new.com\/fr\/wp-json\/wp\/v2\/pages\/3427"}],"wp:attachment":[{"href":"https:\/\/rocketplay-new.com\/fr\/wp-json\/wp\/v2\/media?parent=3590"}],"curies":[{"name":"wp","href":"https:\/\/api.w.org\/{rel}","templated":true}]}}