{"id":3535,"date":"2023-01-12T14:36:58","date_gmt":"2023-01-12T11:36:58","guid":{"rendered":"https:\/\/rocketplay-new.com\/live-dealer\/poker\/"},"modified":"2025-11-26T20:05:32","modified_gmt":"2025-11-26T17:05:32","slug":"poker","status":"publish","type":"page","link":"https:\/\/rocketplay-new.com\/fr\/live-dealer\/poker\/","title":{"rendered":"Examen du poker avec croupier en direct sur Rocket Play"},"content":{"rendered":"<p>Tout utilisateur enregistr\u00e9 au casino peut commencer \u00e0 s&rsquo;amuser sur le croupier en direct Poker. C&rsquo;est un passe-temps amusant que tout le monde peut se permettre. Vous aurez \u00e9galement une chance de gagner une grosse somme gr\u00e2ce \u00e0 la formation re\u00e7ue en mode d\u00e9mo. Tentez votre chance d\u00e8s maintenant et nous vous expliquerons les avantages de jouer au casino.<\/p>\n<p><span style=\"font-weight: 400;\">\u00a0<div class=\"go-btn-container\"><div class=\"tosh-btn\"><a href=\"\/go-casino\/\" target=\"_blank\" rel=\"noopener\">JOUEZ MAINTENANT<\/a><\/div><\/div><\/span><\/p>\n<h2>MEILLEURS JEUX DE POKER EN DIRECT<\/h2>\n<p>La meilleure fa\u00e7on de jouer aux sites de poker avec croupier en direct est dans le casino officiel. Cela vous permettra de garantir vos gains et de ne pas vous faire prendre par des tricheurs. Essayez diff\u00e9rentes variantes de jeu, y compris la roulette, le blackjack et le baccarat.<\/p>\n<h2>QU&rsquo;EST-CE QUE LE POKER\u00a0?<\/h2>\n<p>Le poker est un jeu de cartes avec la possibilit\u00e9 de miser de l&rsquo;argent et de gagner. Dans Poker en ligne avec croupier en direct, vous devez combiner vos cartes et les cartes du croupier. Essayez de battre de nombreux utilisateurs et remportez personnellement tous les prix.<\/p>\n<p><img loading=\"lazy\" decoding=\"async\" class=\"aligncenter wp-image-4856\" src=\"https:\/\/rocketplay-new.com\/wp-content\/uploads\/2024\/02\/beautiful-girl-dealer-table-game-poker-dealer-deals-cards-he-is-looking-camera.jpg\" alt=\"Live Dealer Poker Rocket Play\" width=\"800\" height=\"534\" srcset=\"https:\/\/rocketplay-new.com\/wp-content\/uploads\/2024\/02\/beautiful-girl-dealer-table-game-poker-dealer-deals-cards-he-is-looking-camera.jpg 1000w, https:\/\/rocketplay-new.com\/wp-content\/uploads\/2024\/02\/beautiful-girl-dealer-table-game-poker-dealer-deals-cards-he-is-looking-camera-300x200.jpg 300w, https:\/\/rocketplay-new.com\/wp-content\/uploads\/2024\/02\/beautiful-girl-dealer-table-game-poker-dealer-deals-cards-he-is-looking-camera-768x512.jpg 768w\" sizes=\"auto, (max-width: 800px) 100vw, 800px\" \/><\/p>\n<h2>COMMENT GAGNER AU POKER EN LIGNE AVEC CONCESSIONNAIRE EN DIRECT<\/h2>\n<p>La strat\u00e9gie la plus simple \u00e0 utiliser est la r\u00e9duction des risques. Essayez de mettre la mise minimum r\u00e9guli\u00e8rement et abandonnez souvent les cartes. Dans ce cas, vous n&rsquo;aurez pas \u00e0 perdre d&rsquo;argent et vous pourrez choisir le bon moment pour un gain incroyable. Assurez-vous d&rsquo;utiliser tous les avantages possibles pour gagner, ce que vous appr\u00e9cierez.<\/p>\n<p><span style=\"font-weight: 400;\">\u00a0<div class=\"go-btn-container\"><div class=\"tosh-btn\"><a href=\"\/go-casino\/\" target=\"_blank\" rel=\"noopener\">JOUEZ MAINTENANT<\/a><\/div><\/div><\/span><\/p>\n<h2>BONUS DE POKER EN DIRECT<\/h2>\n<p>Dans la plupart des cas, les utilisateurs peuvent obtenir rapidement et efficacement de nombreux excellents bonus sur le meilleur poker avec croupier en direct. Tout cela gr\u00e2ce \u00e0 l&rsquo;administration du casino en ligne, qui essaie d&rsquo;am\u00e9liorer l&rsquo;exp\u00e9rience de jeu de chaque utilisateur. Essayez de r\u00e9cup\u00e9rer votre cadeau et vous serez sur la page des promotions officielles et des offres sp\u00e9ciales.<\/p>\n<p>Parmi les options les plus populaires, citons :<\/p>\n<ul>\n<li>remise en argent. C&rsquo;est l&rsquo;occasion de r\u00e9cup\u00e9rer une partie de l&rsquo;argent d\u00e9pens\u00e9 gr\u00e2ce \u00e0 une promotion sp\u00e9ciale. Vous devrez les reconqu\u00e9rir pour collecter ou continuer \u00e0 parier sur le site Web du casino\u00a0;<\/li>\n<li>une augmentation du d\u00e9p\u00f4t. Une excellente option pour les d\u00e9butants, qui augmentera plusieurs fois votre investissement. Le montant du bonus re\u00e7u devra \u00eatre mis\u00e9 dans le jeu, alors pr\u00e9parez-vous \u00e0 vous amuser\u00a0;<\/li>\n<li>pari gratuit. C&rsquo;est une excellente occasion d&rsquo;am\u00e9liorer vos r\u00e9sultats et de tenter votre chance. Jouez un pari gratuitement, et en cas de gain, prenez tout l&rsquo;argent.<\/li>\n<\/ul>\n<p>Essayez de gagner plusieurs fois plus et g\u00e9rez votre argent correctement. Cela aidera \u00e0 am\u00e9liorer la situation dans le jeu et \u00e0 gagner plusieurs fois plus pour vous-m\u00eame.<\/p>\n<p><img loading=\"lazy\" decoding=\"async\" class=\"aligncenter wp-image-4865\" src=\"https:\/\/rocketplay-new.com\/wp-content\/uploads\/2024\/02\/friends-having-fun-while-playing-poker.jpg\" alt=\"Live Dealer Poker Rocket Play 2\" width=\"800\" height=\"534\" srcset=\"https:\/\/rocketplay-new.com\/wp-content\/uploads\/2024\/02\/friends-having-fun-while-playing-poker.jpg 1000w, https:\/\/rocketplay-new.com\/wp-content\/uploads\/2024\/02\/friends-having-fun-while-playing-poker-300x200.jpg 300w, https:\/\/rocketplay-new.com\/wp-content\/uploads\/2024\/02\/friends-having-fun-while-playing-poker-768x513.jpg 768w\" sizes=\"auto, (max-width: 800px) 100vw, 800px\" \/><\/p>\n<h2>FAQ sur le poker avec croupiers en direct<\/h2>\n<p>Nous vous recommandons de lire les r\u00e9ponses populaires aux questions des d\u00e9butants. Cela vous permettra de ne pas perdre de temps en formation et de commencer \u00e0 gagner activement imm\u00e9diatement. Essayez d&rsquo;apprendre de nouvelles informations utiles.<\/p>\n<h3>O\u00d9 PUIS-JE TROUVER UN BON REVENDEUR\u00a0?<\/h3>\n<p>Nous vous recommandons d&rsquo;essayer diff\u00e9rentes tables de poker avec croupier en direct, chacune avec son croupier. Gr\u00e2ce \u00e0 cela, vous pourrez commencer \u00e0 encaisser beaucoup plus efficacement car vous commencerez \u00e0 aimer davantage le jeu lui-m\u00eame. Vous pourrez \u00e9galement apprendre diff\u00e9rents styles de f\u00eate, ce qui vous donnera des avantages \u00e0 long terme.<\/p>\n<h3>COMBIEN D&rsquo;ARGENT AVEZ-VOUS BESOIN DE TROUVER POUR JOUER AU JEU\u00a0?<\/h3>\n<p>Les experts recommandent d&rsquo;avoir au moins 15 \u00e0 20 dollars pour faire quelques paris minimum et comprendre l&rsquo;essence du divertissement. Cela vous permettra d&rsquo;apprendre beaucoup plus facilement \u00e0 vous amuser et \u00e0 vous amuser. Vous pouvez \u00e9galement augmenter vos revenus si vous g\u00e9rez correctement votre capital et faites les bons paris.<\/p>\n<h3>PUIS-JE UTILISER DES TACTIQUES INHABITUELLES\u00a0?<\/h3>\n<p>Chaque utilisateur enregistr\u00e9 a le droit de d\u00e9velopper sa strat\u00e9gie, ce qui au final, permettra de gagner plusieurs fois plus que d&rsquo;habitude. L&rsquo;essentiel est d&rsquo;apprendre \u00e0 utiliser le mode d\u00e9mo, qui donne le droit de faire des erreurs et n&rsquo;enl\u00e8ve pas la caution en cas de perte. Essayez diff\u00e9rentes variantes du jeu et vous \u00eates assur\u00e9 de trouver celle qui vous convient le mieux.<\/p>\n","protected":false},"excerpt":{"rendered":"<p>Tout utilisateur enregistr\u00e9 au casino peut commencer \u00e0 s&rsquo;amuser sur le croupier en direct Poker. C&rsquo;est un passe-temps amusant que tout le monde peut se permettre. Vous aurez \u00e9galement une chance de gagner une grosse somme gr\u00e2ce \u00e0 la formation re\u00e7ue en mode d\u00e9mo. Tentez votre chance d\u00e8s maintenant et nous vous expliquerons les avantages&#8230;<\/p>\n","protected":false},"author":1,"featured_media":0,"parent":3427,"menu_order":0,"comment_status":"closed","ping_status":"closed","template":"","meta":{"_acf_changed":false,"_kad_post_transparent":"default","_kad_post_title":"default","_kad_post_layout":"default","_kad_post_sidebar_id":"","_kad_post_content_style":"default","_kad_post_vertical_padding":"default","_kad_post_feature":"","_kad_post_feature_position":"","_kad_post_header":false,"_kad_post_footer":false,"footnotes":""},"class_list":["post-3535","page","type-page","status-publish","hentry"],"acf":[],"rttpg_featured_image_url":null,"rttpg_author":{"display_name":"John","author_link":"https:\/\/rocketplay-new.com\/fr\/author\/pemvas95n89x\/"},"rttpg_comment":0,"rttpg_category":null,"rttpg_excerpt":"Tout utilisateur enregistr\u00e9 au casino peut commencer \u00e0 s&rsquo;amuser sur le croupier en direct Poker. C&rsquo;est un passe-temps amusant que tout le monde peut se permettre. Vous aurez \u00e9galement une chance de gagner une grosse somme gr\u00e2ce \u00e0 la formation re\u00e7ue en mode d\u00e9mo. Tentez votre chance d\u00e8s maintenant et nous vous expliquerons les avantages...","_links":{"self":[{"href":"https:\/\/rocketplay-new.com\/fr\/wp-json\/wp\/v2\/pages\/3535","targetHints":{"allow":["GET"]}}],"collection":[{"href":"https:\/\/rocketplay-new.com\/fr\/wp-json\/wp\/v2\/pages"}],"about":[{"href":"https:\/\/rocketplay-new.com\/fr\/wp-json\/wp\/v2\/types\/page"}],"author":[{"embeddable":true,"href":"https:\/\/rocketplay-new.com\/fr\/wp-json\/wp\/v2\/users\/1"}],"replies":[{"embeddable":true,"href":"https:\/\/rocketplay-new.com\/fr\/wp-json\/wp\/v2\/comments?post=3535"}],"version-history":[{"count":4,"href":"https:\/\/rocketplay-new.com\/fr\/wp-json\/wp\/v2\/pages\/3535\/revisions"}],"predecessor-version":[{"id":5808,"href":"https:\/\/rocketplay-new.com\/fr\/wp-json\/wp\/v2\/pages\/3535\/revisions\/5808"}],"up":[{"embeddable":true,"href":"https:\/\/rocketplay-new.com\/fr\/wp-json\/wp\/v2\/pages\/3427"}],"wp:attachment":[{"href":"https:\/\/rocketplay-new.com\/fr\/wp-json\/wp\/v2\/media?parent=3535"}],"curies":[{"name":"wp","href":"https:\/\/api.w.org\/{rel}","templated":true}]}}